{"id":36271,"date":"2021-05-07T10:31:29","date_gmt":"2021-05-07T07:31:29","guid":{"rendered":"https:\/\/muumimukitrahaksi.fi\/?post_type=product&#038;p=36271"},"modified":"2023-09-25T15:42:45","modified_gmt":"2023-09-25T12:42:45","slug":"muumimuki-muurla-norja-summer-250ml-2020","status":"publish","type":"product","link":"https:\/\/muumimukitrahaksi.fi\/en\/product\/muumimuki-muurla-norja-summer-250ml-2020\/","title":{"rendered":"Muumimuki Muurla Norja Summer 250ml (2020-)"},"content":{"rendered":"<p style=\"text-align: center;\"><strong>\u2022 Kuntotarkastetut tuotteet \u2022 My\u00f6s lasku\/osamaksu \u2022 Moomin Characters Oy lisenssinhaltija<\/strong><\/p>\n<p>Muurlan muumimuki Norja Summer on myynniss\u00e4 vain Norjassa. T\u00e4m\u00e4 muki on tilavuudeltaan 2,5dl, Norjassa myyt\u00e4v\u00e4 Winter-talvimuki on puolestaan 3,7dl kokoinen.<\/p>\n<p>Muurlan hiiliter\u00e4ksest\u00e4 valmistettujen muumimukien pinnassa on kaksinkertainen emalointi. Ruokap\u00f6yd\u00e4n lis\u00e4ksi n\u00e4m\u00e4 mukit soveltuvat oivasti my\u00f6s ulkok\u00e4ytt\u00f6\u00f6n. Mukit ovat mit\u00e4 mainioimpia retkeilymukeja, niiden keveyden ja kest\u00e4vyyden johdosta. Normaalikokoisten Muurlan emalimukien tilavuus on 3,7dl, mutta Muurlan muumimukeista my\u00f6s pienempi\u00e4 ja suurempia versioita. Muurlan muumimukit ovat valmistettu k\u00e4sity\u00f6n\u00e4, joten niiden ulkon\u00e4k\u00f6 vaihtelee hieman yksil\u00f6itt\u00e4in.<\/p>\n<p>Muurlan muumimukit voi pest\u00e4 astianpesukoneessa, mutta niit\u00e4 ei voi laittaa mikroaaltouuniin.<\/p>\n<p>Kurkkaa my\u00f6s muut Muurlan emalimukit <a href=\"https:\/\/muumimukitrahaksi.fi\/tuote-avainsana\/muurla\/\">t\u00e4st\u00e4<\/a>.<\/p>\n","protected":false},"excerpt":{"rendered":"<p style=\"text-align: center;\"><strong>\u2022 Nopea toimitus 1-7 vrk \u2022 Ehj\u00e4n\u00e4 perille<\/strong><\/p>\n<p>Myynniss\u00e4 Muurlan muumimuki Norja Summer 250ml. Muki on todella hyv\u00e4ss\u00e4 kunnossa. Mukin tilavuus on 2,5 dl. Toimitettaessa muki pakataan huolellisesti uusiutuvia pakkausmateriaaleja k\u00e4ytt\u00e4en.<\/p>\n<p style=\"text-align: center;\"><strong>\u2022 Laajat maksutavat<\/strong><\/p>\n<p><img loading=\"lazy\" decoding=\"async\" class=\"alignnone size-full wp-image-20757 aligncenter\" src=\"https:\/\/muumimukitrahaksi.fi\/wp-content\/uploads\/2020\/06\/maksutavat-2026-pieni.png\" alt=\"muumimukit rahaksi\" width=\"350\" height=\"200\" \/><\/p>\n","protected":false},"featured_media":0,"template":"","meta":[],"product_brand":[],"product_cat":[8,388],"product_tag":[374,369],"class_list":{"0":"post-36271","1":"product","2":"type-product","3":"status-publish","5":"product_cat-mukit","6":"product_cat-muurla-mukit","7":"product_tag-emalimuki","8":"product_tag-muurla","10":"first","11":"outofstock","12":"taxable","13":"shipping-taxable","14":"purchasable","15":"product-type-simple"},"yoast_head":"<!-- This site is optimized with the Yoast SEO plugin v27.1.1 - https:\/\/yoast.com\/product\/yoast-seo-wordpress\/ -->\n<title>Muumimuki Muurla Norja Summer 250ml (2020-) - Muumimukit Rahaksi<\/title>\n<meta name=\"description\" content=\"Myynniss\u00e4 Muurlan muumimuki Norja Summer 250ml. Muki on todella hyv\u00e4ss\u00e4 kunnossa. Mukin tilavuus on 2,5 dl.\" \/>\n<meta name=\"robots\" content=\"index, follow, max-snippet:-1, max-image-preview:large, max-video-preview:-1\" \/>\n<link rel=\"canonical\" href=\"https:\/\/muumimukitrahaksi.fi\/tuote\/muumimuki-muurla-norja-summer-250ml-2020\/\" \/>\n<meta property=\"og:locale\" content=\"en_US\" \/>\n<meta property=\"og:type\" content=\"article\" \/>\n<meta property=\"og:title\" content=\"Muumimuki Muurla Norja Summer 250ml (2020-) - Muumimukit Rahaksi\" \/>\n<meta property=\"og:description\" content=\"Myynniss\u00e4 Muurlan muumimuki Norja Summer 250ml. Muki on todella hyv\u00e4ss\u00e4 kunnossa. Mukin tilavuus on 2,5 dl.\" \/>\n<meta property=\"og:url\" content=\"https:\/\/muumimukitrahaksi.fi\/tuote\/muumimuki-muurla-norja-summer-250ml-2020\/\" \/>\n<meta property=\"og:site_name\" content=\"Muumimukit Rahaksi\" \/>\n<meta property=\"article:publisher\" content=\"https:\/\/www.facebook.com\/muumimukitrahaksi\/\" \/>\n<meta property=\"article:modified_time\" content=\"2023-09-25T12:42:45+00:00\" \/>\n<meta property=\"og:image\" content=\"https:\/\/muumimukitrahaksi.fi\/wp-content\/uploads\/2026\/01\/googleprofiili_tekstijalogo.jpg\" \/>\n\t<meta property=\"og:image:width\" content=\"720\" \/>\n\t<meta property=\"og:image:height\" content=\"720\" \/>\n\t<meta property=\"og:image:type\" content=\"image\/jpeg\" \/>\n<meta name=\"twitter:card\" content=\"summary_large_image\" \/>\n<meta name=\"twitter:site\" content=\"@MuumitRahaksi\" \/>\n<meta name=\"twitter:label1\" content=\"Est. reading time\" \/>\n\t<meta name=\"twitter:data1\" content=\"1 minute\" \/>\n<script type=\"application\/ld+json\" class=\"yoast-schema-graph\">{\"@context\":\"https:\/\/schema.org\",\"@graph\":[{\"@type\":\"WebPage\",\"@id\":\"https:\/\/muumimukitrahaksi.fi\/tuote\/muumimuki-muurla-norja-summer-250ml-2020\/\",\"url\":\"https:\/\/muumimukitrahaksi.fi\/tuote\/muumimuki-muurla-norja-summer-250ml-2020\/\",\"name\":\"Muumimuki Muurla Norja Summer 250ml (2020-) - Muumimukit Rahaksi\",\"isPartOf\":{\"@id\":\"https:\/\/muumimukitrahaksi.fi\/#website\"},\"datePublished\":\"2021-05-07T07:31:29+00:00\",\"dateModified\":\"2023-09-25T12:42:45+00:00\",\"description\":\"Myynniss\u00e4 Muurlan muumimuki Norja Summer 250ml. Muki on todella hyv\u00e4ss\u00e4 kunnossa. Mukin tilavuus on 2,5 dl.\",\"breadcrumb\":{\"@id\":\"https:\/\/muumimukitrahaksi.fi\/tuote\/muumimuki-muurla-norja-summer-250ml-2020\/#breadcrumb\"},\"inLanguage\":\"en-US\",\"potentialAction\":[{\"@type\":\"ReadAction\",\"target\":[\"https:\/\/muumimukitrahaksi.fi\/tuote\/muumimuki-muurla-norja-summer-250ml-2020\/\"]}]},{\"@type\":\"BreadcrumbList\",\"@id\":\"https:\/\/muumimukitrahaksi.fi\/tuote\/muumimuki-muurla-norja-summer-250ml-2020\/#breadcrumb\",\"itemListElement\":[{\"@type\":\"ListItem\",\"position\":1,\"name\":\"Etusivu\",\"item\":\"https:\/\/muumimukitrahaksi.fi\/en\/\"},{\"@type\":\"ListItem\",\"position\":2,\"name\":\"Shop\",\"item\":\"https:\/\/muumimukitrahaksi.fi\/en\/shop\/\"},{\"@type\":\"ListItem\",\"position\":3,\"name\":\"Muumimuki Muurla Norja Summer 250ml (2020-)\"}]},{\"@type\":\"WebSite\",\"@id\":\"https:\/\/muumimukitrahaksi.fi\/#website\",\"url\":\"https:\/\/muumimukitrahaksi.fi\/\",\"name\":\"Muumimukit Rahaksi\",\"description\":\"Muumimukeja, -kulhoja ja -lautasia ker\u00e4ilij\u00f6ille!\",\"publisher\":{\"@id\":\"https:\/\/muumimukitrahaksi.fi\/#organization\"},\"potentialAction\":[{\"@type\":\"SearchAction\",\"target\":{\"@type\":\"EntryPoint\",\"urlTemplate\":\"https:\/\/muumimukitrahaksi.fi\/?s={search_term_string}\"},\"query-input\":{\"@type\":\"PropertyValueSpecification\",\"valueRequired\":true,\"valueName\":\"search_term_string\"}}],\"inLanguage\":\"en-US\"},{\"@type\":\"Organization\",\"@id\":\"https:\/\/muumimukitrahaksi.fi\/#organization\",\"name\":\"Muumimukit Rahaksi\",\"url\":\"https:\/\/muumimukitrahaksi.fi\/\",\"logo\":{\"@type\":\"ImageObject\",\"inLanguage\":\"en-US\",\"@id\":\"https:\/\/muumimukitrahaksi.fi\/#\/schema\/logo\/image\/\",\"url\":\"https:\/\/muumimukitrahaksi.fi\/wp-content\/uploads\/2017\/09\/logooo.jpg\",\"contentUrl\":\"https:\/\/muumimukitrahaksi.fi\/wp-content\/uploads\/2017\/09\/logooo.jpg\",\"width\":514,\"height\":514,\"caption\":\"Muumimukit Rahaksi\"},\"image\":{\"@id\":\"https:\/\/muumimukitrahaksi.fi\/#\/schema\/logo\/image\/\"},\"sameAs\":[\"https:\/\/www.facebook.com\/muumimukitrahaksi\/\",\"https:\/\/x.com\/MuumitRahaksi\",\"https:\/\/www.instagram.com\/muumimukitrahaksi\/\"]}]}<\/script>\n<!-- \/ Yoast SEO plugin. -->","yoast_head_json":{"title":"Muumimuki Muurla Norja Summer 250ml (2020-) - Muumimukit Rahaksi","description":"Myynniss\u00e4 Muurlan muumimuki Norja Summer 250ml. Muki on todella hyv\u00e4ss\u00e4 kunnossa. Mukin tilavuus on 2,5 dl.","robots":{"index":"index","follow":"follow","max-snippet":"max-snippet:-1","max-image-preview":"max-image-preview:large","max-video-preview":"max-video-preview:-1"},"canonical":"https:\/\/muumimukitrahaksi.fi\/tuote\/muumimuki-muurla-norja-summer-250ml-2020\/","og_locale":"en_US","og_type":"article","og_title":"Muumimuki Muurla Norja Summer 250ml (2020-) - Muumimukit Rahaksi","og_description":"Myynniss\u00e4 Muurlan muumimuki Norja Summer 250ml. Muki on todella hyv\u00e4ss\u00e4 kunnossa. Mukin tilavuus on 2,5 dl.","og_url":"https:\/\/muumimukitrahaksi.fi\/tuote\/muumimuki-muurla-norja-summer-250ml-2020\/","og_site_name":"Muumimukit Rahaksi","article_publisher":"https:\/\/www.facebook.com\/muumimukitrahaksi\/","article_modified_time":"2023-09-25T12:42:45+00:00","og_image":[{"width":720,"height":720,"url":"https:\/\/muumimukitrahaksi.fi\/wp-content\/uploads\/2026\/01\/googleprofiili_tekstijalogo.jpg","type":"image\/jpeg"}],"twitter_card":"summary_large_image","twitter_site":"@MuumitRahaksi","twitter_misc":{"Est. reading time":"1 minute"},"schema":{"@context":"https:\/\/schema.org","@graph":[{"@type":"WebPage","@id":"https:\/\/muumimukitrahaksi.fi\/tuote\/muumimuki-muurla-norja-summer-250ml-2020\/","url":"https:\/\/muumimukitrahaksi.fi\/tuote\/muumimuki-muurla-norja-summer-250ml-2020\/","name":"Muumimuki Muurla Norja Summer 250ml (2020-) - Muumimukit Rahaksi","isPartOf":{"@id":"https:\/\/muumimukitrahaksi.fi\/#website"},"datePublished":"2021-05-07T07:31:29+00:00","dateModified":"2023-09-25T12:42:45+00:00","description":"Myynniss\u00e4 Muurlan muumimuki Norja Summer 250ml. Muki on todella hyv\u00e4ss\u00e4 kunnossa. Mukin tilavuus on 2,5 dl.","breadcrumb":{"@id":"https:\/\/muumimukitrahaksi.fi\/tuote\/muumimuki-muurla-norja-summer-250ml-2020\/#breadcrumb"},"inLanguage":"en-US","potentialAction":[{"@type":"ReadAction","target":["https:\/\/muumimukitrahaksi.fi\/tuote\/muumimuki-muurla-norja-summer-250ml-2020\/"]}]},{"@type":"BreadcrumbList","@id":"https:\/\/muumimukitrahaksi.fi\/tuote\/muumimuki-muurla-norja-summer-250ml-2020\/#breadcrumb","itemListElement":[{"@type":"ListItem","position":1,"name":"Etusivu","item":"https:\/\/muumimukitrahaksi.fi\/en\/"},{"@type":"ListItem","position":2,"name":"Shop","item":"https:\/\/muumimukitrahaksi.fi\/en\/shop\/"},{"@type":"ListItem","position":3,"name":"Muumimuki Muurla Norja Summer 250ml (2020-)"}]},{"@type":"WebSite","@id":"https:\/\/muumimukitrahaksi.fi\/#website","url":"https:\/\/muumimukitrahaksi.fi\/","name":"Muumimukit Rahaksi","description":"Muumimukeja, -kulhoja ja -lautasia ker\u00e4ilij\u00f6ille!","publisher":{"@id":"https:\/\/muumimukitrahaksi.fi\/#organization"},"potentialAction":[{"@type":"SearchAction","target":{"@type":"EntryPoint","urlTemplate":"https:\/\/muumimukitrahaksi.fi\/?s={search_term_string}"},"query-input":{"@type":"PropertyValueSpecification","valueRequired":true,"valueName":"search_term_string"}}],"inLanguage":"en-US"},{"@type":"Organization","@id":"https:\/\/muumimukitrahaksi.fi\/#organization","name":"Muumimukit Rahaksi","url":"https:\/\/muumimukitrahaksi.fi\/","logo":{"@type":"ImageObject","inLanguage":"en-US","@id":"https:\/\/muumimukitrahaksi.fi\/#\/schema\/logo\/image\/","url":"https:\/\/muumimukitrahaksi.fi\/wp-content\/uploads\/2017\/09\/logooo.jpg","contentUrl":"https:\/\/muumimukitrahaksi.fi\/wp-content\/uploads\/2017\/09\/logooo.jpg","width":514,"height":514,"caption":"Muumimukit Rahaksi"},"image":{"@id":"https:\/\/muumimukitrahaksi.fi\/#\/schema\/logo\/image\/"},"sameAs":["https:\/\/www.facebook.com\/muumimukitrahaksi\/","https:\/\/x.com\/MuumitRahaksi","https:\/\/www.instagram.com\/muumimukitrahaksi\/"]}]}},"_links":{"self":[{"href":"https:\/\/muumimukitrahaksi.fi\/en\/wp-json\/wp\/v2\/product\/36271","targetHints":{"allow":["GET"]}}],"collection":[{"href":"https:\/\/muumimukitrahaksi.fi\/en\/wp-json\/wp\/v2\/product"}],"about":[{"href":"https:\/\/muumimukitrahaksi.fi\/en\/wp-json\/wp\/v2\/types\/product"}],"wp:attachment":[{"href":"https:\/\/muumimukitrahaksi.fi\/en\/wp-json\/wp\/v2\/media?parent=36271"}],"wp:term":[{"taxonomy":"product_brand","embeddable":true,"href":"https:\/\/muumimukitrahaksi.fi\/en\/wp-json\/wp\/v2\/product_brand?post=36271"},{"taxonomy":"product_cat","embeddable":true,"href":"https:\/\/muumimukitrahaksi.fi\/en\/wp-json\/wp\/v2\/product_cat?post=36271"},{"taxonomy":"product_tag","embeddable":true,"href":"https:\/\/muumimukitrahaksi.fi\/en\/wp-json\/wp\/v2\/product_tag?post=36271"}],"curies":[{"name":"wp","href":"https:\/\/api.w.org\/{rel}","templated":true}]}}