{"id":82816,"date":"2023-04-26T13:28:27","date_gmt":"2023-04-26T10:28:27","guid":{"rendered":"https:\/\/muumimukitrahaksi.fi\/tuote\/moomin-boys-door-sign-1993-1997\/"},"modified":"2024-02-12T06:35:17","modified_gmt":"2024-02-12T04:35:17","slug":"moomin-boys-door-sign-1993-1997","status":"publish","type":"product","link":"https:\/\/muumimukitrahaksi.fi\/en\/product\/moomin-boys-door-sign-1993-1997\/","title":{"rendered":"Moomin Boy&#8217;s Door Sign (1993\u20131997)"},"content":{"rendered":"<p style=\"text-align: center;\"><strong>\u2022 Official Moomin Characters licensee \u2022 Each product is individually inspected<\/strong><\/p>\n<p>Moomin Boy&#8217;s Door Sign was made by Arabia in the 90&#8217;s. The door sign has a &#8220;T\u00e4\u00e4ll\u00e4 asuu&#8221; text in Finnish which translates into &#8220;Here lives&#8221;. The illustration is based on Tove Jansson&#8217;s original drawings. The graphic designer Tove Slotte is also behind most Moomin mug designs. The height of the door sign is around 12,5 cm and width around 8 cm.<\/p>\n<p>Check out the Moomin Girl&#8217;s Door Sign <a href=\"https:\/\/muumimukitrahaksi.fi\/en\/product\/moomin-girls-door-sign-1993-1997\/\">here<\/a>.<\/p>\n","protected":false},"excerpt":{"rendered":"<p style=\"text-align: center;\"><strong>\u2022 Worldwide shipping \u2022 Fast delivery<\/strong><\/p>\n<p>Arabia&#8217;s discontinued Moomin Boy&#8217;s Door Sign. The door sign is in good condition. There can be some surface scratches or white dots on the glazing. On the other side of the door sign is an Arabia stamp. The style of the stamp might vary. The door sign will be packed with care when shipping, using renewable materials.<\/p>\n<p style=\"text-align: center;\"><strong>\u2022 Secure payments<\/strong><\/p>\n<p><img loading=\"lazy\" decoding=\"async\" class=\"aligncenter wp-image-20415 size-full\" src=\"https:\/\/muumimukitrahaksi.fi\/wp-content\/uploads\/2020\/06\/payment-options.png\" alt=\"Payment options\" width=\"350\" height=\"200\" \/><\/p>\n","protected":false},"featured_media":60974,"template":"","meta":[],"product_brand":[],"product_cat":[194,451,454],"product_tag":[245],"class_list":{"0":"post-82816","1":"product","2":"type-product","3":"status-publish","4":"has-post-thumbnail","6":"product_cat-others","7":"product_cat-others-en","8":"product_cat-wall-tiles","9":"product_tag-wall-plate","11":"first","12":"instock","13":"taxable","14":"shipping-taxable","15":"purchasable","16":"product-type-simple"},"yoast_head":"<!-- This site is optimized with the Yoast SEO plugin v27.1.1 - https:\/\/yoast.com\/product\/yoast-seo-wordpress\/ -->\n<title>Moomin Boy&#039;s Door Sign (1993\u20131997) - Muumimukit Rahaksi<\/title>\n<meta name=\"description\" content=\"Arabia&#039;s discontinued Moomin Boy&#039;s Door Sign. The door sign is in good condition.\" \/>\n<meta name=\"robots\" content=\"index, follow, max-snippet:-1, max-image-preview:large, max-video-preview:-1\" \/>\n<link rel=\"canonical\" href=\"https:\/\/muumimukitrahaksi.fi\/en\/product\/moomin-boys-door-sign-1993-1997\/\" \/>\n<meta property=\"og:locale\" content=\"en_US\" \/>\n<meta property=\"og:type\" content=\"article\" \/>\n<meta property=\"og:title\" content=\"Moomin Boy&#039;s Door Sign (1993\u20131997) - Muumimukit Rahaksi\" \/>\n<meta property=\"og:description\" content=\"Arabia&#039;s discontinued Moomin Boy&#039;s Door Sign. The door sign is in good condition.\" \/>\n<meta property=\"og:url\" content=\"https:\/\/muumimukitrahaksi.fi\/en\/product\/moomin-boys-door-sign-1993-1997\/\" \/>\n<meta property=\"og:site_name\" content=\"Muumimukit Rahaksi\" \/>\n<meta property=\"article:publisher\" content=\"https:\/\/www.facebook.com\/muumimukitrahaksi\/\" \/>\n<meta property=\"article:modified_time\" content=\"2024-02-12T04:35:17+00:00\" \/>\n<meta property=\"og:image\" content=\"https:\/\/muumimukitrahaksi.fi\/wp-content\/uploads\/2022\/08\/DSC00124.jpg\" \/>\n\t<meta property=\"og:image:width\" content=\"1000\" \/>\n\t<meta property=\"og:image:height\" content=\"1000\" \/>\n\t<meta property=\"og:image:type\" content=\"image\/jpeg\" \/>\n<meta name=\"twitter:card\" content=\"summary_large_image\" \/>\n<meta name=\"twitter:site\" content=\"@MuumitRahaksi\" \/>\n<script type=\"application\/ld+json\" class=\"yoast-schema-graph\">{\"@context\":\"https:\/\/schema.org\",\"@graph\":[{\"@type\":\"WebPage\",\"@id\":\"https:\/\/muumimukitrahaksi.fi\/en\/product\/moomin-boys-door-sign-1993-1997\/\",\"url\":\"https:\/\/muumimukitrahaksi.fi\/en\/product\/moomin-boys-door-sign-1993-1997\/\",\"name\":\"Moomin Boy's Door Sign (1993\u20131997) - Muumimukit Rahaksi\",\"isPartOf\":{\"@id\":\"https:\/\/muumimukitrahaksi.fi\/#website\"},\"primaryImageOfPage\":{\"@id\":\"https:\/\/muumimukitrahaksi.fi\/en\/product\/moomin-boys-door-sign-1993-1997\/#primaryimage\"},\"image\":{\"@id\":\"https:\/\/muumimukitrahaksi.fi\/en\/product\/moomin-boys-door-sign-1993-1997\/#primaryimage\"},\"thumbnailUrl\":\"https:\/\/muumimukitrahaksi.fi\/wp-content\/uploads\/2022\/08\/DSC00124.jpg\",\"datePublished\":\"2023-04-26T10:28:27+00:00\",\"dateModified\":\"2024-02-12T04:35:17+00:00\",\"description\":\"Arabia's discontinued Moomin Boy's Door Sign. The door sign is in good condition.\",\"breadcrumb\":{\"@id\":\"https:\/\/muumimukitrahaksi.fi\/en\/product\/moomin-boys-door-sign-1993-1997\/#breadcrumb\"},\"inLanguage\":\"en-US\",\"potentialAction\":[{\"@type\":\"ReadAction\",\"target\":[\"https:\/\/muumimukitrahaksi.fi\/en\/product\/moomin-boys-door-sign-1993-1997\/\"]}]},{\"@type\":\"ImageObject\",\"inLanguage\":\"en-US\",\"@id\":\"https:\/\/muumimukitrahaksi.fi\/en\/product\/moomin-boys-door-sign-1993-1997\/#primaryimage\",\"url\":\"https:\/\/muumimukitrahaksi.fi\/wp-content\/uploads\/2022\/08\/DSC00124.jpg\",\"contentUrl\":\"https:\/\/muumimukitrahaksi.fi\/wp-content\/uploads\/2022\/08\/DSC00124.jpg\",\"width\":1000,\"height\":1000,\"caption\":\"Moomin Boy's Door Sign\"},{\"@type\":\"BreadcrumbList\",\"@id\":\"https:\/\/muumimukitrahaksi.fi\/en\/product\/moomin-boys-door-sign-1993-1997\/#breadcrumb\",\"itemListElement\":[{\"@type\":\"ListItem\",\"position\":1,\"name\":\"Etusivu\",\"item\":\"https:\/\/muumimukitrahaksi.fi\/en\/\"},{\"@type\":\"ListItem\",\"position\":2,\"name\":\"Shop\",\"item\":\"https:\/\/muumimukitrahaksi.fi\/en\/shop\/\"},{\"@type\":\"ListItem\",\"position\":3,\"name\":\"Moomin Boy&#8217;s Door Sign (1993\u20131997)\"}]},{\"@type\":\"WebSite\",\"@id\":\"https:\/\/muumimukitrahaksi.fi\/#website\",\"url\":\"https:\/\/muumimukitrahaksi.fi\/\",\"name\":\"Muumimukit Rahaksi\",\"description\":\"Muumimukeja, -kulhoja ja -lautasia ker\u00e4ilij\u00f6ille!\",\"publisher\":{\"@id\":\"https:\/\/muumimukitrahaksi.fi\/#organization\"},\"potentialAction\":[{\"@type\":\"SearchAction\",\"target\":{\"@type\":\"EntryPoint\",\"urlTemplate\":\"https:\/\/muumimukitrahaksi.fi\/?s={search_term_string}\"},\"query-input\":{\"@type\":\"PropertyValueSpecification\",\"valueRequired\":true,\"valueName\":\"search_term_string\"}}],\"inLanguage\":\"en-US\"},{\"@type\":\"Organization\",\"@id\":\"https:\/\/muumimukitrahaksi.fi\/#organization\",\"name\":\"Muumimukit Rahaksi\",\"url\":\"https:\/\/muumimukitrahaksi.fi\/\",\"logo\":{\"@type\":\"ImageObject\",\"inLanguage\":\"en-US\",\"@id\":\"https:\/\/muumimukitrahaksi.fi\/#\/schema\/logo\/image\/\",\"url\":\"https:\/\/muumimukitrahaksi.fi\/wp-content\/uploads\/2017\/09\/logooo.jpg\",\"contentUrl\":\"https:\/\/muumimukitrahaksi.fi\/wp-content\/uploads\/2017\/09\/logooo.jpg\",\"width\":514,\"height\":514,\"caption\":\"Muumimukit Rahaksi\"},\"image\":{\"@id\":\"https:\/\/muumimukitrahaksi.fi\/#\/schema\/logo\/image\/\"},\"sameAs\":[\"https:\/\/www.facebook.com\/muumimukitrahaksi\/\",\"https:\/\/x.com\/MuumitRahaksi\",\"https:\/\/www.instagram.com\/muumimukitrahaksi\/\"]}]}<\/script>\n<!-- \/ Yoast SEO plugin. -->","yoast_head_json":{"title":"Moomin Boy's Door Sign (1993\u20131997) - Muumimukit Rahaksi","description":"Arabia's discontinued Moomin Boy's Door Sign. The door sign is in good condition.","robots":{"index":"index","follow":"follow","max-snippet":"max-snippet:-1","max-image-preview":"max-image-preview:large","max-video-preview":"max-video-preview:-1"},"canonical":"https:\/\/muumimukitrahaksi.fi\/en\/product\/moomin-boys-door-sign-1993-1997\/","og_locale":"en_US","og_type":"article","og_title":"Moomin Boy's Door Sign (1993\u20131997) - Muumimukit Rahaksi","og_description":"Arabia's discontinued Moomin Boy's Door Sign. The door sign is in good condition.","og_url":"https:\/\/muumimukitrahaksi.fi\/en\/product\/moomin-boys-door-sign-1993-1997\/","og_site_name":"Muumimukit Rahaksi","article_publisher":"https:\/\/www.facebook.com\/muumimukitrahaksi\/","article_modified_time":"2024-02-12T04:35:17+00:00","og_image":[{"width":1000,"height":1000,"url":"https:\/\/muumimukitrahaksi.fi\/wp-content\/uploads\/2022\/08\/DSC00124.jpg","type":"image\/jpeg"}],"twitter_card":"summary_large_image","twitter_site":"@MuumitRahaksi","schema":{"@context":"https:\/\/schema.org","@graph":[{"@type":"WebPage","@id":"https:\/\/muumimukitrahaksi.fi\/en\/product\/moomin-boys-door-sign-1993-1997\/","url":"https:\/\/muumimukitrahaksi.fi\/en\/product\/moomin-boys-door-sign-1993-1997\/","name":"Moomin Boy's Door Sign (1993\u20131997) - Muumimukit Rahaksi","isPartOf":{"@id":"https:\/\/muumimukitrahaksi.fi\/#website"},"primaryImageOfPage":{"@id":"https:\/\/muumimukitrahaksi.fi\/en\/product\/moomin-boys-door-sign-1993-1997\/#primaryimage"},"image":{"@id":"https:\/\/muumimukitrahaksi.fi\/en\/product\/moomin-boys-door-sign-1993-1997\/#primaryimage"},"thumbnailUrl":"https:\/\/muumimukitrahaksi.fi\/wp-content\/uploads\/2022\/08\/DSC00124.jpg","datePublished":"2023-04-26T10:28:27+00:00","dateModified":"2024-02-12T04:35:17+00:00","description":"Arabia's discontinued Moomin Boy's Door Sign. The door sign is in good condition.","breadcrumb":{"@id":"https:\/\/muumimukitrahaksi.fi\/en\/product\/moomin-boys-door-sign-1993-1997\/#breadcrumb"},"inLanguage":"en-US","potentialAction":[{"@type":"ReadAction","target":["https:\/\/muumimukitrahaksi.fi\/en\/product\/moomin-boys-door-sign-1993-1997\/"]}]},{"@type":"ImageObject","inLanguage":"en-US","@id":"https:\/\/muumimukitrahaksi.fi\/en\/product\/moomin-boys-door-sign-1993-1997\/#primaryimage","url":"https:\/\/muumimukitrahaksi.fi\/wp-content\/uploads\/2022\/08\/DSC00124.jpg","contentUrl":"https:\/\/muumimukitrahaksi.fi\/wp-content\/uploads\/2022\/08\/DSC00124.jpg","width":1000,"height":1000,"caption":"Moomin Boy's Door Sign"},{"@type":"BreadcrumbList","@id":"https:\/\/muumimukitrahaksi.fi\/en\/product\/moomin-boys-door-sign-1993-1997\/#breadcrumb","itemListElement":[{"@type":"ListItem","position":1,"name":"Etusivu","item":"https:\/\/muumimukitrahaksi.fi\/en\/"},{"@type":"ListItem","position":2,"name":"Shop","item":"https:\/\/muumimukitrahaksi.fi\/en\/shop\/"},{"@type":"ListItem","position":3,"name":"Moomin Boy&#8217;s Door Sign (1993\u20131997)"}]},{"@type":"WebSite","@id":"https:\/\/muumimukitrahaksi.fi\/#website","url":"https:\/\/muumimukitrahaksi.fi\/","name":"Muumimukit Rahaksi","description":"Muumimukeja, -kulhoja ja -lautasia ker\u00e4ilij\u00f6ille!","publisher":{"@id":"https:\/\/muumimukitrahaksi.fi\/#organization"},"potentialAction":[{"@type":"SearchAction","target":{"@type":"EntryPoint","urlTemplate":"https:\/\/muumimukitrahaksi.fi\/?s={search_term_string}"},"query-input":{"@type":"PropertyValueSpecification","valueRequired":true,"valueName":"search_term_string"}}],"inLanguage":"en-US"},{"@type":"Organization","@id":"https:\/\/muumimukitrahaksi.fi\/#organization","name":"Muumimukit Rahaksi","url":"https:\/\/muumimukitrahaksi.fi\/","logo":{"@type":"ImageObject","inLanguage":"en-US","@id":"https:\/\/muumimukitrahaksi.fi\/#\/schema\/logo\/image\/","url":"https:\/\/muumimukitrahaksi.fi\/wp-content\/uploads\/2017\/09\/logooo.jpg","contentUrl":"https:\/\/muumimukitrahaksi.fi\/wp-content\/uploads\/2017\/09\/logooo.jpg","width":514,"height":514,"caption":"Muumimukit Rahaksi"},"image":{"@id":"https:\/\/muumimukitrahaksi.fi\/#\/schema\/logo\/image\/"},"sameAs":["https:\/\/www.facebook.com\/muumimukitrahaksi\/","https:\/\/x.com\/MuumitRahaksi","https:\/\/www.instagram.com\/muumimukitrahaksi\/"]}]}},"_links":{"self":[{"href":"https:\/\/muumimukitrahaksi.fi\/en\/wp-json\/wp\/v2\/product\/82816","targetHints":{"allow":["GET"]}}],"collection":[{"href":"https:\/\/muumimukitrahaksi.fi\/en\/wp-json\/wp\/v2\/product"}],"about":[{"href":"https:\/\/muumimukitrahaksi.fi\/en\/wp-json\/wp\/v2\/types\/product"}],"wp:featuredmedia":[{"embeddable":true,"href":"https:\/\/muumimukitrahaksi.fi\/en\/wp-json\/wp\/v2\/media\/60974"}],"wp:attachment":[{"href":"https:\/\/muumimukitrahaksi.fi\/en\/wp-json\/wp\/v2\/media?parent=82816"}],"wp:term":[{"taxonomy":"product_brand","embeddable":true,"href":"https:\/\/muumimukitrahaksi.fi\/en\/wp-json\/wp\/v2\/product_brand?post=82816"},{"taxonomy":"product_cat","embeddable":true,"href":"https:\/\/muumimukitrahaksi.fi\/en\/wp-json\/wp\/v2\/product_cat?post=82816"},{"taxonomy":"product_tag","embeddable":true,"href":"https:\/\/muumimukitrahaksi.fi\/en\/wp-json\/wp\/v2\/product_tag?post=82816"}],"curies":[{"name":"wp","href":"https:\/\/api.w.org\/{rel}","templated":true}]}}