{"id":102053,"date":"2024-01-23T16:18:29","date_gmt":"2024-01-23T14:18:29","guid":{"rendered":"https:\/\/muumimukitrahaksi.fi\/?post_type=product&#038;p=102053"},"modified":"2026-02-11T15:59:59","modified_gmt":"2026-02-11T13:59:59","slug":"muumi-juomalasi-niiskuneiti-2018-2024","status":"publish","type":"product","link":"https:\/\/muumimukitrahaksi.fi\/ja\/\u5546\u54c1\/muumi-juomalasi-niiskuneiti-2018-2024\/","title":{"rendered":"Muumi-juomalasi Niiskuneiti (2018-2024)"},"content":{"rendered":"<p style=\"text-align: center;\"><strong>\u2022 Kuntotarkastetut tuotteet \u2022 My\u00f6s lasku\/osamaksu \u2022 Moomin Characters Oy lisenssinhaltija<\/strong><\/p>\n<p>Muumi-juomalasi Niiskuneiti. Juomalasin korkeus on n. 9 cm ja tilavuus 2,2 dl. Iittalan valmistaman juomalasin kuvitus pohjautuu vanhoihin Muumi-sarjakuvapiirroksiin. Kuvituksen lasiin on sommitellut Arabian muumimukeistakin tuttu Tove Slotte. Juomalasi on suunniteltu Suomessa ja valmistettu Italiassa.<\/p>\n<p>Juomalasin muotoilussa on huomioitu erityisesti lapset. Lasi on alhaalta kapeampi ja pysyy hyvin pieness\u00e4kin k\u00e4dess\u00e4. Lasin painopiste on my\u00f6s alhaalla, jolloin se on normaalia vakaampi, eik\u00e4 kaadu niin herk\u00e4sti. Juomalasit pinoutuvat k\u00e4tev\u00e4sti kaappiin ja tuovat iloa juomahetkiin oivaltavien kuvitusten ansiosta. Kuvituksessa on k\u00e4ytetty vesiteemaa, joka saa uusia merkityksi\u00e4 lasissa olevan nesteen v\u00e4rin mukaan. Arkeen ja juhlaan sopivat lasit on kuvitettu orgaanisilla v\u00e4reill\u00e4, jotka kest\u00e4v\u00e4t arkikulutusta ja konepesua.<\/p>\n<p>Kurkkaa my\u00f6s muut juomalasit\u00a0<a href=\"https:\/\/muumimukitrahaksi.fi\/tuote-osasto\/muut\/juomalasit\/\">t\u00e4st\u00e4<\/a>.<\/p>\n<p>L\u00f6ytyyk\u00f6 sinulta Muumi-juomalasi Niiskuneiti ja haluaisit myyd\u00e4 sen? Me my\u00f6s ostamme juomalaseja. Klikkaa <a href=\"https:\/\/muumimukitrahaksi.fi\/ostamme\/\" target=\"_blank\" rel=\"noopener noreferrer\">t\u00e4st\u00e4<\/a>, t\u00e4yt\u00e4 lomake ja saat tarjouksen viel\u00e4 saman p\u00e4iv\u00e4n aikana.<\/p>\n","protected":false},"excerpt":{"rendered":"<p style=\"text-align: center;\"><strong>\u2022 Nopea toimitus 1-7 vrk \u2022 Ehj\u00e4n\u00e4 perille<\/strong><\/p>\n<p>Myynniss\u00e4 tuotannosta poistunut Iittalan Muumi-juomalasi Niiskuneiti. Juomalasi on todella hyv\u00e4ss\u00e4 kunnossa. Pient\u00e4 normaalia k\u00e4yt\u00f6nj\u00e4lke\u00e4 saattaa esiinty\u00e4. Toimitettaessa juomalasi pakataan huolellisesti uusiutuvia pakkausmateriaaleja k\u00e4ytt\u00e4en.<\/p>\n<p style=\"text-align: center;\"><strong>\u2022 Laajat maksutavat<\/strong><\/p>\n<p><img loading=\"lazy\" decoding=\"async\" class=\"alignnone size-full wp-image-20757 aligncenter\" src=\"https:\/\/muumimukitrahaksi.fi\/wp-content\/uploads\/2020\/06\/maksutavat-2026-pieni.png\" alt=\"muumimukit rahaksi\" width=\"350\" height=\"200\" \/><\/p>\n","protected":false},"featured_media":101992,"template":"","meta":[],"product_brand":[],"product_cat":[442,12],"product_tag":[172,126],"class_list":{"0":"post-102053","1":"product","2":"type-product","3":"status-publish","4":"has-post-thumbnail","6":"product_cat-juomalasit","7":"product_cat-muut","8":"product_tag-juomalasi","9":"product_tag-niiskuneiti","11":"first","12":"instock","13":"taxable","14":"shipping-taxable","15":"purchasable","16":"product-type-simple"},"yoast_head":"<!-- This site is optimized with the Yoast SEO plugin v27.1.1 - https:\/\/yoast.com\/product\/yoast-seo-wordpress\/ -->\n<title>Muumi-juomalasi Niiskuneiti (2018-2024) - Muumimukit Rahaksi<\/title>\n<meta name=\"description\" content=\"Myynniss\u00e4 tuotannosta poistunut Iittalan Muumi-juomalasi Niiskuneiti. Juomalasi on todella hyv\u00e4ss\u00e4 kunnossa. Toimitettaessa juomalasi pakataan huolellisesti.\" \/>\n<meta name=\"robots\" content=\"index, follow, max-snippet:-1, max-image-preview:large, max-video-preview:-1\" \/>\n<link rel=\"canonical\" href=\"https:\/\/muumimukitrahaksi.fi\/tuote\/muumi-juomalasi-niiskuneiti-2018-2024\/\" \/>\n<meta property=\"og:locale\" content=\"ja_JP\" \/>\n<meta property=\"og:type\" content=\"article\" \/>\n<meta property=\"og:title\" content=\"Muumi-juomalasi Niiskuneiti (2018-2024) - Muumimukit Rahaksi\" \/>\n<meta property=\"og:description\" content=\"Myynniss\u00e4 tuotannosta poistunut Iittalan Muumi-juomalasi Niiskuneiti. Juomalasi on todella hyv\u00e4ss\u00e4 kunnossa. Toimitettaessa juomalasi pakataan huolellisesti.\" \/>\n<meta property=\"og:url\" content=\"https:\/\/muumimukitrahaksi.fi\/tuote\/muumi-juomalasi-niiskuneiti-2018-2024\/\" \/>\n<meta property=\"og:site_name\" content=\"Muumimukit Rahaksi\" \/>\n<meta property=\"article:publisher\" content=\"https:\/\/www.facebook.com\/muumimukitrahaksi\/\" \/>\n<meta property=\"article:modified_time\" content=\"2026-02-11T13:59:59+00:00\" \/>\n<meta property=\"og:image\" content=\"https:\/\/muumimukitrahaksi.fi\/wp-content\/uploads\/2024\/01\/DSC07472.jpg\" \/>\n\t<meta property=\"og:image:width\" content=\"1000\" \/>\n\t<meta property=\"og:image:height\" content=\"1000\" \/>\n\t<meta property=\"og:image:type\" content=\"image\/jpeg\" \/>\n<meta name=\"twitter:card\" content=\"summary_large_image\" \/>\n<meta name=\"twitter:site\" content=\"@MuumitRahaksi\" \/>\n<meta name=\"twitter:label1\" content=\"\u63a8\u5b9a\u8aad\u307f\u53d6\u308a\u6642\u9593\" \/>\n\t<meta name=\"twitter:data1\" content=\"2\u5206\" \/>\n<script type=\"application\/ld+json\" class=\"yoast-schema-graph\">{\"@context\":\"https:\/\/schema.org\",\"@graph\":[{\"@type\":\"WebPage\",\"@id\":\"https:\/\/muumimukitrahaksi.fi\/tuote\/muumi-juomalasi-niiskuneiti-2018-2024\/\",\"url\":\"https:\/\/muumimukitrahaksi.fi\/tuote\/muumi-juomalasi-niiskuneiti-2018-2024\/\",\"name\":\"Muumi-juomalasi Niiskuneiti (2018-2024) - Muumimukit Rahaksi\",\"isPartOf\":{\"@id\":\"https:\/\/muumimukitrahaksi.fi\/#website\"},\"primaryImageOfPage\":{\"@id\":\"https:\/\/muumimukitrahaksi.fi\/tuote\/muumi-juomalasi-niiskuneiti-2018-2024\/#primaryimage\"},\"image\":{\"@id\":\"https:\/\/muumimukitrahaksi.fi\/tuote\/muumi-juomalasi-niiskuneiti-2018-2024\/#primaryimage\"},\"thumbnailUrl\":\"https:\/\/muumimukitrahaksi.fi\/wp-content\/uploads\/2024\/01\/DSC07472.jpg\",\"datePublished\":\"2024-01-23T14:18:29+00:00\",\"dateModified\":\"2026-02-11T13:59:59+00:00\",\"description\":\"Myynniss\u00e4 tuotannosta poistunut Iittalan Muumi-juomalasi Niiskuneiti. Juomalasi on todella hyv\u00e4ss\u00e4 kunnossa. Toimitettaessa juomalasi pakataan huolellisesti.\",\"breadcrumb\":{\"@id\":\"https:\/\/muumimukitrahaksi.fi\/tuote\/muumi-juomalasi-niiskuneiti-2018-2024\/#breadcrumb\"},\"inLanguage\":\"ja\",\"potentialAction\":[{\"@type\":\"ReadAction\",\"target\":[\"https:\/\/muumimukitrahaksi.fi\/tuote\/muumi-juomalasi-niiskuneiti-2018-2024\/\"]}]},{\"@type\":\"ImageObject\",\"inLanguage\":\"ja\",\"@id\":\"https:\/\/muumimukitrahaksi.fi\/tuote\/muumi-juomalasi-niiskuneiti-2018-2024\/#primaryimage\",\"url\":\"https:\/\/muumimukitrahaksi.fi\/wp-content\/uploads\/2024\/01\/DSC07472.jpg\",\"contentUrl\":\"https:\/\/muumimukitrahaksi.fi\/wp-content\/uploads\/2024\/01\/DSC07472.jpg\",\"width\":1000,\"height\":1000,\"caption\":\"Muumi-juomalasi Niiskuneiti\"},{\"@type\":\"BreadcrumbList\",\"@id\":\"https:\/\/muumimukitrahaksi.fi\/tuote\/muumi-juomalasi-niiskuneiti-2018-2024\/#breadcrumb\",\"itemListElement\":[{\"@type\":\"ListItem\",\"position\":1,\"name\":\"Etusivu\",\"item\":\"https:\/\/muumimukitrahaksi.fi\/ja\/\"},{\"@type\":\"ListItem\",\"position\":2,\"name\":\"SHOP\",\"item\":\"https:\/\/muumimukitrahaksi.fi\/ja\/%e3%82%b7%e3%83%a7%e3%83%83%e3%83%97\/\"},{\"@type\":\"ListItem\",\"position\":3,\"name\":\"Muumi-juomalasi Niiskuneiti (2018-2024)\"}]},{\"@type\":\"WebSite\",\"@id\":\"https:\/\/muumimukitrahaksi.fi\/#website\",\"url\":\"https:\/\/muumimukitrahaksi.fi\/\",\"name\":\"Muumimukit Rahaksi\",\"description\":\"Muumimukeja, -kulhoja ja -lautasia ker\u00e4ilij\u00f6ille!\",\"publisher\":{\"@id\":\"https:\/\/muumimukitrahaksi.fi\/#organization\"},\"potentialAction\":[{\"@type\":\"SearchAction\",\"target\":{\"@type\":\"EntryPoint\",\"urlTemplate\":\"https:\/\/muumimukitrahaksi.fi\/?s={search_term_string}\"},\"query-input\":{\"@type\":\"PropertyValueSpecification\",\"valueRequired\":true,\"valueName\":\"search_term_string\"}}],\"inLanguage\":\"ja\"},{\"@type\":\"Organization\",\"@id\":\"https:\/\/muumimukitrahaksi.fi\/#organization\",\"name\":\"Muumimukit Rahaksi\",\"url\":\"https:\/\/muumimukitrahaksi.fi\/\",\"logo\":{\"@type\":\"ImageObject\",\"inLanguage\":\"ja\",\"@id\":\"https:\/\/muumimukitrahaksi.fi\/#\/schema\/logo\/image\/\",\"url\":\"https:\/\/muumimukitrahaksi.fi\/wp-content\/uploads\/2017\/09\/logooo.jpg\",\"contentUrl\":\"https:\/\/muumimukitrahaksi.fi\/wp-content\/uploads\/2017\/09\/logooo.jpg\",\"width\":514,\"height\":514,\"caption\":\"Muumimukit Rahaksi\"},\"image\":{\"@id\":\"https:\/\/muumimukitrahaksi.fi\/#\/schema\/logo\/image\/\"},\"sameAs\":[\"https:\/\/www.facebook.com\/muumimukitrahaksi\/\",\"https:\/\/x.com\/MuumitRahaksi\",\"https:\/\/www.instagram.com\/muumimukitrahaksi\/\"]}]}<\/script>\n<!-- \/ Yoast SEO plugin. -->","yoast_head_json":{"title":"Muumi-juomalasi Niiskuneiti (2018-2024) - Muumimukit Rahaksi","description":"Myynniss\u00e4 tuotannosta poistunut Iittalan Muumi-juomalasi Niiskuneiti. Juomalasi on todella hyv\u00e4ss\u00e4 kunnossa. Toimitettaessa juomalasi pakataan huolellisesti.","robots":{"index":"index","follow":"follow","max-snippet":"max-snippet:-1","max-image-preview":"max-image-preview:large","max-video-preview":"max-video-preview:-1"},"canonical":"https:\/\/muumimukitrahaksi.fi\/tuote\/muumi-juomalasi-niiskuneiti-2018-2024\/","og_locale":"ja_JP","og_type":"article","og_title":"Muumi-juomalasi Niiskuneiti (2018-2024) - Muumimukit Rahaksi","og_description":"Myynniss\u00e4 tuotannosta poistunut Iittalan Muumi-juomalasi Niiskuneiti. Juomalasi on todella hyv\u00e4ss\u00e4 kunnossa. Toimitettaessa juomalasi pakataan huolellisesti.","og_url":"https:\/\/muumimukitrahaksi.fi\/tuote\/muumi-juomalasi-niiskuneiti-2018-2024\/","og_site_name":"Muumimukit Rahaksi","article_publisher":"https:\/\/www.facebook.com\/muumimukitrahaksi\/","article_modified_time":"2026-02-11T13:59:59+00:00","og_image":[{"width":1000,"height":1000,"url":"https:\/\/muumimukitrahaksi.fi\/wp-content\/uploads\/2024\/01\/DSC07472.jpg","type":"image\/jpeg"}],"twitter_card":"summary_large_image","twitter_site":"@MuumitRahaksi","twitter_misc":{"\u63a8\u5b9a\u8aad\u307f\u53d6\u308a\u6642\u9593":"2\u5206"},"schema":{"@context":"https:\/\/schema.org","@graph":[{"@type":"WebPage","@id":"https:\/\/muumimukitrahaksi.fi\/tuote\/muumi-juomalasi-niiskuneiti-2018-2024\/","url":"https:\/\/muumimukitrahaksi.fi\/tuote\/muumi-juomalasi-niiskuneiti-2018-2024\/","name":"Muumi-juomalasi Niiskuneiti (2018-2024) - Muumimukit Rahaksi","isPartOf":{"@id":"https:\/\/muumimukitrahaksi.fi\/#website"},"primaryImageOfPage":{"@id":"https:\/\/muumimukitrahaksi.fi\/tuote\/muumi-juomalasi-niiskuneiti-2018-2024\/#primaryimage"},"image":{"@id":"https:\/\/muumimukitrahaksi.fi\/tuote\/muumi-juomalasi-niiskuneiti-2018-2024\/#primaryimage"},"thumbnailUrl":"https:\/\/muumimukitrahaksi.fi\/wp-content\/uploads\/2024\/01\/DSC07472.jpg","datePublished":"2024-01-23T14:18:29+00:00","dateModified":"2026-02-11T13:59:59+00:00","description":"Myynniss\u00e4 tuotannosta poistunut Iittalan Muumi-juomalasi Niiskuneiti. Juomalasi on todella hyv\u00e4ss\u00e4 kunnossa. Toimitettaessa juomalasi pakataan huolellisesti.","breadcrumb":{"@id":"https:\/\/muumimukitrahaksi.fi\/tuote\/muumi-juomalasi-niiskuneiti-2018-2024\/#breadcrumb"},"inLanguage":"ja","potentialAction":[{"@type":"ReadAction","target":["https:\/\/muumimukitrahaksi.fi\/tuote\/muumi-juomalasi-niiskuneiti-2018-2024\/"]}]},{"@type":"ImageObject","inLanguage":"ja","@id":"https:\/\/muumimukitrahaksi.fi\/tuote\/muumi-juomalasi-niiskuneiti-2018-2024\/#primaryimage","url":"https:\/\/muumimukitrahaksi.fi\/wp-content\/uploads\/2024\/01\/DSC07472.jpg","contentUrl":"https:\/\/muumimukitrahaksi.fi\/wp-content\/uploads\/2024\/01\/DSC07472.jpg","width":1000,"height":1000,"caption":"Muumi-juomalasi Niiskuneiti"},{"@type":"BreadcrumbList","@id":"https:\/\/muumimukitrahaksi.fi\/tuote\/muumi-juomalasi-niiskuneiti-2018-2024\/#breadcrumb","itemListElement":[{"@type":"ListItem","position":1,"name":"Etusivu","item":"https:\/\/muumimukitrahaksi.fi\/ja\/"},{"@type":"ListItem","position":2,"name":"SHOP","item":"https:\/\/muumimukitrahaksi.fi\/ja\/%e3%82%b7%e3%83%a7%e3%83%83%e3%83%97\/"},{"@type":"ListItem","position":3,"name":"Muumi-juomalasi Niiskuneiti (2018-2024)"}]},{"@type":"WebSite","@id":"https:\/\/muumimukitrahaksi.fi\/#website","url":"https:\/\/muumimukitrahaksi.fi\/","name":"Muumimukit Rahaksi","description":"Muumimukeja, -kulhoja ja -lautasia ker\u00e4ilij\u00f6ille!","publisher":{"@id":"https:\/\/muumimukitrahaksi.fi\/#organization"},"potentialAction":[{"@type":"SearchAction","target":{"@type":"EntryPoint","urlTemplate":"https:\/\/muumimukitrahaksi.fi\/?s={search_term_string}"},"query-input":{"@type":"PropertyValueSpecification","valueRequired":true,"valueName":"search_term_string"}}],"inLanguage":"ja"},{"@type":"Organization","@id":"https:\/\/muumimukitrahaksi.fi\/#organization","name":"Muumimukit Rahaksi","url":"https:\/\/muumimukitrahaksi.fi\/","logo":{"@type":"ImageObject","inLanguage":"ja","@id":"https:\/\/muumimukitrahaksi.fi\/#\/schema\/logo\/image\/","url":"https:\/\/muumimukitrahaksi.fi\/wp-content\/uploads\/2017\/09\/logooo.jpg","contentUrl":"https:\/\/muumimukitrahaksi.fi\/wp-content\/uploads\/2017\/09\/logooo.jpg","width":514,"height":514,"caption":"Muumimukit Rahaksi"},"image":{"@id":"https:\/\/muumimukitrahaksi.fi\/#\/schema\/logo\/image\/"},"sameAs":["https:\/\/www.facebook.com\/muumimukitrahaksi\/","https:\/\/x.com\/MuumitRahaksi","https:\/\/www.instagram.com\/muumimukitrahaksi\/"]}]}},"_links":{"self":[{"href":"https:\/\/muumimukitrahaksi.fi\/ja\/wp-json\/wp\/v2\/product\/102053","targetHints":{"allow":["GET"]}}],"collection":[{"href":"https:\/\/muumimukitrahaksi.fi\/ja\/wp-json\/wp\/v2\/product"}],"about":[{"href":"https:\/\/muumimukitrahaksi.fi\/ja\/wp-json\/wp\/v2\/types\/product"}],"wp:featuredmedia":[{"embeddable":true,"href":"https:\/\/muumimukitrahaksi.fi\/ja\/wp-json\/wp\/v2\/media\/101992"}],"wp:attachment":[{"href":"https:\/\/muumimukitrahaksi.fi\/ja\/wp-json\/wp\/v2\/media?parent=102053"}],"wp:term":[{"taxonomy":"product_brand","embeddable":true,"href":"https:\/\/muumimukitrahaksi.fi\/ja\/wp-json\/wp\/v2\/product_brand?post=102053"},{"taxonomy":"product_cat","embeddable":true,"href":"https:\/\/muumimukitrahaksi.fi\/ja\/wp-json\/wp\/v2\/product_cat?post=102053"},{"taxonomy":"product_tag","embeddable":true,"href":"https:\/\/muumimukitrahaksi.fi\/ja\/wp-json\/wp\/v2\/product_tag?post=102053"}],"curies":[{"name":"wp","href":"https:\/\/api.w.org\/{rel}","templated":true}]}}