{"id":157922,"date":"2026-01-30T13:26:42","date_gmt":"2026-01-30T11:26:42","guid":{"rendered":"https:\/\/muumimukitrahaksi.fi\/?post_type=product&#038;p=157922"},"modified":"2026-03-13T11:23:08","modified_gmt":"2026-03-13T09:23:08","slug":"tove-jansson-muumi-romaanit-8-kpl-2019-uusi","status":"publish","type":"product","link":"https:\/\/muumimukitrahaksi.fi\/ja\/\u5546\u54c1\/tove-jansson-muumi-romaanit-8-kpl-2019-uusi\/","title":{"rendered":"Tove Jansson Muumi-romaanit, 8 kpl (2019-) *UUSI*"},"content":{"rendered":"<p style=\"text-align: center;\"><strong>\u2022 Kuntotarkastetut tuotteet \u2022 My\u00f6s lasku\/osamaksu \u2022 Moomin Characters Oy lisenssinhaltija<\/strong><\/p>\n<p><b>Tove Jansson Muumi-romaanit <\/b>sis\u00e4lt\u00e4v\u00e4t kaikki kahdeksan alkuper\u00e4ist\u00e4 klassikkoteosta k\u00e4tev\u00e4ss\u00e4 pokkarimuodossa. Pokkariboksin kahdeksan Muumi-romaania ovat: Muumipeikko ja pyrst\u00f6t\u00e4hti (1955), Taikurin hattu (1956), Muumipapan uroty\u00f6t (1963), Vaarallinen juhannus (1957), Taikatalvi (1958), N\u00e4kym\u00e4t\u00f6n lapsi ja muita kertomuksia (1962), Muumipappa ja meri (1965) ja Muumilaakson marraskuu (1970).<\/p>\n<p>Ensimm\u00e4inen muumipeikoista kertova kirja oli nimelt\u00e4\u00e4n Muumit ja suuri tuhotulva (1945). T\u00e4t\u00e4 teosta ei kuitenkaan usein pidet\u00e4 osana alkuper\u00e4isi\u00e4 Muumi-romaaneja, sill\u00e4 se k\u00e4\u00e4nnettiin suomeksi vasta vuonna 1991. Kirja my\u00f6s poikkeaa tyylilt\u00e4\u00e4n ja rakenteeltaan huomattavasti my\u00f6hemmin julkaistuista kahdeksasta romaanista. Hahmot hakivat viel\u00e4 lopullista muotoaan ja monet Muumilaakson ydinhahmot puuttuivat teoksesta kokonaan. Sarjan viimeinen kirja on puolestaan Muumilaakson marraskuu (1970). Kirjat ovat k\u00e4\u00e4nnetty noin 60 kielelle.<\/p>\n<p>Tuotetiedot: Pokkari, suomeksi, kahdeksan Muumi-romaania, 1112 grammaa, ISBN 9789510440391<\/p>\n<p>Etsi Muumi-romaanien inspiroimia muumiaarteita maailman kattavimmasta Muumi-ker\u00e4ilytuotteiden valikoimasta <a href=\"https:\/\/muumimukitrahaksi.fi\/kauppa\/\">t\u00e4st\u00e4<\/a>.<\/p>\n","protected":false},"excerpt":{"rendered":"<p style=\"text-align: center;\"><strong>\u2022 Nopea toimitus 1-7 vrk \u2022 Ehj\u00e4n\u00e4 perille<\/strong><\/p>\n<p>Myynniss\u00e4 Tove Janssonin Muumi-romaanit. Pokkariboksi sis\u00e4lt\u00e4\u00e4 kaikki kahdeksan alkuper\u00e4ist\u00e4 Muumi-klassikkoteosta. Tuote on uusi. Hinta (39,90\u20ac) sis. ALV. Toimitettaessa tuote pakataan huolellisesti uusiutuvia pakkausmateriaaleja k\u00e4ytt\u00e4en.<\/p>\n<p style=\"text-align: center;\"><strong>\u2022 Laajat maksutavat<\/strong><\/p>\n<p><img loading=\"lazy\" decoding=\"async\" class=\"alignnone size-full wp-image-20757 aligncenter\" src=\"https:\/\/muumimukitrahaksi.fi\/wp-content\/uploads\/2020\/06\/maksutavat-2026-pieni.png\" alt=\"muumimukit rahaksi\" width=\"350\" height=\"200\" \/><\/p>\n","protected":false},"featured_media":157927,"template":"","meta":[],"product_brand":[],"product_cat":[443,12],"product_tag":[],"class_list":{"0":"post-157922","1":"product","2":"type-product","3":"status-publish","4":"has-post-thumbnail","6":"product_cat-muut-2","7":"product_cat-muut","9":"first","10":"instock","11":"taxable","12":"shipping-taxable","13":"purchasable","14":"product-type-simple"},"yoast_head":"<!-- This site is optimized with the Yoast SEO plugin v27.1.1 - https:\/\/yoast.com\/product\/yoast-seo-wordpress\/ -->\n<title>Tove Jansson Muumi-romaanit, 8 kpl (2019-) *UUSI* - Muumimukit Rahaksi<\/title>\n<meta name=\"description\" content=\"Tove Janssonin Muumi-romaanit sis\u00e4lt\u00e4v\u00e4t kaikki kahdeksan alkuper\u00e4ist\u00e4 klassikkoteosta Muumeista k\u00e4tev\u00e4ss\u00e4 pokkarimuodossa.\" \/>\n<meta name=\"robots\" content=\"index, follow, max-snippet:-1, max-image-preview:large, max-video-preview:-1\" \/>\n<link rel=\"canonical\" href=\"https:\/\/muumimukitrahaksi.fi\/tuote\/tove-jansson-muumi-romaanit-8-kpl-2019-uusi\/\" \/>\n<meta property=\"og:locale\" content=\"ja_JP\" \/>\n<meta property=\"og:type\" content=\"article\" \/>\n<meta property=\"og:title\" content=\"Tove Jansson Muumi-romaanit, 8 kpl (2019-) *UUSI* - Muumimukit Rahaksi\" \/>\n<meta property=\"og:description\" content=\"Tove Janssonin Muumi-romaanit sis\u00e4lt\u00e4v\u00e4t kaikki kahdeksan alkuper\u00e4ist\u00e4 klassikkoteosta Muumeista k\u00e4tev\u00e4ss\u00e4 pokkarimuodossa.\" \/>\n<meta property=\"og:url\" content=\"https:\/\/muumimukitrahaksi.fi\/tuote\/tove-jansson-muumi-romaanit-8-kpl-2019-uusi\/\" \/>\n<meta property=\"og:site_name\" content=\"Muumimukit Rahaksi\" \/>\n<meta property=\"article:publisher\" content=\"https:\/\/www.facebook.com\/muumimukitrahaksi\/\" \/>\n<meta property=\"article:modified_time\" content=\"2026-03-13T09:23:08+00:00\" \/>\n<meta property=\"og:image\" content=\"https:\/\/muumimukitrahaksi.fi\/wp-content\/uploads\/2026\/01\/Muumi-romaanit-2.png\" \/>\n\t<meta property=\"og:image:width\" content=\"1024\" \/>\n\t<meta property=\"og:image:height\" content=\"1024\" \/>\n\t<meta property=\"og:image:type\" content=\"image\/png\" \/>\n<meta name=\"twitter:card\" content=\"summary_large_image\" \/>\n<meta name=\"twitter:site\" content=\"@MuumitRahaksi\" \/>\n<meta name=\"twitter:label1\" content=\"\u63a8\u5b9a\u8aad\u307f\u53d6\u308a\u6642\u9593\" \/>\n\t<meta name=\"twitter:data1\" content=\"2\u5206\" \/>\n<script type=\"application\/ld+json\" class=\"yoast-schema-graph\">{\"@context\":\"https:\/\/schema.org\",\"@graph\":[{\"@type\":\"WebPage\",\"@id\":\"https:\/\/muumimukitrahaksi.fi\/tuote\/tove-jansson-muumi-romaanit-8-kpl-2019-uusi\/\",\"url\":\"https:\/\/muumimukitrahaksi.fi\/tuote\/tove-jansson-muumi-romaanit-8-kpl-2019-uusi\/\",\"name\":\"Tove Jansson Muumi-romaanit, 8 kpl (2019-) *UUSI* - Muumimukit Rahaksi\",\"isPartOf\":{\"@id\":\"https:\/\/muumimukitrahaksi.fi\/#website\"},\"primaryImageOfPage\":{\"@id\":\"https:\/\/muumimukitrahaksi.fi\/tuote\/tove-jansson-muumi-romaanit-8-kpl-2019-uusi\/#primaryimage\"},\"image\":{\"@id\":\"https:\/\/muumimukitrahaksi.fi\/tuote\/tove-jansson-muumi-romaanit-8-kpl-2019-uusi\/#primaryimage\"},\"thumbnailUrl\":\"https:\/\/muumimukitrahaksi.fi\/wp-content\/uploads\/2026\/01\/Muumi-romaanit-2.png\",\"datePublished\":\"2026-01-30T11:26:42+00:00\",\"dateModified\":\"2026-03-13T09:23:08+00:00\",\"description\":\"Tove Janssonin Muumi-romaanit sis\u00e4lt\u00e4v\u00e4t kaikki kahdeksan alkuper\u00e4ist\u00e4 klassikkoteosta Muumeista k\u00e4tev\u00e4ss\u00e4 pokkarimuodossa.\",\"breadcrumb\":{\"@id\":\"https:\/\/muumimukitrahaksi.fi\/tuote\/tove-jansson-muumi-romaanit-8-kpl-2019-uusi\/#breadcrumb\"},\"inLanguage\":\"ja\",\"potentialAction\":[{\"@type\":\"ReadAction\",\"target\":[\"https:\/\/muumimukitrahaksi.fi\/tuote\/tove-jansson-muumi-romaanit-8-kpl-2019-uusi\/\"]}]},{\"@type\":\"ImageObject\",\"inLanguage\":\"ja\",\"@id\":\"https:\/\/muumimukitrahaksi.fi\/tuote\/tove-jansson-muumi-romaanit-8-kpl-2019-uusi\/#primaryimage\",\"url\":\"https:\/\/muumimukitrahaksi.fi\/wp-content\/uploads\/2026\/01\/Muumi-romaanit-2.png\",\"contentUrl\":\"https:\/\/muumimukitrahaksi.fi\/wp-content\/uploads\/2026\/01\/Muumi-romaanit-2.png\",\"width\":1024,\"height\":1024,\"caption\":\"Tove Jansson Muumi-romaanit 8 kpl\"},{\"@type\":\"BreadcrumbList\",\"@id\":\"https:\/\/muumimukitrahaksi.fi\/tuote\/tove-jansson-muumi-romaanit-8-kpl-2019-uusi\/#breadcrumb\",\"itemListElement\":[{\"@type\":\"ListItem\",\"position\":1,\"name\":\"Etusivu\",\"item\":\"https:\/\/muumimukitrahaksi.fi\/ja\/\"},{\"@type\":\"ListItem\",\"position\":2,\"name\":\"SHOP\",\"item\":\"https:\/\/muumimukitrahaksi.fi\/ja\/%e3%82%b7%e3%83%a7%e3%83%83%e3%83%97\/\"},{\"@type\":\"ListItem\",\"position\":3,\"name\":\"Tove Jansson Muumi-romaanit, 8 kpl (2019-) *UUSI*\"}]},{\"@type\":\"WebSite\",\"@id\":\"https:\/\/muumimukitrahaksi.fi\/#website\",\"url\":\"https:\/\/muumimukitrahaksi.fi\/\",\"name\":\"Muumimukit Rahaksi\",\"description\":\"Muumimukeja, -kulhoja ja -lautasia ker\u00e4ilij\u00f6ille!\",\"publisher\":{\"@id\":\"https:\/\/muumimukitrahaksi.fi\/#organization\"},\"potentialAction\":[{\"@type\":\"SearchAction\",\"target\":{\"@type\":\"EntryPoint\",\"urlTemplate\":\"https:\/\/muumimukitrahaksi.fi\/?s={search_term_string}\"},\"query-input\":{\"@type\":\"PropertyValueSpecification\",\"valueRequired\":true,\"valueName\":\"search_term_string\"}}],\"inLanguage\":\"ja\"},{\"@type\":\"Organization\",\"@id\":\"https:\/\/muumimukitrahaksi.fi\/#organization\",\"name\":\"Muumimukit Rahaksi\",\"url\":\"https:\/\/muumimukitrahaksi.fi\/\",\"logo\":{\"@type\":\"ImageObject\",\"inLanguage\":\"ja\",\"@id\":\"https:\/\/muumimukitrahaksi.fi\/#\/schema\/logo\/image\/\",\"url\":\"https:\/\/muumimukitrahaksi.fi\/wp-content\/uploads\/2017\/09\/logooo.jpg\",\"contentUrl\":\"https:\/\/muumimukitrahaksi.fi\/wp-content\/uploads\/2017\/09\/logooo.jpg\",\"width\":514,\"height\":514,\"caption\":\"Muumimukit Rahaksi\"},\"image\":{\"@id\":\"https:\/\/muumimukitrahaksi.fi\/#\/schema\/logo\/image\/\"},\"sameAs\":[\"https:\/\/www.facebook.com\/muumimukitrahaksi\/\",\"https:\/\/x.com\/MuumitRahaksi\",\"https:\/\/www.instagram.com\/muumimukitrahaksi\/\"]}]}<\/script>\n<!-- \/ Yoast SEO plugin. -->","yoast_head_json":{"title":"Tove Jansson Muumi-romaanit, 8 kpl (2019-) *UUSI* - Muumimukit Rahaksi","description":"Tove Janssonin Muumi-romaanit sis\u00e4lt\u00e4v\u00e4t kaikki kahdeksan alkuper\u00e4ist\u00e4 klassikkoteosta Muumeista k\u00e4tev\u00e4ss\u00e4 pokkarimuodossa.","robots":{"index":"index","follow":"follow","max-snippet":"max-snippet:-1","max-image-preview":"max-image-preview:large","max-video-preview":"max-video-preview:-1"},"canonical":"https:\/\/muumimukitrahaksi.fi\/tuote\/tove-jansson-muumi-romaanit-8-kpl-2019-uusi\/","og_locale":"ja_JP","og_type":"article","og_title":"Tove Jansson Muumi-romaanit, 8 kpl (2019-) *UUSI* - Muumimukit Rahaksi","og_description":"Tove Janssonin Muumi-romaanit sis\u00e4lt\u00e4v\u00e4t kaikki kahdeksan alkuper\u00e4ist\u00e4 klassikkoteosta Muumeista k\u00e4tev\u00e4ss\u00e4 pokkarimuodossa.","og_url":"https:\/\/muumimukitrahaksi.fi\/tuote\/tove-jansson-muumi-romaanit-8-kpl-2019-uusi\/","og_site_name":"Muumimukit Rahaksi","article_publisher":"https:\/\/www.facebook.com\/muumimukitrahaksi\/","article_modified_time":"2026-03-13T09:23:08+00:00","og_image":[{"width":1024,"height":1024,"url":"https:\/\/muumimukitrahaksi.fi\/wp-content\/uploads\/2026\/01\/Muumi-romaanit-2.png","type":"image\/png"}],"twitter_card":"summary_large_image","twitter_site":"@MuumitRahaksi","twitter_misc":{"\u63a8\u5b9a\u8aad\u307f\u53d6\u308a\u6642\u9593":"2\u5206"},"schema":{"@context":"https:\/\/schema.org","@graph":[{"@type":"WebPage","@id":"https:\/\/muumimukitrahaksi.fi\/tuote\/tove-jansson-muumi-romaanit-8-kpl-2019-uusi\/","url":"https:\/\/muumimukitrahaksi.fi\/tuote\/tove-jansson-muumi-romaanit-8-kpl-2019-uusi\/","name":"Tove Jansson Muumi-romaanit, 8 kpl (2019-) *UUSI* - Muumimukit Rahaksi","isPartOf":{"@id":"https:\/\/muumimukitrahaksi.fi\/#website"},"primaryImageOfPage":{"@id":"https:\/\/muumimukitrahaksi.fi\/tuote\/tove-jansson-muumi-romaanit-8-kpl-2019-uusi\/#primaryimage"},"image":{"@id":"https:\/\/muumimukitrahaksi.fi\/tuote\/tove-jansson-muumi-romaanit-8-kpl-2019-uusi\/#primaryimage"},"thumbnailUrl":"https:\/\/muumimukitrahaksi.fi\/wp-content\/uploads\/2026\/01\/Muumi-romaanit-2.png","datePublished":"2026-01-30T11:26:42+00:00","dateModified":"2026-03-13T09:23:08+00:00","description":"Tove Janssonin Muumi-romaanit sis\u00e4lt\u00e4v\u00e4t kaikki kahdeksan alkuper\u00e4ist\u00e4 klassikkoteosta Muumeista k\u00e4tev\u00e4ss\u00e4 pokkarimuodossa.","breadcrumb":{"@id":"https:\/\/muumimukitrahaksi.fi\/tuote\/tove-jansson-muumi-romaanit-8-kpl-2019-uusi\/#breadcrumb"},"inLanguage":"ja","potentialAction":[{"@type":"ReadAction","target":["https:\/\/muumimukitrahaksi.fi\/tuote\/tove-jansson-muumi-romaanit-8-kpl-2019-uusi\/"]}]},{"@type":"ImageObject","inLanguage":"ja","@id":"https:\/\/muumimukitrahaksi.fi\/tuote\/tove-jansson-muumi-romaanit-8-kpl-2019-uusi\/#primaryimage","url":"https:\/\/muumimukitrahaksi.fi\/wp-content\/uploads\/2026\/01\/Muumi-romaanit-2.png","contentUrl":"https:\/\/muumimukitrahaksi.fi\/wp-content\/uploads\/2026\/01\/Muumi-romaanit-2.png","width":1024,"height":1024,"caption":"Tove Jansson Muumi-romaanit 8 kpl"},{"@type":"BreadcrumbList","@id":"https:\/\/muumimukitrahaksi.fi\/tuote\/tove-jansson-muumi-romaanit-8-kpl-2019-uusi\/#breadcrumb","itemListElement":[{"@type":"ListItem","position":1,"name":"Etusivu","item":"https:\/\/muumimukitrahaksi.fi\/ja\/"},{"@type":"ListItem","position":2,"name":"SHOP","item":"https:\/\/muumimukitrahaksi.fi\/ja\/%e3%82%b7%e3%83%a7%e3%83%83%e3%83%97\/"},{"@type":"ListItem","position":3,"name":"Tove Jansson Muumi-romaanit, 8 kpl (2019-) *UUSI*"}]},{"@type":"WebSite","@id":"https:\/\/muumimukitrahaksi.fi\/#website","url":"https:\/\/muumimukitrahaksi.fi\/","name":"Muumimukit Rahaksi","description":"Muumimukeja, -kulhoja ja -lautasia ker\u00e4ilij\u00f6ille!","publisher":{"@id":"https:\/\/muumimukitrahaksi.fi\/#organization"},"potentialAction":[{"@type":"SearchAction","target":{"@type":"EntryPoint","urlTemplate":"https:\/\/muumimukitrahaksi.fi\/?s={search_term_string}"},"query-input":{"@type":"PropertyValueSpecification","valueRequired":true,"valueName":"search_term_string"}}],"inLanguage":"ja"},{"@type":"Organization","@id":"https:\/\/muumimukitrahaksi.fi\/#organization","name":"Muumimukit Rahaksi","url":"https:\/\/muumimukitrahaksi.fi\/","logo":{"@type":"ImageObject","inLanguage":"ja","@id":"https:\/\/muumimukitrahaksi.fi\/#\/schema\/logo\/image\/","url":"https:\/\/muumimukitrahaksi.fi\/wp-content\/uploads\/2017\/09\/logooo.jpg","contentUrl":"https:\/\/muumimukitrahaksi.fi\/wp-content\/uploads\/2017\/09\/logooo.jpg","width":514,"height":514,"caption":"Muumimukit Rahaksi"},"image":{"@id":"https:\/\/muumimukitrahaksi.fi\/#\/schema\/logo\/image\/"},"sameAs":["https:\/\/www.facebook.com\/muumimukitrahaksi\/","https:\/\/x.com\/MuumitRahaksi","https:\/\/www.instagram.com\/muumimukitrahaksi\/"]}]}},"_links":{"self":[{"href":"https:\/\/muumimukitrahaksi.fi\/ja\/wp-json\/wp\/v2\/product\/157922","targetHints":{"allow":["GET"]}}],"collection":[{"href":"https:\/\/muumimukitrahaksi.fi\/ja\/wp-json\/wp\/v2\/product"}],"about":[{"href":"https:\/\/muumimukitrahaksi.fi\/ja\/wp-json\/wp\/v2\/types\/product"}],"wp:featuredmedia":[{"embeddable":true,"href":"https:\/\/muumimukitrahaksi.fi\/ja\/wp-json\/wp\/v2\/media\/157927"}],"wp:attachment":[{"href":"https:\/\/muumimukitrahaksi.fi\/ja\/wp-json\/wp\/v2\/media?parent=157922"}],"wp:term":[{"taxonomy":"product_brand","embeddable":true,"href":"https:\/\/muumimukitrahaksi.fi\/ja\/wp-json\/wp\/v2\/product_brand?post=157922"},{"taxonomy":"product_cat","embeddable":true,"href":"https:\/\/muumimukitrahaksi.fi\/ja\/wp-json\/wp\/v2\/product_cat?post=157922"},{"taxonomy":"product_tag","embeddable":true,"href":"https:\/\/muumimukitrahaksi.fi\/ja\/wp-json\/wp\/v2\/product_tag?post=157922"}],"curies":[{"name":"wp","href":"https:\/\/api.w.org\/{rel}","templated":true}]}}