{"id":158323,"date":"2026-02-03T15:39:40","date_gmt":"2026-02-03T13:39:40","guid":{"rendered":"https:\/\/muumimukitrahaksi.fi\/?post_type=product&#038;p=158323"},"modified":"2026-05-15T10:21:02","modified_gmt":"2026-05-15T07:21:02","slug":"muumikulho-fazer-x-moomin-2025-tarra","status":"publish","type":"product","link":"https:\/\/muumimukitrahaksi.fi\/ja\/\u5546\u54c1\/muumikulho-fazer-x-moomin-2025-tarra\/","title":{"rendered":"Muumikulho Fazer x Moomin (2025) *TARRA*"},"content":{"rendered":"<p style=\"text-align: center;\"><strong>\u2022 Kuntotarkastetut tuotteet \u2022 My\u00f6s lasku\/osamaksu \u2022 Moomin Characters Oy lisenssinhaltija<\/strong><\/p>\n<p><strong>Muumikulho Fazer x Moomin<\/strong> on erityinen lahjatuote, jonka Fazer on tuonut markkinoille yhteisty\u00f6ss\u00e4 Moomin Charactersin ja Moomin Arabian kanssa. Tuote on saatavilla Fazerin, Moomin ja Fiskarsin omista myyntikanavista vuoden 2025 loppuun asti tai niin kauan kuin tuotteita riitt\u00e4\u00e4. Kulhoa myytiin anoastaan lahjapakkauksessa.<\/p>\n<p>Jo Tove Janssonin ensimm\u00e4isess\u00e4 Muumi-kirjassa Muumit ja suuri tuhotulva paljastuu, ett\u00e4 Muumit rakastavat Fazerin suklaata \u2013 toisinaan jopa v\u00e4h\u00e4n liikaakin. T\u00e4m\u00e4 herkullinen yksityiskohta yhdist\u00e4\u00e4 juhlavuonna kaksi rakastettua br\u00e4ndi\u00e4, jotka ovat tuoneet iloa suomalaisille jo vuosikymmenten ajan.<\/p>\n<p>Arabia on aiemmin julkaissut vain yhden keraamisen yhteisty\u00f6tuotteen Fazerin kanssa. T\u00e4m\u00e4 tuote on <a href=\"https:\/\/muumimukitrahaksi.fi\/tuote\/muumimuki-fazer\/\">vuoden 2004 Fazer-muki<\/a>, joka on kaikkien aikojen arvokkain tuotantoon p\u00e4\u00e4tynyt muumimuki.<\/p>\n<p><span style=\"font-weight: 400;\">Kurkkaa my\u00f6s muut juhlavuoden uutuudet <a href=\"https:\/\/muumimukitrahaksi.fi\/tuote-osasto\/uutuudet\/\">t\u00e4st\u00e4<\/a>.<\/span><\/p>\n<p><span style=\"font-weight: 400;\">L\u00f6ytyyk\u00f6 sinulta Fazer-muumikulho ja haluaisit myyd\u00e4 sen? Me my\u00f6s ostamme muumikulhoja. Klikkaa <\/span><a href=\"https:\/\/muumimukitrahaksi.fi\/ostamme\/\"><span style=\"font-weight: 400;\">t\u00e4st\u00e4<\/span><\/a><span style=\"font-weight: 400;\">, t\u00e4yt\u00e4 lomake ja saat tarjouksen viel\u00e4 saman p\u00e4iv\u00e4n aikana.<\/span><\/p>\n","protected":false},"excerpt":{"rendered":"<p style=\"text-align: center;\"><strong>Nopea toimitus 1-7 vrk \u2022 Ehj\u00e4n\u00e4 perille<\/strong><\/p>\n<p>Myynniss\u00e4 Moomin Arabian muumikulho Fazer x Moomin. Kulho on uusi. Tarra on paikoillaan. <strong>Kulhon mukana ei tule lahjapakkausta<\/strong>. Toimitettaessa kulho pakataan huolellisesti uusiutuvia pakkausmateriaaleja k\u00e4ytt\u00e4en.<\/p>\n<p style=\"text-align: center;\"><strong>\u2022 Laajat maksutavat<\/strong><\/p>\n<p><img loading=\"lazy\" decoding=\"async\" class=\"alignnone size-full wp-image-20757 aligncenter\" src=\"https:\/\/muumimukitrahaksi.fi\/wp-content\/uploads\/2020\/06\/maksutavat-2026-pieni.png\" alt=\"muumimukit rahaksi\" width=\"350\" height=\"200\" \/><\/p>\n","protected":false},"featured_media":152855,"template":"","meta":[],"product_brand":[],"product_cat":[11,406,411],"product_tag":[112,117,134,124],"class_list":{"0":"post-158323","1":"product","2":"type-product","3":"status-publish","4":"has-post-thumbnail","6":"product_cat-kulhot","7":"product_cat-tarralliset-kulhot","8":"product_cat-tuotannosta-poistuneet-kulhot","9":"product_tag-muumikulho","10":"product_tag-muumipeikko","11":"product_tag-nipsu","12":"product_tag-tarraton","14":"first","15":"outofstock","16":"taxable","17":"shipping-taxable","18":"purchasable","19":"product-type-simple"},"yoast_head":"<!-- This site is optimized with the Yoast SEO plugin v27.1.1 - https:\/\/yoast.com\/product\/yoast-seo-wordpress\/ -->\n<title>Muumikulho Fazer x Moomin (2025) *TARRA* - Muumimukit Rahaksi<\/title>\n<meta name=\"description\" content=\"Myynniss\u00e4 Moomin Arabian muumikulho Fazer x Moomin. Kulho on uusi. Tarra on paikoillaan. Kulhon mukana ei tule lahjapakkausta.\" \/>\n<meta name=\"robots\" content=\"index, follow, max-snippet:-1, max-image-preview:large, max-video-preview:-1\" \/>\n<link rel=\"canonical\" href=\"https:\/\/muumimukitrahaksi.fi\/tuote\/muumikulho-fazer-x-moomin-80-vuotisjuhlaboksi-2025-uusi\/\" \/>\n<meta property=\"og:locale\" content=\"ja_JP\" \/>\n<meta property=\"og:type\" content=\"article\" \/>\n<meta property=\"og:title\" content=\"Muumikulho Fazer x Moomin (2025) *TARRA* - Muumimukit Rahaksi\" \/>\n<meta property=\"og:description\" content=\"Myynniss\u00e4 Moomin Arabian muumikulho Fazer x Moomin. Kulho on uusi. Tarra on paikoillaan. Kulhon mukana ei tule lahjapakkausta.\" \/>\n<meta property=\"og:url\" content=\"https:\/\/muumimukitrahaksi.fi\/tuote\/muumikulho-fazer-x-moomin-80-vuotisjuhlaboksi-2025-uusi\/\" \/>\n<meta property=\"og:site_name\" content=\"Muumimukit Rahaksi\" \/>\n<meta property=\"article:publisher\" content=\"https:\/\/www.facebook.com\/muumimukitrahaksi\/\" \/>\n<meta property=\"article:modified_time\" content=\"2026-05-15T07:21:02+00:00\" \/>\n<meta property=\"og:image\" content=\"https:\/\/muumimukitrahaksi.fi\/wp-content\/uploads\/2025\/12\/DSC03036.jpg\" \/>\n\t<meta property=\"og:image:width\" content=\"1000\" \/>\n\t<meta property=\"og:image:height\" content=\"1000\" \/>\n\t<meta property=\"og:image:type\" content=\"image\/jpeg\" \/>\n<meta name=\"twitter:card\" content=\"summary_large_image\" \/>\n<meta name=\"twitter:site\" content=\"@MuumitRahaksi\" \/>\n<meta name=\"twitter:label1\" content=\"\u63a8\u5b9a\u8aad\u307f\u53d6\u308a\u6642\u9593\" \/>\n\t<meta name=\"twitter:data1\" content=\"2\u5206\" \/>\n<script type=\"application\/ld+json\" class=\"yoast-schema-graph\">{\"@context\":\"https:\/\/schema.org\",\"@graph\":[{\"@type\":\"WebPage\",\"@id\":\"https:\/\/muumimukitrahaksi.fi\/tuote\/muumikulho-fazer-x-moomin-2025-tarra\/\",\"url\":\"https:\/\/muumimukitrahaksi.fi\/tuote\/muumikulho-fazer-x-moomin-80-vuotisjuhlaboksi-2025-uusi\/\",\"name\":\"Muumikulho Fazer x Moomin (2025) *TARRA* - Muumimukit Rahaksi\",\"isPartOf\":{\"@id\":\"https:\/\/muumimukitrahaksi.fi\/#website\"},\"primaryImageOfPage\":{\"@id\":\"https:\/\/muumimukitrahaksi.fi\/tuote\/muumikulho-fazer-x-moomin-80-vuotisjuhlaboksi-2025-uusi\/#primaryimage\"},\"image\":{\"@id\":\"https:\/\/muumimukitrahaksi.fi\/tuote\/muumikulho-fazer-x-moomin-80-vuotisjuhlaboksi-2025-uusi\/#primaryimage\"},\"thumbnailUrl\":\"https:\/\/muumimukitrahaksi.fi\/wp-content\/uploads\/2025\/12\/DSC03036.jpg\",\"datePublished\":\"2026-02-03T13:39:40+00:00\",\"dateModified\":\"2026-05-15T07:21:02+00:00\",\"description\":\"Myynniss\u00e4 Moomin Arabian muumikulho Fazer x Moomin. Kulho on uusi. Tarra on paikoillaan. Kulhon mukana ei tule lahjapakkausta.\",\"breadcrumb\":{\"@id\":\"https:\/\/muumimukitrahaksi.fi\/tuote\/muumikulho-fazer-x-moomin-80-vuotisjuhlaboksi-2025-uusi\/#breadcrumb\"},\"inLanguage\":\"ja\",\"potentialAction\":[{\"@type\":\"ReadAction\",\"target\":[\"https:\/\/muumimukitrahaksi.fi\/tuote\/muumikulho-fazer-x-moomin-80-vuotisjuhlaboksi-2025-uusi\/\"]}]},{\"@type\":\"ImageObject\",\"inLanguage\":\"ja\",\"@id\":\"https:\/\/muumimukitrahaksi.fi\/tuote\/muumikulho-fazer-x-moomin-80-vuotisjuhlaboksi-2025-uusi\/#primaryimage\",\"url\":\"https:\/\/muumimukitrahaksi.fi\/wp-content\/uploads\/2025\/12\/DSC03036.jpg\",\"contentUrl\":\"https:\/\/muumimukitrahaksi.fi\/wp-content\/uploads\/2025\/12\/DSC03036.jpg\",\"width\":1000,\"height\":1000,\"caption\":\"\u30e0\u30fc\u30df\u30f3\u30dc\u30a6\u30eb Fazer x \u30e0\u30fc\u30df\u30f380\u5468\u5e74 \u30a2\u30cb\u30d0\u30fc\u30b5\u30ea\u30fc\u30dc\u30c3\u30af\u30b9\"},{\"@type\":\"BreadcrumbList\",\"@id\":\"https:\/\/muumimukitrahaksi.fi\/tuote\/muumikulho-fazer-x-moomin-80-vuotisjuhlaboksi-2025-uusi\/#breadcrumb\",\"itemListElement\":[{\"@type\":\"ListItem\",\"position\":1,\"name\":\"Etusivu\",\"item\":\"https:\/\/muumimukitrahaksi.fi\/ja\/\"},{\"@type\":\"ListItem\",\"position\":2,\"name\":\"SHOP\",\"item\":\"https:\/\/muumimukitrahaksi.fi\/ja\/%e3%82%b7%e3%83%a7%e3%83%83%e3%83%97\/\"},{\"@type\":\"ListItem\",\"position\":3,\"name\":\"Muumikulho Fazer x Moomin (2025) *TARRA*\"}]},{\"@type\":\"WebSite\",\"@id\":\"https:\/\/muumimukitrahaksi.fi\/#website\",\"url\":\"https:\/\/muumimukitrahaksi.fi\/\",\"name\":\"Muumimukit Rahaksi\",\"description\":\"Muumimukeja, -kulhoja ja -lautasia ker\u00e4ilij\u00f6ille!\",\"publisher\":{\"@id\":\"https:\/\/muumimukitrahaksi.fi\/#organization\"},\"potentialAction\":[{\"@type\":\"SearchAction\",\"target\":{\"@type\":\"EntryPoint\",\"urlTemplate\":\"https:\/\/muumimukitrahaksi.fi\/?s={search_term_string}\"},\"query-input\":{\"@type\":\"PropertyValueSpecification\",\"valueRequired\":true,\"valueName\":\"search_term_string\"}}],\"inLanguage\":\"ja\"},{\"@type\":\"Organization\",\"@id\":\"https:\/\/muumimukitrahaksi.fi\/#organization\",\"name\":\"Muumimukit Rahaksi\",\"url\":\"https:\/\/muumimukitrahaksi.fi\/\",\"logo\":{\"@type\":\"ImageObject\",\"inLanguage\":\"ja\",\"@id\":\"https:\/\/muumimukitrahaksi.fi\/#\/schema\/logo\/image\/\",\"url\":\"https:\/\/muumimukitrahaksi.fi\/wp-content\/uploads\/2017\/09\/logooo.jpg\",\"contentUrl\":\"https:\/\/muumimukitrahaksi.fi\/wp-content\/uploads\/2017\/09\/logooo.jpg\",\"width\":514,\"height\":514,\"caption\":\"Muumimukit Rahaksi\"},\"image\":{\"@id\":\"https:\/\/muumimukitrahaksi.fi\/#\/schema\/logo\/image\/\"},\"sameAs\":[\"https:\/\/www.facebook.com\/muumimukitrahaksi\/\",\"https:\/\/x.com\/MuumitRahaksi\",\"https:\/\/www.instagram.com\/muumimukitrahaksi\/\"]}]}<\/script>\n<!-- \/ Yoast SEO plugin. -->","yoast_head_json":{"title":"Muumikulho Fazer x Moomin (2025) *TARRA* - Muumimukit Rahaksi","description":"Myynniss\u00e4 Moomin Arabian muumikulho Fazer x Moomin. Kulho on uusi. Tarra on paikoillaan. Kulhon mukana ei tule lahjapakkausta.","robots":{"index":"index","follow":"follow","max-snippet":"max-snippet:-1","max-image-preview":"max-image-preview:large","max-video-preview":"max-video-preview:-1"},"canonical":"https:\/\/muumimukitrahaksi.fi\/tuote\/muumikulho-fazer-x-moomin-80-vuotisjuhlaboksi-2025-uusi\/","og_locale":"ja_JP","og_type":"article","og_title":"Muumikulho Fazer x Moomin (2025) *TARRA* - Muumimukit Rahaksi","og_description":"Myynniss\u00e4 Moomin Arabian muumikulho Fazer x Moomin. Kulho on uusi. Tarra on paikoillaan. Kulhon mukana ei tule lahjapakkausta.","og_url":"https:\/\/muumimukitrahaksi.fi\/tuote\/muumikulho-fazer-x-moomin-80-vuotisjuhlaboksi-2025-uusi\/","og_site_name":"Muumimukit Rahaksi","article_publisher":"https:\/\/www.facebook.com\/muumimukitrahaksi\/","article_modified_time":"2026-05-15T07:21:02+00:00","og_image":[{"width":1000,"height":1000,"url":"https:\/\/muumimukitrahaksi.fi\/wp-content\/uploads\/2025\/12\/DSC03036.jpg","type":"image\/jpeg"}],"twitter_card":"summary_large_image","twitter_site":"@MuumitRahaksi","twitter_misc":{"\u63a8\u5b9a\u8aad\u307f\u53d6\u308a\u6642\u9593":"2\u5206"},"schema":{"@context":"https:\/\/schema.org","@graph":[{"@type":"WebPage","@id":"https:\/\/muumimukitrahaksi.fi\/tuote\/muumikulho-fazer-x-moomin-2025-tarra\/","url":"https:\/\/muumimukitrahaksi.fi\/tuote\/muumikulho-fazer-x-moomin-80-vuotisjuhlaboksi-2025-uusi\/","name":"Muumikulho Fazer x Moomin (2025) *TARRA* - Muumimukit Rahaksi","isPartOf":{"@id":"https:\/\/muumimukitrahaksi.fi\/#website"},"primaryImageOfPage":{"@id":"https:\/\/muumimukitrahaksi.fi\/tuote\/muumikulho-fazer-x-moomin-80-vuotisjuhlaboksi-2025-uusi\/#primaryimage"},"image":{"@id":"https:\/\/muumimukitrahaksi.fi\/tuote\/muumikulho-fazer-x-moomin-80-vuotisjuhlaboksi-2025-uusi\/#primaryimage"},"thumbnailUrl":"https:\/\/muumimukitrahaksi.fi\/wp-content\/uploads\/2025\/12\/DSC03036.jpg","datePublished":"2026-02-03T13:39:40+00:00","dateModified":"2026-05-15T07:21:02+00:00","description":"Myynniss\u00e4 Moomin Arabian muumikulho Fazer x Moomin. Kulho on uusi. Tarra on paikoillaan. Kulhon mukana ei tule lahjapakkausta.","breadcrumb":{"@id":"https:\/\/muumimukitrahaksi.fi\/tuote\/muumikulho-fazer-x-moomin-80-vuotisjuhlaboksi-2025-uusi\/#breadcrumb"},"inLanguage":"ja","potentialAction":[{"@type":"ReadAction","target":["https:\/\/muumimukitrahaksi.fi\/tuote\/muumikulho-fazer-x-moomin-80-vuotisjuhlaboksi-2025-uusi\/"]}]},{"@type":"ImageObject","inLanguage":"ja","@id":"https:\/\/muumimukitrahaksi.fi\/tuote\/muumikulho-fazer-x-moomin-80-vuotisjuhlaboksi-2025-uusi\/#primaryimage","url":"https:\/\/muumimukitrahaksi.fi\/wp-content\/uploads\/2025\/12\/DSC03036.jpg","contentUrl":"https:\/\/muumimukitrahaksi.fi\/wp-content\/uploads\/2025\/12\/DSC03036.jpg","width":1000,"height":1000,"caption":"\u30e0\u30fc\u30df\u30f3\u30dc\u30a6\u30eb Fazer x \u30e0\u30fc\u30df\u30f380\u5468\u5e74 \u30a2\u30cb\u30d0\u30fc\u30b5\u30ea\u30fc\u30dc\u30c3\u30af\u30b9"},{"@type":"BreadcrumbList","@id":"https:\/\/muumimukitrahaksi.fi\/tuote\/muumikulho-fazer-x-moomin-80-vuotisjuhlaboksi-2025-uusi\/#breadcrumb","itemListElement":[{"@type":"ListItem","position":1,"name":"Etusivu","item":"https:\/\/muumimukitrahaksi.fi\/ja\/"},{"@type":"ListItem","position":2,"name":"SHOP","item":"https:\/\/muumimukitrahaksi.fi\/ja\/%e3%82%b7%e3%83%a7%e3%83%83%e3%83%97\/"},{"@type":"ListItem","position":3,"name":"Muumikulho Fazer x Moomin (2025) *TARRA*"}]},{"@type":"WebSite","@id":"https:\/\/muumimukitrahaksi.fi\/#website","url":"https:\/\/muumimukitrahaksi.fi\/","name":"Muumimukit Rahaksi","description":"Muumimukeja, -kulhoja ja -lautasia ker\u00e4ilij\u00f6ille!","publisher":{"@id":"https:\/\/muumimukitrahaksi.fi\/#organization"},"potentialAction":[{"@type":"SearchAction","target":{"@type":"EntryPoint","urlTemplate":"https:\/\/muumimukitrahaksi.fi\/?s={search_term_string}"},"query-input":{"@type":"PropertyValueSpecification","valueRequired":true,"valueName":"search_term_string"}}],"inLanguage":"ja"},{"@type":"Organization","@id":"https:\/\/muumimukitrahaksi.fi\/#organization","name":"Muumimukit Rahaksi","url":"https:\/\/muumimukitrahaksi.fi\/","logo":{"@type":"ImageObject","inLanguage":"ja","@id":"https:\/\/muumimukitrahaksi.fi\/#\/schema\/logo\/image\/","url":"https:\/\/muumimukitrahaksi.fi\/wp-content\/uploads\/2017\/09\/logooo.jpg","contentUrl":"https:\/\/muumimukitrahaksi.fi\/wp-content\/uploads\/2017\/09\/logooo.jpg","width":514,"height":514,"caption":"Muumimukit Rahaksi"},"image":{"@id":"https:\/\/muumimukitrahaksi.fi\/#\/schema\/logo\/image\/"},"sameAs":["https:\/\/www.facebook.com\/muumimukitrahaksi\/","https:\/\/x.com\/MuumitRahaksi","https:\/\/www.instagram.com\/muumimukitrahaksi\/"]}]}},"_links":{"self":[{"href":"https:\/\/muumimukitrahaksi.fi\/ja\/wp-json\/wp\/v2\/product\/158323","targetHints":{"allow":["GET"]}}],"collection":[{"href":"https:\/\/muumimukitrahaksi.fi\/ja\/wp-json\/wp\/v2\/product"}],"about":[{"href":"https:\/\/muumimukitrahaksi.fi\/ja\/wp-json\/wp\/v2\/types\/product"}],"wp:featuredmedia":[{"embeddable":true,"href":"https:\/\/muumimukitrahaksi.fi\/ja\/wp-json\/wp\/v2\/media\/152855"}],"wp:attachment":[{"href":"https:\/\/muumimukitrahaksi.fi\/ja\/wp-json\/wp\/v2\/media?parent=158323"}],"wp:term":[{"taxonomy":"product_brand","embeddable":true,"href":"https:\/\/muumimukitrahaksi.fi\/ja\/wp-json\/wp\/v2\/product_brand?post=158323"},{"taxonomy":"product_cat","embeddable":true,"href":"https:\/\/muumimukitrahaksi.fi\/ja\/wp-json\/wp\/v2\/product_cat?post=158323"},{"taxonomy":"product_tag","embeddable":true,"href":"https:\/\/muumimukitrahaksi.fi\/ja\/wp-json\/wp\/v2\/product_tag?post=158323"}],"curies":[{"name":"wp","href":"https:\/\/api.w.org\/{rel}","templated":true}]}}