{"id":159970,"date":"2026-02-23T13:33:13","date_gmt":"2026-02-23T11:33:13","guid":{"rendered":"https:\/\/muumimukitrahaksi.fi\/?post_type=product&#038;p=159970"},"modified":"2026-04-23T06:57:15","modified_gmt":"2026-04-23T03:57:15","slug":"muumimuki-abc-a-04l-2026-tarra","status":"publish","type":"product","link":"https:\/\/muumimukitrahaksi.fi\/ja\/\u5546\u54c1\/muumimuki-abc-a-04l-2026-tarra\/","title":{"rendered":"Muumimuki ABC \u00c4, 0,4l (2026-) *TARRA*"},"content":{"rendered":"<p style=\"text-align: center;\"><strong>\u2022 Kuntotarkastetut tuotteet \u2022 My\u00f6s lasku\/osamaksu \u2022 Moomin Characters Oy lisenssinhaltija<\/strong><\/p>\n<p><strong>Muumimuki ABC \u00c4<\/strong>\u00a0on osa Arabian vuonna 2022 lanseeraamaa ABC-erikoiskokoelmaa. ABC-kokoelman ideana on houkutella muodostamaan erilaisia merkityksellisi\u00e4 sanoja eri kirjainmukeja yhdistelem\u00e4ll\u00e4. Ensimm\u00e4isen\u00e4 julkaistavat L-, O-, V- ja E-mukit muodostavat yhdess\u00e4 englanniksi sanan rakkaus. Kokoelma on osa A:sta \u00d6:h\u00f6n Muumien matkassa -hanketta, joka pyrkii levitt\u00e4m\u00e4\u00e4n lukemisen ja kirjoittamisen iloa yh\u00e4 vankemmin osaksi sek\u00e4 lasten, nuorten ett\u00e4 aikuisten el\u00e4m\u00e4\u00e4.<\/p>\n<p>ABC-mukit ovat ensimm\u00e4iset Arabian astiat, joissa n\u00e4hd\u00e4\u00e4n Tove Janssonin upeita aakkosia. Aakkoset perustuvat kirjainkuvituksiin, jotka Jansson piirsi Muumipapan uroty\u00f6t -kirjaan ja Muumi-karttoihin. Jokaisen kirjaimen yhteyteen on yhdistetty my\u00f6s oma Muumi-hahmo. Yksitt\u00e4in mukit ovatkin erinomaisia nimikkolahjoja esimerkiksi syntym\u00e4p\u00e4iv\u00e4sankareille tai vuosip\u00e4iv\u00e4n\u00e4 omalle rakkaalle. Mukit ovat kooltaan 0,4 litraa eli suurempia kuin ns. perinteiset muumimukit. Design on puolestaan tuttuun tapaan Kaj Franckin Teema-sarjaa.<\/p>\n<p>ABC \u00c4 -muumimukin kuvituksen p\u00e4\u00e4osassa n\u00e4hd\u00e4\u00e4n Mymmelin \u00e4iti lapsikatraan keskell\u00e4. Sama teema jatkuu mukin toisella puolella, jossa perheen pienimpien parissa puuhailee Mymmeli.<\/p>\n<p>Kurkkaa muut 0,4 litran muumimukit\u00a0<a href=\"https:\/\/muumimukitrahaksi.fi\/tuote-osasto\/mukit\/04l-mukit\/\" target=\"_blank\" rel=\"noopener noreferrer\">t\u00e4st\u00e4<\/a>.<\/p>\n<p>L\u00f6ytyyk\u00f6 sinulta ABC \u00c4 -muumimuki ja haluaisit myyd\u00e4 sen? Me my\u00f6s ostamme muumimukeja. Klikkaa <a href=\"https:\/\/muumimukitrahaksi.fi\/ostamme\/\" target=\"_blank\" rel=\"noopener noreferrer\">t\u00e4st\u00e4<\/a>, t\u00e4yt\u00e4 lomake ja saat tarjouksen viel\u00e4 saman p\u00e4iv\u00e4n aikana.<\/p>\n","protected":false},"excerpt":{"rendered":"<p style=\"text-align: center;\"><strong>Nopea toimitus 1-7 vrk \u2022 Ehj\u00e4n\u00e4 perille<\/strong><\/p>\n<p>Myynniss\u00e4 Moomin Arabian muumimuki ABC \u00c4.\u00a0Muki on uusi. Tarra on paikoillaan. Hinta (24,90\u20ac) sis. ALV. Toimitettaessa muki pakataan huolellisesti uusiutuvia pakkausmateriaaleja k\u00e4ytt\u00e4en.<\/p>\n<p style=\"text-align: center;\"><strong>\u2022 Laajat maksutavat<\/strong><\/p>\n<p><img loading=\"lazy\" decoding=\"async\" class=\"alignnone size-full wp-image-20757 aligncenter\" src=\"https:\/\/muumimukitrahaksi.fi\/wp-content\/uploads\/2020\/06\/maksutavat-2026-pieni.png\" alt=\"muumimukit rahaksi\" width=\"350\" height=\"200\" \/><\/p>\n","protected":false},"featured_media":158439,"template":"","meta":[],"product_brand":[],"product_cat":[506,402,8,382,391,668],"product_tag":[458,503,110,123],"class_list":{"0":"post-159970","1":"product","2":"type-product","3":"status-publish","4":"has-post-thumbnail","6":"product_cat-04l-mukit","7":"product_cat-arabia-mukit","8":"product_cat-mukit","9":"product_cat-tarralliset","10":"product_cat-tuotannossa-olevat-mukit","11":"product_cat-uutuudet","12":"product_tag-04l","13":"product_tag-abc","14":"product_tag-muumimuki","15":"product_tag-tarrallinen","17":"first","18":"instock","19":"taxable","20":"shipping-taxable","21":"purchasable","22":"product-type-simple"},"yoast_head":"<!-- This site is optimized with the Yoast SEO plugin v27.1.1 - https:\/\/yoast.com\/product\/yoast-seo-wordpress\/ -->\n<title>Muumimuki ABC \u00c4, 0,4l (2026-) *TARRA* - Muumimukit Rahaksi<\/title>\n<meta name=\"description\" content=\"Muumimuki ABC \u00c4\u00a0on osa Moomin Arabian lanseeraamaa ABC-erikoiskokoelmaa. ABC \u00c4 -muumimukin kuvituksen p\u00e4\u00e4osassa n\u00e4hd\u00e4\u00e4n Mymmelin \u00e4iti lapsikatraan keskell\u00e4.\" \/>\n<meta name=\"robots\" content=\"index, follow, max-snippet:-1, max-image-preview:large, max-video-preview:-1\" \/>\n<link rel=\"canonical\" href=\"https:\/\/muumimukitrahaksi.fi\/tuote\/muumimuki-abc-a-04l-2026-tarra\/\" \/>\n<meta property=\"og:locale\" content=\"ja_JP\" \/>\n<meta property=\"og:type\" content=\"article\" \/>\n<meta property=\"og:title\" content=\"Muumimuki ABC \u00c4, 0,4l (2026-) *TARRA* - Muumimukit Rahaksi\" \/>\n<meta property=\"og:description\" content=\"Muumimuki ABC \u00c4\u00a0on osa Moomin Arabian lanseeraamaa ABC-erikoiskokoelmaa. ABC \u00c4 -muumimukin kuvituksen p\u00e4\u00e4osassa n\u00e4hd\u00e4\u00e4n Mymmelin \u00e4iti lapsikatraan keskell\u00e4.\" \/>\n<meta property=\"og:url\" content=\"https:\/\/muumimukitrahaksi.fi\/tuote\/muumimuki-abc-a-04l-2026-tarra\/\" \/>\n<meta property=\"og:site_name\" content=\"Muumimukit Rahaksi\" \/>\n<meta property=\"article:publisher\" content=\"https:\/\/www.facebook.com\/muumimukitrahaksi\/\" \/>\n<meta property=\"article:modified_time\" content=\"2026-04-23T03:57:15+00:00\" \/>\n<meta property=\"og:image\" content=\"https:\/\/muumimukitrahaksi.fi\/wp-content\/uploads\/2026\/02\/04_A_1.jpg\" \/>\n\t<meta property=\"og:image:width\" content=\"1000\" \/>\n\t<meta property=\"og:image:height\" content=\"1000\" \/>\n\t<meta property=\"og:image:type\" content=\"image\/jpeg\" \/>\n<meta name=\"twitter:card\" content=\"summary_large_image\" \/>\n<meta name=\"twitter:site\" content=\"@MuumitRahaksi\" \/>\n<meta name=\"twitter:label1\" content=\"\u63a8\u5b9a\u8aad\u307f\u53d6\u308a\u6642\u9593\" \/>\n\t<meta name=\"twitter:data1\" content=\"2\u5206\" \/>\n<script type=\"application\/ld+json\" class=\"yoast-schema-graph\">{\"@context\":\"https:\/\/schema.org\",\"@graph\":[{\"@type\":\"WebPage\",\"@id\":\"https:\/\/muumimukitrahaksi.fi\/tuote\/muumimuki-abc-a-04l-2026-tarra\/\",\"url\":\"https:\/\/muumimukitrahaksi.fi\/tuote\/muumimuki-abc-a-04l-2026-tarra\/\",\"name\":\"Muumimuki ABC \u00c4, 0,4l (2026-) *TARRA* - Muumimukit Rahaksi\",\"isPartOf\":{\"@id\":\"https:\/\/muumimukitrahaksi.fi\/#website\"},\"primaryImageOfPage\":{\"@id\":\"https:\/\/muumimukitrahaksi.fi\/tuote\/muumimuki-abc-a-04l-2026-tarra\/#primaryimage\"},\"image\":{\"@id\":\"https:\/\/muumimukitrahaksi.fi\/tuote\/muumimuki-abc-a-04l-2026-tarra\/#primaryimage\"},\"thumbnailUrl\":\"https:\/\/muumimukitrahaksi.fi\/wp-content\/uploads\/2026\/02\/04_A_1.jpg\",\"datePublished\":\"2026-02-23T11:33:13+00:00\",\"dateModified\":\"2026-04-23T03:57:15+00:00\",\"description\":\"Muumimuki ABC \u00c4\u00a0on osa Moomin Arabian lanseeraamaa ABC-erikoiskokoelmaa. ABC \u00c4 -muumimukin kuvituksen p\u00e4\u00e4osassa n\u00e4hd\u00e4\u00e4n Mymmelin \u00e4iti lapsikatraan keskell\u00e4.\",\"breadcrumb\":{\"@id\":\"https:\/\/muumimukitrahaksi.fi\/tuote\/muumimuki-abc-a-04l-2026-tarra\/#breadcrumb\"},\"inLanguage\":\"ja\",\"potentialAction\":[{\"@type\":\"ReadAction\",\"target\":[\"https:\/\/muumimukitrahaksi.fi\/tuote\/muumimuki-abc-a-04l-2026-tarra\/\"]}]},{\"@type\":\"ImageObject\",\"inLanguage\":\"ja\",\"@id\":\"https:\/\/muumimukitrahaksi.fi\/tuote\/muumimuki-abc-a-04l-2026-tarra\/#primaryimage\",\"url\":\"https:\/\/muumimukitrahaksi.fi\/wp-content\/uploads\/2026\/02\/04_A_1.jpg\",\"contentUrl\":\"https:\/\/muumimukitrahaksi.fi\/wp-content\/uploads\/2026\/02\/04_A_1.jpg\",\"width\":1000,\"height\":1000,\"caption\":\"Muumimuki ABC \u00c4\"},{\"@type\":\"BreadcrumbList\",\"@id\":\"https:\/\/muumimukitrahaksi.fi\/tuote\/muumimuki-abc-a-04l-2026-tarra\/#breadcrumb\",\"itemListElement\":[{\"@type\":\"ListItem\",\"position\":1,\"name\":\"Etusivu\",\"item\":\"https:\/\/muumimukitrahaksi.fi\/ja\/\"},{\"@type\":\"ListItem\",\"position\":2,\"name\":\"SHOP\",\"item\":\"https:\/\/muumimukitrahaksi.fi\/ja\/%e3%82%b7%e3%83%a7%e3%83%83%e3%83%97\/\"},{\"@type\":\"ListItem\",\"position\":3,\"name\":\"Muumimuki ABC \u00c4, 0,4l (2026-) *TARRA*\"}]},{\"@type\":\"WebSite\",\"@id\":\"https:\/\/muumimukitrahaksi.fi\/#website\",\"url\":\"https:\/\/muumimukitrahaksi.fi\/\",\"name\":\"Muumimukit Rahaksi\",\"description\":\"Muumimukeja, -kulhoja ja -lautasia ker\u00e4ilij\u00f6ille!\",\"publisher\":{\"@id\":\"https:\/\/muumimukitrahaksi.fi\/#organization\"},\"potentialAction\":[{\"@type\":\"SearchAction\",\"target\":{\"@type\":\"EntryPoint\",\"urlTemplate\":\"https:\/\/muumimukitrahaksi.fi\/?s={search_term_string}\"},\"query-input\":{\"@type\":\"PropertyValueSpecification\",\"valueRequired\":true,\"valueName\":\"search_term_string\"}}],\"inLanguage\":\"ja\"},{\"@type\":\"Organization\",\"@id\":\"https:\/\/muumimukitrahaksi.fi\/#organization\",\"name\":\"Muumimukit Rahaksi\",\"url\":\"https:\/\/muumimukitrahaksi.fi\/\",\"logo\":{\"@type\":\"ImageObject\",\"inLanguage\":\"ja\",\"@id\":\"https:\/\/muumimukitrahaksi.fi\/#\/schema\/logo\/image\/\",\"url\":\"https:\/\/muumimukitrahaksi.fi\/wp-content\/uploads\/2017\/09\/logooo.jpg\",\"contentUrl\":\"https:\/\/muumimukitrahaksi.fi\/wp-content\/uploads\/2017\/09\/logooo.jpg\",\"width\":514,\"height\":514,\"caption\":\"Muumimukit Rahaksi\"},\"image\":{\"@id\":\"https:\/\/muumimukitrahaksi.fi\/#\/schema\/logo\/image\/\"},\"sameAs\":[\"https:\/\/www.facebook.com\/muumimukitrahaksi\/\",\"https:\/\/x.com\/MuumitRahaksi\",\"https:\/\/www.instagram.com\/muumimukitrahaksi\/\"]}]}<\/script>\n<!-- \/ Yoast SEO plugin. -->","yoast_head_json":{"title":"Muumimuki ABC \u00c4, 0,4l (2026-) *TARRA* - Muumimukit Rahaksi","description":"Muumimuki ABC \u00c4\u00a0on osa Moomin Arabian lanseeraamaa ABC-erikoiskokoelmaa. ABC \u00c4 -muumimukin kuvituksen p\u00e4\u00e4osassa n\u00e4hd\u00e4\u00e4n Mymmelin \u00e4iti lapsikatraan keskell\u00e4.","robots":{"index":"index","follow":"follow","max-snippet":"max-snippet:-1","max-image-preview":"max-image-preview:large","max-video-preview":"max-video-preview:-1"},"canonical":"https:\/\/muumimukitrahaksi.fi\/tuote\/muumimuki-abc-a-04l-2026-tarra\/","og_locale":"ja_JP","og_type":"article","og_title":"Muumimuki ABC \u00c4, 0,4l (2026-) *TARRA* - Muumimukit Rahaksi","og_description":"Muumimuki ABC \u00c4\u00a0on osa Moomin Arabian lanseeraamaa ABC-erikoiskokoelmaa. ABC \u00c4 -muumimukin kuvituksen p\u00e4\u00e4osassa n\u00e4hd\u00e4\u00e4n Mymmelin \u00e4iti lapsikatraan keskell\u00e4.","og_url":"https:\/\/muumimukitrahaksi.fi\/tuote\/muumimuki-abc-a-04l-2026-tarra\/","og_site_name":"Muumimukit Rahaksi","article_publisher":"https:\/\/www.facebook.com\/muumimukitrahaksi\/","article_modified_time":"2026-04-23T03:57:15+00:00","og_image":[{"width":1000,"height":1000,"url":"https:\/\/muumimukitrahaksi.fi\/wp-content\/uploads\/2026\/02\/04_A_1.jpg","type":"image\/jpeg"}],"twitter_card":"summary_large_image","twitter_site":"@MuumitRahaksi","twitter_misc":{"\u63a8\u5b9a\u8aad\u307f\u53d6\u308a\u6642\u9593":"2\u5206"},"schema":{"@context":"https:\/\/schema.org","@graph":[{"@type":"WebPage","@id":"https:\/\/muumimukitrahaksi.fi\/tuote\/muumimuki-abc-a-04l-2026-tarra\/","url":"https:\/\/muumimukitrahaksi.fi\/tuote\/muumimuki-abc-a-04l-2026-tarra\/","name":"Muumimuki ABC \u00c4, 0,4l (2026-) *TARRA* - Muumimukit Rahaksi","isPartOf":{"@id":"https:\/\/muumimukitrahaksi.fi\/#website"},"primaryImageOfPage":{"@id":"https:\/\/muumimukitrahaksi.fi\/tuote\/muumimuki-abc-a-04l-2026-tarra\/#primaryimage"},"image":{"@id":"https:\/\/muumimukitrahaksi.fi\/tuote\/muumimuki-abc-a-04l-2026-tarra\/#primaryimage"},"thumbnailUrl":"https:\/\/muumimukitrahaksi.fi\/wp-content\/uploads\/2026\/02\/04_A_1.jpg","datePublished":"2026-02-23T11:33:13+00:00","dateModified":"2026-04-23T03:57:15+00:00","description":"Muumimuki ABC \u00c4\u00a0on osa Moomin Arabian lanseeraamaa ABC-erikoiskokoelmaa. ABC \u00c4 -muumimukin kuvituksen p\u00e4\u00e4osassa n\u00e4hd\u00e4\u00e4n Mymmelin \u00e4iti lapsikatraan keskell\u00e4.","breadcrumb":{"@id":"https:\/\/muumimukitrahaksi.fi\/tuote\/muumimuki-abc-a-04l-2026-tarra\/#breadcrumb"},"inLanguage":"ja","potentialAction":[{"@type":"ReadAction","target":["https:\/\/muumimukitrahaksi.fi\/tuote\/muumimuki-abc-a-04l-2026-tarra\/"]}]},{"@type":"ImageObject","inLanguage":"ja","@id":"https:\/\/muumimukitrahaksi.fi\/tuote\/muumimuki-abc-a-04l-2026-tarra\/#primaryimage","url":"https:\/\/muumimukitrahaksi.fi\/wp-content\/uploads\/2026\/02\/04_A_1.jpg","contentUrl":"https:\/\/muumimukitrahaksi.fi\/wp-content\/uploads\/2026\/02\/04_A_1.jpg","width":1000,"height":1000,"caption":"Muumimuki ABC \u00c4"},{"@type":"BreadcrumbList","@id":"https:\/\/muumimukitrahaksi.fi\/tuote\/muumimuki-abc-a-04l-2026-tarra\/#breadcrumb","itemListElement":[{"@type":"ListItem","position":1,"name":"Etusivu","item":"https:\/\/muumimukitrahaksi.fi\/ja\/"},{"@type":"ListItem","position":2,"name":"SHOP","item":"https:\/\/muumimukitrahaksi.fi\/ja\/%e3%82%b7%e3%83%a7%e3%83%83%e3%83%97\/"},{"@type":"ListItem","position":3,"name":"Muumimuki ABC \u00c4, 0,4l (2026-) *TARRA*"}]},{"@type":"WebSite","@id":"https:\/\/muumimukitrahaksi.fi\/#website","url":"https:\/\/muumimukitrahaksi.fi\/","name":"Muumimukit Rahaksi","description":"Muumimukeja, -kulhoja ja -lautasia ker\u00e4ilij\u00f6ille!","publisher":{"@id":"https:\/\/muumimukitrahaksi.fi\/#organization"},"potentialAction":[{"@type":"SearchAction","target":{"@type":"EntryPoint","urlTemplate":"https:\/\/muumimukitrahaksi.fi\/?s={search_term_string}"},"query-input":{"@type":"PropertyValueSpecification","valueRequired":true,"valueName":"search_term_string"}}],"inLanguage":"ja"},{"@type":"Organization","@id":"https:\/\/muumimukitrahaksi.fi\/#organization","name":"Muumimukit Rahaksi","url":"https:\/\/muumimukitrahaksi.fi\/","logo":{"@type":"ImageObject","inLanguage":"ja","@id":"https:\/\/muumimukitrahaksi.fi\/#\/schema\/logo\/image\/","url":"https:\/\/muumimukitrahaksi.fi\/wp-content\/uploads\/2017\/09\/logooo.jpg","contentUrl":"https:\/\/muumimukitrahaksi.fi\/wp-content\/uploads\/2017\/09\/logooo.jpg","width":514,"height":514,"caption":"Muumimukit Rahaksi"},"image":{"@id":"https:\/\/muumimukitrahaksi.fi\/#\/schema\/logo\/image\/"},"sameAs":["https:\/\/www.facebook.com\/muumimukitrahaksi\/","https:\/\/x.com\/MuumitRahaksi","https:\/\/www.instagram.com\/muumimukitrahaksi\/"]}]}},"_links":{"self":[{"href":"https:\/\/muumimukitrahaksi.fi\/ja\/wp-json\/wp\/v2\/product\/159970","targetHints":{"allow":["GET"]}}],"collection":[{"href":"https:\/\/muumimukitrahaksi.fi\/ja\/wp-json\/wp\/v2\/product"}],"about":[{"href":"https:\/\/muumimukitrahaksi.fi\/ja\/wp-json\/wp\/v2\/types\/product"}],"wp:featuredmedia":[{"embeddable":true,"href":"https:\/\/muumimukitrahaksi.fi\/ja\/wp-json\/wp\/v2\/media\/158439"}],"wp:attachment":[{"href":"https:\/\/muumimukitrahaksi.fi\/ja\/wp-json\/wp\/v2\/media?parent=159970"}],"wp:term":[{"taxonomy":"product_brand","embeddable":true,"href":"https:\/\/muumimukitrahaksi.fi\/ja\/wp-json\/wp\/v2\/product_brand?post=159970"},{"taxonomy":"product_cat","embeddable":true,"href":"https:\/\/muumimukitrahaksi.fi\/ja\/wp-json\/wp\/v2\/product_cat?post=159970"},{"taxonomy":"product_tag","embeddable":true,"href":"https:\/\/muumimukitrahaksi.fi\/ja\/wp-json\/wp\/v2\/product_tag?post=159970"}],"curies":[{"name":"wp","href":"https:\/\/api.w.org\/{rel}","templated":true}]}}