{"id":160030,"date":"2026-02-24T10:33:43","date_gmt":"2026-02-24T08:33:43","guid":{"rendered":"https:\/\/muumimukitrahaksi.fi\/?post_type=product&#038;p=160030"},"modified":"2026-03-23T19:46:08","modified_gmt":"2026-03-23T17:46:08","slug":"muumi-tarjoilukulho-haru-morko-2026-tarra","status":"publish","type":"product","link":"https:\/\/muumimukitrahaksi.fi\/ja\/\u5546\u54c1\/muumi-tarjoilukulho-haru-morko-2026-tarra\/","title":{"rendered":"Muumi-tarjoilukulho Haru M\u00f6rk\u00f6 (2026-) *TARRA*"},"content":{"rendered":"<p style=\"text-align: center;\"><strong>\u2022 Kuntotarkastetut tuotteet \u2022 My\u00f6s lasku\/osamaksu \u2022 Moomin Characters Oy lisenssinhaltija<\/strong><\/p>\n<p><strong>Muumi-tarjoilukulho Haru M\u00f6rk\u00f6 <\/strong>on osa Moomin Arabian ensimm\u00e4ist\u00e4 kokonaista ruokailuastiastoa. Kulhon tilavuus on n. 0,2 litraa ja leveys 12cm. Useasta astiasta ja sisustustavarasta koostuvan Haru-kokoelman nimi viittaa Porvoon edustalla sijaitsevaan Klovharun-saareen, joka tunnetaan my\u00f6s lyhyesti nimell\u00e4 Haru. Tove Jansson vietti yhdess\u00e4 kumppaninsa Tuulikki Pietil\u00e4n kanssa merkitt\u00e4v\u00e4sti aikaa saarella sijainneella kes\u00e4m\u00f6kill\u00e4. Astiat on suunnitellut suomalais-japanilainen suunnittelijakaksikko Naoto Niidome ja Nathalie Lautenbacher, jotka ovat yhdistelleet kokoelmaan pohjoisia ja japanilaisia vaikutteita. Haru tarkoittaakin japaniksi kev\u00e4tt\u00e4.<\/p>\n<p>Haru-kokoelman v\u00e4rimaailma on hillityn klassinen, jossa musteensiniset kuvitukset ovat luotu valkoiselle pohjalle. Kuvitukset pohjautuvat Tove Janssonin luomiin kranssikuvituksiin. Jansson k\u00e4ytti uransa aikana muumihahmoja sis\u00e4lt\u00e4vi\u00e4 kranssipiirroksia usein mm. kirjoissa ja kirjeiss\u00e4, joilla h\u00e4n vastasi saamaansa fanipostiin. Astiaston muotoilussa on puolestaan haettu vaikutteita saaristomeren pehme\u00e4reunaisiksi py\u00f6rist\u00e4mist\u00e4 kivist\u00e4 ja kallioista.<\/p>\n<p>Kurkkaa my\u00f6s muut Haru-kokoelman tuotteet\u00a0<a href=\"https:\/\/muumimukitrahaksi.fi\/tuote-avainsana\/haru\/\" target=\"_blank\" rel=\"noopener noreferrer\">t\u00e4st\u00e4<\/a>.<\/p>\n<p><span style=\"font-weight: 400;\">L\u00f6ytyyk\u00f6 sinulta Haru-tarjoilukulho M\u00f6rk\u00f6 ja haluaisit myyd\u00e4 sen? Me my\u00f6s ostamme muumikulhoja. Klikkaa <\/span><a href=\"https:\/\/muumimukitrahaksi.fi\/ostamme\/\" target=\"_blank\" rel=\"noopener noreferrer\"><span style=\"font-weight: 400;\">t\u00e4st\u00e4<\/span><\/a><span style=\"font-weight: 400;\">, t\u00e4yt\u00e4 lomake ja saat tarjouksen viel\u00e4 saman p\u00e4iv\u00e4n aikana.<\/span><\/p>\n","protected":false},"excerpt":{"rendered":"<p style=\"text-align: center;\"><strong>Nopea toimitus 1-7 vrk \u2022 Ehj\u00e4n\u00e4 perille<\/strong><\/p>\n<p>Myynniss\u00e4 Moomin Arabian Muumi-tarjoilukulho Haru M\u00f6rk\u00f6. Tarjoilukulho on uusi. Tarra on paikoillaan. Hinta (19,90\u20ac) sis. ALV. Toimitettaessa kulho pakataan huolellisesti uusiutuvia pakkausmateriaaleja k\u00e4ytt\u00e4en.<\/p>\n<p style=\"text-align: center;\"><strong>\u2022 Laajat maksutavat<\/strong><\/p>\n<p><img loading=\"lazy\" decoding=\"async\" class=\"alignnone size-full wp-image-20757 aligncenter\" src=\"https:\/\/muumimukitrahaksi.fi\/wp-content\/uploads\/2020\/06\/maksutavat-2026-pieni.png\" alt=\"muumimukit rahaksi\" width=\"350\" height=\"200\" \/><\/p>\n","protected":false},"featured_media":158487,"template":"","meta":[],"product_brand":[],"product_cat":[11,12,440,418,406,410,668],"product_tag":[652,112,123],"class_list":{"0":"post-160030","1":"product","2":"type-product","3":"status-publish","4":"has-post-thumbnail","6":"product_cat-kulhot","7":"product_cat-muut","8":"product_cat-tarjoiluastiat","9":"product_cat-tarjoilukulhot","10":"product_cat-tarralliset-kulhot","11":"product_cat-tuotannossa-olevat-kulhot","12":"product_cat-uutuudet","13":"product_tag-haru","14":"product_tag-muumikulho","15":"product_tag-tarrallinen","17":"first","18":"instock","19":"taxable","20":"shipping-taxable","21":"purchasable","22":"product-type-simple"},"yoast_head":"<!-- This site is optimized with the Yoast SEO plugin v27.1.1 - https:\/\/yoast.com\/product\/yoast-seo-wordpress\/ -->\n<title>Muumi-tarjoilukulho Haru M\u00f6rk\u00f6 (2026-) *TARRA* - Muumimukit Rahaksi<\/title>\n<meta name=\"description\" content=\"Muumi-tarjoilukulho Haru M\u00f6rk\u00f6 on osa Moomin Arabian ensimm\u00e4ist\u00e4 kokonaista ruokailuastiastoa. Kulhon tilavuus on n. 0,2 litraa.\" \/>\n<meta name=\"robots\" content=\"index, follow, max-snippet:-1, max-image-preview:large, max-video-preview:-1\" \/>\n<link rel=\"canonical\" href=\"https:\/\/muumimukitrahaksi.fi\/tuote\/muumi-tarjoilukulho-haru-morko-2026-tarra\/\" \/>\n<meta property=\"og:locale\" content=\"ja_JP\" \/>\n<meta property=\"og:type\" content=\"article\" \/>\n<meta property=\"og:title\" content=\"Muumi-tarjoilukulho Haru M\u00f6rk\u00f6 (2026-) *TARRA* - Muumimukit Rahaksi\" \/>\n<meta property=\"og:description\" content=\"Muumi-tarjoilukulho Haru M\u00f6rk\u00f6 on osa Moomin Arabian ensimm\u00e4ist\u00e4 kokonaista ruokailuastiastoa. Kulhon tilavuus on n. 0,2 litraa.\" \/>\n<meta property=\"og:url\" content=\"https:\/\/muumimukitrahaksi.fi\/tuote\/muumi-tarjoilukulho-haru-morko-2026-tarra\/\" \/>\n<meta property=\"og:site_name\" content=\"Muumimukit Rahaksi\" \/>\n<meta property=\"article:publisher\" content=\"https:\/\/www.facebook.com\/muumimukitrahaksi\/\" \/>\n<meta property=\"article:modified_time\" content=\"2026-03-23T17:46:08+00:00\" \/>\n<meta property=\"og:image\" content=\"https:\/\/muumimukitrahaksi.fi\/wp-content\/uploads\/2026\/02\/haru_kulho12cm_1.jpg\" \/>\n\t<meta property=\"og:image:width\" content=\"1000\" \/>\n\t<meta property=\"og:image:height\" content=\"1000\" \/>\n\t<meta property=\"og:image:type\" content=\"image\/jpeg\" \/>\n<meta name=\"twitter:card\" content=\"summary_large_image\" \/>\n<meta name=\"twitter:site\" content=\"@MuumitRahaksi\" \/>\n<meta name=\"twitter:label1\" content=\"\u63a8\u5b9a\u8aad\u307f\u53d6\u308a\u6642\u9593\" \/>\n\t<meta name=\"twitter:data1\" content=\"2\u5206\" \/>\n<script type=\"application\/ld+json\" class=\"yoast-schema-graph\">{\"@context\":\"https:\/\/schema.org\",\"@graph\":[{\"@type\":\"WebPage\",\"@id\":\"https:\/\/muumimukitrahaksi.fi\/tuote\/muumi-tarjoilukulho-haru-morko-2026-tarra\/\",\"url\":\"https:\/\/muumimukitrahaksi.fi\/tuote\/muumi-tarjoilukulho-haru-morko-2026-tarra\/\",\"name\":\"Muumi-tarjoilukulho Haru M\u00f6rk\u00f6 (2026-) *TARRA* - Muumimukit Rahaksi\",\"isPartOf\":{\"@id\":\"https:\/\/muumimukitrahaksi.fi\/#website\"},\"primaryImageOfPage\":{\"@id\":\"https:\/\/muumimukitrahaksi.fi\/tuote\/muumi-tarjoilukulho-haru-morko-2026-tarra\/#primaryimage\"},\"image\":{\"@id\":\"https:\/\/muumimukitrahaksi.fi\/tuote\/muumi-tarjoilukulho-haru-morko-2026-tarra\/#primaryimage\"},\"thumbnailUrl\":\"https:\/\/muumimukitrahaksi.fi\/wp-content\/uploads\/2026\/02\/haru_kulho12cm_1.jpg\",\"datePublished\":\"2026-02-24T08:33:43+00:00\",\"dateModified\":\"2026-03-23T17:46:08+00:00\",\"description\":\"Muumi-tarjoilukulho Haru M\u00f6rk\u00f6 on osa Moomin Arabian ensimm\u00e4ist\u00e4 kokonaista ruokailuastiastoa. Kulhon tilavuus on n. 0,2 litraa.\",\"breadcrumb\":{\"@id\":\"https:\/\/muumimukitrahaksi.fi\/tuote\/muumi-tarjoilukulho-haru-morko-2026-tarra\/#breadcrumb\"},\"inLanguage\":\"ja\",\"potentialAction\":[{\"@type\":\"ReadAction\",\"target\":[\"https:\/\/muumimukitrahaksi.fi\/tuote\/muumi-tarjoilukulho-haru-morko-2026-tarra\/\"]}]},{\"@type\":\"ImageObject\",\"inLanguage\":\"ja\",\"@id\":\"https:\/\/muumimukitrahaksi.fi\/tuote\/muumi-tarjoilukulho-haru-morko-2026-tarra\/#primaryimage\",\"url\":\"https:\/\/muumimukitrahaksi.fi\/wp-content\/uploads\/2026\/02\/haru_kulho12cm_1.jpg\",\"contentUrl\":\"https:\/\/muumimukitrahaksi.fi\/wp-content\/uploads\/2026\/02\/haru_kulho12cm_1.jpg\",\"width\":1000,\"height\":1000,\"caption\":\"Muumi-tarjoilukulho Haru M\u00f6rk\u00f6\"},{\"@type\":\"BreadcrumbList\",\"@id\":\"https:\/\/muumimukitrahaksi.fi\/tuote\/muumi-tarjoilukulho-haru-morko-2026-tarra\/#breadcrumb\",\"itemListElement\":[{\"@type\":\"ListItem\",\"position\":1,\"name\":\"Etusivu\",\"item\":\"https:\/\/muumimukitrahaksi.fi\/ja\/\"},{\"@type\":\"ListItem\",\"position\":2,\"name\":\"SHOP\",\"item\":\"https:\/\/muumimukitrahaksi.fi\/ja\/%e3%82%b7%e3%83%a7%e3%83%83%e3%83%97\/\"},{\"@type\":\"ListItem\",\"position\":3,\"name\":\"Muumi-tarjoilukulho Haru M\u00f6rk\u00f6 (2026-) *TARRA*\"}]},{\"@type\":\"WebSite\",\"@id\":\"https:\/\/muumimukitrahaksi.fi\/#website\",\"url\":\"https:\/\/muumimukitrahaksi.fi\/\",\"name\":\"Muumimukit Rahaksi\",\"description\":\"Muumimukeja, -kulhoja ja -lautasia ker\u00e4ilij\u00f6ille!\",\"publisher\":{\"@id\":\"https:\/\/muumimukitrahaksi.fi\/#organization\"},\"potentialAction\":[{\"@type\":\"SearchAction\",\"target\":{\"@type\":\"EntryPoint\",\"urlTemplate\":\"https:\/\/muumimukitrahaksi.fi\/?s={search_term_string}\"},\"query-input\":{\"@type\":\"PropertyValueSpecification\",\"valueRequired\":true,\"valueName\":\"search_term_string\"}}],\"inLanguage\":\"ja\"},{\"@type\":\"Organization\",\"@id\":\"https:\/\/muumimukitrahaksi.fi\/#organization\",\"name\":\"Muumimukit Rahaksi\",\"url\":\"https:\/\/muumimukitrahaksi.fi\/\",\"logo\":{\"@type\":\"ImageObject\",\"inLanguage\":\"ja\",\"@id\":\"https:\/\/muumimukitrahaksi.fi\/#\/schema\/logo\/image\/\",\"url\":\"https:\/\/muumimukitrahaksi.fi\/wp-content\/uploads\/2017\/09\/logooo.jpg\",\"contentUrl\":\"https:\/\/muumimukitrahaksi.fi\/wp-content\/uploads\/2017\/09\/logooo.jpg\",\"width\":514,\"height\":514,\"caption\":\"Muumimukit Rahaksi\"},\"image\":{\"@id\":\"https:\/\/muumimukitrahaksi.fi\/#\/schema\/logo\/image\/\"},\"sameAs\":[\"https:\/\/www.facebook.com\/muumimukitrahaksi\/\",\"https:\/\/x.com\/MuumitRahaksi\",\"https:\/\/www.instagram.com\/muumimukitrahaksi\/\"]}]}<\/script>\n<!-- \/ Yoast SEO plugin. -->","yoast_head_json":{"title":"Muumi-tarjoilukulho Haru M\u00f6rk\u00f6 (2026-) *TARRA* - Muumimukit Rahaksi","description":"Muumi-tarjoilukulho Haru M\u00f6rk\u00f6 on osa Moomin Arabian ensimm\u00e4ist\u00e4 kokonaista ruokailuastiastoa. Kulhon tilavuus on n. 0,2 litraa.","robots":{"index":"index","follow":"follow","max-snippet":"max-snippet:-1","max-image-preview":"max-image-preview:large","max-video-preview":"max-video-preview:-1"},"canonical":"https:\/\/muumimukitrahaksi.fi\/tuote\/muumi-tarjoilukulho-haru-morko-2026-tarra\/","og_locale":"ja_JP","og_type":"article","og_title":"Muumi-tarjoilukulho Haru M\u00f6rk\u00f6 (2026-) *TARRA* - Muumimukit Rahaksi","og_description":"Muumi-tarjoilukulho Haru M\u00f6rk\u00f6 on osa Moomin Arabian ensimm\u00e4ist\u00e4 kokonaista ruokailuastiastoa. Kulhon tilavuus on n. 0,2 litraa.","og_url":"https:\/\/muumimukitrahaksi.fi\/tuote\/muumi-tarjoilukulho-haru-morko-2026-tarra\/","og_site_name":"Muumimukit Rahaksi","article_publisher":"https:\/\/www.facebook.com\/muumimukitrahaksi\/","article_modified_time":"2026-03-23T17:46:08+00:00","og_image":[{"width":1000,"height":1000,"url":"https:\/\/muumimukitrahaksi.fi\/wp-content\/uploads\/2026\/02\/haru_kulho12cm_1.jpg","type":"image\/jpeg"}],"twitter_card":"summary_large_image","twitter_site":"@MuumitRahaksi","twitter_misc":{"\u63a8\u5b9a\u8aad\u307f\u53d6\u308a\u6642\u9593":"2\u5206"},"schema":{"@context":"https:\/\/schema.org","@graph":[{"@type":"WebPage","@id":"https:\/\/muumimukitrahaksi.fi\/tuote\/muumi-tarjoilukulho-haru-morko-2026-tarra\/","url":"https:\/\/muumimukitrahaksi.fi\/tuote\/muumi-tarjoilukulho-haru-morko-2026-tarra\/","name":"Muumi-tarjoilukulho Haru M\u00f6rk\u00f6 (2026-) *TARRA* - Muumimukit Rahaksi","isPartOf":{"@id":"https:\/\/muumimukitrahaksi.fi\/#website"},"primaryImageOfPage":{"@id":"https:\/\/muumimukitrahaksi.fi\/tuote\/muumi-tarjoilukulho-haru-morko-2026-tarra\/#primaryimage"},"image":{"@id":"https:\/\/muumimukitrahaksi.fi\/tuote\/muumi-tarjoilukulho-haru-morko-2026-tarra\/#primaryimage"},"thumbnailUrl":"https:\/\/muumimukitrahaksi.fi\/wp-content\/uploads\/2026\/02\/haru_kulho12cm_1.jpg","datePublished":"2026-02-24T08:33:43+00:00","dateModified":"2026-03-23T17:46:08+00:00","description":"Muumi-tarjoilukulho Haru M\u00f6rk\u00f6 on osa Moomin Arabian ensimm\u00e4ist\u00e4 kokonaista ruokailuastiastoa. Kulhon tilavuus on n. 0,2 litraa.","breadcrumb":{"@id":"https:\/\/muumimukitrahaksi.fi\/tuote\/muumi-tarjoilukulho-haru-morko-2026-tarra\/#breadcrumb"},"inLanguage":"ja","potentialAction":[{"@type":"ReadAction","target":["https:\/\/muumimukitrahaksi.fi\/tuote\/muumi-tarjoilukulho-haru-morko-2026-tarra\/"]}]},{"@type":"ImageObject","inLanguage":"ja","@id":"https:\/\/muumimukitrahaksi.fi\/tuote\/muumi-tarjoilukulho-haru-morko-2026-tarra\/#primaryimage","url":"https:\/\/muumimukitrahaksi.fi\/wp-content\/uploads\/2026\/02\/haru_kulho12cm_1.jpg","contentUrl":"https:\/\/muumimukitrahaksi.fi\/wp-content\/uploads\/2026\/02\/haru_kulho12cm_1.jpg","width":1000,"height":1000,"caption":"Muumi-tarjoilukulho Haru M\u00f6rk\u00f6"},{"@type":"BreadcrumbList","@id":"https:\/\/muumimukitrahaksi.fi\/tuote\/muumi-tarjoilukulho-haru-morko-2026-tarra\/#breadcrumb","itemListElement":[{"@type":"ListItem","position":1,"name":"Etusivu","item":"https:\/\/muumimukitrahaksi.fi\/ja\/"},{"@type":"ListItem","position":2,"name":"SHOP","item":"https:\/\/muumimukitrahaksi.fi\/ja\/%e3%82%b7%e3%83%a7%e3%83%83%e3%83%97\/"},{"@type":"ListItem","position":3,"name":"Muumi-tarjoilukulho Haru M\u00f6rk\u00f6 (2026-) *TARRA*"}]},{"@type":"WebSite","@id":"https:\/\/muumimukitrahaksi.fi\/#website","url":"https:\/\/muumimukitrahaksi.fi\/","name":"Muumimukit Rahaksi","description":"Muumimukeja, -kulhoja ja -lautasia ker\u00e4ilij\u00f6ille!","publisher":{"@id":"https:\/\/muumimukitrahaksi.fi\/#organization"},"potentialAction":[{"@type":"SearchAction","target":{"@type":"EntryPoint","urlTemplate":"https:\/\/muumimukitrahaksi.fi\/?s={search_term_string}"},"query-input":{"@type":"PropertyValueSpecification","valueRequired":true,"valueName":"search_term_string"}}],"inLanguage":"ja"},{"@type":"Organization","@id":"https:\/\/muumimukitrahaksi.fi\/#organization","name":"Muumimukit Rahaksi","url":"https:\/\/muumimukitrahaksi.fi\/","logo":{"@type":"ImageObject","inLanguage":"ja","@id":"https:\/\/muumimukitrahaksi.fi\/#\/schema\/logo\/image\/","url":"https:\/\/muumimukitrahaksi.fi\/wp-content\/uploads\/2017\/09\/logooo.jpg","contentUrl":"https:\/\/muumimukitrahaksi.fi\/wp-content\/uploads\/2017\/09\/logooo.jpg","width":514,"height":514,"caption":"Muumimukit Rahaksi"},"image":{"@id":"https:\/\/muumimukitrahaksi.fi\/#\/schema\/logo\/image\/"},"sameAs":["https:\/\/www.facebook.com\/muumimukitrahaksi\/","https:\/\/x.com\/MuumitRahaksi","https:\/\/www.instagram.com\/muumimukitrahaksi\/"]}]}},"_links":{"self":[{"href":"https:\/\/muumimukitrahaksi.fi\/ja\/wp-json\/wp\/v2\/product\/160030","targetHints":{"allow":["GET"]}}],"collection":[{"href":"https:\/\/muumimukitrahaksi.fi\/ja\/wp-json\/wp\/v2\/product"}],"about":[{"href":"https:\/\/muumimukitrahaksi.fi\/ja\/wp-json\/wp\/v2\/types\/product"}],"wp:featuredmedia":[{"embeddable":true,"href":"https:\/\/muumimukitrahaksi.fi\/ja\/wp-json\/wp\/v2\/media\/158487"}],"wp:attachment":[{"href":"https:\/\/muumimukitrahaksi.fi\/ja\/wp-json\/wp\/v2\/media?parent=160030"}],"wp:term":[{"taxonomy":"product_brand","embeddable":true,"href":"https:\/\/muumimukitrahaksi.fi\/ja\/wp-json\/wp\/v2\/product_brand?post=160030"},{"taxonomy":"product_cat","embeddable":true,"href":"https:\/\/muumimukitrahaksi.fi\/ja\/wp-json\/wp\/v2\/product_cat?post=160030"},{"taxonomy":"product_tag","embeddable":true,"href":"https:\/\/muumimukitrahaksi.fi\/ja\/wp-json\/wp\/v2\/product_tag?post=160030"}],"curies":[{"name":"wp","href":"https:\/\/api.w.org\/{rel}","templated":true}]}}