{"id":161920,"date":"2026-03-06T11:20:54","date_gmt":"2026-03-06T09:20:54","guid":{"rendered":"https:\/\/muumimukitrahaksi.fi\/?post_type=product&#038;p=161920"},"modified":"2026-03-23T13:44:14","modified_gmt":"2026-03-23T11:44:14","slug":"muumifiguuri-moomin-x-skultuna-hattivatit-2022-uusi","status":"publish","type":"product","link":"https:\/\/muumimukitrahaksi.fi\/ja\/\u5546\u54c1\/muumifiguuri-moomin-x-skultuna-hattivatit-2022-uusi\/","title":{"rendered":"Muumifiguuri Moomin x Skultuna Hattivatit (2022-) *UUSI*"},"content":{"rendered":"<p style=\"text-align: center;\"><strong>\u2022 Kuntotarkastetut tuotteet \u2022 My\u00f6s lasku\/osamaksu \u2022 Moomin Characters Oy lisenssinhaltija<\/strong><\/p>\n<p><strong>Muumifiguuri Moomin x Skultuna Hattivatit <\/strong>on osa vuonna 2021 julkaistua ruotsalaisen Skultunan Muumi-figuurikokoelmaa. Figuureita julkaistiin alun perin kahdeksan eri hahmon muodoilla, mutta my\u00f6hemmin sarjaan on lis\u00e4tty my\u00f6s uusia hahmoja sek\u00e4 eri versioita aiemmin julkaistuista hahmoista. Hattivatit-figuurin korkeus on n. 2,5 cm. Kaikki figuurit ovat valmistettu korkealaatuisesta ter\u00e4ksest\u00e4, joka on p\u00e4\u00e4llystetty 18 karaatin kullalla.<\/p>\n<p>Skultunan perusti kuningas Kaarle IX vuonna 1607, ja sek\u00e4 silloin ett\u00e4 nyt yrityksen ydin on ajaton, korkealaatuinen muotoilu. Kaikki Skultunan tuotteet on tehty kest\u00e4m\u00e4\u00e4n sukupolvelta toiselle. Nyky\u00e4\u00e4n Skultuna tekee yhteisty\u00f6t\u00e4 johtavien kansainv\u00e4listen muotoilijoiden kanssa ja sill\u00e4 on my\u00f6s oma designstudio. Skultunan tuotteita l\u00f6ytyy tunnetuista tavarataloista ymp\u00e4ri maailmaa, ja yritys on voittanut useita kansainv\u00e4lisi\u00e4 muotoilupalkintoja.<\/p>\n<p><span style=\"font-weight: 400;\">Kurkkaa my\u00f6s muut muumifiguurit\u00a0<a href=\"https:\/\/muumimukitrahaksi.fi\/tuote-osasto\/muut\/figuurit\/\">t\u00e4st\u00e4<\/a>.<\/span><\/p>\n<p><span style=\"font-weight: 400;\">L\u00f6ytyyk\u00f6 sinulta muumifiguuri Moomin x Skultuna Hattivatit ja haluaisit myyd\u00e4 sen? Me my\u00f6s ostamme muumituotteita. Klikkaa <\/span><a href=\"https:\/\/muumimukitrahaksi.fi\/ostamme\/\"><span style=\"font-weight: 400;\">t\u00e4st\u00e4<\/span><\/a><span style=\"font-weight: 400;\">, t\u00e4yt\u00e4 lomake ja saat tarjouksen viel\u00e4 saman p\u00e4iv\u00e4n aikana.<\/span><\/p>\n","protected":false},"excerpt":{"rendered":"<p style=\"text-align: center;\"><strong>\u2022 Nopea toimitus 1-7 vrk \u2022 Ehj\u00e4n\u00e4 perille<\/strong><\/p>\n<p>Myynniss\u00e4 Skultunan muumifiguuri Moomin x Skultuna Hattivatit. Figuuri on uusi ja sen mukana toimitetaan alkuper\u00e4inen lahjapakkaus. Hinta sis. alv. Toimitettaessa figuuri pakataan huolellisesti uusiutuvia pakkausmateriaaleja k\u00e4ytt\u00e4en.<\/p>\n<p style=\"text-align: center;\"><strong>\u2022 Laajat maksutavat<\/strong><\/p>\n<p><img loading=\"lazy\" decoding=\"async\" class=\"alignnone size-full wp-image-20757 aligncenter\" src=\"https:\/\/muumimukitrahaksi.fi\/wp-content\/uploads\/2020\/06\/maksutavat-2026-pieni.png\" alt=\"muumimukit rahaksi\" width=\"350\" height=\"200\" \/><\/p>\n","protected":false},"featured_media":161424,"template":"","meta":[],"product_brand":[],"product_cat":[432,12],"product_tag":[142,713,174],"class_list":{"0":"post-161920","1":"product","2":"type-product","3":"status-publish","4":"has-post-thumbnail","6":"product_cat-figuurit","7":"product_cat-muut","8":"product_tag-hattivatit","9":"product_tag-moomin-x-skultuna","10":"product_tag-muumifiguuri","12":"first","13":"instock","14":"taxable","15":"shipping-taxable","16":"purchasable","17":"product-type-simple"},"yoast_head":"<!-- This site is optimized with the Yoast SEO plugin v27.1.1 - https:\/\/yoast.com\/product\/yoast-seo-wordpress\/ -->\n<title>Muumifiguuri Moomin x Skultuna Hattivatit (2022-) *UUSI* - Muumimukit Rahaksi<\/title>\n<meta name=\"description\" content=\"Myynniss\u00e4 Skultunan muumifiguuri Moomin x Skultuna Hattivatit. Figuuri on uusi ja sen mukana toimitetaan alkuper\u00e4inen lahjapakkaus.\" \/>\n<meta name=\"robots\" content=\"index, follow, max-snippet:-1, max-image-preview:large, max-video-preview:-1\" \/>\n<link rel=\"canonical\" href=\"https:\/\/muumimukitrahaksi.fi\/tuote\/muumifiguuri-moomin-x-skultuna-hattivatit-2022-uusi\/\" \/>\n<meta property=\"og:locale\" content=\"ja_JP\" \/>\n<meta property=\"og:type\" content=\"article\" \/>\n<meta property=\"og:title\" content=\"Muumifiguuri Moomin x Skultuna Hattivatit (2022-) *UUSI* - Muumimukit Rahaksi\" \/>\n<meta property=\"og:description\" content=\"Myynniss\u00e4 Skultunan muumifiguuri Moomin x Skultuna Hattivatit. Figuuri on uusi ja sen mukana toimitetaan alkuper\u00e4inen lahjapakkaus.\" \/>\n<meta property=\"og:url\" content=\"https:\/\/muumimukitrahaksi.fi\/tuote\/muumifiguuri-moomin-x-skultuna-hattivatit-2022-uusi\/\" \/>\n<meta property=\"og:site_name\" content=\"Muumimukit Rahaksi\" \/>\n<meta property=\"article:publisher\" content=\"https:\/\/www.facebook.com\/muumimukitrahaksi\/\" \/>\n<meta property=\"article:modified_time\" content=\"2026-03-23T11:44:14+00:00\" \/>\n<meta property=\"og:image\" content=\"https:\/\/muumimukitrahaksi.fi\/wp-content\/uploads\/2026\/03\/Hattivatit_1.jpg\" \/>\n\t<meta property=\"og:image:width\" content=\"1000\" \/>\n\t<meta property=\"og:image:height\" content=\"1000\" \/>\n\t<meta property=\"og:image:type\" content=\"image\/jpeg\" \/>\n<meta name=\"twitter:card\" content=\"summary_large_image\" \/>\n<meta name=\"twitter:site\" content=\"@MuumitRahaksi\" \/>\n<meta name=\"twitter:label1\" content=\"\u63a8\u5b9a\u8aad\u307f\u53d6\u308a\u6642\u9593\" \/>\n\t<meta name=\"twitter:data1\" content=\"2\u5206\" \/>\n<script type=\"application\/ld+json\" class=\"yoast-schema-graph\">{\"@context\":\"https:\/\/schema.org\",\"@graph\":[{\"@type\":\"WebPage\",\"@id\":\"https:\/\/muumimukitrahaksi.fi\/tuote\/muumifiguuri-moomin-x-skultuna-hattivatit-2022-uusi\/\",\"url\":\"https:\/\/muumimukitrahaksi.fi\/tuote\/muumifiguuri-moomin-x-skultuna-hattivatit-2022-uusi\/\",\"name\":\"Muumifiguuri Moomin x Skultuna Hattivatit (2022-) *UUSI* - Muumimukit Rahaksi\",\"isPartOf\":{\"@id\":\"https:\/\/muumimukitrahaksi.fi\/#website\"},\"primaryImageOfPage\":{\"@id\":\"https:\/\/muumimukitrahaksi.fi\/tuote\/muumifiguuri-moomin-x-skultuna-hattivatit-2022-uusi\/#primaryimage\"},\"image\":{\"@id\":\"https:\/\/muumimukitrahaksi.fi\/tuote\/muumifiguuri-moomin-x-skultuna-hattivatit-2022-uusi\/#primaryimage\"},\"thumbnailUrl\":\"https:\/\/muumimukitrahaksi.fi\/wp-content\/uploads\/2026\/03\/Hattivatit_1.jpg\",\"datePublished\":\"2026-03-06T09:20:54+00:00\",\"dateModified\":\"2026-03-23T11:44:14+00:00\",\"description\":\"Myynniss\u00e4 Skultunan muumifiguuri Moomin x Skultuna Hattivatit. Figuuri on uusi ja sen mukana toimitetaan alkuper\u00e4inen lahjapakkaus.\",\"breadcrumb\":{\"@id\":\"https:\/\/muumimukitrahaksi.fi\/tuote\/muumifiguuri-moomin-x-skultuna-hattivatit-2022-uusi\/#breadcrumb\"},\"inLanguage\":\"ja\",\"potentialAction\":[{\"@type\":\"ReadAction\",\"target\":[\"https:\/\/muumimukitrahaksi.fi\/tuote\/muumifiguuri-moomin-x-skultuna-hattivatit-2022-uusi\/\"]}]},{\"@type\":\"ImageObject\",\"inLanguage\":\"ja\",\"@id\":\"https:\/\/muumimukitrahaksi.fi\/tuote\/muumifiguuri-moomin-x-skultuna-hattivatit-2022-uusi\/#primaryimage\",\"url\":\"https:\/\/muumimukitrahaksi.fi\/wp-content\/uploads\/2026\/03\/Hattivatit_1.jpg\",\"contentUrl\":\"https:\/\/muumimukitrahaksi.fi\/wp-content\/uploads\/2026\/03\/Hattivatit_1.jpg\",\"width\":1000,\"height\":1000,\"caption\":\"Muumifiguuri Moomin x Skultuna Hattivatit\"},{\"@type\":\"BreadcrumbList\",\"@id\":\"https:\/\/muumimukitrahaksi.fi\/tuote\/muumifiguuri-moomin-x-skultuna-hattivatit-2022-uusi\/#breadcrumb\",\"itemListElement\":[{\"@type\":\"ListItem\",\"position\":1,\"name\":\"Etusivu\",\"item\":\"https:\/\/muumimukitrahaksi.fi\/ja\/\"},{\"@type\":\"ListItem\",\"position\":2,\"name\":\"SHOP\",\"item\":\"https:\/\/muumimukitrahaksi.fi\/ja\/%e3%82%b7%e3%83%a7%e3%83%83%e3%83%97\/\"},{\"@type\":\"ListItem\",\"position\":3,\"name\":\"Muumifiguuri Moomin x Skultuna Hattivatit (2022-) *UUSI*\"}]},{\"@type\":\"WebSite\",\"@id\":\"https:\/\/muumimukitrahaksi.fi\/#website\",\"url\":\"https:\/\/muumimukitrahaksi.fi\/\",\"name\":\"Muumimukit Rahaksi\",\"description\":\"Muumimukeja, -kulhoja ja -lautasia ker\u00e4ilij\u00f6ille!\",\"publisher\":{\"@id\":\"https:\/\/muumimukitrahaksi.fi\/#organization\"},\"potentialAction\":[{\"@type\":\"SearchAction\",\"target\":{\"@type\":\"EntryPoint\",\"urlTemplate\":\"https:\/\/muumimukitrahaksi.fi\/?s={search_term_string}\"},\"query-input\":{\"@type\":\"PropertyValueSpecification\",\"valueRequired\":true,\"valueName\":\"search_term_string\"}}],\"inLanguage\":\"ja\"},{\"@type\":\"Organization\",\"@id\":\"https:\/\/muumimukitrahaksi.fi\/#organization\",\"name\":\"Muumimukit Rahaksi\",\"url\":\"https:\/\/muumimukitrahaksi.fi\/\",\"logo\":{\"@type\":\"ImageObject\",\"inLanguage\":\"ja\",\"@id\":\"https:\/\/muumimukitrahaksi.fi\/#\/schema\/logo\/image\/\",\"url\":\"https:\/\/muumimukitrahaksi.fi\/wp-content\/uploads\/2017\/09\/logooo.jpg\",\"contentUrl\":\"https:\/\/muumimukitrahaksi.fi\/wp-content\/uploads\/2017\/09\/logooo.jpg\",\"width\":514,\"height\":514,\"caption\":\"Muumimukit Rahaksi\"},\"image\":{\"@id\":\"https:\/\/muumimukitrahaksi.fi\/#\/schema\/logo\/image\/\"},\"sameAs\":[\"https:\/\/www.facebook.com\/muumimukitrahaksi\/\",\"https:\/\/x.com\/MuumitRahaksi\",\"https:\/\/www.instagram.com\/muumimukitrahaksi\/\"]}]}<\/script>\n<!-- \/ Yoast SEO plugin. -->","yoast_head_json":{"title":"Muumifiguuri Moomin x Skultuna Hattivatit (2022-) *UUSI* - Muumimukit Rahaksi","description":"Myynniss\u00e4 Skultunan muumifiguuri Moomin x Skultuna Hattivatit. Figuuri on uusi ja sen mukana toimitetaan alkuper\u00e4inen lahjapakkaus.","robots":{"index":"index","follow":"follow","max-snippet":"max-snippet:-1","max-image-preview":"max-image-preview:large","max-video-preview":"max-video-preview:-1"},"canonical":"https:\/\/muumimukitrahaksi.fi\/tuote\/muumifiguuri-moomin-x-skultuna-hattivatit-2022-uusi\/","og_locale":"ja_JP","og_type":"article","og_title":"Muumifiguuri Moomin x Skultuna Hattivatit (2022-) *UUSI* - Muumimukit Rahaksi","og_description":"Myynniss\u00e4 Skultunan muumifiguuri Moomin x Skultuna Hattivatit. Figuuri on uusi ja sen mukana toimitetaan alkuper\u00e4inen lahjapakkaus.","og_url":"https:\/\/muumimukitrahaksi.fi\/tuote\/muumifiguuri-moomin-x-skultuna-hattivatit-2022-uusi\/","og_site_name":"Muumimukit Rahaksi","article_publisher":"https:\/\/www.facebook.com\/muumimukitrahaksi\/","article_modified_time":"2026-03-23T11:44:14+00:00","og_image":[{"width":1000,"height":1000,"url":"https:\/\/muumimukitrahaksi.fi\/wp-content\/uploads\/2026\/03\/Hattivatit_1.jpg","type":"image\/jpeg"}],"twitter_card":"summary_large_image","twitter_site":"@MuumitRahaksi","twitter_misc":{"\u63a8\u5b9a\u8aad\u307f\u53d6\u308a\u6642\u9593":"2\u5206"},"schema":{"@context":"https:\/\/schema.org","@graph":[{"@type":"WebPage","@id":"https:\/\/muumimukitrahaksi.fi\/tuote\/muumifiguuri-moomin-x-skultuna-hattivatit-2022-uusi\/","url":"https:\/\/muumimukitrahaksi.fi\/tuote\/muumifiguuri-moomin-x-skultuna-hattivatit-2022-uusi\/","name":"Muumifiguuri Moomin x Skultuna Hattivatit (2022-) *UUSI* - Muumimukit Rahaksi","isPartOf":{"@id":"https:\/\/muumimukitrahaksi.fi\/#website"},"primaryImageOfPage":{"@id":"https:\/\/muumimukitrahaksi.fi\/tuote\/muumifiguuri-moomin-x-skultuna-hattivatit-2022-uusi\/#primaryimage"},"image":{"@id":"https:\/\/muumimukitrahaksi.fi\/tuote\/muumifiguuri-moomin-x-skultuna-hattivatit-2022-uusi\/#primaryimage"},"thumbnailUrl":"https:\/\/muumimukitrahaksi.fi\/wp-content\/uploads\/2026\/03\/Hattivatit_1.jpg","datePublished":"2026-03-06T09:20:54+00:00","dateModified":"2026-03-23T11:44:14+00:00","description":"Myynniss\u00e4 Skultunan muumifiguuri Moomin x Skultuna Hattivatit. Figuuri on uusi ja sen mukana toimitetaan alkuper\u00e4inen lahjapakkaus.","breadcrumb":{"@id":"https:\/\/muumimukitrahaksi.fi\/tuote\/muumifiguuri-moomin-x-skultuna-hattivatit-2022-uusi\/#breadcrumb"},"inLanguage":"ja","potentialAction":[{"@type":"ReadAction","target":["https:\/\/muumimukitrahaksi.fi\/tuote\/muumifiguuri-moomin-x-skultuna-hattivatit-2022-uusi\/"]}]},{"@type":"ImageObject","inLanguage":"ja","@id":"https:\/\/muumimukitrahaksi.fi\/tuote\/muumifiguuri-moomin-x-skultuna-hattivatit-2022-uusi\/#primaryimage","url":"https:\/\/muumimukitrahaksi.fi\/wp-content\/uploads\/2026\/03\/Hattivatit_1.jpg","contentUrl":"https:\/\/muumimukitrahaksi.fi\/wp-content\/uploads\/2026\/03\/Hattivatit_1.jpg","width":1000,"height":1000,"caption":"Muumifiguuri Moomin x Skultuna Hattivatit"},{"@type":"BreadcrumbList","@id":"https:\/\/muumimukitrahaksi.fi\/tuote\/muumifiguuri-moomin-x-skultuna-hattivatit-2022-uusi\/#breadcrumb","itemListElement":[{"@type":"ListItem","position":1,"name":"Etusivu","item":"https:\/\/muumimukitrahaksi.fi\/ja\/"},{"@type":"ListItem","position":2,"name":"SHOP","item":"https:\/\/muumimukitrahaksi.fi\/ja\/%e3%82%b7%e3%83%a7%e3%83%83%e3%83%97\/"},{"@type":"ListItem","position":3,"name":"Muumifiguuri Moomin x Skultuna Hattivatit (2022-) *UUSI*"}]},{"@type":"WebSite","@id":"https:\/\/muumimukitrahaksi.fi\/#website","url":"https:\/\/muumimukitrahaksi.fi\/","name":"Muumimukit Rahaksi","description":"Muumimukeja, -kulhoja ja -lautasia ker\u00e4ilij\u00f6ille!","publisher":{"@id":"https:\/\/muumimukitrahaksi.fi\/#organization"},"potentialAction":[{"@type":"SearchAction","target":{"@type":"EntryPoint","urlTemplate":"https:\/\/muumimukitrahaksi.fi\/?s={search_term_string}"},"query-input":{"@type":"PropertyValueSpecification","valueRequired":true,"valueName":"search_term_string"}}],"inLanguage":"ja"},{"@type":"Organization","@id":"https:\/\/muumimukitrahaksi.fi\/#organization","name":"Muumimukit Rahaksi","url":"https:\/\/muumimukitrahaksi.fi\/","logo":{"@type":"ImageObject","inLanguage":"ja","@id":"https:\/\/muumimukitrahaksi.fi\/#\/schema\/logo\/image\/","url":"https:\/\/muumimukitrahaksi.fi\/wp-content\/uploads\/2017\/09\/logooo.jpg","contentUrl":"https:\/\/muumimukitrahaksi.fi\/wp-content\/uploads\/2017\/09\/logooo.jpg","width":514,"height":514,"caption":"Muumimukit Rahaksi"},"image":{"@id":"https:\/\/muumimukitrahaksi.fi\/#\/schema\/logo\/image\/"},"sameAs":["https:\/\/www.facebook.com\/muumimukitrahaksi\/","https:\/\/x.com\/MuumitRahaksi","https:\/\/www.instagram.com\/muumimukitrahaksi\/"]}]}},"_links":{"self":[{"href":"https:\/\/muumimukitrahaksi.fi\/ja\/wp-json\/wp\/v2\/product\/161920","targetHints":{"allow":["GET"]}}],"collection":[{"href":"https:\/\/muumimukitrahaksi.fi\/ja\/wp-json\/wp\/v2\/product"}],"about":[{"href":"https:\/\/muumimukitrahaksi.fi\/ja\/wp-json\/wp\/v2\/types\/product"}],"wp:featuredmedia":[{"embeddable":true,"href":"https:\/\/muumimukitrahaksi.fi\/ja\/wp-json\/wp\/v2\/media\/161424"}],"wp:attachment":[{"href":"https:\/\/muumimukitrahaksi.fi\/ja\/wp-json\/wp\/v2\/media?parent=161920"}],"wp:term":[{"taxonomy":"product_brand","embeddable":true,"href":"https:\/\/muumimukitrahaksi.fi\/ja\/wp-json\/wp\/v2\/product_brand?post=161920"},{"taxonomy":"product_cat","embeddable":true,"href":"https:\/\/muumimukitrahaksi.fi\/ja\/wp-json\/wp\/v2\/product_cat?post=161920"},{"taxonomy":"product_tag","embeddable":true,"href":"https:\/\/muumimukitrahaksi.fi\/ja\/wp-json\/wp\/v2\/product_tag?post=161920"}],"curies":[{"name":"wp","href":"https:\/\/api.w.org\/{rel}","templated":true}]}}