{"id":162477,"date":"2026-03-11T11:46:15","date_gmt":"2026-03-11T09:46:15","guid":{"rendered":"https:\/\/muumimukitrahaksi.fi\/?post_type=product&#038;p=162477"},"modified":"2026-03-12T10:58:18","modified_gmt":"2026-03-12T08:58:18","slug":"muurla-moomin-for-pets-kulho-l-hetket-2026-uusi","status":"publish","type":"product","link":"https:\/\/muumimukitrahaksi.fi\/ja\/\u5546\u54c1\/muurla-moomin-for-pets-kulho-l-hetket-2026-uusi\/","title":{"rendered":"Muurla Moomin for Pets -kulho L, Hetket (2026-) *UUSI*"},"content":{"rendered":"<p style=\"text-align: center;\"><strong>\u2022 Kuntotarkastetut tuotteet \u2022 My\u00f6s lasku\/osamaksu \u2022 Moomin Characters Oy lisenssinhaltija<\/strong><\/p>\n<p><strong>Muurla Moomin for Pets -kulho L, Hetket<\/strong>. Oma Muumi-sarja nyt my\u00f6s karvaisille kavereillemme! Muurlan Muumi-sarja lemmikeille sis\u00e4lt\u00e4\u00e4 iloisia, olennaisia ja toimivia tuotteita karvaisten parhaiden yst\u00e4viemme ja heid\u00e4n omistajiensa iloksi. Tyylikk\u00e4\u00e4t sek\u00e4 leikkis\u00e4t tuotteet sopivat jokaiseen Muumeja ja lemmikkej\u00e4 rakastavaan kotiin! <span data-contrast=\"none\">Hetket-tuotesarjassa yhdistyy k\u00e4yt\u00e4nn\u00f6llinen muotoilu, rakastettujen Muumi-hahmojen kuvitukset sek\u00e4 pehme\u00e4, neutraali taustav\u00e4ri. Rauhallinen v\u00e4rimaailma\u00a0tekee tuotteista\u00a0sopivia\u00a0erilaisiin sisustustyyleihin.<\/span><span data-ccp-props=\"{&quot;201341983&quot;:0,&quot;335559739&quot;:192,&quot;335559740&quot;:240,&quot;335559746&quot;:80}\">\u00a0<\/span><\/p>\n<p>Muurlan Moomin for Pets -kulhot soveltuvat lemmikkien ruokakupeksi tai juomakulhoiksi. Rungot ovat valmistettu melamiinista ja sis\u00e4osa ruostumattomasta ter\u00e4ksest\u00e4. Kulhot ovat konepesunkest\u00e4vi\u00e4 ja pohjassa on k\u00e4tev\u00e4t liukuesteet, Suunniteltu Suomessa.<\/p>\n<p>Kurkkaa my\u00f6s Muurlan muut tuotteet <a href=\"https:\/\/muumimukitrahaksi.fi\/tuote-osasto\/mukit\/muurla-mukit\/\">t\u00e4st\u00e4<\/a>.<\/p>\n<p>L\u00f6ytyyk\u00f6 sinulta Muurlan L Hetket kulho ja haluaisit myyd\u00e4 sen? Me my\u00f6s ostamme muumituotteita. Klikkaa <a href=\"https:\/\/muumimukitrahaksi.fi\/ostamme\/\" target=\"_blank\" rel=\"noopener noreferrer\">t\u00e4st\u00e4<\/a>, t\u00e4yt\u00e4 lomake ja saat tarjouksen viel\u00e4 saman p\u00e4iv\u00e4n aikana.<\/p>\n","protected":false},"excerpt":{"rendered":"<p style=\"text-align: center;\"><strong>\u2022 Nopea toimitus 1-7 vrk \u2022 Ehj\u00e4n\u00e4 perille<\/strong><\/p>\n<p>Myynniss\u00e4 Muurlan Moomin for Pets -kulho L, Hetket. Kulho on uusi. Kulhon korkeus on 6,8cm, leveys 22cm ja tilavuus 0,65l. Hinta sis. ALV. Toimitettaessa kulho pakataan huolellisesti uusiutuvia pakkausmateriaaleja k\u00e4ytt\u00e4en.<\/p>\n<p style=\"text-align: center;\"><strong>\u2022 Laajat maksutavat<\/strong><\/p>\n<p><img loading=\"lazy\" decoding=\"async\" class=\"alignnone size-full wp-image-20757 aligncenter\" src=\"https:\/\/muumimukitrahaksi.fi\/wp-content\/uploads\/2020\/06\/maksutavat-2026-pieni.png\" alt=\"muumimukit rahaksi\" width=\"350\" height=\"200\" \/><\/p>\n","protected":false},"featured_media":162322,"template":"","meta":[],"product_brand":[],"product_cat":[691,12],"product_tag":[369],"class_list":{"0":"post-162477","1":"product","2":"type-product","3":"status-publish","4":"has-post-thumbnail","6":"product_cat-lemmikit","7":"product_cat-muut","8":"product_tag-muurla","10":"first","11":"instock","12":"taxable","13":"shipping-taxable","14":"purchasable","15":"product-type-simple"},"yoast_head":"<!-- This site is optimized with the Yoast SEO plugin v27.1.1 - https:\/\/yoast.com\/product\/yoast-seo-wordpress\/ -->\n<title>Muurla Moomin for Pets -kulho L, Hetket (2026-) *UUSI* - Muumimukit Rahaksi<\/title>\n<meta name=\"description\" content=\"Myynniss\u00e4 Muurlan Moomin for Pets -kulho L, Hetket. Kulho on uusi. Kulhon korkeus on 6,8cm, leveys 22cm ja tilavuus 0,65l.\" \/>\n<meta name=\"robots\" content=\"index, follow, max-snippet:-1, max-image-preview:large, max-video-preview:-1\" \/>\n<link rel=\"canonical\" href=\"https:\/\/muumimukitrahaksi.fi\/tuote\/muurla-moomin-for-pets-kulho-l-hetket-2026-uusi\/\" \/>\n<meta property=\"og:locale\" content=\"ja_JP\" \/>\n<meta property=\"og:type\" content=\"article\" \/>\n<meta property=\"og:title\" content=\"Muurla Moomin for Pets -kulho L, Hetket (2026-) *UUSI* - Muumimukit Rahaksi\" \/>\n<meta property=\"og:description\" content=\"Myynniss\u00e4 Muurlan Moomin for Pets -kulho L, Hetket. Kulho on uusi. Kulhon korkeus on 6,8cm, leveys 22cm ja tilavuus 0,65l.\" \/>\n<meta property=\"og:url\" content=\"https:\/\/muumimukitrahaksi.fi\/tuote\/muurla-moomin-for-pets-kulho-l-hetket-2026-uusi\/\" \/>\n<meta property=\"og:site_name\" content=\"Muumimukit Rahaksi\" \/>\n<meta property=\"article:publisher\" content=\"https:\/\/www.facebook.com\/muumimukitrahaksi\/\" \/>\n<meta property=\"article:modified_time\" content=\"2026-03-12T08:58:18+00:00\" \/>\n<meta property=\"og:image\" content=\"https:\/\/muumimukitrahaksi.fi\/wp-content\/uploads\/2026\/03\/petsLhetket_1.jpg\" \/>\n\t<meta property=\"og:image:width\" content=\"1000\" \/>\n\t<meta property=\"og:image:height\" content=\"1000\" \/>\n\t<meta property=\"og:image:type\" content=\"image\/jpeg\" \/>\n<meta name=\"twitter:card\" content=\"summary_large_image\" \/>\n<meta name=\"twitter:site\" content=\"@MuumitRahaksi\" \/>\n<meta name=\"twitter:label1\" content=\"\u63a8\u5b9a\u8aad\u307f\u53d6\u308a\u6642\u9593\" \/>\n\t<meta name=\"twitter:data1\" content=\"1\u5206\" \/>\n<script type=\"application\/ld+json\" class=\"yoast-schema-graph\">{\"@context\":\"https:\/\/schema.org\",\"@graph\":[{\"@type\":\"WebPage\",\"@id\":\"https:\/\/muumimukitrahaksi.fi\/tuote\/muurla-moomin-for-pets-kulho-l-hetket-2026-uusi\/\",\"url\":\"https:\/\/muumimukitrahaksi.fi\/tuote\/muurla-moomin-for-pets-kulho-l-hetket-2026-uusi\/\",\"name\":\"Muurla Moomin for Pets -kulho L, Hetket (2026-) *UUSI* - Muumimukit Rahaksi\",\"isPartOf\":{\"@id\":\"https:\/\/muumimukitrahaksi.fi\/#website\"},\"primaryImageOfPage\":{\"@id\":\"https:\/\/muumimukitrahaksi.fi\/tuote\/muurla-moomin-for-pets-kulho-l-hetket-2026-uusi\/#primaryimage\"},\"image\":{\"@id\":\"https:\/\/muumimukitrahaksi.fi\/tuote\/muurla-moomin-for-pets-kulho-l-hetket-2026-uusi\/#primaryimage\"},\"thumbnailUrl\":\"https:\/\/muumimukitrahaksi.fi\/wp-content\/uploads\/2026\/03\/petsLhetket_1.jpg\",\"datePublished\":\"2026-03-11T09:46:15+00:00\",\"dateModified\":\"2026-03-12T08:58:18+00:00\",\"description\":\"Myynniss\u00e4 Muurlan Moomin for Pets -kulho L, Hetket. Kulho on uusi. Kulhon korkeus on 6,8cm, leveys 22cm ja tilavuus 0,65l.\",\"breadcrumb\":{\"@id\":\"https:\/\/muumimukitrahaksi.fi\/tuote\/muurla-moomin-for-pets-kulho-l-hetket-2026-uusi\/#breadcrumb\"},\"inLanguage\":\"ja\",\"potentialAction\":[{\"@type\":\"ReadAction\",\"target\":[\"https:\/\/muumimukitrahaksi.fi\/tuote\/muurla-moomin-for-pets-kulho-l-hetket-2026-uusi\/\"]}]},{\"@type\":\"ImageObject\",\"inLanguage\":\"ja\",\"@id\":\"https:\/\/muumimukitrahaksi.fi\/tuote\/muurla-moomin-for-pets-kulho-l-hetket-2026-uusi\/#primaryimage\",\"url\":\"https:\/\/muumimukitrahaksi.fi\/wp-content\/uploads\/2026\/03\/petsLhetket_1.jpg\",\"contentUrl\":\"https:\/\/muumimukitrahaksi.fi\/wp-content\/uploads\/2026\/03\/petsLhetket_1.jpg\",\"width\":1000,\"height\":1000,\"caption\":\"Muurla Moomin for Pets -kulho L, Hetket\"},{\"@type\":\"BreadcrumbList\",\"@id\":\"https:\/\/muumimukitrahaksi.fi\/tuote\/muurla-moomin-for-pets-kulho-l-hetket-2026-uusi\/#breadcrumb\",\"itemListElement\":[{\"@type\":\"ListItem\",\"position\":1,\"name\":\"Etusivu\",\"item\":\"https:\/\/muumimukitrahaksi.fi\/ja\/\"},{\"@type\":\"ListItem\",\"position\":2,\"name\":\"SHOP\",\"item\":\"https:\/\/muumimukitrahaksi.fi\/ja\/%e3%82%b7%e3%83%a7%e3%83%83%e3%83%97\/\"},{\"@type\":\"ListItem\",\"position\":3,\"name\":\"Muurla Moomin for Pets -kulho L, Hetket (2026-) *UUSI*\"}]},{\"@type\":\"WebSite\",\"@id\":\"https:\/\/muumimukitrahaksi.fi\/#website\",\"url\":\"https:\/\/muumimukitrahaksi.fi\/\",\"name\":\"Muumimukit Rahaksi\",\"description\":\"Muumimukeja, -kulhoja ja -lautasia ker\u00e4ilij\u00f6ille!\",\"publisher\":{\"@id\":\"https:\/\/muumimukitrahaksi.fi\/#organization\"},\"potentialAction\":[{\"@type\":\"SearchAction\",\"target\":{\"@type\":\"EntryPoint\",\"urlTemplate\":\"https:\/\/muumimukitrahaksi.fi\/?s={search_term_string}\"},\"query-input\":{\"@type\":\"PropertyValueSpecification\",\"valueRequired\":true,\"valueName\":\"search_term_string\"}}],\"inLanguage\":\"ja\"},{\"@type\":\"Organization\",\"@id\":\"https:\/\/muumimukitrahaksi.fi\/#organization\",\"name\":\"Muumimukit Rahaksi\",\"url\":\"https:\/\/muumimukitrahaksi.fi\/\",\"logo\":{\"@type\":\"ImageObject\",\"inLanguage\":\"ja\",\"@id\":\"https:\/\/muumimukitrahaksi.fi\/#\/schema\/logo\/image\/\",\"url\":\"https:\/\/muumimukitrahaksi.fi\/wp-content\/uploads\/2017\/09\/logooo.jpg\",\"contentUrl\":\"https:\/\/muumimukitrahaksi.fi\/wp-content\/uploads\/2017\/09\/logooo.jpg\",\"width\":514,\"height\":514,\"caption\":\"Muumimukit Rahaksi\"},\"image\":{\"@id\":\"https:\/\/muumimukitrahaksi.fi\/#\/schema\/logo\/image\/\"},\"sameAs\":[\"https:\/\/www.facebook.com\/muumimukitrahaksi\/\",\"https:\/\/x.com\/MuumitRahaksi\",\"https:\/\/www.instagram.com\/muumimukitrahaksi\/\"]}]}<\/script>\n<!-- \/ Yoast SEO plugin. -->","yoast_head_json":{"title":"Muurla Moomin for Pets -kulho L, Hetket (2026-) *UUSI* - Muumimukit Rahaksi","description":"Myynniss\u00e4 Muurlan Moomin for Pets -kulho L, Hetket. Kulho on uusi. Kulhon korkeus on 6,8cm, leveys 22cm ja tilavuus 0,65l.","robots":{"index":"index","follow":"follow","max-snippet":"max-snippet:-1","max-image-preview":"max-image-preview:large","max-video-preview":"max-video-preview:-1"},"canonical":"https:\/\/muumimukitrahaksi.fi\/tuote\/muurla-moomin-for-pets-kulho-l-hetket-2026-uusi\/","og_locale":"ja_JP","og_type":"article","og_title":"Muurla Moomin for Pets -kulho L, Hetket (2026-) *UUSI* - Muumimukit Rahaksi","og_description":"Myynniss\u00e4 Muurlan Moomin for Pets -kulho L, Hetket. Kulho on uusi. Kulhon korkeus on 6,8cm, leveys 22cm ja tilavuus 0,65l.","og_url":"https:\/\/muumimukitrahaksi.fi\/tuote\/muurla-moomin-for-pets-kulho-l-hetket-2026-uusi\/","og_site_name":"Muumimukit Rahaksi","article_publisher":"https:\/\/www.facebook.com\/muumimukitrahaksi\/","article_modified_time":"2026-03-12T08:58:18+00:00","og_image":[{"width":1000,"height":1000,"url":"https:\/\/muumimukitrahaksi.fi\/wp-content\/uploads\/2026\/03\/petsLhetket_1.jpg","type":"image\/jpeg"}],"twitter_card":"summary_large_image","twitter_site":"@MuumitRahaksi","twitter_misc":{"\u63a8\u5b9a\u8aad\u307f\u53d6\u308a\u6642\u9593":"1\u5206"},"schema":{"@context":"https:\/\/schema.org","@graph":[{"@type":"WebPage","@id":"https:\/\/muumimukitrahaksi.fi\/tuote\/muurla-moomin-for-pets-kulho-l-hetket-2026-uusi\/","url":"https:\/\/muumimukitrahaksi.fi\/tuote\/muurla-moomin-for-pets-kulho-l-hetket-2026-uusi\/","name":"Muurla Moomin for Pets -kulho L, Hetket (2026-) *UUSI* - Muumimukit Rahaksi","isPartOf":{"@id":"https:\/\/muumimukitrahaksi.fi\/#website"},"primaryImageOfPage":{"@id":"https:\/\/muumimukitrahaksi.fi\/tuote\/muurla-moomin-for-pets-kulho-l-hetket-2026-uusi\/#primaryimage"},"image":{"@id":"https:\/\/muumimukitrahaksi.fi\/tuote\/muurla-moomin-for-pets-kulho-l-hetket-2026-uusi\/#primaryimage"},"thumbnailUrl":"https:\/\/muumimukitrahaksi.fi\/wp-content\/uploads\/2026\/03\/petsLhetket_1.jpg","datePublished":"2026-03-11T09:46:15+00:00","dateModified":"2026-03-12T08:58:18+00:00","description":"Myynniss\u00e4 Muurlan Moomin for Pets -kulho L, Hetket. Kulho on uusi. Kulhon korkeus on 6,8cm, leveys 22cm ja tilavuus 0,65l.","breadcrumb":{"@id":"https:\/\/muumimukitrahaksi.fi\/tuote\/muurla-moomin-for-pets-kulho-l-hetket-2026-uusi\/#breadcrumb"},"inLanguage":"ja","potentialAction":[{"@type":"ReadAction","target":["https:\/\/muumimukitrahaksi.fi\/tuote\/muurla-moomin-for-pets-kulho-l-hetket-2026-uusi\/"]}]},{"@type":"ImageObject","inLanguage":"ja","@id":"https:\/\/muumimukitrahaksi.fi\/tuote\/muurla-moomin-for-pets-kulho-l-hetket-2026-uusi\/#primaryimage","url":"https:\/\/muumimukitrahaksi.fi\/wp-content\/uploads\/2026\/03\/petsLhetket_1.jpg","contentUrl":"https:\/\/muumimukitrahaksi.fi\/wp-content\/uploads\/2026\/03\/petsLhetket_1.jpg","width":1000,"height":1000,"caption":"Muurla Moomin for Pets -kulho L, Hetket"},{"@type":"BreadcrumbList","@id":"https:\/\/muumimukitrahaksi.fi\/tuote\/muurla-moomin-for-pets-kulho-l-hetket-2026-uusi\/#breadcrumb","itemListElement":[{"@type":"ListItem","position":1,"name":"Etusivu","item":"https:\/\/muumimukitrahaksi.fi\/ja\/"},{"@type":"ListItem","position":2,"name":"SHOP","item":"https:\/\/muumimukitrahaksi.fi\/ja\/%e3%82%b7%e3%83%a7%e3%83%83%e3%83%97\/"},{"@type":"ListItem","position":3,"name":"Muurla Moomin for Pets -kulho L, Hetket (2026-) *UUSI*"}]},{"@type":"WebSite","@id":"https:\/\/muumimukitrahaksi.fi\/#website","url":"https:\/\/muumimukitrahaksi.fi\/","name":"Muumimukit Rahaksi","description":"Muumimukeja, -kulhoja ja -lautasia ker\u00e4ilij\u00f6ille!","publisher":{"@id":"https:\/\/muumimukitrahaksi.fi\/#organization"},"potentialAction":[{"@type":"SearchAction","target":{"@type":"EntryPoint","urlTemplate":"https:\/\/muumimukitrahaksi.fi\/?s={search_term_string}"},"query-input":{"@type":"PropertyValueSpecification","valueRequired":true,"valueName":"search_term_string"}}],"inLanguage":"ja"},{"@type":"Organization","@id":"https:\/\/muumimukitrahaksi.fi\/#organization","name":"Muumimukit Rahaksi","url":"https:\/\/muumimukitrahaksi.fi\/","logo":{"@type":"ImageObject","inLanguage":"ja","@id":"https:\/\/muumimukitrahaksi.fi\/#\/schema\/logo\/image\/","url":"https:\/\/muumimukitrahaksi.fi\/wp-content\/uploads\/2017\/09\/logooo.jpg","contentUrl":"https:\/\/muumimukitrahaksi.fi\/wp-content\/uploads\/2017\/09\/logooo.jpg","width":514,"height":514,"caption":"Muumimukit Rahaksi"},"image":{"@id":"https:\/\/muumimukitrahaksi.fi\/#\/schema\/logo\/image\/"},"sameAs":["https:\/\/www.facebook.com\/muumimukitrahaksi\/","https:\/\/x.com\/MuumitRahaksi","https:\/\/www.instagram.com\/muumimukitrahaksi\/"]}]}},"_links":{"self":[{"href":"https:\/\/muumimukitrahaksi.fi\/ja\/wp-json\/wp\/v2\/product\/162477","targetHints":{"allow":["GET"]}}],"collection":[{"href":"https:\/\/muumimukitrahaksi.fi\/ja\/wp-json\/wp\/v2\/product"}],"about":[{"href":"https:\/\/muumimukitrahaksi.fi\/ja\/wp-json\/wp\/v2\/types\/product"}],"wp:featuredmedia":[{"embeddable":true,"href":"https:\/\/muumimukitrahaksi.fi\/ja\/wp-json\/wp\/v2\/media\/162322"}],"wp:attachment":[{"href":"https:\/\/muumimukitrahaksi.fi\/ja\/wp-json\/wp\/v2\/media?parent=162477"}],"wp:term":[{"taxonomy":"product_brand","embeddable":true,"href":"https:\/\/muumimukitrahaksi.fi\/ja\/wp-json\/wp\/v2\/product_brand?post=162477"},{"taxonomy":"product_cat","embeddable":true,"href":"https:\/\/muumimukitrahaksi.fi\/ja\/wp-json\/wp\/v2\/product_cat?post=162477"},{"taxonomy":"product_tag","embeddable":true,"href":"https:\/\/muumimukitrahaksi.fi\/ja\/wp-json\/wp\/v2\/product_tag?post=162477"}],"curies":[{"name":"wp","href":"https:\/\/api.w.org\/{rel}","templated":true}]}}