{"id":162482,"date":"2026-03-11T12:27:06","date_gmt":"2026-03-11T10:27:06","guid":{"rendered":"https:\/\/muumimukitrahaksi.fi\/?post_type=product&#038;p=162482"},"modified":"2026-04-22T18:27:35","modified_gmt":"2026-04-22T15:27:35","slug":"muumi-kasteluvahti-muurla-hattivatti-2024-uusi","status":"publish","type":"product","link":"https:\/\/muumimukitrahaksi.fi\/ja\/\u5546\u54c1\/muumi-kasteluvahti-muurla-hattivatti-2024-uusi\/","title":{"rendered":"Muumi-kasteluvahti Muurla Hattivatti (2024-) *UUSI*"},"content":{"rendered":"<p style=\"text-align: center;\"><strong>\u2022 Kuntotarkastetut tuotteet \u2022 My\u00f6s lasku\/osamaksu \u2022 Moomin Characters Oy lisenssinhaltija<\/strong><\/p>\n<p><strong>Muumi-kasteluvahti Muurla Hattivatti <\/strong>on\u00a0Muumitarinoiden mystisi\u00e4 pieni\u00e4 olentoja. Ne kasvavat pienist\u00e4 valkoisista siemenist\u00e4 \u2013 mutta vain, jos siemenet on kylvetty Juhannusy\u00f6n\u00e4. Muurla on luonut Hattivattien Puutarhassa tuotesarjan, joka sis\u00e4lt\u00e4\u00e4 hauskoja tuotteita vihersisustamiseen ja puutarhaan.<\/p>\n<p>Hattivatti-kasteluvahti pit\u00e4\u00e4 kodin viherkasvit kasteltuina useita p\u00e4ivi\u00e4. Lis\u00e4\u00e4 kasteluvahtiin vett\u00e4, tee sormella pieni reik\u00e4 multaan ja ty\u00f6nn\u00e4 varovasti kasteluvahti reik\u00e4\u00e4n. Isot ja janoiset kasvit saattavat tarvita enemm\u00e4n kuin yhden Hattivatin. Hattivatti-kasteluvahti ei ole vain k\u00e4ytt\u00f6esine \u2013 se on my\u00f6s taidolla suunniteltu ja valmistettu kaunis lasiesine sek\u00e4 hauska sisustuselementti. Valmistettu borosilikaattilasista.<\/p>\n<p>Muurlan hiiliter\u00e4ksest\u00e4 valmistettujen muumimukien pinnassa on kaksinkertainen emalointi. Ruokap\u00f6yd\u00e4n lis\u00e4ksi n\u00e4m\u00e4 mukit soveltuvat oivasti my\u00f6s ulkok\u00e4ytt\u00f6\u00f6n. Mukit ovat mit\u00e4 mainioimpia retkeilymukeja, niiden keveyden ja kest\u00e4vyyden johdosta. Normaalikokoisten Muurlan emalimukien tilavuus on 3,7dl, mutta Muurlan muumimukeista my\u00f6s pienempi\u00e4 ja suurempia versioita. Muurlan muumimukit ovat valmistettu k\u00e4sity\u00f6n\u00e4, joten niiden ulkon\u00e4k\u00f6 vaihtelee hieman yksil\u00f6itt\u00e4in.<\/p>\n<p>Muurlan muumimukit voi pest\u00e4 astianpesukoneessa, mutta niit\u00e4 ei voi laittaa mikroaaltouuniin.<\/p>\n<p>Kurkkaa my\u00f6s Muurlan emalimukit <a href=\"https:\/\/muumimukitrahaksi.fi\/tuote-osasto\/mukit\/muurla-mukit\/\">t\u00e4st\u00e4<\/a>.<\/p>\n<p>L\u00f6ytyyk\u00f6 sinulta Muurlan Hattivatti-kasteluvahti ja haluaisit myyd\u00e4 sen? Me my\u00f6s ostamme muumituotteita. Klikkaa <a href=\"https:\/\/muumimukitrahaksi.fi\/ostamme\/\" target=\"_blank\" rel=\"noopener noreferrer\">t\u00e4st\u00e4<\/a>, t\u00e4yt\u00e4 lomake ja saat tarjouksen viel\u00e4 saman p\u00e4iv\u00e4n aikana.<\/p>\n","protected":false},"excerpt":{"rendered":"<p style=\"text-align: center;\"><strong>\u2022 Nopea toimitus 1-7 vrk \u2022 Ehj\u00e4n\u00e4 perille<\/strong><\/p>\n<p>Myynniss\u00e4 Muurlan Muumi-kasteluvahti Hattivatti. Kasteluvahti on uusi. Toimitetaan alkuper\u00e4isess\u00e4 pakkauksessaan. Hattivatin korkeus on 30 cm ja tilavuus 2 dl. Hinta sis. ALV. Toimitettaessa kasteluvahti pakataan huolellisesti uusiutuvia pakkausmateriaaleja k\u00e4ytt\u00e4en.<\/p>\n<p style=\"text-align: center;\"><strong>\u2022 Laajat maksutavat<\/strong><\/p>\n<p><img loading=\"lazy\" decoding=\"async\" class=\"alignnone size-full wp-image-20757 aligncenter\" src=\"https:\/\/muumimukitrahaksi.fi\/wp-content\/uploads\/2020\/06\/maksutavat-2026-pieni.png\" alt=\"muumimukit rahaksi\" width=\"350\" height=\"200\" \/><\/p>\n","protected":false},"featured_media":162275,"template":"","meta":[],"product_brand":[],"product_cat":[443,12],"product_tag":[142,369],"class_list":{"0":"post-162482","1":"product","2":"type-product","3":"status-publish","4":"has-post-thumbnail","6":"product_cat-muut-2","7":"product_cat-muut","8":"product_tag-hattivatit","9":"product_tag-muurla","10":"product_shipping_class-iso-tuote","12":"first","13":"instock","14":"taxable","15":"shipping-taxable","16":"purchasable","17":"product-type-simple"},"yoast_head":"<!-- This site is optimized with the Yoast SEO plugin v27.1.1 - https:\/\/yoast.com\/product\/yoast-seo-wordpress\/ -->\n<title>Muumi-kasteluvahti Muurla Hattivatti (2024-) *UUSI* - Muumimukit Rahaksi<\/title>\n<meta name=\"description\" content=\"Myynniss\u00e4 Muurlan Muumi-kasteluvahti Hattivatti. Kasteluvahti on uusi. Toimitetaan alkuper\u00e4isess\u00e4 pakkauksessaan.\" \/>\n<meta name=\"robots\" content=\"index, follow, max-snippet:-1, max-image-preview:large, max-video-preview:-1\" \/>\n<link rel=\"canonical\" href=\"https:\/\/muumimukitrahaksi.fi\/tuote\/muumi-kasteluvahti-muurla-hattivatti-2024-uusi\/\" \/>\n<meta property=\"og:locale\" content=\"ja_JP\" \/>\n<meta property=\"og:type\" content=\"article\" \/>\n<meta property=\"og:title\" content=\"Muumi-kasteluvahti Muurla Hattivatti (2024-) *UUSI* - Muumimukit Rahaksi\" \/>\n<meta property=\"og:description\" content=\"Myynniss\u00e4 Muurlan Muumi-kasteluvahti Hattivatti. Kasteluvahti on uusi. Toimitetaan alkuper\u00e4isess\u00e4 pakkauksessaan.\" \/>\n<meta property=\"og:url\" content=\"https:\/\/muumimukitrahaksi.fi\/tuote\/muumi-kasteluvahti-muurla-hattivatti-2024-uusi\/\" \/>\n<meta property=\"og:site_name\" content=\"Muumimukit Rahaksi\" \/>\n<meta property=\"article:publisher\" content=\"https:\/\/www.facebook.com\/muumimukitrahaksi\/\" \/>\n<meta property=\"article:modified_time\" content=\"2026-04-22T15:27:35+00:00\" \/>\n<meta property=\"og:image\" content=\"https:\/\/muumimukitrahaksi.fi\/wp-content\/uploads\/2026\/03\/kasteluvahti_1.jpg\" \/>\n\t<meta property=\"og:image:width\" content=\"1000\" \/>\n\t<meta property=\"og:image:height\" content=\"1000\" \/>\n\t<meta property=\"og:image:type\" content=\"image\/jpeg\" \/>\n<meta name=\"twitter:card\" content=\"summary_large_image\" \/>\n<meta name=\"twitter:site\" content=\"@MuumitRahaksi\" \/>\n<meta name=\"twitter:label1\" content=\"\u63a8\u5b9a\u8aad\u307f\u53d6\u308a\u6642\u9593\" \/>\n\t<meta name=\"twitter:data1\" content=\"2\u5206\" \/>\n<script type=\"application\/ld+json\" class=\"yoast-schema-graph\">{\"@context\":\"https:\/\/schema.org\",\"@graph\":[{\"@type\":\"WebPage\",\"@id\":\"https:\/\/muumimukitrahaksi.fi\/tuote\/muumi-kasteluvahti-muurla-hattivatti-2024-uusi\/\",\"url\":\"https:\/\/muumimukitrahaksi.fi\/tuote\/muumi-kasteluvahti-muurla-hattivatti-2024-uusi\/\",\"name\":\"Muumi-kasteluvahti Muurla Hattivatti (2024-) *UUSI* - Muumimukit Rahaksi\",\"isPartOf\":{\"@id\":\"https:\/\/muumimukitrahaksi.fi\/#website\"},\"primaryImageOfPage\":{\"@id\":\"https:\/\/muumimukitrahaksi.fi\/tuote\/muumi-kasteluvahti-muurla-hattivatti-2024-uusi\/#primaryimage\"},\"image\":{\"@id\":\"https:\/\/muumimukitrahaksi.fi\/tuote\/muumi-kasteluvahti-muurla-hattivatti-2024-uusi\/#primaryimage\"},\"thumbnailUrl\":\"https:\/\/muumimukitrahaksi.fi\/wp-content\/uploads\/2026\/03\/kasteluvahti_1.jpg\",\"datePublished\":\"2026-03-11T10:27:06+00:00\",\"dateModified\":\"2026-04-22T15:27:35+00:00\",\"description\":\"Myynniss\u00e4 Muurlan Muumi-kasteluvahti Hattivatti. Kasteluvahti on uusi. Toimitetaan alkuper\u00e4isess\u00e4 pakkauksessaan.\",\"breadcrumb\":{\"@id\":\"https:\/\/muumimukitrahaksi.fi\/tuote\/muumi-kasteluvahti-muurla-hattivatti-2024-uusi\/#breadcrumb\"},\"inLanguage\":\"ja\",\"potentialAction\":[{\"@type\":\"ReadAction\",\"target\":[\"https:\/\/muumimukitrahaksi.fi\/tuote\/muumi-kasteluvahti-muurla-hattivatti-2024-uusi\/\"]}]},{\"@type\":\"ImageObject\",\"inLanguage\":\"ja\",\"@id\":\"https:\/\/muumimukitrahaksi.fi\/tuote\/muumi-kasteluvahti-muurla-hattivatti-2024-uusi\/#primaryimage\",\"url\":\"https:\/\/muumimukitrahaksi.fi\/wp-content\/uploads\/2026\/03\/kasteluvahti_1.jpg\",\"contentUrl\":\"https:\/\/muumimukitrahaksi.fi\/wp-content\/uploads\/2026\/03\/kasteluvahti_1.jpg\",\"width\":1000,\"height\":1000,\"caption\":\"Muumi-kasteluvahti Muurla Hattivatti\"},{\"@type\":\"BreadcrumbList\",\"@id\":\"https:\/\/muumimukitrahaksi.fi\/tuote\/muumi-kasteluvahti-muurla-hattivatti-2024-uusi\/#breadcrumb\",\"itemListElement\":[{\"@type\":\"ListItem\",\"position\":1,\"name\":\"Etusivu\",\"item\":\"https:\/\/muumimukitrahaksi.fi\/ja\/\"},{\"@type\":\"ListItem\",\"position\":2,\"name\":\"SHOP\",\"item\":\"https:\/\/muumimukitrahaksi.fi\/ja\/%e3%82%b7%e3%83%a7%e3%83%83%e3%83%97\/\"},{\"@type\":\"ListItem\",\"position\":3,\"name\":\"Muumi-kasteluvahti Muurla Hattivatti (2024-) *UUSI*\"}]},{\"@type\":\"WebSite\",\"@id\":\"https:\/\/muumimukitrahaksi.fi\/#website\",\"url\":\"https:\/\/muumimukitrahaksi.fi\/\",\"name\":\"Muumimukit Rahaksi\",\"description\":\"Muumimukeja, -kulhoja ja -lautasia ker\u00e4ilij\u00f6ille!\",\"publisher\":{\"@id\":\"https:\/\/muumimukitrahaksi.fi\/#organization\"},\"potentialAction\":[{\"@type\":\"SearchAction\",\"target\":{\"@type\":\"EntryPoint\",\"urlTemplate\":\"https:\/\/muumimukitrahaksi.fi\/?s={search_term_string}\"},\"query-input\":{\"@type\":\"PropertyValueSpecification\",\"valueRequired\":true,\"valueName\":\"search_term_string\"}}],\"inLanguage\":\"ja\"},{\"@type\":\"Organization\",\"@id\":\"https:\/\/muumimukitrahaksi.fi\/#organization\",\"name\":\"Muumimukit Rahaksi\",\"url\":\"https:\/\/muumimukitrahaksi.fi\/\",\"logo\":{\"@type\":\"ImageObject\",\"inLanguage\":\"ja\",\"@id\":\"https:\/\/muumimukitrahaksi.fi\/#\/schema\/logo\/image\/\",\"url\":\"https:\/\/muumimukitrahaksi.fi\/wp-content\/uploads\/2017\/09\/logooo.jpg\",\"contentUrl\":\"https:\/\/muumimukitrahaksi.fi\/wp-content\/uploads\/2017\/09\/logooo.jpg\",\"width\":514,\"height\":514,\"caption\":\"Muumimukit Rahaksi\"},\"image\":{\"@id\":\"https:\/\/muumimukitrahaksi.fi\/#\/schema\/logo\/image\/\"},\"sameAs\":[\"https:\/\/www.facebook.com\/muumimukitrahaksi\/\",\"https:\/\/x.com\/MuumitRahaksi\",\"https:\/\/www.instagram.com\/muumimukitrahaksi\/\"]}]}<\/script>\n<!-- \/ Yoast SEO plugin. -->","yoast_head_json":{"title":"Muumi-kasteluvahti Muurla Hattivatti (2024-) *UUSI* - Muumimukit Rahaksi","description":"Myynniss\u00e4 Muurlan Muumi-kasteluvahti Hattivatti. Kasteluvahti on uusi. Toimitetaan alkuper\u00e4isess\u00e4 pakkauksessaan.","robots":{"index":"index","follow":"follow","max-snippet":"max-snippet:-1","max-image-preview":"max-image-preview:large","max-video-preview":"max-video-preview:-1"},"canonical":"https:\/\/muumimukitrahaksi.fi\/tuote\/muumi-kasteluvahti-muurla-hattivatti-2024-uusi\/","og_locale":"ja_JP","og_type":"article","og_title":"Muumi-kasteluvahti Muurla Hattivatti (2024-) *UUSI* - Muumimukit Rahaksi","og_description":"Myynniss\u00e4 Muurlan Muumi-kasteluvahti Hattivatti. Kasteluvahti on uusi. Toimitetaan alkuper\u00e4isess\u00e4 pakkauksessaan.","og_url":"https:\/\/muumimukitrahaksi.fi\/tuote\/muumi-kasteluvahti-muurla-hattivatti-2024-uusi\/","og_site_name":"Muumimukit Rahaksi","article_publisher":"https:\/\/www.facebook.com\/muumimukitrahaksi\/","article_modified_time":"2026-04-22T15:27:35+00:00","og_image":[{"width":1000,"height":1000,"url":"https:\/\/muumimukitrahaksi.fi\/wp-content\/uploads\/2026\/03\/kasteluvahti_1.jpg","type":"image\/jpeg"}],"twitter_card":"summary_large_image","twitter_site":"@MuumitRahaksi","twitter_misc":{"\u63a8\u5b9a\u8aad\u307f\u53d6\u308a\u6642\u9593":"2\u5206"},"schema":{"@context":"https:\/\/schema.org","@graph":[{"@type":"WebPage","@id":"https:\/\/muumimukitrahaksi.fi\/tuote\/muumi-kasteluvahti-muurla-hattivatti-2024-uusi\/","url":"https:\/\/muumimukitrahaksi.fi\/tuote\/muumi-kasteluvahti-muurla-hattivatti-2024-uusi\/","name":"Muumi-kasteluvahti Muurla Hattivatti (2024-) *UUSI* - Muumimukit Rahaksi","isPartOf":{"@id":"https:\/\/muumimukitrahaksi.fi\/#website"},"primaryImageOfPage":{"@id":"https:\/\/muumimukitrahaksi.fi\/tuote\/muumi-kasteluvahti-muurla-hattivatti-2024-uusi\/#primaryimage"},"image":{"@id":"https:\/\/muumimukitrahaksi.fi\/tuote\/muumi-kasteluvahti-muurla-hattivatti-2024-uusi\/#primaryimage"},"thumbnailUrl":"https:\/\/muumimukitrahaksi.fi\/wp-content\/uploads\/2026\/03\/kasteluvahti_1.jpg","datePublished":"2026-03-11T10:27:06+00:00","dateModified":"2026-04-22T15:27:35+00:00","description":"Myynniss\u00e4 Muurlan Muumi-kasteluvahti Hattivatti. Kasteluvahti on uusi. Toimitetaan alkuper\u00e4isess\u00e4 pakkauksessaan.","breadcrumb":{"@id":"https:\/\/muumimukitrahaksi.fi\/tuote\/muumi-kasteluvahti-muurla-hattivatti-2024-uusi\/#breadcrumb"},"inLanguage":"ja","potentialAction":[{"@type":"ReadAction","target":["https:\/\/muumimukitrahaksi.fi\/tuote\/muumi-kasteluvahti-muurla-hattivatti-2024-uusi\/"]}]},{"@type":"ImageObject","inLanguage":"ja","@id":"https:\/\/muumimukitrahaksi.fi\/tuote\/muumi-kasteluvahti-muurla-hattivatti-2024-uusi\/#primaryimage","url":"https:\/\/muumimukitrahaksi.fi\/wp-content\/uploads\/2026\/03\/kasteluvahti_1.jpg","contentUrl":"https:\/\/muumimukitrahaksi.fi\/wp-content\/uploads\/2026\/03\/kasteluvahti_1.jpg","width":1000,"height":1000,"caption":"Muumi-kasteluvahti Muurla Hattivatti"},{"@type":"BreadcrumbList","@id":"https:\/\/muumimukitrahaksi.fi\/tuote\/muumi-kasteluvahti-muurla-hattivatti-2024-uusi\/#breadcrumb","itemListElement":[{"@type":"ListItem","position":1,"name":"Etusivu","item":"https:\/\/muumimukitrahaksi.fi\/ja\/"},{"@type":"ListItem","position":2,"name":"SHOP","item":"https:\/\/muumimukitrahaksi.fi\/ja\/%e3%82%b7%e3%83%a7%e3%83%83%e3%83%97\/"},{"@type":"ListItem","position":3,"name":"Muumi-kasteluvahti Muurla Hattivatti (2024-) *UUSI*"}]},{"@type":"WebSite","@id":"https:\/\/muumimukitrahaksi.fi\/#website","url":"https:\/\/muumimukitrahaksi.fi\/","name":"Muumimukit Rahaksi","description":"Muumimukeja, -kulhoja ja -lautasia ker\u00e4ilij\u00f6ille!","publisher":{"@id":"https:\/\/muumimukitrahaksi.fi\/#organization"},"potentialAction":[{"@type":"SearchAction","target":{"@type":"EntryPoint","urlTemplate":"https:\/\/muumimukitrahaksi.fi\/?s={search_term_string}"},"query-input":{"@type":"PropertyValueSpecification","valueRequired":true,"valueName":"search_term_string"}}],"inLanguage":"ja"},{"@type":"Organization","@id":"https:\/\/muumimukitrahaksi.fi\/#organization","name":"Muumimukit Rahaksi","url":"https:\/\/muumimukitrahaksi.fi\/","logo":{"@type":"ImageObject","inLanguage":"ja","@id":"https:\/\/muumimukitrahaksi.fi\/#\/schema\/logo\/image\/","url":"https:\/\/muumimukitrahaksi.fi\/wp-content\/uploads\/2017\/09\/logooo.jpg","contentUrl":"https:\/\/muumimukitrahaksi.fi\/wp-content\/uploads\/2017\/09\/logooo.jpg","width":514,"height":514,"caption":"Muumimukit Rahaksi"},"image":{"@id":"https:\/\/muumimukitrahaksi.fi\/#\/schema\/logo\/image\/"},"sameAs":["https:\/\/www.facebook.com\/muumimukitrahaksi\/","https:\/\/x.com\/MuumitRahaksi","https:\/\/www.instagram.com\/muumimukitrahaksi\/"]}]}},"_links":{"self":[{"href":"https:\/\/muumimukitrahaksi.fi\/ja\/wp-json\/wp\/v2\/product\/162482","targetHints":{"allow":["GET"]}}],"collection":[{"href":"https:\/\/muumimukitrahaksi.fi\/ja\/wp-json\/wp\/v2\/product"}],"about":[{"href":"https:\/\/muumimukitrahaksi.fi\/ja\/wp-json\/wp\/v2\/types\/product"}],"wp:featuredmedia":[{"embeddable":true,"href":"https:\/\/muumimukitrahaksi.fi\/ja\/wp-json\/wp\/v2\/media\/162275"}],"wp:attachment":[{"href":"https:\/\/muumimukitrahaksi.fi\/ja\/wp-json\/wp\/v2\/media?parent=162482"}],"wp:term":[{"taxonomy":"product_brand","embeddable":true,"href":"https:\/\/muumimukitrahaksi.fi\/ja\/wp-json\/wp\/v2\/product_brand?post=162482"},{"taxonomy":"product_cat","embeddable":true,"href":"https:\/\/muumimukitrahaksi.fi\/ja\/wp-json\/wp\/v2\/product_cat?post=162482"},{"taxonomy":"product_tag","embeddable":true,"href":"https:\/\/muumimukitrahaksi.fi\/ja\/wp-json\/wp\/v2\/product_tag?post=162482"}],"curies":[{"name":"wp","href":"https:\/\/api.w.org\/{rel}","templated":true}]}}