{"id":164259,"date":"2026-04-08T16:17:03","date_gmt":"2026-04-08T13:17:03","guid":{"rendered":"https:\/\/muumimukitrahaksi.fi\/?post_type=product&#038;p=164259"},"modified":"2026-04-11T16:49:06","modified_gmt":"2026-04-11T13:49:06","slug":"muumi-tarjotin-lomakuumetta-2026-tarra","status":"publish","type":"product","link":"https:\/\/muumimukitrahaksi.fi\/\u5546\u54c1\/muumi-tarjotin-lomakuumetta-2026-tarra\/","title":{"rendered":"Muumi-tarjotin Lomakuumetta (2026) *TARRA*"},"content":{"rendered":"<p style=\"text-align: center;\"><strong>\u2022 Kuntotarkastetut tuotteet \u2022 My\u00f6s lasku\/osamaksu \u2022 Moomin Characters Oy lisenssinhaltija<\/strong><\/p>\n<p><strong>Muumi-tarjotin Lomakuumetta<\/strong> on osa Moomin Arabian kes\u00e4sesonkikokoelmaa vuodelle 2026. Lomakuumetta-kokoelma aloittaa uuden viisiosaisen kes\u00e4sesonkisarjan, joka pohjautuu Muumien seikkailuihin Rivieralla. Hempe\u00e4ns\u00e4vyiseen Lomakuumetta-kokoelmaan sis\u00e4ltyy mm. muki, lautanen ja minimuki. Kokoelman tuotteet ovat saatavilla vain 6.5.-30.9.2026.<\/p>\n<p>Ensimm\u00e4isess\u00e4 Riviera-aiheisessa kes\u00e4sesonkimukikokoelmassa kuvataan muumien ensimm\u00e4ist\u00e4 matkaa Ranskan luksusrannikolle. Pakkaustohinat ovat t\u00e4ydess\u00e4 vauhdissa, kun Muumimamma, Muumipappa, Muumipeikko ja Niiskuneiti yritt\u00e4v\u00e4t kaikki vuorollaan mahduttaa kaiken tarvittavan matkalaukkuihin. Lomakuumetta-kokoelman vauhdikkaan kuvituksen inspiraationa on toiminut Tove Janssonin Muumiperhe Rivieralla -sarjakuvatarina vuodelta 1955. Sarjakuva pohjautuu jossain m\u00e4\u00e4rin tosiel\u00e4m\u00e4n tapahtumiin Toven ja h\u00e4nen \u00e4itins\u00e4 yhteismatkalta Rivieralle vuonna 1954. Kuvituksen muita elementtej\u00e4 on hy\u00f6dynnetty sarjakuvista Muumipeikko ja pyrst\u00f6t\u00e4hti (1958) ja Muumipeikko merill\u00e4 (1959).<\/p>\n<p>Lomakuumetta-kokoelman mukin sis\u00e4pintaa koristaa hauska yksityiskohta: muistilappu, jossa lukee &#8220;The key is under the window-sill!&#8221; (suomeksi: &#8220;Avain on ikkunalaudan alla!&#8221;). Ensimm\u00e4ist\u00e4 kertaa t\u00e4m\u00e4n kaltainen yksityiskohta n\u00e4hd\u00e4\u00e4n my\u00f6s muumilautasessa, sill\u00e4 samainen painatus muistilapusta l\u00f6ytyy lautasen reunalta.<\/p>\n<p>Kurkkaa my\u00f6s muut muumitarjottimet <a href=\"https:\/\/muumimukitrahaksi.fi\/tuote-avainsana\/muumitarjotin\/\" target=\"_blank\" rel=\"noopener noreferrer\">t\u00e4st\u00e4<\/a>.<\/p>\n<p><span style=\"font-weight: 400;\">L\u00f6ytyyk\u00f6 sinulta Lomakuumetta-tarjotin ja haluaisit myyd\u00e4 sen? Me my\u00f6s ostamme muumituotteita. Klikkaa <\/span><a href=\"https:\/\/muumimukitrahaksi.fi\/ostamme\/\" target=\"_blank\" rel=\"noopener noreferrer\"><span style=\"font-weight: 400;\">t\u00e4st\u00e4<\/span><\/a><span style=\"font-weight: 400;\">, t\u00e4yt\u00e4 lomake ja saat tarjouksen viel\u00e4 saman p\u00e4iv\u00e4n aikana.<\/span><\/p>\n","protected":false},"excerpt":{"rendered":"<p style=\"text-align: center;\"><strong>\u2022 Nopea toimitus 1-7 vrk \u2022 Ehj\u00e4n\u00e4 perille<\/strong><\/p>\n<p>Uusi Moomin Arabian vuoden 2026 Muumi-tarjotin Lomakuumetta on nyt tilattavissa!\u00a0<strong>Toimitukset alkavat heti julkistusp\u00e4iv\u00e4n aamuna 6.5.2026.<\/strong> Kaikki samassa tilauksessa olevat tuotteet toimitetaan samalla kertaa. Tarjotin on uusi. Tarra on paikoillaan. Hinta (19,90\u20ac) sis. ALV. Toimitettaessa tarjotin pakataan huolellisesti uusiutuvia pakkausmateriaaleja k\u00e4ytt\u00e4en.<\/p>\n<p style=\"text-align: center;\"><strong>\u2022 Laajat maksutavat<\/strong><\/p>\n<p><img loading=\"lazy\" decoding=\"async\" class=\"alignnone size-full wp-image-20757 aligncenter\" src=\"https:\/\/muumimukitrahaksi.fi\/wp-content\/uploads\/2020\/06\/maksutavat-2026-pieni.png\" alt=\"muumimukit rahaksi\" width=\"350\" height=\"200\" \/><\/p>\n","protected":false},"featured_media":164174,"template":"","meta":[],"product_brand":[],"product_cat":[443,12,440,668],"product_tag":[716,179,123],"class_list":{"0":"post-164259","1":"product","2":"type-product","3":"status-publish","4":"has-post-thumbnail","6":"product_cat-muut-2","7":"product_cat-muut","8":"product_cat-tarjoiluastiat","9":"product_cat-uutuudet","10":"product_tag-lomakuumetta","11":"product_tag-muumitarjotin","12":"product_tag-tarrallinen","14":"first","15":"instock","16":"taxable","17":"shipping-taxable","18":"purchasable","19":"product-type-simple"},"yoast_head":"<!-- This site is optimized with the Yoast SEO plugin v27.1.1 - https:\/\/yoast.com\/product\/yoast-seo-wordpress\/ -->\n<title>Muumi-tarjotin Lomakuumetta (2026) *TARRA* - Muumimukit Rahaksi<\/title>\n<meta name=\"description\" content=\"Muumi-tarjotin Lomakuumetta on osa Moomin Arabian kes\u00e4sesonkikokoelmaa vuodelle 2026. Lomakuumetta-kokoelma aloittaa uuden viisiosaisen kes\u00e4sesonkisarjan.\" \/>\n<meta name=\"robots\" content=\"index, follow, max-snippet:-1, max-image-preview:large, max-video-preview:-1\" \/>\n<link rel=\"canonical\" href=\"https:\/\/muumimukitrahaksi.fi\/tuote\/muumi-tarjotin-lomakuumetta-2026-tarra\/\" \/>\n<meta property=\"og:locale\" content=\"ja_JP\" \/>\n<meta property=\"og:type\" content=\"article\" \/>\n<meta property=\"og:title\" content=\"Muumi-tarjotin Lomakuumetta (2026) *TARRA* - Muumimukit Rahaksi\" \/>\n<meta property=\"og:description\" content=\"Muumi-tarjotin Lomakuumetta on osa Moomin Arabian kes\u00e4sesonkikokoelmaa vuodelle 2026. Lomakuumetta-kokoelma aloittaa uuden viisiosaisen kes\u00e4sesonkisarjan.\" \/>\n<meta property=\"og:url\" content=\"https:\/\/muumimukitrahaksi.fi\/tuote\/muumi-tarjotin-lomakuumetta-2026-tarra\/\" \/>\n<meta property=\"og:site_name\" content=\"Muumimukit Rahaksi\" \/>\n<meta property=\"article:publisher\" content=\"https:\/\/www.facebook.com\/muumimukitrahaksi\/\" \/>\n<meta property=\"article:modified_time\" content=\"2026-04-11T13:49:06+00:00\" \/>\n<meta property=\"og:image\" content=\"https:\/\/muumimukitrahaksi.fi\/wp-content\/uploads\/2026\/04\/holidayrush_tarjotin_1.jpg\" \/>\n\t<meta property=\"og:image:width\" content=\"1000\" \/>\n\t<meta property=\"og:image:height\" content=\"1000\" \/>\n\t<meta property=\"og:image:type\" content=\"image\/jpeg\" \/>\n<meta name=\"twitter:card\" content=\"summary_large_image\" \/>\n<meta name=\"twitter:site\" content=\"@MuumitRahaksi\" \/>\n<meta name=\"twitter:label1\" content=\"\u63a8\u5b9a\u8aad\u307f\u53d6\u308a\u6642\u9593\" \/>\n\t<meta name=\"twitter:data1\" content=\"2\u5206\" \/>\n<script type=\"application\/ld+json\" class=\"yoast-schema-graph\">{\"@context\":\"https:\/\/schema.org\",\"@graph\":[{\"@type\":\"WebPage\",\"@id\":\"https:\/\/muumimukitrahaksi.fi\/tuote\/muumi-tarjotin-lomakuumetta-2026-tarra\/\",\"url\":\"https:\/\/muumimukitrahaksi.fi\/tuote\/muumi-tarjotin-lomakuumetta-2026-tarra\/\",\"name\":\"Muumi-tarjotin Lomakuumetta (2026) *TARRA* - Muumimukit Rahaksi\",\"isPartOf\":{\"@id\":\"https:\/\/muumimukitrahaksi.fi\/#website\"},\"primaryImageOfPage\":{\"@id\":\"https:\/\/muumimukitrahaksi.fi\/tuote\/muumi-tarjotin-lomakuumetta-2026-tarra\/#primaryimage\"},\"image\":{\"@id\":\"https:\/\/muumimukitrahaksi.fi\/tuote\/muumi-tarjotin-lomakuumetta-2026-tarra\/#primaryimage\"},\"thumbnailUrl\":\"https:\/\/muumimukitrahaksi.fi\/wp-content\/uploads\/2026\/04\/holidayrush_tarjotin_1.jpg\",\"datePublished\":\"2026-04-08T13:17:03+00:00\",\"dateModified\":\"2026-04-11T13:49:06+00:00\",\"description\":\"Muumi-tarjotin Lomakuumetta on osa Moomin Arabian kes\u00e4sesonkikokoelmaa vuodelle 2026. Lomakuumetta-kokoelma aloittaa uuden viisiosaisen kes\u00e4sesonkisarjan.\",\"breadcrumb\":{\"@id\":\"https:\/\/muumimukitrahaksi.fi\/tuote\/muumi-tarjotin-lomakuumetta-2026-tarra\/#breadcrumb\"},\"inLanguage\":\"ja\",\"potentialAction\":[{\"@type\":\"ReadAction\",\"target\":[\"https:\/\/muumimukitrahaksi.fi\/tuote\/muumi-tarjotin-lomakuumetta-2026-tarra\/\"]}]},{\"@type\":\"ImageObject\",\"inLanguage\":\"ja\",\"@id\":\"https:\/\/muumimukitrahaksi.fi\/tuote\/muumi-tarjotin-lomakuumetta-2026-tarra\/#primaryimage\",\"url\":\"https:\/\/muumimukitrahaksi.fi\/wp-content\/uploads\/2026\/04\/holidayrush_tarjotin_1.jpg\",\"contentUrl\":\"https:\/\/muumimukitrahaksi.fi\/wp-content\/uploads\/2026\/04\/holidayrush_tarjotin_1.jpg\",\"width\":1000,\"height\":1000,\"caption\":\"\u30e0\u30fc\u30df\u30f3\u30c8\u30ec\u30a4 \u30db\u30ea\u30c7\u30fc\u30e9\u30c3\u30b7\u30e5\"},{\"@type\":\"BreadcrumbList\",\"@id\":\"https:\/\/muumimukitrahaksi.fi\/tuote\/muumi-tarjotin-lomakuumetta-2026-tarra\/#breadcrumb\",\"itemListElement\":[{\"@type\":\"ListItem\",\"position\":1,\"name\":\"Etusivu\",\"item\":\"https:\/\/muumimukitrahaksi.fi\/ja\/\"},{\"@type\":\"ListItem\",\"position\":2,\"name\":\"SHOP\",\"item\":\"https:\/\/muumimukitrahaksi.fi\/ja\/%e3%82%b7%e3%83%a7%e3%83%83%e3%83%97\/\"},{\"@type\":\"ListItem\",\"position\":3,\"name\":\"Muumi-tarjotin Lomakuumetta (2026) *TARRA*\"}]},{\"@type\":\"WebSite\",\"@id\":\"https:\/\/muumimukitrahaksi.fi\/#website\",\"url\":\"https:\/\/muumimukitrahaksi.fi\/\",\"name\":\"Muumimukit Rahaksi\",\"description\":\"Muumimukeja, -kulhoja ja -lautasia ker\u00e4ilij\u00f6ille!\",\"publisher\":{\"@id\":\"https:\/\/muumimukitrahaksi.fi\/#organization\"},\"potentialAction\":[{\"@type\":\"SearchAction\",\"target\":{\"@type\":\"EntryPoint\",\"urlTemplate\":\"https:\/\/muumimukitrahaksi.fi\/?s={search_term_string}\"},\"query-input\":{\"@type\":\"PropertyValueSpecification\",\"valueRequired\":true,\"valueName\":\"search_term_string\"}}],\"inLanguage\":\"ja\"},{\"@type\":\"Organization\",\"@id\":\"https:\/\/muumimukitrahaksi.fi\/#organization\",\"name\":\"Muumimukit Rahaksi\",\"url\":\"https:\/\/muumimukitrahaksi.fi\/\",\"logo\":{\"@type\":\"ImageObject\",\"inLanguage\":\"ja\",\"@id\":\"https:\/\/muumimukitrahaksi.fi\/#\/schema\/logo\/image\/\",\"url\":\"https:\/\/muumimukitrahaksi.fi\/wp-content\/uploads\/2017\/09\/logooo.jpg\",\"contentUrl\":\"https:\/\/muumimukitrahaksi.fi\/wp-content\/uploads\/2017\/09\/logooo.jpg\",\"width\":514,\"height\":514,\"caption\":\"Muumimukit Rahaksi\"},\"image\":{\"@id\":\"https:\/\/muumimukitrahaksi.fi\/#\/schema\/logo\/image\/\"},\"sameAs\":[\"https:\/\/www.facebook.com\/muumimukitrahaksi\/\",\"https:\/\/x.com\/MuumitRahaksi\",\"https:\/\/www.instagram.com\/muumimukitrahaksi\/\"]}]}<\/script>\n<!-- \/ Yoast SEO plugin. -->","yoast_head_json":{"title":"Muumi-tarjotin Lomakuumetta (2026) *TARRA* - Muumimukit Rahaksi","description":"Muumi-tarjotin Lomakuumetta on osa Moomin Arabian kes\u00e4sesonkikokoelmaa vuodelle 2026. Lomakuumetta-kokoelma aloittaa uuden viisiosaisen kes\u00e4sesonkisarjan.","robots":{"index":"index","follow":"follow","max-snippet":"max-snippet:-1","max-image-preview":"max-image-preview:large","max-video-preview":"max-video-preview:-1"},"canonical":"https:\/\/muumimukitrahaksi.fi\/tuote\/muumi-tarjotin-lomakuumetta-2026-tarra\/","og_locale":"ja_JP","og_type":"article","og_title":"Muumi-tarjotin Lomakuumetta (2026) *TARRA* - Muumimukit Rahaksi","og_description":"Muumi-tarjotin Lomakuumetta on osa Moomin Arabian kes\u00e4sesonkikokoelmaa vuodelle 2026. Lomakuumetta-kokoelma aloittaa uuden viisiosaisen kes\u00e4sesonkisarjan.","og_url":"https:\/\/muumimukitrahaksi.fi\/tuote\/muumi-tarjotin-lomakuumetta-2026-tarra\/","og_site_name":"Muumimukit Rahaksi","article_publisher":"https:\/\/www.facebook.com\/muumimukitrahaksi\/","article_modified_time":"2026-04-11T13:49:06+00:00","og_image":[{"width":1000,"height":1000,"url":"https:\/\/muumimukitrahaksi.fi\/wp-content\/uploads\/2026\/04\/holidayrush_tarjotin_1.jpg","type":"image\/jpeg"}],"twitter_card":"summary_large_image","twitter_site":"@MuumitRahaksi","twitter_misc":{"\u63a8\u5b9a\u8aad\u307f\u53d6\u308a\u6642\u9593":"2\u5206"},"schema":{"@context":"https:\/\/schema.org","@graph":[{"@type":"WebPage","@id":"https:\/\/muumimukitrahaksi.fi\/tuote\/muumi-tarjotin-lomakuumetta-2026-tarra\/","url":"https:\/\/muumimukitrahaksi.fi\/tuote\/muumi-tarjotin-lomakuumetta-2026-tarra\/","name":"Muumi-tarjotin Lomakuumetta (2026) *TARRA* - Muumimukit Rahaksi","isPartOf":{"@id":"https:\/\/muumimukitrahaksi.fi\/#website"},"primaryImageOfPage":{"@id":"https:\/\/muumimukitrahaksi.fi\/tuote\/muumi-tarjotin-lomakuumetta-2026-tarra\/#primaryimage"},"image":{"@id":"https:\/\/muumimukitrahaksi.fi\/tuote\/muumi-tarjotin-lomakuumetta-2026-tarra\/#primaryimage"},"thumbnailUrl":"https:\/\/muumimukitrahaksi.fi\/wp-content\/uploads\/2026\/04\/holidayrush_tarjotin_1.jpg","datePublished":"2026-04-08T13:17:03+00:00","dateModified":"2026-04-11T13:49:06+00:00","description":"Muumi-tarjotin Lomakuumetta on osa Moomin Arabian kes\u00e4sesonkikokoelmaa vuodelle 2026. Lomakuumetta-kokoelma aloittaa uuden viisiosaisen kes\u00e4sesonkisarjan.","breadcrumb":{"@id":"https:\/\/muumimukitrahaksi.fi\/tuote\/muumi-tarjotin-lomakuumetta-2026-tarra\/#breadcrumb"},"inLanguage":"ja","potentialAction":[{"@type":"ReadAction","target":["https:\/\/muumimukitrahaksi.fi\/tuote\/muumi-tarjotin-lomakuumetta-2026-tarra\/"]}]},{"@type":"ImageObject","inLanguage":"ja","@id":"https:\/\/muumimukitrahaksi.fi\/tuote\/muumi-tarjotin-lomakuumetta-2026-tarra\/#primaryimage","url":"https:\/\/muumimukitrahaksi.fi\/wp-content\/uploads\/2026\/04\/holidayrush_tarjotin_1.jpg","contentUrl":"https:\/\/muumimukitrahaksi.fi\/wp-content\/uploads\/2026\/04\/holidayrush_tarjotin_1.jpg","width":1000,"height":1000,"caption":"\u30e0\u30fc\u30df\u30f3\u30c8\u30ec\u30a4 \u30db\u30ea\u30c7\u30fc\u30e9\u30c3\u30b7\u30e5"},{"@type":"BreadcrumbList","@id":"https:\/\/muumimukitrahaksi.fi\/tuote\/muumi-tarjotin-lomakuumetta-2026-tarra\/#breadcrumb","itemListElement":[{"@type":"ListItem","position":1,"name":"Etusivu","item":"https:\/\/muumimukitrahaksi.fi\/ja\/"},{"@type":"ListItem","position":2,"name":"SHOP","item":"https:\/\/muumimukitrahaksi.fi\/ja\/%e3%82%b7%e3%83%a7%e3%83%83%e3%83%97\/"},{"@type":"ListItem","position":3,"name":"Muumi-tarjotin Lomakuumetta (2026) *TARRA*"}]},{"@type":"WebSite","@id":"https:\/\/muumimukitrahaksi.fi\/#website","url":"https:\/\/muumimukitrahaksi.fi\/","name":"Muumimukit Rahaksi","description":"Muumimukeja, -kulhoja ja -lautasia ker\u00e4ilij\u00f6ille!","publisher":{"@id":"https:\/\/muumimukitrahaksi.fi\/#organization"},"potentialAction":[{"@type":"SearchAction","target":{"@type":"EntryPoint","urlTemplate":"https:\/\/muumimukitrahaksi.fi\/?s={search_term_string}"},"query-input":{"@type":"PropertyValueSpecification","valueRequired":true,"valueName":"search_term_string"}}],"inLanguage":"ja"},{"@type":"Organization","@id":"https:\/\/muumimukitrahaksi.fi\/#organization","name":"Muumimukit Rahaksi","url":"https:\/\/muumimukitrahaksi.fi\/","logo":{"@type":"ImageObject","inLanguage":"ja","@id":"https:\/\/muumimukitrahaksi.fi\/#\/schema\/logo\/image\/","url":"https:\/\/muumimukitrahaksi.fi\/wp-content\/uploads\/2017\/09\/logooo.jpg","contentUrl":"https:\/\/muumimukitrahaksi.fi\/wp-content\/uploads\/2017\/09\/logooo.jpg","width":514,"height":514,"caption":"Muumimukit Rahaksi"},"image":{"@id":"https:\/\/muumimukitrahaksi.fi\/#\/schema\/logo\/image\/"},"sameAs":["https:\/\/www.facebook.com\/muumimukitrahaksi\/","https:\/\/x.com\/MuumitRahaksi","https:\/\/www.instagram.com\/muumimukitrahaksi\/"]}]}},"_links":{"self":[{"href":"https:\/\/muumimukitrahaksi.fi\/ja\/wp-json\/wp\/v2\/product\/164259","targetHints":{"allow":["GET"]}}],"collection":[{"href":"https:\/\/muumimukitrahaksi.fi\/ja\/wp-json\/wp\/v2\/product"}],"about":[{"href":"https:\/\/muumimukitrahaksi.fi\/ja\/wp-json\/wp\/v2\/types\/product"}],"wp:featuredmedia":[{"embeddable":true,"href":"https:\/\/muumimukitrahaksi.fi\/ja\/wp-json\/wp\/v2\/media\/164174"}],"wp:attachment":[{"href":"https:\/\/muumimukitrahaksi.fi\/ja\/wp-json\/wp\/v2\/media?parent=164259"}],"wp:term":[{"taxonomy":"product_brand","embeddable":true,"href":"https:\/\/muumimukitrahaksi.fi\/ja\/wp-json\/wp\/v2\/product_brand?post=164259"},{"taxonomy":"product_cat","embeddable":true,"href":"https:\/\/muumimukitrahaksi.fi\/ja\/wp-json\/wp\/v2\/product_cat?post=164259"},{"taxonomy":"product_tag","embeddable":true,"href":"https:\/\/muumimukitrahaksi.fi\/ja\/wp-json\/wp\/v2\/product_tag?post=164259"}],"curies":[{"name":"wp","href":"https:\/\/api.w.org\/{rel}","templated":true}]}}