{"id":166192,"date":"2026-04-22T13:10:40","date_gmt":"2026-04-22T10:10:40","guid":{"rendered":"https:\/\/muumimukitrahaksi.fi\/?post_type=product&#038;p=166192"},"modified":"2026-04-22T18:25:46","modified_gmt":"2026-04-22T15:25:46","slug":"muumipurkki-kesatanssit-0-7l-2026-tarra","status":"publish","type":"product","link":"https:\/\/muumimukitrahaksi.fi\/ja\/\u5546\u54c1\/muumipurkki-kesatanssit-0-7l-2026-tarra\/","title":{"rendered":"Muumipurkki Kes\u00e4tanssit 0.7l (2026) *TARRA*"},"content":{"rendered":"<p style=\"text-align: center;\"><strong>\u2022 Kuntotarkastetut tuotteet \u2022 My\u00f6s lasku\/osamaksu \u2022 Moomin Characters Oy lisenssinhaltija<\/strong><\/p>\n<p><strong>Muumipurkki Kes\u00e4tanssit<\/strong> on osa Moomin Arabian uutta erikoiskokoelmaa, joka on valmistettu vain Ruotsin markkinoille. Purkki tulee saataville 20.5.2026 ja sit\u00e4 myyd\u00e4\u00e4n vain vuoden 2026 ajan tai niin kauan kuin tuotteita riitt\u00e4\u00e4 varastossa. Purkin tilavuus on 0,7 litraa. Kes\u00e4tanssit aloittaa uuden Moomin Arabian maakohtaisten muumikokoelmien sarjan.<\/p>\n<p>Kes\u00e4tanssit-kokoelman kuvituksessa Muumilaakson asukkaat tanssahtelevat kukkameren keskell\u00e4 vaaleansinist\u00e4, taivasta muistuttavaa taustaa vasten. Kuvituksesta huokuu kes\u00e4juhlien tunnelma, ja kokoelman tuotteet ovatkin oiva lis\u00e4 kes\u00e4m\u00f6kille, puutarhaan tai piknikille. Ehk\u00e4 kaikkein parhaiten Kes\u00e4tanssit-kokoelman tuotteet sopivat keskikes\u00e4n juhlaan, eli juhannukseen, josta kertovat my\u00f6s Muumipeikon ja Niiskuneidin p\u00e4it\u00e4 koristelevat kukkaseppeleet sek\u00e4 taustalla kirkkaasti loistava aurinko. Edellisen kerran juhannusta juhlittiin muumiastioissa vuonna 2016, kun Arabia julkaisi kes\u00e4sesonkimukin nimelt\u00e4\u00a0<a href=\"https:\/\/muumimukitrahaksi.fi\/tuote\/muumimuki-juhannus-2016-tarra\/\">Juhannus<\/a>.<\/p>\n<p>Kokoelman kuvitus on saanut inspiraationsa Tove ja Lars Janssonin sarjakuvasta Muumipeikko ja partiolaiset (1961). Tarinassa Muumipeikko ihastuu er\u00e4\u00e4seen partiolaistytt\u00f6\u00f6n. Tytt\u00f6 ei ole aluksi Muumipeikosta kiinnostunut, mutta tilanne muuttuu Muumipeikon pelastaessa h\u00e4nen henkens\u00e4. Mustasukkainen Niiskuneiti kertoo partiolaistyt\u00f6lle Muumipeikon erikoisista tavoista, jonka seurauksena partiolaistytt\u00f6 j\u00e4tt\u00e4\u00e4 Muumipeikon ja siirtyy harrastamaan kansantansseja uuden ihastuksensa kanssa. Muumipeikko palaa Niiskuneidin luo, ja yhdess\u00e4 he tanssahtelevat kukkaniityn keskell\u00e4. Kes\u00e4tanssit -kokoelmaan on poimittu kuva-aiheita my\u00f6s Tove Janssonin sarjakuvista Muumiperhe ja meri (1957) sek\u00e4 Aloitamme uuden el\u00e4m\u00e4n (1956).<\/p>\n<p>Kurkkaa my\u00f6s muut Kes\u00e4tanssit-kokoelman tuotteet\u00a0<a href=\"https:\/\/muumimukitrahaksi.fi\/tuote-avainsana\/kesatanssit\/\">t\u00e4st\u00e4<\/a>.<\/p>\n<p>L\u00f6ytyyk\u00f6 sinulta Kes\u00e4tanssit-muumipurkki ja haluaisit myyd\u00e4 sen? Me my\u00f6s ostamme muumituotteita. Klikkaa <a href=\"https:\/\/muumimukitrahaksi.fi\/ostamme\/\" target=\"_blank\" rel=\"noopener noreferrer\">t\u00e4st\u00e4<\/a>, t\u00e4yt\u00e4 lomake ja saat tarjouksen viel\u00e4 saman p\u00e4iv\u00e4n aikana.<\/p>\n","protected":false},"excerpt":{"rendered":"<p style=\"text-align: center;\"><strong>\u2022 Nopea toimitus 1-7 vrk \u2022 Ehj\u00e4n\u00e4 perille<\/strong><\/p>\n<p>Uusi Moomin Arabian vuoden 2026 Ruotsin erikoispurkki Kes\u00e4tanssit on nyt tilattavissa! Tilaamalla purkin meilt\u00e4 varmistat itsellesi ensiluokkaisen yksil\u00f6n ilman valmistusvirheit\u00e4, sill\u00e4 <strong>tarkastamme jokaisen purkin erikseen<\/strong>. Lis\u00e4ksi\u00a0<strong>saat purkin heti ensimm\u00e4isten ihmisten joukossa<\/strong>, ilman pelkoa siit\u00e4, ett\u00e4 se ehdit\u00e4\u00e4n myym\u00e4\u00e4n loppuun.\u00a0<strong>Toimitukset alkavat 20.5.2026.<\/strong> Kaikki samassa tilauksessa olevat tuotteet toimitetaan samalla kertaa. Purkki on uusi. Tarra on paikoillaan. Hinta (54,90\u20ac) sis. ALV. Toimitettaessa purkki pakataan huolellisesti uusiutuvia pakkausmateriaaleja k\u00e4ytt\u00e4en.<\/p>\n<p style=\"text-align: center;\"><strong>\u2022 Laajat maksutavat<\/strong><\/p>\n<p><img loading=\"lazy\" decoding=\"async\" class=\"alignnone size-full wp-image-20757 aligncenter\" src=\"https:\/\/muumimukitrahaksi.fi\/wp-content\/uploads\/2020\/06\/maksutavat-2026-pieni.png\" alt=\"muumimukit rahaksi\" width=\"350\" height=\"200\" \/><\/p>\n","protected":false},"featured_media":166098,"template":"","meta":[],"product_brand":[],"product_cat":[12,439,668],"product_tag":[720,136,123],"class_list":{"0":"post-166192","1":"product","2":"type-product","3":"status-publish","4":"has-post-thumbnail","6":"product_cat-muut","7":"product_cat-purkit","8":"product_cat-uutuudet","9":"product_tag-kesatanssit","10":"product_tag-muumipurkki","11":"product_tag-tarrallinen","12":"product_shipping_class-iso-tuote","14":"first","15":"instock","16":"taxable","17":"shipping-taxable","18":"purchasable","19":"product-type-simple"},"yoast_head":"<!-- This site is optimized with the Yoast SEO plugin v27.1.1 - https:\/\/yoast.com\/product\/yoast-seo-wordpress\/ -->\n<title>Muumipurkki Kes\u00e4tanssit 0.7l (2026) *TARRA* - Muumimukit Rahaksi<\/title>\n<meta name=\"description\" content=\"Muumipurkki Kes\u00e4tanssit on osa Moomin Arabian uutta erikoiskokoelmaa, joka on valmistettu vain Ruotsin markkinoille. Purkin tilavuus on 0,7 litraa.\" \/>\n<meta name=\"robots\" content=\"index, follow, max-snippet:-1, max-image-preview:large, max-video-preview:-1\" \/>\n<link rel=\"canonical\" href=\"https:\/\/muumimukitrahaksi.fi\/tuote\/muumipurkki-kesatanssit-0-7l-2026-tarra\/\" \/>\n<meta property=\"og:locale\" content=\"ja_JP\" \/>\n<meta property=\"og:type\" content=\"article\" \/>\n<meta property=\"og:title\" content=\"Muumipurkki Kes\u00e4tanssit 0.7l (2026) *TARRA* - Muumimukit Rahaksi\" \/>\n<meta property=\"og:description\" content=\"Muumipurkki Kes\u00e4tanssit on osa Moomin Arabian uutta erikoiskokoelmaa, joka on valmistettu vain Ruotsin markkinoille. Purkin tilavuus on 0,7 litraa.\" \/>\n<meta property=\"og:url\" content=\"https:\/\/muumimukitrahaksi.fi\/tuote\/muumipurkki-kesatanssit-0-7l-2026-tarra\/\" \/>\n<meta property=\"og:site_name\" content=\"Muumimukit Rahaksi\" \/>\n<meta property=\"article:publisher\" content=\"https:\/\/www.facebook.com\/muumimukitrahaksi\/\" \/>\n<meta property=\"article:modified_time\" content=\"2026-04-22T15:25:46+00:00\" \/>\n<meta property=\"og:image\" content=\"https:\/\/muumimukitrahaksi.fi\/wp-content\/uploads\/2026\/04\/kesatanssit_purkki_1.jpg\" \/>\n\t<meta property=\"og:image:width\" content=\"1000\" \/>\n\t<meta property=\"og:image:height\" content=\"1000\" \/>\n\t<meta property=\"og:image:type\" content=\"image\/jpeg\" \/>\n<meta name=\"twitter:card\" content=\"summary_large_image\" \/>\n<meta name=\"twitter:site\" content=\"@MuumitRahaksi\" \/>\n<meta name=\"twitter:label1\" content=\"\u63a8\u5b9a\u8aad\u307f\u53d6\u308a\u6642\u9593\" \/>\n\t<meta name=\"twitter:data1\" content=\"2\u5206\" \/>\n<script type=\"application\/ld+json\" class=\"yoast-schema-graph\">{\"@context\":\"https:\/\/schema.org\",\"@graph\":[{\"@type\":\"WebPage\",\"@id\":\"https:\/\/muumimukitrahaksi.fi\/tuote\/muumipurkki-kesatanssit-0-7l-2026-tarra\/\",\"url\":\"https:\/\/muumimukitrahaksi.fi\/tuote\/muumipurkki-kesatanssit-0-7l-2026-tarra\/\",\"name\":\"Muumipurkki Kes\u00e4tanssit 0.7l (2026) *TARRA* - Muumimukit Rahaksi\",\"isPartOf\":{\"@id\":\"https:\/\/muumimukitrahaksi.fi\/#website\"},\"primaryImageOfPage\":{\"@id\":\"https:\/\/muumimukitrahaksi.fi\/tuote\/muumipurkki-kesatanssit-0-7l-2026-tarra\/#primaryimage\"},\"image\":{\"@id\":\"https:\/\/muumimukitrahaksi.fi\/tuote\/muumipurkki-kesatanssit-0-7l-2026-tarra\/#primaryimage\"},\"thumbnailUrl\":\"https:\/\/muumimukitrahaksi.fi\/wp-content\/uploads\/2026\/04\/kesatanssit_purkki_1.jpg\",\"datePublished\":\"2026-04-22T10:10:40+00:00\",\"dateModified\":\"2026-04-22T15:25:46+00:00\",\"description\":\"Muumipurkki Kes\u00e4tanssit on osa Moomin Arabian uutta erikoiskokoelmaa, joka on valmistettu vain Ruotsin markkinoille. Purkin tilavuus on 0,7 litraa.\",\"breadcrumb\":{\"@id\":\"https:\/\/muumimukitrahaksi.fi\/tuote\/muumipurkki-kesatanssit-0-7l-2026-tarra\/#breadcrumb\"},\"inLanguage\":\"ja\",\"potentialAction\":[{\"@type\":\"ReadAction\",\"target\":[\"https:\/\/muumimukitrahaksi.fi\/tuote\/muumipurkki-kesatanssit-0-7l-2026-tarra\/\"]}]},{\"@type\":\"ImageObject\",\"inLanguage\":\"ja\",\"@id\":\"https:\/\/muumimukitrahaksi.fi\/tuote\/muumipurkki-kesatanssit-0-7l-2026-tarra\/#primaryimage\",\"url\":\"https:\/\/muumimukitrahaksi.fi\/wp-content\/uploads\/2026\/04\/kesatanssit_purkki_1.jpg\",\"contentUrl\":\"https:\/\/muumimukitrahaksi.fi\/wp-content\/uploads\/2026\/04\/kesatanssit_purkki_1.jpg\",\"width\":1000,\"height\":1000,\"caption\":\"Muumipurkki Kes\u00e4tanssit 0.7l\"},{\"@type\":\"BreadcrumbList\",\"@id\":\"https:\/\/muumimukitrahaksi.fi\/tuote\/muumipurkki-kesatanssit-0-7l-2026-tarra\/#breadcrumb\",\"itemListElement\":[{\"@type\":\"ListItem\",\"position\":1,\"name\":\"Etusivu\",\"item\":\"https:\/\/muumimukitrahaksi.fi\/ja\/\"},{\"@type\":\"ListItem\",\"position\":2,\"name\":\"SHOP\",\"item\":\"https:\/\/muumimukitrahaksi.fi\/ja\/%e3%82%b7%e3%83%a7%e3%83%83%e3%83%97\/\"},{\"@type\":\"ListItem\",\"position\":3,\"name\":\"Muumipurkki Kes\u00e4tanssit 0.7l (2026) *TARRA*\"}]},{\"@type\":\"WebSite\",\"@id\":\"https:\/\/muumimukitrahaksi.fi\/#website\",\"url\":\"https:\/\/muumimukitrahaksi.fi\/\",\"name\":\"Muumimukit Rahaksi\",\"description\":\"Muumimukeja, -kulhoja ja -lautasia ker\u00e4ilij\u00f6ille!\",\"publisher\":{\"@id\":\"https:\/\/muumimukitrahaksi.fi\/#organization\"},\"potentialAction\":[{\"@type\":\"SearchAction\",\"target\":{\"@type\":\"EntryPoint\",\"urlTemplate\":\"https:\/\/muumimukitrahaksi.fi\/?s={search_term_string}\"},\"query-input\":{\"@type\":\"PropertyValueSpecification\",\"valueRequired\":true,\"valueName\":\"search_term_string\"}}],\"inLanguage\":\"ja\"},{\"@type\":\"Organization\",\"@id\":\"https:\/\/muumimukitrahaksi.fi\/#organization\",\"name\":\"Muumimukit Rahaksi\",\"url\":\"https:\/\/muumimukitrahaksi.fi\/\",\"logo\":{\"@type\":\"ImageObject\",\"inLanguage\":\"ja\",\"@id\":\"https:\/\/muumimukitrahaksi.fi\/#\/schema\/logo\/image\/\",\"url\":\"https:\/\/muumimukitrahaksi.fi\/wp-content\/uploads\/2017\/09\/logooo.jpg\",\"contentUrl\":\"https:\/\/muumimukitrahaksi.fi\/wp-content\/uploads\/2017\/09\/logooo.jpg\",\"width\":514,\"height\":514,\"caption\":\"Muumimukit Rahaksi\"},\"image\":{\"@id\":\"https:\/\/muumimukitrahaksi.fi\/#\/schema\/logo\/image\/\"},\"sameAs\":[\"https:\/\/www.facebook.com\/muumimukitrahaksi\/\",\"https:\/\/x.com\/MuumitRahaksi\",\"https:\/\/www.instagram.com\/muumimukitrahaksi\/\"]}]}<\/script>\n<!-- \/ Yoast SEO plugin. -->","yoast_head_json":{"title":"Muumipurkki Kes\u00e4tanssit 0.7l (2026) *TARRA* - Muumimukit Rahaksi","description":"Muumipurkki Kes\u00e4tanssit on osa Moomin Arabian uutta erikoiskokoelmaa, joka on valmistettu vain Ruotsin markkinoille. Purkin tilavuus on 0,7 litraa.","robots":{"index":"index","follow":"follow","max-snippet":"max-snippet:-1","max-image-preview":"max-image-preview:large","max-video-preview":"max-video-preview:-1"},"canonical":"https:\/\/muumimukitrahaksi.fi\/tuote\/muumipurkki-kesatanssit-0-7l-2026-tarra\/","og_locale":"ja_JP","og_type":"article","og_title":"Muumipurkki Kes\u00e4tanssit 0.7l (2026) *TARRA* - Muumimukit Rahaksi","og_description":"Muumipurkki Kes\u00e4tanssit on osa Moomin Arabian uutta erikoiskokoelmaa, joka on valmistettu vain Ruotsin markkinoille. Purkin tilavuus on 0,7 litraa.","og_url":"https:\/\/muumimukitrahaksi.fi\/tuote\/muumipurkki-kesatanssit-0-7l-2026-tarra\/","og_site_name":"Muumimukit Rahaksi","article_publisher":"https:\/\/www.facebook.com\/muumimukitrahaksi\/","article_modified_time":"2026-04-22T15:25:46+00:00","og_image":[{"width":1000,"height":1000,"url":"https:\/\/muumimukitrahaksi.fi\/wp-content\/uploads\/2026\/04\/kesatanssit_purkki_1.jpg","type":"image\/jpeg"}],"twitter_card":"summary_large_image","twitter_site":"@MuumitRahaksi","twitter_misc":{"\u63a8\u5b9a\u8aad\u307f\u53d6\u308a\u6642\u9593":"2\u5206"},"schema":{"@context":"https:\/\/schema.org","@graph":[{"@type":"WebPage","@id":"https:\/\/muumimukitrahaksi.fi\/tuote\/muumipurkki-kesatanssit-0-7l-2026-tarra\/","url":"https:\/\/muumimukitrahaksi.fi\/tuote\/muumipurkki-kesatanssit-0-7l-2026-tarra\/","name":"Muumipurkki Kes\u00e4tanssit 0.7l (2026) *TARRA* - Muumimukit Rahaksi","isPartOf":{"@id":"https:\/\/muumimukitrahaksi.fi\/#website"},"primaryImageOfPage":{"@id":"https:\/\/muumimukitrahaksi.fi\/tuote\/muumipurkki-kesatanssit-0-7l-2026-tarra\/#primaryimage"},"image":{"@id":"https:\/\/muumimukitrahaksi.fi\/tuote\/muumipurkki-kesatanssit-0-7l-2026-tarra\/#primaryimage"},"thumbnailUrl":"https:\/\/muumimukitrahaksi.fi\/wp-content\/uploads\/2026\/04\/kesatanssit_purkki_1.jpg","datePublished":"2026-04-22T10:10:40+00:00","dateModified":"2026-04-22T15:25:46+00:00","description":"Muumipurkki Kes\u00e4tanssit on osa Moomin Arabian uutta erikoiskokoelmaa, joka on valmistettu vain Ruotsin markkinoille. Purkin tilavuus on 0,7 litraa.","breadcrumb":{"@id":"https:\/\/muumimukitrahaksi.fi\/tuote\/muumipurkki-kesatanssit-0-7l-2026-tarra\/#breadcrumb"},"inLanguage":"ja","potentialAction":[{"@type":"ReadAction","target":["https:\/\/muumimukitrahaksi.fi\/tuote\/muumipurkki-kesatanssit-0-7l-2026-tarra\/"]}]},{"@type":"ImageObject","inLanguage":"ja","@id":"https:\/\/muumimukitrahaksi.fi\/tuote\/muumipurkki-kesatanssit-0-7l-2026-tarra\/#primaryimage","url":"https:\/\/muumimukitrahaksi.fi\/wp-content\/uploads\/2026\/04\/kesatanssit_purkki_1.jpg","contentUrl":"https:\/\/muumimukitrahaksi.fi\/wp-content\/uploads\/2026\/04\/kesatanssit_purkki_1.jpg","width":1000,"height":1000,"caption":"Muumipurkki Kes\u00e4tanssit 0.7l"},{"@type":"BreadcrumbList","@id":"https:\/\/muumimukitrahaksi.fi\/tuote\/muumipurkki-kesatanssit-0-7l-2026-tarra\/#breadcrumb","itemListElement":[{"@type":"ListItem","position":1,"name":"Etusivu","item":"https:\/\/muumimukitrahaksi.fi\/ja\/"},{"@type":"ListItem","position":2,"name":"SHOP","item":"https:\/\/muumimukitrahaksi.fi\/ja\/%e3%82%b7%e3%83%a7%e3%83%83%e3%83%97\/"},{"@type":"ListItem","position":3,"name":"Muumipurkki Kes\u00e4tanssit 0.7l (2026) *TARRA*"}]},{"@type":"WebSite","@id":"https:\/\/muumimukitrahaksi.fi\/#website","url":"https:\/\/muumimukitrahaksi.fi\/","name":"Muumimukit Rahaksi","description":"Muumimukeja, -kulhoja ja -lautasia ker\u00e4ilij\u00f6ille!","publisher":{"@id":"https:\/\/muumimukitrahaksi.fi\/#organization"},"potentialAction":[{"@type":"SearchAction","target":{"@type":"EntryPoint","urlTemplate":"https:\/\/muumimukitrahaksi.fi\/?s={search_term_string}"},"query-input":{"@type":"PropertyValueSpecification","valueRequired":true,"valueName":"search_term_string"}}],"inLanguage":"ja"},{"@type":"Organization","@id":"https:\/\/muumimukitrahaksi.fi\/#organization","name":"Muumimukit Rahaksi","url":"https:\/\/muumimukitrahaksi.fi\/","logo":{"@type":"ImageObject","inLanguage":"ja","@id":"https:\/\/muumimukitrahaksi.fi\/#\/schema\/logo\/image\/","url":"https:\/\/muumimukitrahaksi.fi\/wp-content\/uploads\/2017\/09\/logooo.jpg","contentUrl":"https:\/\/muumimukitrahaksi.fi\/wp-content\/uploads\/2017\/09\/logooo.jpg","width":514,"height":514,"caption":"Muumimukit Rahaksi"},"image":{"@id":"https:\/\/muumimukitrahaksi.fi\/#\/schema\/logo\/image\/"},"sameAs":["https:\/\/www.facebook.com\/muumimukitrahaksi\/","https:\/\/x.com\/MuumitRahaksi","https:\/\/www.instagram.com\/muumimukitrahaksi\/"]}]}},"_links":{"self":[{"href":"https:\/\/muumimukitrahaksi.fi\/ja\/wp-json\/wp\/v2\/product\/166192","targetHints":{"allow":["GET"]}}],"collection":[{"href":"https:\/\/muumimukitrahaksi.fi\/ja\/wp-json\/wp\/v2\/product"}],"about":[{"href":"https:\/\/muumimukitrahaksi.fi\/ja\/wp-json\/wp\/v2\/types\/product"}],"wp:featuredmedia":[{"embeddable":true,"href":"https:\/\/muumimukitrahaksi.fi\/ja\/wp-json\/wp\/v2\/media\/166098"}],"wp:attachment":[{"href":"https:\/\/muumimukitrahaksi.fi\/ja\/wp-json\/wp\/v2\/media?parent=166192"}],"wp:term":[{"taxonomy":"product_brand","embeddable":true,"href":"https:\/\/muumimukitrahaksi.fi\/ja\/wp-json\/wp\/v2\/product_brand?post=166192"},{"taxonomy":"product_cat","embeddable":true,"href":"https:\/\/muumimukitrahaksi.fi\/ja\/wp-json\/wp\/v2\/product_cat?post=166192"},{"taxonomy":"product_tag","embeddable":true,"href":"https:\/\/muumimukitrahaksi.fi\/ja\/wp-json\/wp\/v2\/product_tag?post=166192"}],"curies":[{"name":"wp","href":"https:\/\/api.w.org\/{rel}","templated":true}]}}