{"id":54666,"date":"2022-03-16T15:50:20","date_gmt":"2022-03-16T13:50:20","guid":{"rendered":"https:\/\/muumimukitrahaksi.fi\/?post_type=product&#038;p=54666"},"modified":"2023-03-16T13:34:06","modified_gmt":"2023-03-16T11:34:06","slug":"muumimuki-fazer-2004-53-400-uusi","status":"publish","type":"product","link":"https:\/\/muumimukitrahaksi.fi\/ja\/\u5546\u54c1\/muumimuki-fazer-2004-53-400-uusi\/","title":{"rendered":"Muumimuki Fazer (2004) 53\/400 *UUSI*"},"content":{"rendered":"<p style=\"text-align: center;\"><strong>\u2022 Kuntotarkastetut tuotteet \u2022 My\u00f6s lasku\/osamaksu \u2022 Moomin Characters Oy lisenssinhaltija<\/strong><\/p>\n<p>Kaikkien aikojen harvinaisin ja ehdottomasti nyky\u00e4\u00e4n arvokkain tuotannosta poistunut muumimuki, jouluaiheinen Fazer-muumimuki, on tilausty\u00f6n\u00e4 valmistettu eritt\u00e4in pienen\u00e4, vain 400 kappaleen er\u00e4n\u00e4. Karl Fazer Caf\u00e9 tilasi Arabialta numeroidun er\u00e4n myyntiin jouluksi 2004 sen j\u00e4lkeen, kun Fazerin arkistosta oli l\u00f6ytynyt Tove Janssonin piirt\u00e4m\u00e4 joulumainos, johon my\u00f6s mukin kuvitus perustuu.<\/p>\n<p>Mukia myytiin vain Fazer Caf\u00e9ssa Helsingin Kluuvinkadulla. Jokaisen Fazer-mukin pohjassa on sarjanumero. Sarjan kaksikymment\u00e4 ensimm\u00e4ist\u00e4 mukia luovutettiin suoraan Fazerin suvulle, joten ne eiv\u00e4t koskaan p\u00e4\u00e4tyneet yleiseen myyntiin. Mukista ei ole olemassa tarrallista versiota. Fazer-mukia myytiin aikanaan joko sellaisenaan, l\u00e4pin\u00e4kyv\u00e4\u00e4n sellofaaniin k\u00e4\u00e4rittyn\u00e4, jota koristi punainen Fazer-nauha tai l\u00e4pin\u00e4kyv\u00e4ss\u00e4 muovisessa laatikossa, jota koristi sininen Fazer-nauha.\u00a0<a href=\"https:\/\/www.youtube.com\/watch?v=8bQsPcB2XSs&amp;t=\" target=\"_blank\" rel=\"noopener noreferrer\">Katso video Fazer-mukista Youtube-kanavaltamme.<\/a><\/p>\n<p>Tiesitk\u00f6, ett\u00e4 muki ei alun perin ollut myyntimenestys? Vauhdittaakseen myynti\u00e4 kahvilan ty\u00f6ntekij\u00e4t lis\u00e4siv\u00e4t mukien ymp\u00e4rille sellofaaneja tai l\u00e4pin\u00e4kyvi\u00e4 muovilaatikoita koristenauhoin. Ei kest\u00e4nyt kuitenkaan kauaa, kun muumiker\u00e4ilij\u00e4t her\u00e4siv\u00e4t mukin harvinaisuuteen. T\u00e4m\u00e4n j\u00e4lkeen mukin arvo onkin noussut tasaisesti jo l\u00e4hes kahden vuosikymmenen ajan.<\/p>\n<p>Kurkkaa my\u00f6s muut erikoismukit\u00a0<a href=\"https:\/\/muumimukitrahaksi.fi\/tuote-avainsana\/erikoismuki\/\" target=\"_blank\" rel=\"noopener noreferrer\">t\u00e4st\u00e4<\/a>.<\/p>\n<p>L\u00f6ytyyk\u00f6 sinulta Fazer-muumimuki ja haluaisit myyd\u00e4 sen? Me my\u00f6s ostamme muumimukeja. Klikkaa\u00a0<a href=\"https:\/\/muumimukitrahaksi.fi\/ostamme\/\" target=\"_blank\" rel=\"noopener noreferrer\">t\u00e4st\u00e4<\/a>, t\u00e4yt\u00e4 lomake ja saat tarjouksen viel\u00e4 saman p\u00e4iv\u00e4n aikana.<\/p>\n","protected":false},"excerpt":{"rendered":"<p style=\"text-align: center;\"><strong>\u2022 Nopea toimitus 1-7 vrk \u2022 Ehj\u00e4n\u00e4 perille<\/strong><\/p>\n<p>Muumimukien Graalin malja tarjolla! Myynniss\u00e4 kuvan Arabian muumimuki Fazer. Muki on Arabian valmistamista muumimukeista kaikkein harvinaisin. Mukia valmistettiin numeroitu 400 kappaleen er\u00e4 joulumarkkinoille vuonna 2004. Mukia myytiin ainoastaan Fazerin kahvilassa Helsingiss\u00e4. Kuvitus perustuu Tove Janssonin Fazerille piirt\u00e4m\u00e4\u00e4n mainokseen. Muki on uusi ja edelleen alkuper\u00e4isess\u00e4 sellofaanissa. Muki on t\u00e4ysin virheett\u00f6m\u00e4ss\u00e4 kunnossa. Mukin j\u00e4rjestysnumero on 53\/400. Voit valita tilausvaiheessa toimitustavaksi noudon, niin j\u00e4rjest\u00e4mme mukille kuljetuksen erikseen sovitusti. Toimituskustannus sis\u00e4ltyy mukin hintaan.<\/p>\n<p style=\"text-align: center;\"><strong>\u2022 Laajat maksutavat<\/strong><\/p>\n<p><img loading=\"lazy\" decoding=\"async\" class=\"alignnone size-full wp-image-20757 aligncenter\" src=\"https:\/\/muumimukitrahaksi.fi\/wp-content\/uploads\/2020\/06\/maksutavat-2026-pieni.png\" alt=\"muumimukit rahaksi\" width=\"350\" height=\"200\" \/><\/p>\n","protected":false},"featured_media":54642,"template":"","meta":[],"product_brand":[],"product_cat":[402,389,8,382,392],"product_tag":[116,110,123],"class_list":{"0":"post-54666","1":"product","2":"type-product","3":"status-publish","4":"has-post-thumbnail","6":"product_cat-arabia-mukit","7":"product_cat-erikoismukit","8":"product_cat-mukit","9":"product_cat-tarralliset","10":"product_cat-tuotannosta-poistuneet-mukit","11":"product_tag-erikoismuki","12":"product_tag-muumimuki","13":"product_tag-tarrallinen","15":"first","16":"outofstock","17":"featured","18":"taxable","19":"shipping-taxable","20":"purchasable","21":"product-type-simple"},"yoast_head":"<!-- This site is optimized with the Yoast SEO plugin v27.1.1 - https:\/\/yoast.com\/product\/yoast-seo-wordpress\/ -->\n<title>Muumimuki Fazer (2004) 53\/400 *UUSI* - Muumimukit Rahaksi<\/title>\n<meta name=\"description\" content=\"Myynniss\u00e4 kuvan Arabian muumimuki Fazer. Muki on Arabian valmistamista muumimukeista kaikkein harvinaisin.\" \/>\n<meta name=\"robots\" content=\"index, follow, max-snippet:-1, max-image-preview:large, max-video-preview:-1\" \/>\n<link rel=\"canonical\" href=\"https:\/\/muumimukitrahaksi.fi\/tuote\/muumimuki-fazer\/\" \/>\n<meta property=\"og:locale\" content=\"ja_JP\" \/>\n<meta property=\"og:type\" content=\"article\" \/>\n<meta property=\"og:title\" content=\"Muumimuki Fazer (2004) 53\/400 *UUSI* - Muumimukit Rahaksi\" \/>\n<meta property=\"og:description\" content=\"Myynniss\u00e4 kuvan Arabian muumimuki Fazer. Muki on Arabian valmistamista muumimukeista kaikkein harvinaisin.\" \/>\n<meta property=\"og:url\" content=\"https:\/\/muumimukitrahaksi.fi\/tuote\/muumimuki-fazer\/\" \/>\n<meta property=\"og:site_name\" content=\"Muumimukit Rahaksi\" \/>\n<meta property=\"article:publisher\" content=\"https:\/\/www.facebook.com\/muumimukitrahaksi\/\" \/>\n<meta property=\"article:modified_time\" content=\"2023-03-16T11:34:06+00:00\" \/>\n<meta property=\"og:image\" content=\"https:\/\/muumimukitrahaksi.fi\/wp-content\/uploads\/2022\/03\/DSC04653.jpg\" \/>\n\t<meta property=\"og:image:width\" content=\"1000\" \/>\n\t<meta property=\"og:image:height\" content=\"1000\" \/>\n\t<meta property=\"og:image:type\" content=\"image\/jpeg\" \/>\n<meta name=\"twitter:card\" content=\"summary_large_image\" \/>\n<meta name=\"twitter:site\" content=\"@MuumitRahaksi\" \/>\n<meta name=\"twitter:label1\" content=\"\u63a8\u5b9a\u8aad\u307f\u53d6\u308a\u6642\u9593\" \/>\n\t<meta name=\"twitter:data1\" content=\"2\u5206\" \/>\n<script type=\"application\/ld+json\" class=\"yoast-schema-graph\">{\"@context\":\"https:\/\/schema.org\",\"@graph\":[{\"@type\":\"WebPage\",\"@id\":\"https:\/\/muumimukitrahaksi.fi\/tuote\/muumimuki-fazer-2004-53-400-uusi\/\",\"url\":\"https:\/\/muumimukitrahaksi.fi\/tuote\/muumimuki-fazer\/\",\"name\":\"Muumimuki Fazer (2004) 53\/400 *UUSI* - Muumimukit Rahaksi\",\"isPartOf\":{\"@id\":\"https:\/\/muumimukitrahaksi.fi\/#website\"},\"primaryImageOfPage\":{\"@id\":\"https:\/\/muumimukitrahaksi.fi\/tuote\/muumimuki-fazer\/#primaryimage\"},\"image\":{\"@id\":\"https:\/\/muumimukitrahaksi.fi\/tuote\/muumimuki-fazer\/#primaryimage\"},\"thumbnailUrl\":\"https:\/\/muumimukitrahaksi.fi\/wp-content\/uploads\/2022\/03\/DSC04653.jpg\",\"datePublished\":\"2022-03-16T13:50:20+00:00\",\"dateModified\":\"2023-03-16T11:34:06+00:00\",\"description\":\"Myynniss\u00e4 kuvan Arabian muumimuki Fazer. Muki on Arabian valmistamista muumimukeista kaikkein harvinaisin.\",\"breadcrumb\":{\"@id\":\"https:\/\/muumimukitrahaksi.fi\/tuote\/muumimuki-fazer\/#breadcrumb\"},\"inLanguage\":\"ja\",\"potentialAction\":[{\"@type\":\"ReadAction\",\"target\":[\"https:\/\/muumimukitrahaksi.fi\/tuote\/muumimuki-fazer\/\"]}]},{\"@type\":\"ImageObject\",\"inLanguage\":\"ja\",\"@id\":\"https:\/\/muumimukitrahaksi.fi\/tuote\/muumimuki-fazer\/#primaryimage\",\"url\":\"https:\/\/muumimukitrahaksi.fi\/wp-content\/uploads\/2022\/03\/DSC04653.jpg\",\"contentUrl\":\"https:\/\/muumimukitrahaksi.fi\/wp-content\/uploads\/2022\/03\/DSC04653.jpg\",\"width\":1000,\"height\":1000,\"caption\":\"Muumimuki Fazer\"},{\"@type\":\"BreadcrumbList\",\"@id\":\"https:\/\/muumimukitrahaksi.fi\/tuote\/muumimuki-fazer\/#breadcrumb\",\"itemListElement\":[{\"@type\":\"ListItem\",\"position\":1,\"name\":\"Etusivu\",\"item\":\"https:\/\/muumimukitrahaksi.fi\/ja\/\"},{\"@type\":\"ListItem\",\"position\":2,\"name\":\"SHOP\",\"item\":\"https:\/\/muumimukitrahaksi.fi\/ja\/%e3%82%b7%e3%83%a7%e3%83%83%e3%83%97\/\"},{\"@type\":\"ListItem\",\"position\":3,\"name\":\"Muumimuki Fazer (2004) 53\/400 *UUSI*\"}]},{\"@type\":\"WebSite\",\"@id\":\"https:\/\/muumimukitrahaksi.fi\/#website\",\"url\":\"https:\/\/muumimukitrahaksi.fi\/\",\"name\":\"Muumimukit Rahaksi\",\"description\":\"Muumimukeja, -kulhoja ja -lautasia ker\u00e4ilij\u00f6ille!\",\"publisher\":{\"@id\":\"https:\/\/muumimukitrahaksi.fi\/#organization\"},\"potentialAction\":[{\"@type\":\"SearchAction\",\"target\":{\"@type\":\"EntryPoint\",\"urlTemplate\":\"https:\/\/muumimukitrahaksi.fi\/?s={search_term_string}\"},\"query-input\":{\"@type\":\"PropertyValueSpecification\",\"valueRequired\":true,\"valueName\":\"search_term_string\"}}],\"inLanguage\":\"ja\"},{\"@type\":\"Organization\",\"@id\":\"https:\/\/muumimukitrahaksi.fi\/#organization\",\"name\":\"Muumimukit Rahaksi\",\"url\":\"https:\/\/muumimukitrahaksi.fi\/\",\"logo\":{\"@type\":\"ImageObject\",\"inLanguage\":\"ja\",\"@id\":\"https:\/\/muumimukitrahaksi.fi\/#\/schema\/logo\/image\/\",\"url\":\"https:\/\/muumimukitrahaksi.fi\/wp-content\/uploads\/2017\/09\/logooo.jpg\",\"contentUrl\":\"https:\/\/muumimukitrahaksi.fi\/wp-content\/uploads\/2017\/09\/logooo.jpg\",\"width\":514,\"height\":514,\"caption\":\"Muumimukit Rahaksi\"},\"image\":{\"@id\":\"https:\/\/muumimukitrahaksi.fi\/#\/schema\/logo\/image\/\"},\"sameAs\":[\"https:\/\/www.facebook.com\/muumimukitrahaksi\/\",\"https:\/\/x.com\/MuumitRahaksi\",\"https:\/\/www.instagram.com\/muumimukitrahaksi\/\"]}]}<\/script>\n<!-- \/ Yoast SEO plugin. -->","yoast_head_json":{"title":"Muumimuki Fazer (2004) 53\/400 *UUSI* - Muumimukit Rahaksi","description":"Myynniss\u00e4 kuvan Arabian muumimuki Fazer. Muki on Arabian valmistamista muumimukeista kaikkein harvinaisin.","robots":{"index":"index","follow":"follow","max-snippet":"max-snippet:-1","max-image-preview":"max-image-preview:large","max-video-preview":"max-video-preview:-1"},"canonical":"https:\/\/muumimukitrahaksi.fi\/tuote\/muumimuki-fazer\/","og_locale":"ja_JP","og_type":"article","og_title":"Muumimuki Fazer (2004) 53\/400 *UUSI* - Muumimukit Rahaksi","og_description":"Myynniss\u00e4 kuvan Arabian muumimuki Fazer. Muki on Arabian valmistamista muumimukeista kaikkein harvinaisin.","og_url":"https:\/\/muumimukitrahaksi.fi\/tuote\/muumimuki-fazer\/","og_site_name":"Muumimukit Rahaksi","article_publisher":"https:\/\/www.facebook.com\/muumimukitrahaksi\/","article_modified_time":"2023-03-16T11:34:06+00:00","og_image":[{"width":1000,"height":1000,"url":"https:\/\/muumimukitrahaksi.fi\/wp-content\/uploads\/2022\/03\/DSC04653.jpg","type":"image\/jpeg"}],"twitter_card":"summary_large_image","twitter_site":"@MuumitRahaksi","twitter_misc":{"\u63a8\u5b9a\u8aad\u307f\u53d6\u308a\u6642\u9593":"2\u5206"},"schema":{"@context":"https:\/\/schema.org","@graph":[{"@type":"WebPage","@id":"https:\/\/muumimukitrahaksi.fi\/tuote\/muumimuki-fazer-2004-53-400-uusi\/","url":"https:\/\/muumimukitrahaksi.fi\/tuote\/muumimuki-fazer\/","name":"Muumimuki Fazer (2004) 53\/400 *UUSI* - Muumimukit Rahaksi","isPartOf":{"@id":"https:\/\/muumimukitrahaksi.fi\/#website"},"primaryImageOfPage":{"@id":"https:\/\/muumimukitrahaksi.fi\/tuote\/muumimuki-fazer\/#primaryimage"},"image":{"@id":"https:\/\/muumimukitrahaksi.fi\/tuote\/muumimuki-fazer\/#primaryimage"},"thumbnailUrl":"https:\/\/muumimukitrahaksi.fi\/wp-content\/uploads\/2022\/03\/DSC04653.jpg","datePublished":"2022-03-16T13:50:20+00:00","dateModified":"2023-03-16T11:34:06+00:00","description":"Myynniss\u00e4 kuvan Arabian muumimuki Fazer. Muki on Arabian valmistamista muumimukeista kaikkein harvinaisin.","breadcrumb":{"@id":"https:\/\/muumimukitrahaksi.fi\/tuote\/muumimuki-fazer\/#breadcrumb"},"inLanguage":"ja","potentialAction":[{"@type":"ReadAction","target":["https:\/\/muumimukitrahaksi.fi\/tuote\/muumimuki-fazer\/"]}]},{"@type":"ImageObject","inLanguage":"ja","@id":"https:\/\/muumimukitrahaksi.fi\/tuote\/muumimuki-fazer\/#primaryimage","url":"https:\/\/muumimukitrahaksi.fi\/wp-content\/uploads\/2022\/03\/DSC04653.jpg","contentUrl":"https:\/\/muumimukitrahaksi.fi\/wp-content\/uploads\/2022\/03\/DSC04653.jpg","width":1000,"height":1000,"caption":"Muumimuki Fazer"},{"@type":"BreadcrumbList","@id":"https:\/\/muumimukitrahaksi.fi\/tuote\/muumimuki-fazer\/#breadcrumb","itemListElement":[{"@type":"ListItem","position":1,"name":"Etusivu","item":"https:\/\/muumimukitrahaksi.fi\/ja\/"},{"@type":"ListItem","position":2,"name":"SHOP","item":"https:\/\/muumimukitrahaksi.fi\/ja\/%e3%82%b7%e3%83%a7%e3%83%83%e3%83%97\/"},{"@type":"ListItem","position":3,"name":"Muumimuki Fazer (2004) 53\/400 *UUSI*"}]},{"@type":"WebSite","@id":"https:\/\/muumimukitrahaksi.fi\/#website","url":"https:\/\/muumimukitrahaksi.fi\/","name":"Muumimukit Rahaksi","description":"Muumimukeja, -kulhoja ja -lautasia ker\u00e4ilij\u00f6ille!","publisher":{"@id":"https:\/\/muumimukitrahaksi.fi\/#organization"},"potentialAction":[{"@type":"SearchAction","target":{"@type":"EntryPoint","urlTemplate":"https:\/\/muumimukitrahaksi.fi\/?s={search_term_string}"},"query-input":{"@type":"PropertyValueSpecification","valueRequired":true,"valueName":"search_term_string"}}],"inLanguage":"ja"},{"@type":"Organization","@id":"https:\/\/muumimukitrahaksi.fi\/#organization","name":"Muumimukit Rahaksi","url":"https:\/\/muumimukitrahaksi.fi\/","logo":{"@type":"ImageObject","inLanguage":"ja","@id":"https:\/\/muumimukitrahaksi.fi\/#\/schema\/logo\/image\/","url":"https:\/\/muumimukitrahaksi.fi\/wp-content\/uploads\/2017\/09\/logooo.jpg","contentUrl":"https:\/\/muumimukitrahaksi.fi\/wp-content\/uploads\/2017\/09\/logooo.jpg","width":514,"height":514,"caption":"Muumimukit Rahaksi"},"image":{"@id":"https:\/\/muumimukitrahaksi.fi\/#\/schema\/logo\/image\/"},"sameAs":["https:\/\/www.facebook.com\/muumimukitrahaksi\/","https:\/\/x.com\/MuumitRahaksi","https:\/\/www.instagram.com\/muumimukitrahaksi\/"]}]}},"_links":{"self":[{"href":"https:\/\/muumimukitrahaksi.fi\/ja\/wp-json\/wp\/v2\/product\/54666","targetHints":{"allow":["GET"]}}],"collection":[{"href":"https:\/\/muumimukitrahaksi.fi\/ja\/wp-json\/wp\/v2\/product"}],"about":[{"href":"https:\/\/muumimukitrahaksi.fi\/ja\/wp-json\/wp\/v2\/types\/product"}],"wp:featuredmedia":[{"embeddable":true,"href":"https:\/\/muumimukitrahaksi.fi\/ja\/wp-json\/wp\/v2\/media\/54642"}],"wp:attachment":[{"href":"https:\/\/muumimukitrahaksi.fi\/ja\/wp-json\/wp\/v2\/media?parent=54666"}],"wp:term":[{"taxonomy":"product_brand","embeddable":true,"href":"https:\/\/muumimukitrahaksi.fi\/ja\/wp-json\/wp\/v2\/product_brand?post=54666"},{"taxonomy":"product_cat","embeddable":true,"href":"https:\/\/muumimukitrahaksi.fi\/ja\/wp-json\/wp\/v2\/product_cat?post=54666"},{"taxonomy":"product_tag","embeddable":true,"href":"https:\/\/muumimukitrahaksi.fi\/ja\/wp-json\/wp\/v2\/product_tag?post=54666"}],"curies":[{"name":"wp","href":"https:\/\/api.w.org\/{rel}","templated":true}]}}