{"id":54940,"date":"2022-03-17T10:41:00","date_gmt":"2022-03-17T08:41:00","guid":{"rendered":"https:\/\/muumimukitrahaksi.fi\/?post_type=product&#038;p=54940"},"modified":"2026-05-06T09:42:11","modified_gmt":"2026-05-06T06:42:11","slug":"muumikulho-haisuli-vauhdissa-2022-tarra","status":"publish","type":"product","link":"https:\/\/muumimukitrahaksi.fi\/ja\/\u5546\u54c1\/muumikulho-haisuli-vauhdissa-2022-tarra\/","title":{"rendered":"Muumikulho Haisuli vauhdissa (2022-) *TARRA*"},"content":{"rendered":"<p style=\"text-align: center;\"><strong>\u2022 Kuntotarkastetut tuotteet \u2022 My\u00f6s lasku\/osamaksu \u2022 Moomin Characters Oy lisenssinhaltija<\/strong><\/p>\n<p>Muumikulho Haisuli vauhdissa korvasi <a href=\"https:\/\/muumimukitrahaksi.fi\/tuote\/muumikulho-haisuli-2004\/\">edellisen Haisuli-hahmokulhon<\/a>. Uusi Haisuli vauhdissa -kulho on j\u00e4rjestyksess\u00e4\u00e4n vasta toinen hahmokulho, jonka p\u00e4\u00e4osassa Haisuli esiintyy.<\/p>\n<p>Haisuli vauhdissa -muumikulhon kuvitus perustuu sek\u00e4 sarjakuvaan Aloitamme uuden el\u00e4m\u00e4n vuodelta 1956 ett\u00e4 sarjakuvaan Yhdistysel\u00e4m\u00e4\u00e4 vuodelta 1957. Kuvituksessa n\u00e4hd\u00e4\u00e4n Muumilaakson tunnettu roisto ja keppostelija, joka on kuitenkin t\u00e4ll\u00e4 kertaa hyv\u00e4nteossa. Kuvituksessa Haisuli nimitt\u00e4in pelastaa Muumimamman k\u00e4silaukun koiran kynsist\u00e4. Vaikka Haisuli on tunnettu my\u00f6s n\u00e4pistelyst\u00e4\u00e4n, ei h\u00e4n kuitenkaan koskaan varastaisi Muumimamman k\u00e4silaukkua.<\/p>\n<p>Haisuli vauhdissa -astiastoon kuuluu kulhon lis\u00e4ksi muki ja lautanen.<\/p>\n<p>Kurkkaa my\u00f6s muut Haisuli-tuotteet\u00a0<a href=\"https:\/\/muumimukitrahaksi.fi\/tuote-avainsana\/haisuli\/\" target=\"_blank\" rel=\"noopener noreferrer\">t\u00e4st\u00e4<\/a>.<\/p>\n<p><span style=\"font-weight: 400;\">L\u00f6ytyyk\u00f6 sinulta Haisuli vauhdissa -muumikulho ja haluaisit myyd\u00e4 sen? Me my\u00f6s ostamme muumikulhoja. Klikkaa <\/span><a href=\"https:\/\/muumimukitrahaksi.fi\/ostamme\/\" target=\"_blank\" rel=\"noopener noreferrer\"><span style=\"font-weight: 400;\">t\u00e4st\u00e4<\/span><\/a><span style=\"font-weight: 400;\">, t\u00e4yt\u00e4 lomake ja saat tarjouksen viel\u00e4 saman p\u00e4iv\u00e4n aikana.<\/span><\/p>\n","protected":false},"excerpt":{"rendered":"<p style=\"text-align: center;\"><strong>\u2022 Nopea toimitus 1-7 vrk \u2022 Ehj\u00e4n\u00e4 perille<\/strong><\/p>\n<p>Myynniss\u00e4 Arabian muumikulho Haisuli vauhdissa. Kulho on uusi. Tarra on paikoillaan. Tarra on kulhon pohjassa, jonka vuoksi se ei n\u00e4y kuvassa. Toimitettaessa kulho pakataan huolellisesti uusiutuvia pakkausmateriaaleja k\u00e4ytt\u00e4en.<\/p>\n<p style=\"text-align: center;\"><strong>\u2022 Laajat maksutavat<\/strong><\/p>\n<p><img loading=\"lazy\" decoding=\"async\" class=\"alignnone size-full wp-image-20757 aligncenter\" src=\"https:\/\/muumimukitrahaksi.fi\/wp-content\/uploads\/2020\/06\/maksutavat-2026-pieni.png\" alt=\"muumimukit rahaksi\" width=\"350\" height=\"200\" \/><\/p>\n","protected":false},"featured_media":61463,"template":"","meta":[],"product_brand":[],"product_cat":[11,406,410],"product_tag":[135,112,123],"class_list":{"0":"post-54940","1":"product","2":"type-product","3":"status-publish","4":"has-post-thumbnail","6":"product_cat-kulhot","7":"product_cat-tarralliset-kulhot","8":"product_cat-tuotannossa-olevat-kulhot","9":"product_tag-haisuli","10":"product_tag-muumikulho","11":"product_tag-tarrallinen","13":"first","14":"instock","15":"taxable","16":"shipping-taxable","17":"purchasable","18":"product-type-simple"},"yoast_head":"<!-- This site is optimized with the Yoast SEO plugin v27.1.1 - https:\/\/yoast.com\/product\/yoast-seo-wordpress\/ -->\n<title>Muumikulho Haisuli vauhdissa (2022-) *TARRA* - Muumimukit Rahaksi<\/title>\n<meta name=\"description\" content=\"Myynniss\u00e4 Arabian muumikulho Haisuli vauhdissa. Kulho on uusi. Tarra on paikoillaan. Tarra on kulhon pohjassa.\" \/>\n<meta name=\"robots\" content=\"index, follow, max-snippet:-1, max-image-preview:large, max-video-preview:-1\" \/>\n<link rel=\"canonical\" href=\"https:\/\/muumimukitrahaksi.fi\/tuote\/muumikulho-haisuli-vauhdissa-2022-tarra\/\" \/>\n<meta property=\"og:locale\" content=\"ja_JP\" \/>\n<meta property=\"og:type\" content=\"article\" \/>\n<meta property=\"og:title\" content=\"Muumikulho Haisuli vauhdissa (2022-) *TARRA* - Muumimukit Rahaksi\" \/>\n<meta property=\"og:description\" content=\"Myynniss\u00e4 Arabian muumikulho Haisuli vauhdissa. Kulho on uusi. Tarra on paikoillaan. Tarra on kulhon pohjassa.\" \/>\n<meta property=\"og:url\" content=\"https:\/\/muumimukitrahaksi.fi\/tuote\/muumikulho-haisuli-vauhdissa-2022-tarra\/\" \/>\n<meta property=\"og:site_name\" content=\"Muumimukit Rahaksi\" \/>\n<meta property=\"article:publisher\" content=\"https:\/\/www.facebook.com\/muumimukitrahaksi\/\" \/>\n<meta property=\"article:modified_time\" content=\"2026-05-06T06:42:11+00:00\" \/>\n<meta property=\"og:image\" content=\"https:\/\/muumimukitrahaksi.fi\/wp-content\/uploads\/2022\/08\/DSC00167.jpg\" \/>\n\t<meta property=\"og:image:width\" content=\"1000\" \/>\n\t<meta property=\"og:image:height\" content=\"1000\" \/>\n\t<meta property=\"og:image:type\" content=\"image\/jpeg\" \/>\n<meta name=\"twitter:card\" content=\"summary_large_image\" \/>\n<meta name=\"twitter:site\" content=\"@MuumitRahaksi\" \/>\n<meta name=\"twitter:label1\" content=\"\u63a8\u5b9a\u8aad\u307f\u53d6\u308a\u6642\u9593\" \/>\n\t<meta name=\"twitter:data1\" content=\"1\u5206\" \/>\n<script type=\"application\/ld+json\" class=\"yoast-schema-graph\">{\"@context\":\"https:\/\/schema.org\",\"@graph\":[{\"@type\":\"WebPage\",\"@id\":\"https:\/\/muumimukitrahaksi.fi\/tuote\/muumikulho-haisuli-vauhdissa-2022-tarra\/\",\"url\":\"https:\/\/muumimukitrahaksi.fi\/tuote\/muumikulho-haisuli-vauhdissa-2022-tarra\/\",\"name\":\"Muumikulho Haisuli vauhdissa (2022-) *TARRA* - Muumimukit Rahaksi\",\"isPartOf\":{\"@id\":\"https:\/\/muumimukitrahaksi.fi\/#website\"},\"primaryImageOfPage\":{\"@id\":\"https:\/\/muumimukitrahaksi.fi\/tuote\/muumikulho-haisuli-vauhdissa-2022-tarra\/#primaryimage\"},\"image\":{\"@id\":\"https:\/\/muumimukitrahaksi.fi\/tuote\/muumikulho-haisuli-vauhdissa-2022-tarra\/#primaryimage\"},\"thumbnailUrl\":\"https:\/\/muumimukitrahaksi.fi\/wp-content\/uploads\/2022\/08\/DSC00167.jpg\",\"datePublished\":\"2022-03-17T08:41:00+00:00\",\"dateModified\":\"2026-05-06T06:42:11+00:00\",\"description\":\"Myynniss\u00e4 Arabian muumikulho Haisuli vauhdissa. Kulho on uusi. Tarra on paikoillaan. Tarra on kulhon pohjassa.\",\"breadcrumb\":{\"@id\":\"https:\/\/muumimukitrahaksi.fi\/tuote\/muumikulho-haisuli-vauhdissa-2022-tarra\/#breadcrumb\"},\"inLanguage\":\"ja\",\"potentialAction\":[{\"@type\":\"ReadAction\",\"target\":[\"https:\/\/muumimukitrahaksi.fi\/tuote\/muumikulho-haisuli-vauhdissa-2022-tarra\/\"]}]},{\"@type\":\"ImageObject\",\"inLanguage\":\"ja\",\"@id\":\"https:\/\/muumimukitrahaksi.fi\/tuote\/muumikulho-haisuli-vauhdissa-2022-tarra\/#primaryimage\",\"url\":\"https:\/\/muumimukitrahaksi.fi\/wp-content\/uploads\/2022\/08\/DSC00167.jpg\",\"contentUrl\":\"https:\/\/muumimukitrahaksi.fi\/wp-content\/uploads\/2022\/08\/DSC00167.jpg\",\"width\":1000,\"height\":1000,\"caption\":\"Muumikulho Haisuli vauhdissa\"},{\"@type\":\"BreadcrumbList\",\"@id\":\"https:\/\/muumimukitrahaksi.fi\/tuote\/muumikulho-haisuli-vauhdissa-2022-tarra\/#breadcrumb\",\"itemListElement\":[{\"@type\":\"ListItem\",\"position\":1,\"name\":\"Etusivu\",\"item\":\"https:\/\/muumimukitrahaksi.fi\/ja\/\"},{\"@type\":\"ListItem\",\"position\":2,\"name\":\"SHOP\",\"item\":\"https:\/\/muumimukitrahaksi.fi\/ja\/%e3%82%b7%e3%83%a7%e3%83%83%e3%83%97\/\"},{\"@type\":\"ListItem\",\"position\":3,\"name\":\"Muumikulho Haisuli vauhdissa (2022-) *TARRA*\"}]},{\"@type\":\"WebSite\",\"@id\":\"https:\/\/muumimukitrahaksi.fi\/#website\",\"url\":\"https:\/\/muumimukitrahaksi.fi\/\",\"name\":\"Muumimukit Rahaksi\",\"description\":\"Muumimukeja, -kulhoja ja -lautasia ker\u00e4ilij\u00f6ille!\",\"publisher\":{\"@id\":\"https:\/\/muumimukitrahaksi.fi\/#organization\"},\"potentialAction\":[{\"@type\":\"SearchAction\",\"target\":{\"@type\":\"EntryPoint\",\"urlTemplate\":\"https:\/\/muumimukitrahaksi.fi\/?s={search_term_string}\"},\"query-input\":{\"@type\":\"PropertyValueSpecification\",\"valueRequired\":true,\"valueName\":\"search_term_string\"}}],\"inLanguage\":\"ja\"},{\"@type\":\"Organization\",\"@id\":\"https:\/\/muumimukitrahaksi.fi\/#organization\",\"name\":\"Muumimukit Rahaksi\",\"url\":\"https:\/\/muumimukitrahaksi.fi\/\",\"logo\":{\"@type\":\"ImageObject\",\"inLanguage\":\"ja\",\"@id\":\"https:\/\/muumimukitrahaksi.fi\/#\/schema\/logo\/image\/\",\"url\":\"https:\/\/muumimukitrahaksi.fi\/wp-content\/uploads\/2017\/09\/logooo.jpg\",\"contentUrl\":\"https:\/\/muumimukitrahaksi.fi\/wp-content\/uploads\/2017\/09\/logooo.jpg\",\"width\":514,\"height\":514,\"caption\":\"Muumimukit Rahaksi\"},\"image\":{\"@id\":\"https:\/\/muumimukitrahaksi.fi\/#\/schema\/logo\/image\/\"},\"sameAs\":[\"https:\/\/www.facebook.com\/muumimukitrahaksi\/\",\"https:\/\/x.com\/MuumitRahaksi\",\"https:\/\/www.instagram.com\/muumimukitrahaksi\/\"]}]}<\/script>\n<!-- \/ Yoast SEO plugin. -->","yoast_head_json":{"title":"Muumikulho Haisuli vauhdissa (2022-) *TARRA* - Muumimukit Rahaksi","description":"Myynniss\u00e4 Arabian muumikulho Haisuli vauhdissa. Kulho on uusi. Tarra on paikoillaan. Tarra on kulhon pohjassa.","robots":{"index":"index","follow":"follow","max-snippet":"max-snippet:-1","max-image-preview":"max-image-preview:large","max-video-preview":"max-video-preview:-1"},"canonical":"https:\/\/muumimukitrahaksi.fi\/tuote\/muumikulho-haisuli-vauhdissa-2022-tarra\/","og_locale":"ja_JP","og_type":"article","og_title":"Muumikulho Haisuli vauhdissa (2022-) *TARRA* - Muumimukit Rahaksi","og_description":"Myynniss\u00e4 Arabian muumikulho Haisuli vauhdissa. Kulho on uusi. Tarra on paikoillaan. Tarra on kulhon pohjassa.","og_url":"https:\/\/muumimukitrahaksi.fi\/tuote\/muumikulho-haisuli-vauhdissa-2022-tarra\/","og_site_name":"Muumimukit Rahaksi","article_publisher":"https:\/\/www.facebook.com\/muumimukitrahaksi\/","article_modified_time":"2026-05-06T06:42:11+00:00","og_image":[{"width":1000,"height":1000,"url":"https:\/\/muumimukitrahaksi.fi\/wp-content\/uploads\/2022\/08\/DSC00167.jpg","type":"image\/jpeg"}],"twitter_card":"summary_large_image","twitter_site":"@MuumitRahaksi","twitter_misc":{"\u63a8\u5b9a\u8aad\u307f\u53d6\u308a\u6642\u9593":"1\u5206"},"schema":{"@context":"https:\/\/schema.org","@graph":[{"@type":"WebPage","@id":"https:\/\/muumimukitrahaksi.fi\/tuote\/muumikulho-haisuli-vauhdissa-2022-tarra\/","url":"https:\/\/muumimukitrahaksi.fi\/tuote\/muumikulho-haisuli-vauhdissa-2022-tarra\/","name":"Muumikulho Haisuli vauhdissa (2022-) *TARRA* - Muumimukit Rahaksi","isPartOf":{"@id":"https:\/\/muumimukitrahaksi.fi\/#website"},"primaryImageOfPage":{"@id":"https:\/\/muumimukitrahaksi.fi\/tuote\/muumikulho-haisuli-vauhdissa-2022-tarra\/#primaryimage"},"image":{"@id":"https:\/\/muumimukitrahaksi.fi\/tuote\/muumikulho-haisuli-vauhdissa-2022-tarra\/#primaryimage"},"thumbnailUrl":"https:\/\/muumimukitrahaksi.fi\/wp-content\/uploads\/2022\/08\/DSC00167.jpg","datePublished":"2022-03-17T08:41:00+00:00","dateModified":"2026-05-06T06:42:11+00:00","description":"Myynniss\u00e4 Arabian muumikulho Haisuli vauhdissa. Kulho on uusi. Tarra on paikoillaan. Tarra on kulhon pohjassa.","breadcrumb":{"@id":"https:\/\/muumimukitrahaksi.fi\/tuote\/muumikulho-haisuli-vauhdissa-2022-tarra\/#breadcrumb"},"inLanguage":"ja","potentialAction":[{"@type":"ReadAction","target":["https:\/\/muumimukitrahaksi.fi\/tuote\/muumikulho-haisuli-vauhdissa-2022-tarra\/"]}]},{"@type":"ImageObject","inLanguage":"ja","@id":"https:\/\/muumimukitrahaksi.fi\/tuote\/muumikulho-haisuli-vauhdissa-2022-tarra\/#primaryimage","url":"https:\/\/muumimukitrahaksi.fi\/wp-content\/uploads\/2022\/08\/DSC00167.jpg","contentUrl":"https:\/\/muumimukitrahaksi.fi\/wp-content\/uploads\/2022\/08\/DSC00167.jpg","width":1000,"height":1000,"caption":"Muumikulho Haisuli vauhdissa"},{"@type":"BreadcrumbList","@id":"https:\/\/muumimukitrahaksi.fi\/tuote\/muumikulho-haisuli-vauhdissa-2022-tarra\/#breadcrumb","itemListElement":[{"@type":"ListItem","position":1,"name":"Etusivu","item":"https:\/\/muumimukitrahaksi.fi\/ja\/"},{"@type":"ListItem","position":2,"name":"SHOP","item":"https:\/\/muumimukitrahaksi.fi\/ja\/%e3%82%b7%e3%83%a7%e3%83%83%e3%83%97\/"},{"@type":"ListItem","position":3,"name":"Muumikulho Haisuli vauhdissa (2022-) *TARRA*"}]},{"@type":"WebSite","@id":"https:\/\/muumimukitrahaksi.fi\/#website","url":"https:\/\/muumimukitrahaksi.fi\/","name":"Muumimukit Rahaksi","description":"Muumimukeja, -kulhoja ja -lautasia ker\u00e4ilij\u00f6ille!","publisher":{"@id":"https:\/\/muumimukitrahaksi.fi\/#organization"},"potentialAction":[{"@type":"SearchAction","target":{"@type":"EntryPoint","urlTemplate":"https:\/\/muumimukitrahaksi.fi\/?s={search_term_string}"},"query-input":{"@type":"PropertyValueSpecification","valueRequired":true,"valueName":"search_term_string"}}],"inLanguage":"ja"},{"@type":"Organization","@id":"https:\/\/muumimukitrahaksi.fi\/#organization","name":"Muumimukit Rahaksi","url":"https:\/\/muumimukitrahaksi.fi\/","logo":{"@type":"ImageObject","inLanguage":"ja","@id":"https:\/\/muumimukitrahaksi.fi\/#\/schema\/logo\/image\/","url":"https:\/\/muumimukitrahaksi.fi\/wp-content\/uploads\/2017\/09\/logooo.jpg","contentUrl":"https:\/\/muumimukitrahaksi.fi\/wp-content\/uploads\/2017\/09\/logooo.jpg","width":514,"height":514,"caption":"Muumimukit Rahaksi"},"image":{"@id":"https:\/\/muumimukitrahaksi.fi\/#\/schema\/logo\/image\/"},"sameAs":["https:\/\/www.facebook.com\/muumimukitrahaksi\/","https:\/\/x.com\/MuumitRahaksi","https:\/\/www.instagram.com\/muumimukitrahaksi\/"]}]}},"_links":{"self":[{"href":"https:\/\/muumimukitrahaksi.fi\/ja\/wp-json\/wp\/v2\/product\/54940","targetHints":{"allow":["GET"]}}],"collection":[{"href":"https:\/\/muumimukitrahaksi.fi\/ja\/wp-json\/wp\/v2\/product"}],"about":[{"href":"https:\/\/muumimukitrahaksi.fi\/ja\/wp-json\/wp\/v2\/types\/product"}],"wp:featuredmedia":[{"embeddable":true,"href":"https:\/\/muumimukitrahaksi.fi\/ja\/wp-json\/wp\/v2\/media\/61463"}],"wp:attachment":[{"href":"https:\/\/muumimukitrahaksi.fi\/ja\/wp-json\/wp\/v2\/media?parent=54940"}],"wp:term":[{"taxonomy":"product_brand","embeddable":true,"href":"https:\/\/muumimukitrahaksi.fi\/ja\/wp-json\/wp\/v2\/product_brand?post=54940"},{"taxonomy":"product_cat","embeddable":true,"href":"https:\/\/muumimukitrahaksi.fi\/ja\/wp-json\/wp\/v2\/product_cat?post=54940"},{"taxonomy":"product_tag","embeddable":true,"href":"https:\/\/muumimukitrahaksi.fi\/ja\/wp-json\/wp\/v2\/product_tag?post=54940"}],"curies":[{"name":"wp","href":"https:\/\/api.w.org\/{rel}","templated":true}]}}