{"id":72867,"date":"2022-11-18T16:05:40","date_gmt":"2022-11-18T14:05:40","guid":{"rendered":"https:\/\/muumimukitrahaksi.fi\/?post_type=product&#038;p=72867"},"modified":"2026-04-13T16:21:43","modified_gmt":"2026-04-13T13:21:43","slug":"muumi-seinalaatta-kuka-lohduttaisi-nyytia-6-6-1990-1993","status":"publish","type":"product","link":"https:\/\/muumimukitrahaksi.fi\/ja\/\u5546\u54c1\/muumi-seinalaatta-kuka-lohduttaisi-nyytia-6-6-1990-1993\/","title":{"rendered":"Muumi-sein\u00e4laatta Kuka lohduttaisi Nyyti\u00e4 6\/6 (1990-1993)"},"content":{"rendered":"<p style=\"text-align: center;\"><strong>\u2022 Kuntotarkastetut tuotteet \u2022 My\u00f6s lasku\/osamaksu \u2022 Moomin Characters Oy lisenssinhaltija<\/strong><\/p>\n<p>Arabian Muumi-sein\u00e4laatta Kuka lohduttaisi Nyyti\u00e4 6\/6 julkaistiin vuonna 1990 osana kuusiosaista ker\u00e4ilysarjaa. Sarjoja valmistettiin yhteens\u00e4 10 000 kappaletta. Alkuper\u00e4iskuvitus perustuu Tove Janssonin kirjaan Kuka lohduttaisi Nyyti\u00e4? vuodelta 1960. Kuvituksen laattoihin on sovittanut Tove Slotte. Sein\u00e4laatan halkaisija on 15 cm ja paino noin 220 grammaa.<\/p>\n<p><span style=\"font-weight: 400;\">Kurkkaa my\u00f6s muut Muumi-sein\u00e4laatat\u00a0<a href=\"https:\/\/muumimukitrahaksi.fi\/tuote-osasto\/muut\/seinalaatat\/\" target=\"_blank\" rel=\"noopener noreferrer\">t\u00e4st\u00e4<\/a>.<\/span><\/p>\n<p><span style=\"font-weight: 400;\">L\u00f6ytyyk\u00f6 sinulta Muumi-sein\u00e4laatta ja haluaisit myyd\u00e4 sen? Me ostamme my\u00f6s sein\u00e4laattoja. Klikkaa\u00a0<\/span><a href=\"https:\/\/muumimukitrahaksi.fi\/ostamme\/\" target=\"_blank\" rel=\"noopener noreferrer\"><span style=\"font-weight: 400;\">t\u00e4st\u00e4<\/span><\/a><span style=\"font-weight: 400;\">, t\u00e4yt\u00e4 lomake ja saat tarjouksen viel\u00e4 saman p\u00e4iv\u00e4n aikana.<\/span><\/p>\n","protected":false},"excerpt":{"rendered":"<p style=\"text-align: center;\"><strong>\u2022 Nopea toimitus 1-7 vrk \u2022 Ehj\u00e4n\u00e4 perille<\/strong><\/p>\n<p>Myynniss\u00e4 tuotannosta poistunut Arabian Muumi-sein\u00e4laatta Kuka lohduttaisi Nyyti\u00e4 6\/6. Sein\u00e4laatta on osa kuusiosaista sarjaa. Sarjoja on valmistettu yhteens\u00e4 10 000 kappaletta. Sein\u00e4laatta on todella hyv\u00e4ss\u00e4 kunnossa. Ei valkoisia pisteit\u00e4 tai naarmuja. Toimitettaessa sein\u00e4laatta pakataan huolellisesti uusiutuvia pakkausmateriaaleja k\u00e4ytt\u00e4en.<\/p>\n<p style=\"text-align: center;\"><strong>\u2022 Laajat maksutavat<\/strong><\/p>\n<p><img loading=\"lazy\" decoding=\"async\" class=\"alignnone size-full wp-image-20757 aligncenter\" src=\"https:\/\/muumimukitrahaksi.fi\/wp-content\/uploads\/2020\/06\/maksutavat-2026-pieni.png\" alt=\"muumimukit rahaksi\" width=\"350\" height=\"200\" \/><\/p>\n","protected":false},"featured_media":72741,"template":"","meta":[],"product_brand":[],"product_cat":[12,434],"product_tag":[147,166,146],"class_list":{"0":"post-72867","1":"product","2":"type-product","3":"status-publish","4":"has-post-thumbnail","6":"product_cat-muut","7":"product_cat-seinalaatat","8":"product_tag-90-luku","9":"product_tag-seinalaatta","10":"product_tag-ysari","12":"first","13":"outofstock","14":"taxable","15":"shipping-taxable","16":"purchasable","17":"product-type-simple"},"yoast_head":"<!-- This site is optimized with the Yoast SEO plugin v27.1.1 - https:\/\/yoast.com\/product\/yoast-seo-wordpress\/ -->\n<title>Muumi-sein\u00e4laatta Kuka lohduttaisi Nyyti\u00e4 6\/6 (1990-1993) - Muumimukit Rahaksi<\/title>\n<meta name=\"description\" content=\"Myynniss\u00e4 tuotannosta poistunut Arabian Muumi-sein\u00e4laatta Kuka lohduttaisi Nyyti\u00e4 6\/6. Sein\u00e4laatta on osa kuusiosaista sarjaa.\" \/>\n<meta name=\"robots\" content=\"index, follow, max-snippet:-1, max-image-preview:large, max-video-preview:-1\" \/>\n<link rel=\"canonical\" href=\"https:\/\/muumimukitrahaksi.fi\/tuote\/muumi-seinalaatta-kuka-lohduttaisi-nyytia-6-6-1990-1993\/\" \/>\n<meta property=\"og:locale\" content=\"ja_JP\" \/>\n<meta property=\"og:type\" content=\"article\" \/>\n<meta property=\"og:title\" content=\"Muumi-sein\u00e4laatta Kuka lohduttaisi Nyyti\u00e4 6\/6 (1990-1993) - Muumimukit Rahaksi\" \/>\n<meta property=\"og:description\" content=\"Myynniss\u00e4 tuotannosta poistunut Arabian Muumi-sein\u00e4laatta Kuka lohduttaisi Nyyti\u00e4 6\/6. Sein\u00e4laatta on osa kuusiosaista sarjaa.\" \/>\n<meta property=\"og:url\" content=\"https:\/\/muumimukitrahaksi.fi\/tuote\/muumi-seinalaatta-kuka-lohduttaisi-nyytia-6-6-1990-1993\/\" \/>\n<meta property=\"og:site_name\" content=\"Muumimukit Rahaksi\" \/>\n<meta property=\"article:publisher\" content=\"https:\/\/www.facebook.com\/muumimukitrahaksi\/\" \/>\n<meta property=\"article:modified_time\" content=\"2026-04-13T13:21:43+00:00\" \/>\n<meta property=\"og:image\" content=\"https:\/\/muumimukitrahaksi.fi\/wp-content\/uploads\/2022\/11\/DSC03769.jpg\" \/>\n\t<meta property=\"og:image:width\" content=\"1000\" \/>\n\t<meta property=\"og:image:height\" content=\"1000\" \/>\n\t<meta property=\"og:image:type\" content=\"image\/jpeg\" \/>\n<meta name=\"twitter:card\" content=\"summary_large_image\" \/>\n<meta name=\"twitter:site\" content=\"@MuumitRahaksi\" \/>\n<meta name=\"twitter:label1\" content=\"\u63a8\u5b9a\u8aad\u307f\u53d6\u308a\u6642\u9593\" \/>\n\t<meta name=\"twitter:data1\" content=\"1\u5206\" \/>\n<script type=\"application\/ld+json\" class=\"yoast-schema-graph\">{\"@context\":\"https:\/\/schema.org\",\"@graph\":[{\"@type\":\"WebPage\",\"@id\":\"https:\/\/muumimukitrahaksi.fi\/tuote\/muumi-seinalaatta-kuka-lohduttaisi-nyytia-6-6-1990-1993\/\",\"url\":\"https:\/\/muumimukitrahaksi.fi\/tuote\/muumi-seinalaatta-kuka-lohduttaisi-nyytia-6-6-1990-1993\/\",\"name\":\"Muumi-sein\u00e4laatta Kuka lohduttaisi Nyyti\u00e4 6\/6 (1990-1993) - Muumimukit Rahaksi\",\"isPartOf\":{\"@id\":\"https:\/\/muumimukitrahaksi.fi\/#website\"},\"primaryImageOfPage\":{\"@id\":\"https:\/\/muumimukitrahaksi.fi\/tuote\/muumi-seinalaatta-kuka-lohduttaisi-nyytia-6-6-1990-1993\/#primaryimage\"},\"image\":{\"@id\":\"https:\/\/muumimukitrahaksi.fi\/tuote\/muumi-seinalaatta-kuka-lohduttaisi-nyytia-6-6-1990-1993\/#primaryimage\"},\"thumbnailUrl\":\"https:\/\/muumimukitrahaksi.fi\/wp-content\/uploads\/2022\/11\/DSC03769.jpg\",\"datePublished\":\"2022-11-18T14:05:40+00:00\",\"dateModified\":\"2026-04-13T13:21:43+00:00\",\"description\":\"Myynniss\u00e4 tuotannosta poistunut Arabian Muumi-sein\u00e4laatta Kuka lohduttaisi Nyyti\u00e4 6\/6. Sein\u00e4laatta on osa kuusiosaista sarjaa.\",\"breadcrumb\":{\"@id\":\"https:\/\/muumimukitrahaksi.fi\/tuote\/muumi-seinalaatta-kuka-lohduttaisi-nyytia-6-6-1990-1993\/#breadcrumb\"},\"inLanguage\":\"ja\",\"potentialAction\":[{\"@type\":\"ReadAction\",\"target\":[\"https:\/\/muumimukitrahaksi.fi\/tuote\/muumi-seinalaatta-kuka-lohduttaisi-nyytia-6-6-1990-1993\/\"]}]},{\"@type\":\"ImageObject\",\"inLanguage\":\"ja\",\"@id\":\"https:\/\/muumimukitrahaksi.fi\/tuote\/muumi-seinalaatta-kuka-lohduttaisi-nyytia-6-6-1990-1993\/#primaryimage\",\"url\":\"https:\/\/muumimukitrahaksi.fi\/wp-content\/uploads\/2022\/11\/DSC03769.jpg\",\"contentUrl\":\"https:\/\/muumimukitrahaksi.fi\/wp-content\/uploads\/2022\/11\/DSC03769.jpg\",\"width\":1000,\"height\":1000,\"caption\":\"Muumi-sein\u00e4laatta Kuka lohduttaisi Nyyti\u00e4 6\/6\"},{\"@type\":\"BreadcrumbList\",\"@id\":\"https:\/\/muumimukitrahaksi.fi\/tuote\/muumi-seinalaatta-kuka-lohduttaisi-nyytia-6-6-1990-1993\/#breadcrumb\",\"itemListElement\":[{\"@type\":\"ListItem\",\"position\":1,\"name\":\"Etusivu\",\"item\":\"https:\/\/muumimukitrahaksi.fi\/ja\/\"},{\"@type\":\"ListItem\",\"position\":2,\"name\":\"SHOP\",\"item\":\"https:\/\/muumimukitrahaksi.fi\/ja\/%e3%82%b7%e3%83%a7%e3%83%83%e3%83%97\/\"},{\"@type\":\"ListItem\",\"position\":3,\"name\":\"Muumi-sein\u00e4laatta Kuka lohduttaisi Nyyti\u00e4 6\/6 (1990-1993)\"}]},{\"@type\":\"WebSite\",\"@id\":\"https:\/\/muumimukitrahaksi.fi\/#website\",\"url\":\"https:\/\/muumimukitrahaksi.fi\/\",\"name\":\"Muumimukit Rahaksi\",\"description\":\"Muumimukeja, -kulhoja ja -lautasia ker\u00e4ilij\u00f6ille!\",\"publisher\":{\"@id\":\"https:\/\/muumimukitrahaksi.fi\/#organization\"},\"potentialAction\":[{\"@type\":\"SearchAction\",\"target\":{\"@type\":\"EntryPoint\",\"urlTemplate\":\"https:\/\/muumimukitrahaksi.fi\/?s={search_term_string}\"},\"query-input\":{\"@type\":\"PropertyValueSpecification\",\"valueRequired\":true,\"valueName\":\"search_term_string\"}}],\"inLanguage\":\"ja\"},{\"@type\":\"Organization\",\"@id\":\"https:\/\/muumimukitrahaksi.fi\/#organization\",\"name\":\"Muumimukit Rahaksi\",\"url\":\"https:\/\/muumimukitrahaksi.fi\/\",\"logo\":{\"@type\":\"ImageObject\",\"inLanguage\":\"ja\",\"@id\":\"https:\/\/muumimukitrahaksi.fi\/#\/schema\/logo\/image\/\",\"url\":\"https:\/\/muumimukitrahaksi.fi\/wp-content\/uploads\/2017\/09\/logooo.jpg\",\"contentUrl\":\"https:\/\/muumimukitrahaksi.fi\/wp-content\/uploads\/2017\/09\/logooo.jpg\",\"width\":514,\"height\":514,\"caption\":\"Muumimukit Rahaksi\"},\"image\":{\"@id\":\"https:\/\/muumimukitrahaksi.fi\/#\/schema\/logo\/image\/\"},\"sameAs\":[\"https:\/\/www.facebook.com\/muumimukitrahaksi\/\",\"https:\/\/x.com\/MuumitRahaksi\",\"https:\/\/www.instagram.com\/muumimukitrahaksi\/\"]}]}<\/script>\n<!-- \/ Yoast SEO plugin. -->","yoast_head_json":{"title":"Muumi-sein\u00e4laatta Kuka lohduttaisi Nyyti\u00e4 6\/6 (1990-1993) - Muumimukit Rahaksi","description":"Myynniss\u00e4 tuotannosta poistunut Arabian Muumi-sein\u00e4laatta Kuka lohduttaisi Nyyti\u00e4 6\/6. Sein\u00e4laatta on osa kuusiosaista sarjaa.","robots":{"index":"index","follow":"follow","max-snippet":"max-snippet:-1","max-image-preview":"max-image-preview:large","max-video-preview":"max-video-preview:-1"},"canonical":"https:\/\/muumimukitrahaksi.fi\/tuote\/muumi-seinalaatta-kuka-lohduttaisi-nyytia-6-6-1990-1993\/","og_locale":"ja_JP","og_type":"article","og_title":"Muumi-sein\u00e4laatta Kuka lohduttaisi Nyyti\u00e4 6\/6 (1990-1993) - Muumimukit Rahaksi","og_description":"Myynniss\u00e4 tuotannosta poistunut Arabian Muumi-sein\u00e4laatta Kuka lohduttaisi Nyyti\u00e4 6\/6. Sein\u00e4laatta on osa kuusiosaista sarjaa.","og_url":"https:\/\/muumimukitrahaksi.fi\/tuote\/muumi-seinalaatta-kuka-lohduttaisi-nyytia-6-6-1990-1993\/","og_site_name":"Muumimukit Rahaksi","article_publisher":"https:\/\/www.facebook.com\/muumimukitrahaksi\/","article_modified_time":"2026-04-13T13:21:43+00:00","og_image":[{"width":1000,"height":1000,"url":"https:\/\/muumimukitrahaksi.fi\/wp-content\/uploads\/2022\/11\/DSC03769.jpg","type":"image\/jpeg"}],"twitter_card":"summary_large_image","twitter_site":"@MuumitRahaksi","twitter_misc":{"\u63a8\u5b9a\u8aad\u307f\u53d6\u308a\u6642\u9593":"1\u5206"},"schema":{"@context":"https:\/\/schema.org","@graph":[{"@type":"WebPage","@id":"https:\/\/muumimukitrahaksi.fi\/tuote\/muumi-seinalaatta-kuka-lohduttaisi-nyytia-6-6-1990-1993\/","url":"https:\/\/muumimukitrahaksi.fi\/tuote\/muumi-seinalaatta-kuka-lohduttaisi-nyytia-6-6-1990-1993\/","name":"Muumi-sein\u00e4laatta Kuka lohduttaisi Nyyti\u00e4 6\/6 (1990-1993) - Muumimukit Rahaksi","isPartOf":{"@id":"https:\/\/muumimukitrahaksi.fi\/#website"},"primaryImageOfPage":{"@id":"https:\/\/muumimukitrahaksi.fi\/tuote\/muumi-seinalaatta-kuka-lohduttaisi-nyytia-6-6-1990-1993\/#primaryimage"},"image":{"@id":"https:\/\/muumimukitrahaksi.fi\/tuote\/muumi-seinalaatta-kuka-lohduttaisi-nyytia-6-6-1990-1993\/#primaryimage"},"thumbnailUrl":"https:\/\/muumimukitrahaksi.fi\/wp-content\/uploads\/2022\/11\/DSC03769.jpg","datePublished":"2022-11-18T14:05:40+00:00","dateModified":"2026-04-13T13:21:43+00:00","description":"Myynniss\u00e4 tuotannosta poistunut Arabian Muumi-sein\u00e4laatta Kuka lohduttaisi Nyyti\u00e4 6\/6. Sein\u00e4laatta on osa kuusiosaista sarjaa.","breadcrumb":{"@id":"https:\/\/muumimukitrahaksi.fi\/tuote\/muumi-seinalaatta-kuka-lohduttaisi-nyytia-6-6-1990-1993\/#breadcrumb"},"inLanguage":"ja","potentialAction":[{"@type":"ReadAction","target":["https:\/\/muumimukitrahaksi.fi\/tuote\/muumi-seinalaatta-kuka-lohduttaisi-nyytia-6-6-1990-1993\/"]}]},{"@type":"ImageObject","inLanguage":"ja","@id":"https:\/\/muumimukitrahaksi.fi\/tuote\/muumi-seinalaatta-kuka-lohduttaisi-nyytia-6-6-1990-1993\/#primaryimage","url":"https:\/\/muumimukitrahaksi.fi\/wp-content\/uploads\/2022\/11\/DSC03769.jpg","contentUrl":"https:\/\/muumimukitrahaksi.fi\/wp-content\/uploads\/2022\/11\/DSC03769.jpg","width":1000,"height":1000,"caption":"Muumi-sein\u00e4laatta Kuka lohduttaisi Nyyti\u00e4 6\/6"},{"@type":"BreadcrumbList","@id":"https:\/\/muumimukitrahaksi.fi\/tuote\/muumi-seinalaatta-kuka-lohduttaisi-nyytia-6-6-1990-1993\/#breadcrumb","itemListElement":[{"@type":"ListItem","position":1,"name":"Etusivu","item":"https:\/\/muumimukitrahaksi.fi\/ja\/"},{"@type":"ListItem","position":2,"name":"SHOP","item":"https:\/\/muumimukitrahaksi.fi\/ja\/%e3%82%b7%e3%83%a7%e3%83%83%e3%83%97\/"},{"@type":"ListItem","position":3,"name":"Muumi-sein\u00e4laatta Kuka lohduttaisi Nyyti\u00e4 6\/6 (1990-1993)"}]},{"@type":"WebSite","@id":"https:\/\/muumimukitrahaksi.fi\/#website","url":"https:\/\/muumimukitrahaksi.fi\/","name":"Muumimukit Rahaksi","description":"Muumimukeja, -kulhoja ja -lautasia ker\u00e4ilij\u00f6ille!","publisher":{"@id":"https:\/\/muumimukitrahaksi.fi\/#organization"},"potentialAction":[{"@type":"SearchAction","target":{"@type":"EntryPoint","urlTemplate":"https:\/\/muumimukitrahaksi.fi\/?s={search_term_string}"},"query-input":{"@type":"PropertyValueSpecification","valueRequired":true,"valueName":"search_term_string"}}],"inLanguage":"ja"},{"@type":"Organization","@id":"https:\/\/muumimukitrahaksi.fi\/#organization","name":"Muumimukit Rahaksi","url":"https:\/\/muumimukitrahaksi.fi\/","logo":{"@type":"ImageObject","inLanguage":"ja","@id":"https:\/\/muumimukitrahaksi.fi\/#\/schema\/logo\/image\/","url":"https:\/\/muumimukitrahaksi.fi\/wp-content\/uploads\/2017\/09\/logooo.jpg","contentUrl":"https:\/\/muumimukitrahaksi.fi\/wp-content\/uploads\/2017\/09\/logooo.jpg","width":514,"height":514,"caption":"Muumimukit Rahaksi"},"image":{"@id":"https:\/\/muumimukitrahaksi.fi\/#\/schema\/logo\/image\/"},"sameAs":["https:\/\/www.facebook.com\/muumimukitrahaksi\/","https:\/\/x.com\/MuumitRahaksi","https:\/\/www.instagram.com\/muumimukitrahaksi\/"]}]}},"_links":{"self":[{"href":"https:\/\/muumimukitrahaksi.fi\/ja\/wp-json\/wp\/v2\/product\/72867","targetHints":{"allow":["GET"]}}],"collection":[{"href":"https:\/\/muumimukitrahaksi.fi\/ja\/wp-json\/wp\/v2\/product"}],"about":[{"href":"https:\/\/muumimukitrahaksi.fi\/ja\/wp-json\/wp\/v2\/types\/product"}],"wp:featuredmedia":[{"embeddable":true,"href":"https:\/\/muumimukitrahaksi.fi\/ja\/wp-json\/wp\/v2\/media\/72741"}],"wp:attachment":[{"href":"https:\/\/muumimukitrahaksi.fi\/ja\/wp-json\/wp\/v2\/media?parent=72867"}],"wp:term":[{"taxonomy":"product_brand","embeddable":true,"href":"https:\/\/muumimukitrahaksi.fi\/ja\/wp-json\/wp\/v2\/product_brand?post=72867"},{"taxonomy":"product_cat","embeddable":true,"href":"https:\/\/muumimukitrahaksi.fi\/ja\/wp-json\/wp\/v2\/product_cat?post=72867"},{"taxonomy":"product_tag","embeddable":true,"href":"https:\/\/muumimukitrahaksi.fi\/ja\/wp-json\/wp\/v2\/product_tag?post=72867"}],"curies":[{"name":"wp","href":"https:\/\/api.w.org\/{rel}","templated":true}]}}