{"id":72972,"date":"2022-11-21T15:04:03","date_gmt":"2022-11-21T13:04:03","guid":{"rendered":"https:\/\/muumimukitrahaksi.fi\/?post_type=product&#038;p=72972"},"modified":"2023-09-11T12:37:11","modified_gmt":"2023-09-11T09:37:11","slug":"muumikulho-muurla-muumipeikko-2014","status":"publish","type":"product","link":"https:\/\/muumimukitrahaksi.fi\/ja\/\u5546\u54c1\/muumikulho-muurla-muumipeikko-2014\/","title":{"rendered":"Muumikulho Muurla Muumipeikko (2014-)"},"content":{"rendered":"<p style=\"text-align: center;\"><strong>\u2022 Kuntotarkastetut tuotteet \u2022 My\u00f6s lasku\/osamaksu \u2022 Moomin Characters Oy lisenssinhaltija<\/strong><\/p>\n<p>Muumikulho Muurla Muumipeikko kuuluu Muurlan Retro-sarjaan. Retro-sarjan Muumipeikko-tuotteista l\u00f6ytyy kulhon lis\u00e4ksi juomamuki.<\/p>\n<p>Muurlan hiiliter\u00e4ksest\u00e4 valmistettujen muumikulhojen pinnassa on kaksinkertainen emalointi. Ruokap\u00f6yd\u00e4n lis\u00e4ksi n\u00e4m\u00e4 kulhot soveltuvat oivasti my\u00f6s ulkok\u00e4ytt\u00f6\u00f6n. Kulhot ovat mit\u00e4 mainioimpia retkeilytuotteita niiden keveyden ja kest\u00e4vyyden johdosta. Muurlan muumikulhot ovat valmistettu k\u00e4sity\u00f6n\u00e4, joten niiden ulkon\u00e4k\u00f6 vaihtelee hieman yksil\u00f6itt\u00e4in.<\/p>\n<p>Muurlan muumikulhot voi pest\u00e4 astianpesukoneessa.<\/p>\n<p>Kurkkaa my\u00f6s muut Muurla-tuotteet\u00a0<a href=\"https:\/\/muumimukitrahaksi.fi\/tuote-avainsana\/muurla\/\">t\u00e4st\u00e4<\/a>.<\/p>\n","protected":false},"excerpt":{"rendered":"<p style=\"text-align: center;\"><strong>\u2022 Nopea toimitus 1-7 vrk \u2022 Ehj\u00e4n\u00e4 perille<\/strong><\/p>\n<p>Myynniss\u00e4 Muurlan muumikulho Muumipeikko. Kulho on todella hyv\u00e4ss\u00e4 kunnossa. Kulhon tilavuus on 0,6 l. Toimitettaessa kulho pakataan huolellisesti uusiutuvia pakkausmateriaaleja k\u00e4ytt\u00e4en.<\/p>\n<p style=\"text-align: center;\"><strong>\u2022 Laajat maksutavat<\/strong><\/p>\n<p><img loading=\"lazy\" decoding=\"async\" class=\"alignnone size-full wp-image-20757 aligncenter\" src=\"https:\/\/muumimukitrahaksi.fi\/wp-content\/uploads\/2020\/06\/maksutavat-2026-pieni.png\" alt=\"muumimukit rahaksi\" width=\"350\" height=\"200\" \/><\/p>\n","protected":false},"featured_media":72966,"template":"","meta":[],"product_brand":[],"product_cat":[11,407,410],"product_tag":[112,117,369,124],"class_list":{"0":"post-72972","1":"product","2":"type-product","3":"status-publish","4":"has-post-thumbnail","6":"product_cat-kulhot","7":"product_cat-tarrattomat-kulhot","8":"product_cat-tuotannossa-olevat-kulhot","9":"product_tag-muumikulho","10":"product_tag-muumipeikko","11":"product_tag-muurla","12":"product_tag-tarraton","14":"first","15":"outofstock","16":"taxable","17":"shipping-taxable","18":"purchasable","19":"product-type-simple"},"yoast_head":"<!-- This site is optimized with the Yoast SEO plugin v27.1.1 - https:\/\/yoast.com\/product\/yoast-seo-wordpress\/ -->\n<title>Muumikulho Muurla Muumipeikko (2014-) - Muumimukit Rahaksi<\/title>\n<meta name=\"description\" content=\"Myynniss\u00e4 Muurlan muumikulho Muumipeikko. Kulho on todella hyv\u00e4ss\u00e4 kunnossa. Kulhon tilavuus on 0,6 l.\" \/>\n<meta name=\"robots\" content=\"index, follow, max-snippet:-1, max-image-preview:large, max-video-preview:-1\" \/>\n<link rel=\"canonical\" href=\"https:\/\/muumimukitrahaksi.fi\/tuote\/muumikulho-muurla-muumipeikko-2014\/\" \/>\n<meta property=\"og:locale\" content=\"ja_JP\" \/>\n<meta property=\"og:type\" content=\"article\" \/>\n<meta property=\"og:title\" content=\"Muumikulho Muurla Muumipeikko (2014-) - Muumimukit Rahaksi\" \/>\n<meta property=\"og:description\" content=\"Myynniss\u00e4 Muurlan muumikulho Muumipeikko. Kulho on todella hyv\u00e4ss\u00e4 kunnossa. Kulhon tilavuus on 0,6 l.\" \/>\n<meta property=\"og:url\" content=\"https:\/\/muumimukitrahaksi.fi\/tuote\/muumikulho-muurla-muumipeikko-2014\/\" \/>\n<meta property=\"og:site_name\" content=\"Muumimukit Rahaksi\" \/>\n<meta property=\"article:publisher\" content=\"https:\/\/www.facebook.com\/muumimukitrahaksi\/\" \/>\n<meta property=\"article:modified_time\" content=\"2023-09-11T09:37:11+00:00\" \/>\n<meta property=\"og:image\" content=\"https:\/\/muumimukitrahaksi.fi\/wp-content\/uploads\/2022\/11\/DSC05590.jpg\" \/>\n\t<meta property=\"og:image:width\" content=\"1000\" \/>\n\t<meta property=\"og:image:height\" content=\"1000\" \/>\n\t<meta property=\"og:image:type\" content=\"image\/jpeg\" \/>\n<meta name=\"twitter:card\" content=\"summary_large_image\" \/>\n<meta name=\"twitter:site\" content=\"@MuumitRahaksi\" \/>\n<meta name=\"twitter:label1\" content=\"\u63a8\u5b9a\u8aad\u307f\u53d6\u308a\u6642\u9593\" \/>\n\t<meta name=\"twitter:data1\" content=\"1\u5206\" \/>\n<script type=\"application\/ld+json\" class=\"yoast-schema-graph\">{\"@context\":\"https:\/\/schema.org\",\"@graph\":[{\"@type\":\"WebPage\",\"@id\":\"https:\/\/muumimukitrahaksi.fi\/tuote\/muumikulho-muurla-muumipeikko-2014\/\",\"url\":\"https:\/\/muumimukitrahaksi.fi\/tuote\/muumikulho-muurla-muumipeikko-2014\/\",\"name\":\"Muumikulho Muurla Muumipeikko (2014-) - Muumimukit Rahaksi\",\"isPartOf\":{\"@id\":\"https:\/\/muumimukitrahaksi.fi\/#website\"},\"primaryImageOfPage\":{\"@id\":\"https:\/\/muumimukitrahaksi.fi\/tuote\/muumikulho-muurla-muumipeikko-2014\/#primaryimage\"},\"image\":{\"@id\":\"https:\/\/muumimukitrahaksi.fi\/tuote\/muumikulho-muurla-muumipeikko-2014\/#primaryimage\"},\"thumbnailUrl\":\"https:\/\/muumimukitrahaksi.fi\/wp-content\/uploads\/2022\/11\/DSC05590.jpg\",\"datePublished\":\"2022-11-21T13:04:03+00:00\",\"dateModified\":\"2023-09-11T09:37:11+00:00\",\"description\":\"Myynniss\u00e4 Muurlan muumikulho Muumipeikko. Kulho on todella hyv\u00e4ss\u00e4 kunnossa. Kulhon tilavuus on 0,6 l.\",\"breadcrumb\":{\"@id\":\"https:\/\/muumimukitrahaksi.fi\/tuote\/muumikulho-muurla-muumipeikko-2014\/#breadcrumb\"},\"inLanguage\":\"ja\",\"potentialAction\":[{\"@type\":\"ReadAction\",\"target\":[\"https:\/\/muumimukitrahaksi.fi\/tuote\/muumikulho-muurla-muumipeikko-2014\/\"]}]},{\"@type\":\"ImageObject\",\"inLanguage\":\"ja\",\"@id\":\"https:\/\/muumimukitrahaksi.fi\/tuote\/muumikulho-muurla-muumipeikko-2014\/#primaryimage\",\"url\":\"https:\/\/muumimukitrahaksi.fi\/wp-content\/uploads\/2022\/11\/DSC05590.jpg\",\"contentUrl\":\"https:\/\/muumimukitrahaksi.fi\/wp-content\/uploads\/2022\/11\/DSC05590.jpg\",\"width\":1000,\"height\":1000,\"caption\":\"Muumikulho Muurla Muumipeikko\"},{\"@type\":\"BreadcrumbList\",\"@id\":\"https:\/\/muumimukitrahaksi.fi\/tuote\/muumikulho-muurla-muumipeikko-2014\/#breadcrumb\",\"itemListElement\":[{\"@type\":\"ListItem\",\"position\":1,\"name\":\"Etusivu\",\"item\":\"https:\/\/muumimukitrahaksi.fi\/ja\/\"},{\"@type\":\"ListItem\",\"position\":2,\"name\":\"SHOP\",\"item\":\"https:\/\/muumimukitrahaksi.fi\/ja\/%e3%82%b7%e3%83%a7%e3%83%83%e3%83%97\/\"},{\"@type\":\"ListItem\",\"position\":3,\"name\":\"Muumikulho Muurla Muumipeikko (2014-)\"}]},{\"@type\":\"WebSite\",\"@id\":\"https:\/\/muumimukitrahaksi.fi\/#website\",\"url\":\"https:\/\/muumimukitrahaksi.fi\/\",\"name\":\"Muumimukit Rahaksi\",\"description\":\"Muumimukeja, -kulhoja ja -lautasia ker\u00e4ilij\u00f6ille!\",\"publisher\":{\"@id\":\"https:\/\/muumimukitrahaksi.fi\/#organization\"},\"potentialAction\":[{\"@type\":\"SearchAction\",\"target\":{\"@type\":\"EntryPoint\",\"urlTemplate\":\"https:\/\/muumimukitrahaksi.fi\/?s={search_term_string}\"},\"query-input\":{\"@type\":\"PropertyValueSpecification\",\"valueRequired\":true,\"valueName\":\"search_term_string\"}}],\"inLanguage\":\"ja\"},{\"@type\":\"Organization\",\"@id\":\"https:\/\/muumimukitrahaksi.fi\/#organization\",\"name\":\"Muumimukit Rahaksi\",\"url\":\"https:\/\/muumimukitrahaksi.fi\/\",\"logo\":{\"@type\":\"ImageObject\",\"inLanguage\":\"ja\",\"@id\":\"https:\/\/muumimukitrahaksi.fi\/#\/schema\/logo\/image\/\",\"url\":\"https:\/\/muumimukitrahaksi.fi\/wp-content\/uploads\/2017\/09\/logooo.jpg\",\"contentUrl\":\"https:\/\/muumimukitrahaksi.fi\/wp-content\/uploads\/2017\/09\/logooo.jpg\",\"width\":514,\"height\":514,\"caption\":\"Muumimukit Rahaksi\"},\"image\":{\"@id\":\"https:\/\/muumimukitrahaksi.fi\/#\/schema\/logo\/image\/\"},\"sameAs\":[\"https:\/\/www.facebook.com\/muumimukitrahaksi\/\",\"https:\/\/x.com\/MuumitRahaksi\",\"https:\/\/www.instagram.com\/muumimukitrahaksi\/\"]}]}<\/script>\n<!-- \/ Yoast SEO plugin. -->","yoast_head_json":{"title":"Muumikulho Muurla Muumipeikko (2014-) - Muumimukit Rahaksi","description":"Myynniss\u00e4 Muurlan muumikulho Muumipeikko. Kulho on todella hyv\u00e4ss\u00e4 kunnossa. Kulhon tilavuus on 0,6 l.","robots":{"index":"index","follow":"follow","max-snippet":"max-snippet:-1","max-image-preview":"max-image-preview:large","max-video-preview":"max-video-preview:-1"},"canonical":"https:\/\/muumimukitrahaksi.fi\/tuote\/muumikulho-muurla-muumipeikko-2014\/","og_locale":"ja_JP","og_type":"article","og_title":"Muumikulho Muurla Muumipeikko (2014-) - Muumimukit Rahaksi","og_description":"Myynniss\u00e4 Muurlan muumikulho Muumipeikko. Kulho on todella hyv\u00e4ss\u00e4 kunnossa. Kulhon tilavuus on 0,6 l.","og_url":"https:\/\/muumimukitrahaksi.fi\/tuote\/muumikulho-muurla-muumipeikko-2014\/","og_site_name":"Muumimukit Rahaksi","article_publisher":"https:\/\/www.facebook.com\/muumimukitrahaksi\/","article_modified_time":"2023-09-11T09:37:11+00:00","og_image":[{"width":1000,"height":1000,"url":"https:\/\/muumimukitrahaksi.fi\/wp-content\/uploads\/2022\/11\/DSC05590.jpg","type":"image\/jpeg"}],"twitter_card":"summary_large_image","twitter_site":"@MuumitRahaksi","twitter_misc":{"\u63a8\u5b9a\u8aad\u307f\u53d6\u308a\u6642\u9593":"1\u5206"},"schema":{"@context":"https:\/\/schema.org","@graph":[{"@type":"WebPage","@id":"https:\/\/muumimukitrahaksi.fi\/tuote\/muumikulho-muurla-muumipeikko-2014\/","url":"https:\/\/muumimukitrahaksi.fi\/tuote\/muumikulho-muurla-muumipeikko-2014\/","name":"Muumikulho Muurla Muumipeikko (2014-) - Muumimukit Rahaksi","isPartOf":{"@id":"https:\/\/muumimukitrahaksi.fi\/#website"},"primaryImageOfPage":{"@id":"https:\/\/muumimukitrahaksi.fi\/tuote\/muumikulho-muurla-muumipeikko-2014\/#primaryimage"},"image":{"@id":"https:\/\/muumimukitrahaksi.fi\/tuote\/muumikulho-muurla-muumipeikko-2014\/#primaryimage"},"thumbnailUrl":"https:\/\/muumimukitrahaksi.fi\/wp-content\/uploads\/2022\/11\/DSC05590.jpg","datePublished":"2022-11-21T13:04:03+00:00","dateModified":"2023-09-11T09:37:11+00:00","description":"Myynniss\u00e4 Muurlan muumikulho Muumipeikko. Kulho on todella hyv\u00e4ss\u00e4 kunnossa. Kulhon tilavuus on 0,6 l.","breadcrumb":{"@id":"https:\/\/muumimukitrahaksi.fi\/tuote\/muumikulho-muurla-muumipeikko-2014\/#breadcrumb"},"inLanguage":"ja","potentialAction":[{"@type":"ReadAction","target":["https:\/\/muumimukitrahaksi.fi\/tuote\/muumikulho-muurla-muumipeikko-2014\/"]}]},{"@type":"ImageObject","inLanguage":"ja","@id":"https:\/\/muumimukitrahaksi.fi\/tuote\/muumikulho-muurla-muumipeikko-2014\/#primaryimage","url":"https:\/\/muumimukitrahaksi.fi\/wp-content\/uploads\/2022\/11\/DSC05590.jpg","contentUrl":"https:\/\/muumimukitrahaksi.fi\/wp-content\/uploads\/2022\/11\/DSC05590.jpg","width":1000,"height":1000,"caption":"Muumikulho Muurla Muumipeikko"},{"@type":"BreadcrumbList","@id":"https:\/\/muumimukitrahaksi.fi\/tuote\/muumikulho-muurla-muumipeikko-2014\/#breadcrumb","itemListElement":[{"@type":"ListItem","position":1,"name":"Etusivu","item":"https:\/\/muumimukitrahaksi.fi\/ja\/"},{"@type":"ListItem","position":2,"name":"SHOP","item":"https:\/\/muumimukitrahaksi.fi\/ja\/%e3%82%b7%e3%83%a7%e3%83%83%e3%83%97\/"},{"@type":"ListItem","position":3,"name":"Muumikulho Muurla Muumipeikko (2014-)"}]},{"@type":"WebSite","@id":"https:\/\/muumimukitrahaksi.fi\/#website","url":"https:\/\/muumimukitrahaksi.fi\/","name":"Muumimukit Rahaksi","description":"Muumimukeja, -kulhoja ja -lautasia ker\u00e4ilij\u00f6ille!","publisher":{"@id":"https:\/\/muumimukitrahaksi.fi\/#organization"},"potentialAction":[{"@type":"SearchAction","target":{"@type":"EntryPoint","urlTemplate":"https:\/\/muumimukitrahaksi.fi\/?s={search_term_string}"},"query-input":{"@type":"PropertyValueSpecification","valueRequired":true,"valueName":"search_term_string"}}],"inLanguage":"ja"},{"@type":"Organization","@id":"https:\/\/muumimukitrahaksi.fi\/#organization","name":"Muumimukit Rahaksi","url":"https:\/\/muumimukitrahaksi.fi\/","logo":{"@type":"ImageObject","inLanguage":"ja","@id":"https:\/\/muumimukitrahaksi.fi\/#\/schema\/logo\/image\/","url":"https:\/\/muumimukitrahaksi.fi\/wp-content\/uploads\/2017\/09\/logooo.jpg","contentUrl":"https:\/\/muumimukitrahaksi.fi\/wp-content\/uploads\/2017\/09\/logooo.jpg","width":514,"height":514,"caption":"Muumimukit Rahaksi"},"image":{"@id":"https:\/\/muumimukitrahaksi.fi\/#\/schema\/logo\/image\/"},"sameAs":["https:\/\/www.facebook.com\/muumimukitrahaksi\/","https:\/\/x.com\/MuumitRahaksi","https:\/\/www.instagram.com\/muumimukitrahaksi\/"]}]}},"_links":{"self":[{"href":"https:\/\/muumimukitrahaksi.fi\/ja\/wp-json\/wp\/v2\/product\/72972","targetHints":{"allow":["GET"]}}],"collection":[{"href":"https:\/\/muumimukitrahaksi.fi\/ja\/wp-json\/wp\/v2\/product"}],"about":[{"href":"https:\/\/muumimukitrahaksi.fi\/ja\/wp-json\/wp\/v2\/types\/product"}],"wp:featuredmedia":[{"embeddable":true,"href":"https:\/\/muumimukitrahaksi.fi\/ja\/wp-json\/wp\/v2\/media\/72966"}],"wp:attachment":[{"href":"https:\/\/muumimukitrahaksi.fi\/ja\/wp-json\/wp\/v2\/media?parent=72972"}],"wp:term":[{"taxonomy":"product_brand","embeddable":true,"href":"https:\/\/muumimukitrahaksi.fi\/ja\/wp-json\/wp\/v2\/product_brand?post=72972"},{"taxonomy":"product_cat","embeddable":true,"href":"https:\/\/muumimukitrahaksi.fi\/ja\/wp-json\/wp\/v2\/product_cat?post=72972"},{"taxonomy":"product_tag","embeddable":true,"href":"https:\/\/muumimukitrahaksi.fi\/ja\/wp-json\/wp\/v2\/product_tag?post=72972"}],"curies":[{"name":"wp","href":"https:\/\/api.w.org\/{rel}","templated":true}]}}