{"id":94442,"date":"2023-09-21T12:42:30","date_gmt":"2023-09-21T09:42:30","guid":{"rendered":"https:\/\/muumimukitrahaksi.fi\/?post_type=product&#038;p=94442"},"modified":"2026-03-11T09:18:20","modified_gmt":"2026-03-11T07:18:20","slug":"muumimuki-puutarhajuhlat-2023","status":"publish","type":"product","link":"https:\/\/muumimukitrahaksi.fi\/ja\/\u5546\u54c1\/muumimuki-puutarhajuhlat-2023\/","title":{"rendered":"Muumimuki Puutarhajuhlat (2023)"},"content":{"rendered":"<p style=\"text-align: center;\"><strong>\u2022 Kuntotarkastetut tuotteet \u2022 My\u00f6s lasku\/osamaksu \u2022 Moomin Characters Oy lisenssinhaltija<\/strong><\/p>\n<p><strong>Muumimuki Puutarhajuhlat<\/strong> jatkaa kuvituksen teemaltaan viitt\u00e4 aiempaa kes\u00e4sesonkimukia, joissa kaikissa n\u00e4hd\u00e4\u00e4n Muumit kes\u00e4nviettopuuhissa. Sarjan aloitti\u00a0<a href=\"https:\/\/muumimukitrahaksi.fi\/tuote\/muumimuki-lahdetaan-lomalle-2018-tarra\/\">L\u00e4hdet\u00e4\u00e4n lomalle -muki<\/a>\u00a0vuonna 2018, ja Puutarhajuhlat tulee olemaan sarjan kuudes ja viimeinen osa.<\/p>\n<p>Mukin kuvitus pohjautuu Tove Janssonin sarjakuvaan Viidakkoel\u00e4m\u00e4\u00e4 vuodelta 1956. Sarjakuvassa Muumilaakso muuttuu yhdess\u00e4 y\u00f6ss\u00e4 viidakoksi, kun Pikku Myy on edellisen\u00e4 iltana kylv\u00e4nyt l\u00f6yt\u00e4m\u00e4ns\u00e4 siemenet Muumilaakson maaper\u00e4\u00e4n. Haisuli n\u00e4kee mahdollisuutensa aiheuttaa lis\u00e4j\u00e4nnityst\u00e4 tilanteeseen ja p\u00e4\u00e4tt\u00e4\u00e4kin vapauttaa l\u00e4heisen el\u00e4intarhan villiel\u00e4imet juuri ilmestyneen viidakon keskelle. Muumit pelk\u00e4\u00e4v\u00e4tkin aluksi joutuvansa tiikerien sy\u00f6m\u00e4ksi, mutta lopulta heist\u00e4 tulee hyvi\u00e4 yst\u00e4vi\u00e4, kun Muumit est\u00e4v\u00e4t tiikerien joutumisen takaisin vankeuteen. J\u00e4nnitt\u00e4vien tapahtumien p\u00e4\u00e4tteeksi Muumit j\u00e4rjest\u00e4v\u00e4t puutarhassaan upeat kes\u00e4juhlat. T\u00e4ss\u00e4 onkin siis oiva muumimuki erityisesti kes\u00e4n puutarhajuhliin.<\/p>\n<p>Puutarhajuhlat-astiastoon kuuluu mukin lis\u00e4ksi lautanen.<\/p>\n<p>Kurkkaa my\u00f6s muut kes\u00e4sesonkimukit\u00a0<a href=\"https:\/\/muumimukitrahaksi.fi\/tuote-osasto\/mukit\/kesasesonkimukit\/\" target=\"_blank\" rel=\"noopener noreferrer\">t\u00e4st\u00e4<\/a>.<\/p>\n<p><span style=\"font-weight: 400;\">L\u00f6ytyyk\u00f6 sinulta Puutarhajuhlat-muumimuki ja haluaisit myyd\u00e4 sen? Me my\u00f6s ostamme muumimukeja. Klikkaa\u00a0<\/span><a href=\"https:\/\/muumimukitrahaksi.fi\/ostamme\/\" target=\"_blank\" rel=\"noopener noreferrer\"><span style=\"font-weight: 400;\">t\u00e4st\u00e4<\/span><\/a><span style=\"font-weight: 400;\">, t\u00e4yt\u00e4 lomake ja saat tarjouksen viel\u00e4 saman p\u00e4iv\u00e4n aikana.<\/span><\/p>\n","protected":false},"excerpt":{"rendered":"<p style=\"text-align: center;\"><strong>\u2022 Nopea toimitus 1-7 vrk \u2022 Ehj\u00e4n\u00e4 perille<\/strong><\/p>\n<p>Myynniss\u00e4 tuotannosta poistunut Arabian muumimuki Puutarhajuhlat. Muki on todella hyv\u00e4ss\u00e4 kunnossa. Ei n\u00e4kyvi\u00e4 valkoisia pisteit\u00e4 tai tummumia. Toimitettaessa muki pakataan huolellisesti uusiutuvia pakkausmateriaaleja k\u00e4ytt\u00e4en.<\/p>\n<p style=\"text-align: center;\"><strong>\u2022 Laajat maksutavat<\/strong><\/p>\n<p><img loading=\"lazy\" decoding=\"async\" class=\"alignnone size-full wp-image-20757 aligncenter\" src=\"https:\/\/muumimukitrahaksi.fi\/wp-content\/uploads\/2020\/06\/maksutavat-2026-pieni.png\" alt=\"muumimukit rahaksi\" width=\"350\" height=\"200\" \/><\/p>\n","protected":false},"featured_media":83436,"template":"","meta":[],"product_brand":[],"product_cat":[402,386,8,384,392],"product_tag":[120,110,124],"class_list":{"0":"post-94442","1":"product","2":"type-product","3":"status-publish","4":"has-post-thumbnail","6":"product_cat-arabia-mukit","7":"product_cat-kesasesonkimukit","8":"product_cat-mukit","9":"product_cat-tarrattomat","10":"product_cat-tuotannosta-poistuneet-mukit","11":"product_tag-kesamuki","12":"product_tag-muumimuki","13":"product_tag-tarraton","15":"first","16":"instock","17":"taxable","18":"shipping-taxable","19":"purchasable","20":"product-type-simple"},"yoast_head":"<!-- This site is optimized with the Yoast SEO plugin v27.1.1 - https:\/\/yoast.com\/product\/yoast-seo-wordpress\/ -->\n<title>Muumimuki Puutarhajuhlat (2023) - Muumimukit Rahaksi<\/title>\n<meta name=\"description\" content=\"Myynniss\u00e4 tuotannosta poistunut Arabian muumimuki Puutarhajuhlat. Muki on todella hyv\u00e4ss\u00e4 kunnossa. Toimitettaessa muki pakataan huolellisesti.\" \/>\n<meta name=\"robots\" content=\"index, follow, max-snippet:-1, max-image-preview:large, max-video-preview:-1\" \/>\n<link rel=\"canonical\" href=\"https:\/\/muumimukitrahaksi.fi\/tuote\/muumimuki-puutarhajuhlat-2023-tarra\/\" \/>\n<meta property=\"og:locale\" content=\"ja_JP\" \/>\n<meta property=\"og:type\" content=\"article\" \/>\n<meta property=\"og:title\" content=\"Muumimuki Puutarhajuhlat (2023) - Muumimukit Rahaksi\" \/>\n<meta property=\"og:description\" content=\"Myynniss\u00e4 tuotannosta poistunut Arabian muumimuki Puutarhajuhlat. Muki on todella hyv\u00e4ss\u00e4 kunnossa. Toimitettaessa muki pakataan huolellisesti.\" \/>\n<meta property=\"og:url\" content=\"https:\/\/muumimukitrahaksi.fi\/tuote\/muumimuki-puutarhajuhlat-2023-tarra\/\" \/>\n<meta property=\"og:site_name\" content=\"Muumimukit Rahaksi\" \/>\n<meta property=\"article:publisher\" content=\"https:\/\/www.facebook.com\/muumimukitrahaksi\/\" \/>\n<meta property=\"article:modified_time\" content=\"2026-03-11T07:18:20+00:00\" \/>\n<meta property=\"og:image\" content=\"https:\/\/muumimukitrahaksi.fi\/wp-content\/uploads\/2023\/05\/DSC04662_2.jpg\" \/>\n\t<meta property=\"og:image:width\" content=\"1000\" \/>\n\t<meta property=\"og:image:height\" content=\"1000\" \/>\n\t<meta property=\"og:image:type\" content=\"image\/jpeg\" \/>\n<meta name=\"twitter:card\" content=\"summary_large_image\" \/>\n<meta name=\"twitter:site\" content=\"@MuumitRahaksi\" \/>\n<meta name=\"twitter:label1\" content=\"\u63a8\u5b9a\u8aad\u307f\u53d6\u308a\u6642\u9593\" \/>\n\t<meta name=\"twitter:data1\" content=\"2\u5206\" \/>\n<script type=\"application\/ld+json\" class=\"yoast-schema-graph\">{\"@context\":\"https:\/\/schema.org\",\"@graph\":[{\"@type\":\"WebPage\",\"@id\":\"https:\/\/muumimukitrahaksi.fi\/tuote\/muumimuki-puutarhajuhlat-2023\/\",\"url\":\"https:\/\/muumimukitrahaksi.fi\/tuote\/muumimuki-puutarhajuhlat-2023-tarra\/\",\"name\":\"Muumimuki Puutarhajuhlat (2023) - Muumimukit Rahaksi\",\"isPartOf\":{\"@id\":\"https:\/\/muumimukitrahaksi.fi\/#website\"},\"primaryImageOfPage\":{\"@id\":\"https:\/\/muumimukitrahaksi.fi\/tuote\/muumimuki-puutarhajuhlat-2023-tarra\/#primaryimage\"},\"image\":{\"@id\":\"https:\/\/muumimukitrahaksi.fi\/tuote\/muumimuki-puutarhajuhlat-2023-tarra\/#primaryimage\"},\"thumbnailUrl\":\"https:\/\/muumimukitrahaksi.fi\/wp-content\/uploads\/2023\/05\/DSC04662_2.jpg\",\"datePublished\":\"2023-09-21T09:42:30+00:00\",\"dateModified\":\"2026-03-11T07:18:20+00:00\",\"description\":\"Myynniss\u00e4 tuotannosta poistunut Arabian muumimuki Puutarhajuhlat. Muki on todella hyv\u00e4ss\u00e4 kunnossa. Toimitettaessa muki pakataan huolellisesti.\",\"breadcrumb\":{\"@id\":\"https:\/\/muumimukitrahaksi.fi\/tuote\/muumimuki-puutarhajuhlat-2023-tarra\/#breadcrumb\"},\"inLanguage\":\"ja\",\"potentialAction\":[{\"@type\":\"ReadAction\",\"target\":[\"https:\/\/muumimukitrahaksi.fi\/tuote\/muumimuki-puutarhajuhlat-2023-tarra\/\"]}]},{\"@type\":\"ImageObject\",\"inLanguage\":\"ja\",\"@id\":\"https:\/\/muumimukitrahaksi.fi\/tuote\/muumimuki-puutarhajuhlat-2023-tarra\/#primaryimage\",\"url\":\"https:\/\/muumimukitrahaksi.fi\/wp-content\/uploads\/2023\/05\/DSC04662_2.jpg\",\"contentUrl\":\"https:\/\/muumimukitrahaksi.fi\/wp-content\/uploads\/2023\/05\/DSC04662_2.jpg\",\"width\":1000,\"height\":1000,\"caption\":\"Muumimuki Puutarhajuhlat\"},{\"@type\":\"BreadcrumbList\",\"@id\":\"https:\/\/muumimukitrahaksi.fi\/tuote\/muumimuki-puutarhajuhlat-2023-tarra\/#breadcrumb\",\"itemListElement\":[{\"@type\":\"ListItem\",\"position\":1,\"name\":\"Etusivu\",\"item\":\"https:\/\/muumimukitrahaksi.fi\/ja\/\"},{\"@type\":\"ListItem\",\"position\":2,\"name\":\"SHOP\",\"item\":\"https:\/\/muumimukitrahaksi.fi\/ja\/%e3%82%b7%e3%83%a7%e3%83%83%e3%83%97\/\"},{\"@type\":\"ListItem\",\"position\":3,\"name\":\"Muumimuki Puutarhajuhlat (2023)\"}]},{\"@type\":\"WebSite\",\"@id\":\"https:\/\/muumimukitrahaksi.fi\/#website\",\"url\":\"https:\/\/muumimukitrahaksi.fi\/\",\"name\":\"Muumimukit Rahaksi\",\"description\":\"Muumimukeja, -kulhoja ja -lautasia ker\u00e4ilij\u00f6ille!\",\"publisher\":{\"@id\":\"https:\/\/muumimukitrahaksi.fi\/#organization\"},\"potentialAction\":[{\"@type\":\"SearchAction\",\"target\":{\"@type\":\"EntryPoint\",\"urlTemplate\":\"https:\/\/muumimukitrahaksi.fi\/?s={search_term_string}\"},\"query-input\":{\"@type\":\"PropertyValueSpecification\",\"valueRequired\":true,\"valueName\":\"search_term_string\"}}],\"inLanguage\":\"ja\"},{\"@type\":\"Organization\",\"@id\":\"https:\/\/muumimukitrahaksi.fi\/#organization\",\"name\":\"Muumimukit Rahaksi\",\"url\":\"https:\/\/muumimukitrahaksi.fi\/\",\"logo\":{\"@type\":\"ImageObject\",\"inLanguage\":\"ja\",\"@id\":\"https:\/\/muumimukitrahaksi.fi\/#\/schema\/logo\/image\/\",\"url\":\"https:\/\/muumimukitrahaksi.fi\/wp-content\/uploads\/2017\/09\/logooo.jpg\",\"contentUrl\":\"https:\/\/muumimukitrahaksi.fi\/wp-content\/uploads\/2017\/09\/logooo.jpg\",\"width\":514,\"height\":514,\"caption\":\"Muumimukit Rahaksi\"},\"image\":{\"@id\":\"https:\/\/muumimukitrahaksi.fi\/#\/schema\/logo\/image\/\"},\"sameAs\":[\"https:\/\/www.facebook.com\/muumimukitrahaksi\/\",\"https:\/\/x.com\/MuumitRahaksi\",\"https:\/\/www.instagram.com\/muumimukitrahaksi\/\"]}]}<\/script>\n<!-- \/ Yoast SEO plugin. -->","yoast_head_json":{"title":"Muumimuki Puutarhajuhlat (2023) - Muumimukit Rahaksi","description":"Myynniss\u00e4 tuotannosta poistunut Arabian muumimuki Puutarhajuhlat. Muki on todella hyv\u00e4ss\u00e4 kunnossa. Toimitettaessa muki pakataan huolellisesti.","robots":{"index":"index","follow":"follow","max-snippet":"max-snippet:-1","max-image-preview":"max-image-preview:large","max-video-preview":"max-video-preview:-1"},"canonical":"https:\/\/muumimukitrahaksi.fi\/tuote\/muumimuki-puutarhajuhlat-2023-tarra\/","og_locale":"ja_JP","og_type":"article","og_title":"Muumimuki Puutarhajuhlat (2023) - Muumimukit Rahaksi","og_description":"Myynniss\u00e4 tuotannosta poistunut Arabian muumimuki Puutarhajuhlat. Muki on todella hyv\u00e4ss\u00e4 kunnossa. Toimitettaessa muki pakataan huolellisesti.","og_url":"https:\/\/muumimukitrahaksi.fi\/tuote\/muumimuki-puutarhajuhlat-2023-tarra\/","og_site_name":"Muumimukit Rahaksi","article_publisher":"https:\/\/www.facebook.com\/muumimukitrahaksi\/","article_modified_time":"2026-03-11T07:18:20+00:00","og_image":[{"width":1000,"height":1000,"url":"https:\/\/muumimukitrahaksi.fi\/wp-content\/uploads\/2023\/05\/DSC04662_2.jpg","type":"image\/jpeg"}],"twitter_card":"summary_large_image","twitter_site":"@MuumitRahaksi","twitter_misc":{"\u63a8\u5b9a\u8aad\u307f\u53d6\u308a\u6642\u9593":"2\u5206"},"schema":{"@context":"https:\/\/schema.org","@graph":[{"@type":"WebPage","@id":"https:\/\/muumimukitrahaksi.fi\/tuote\/muumimuki-puutarhajuhlat-2023\/","url":"https:\/\/muumimukitrahaksi.fi\/tuote\/muumimuki-puutarhajuhlat-2023-tarra\/","name":"Muumimuki Puutarhajuhlat (2023) - Muumimukit Rahaksi","isPartOf":{"@id":"https:\/\/muumimukitrahaksi.fi\/#website"},"primaryImageOfPage":{"@id":"https:\/\/muumimukitrahaksi.fi\/tuote\/muumimuki-puutarhajuhlat-2023-tarra\/#primaryimage"},"image":{"@id":"https:\/\/muumimukitrahaksi.fi\/tuote\/muumimuki-puutarhajuhlat-2023-tarra\/#primaryimage"},"thumbnailUrl":"https:\/\/muumimukitrahaksi.fi\/wp-content\/uploads\/2023\/05\/DSC04662_2.jpg","datePublished":"2023-09-21T09:42:30+00:00","dateModified":"2026-03-11T07:18:20+00:00","description":"Myynniss\u00e4 tuotannosta poistunut Arabian muumimuki Puutarhajuhlat. Muki on todella hyv\u00e4ss\u00e4 kunnossa. Toimitettaessa muki pakataan huolellisesti.","breadcrumb":{"@id":"https:\/\/muumimukitrahaksi.fi\/tuote\/muumimuki-puutarhajuhlat-2023-tarra\/#breadcrumb"},"inLanguage":"ja","potentialAction":[{"@type":"ReadAction","target":["https:\/\/muumimukitrahaksi.fi\/tuote\/muumimuki-puutarhajuhlat-2023-tarra\/"]}]},{"@type":"ImageObject","inLanguage":"ja","@id":"https:\/\/muumimukitrahaksi.fi\/tuote\/muumimuki-puutarhajuhlat-2023-tarra\/#primaryimage","url":"https:\/\/muumimukitrahaksi.fi\/wp-content\/uploads\/2023\/05\/DSC04662_2.jpg","contentUrl":"https:\/\/muumimukitrahaksi.fi\/wp-content\/uploads\/2023\/05\/DSC04662_2.jpg","width":1000,"height":1000,"caption":"Muumimuki Puutarhajuhlat"},{"@type":"BreadcrumbList","@id":"https:\/\/muumimukitrahaksi.fi\/tuote\/muumimuki-puutarhajuhlat-2023-tarra\/#breadcrumb","itemListElement":[{"@type":"ListItem","position":1,"name":"Etusivu","item":"https:\/\/muumimukitrahaksi.fi\/ja\/"},{"@type":"ListItem","position":2,"name":"SHOP","item":"https:\/\/muumimukitrahaksi.fi\/ja\/%e3%82%b7%e3%83%a7%e3%83%83%e3%83%97\/"},{"@type":"ListItem","position":3,"name":"Muumimuki Puutarhajuhlat (2023)"}]},{"@type":"WebSite","@id":"https:\/\/muumimukitrahaksi.fi\/#website","url":"https:\/\/muumimukitrahaksi.fi\/","name":"Muumimukit Rahaksi","description":"Muumimukeja, -kulhoja ja -lautasia ker\u00e4ilij\u00f6ille!","publisher":{"@id":"https:\/\/muumimukitrahaksi.fi\/#organization"},"potentialAction":[{"@type":"SearchAction","target":{"@type":"EntryPoint","urlTemplate":"https:\/\/muumimukitrahaksi.fi\/?s={search_term_string}"},"query-input":{"@type":"PropertyValueSpecification","valueRequired":true,"valueName":"search_term_string"}}],"inLanguage":"ja"},{"@type":"Organization","@id":"https:\/\/muumimukitrahaksi.fi\/#organization","name":"Muumimukit Rahaksi","url":"https:\/\/muumimukitrahaksi.fi\/","logo":{"@type":"ImageObject","inLanguage":"ja","@id":"https:\/\/muumimukitrahaksi.fi\/#\/schema\/logo\/image\/","url":"https:\/\/muumimukitrahaksi.fi\/wp-content\/uploads\/2017\/09\/logooo.jpg","contentUrl":"https:\/\/muumimukitrahaksi.fi\/wp-content\/uploads\/2017\/09\/logooo.jpg","width":514,"height":514,"caption":"Muumimukit Rahaksi"},"image":{"@id":"https:\/\/muumimukitrahaksi.fi\/#\/schema\/logo\/image\/"},"sameAs":["https:\/\/www.facebook.com\/muumimukitrahaksi\/","https:\/\/x.com\/MuumitRahaksi","https:\/\/www.instagram.com\/muumimukitrahaksi\/"]}]}},"_links":{"self":[{"href":"https:\/\/muumimukitrahaksi.fi\/ja\/wp-json\/wp\/v2\/product\/94442","targetHints":{"allow":["GET"]}}],"collection":[{"href":"https:\/\/muumimukitrahaksi.fi\/ja\/wp-json\/wp\/v2\/product"}],"about":[{"href":"https:\/\/muumimukitrahaksi.fi\/ja\/wp-json\/wp\/v2\/types\/product"}],"wp:featuredmedia":[{"embeddable":true,"href":"https:\/\/muumimukitrahaksi.fi\/ja\/wp-json\/wp\/v2\/media\/83436"}],"wp:attachment":[{"href":"https:\/\/muumimukitrahaksi.fi\/ja\/wp-json\/wp\/v2\/media?parent=94442"}],"wp:term":[{"taxonomy":"product_brand","embeddable":true,"href":"https:\/\/muumimukitrahaksi.fi\/ja\/wp-json\/wp\/v2\/product_brand?post=94442"},{"taxonomy":"product_cat","embeddable":true,"href":"https:\/\/muumimukitrahaksi.fi\/ja\/wp-json\/wp\/v2\/product_cat?post=94442"},{"taxonomy":"product_tag","embeddable":true,"href":"https:\/\/muumimukitrahaksi.fi\/ja\/wp-json\/wp\/v2\/product_tag?post=94442"}],"curies":[{"name":"wp","href":"https:\/\/api.w.org\/{rel}","templated":true}]}}