{"id":94444,"date":"2023-09-21T13:00:19","date_gmt":"2023-09-21T10:00:19","guid":{"rendered":"https:\/\/muumimukitrahaksi.fi\/?post_type=product&#038;p=94444"},"modified":"2026-03-26T11:01:26","modified_gmt":"2026-03-26T09:01:26","slug":"muumimuki-hemuli-keltainen-2023","status":"publish","type":"product","link":"https:\/\/muumimukitrahaksi.fi\/ja\/\u5546\u54c1\/muumimuki-hemuli-keltainen-2023\/","title":{"rendered":"Muumimuki Hemuli keltainen (2023-)"},"content":{"rendered":"<p style=\"text-align: center;\"><strong>\u2022 Kuntotarkastetut tuotteet \u2022 My\u00f6s lasku\/osamaksu \u2022 Moomin Characters Oy lisenssinhaltija<\/strong><\/p>\n<p><strong>Muumimuki Hemuli keltainen<\/strong> korvasi\u00a0<a href=\"https:\/\/muumimukitrahaksi.fi\/tuote\/muumimuki-hemuli-2004-2013-tarra\/\">edellisen Hemuli-hahmomukin<\/a>, joka poistui tuotannosta jo vuonna 2013. Hemuli ehtikin olla ilman omaa hahmomukia per\u00e4ti kymmenen vuoden ajan. Hemuli keltainen on j\u00e4rjestyksess\u00e4\u00e4n toinen hahmomuki, jossa Hemuli esiintyy p\u00e4\u00e4osassa.<\/p>\n<p>Hemuli keltainen -muumimukin kuvitus perustuu Tove Janssonin Taikurin hattu -kirjaan vuodelta 1948. Herkullisen v\u00e4rikk\u00e4\u00e4ss\u00e4 kuvituksessa kasvitieteilij\u00e4 Hemuli kartuttaa kasvikokoelmaansa harvinaisuuksilla. Kuvituksen tarinassa Muumit matkaavat Hattivattien saarelle. Syrj\u00e4isen saaren kasvipotentiaalista sokaistunut Hemuli joutuu pian Hattivattien saartamaksi ja Nuuskamuikkunen joutuu pelastamaan h\u00e4net.<\/p>\n<p>Tiesitk\u00f6, ett\u00e4 kasvitieteilij\u00e4n\u00e4 tunnettu Hemuli ei suinkaan ollut aina kiinnostunut kasveista? Taikurin hattu -tarinan mukaan Hemuli muuttui melankoliseksi, kun h\u00e4nen alkuper\u00e4inen ker\u00e4ilyharrastuksensa postimerkkien parissa tuli p\u00e4\u00e4t\u00f6kseen h\u00e4nen kerrytetty\u00e4\u00e4n t\u00e4ydellisen postimerkkikokoelman. Muumipeikko ja Niiskuneiti yritt\u00e4v\u00e4tkin saada Hemulia aloittamaan uutta ker\u00e4ilyharrastusta, mutta mik\u00e4\u00e4n ei tunnu kiinnostavan h\u00e4nt\u00e4. Lopulta Hemuli innostuu kasveista ja aloittaa matkan kohti maailman hienointa kasviota.<\/p>\n<p>Hemuli keltainen -astiastoon kuuluu mukin lis\u00e4ksi kulho ja lautanen.<\/p>\n<p>Kurkkaa my\u00f6s muut Hemuli-tuotteet\u00a0<a href=\"https:\/\/muumimukitrahaksi.fi\/tuote-avainsana\/hemuli\/\" target=\"_blank\" rel=\"noopener noreferrer\">t\u00e4st\u00e4<\/a>.<\/p>\n<p><span style=\"font-weight: 400;\">L\u00f6ytyyk\u00f6 sinulta Hemuli keltainen -muumimuki ja haluaisit myyd\u00e4 sen? Me my\u00f6s ostamme muumimukeja. Klikkaa\u00a0<\/span><a href=\"https:\/\/muumimukitrahaksi.fi\/ostamme\/\" target=\"_blank\" rel=\"noopener noreferrer\"><span style=\"font-weight: 400;\">t\u00e4st\u00e4<\/span><\/a><span style=\"font-weight: 400;\">, t\u00e4yt\u00e4 lomake ja saat tarjouksen viel\u00e4 saman p\u00e4iv\u00e4n aikana.<\/span><\/p>\n","protected":false},"excerpt":{"rendered":"<p style=\"text-align: center;\"><strong>\u2022 Nopea toimitus 1-7 vrk \u2022 Ehj\u00e4n\u00e4 perille<\/strong><\/p>\n<p>Myynniss\u00e4 Arabian muumimuki Hemuli keltainen. Muki on todella hyv\u00e4ss\u00e4 kunnossa. Ei n\u00e4kyvi\u00e4 valkoisia pisteit\u00e4 tai tummumia. Toimitettaessa muki pakataan huolellisesti uusiutuvia pakkausmateriaaleja k\u00e4ytt\u00e4en.<\/p>\n<p style=\"text-align: center;\"><strong>\u2022 Laajat maksutavat<\/strong><\/p>\n<p><img loading=\"lazy\" decoding=\"async\" class=\"alignnone size-full wp-image-20757 aligncenter\" src=\"https:\/\/muumimukitrahaksi.fi\/wp-content\/uploads\/2020\/06\/maksutavat-2026-pieni.png\" alt=\"muumimukit rahaksi\" width=\"350\" height=\"200\" \/><\/p>\n","protected":false},"featured_media":79855,"template":"","meta":[],"product_brand":[],"product_cat":[402,8,384,391],"product_tag":[151,110,124],"class_list":{"0":"post-94444","1":"product","2":"type-product","3":"status-publish","4":"has-post-thumbnail","6":"product_cat-arabia-mukit","7":"product_cat-mukit","8":"product_cat-tarrattomat","9":"product_cat-tuotannossa-olevat-mukit","10":"product_tag-hemuli","11":"product_tag-muumimuki","12":"product_tag-tarraton","14":"first","15":"instock","16":"taxable","17":"shipping-taxable","18":"purchasable","19":"product-type-simple"},"yoast_head":"<!-- This site is optimized with the Yoast SEO plugin v27.1.1 - https:\/\/yoast.com\/product\/yoast-seo-wordpress\/ -->\n<title>Muumimuki Hemuli keltainen (2023-) - Muumimukit Rahaksi<\/title>\n<meta name=\"description\" content=\"Myynniss\u00e4 Arabian muumimuki Hemuli keltainen. Muki on todella hyv\u00e4ss\u00e4 kunnossa. Toimitettaessa muki pakataan huolellisesti.\" \/>\n<meta name=\"robots\" content=\"index, follow, max-snippet:-1, max-image-preview:large, max-video-preview:-1\" \/>\n<link rel=\"canonical\" href=\"https:\/\/muumimukitrahaksi.fi\/tuote\/muumimuki-hemuli-keltainen-2023-tarra\/\" \/>\n<meta property=\"og:locale\" content=\"ja_JP\" \/>\n<meta property=\"og:type\" content=\"article\" \/>\n<meta property=\"og:title\" content=\"Muumimuki Hemuli keltainen (2023-) - Muumimukit Rahaksi\" \/>\n<meta property=\"og:description\" content=\"Myynniss\u00e4 Arabian muumimuki Hemuli keltainen. Muki on todella hyv\u00e4ss\u00e4 kunnossa. Toimitettaessa muki pakataan huolellisesti.\" \/>\n<meta property=\"og:url\" content=\"https:\/\/muumimukitrahaksi.fi\/tuote\/muumimuki-hemuli-keltainen-2023-tarra\/\" \/>\n<meta property=\"og:site_name\" content=\"Muumimukit Rahaksi\" \/>\n<meta property=\"article:publisher\" content=\"https:\/\/www.facebook.com\/muumimukitrahaksi\/\" \/>\n<meta property=\"article:modified_time\" content=\"2026-03-26T09:01:26+00:00\" \/>\n<meta property=\"og:image\" content=\"https:\/\/muumimukitrahaksi.fi\/wp-content\/uploads\/2023\/03\/DSC00458_2.jpg\" \/>\n\t<meta property=\"og:image:width\" content=\"1000\" \/>\n\t<meta property=\"og:image:height\" content=\"1000\" \/>\n\t<meta property=\"og:image:type\" content=\"image\/jpeg\" \/>\n<meta name=\"twitter:card\" content=\"summary_large_image\" \/>\n<meta name=\"twitter:site\" content=\"@MuumitRahaksi\" \/>\n<meta name=\"twitter:label1\" content=\"\u63a8\u5b9a\u8aad\u307f\u53d6\u308a\u6642\u9593\" \/>\n\t<meta name=\"twitter:data1\" content=\"2\u5206\" \/>\n<script type=\"application\/ld+json\" class=\"yoast-schema-graph\">{\"@context\":\"https:\/\/schema.org\",\"@graph\":[{\"@type\":\"WebPage\",\"@id\":\"https:\/\/muumimukitrahaksi.fi\/tuote\/muumimuki-hemuli-keltainen-2023\/\",\"url\":\"https:\/\/muumimukitrahaksi.fi\/tuote\/muumimuki-hemuli-keltainen-2023-tarra\/\",\"name\":\"Muumimuki Hemuli keltainen (2023-) - Muumimukit Rahaksi\",\"isPartOf\":{\"@id\":\"https:\/\/muumimukitrahaksi.fi\/#website\"},\"primaryImageOfPage\":{\"@id\":\"https:\/\/muumimukitrahaksi.fi\/tuote\/muumimuki-hemuli-keltainen-2023-tarra\/#primaryimage\"},\"image\":{\"@id\":\"https:\/\/muumimukitrahaksi.fi\/tuote\/muumimuki-hemuli-keltainen-2023-tarra\/#primaryimage\"},\"thumbnailUrl\":\"https:\/\/muumimukitrahaksi.fi\/wp-content\/uploads\/2023\/03\/DSC00458_2.jpg\",\"datePublished\":\"2023-09-21T10:00:19+00:00\",\"dateModified\":\"2026-03-26T09:01:26+00:00\",\"description\":\"Myynniss\u00e4 Arabian muumimuki Hemuli keltainen. Muki on todella hyv\u00e4ss\u00e4 kunnossa. Toimitettaessa muki pakataan huolellisesti.\",\"breadcrumb\":{\"@id\":\"https:\/\/muumimukitrahaksi.fi\/tuote\/muumimuki-hemuli-keltainen-2023-tarra\/#breadcrumb\"},\"inLanguage\":\"ja\",\"potentialAction\":[{\"@type\":\"ReadAction\",\"target\":[\"https:\/\/muumimukitrahaksi.fi\/tuote\/muumimuki-hemuli-keltainen-2023-tarra\/\"]}]},{\"@type\":\"ImageObject\",\"inLanguage\":\"ja\",\"@id\":\"https:\/\/muumimukitrahaksi.fi\/tuote\/muumimuki-hemuli-keltainen-2023-tarra\/#primaryimage\",\"url\":\"https:\/\/muumimukitrahaksi.fi\/wp-content\/uploads\/2023\/03\/DSC00458_2.jpg\",\"contentUrl\":\"https:\/\/muumimukitrahaksi.fi\/wp-content\/uploads\/2023\/03\/DSC00458_2.jpg\",\"width\":1000,\"height\":1000,\"caption\":\"Muumimuki Hemuli keltainen\"},{\"@type\":\"BreadcrumbList\",\"@id\":\"https:\/\/muumimukitrahaksi.fi\/tuote\/muumimuki-hemuli-keltainen-2023-tarra\/#breadcrumb\",\"itemListElement\":[{\"@type\":\"ListItem\",\"position\":1,\"name\":\"Etusivu\",\"item\":\"https:\/\/muumimukitrahaksi.fi\/ja\/\"},{\"@type\":\"ListItem\",\"position\":2,\"name\":\"SHOP\",\"item\":\"https:\/\/muumimukitrahaksi.fi\/ja\/%e3%82%b7%e3%83%a7%e3%83%83%e3%83%97\/\"},{\"@type\":\"ListItem\",\"position\":3,\"name\":\"Muumimuki Hemuli keltainen (2023-)\"}]},{\"@type\":\"WebSite\",\"@id\":\"https:\/\/muumimukitrahaksi.fi\/#website\",\"url\":\"https:\/\/muumimukitrahaksi.fi\/\",\"name\":\"Muumimukit Rahaksi\",\"description\":\"Muumimukeja, -kulhoja ja -lautasia ker\u00e4ilij\u00f6ille!\",\"publisher\":{\"@id\":\"https:\/\/muumimukitrahaksi.fi\/#organization\"},\"potentialAction\":[{\"@type\":\"SearchAction\",\"target\":{\"@type\":\"EntryPoint\",\"urlTemplate\":\"https:\/\/muumimukitrahaksi.fi\/?s={search_term_string}\"},\"query-input\":{\"@type\":\"PropertyValueSpecification\",\"valueRequired\":true,\"valueName\":\"search_term_string\"}}],\"inLanguage\":\"ja\"},{\"@type\":\"Organization\",\"@id\":\"https:\/\/muumimukitrahaksi.fi\/#organization\",\"name\":\"Muumimukit Rahaksi\",\"url\":\"https:\/\/muumimukitrahaksi.fi\/\",\"logo\":{\"@type\":\"ImageObject\",\"inLanguage\":\"ja\",\"@id\":\"https:\/\/muumimukitrahaksi.fi\/#\/schema\/logo\/image\/\",\"url\":\"https:\/\/muumimukitrahaksi.fi\/wp-content\/uploads\/2017\/09\/logooo.jpg\",\"contentUrl\":\"https:\/\/muumimukitrahaksi.fi\/wp-content\/uploads\/2017\/09\/logooo.jpg\",\"width\":514,\"height\":514,\"caption\":\"Muumimukit Rahaksi\"},\"image\":{\"@id\":\"https:\/\/muumimukitrahaksi.fi\/#\/schema\/logo\/image\/\"},\"sameAs\":[\"https:\/\/www.facebook.com\/muumimukitrahaksi\/\",\"https:\/\/x.com\/MuumitRahaksi\",\"https:\/\/www.instagram.com\/muumimukitrahaksi\/\"]}]}<\/script>\n<!-- \/ Yoast SEO plugin. -->","yoast_head_json":{"title":"Muumimuki Hemuli keltainen (2023-) - Muumimukit Rahaksi","description":"Myynniss\u00e4 Arabian muumimuki Hemuli keltainen. Muki on todella hyv\u00e4ss\u00e4 kunnossa. Toimitettaessa muki pakataan huolellisesti.","robots":{"index":"index","follow":"follow","max-snippet":"max-snippet:-1","max-image-preview":"max-image-preview:large","max-video-preview":"max-video-preview:-1"},"canonical":"https:\/\/muumimukitrahaksi.fi\/tuote\/muumimuki-hemuli-keltainen-2023-tarra\/","og_locale":"ja_JP","og_type":"article","og_title":"Muumimuki Hemuli keltainen (2023-) - Muumimukit Rahaksi","og_description":"Myynniss\u00e4 Arabian muumimuki Hemuli keltainen. Muki on todella hyv\u00e4ss\u00e4 kunnossa. Toimitettaessa muki pakataan huolellisesti.","og_url":"https:\/\/muumimukitrahaksi.fi\/tuote\/muumimuki-hemuli-keltainen-2023-tarra\/","og_site_name":"Muumimukit Rahaksi","article_publisher":"https:\/\/www.facebook.com\/muumimukitrahaksi\/","article_modified_time":"2026-03-26T09:01:26+00:00","og_image":[{"width":1000,"height":1000,"url":"https:\/\/muumimukitrahaksi.fi\/wp-content\/uploads\/2023\/03\/DSC00458_2.jpg","type":"image\/jpeg"}],"twitter_card":"summary_large_image","twitter_site":"@MuumitRahaksi","twitter_misc":{"\u63a8\u5b9a\u8aad\u307f\u53d6\u308a\u6642\u9593":"2\u5206"},"schema":{"@context":"https:\/\/schema.org","@graph":[{"@type":"WebPage","@id":"https:\/\/muumimukitrahaksi.fi\/tuote\/muumimuki-hemuli-keltainen-2023\/","url":"https:\/\/muumimukitrahaksi.fi\/tuote\/muumimuki-hemuli-keltainen-2023-tarra\/","name":"Muumimuki Hemuli keltainen (2023-) - Muumimukit Rahaksi","isPartOf":{"@id":"https:\/\/muumimukitrahaksi.fi\/#website"},"primaryImageOfPage":{"@id":"https:\/\/muumimukitrahaksi.fi\/tuote\/muumimuki-hemuli-keltainen-2023-tarra\/#primaryimage"},"image":{"@id":"https:\/\/muumimukitrahaksi.fi\/tuote\/muumimuki-hemuli-keltainen-2023-tarra\/#primaryimage"},"thumbnailUrl":"https:\/\/muumimukitrahaksi.fi\/wp-content\/uploads\/2023\/03\/DSC00458_2.jpg","datePublished":"2023-09-21T10:00:19+00:00","dateModified":"2026-03-26T09:01:26+00:00","description":"Myynniss\u00e4 Arabian muumimuki Hemuli keltainen. Muki on todella hyv\u00e4ss\u00e4 kunnossa. Toimitettaessa muki pakataan huolellisesti.","breadcrumb":{"@id":"https:\/\/muumimukitrahaksi.fi\/tuote\/muumimuki-hemuli-keltainen-2023-tarra\/#breadcrumb"},"inLanguage":"ja","potentialAction":[{"@type":"ReadAction","target":["https:\/\/muumimukitrahaksi.fi\/tuote\/muumimuki-hemuli-keltainen-2023-tarra\/"]}]},{"@type":"ImageObject","inLanguage":"ja","@id":"https:\/\/muumimukitrahaksi.fi\/tuote\/muumimuki-hemuli-keltainen-2023-tarra\/#primaryimage","url":"https:\/\/muumimukitrahaksi.fi\/wp-content\/uploads\/2023\/03\/DSC00458_2.jpg","contentUrl":"https:\/\/muumimukitrahaksi.fi\/wp-content\/uploads\/2023\/03\/DSC00458_2.jpg","width":1000,"height":1000,"caption":"Muumimuki Hemuli keltainen"},{"@type":"BreadcrumbList","@id":"https:\/\/muumimukitrahaksi.fi\/tuote\/muumimuki-hemuli-keltainen-2023-tarra\/#breadcrumb","itemListElement":[{"@type":"ListItem","position":1,"name":"Etusivu","item":"https:\/\/muumimukitrahaksi.fi\/ja\/"},{"@type":"ListItem","position":2,"name":"SHOP","item":"https:\/\/muumimukitrahaksi.fi\/ja\/%e3%82%b7%e3%83%a7%e3%83%83%e3%83%97\/"},{"@type":"ListItem","position":3,"name":"Muumimuki Hemuli keltainen (2023-)"}]},{"@type":"WebSite","@id":"https:\/\/muumimukitrahaksi.fi\/#website","url":"https:\/\/muumimukitrahaksi.fi\/","name":"Muumimukit Rahaksi","description":"Muumimukeja, -kulhoja ja -lautasia ker\u00e4ilij\u00f6ille!","publisher":{"@id":"https:\/\/muumimukitrahaksi.fi\/#organization"},"potentialAction":[{"@type":"SearchAction","target":{"@type":"EntryPoint","urlTemplate":"https:\/\/muumimukitrahaksi.fi\/?s={search_term_string}"},"query-input":{"@type":"PropertyValueSpecification","valueRequired":true,"valueName":"search_term_string"}}],"inLanguage":"ja"},{"@type":"Organization","@id":"https:\/\/muumimukitrahaksi.fi\/#organization","name":"Muumimukit Rahaksi","url":"https:\/\/muumimukitrahaksi.fi\/","logo":{"@type":"ImageObject","inLanguage":"ja","@id":"https:\/\/muumimukitrahaksi.fi\/#\/schema\/logo\/image\/","url":"https:\/\/muumimukitrahaksi.fi\/wp-content\/uploads\/2017\/09\/logooo.jpg","contentUrl":"https:\/\/muumimukitrahaksi.fi\/wp-content\/uploads\/2017\/09\/logooo.jpg","width":514,"height":514,"caption":"Muumimukit Rahaksi"},"image":{"@id":"https:\/\/muumimukitrahaksi.fi\/#\/schema\/logo\/image\/"},"sameAs":["https:\/\/www.facebook.com\/muumimukitrahaksi\/","https:\/\/x.com\/MuumitRahaksi","https:\/\/www.instagram.com\/muumimukitrahaksi\/"]}]}},"_links":{"self":[{"href":"https:\/\/muumimukitrahaksi.fi\/ja\/wp-json\/wp\/v2\/product\/94444","targetHints":{"allow":["GET"]}}],"collection":[{"href":"https:\/\/muumimukitrahaksi.fi\/ja\/wp-json\/wp\/v2\/product"}],"about":[{"href":"https:\/\/muumimukitrahaksi.fi\/ja\/wp-json\/wp\/v2\/types\/product"}],"wp:featuredmedia":[{"embeddable":true,"href":"https:\/\/muumimukitrahaksi.fi\/ja\/wp-json\/wp\/v2\/media\/79855"}],"wp:attachment":[{"href":"https:\/\/muumimukitrahaksi.fi\/ja\/wp-json\/wp\/v2\/media?parent=94444"}],"wp:term":[{"taxonomy":"product_brand","embeddable":true,"href":"https:\/\/muumimukitrahaksi.fi\/ja\/wp-json\/wp\/v2\/product_brand?post=94444"},{"taxonomy":"product_cat","embeddable":true,"href":"https:\/\/muumimukitrahaksi.fi\/ja\/wp-json\/wp\/v2\/product_cat?post=94444"},{"taxonomy":"product_tag","embeddable":true,"href":"https:\/\/muumimukitrahaksi.fi\/ja\/wp-json\/wp\/v2\/product_tag?post=94444"}],"curies":[{"name":"wp","href":"https:\/\/api.w.org\/{rel}","templated":true}]}}