{"id":94985,"date":"2023-09-29T11:36:15","date_gmt":"2023-09-29T08:36:15","guid":{"rendered":"https:\/\/muumimukitrahaksi.fi\/?post_type=product&#038;p=94985"},"modified":"2024-04-23T15:24:10","modified_gmt":"2024-04-23T12:24:10","slug":"muumimuki-tumma-roosa-uniikki-varikokeilu-1991-1999","status":"publish","type":"product","link":"https:\/\/muumimukitrahaksi.fi\/ja\/\u5546\u54c1\/muumimuki-tumma-roosa-uniikki-varikokeilu-1991-1999\/","title":{"rendered":"Muumimuki Tumma roosa, uniikki v\u00e4rikokeilu (1991-1999)"},"content":{"rendered":"<p style=\"text-align: center;\"><strong>\u2022 Kuntotarkastetut tuotteet \u2022 My\u00f6s lasku\/osamaksu \u2022 Moomin Characters Oy lisenssinhaltija<\/strong><\/p>\n<p>Muumimuki Tumma roosa tunnetaan my\u00f6s nimell\u00e4 roosa Muumimamma. T\u00e4m\u00e4 varmasti siit\u00e4 syyst\u00e4, ett\u00e4 Muumimamma on mukin kuvituksessa keskeinen hahmo. Mukin suunnittelijan Camilla Mobergin inspiraation l\u00e4hteen\u00e4 toimii muun muassa erilaiset luonnonkivet ja kivimuodostelmat. Ei liene siis sattumaa, ett\u00e4 jokaisessa Mobergin suunnittelemassa muumimukissa esiintyy luonnonkivi\u00e4.\u00a0<a href=\"https:\/\/www.youtube.com\/watch?v=6JZrWS76254&amp;t=1s\" target=\"_blank\" rel=\"noopener noreferrer\">Katso video Tummasta roosasta Youtube-kanavaltamme.<\/a><\/p>\n<p>T\u00e4m\u00e4 v\u00e4rikokeiluversio mukista on ainutlaatuinen taiteilijakappale ja sellaisenaan ainoa maailmassa. Muumimukien valmistusprosessissa mukeille kokeillaan usein useampaa eri taustav\u00e4rityst\u00e4 ja pieni\u00e4 variaatioita kuvituksessa. On \u00e4\u00e4rimm\u00e4isen t\u00e4rke\u00e4\u00e4 l\u00f6yt\u00e4\u00e4 mukin kuvitukselle juuri t\u00e4ydellinen taustav\u00e4ri. N\u00e4m\u00e4 eri v\u00e4rikokeilut merkataan mukin pohjassa n\u00e4kyv\u00e4n nelinumeroisen v\u00e4rikoodin avulla. Jokaista v\u00e4rikokeiluversiota on valmistettu vain yksi kappale. V\u00e4rikokeilumukit usein h\u00e4vitet\u00e4\u00e4n, mutta joitakin yksil\u00f6it\u00e4 on p\u00e4\u00e4tynyt valmistajan, suunnittelijan tai tehtaan ty\u00f6ntekij\u00e4n omiin kokoelmiin. Voit lukea lis\u00e4\u00e4 v\u00e4rikokeiluversioista <a href=\"https:\/\/www.moomin.com\/en\/blog\/super-rare-test-versions-of-the-moomin-mugs-from-the-1990s\/#81c89fcf\" target=\"_blank\" rel=\"noopener\">Moomin.com-artikkelista<\/a>.<\/p>\n<p>Kurkkaa my\u00f6s muut 90-luvun muumituotteet\u00a0<a href=\"https:\/\/muumimukitrahaksi.fi\/tuote-avainsana\/90-luku\/\" target=\"_blank\" rel=\"noopener noreferrer\">t\u00e4st\u00e4<\/a>.<\/p>\n<p>L\u00f6ytyyk\u00f6 sinulta Tumma roosa -muumimuki ja haluaisit myyd\u00e4 sen? Me my\u00f6s ostamme muumimukeja. Klikkaa <a href=\"https:\/\/muumimukitrahaksi.fi\/ostamme\/\" target=\"_blank\" rel=\"noopener noreferrer\">t\u00e4st\u00e4<\/a>, t\u00e4yt\u00e4 lomake ja saat tarjouksen viel\u00e4 saman p\u00e4iv\u00e4n aikana.<\/p>\n","protected":false},"excerpt":{"rendered":"<p style=\"text-align: center;\"><strong>\u2022 Nopea toimitus 1-7 vrk \u2022 Ehj\u00e4n\u00e4 perille<\/strong><\/p>\n<p>Myynniss\u00e4 uniikki v\u00e4rikokeiluversio Arabian muumimukista Tumma roosa. T\u00e4m\u00e4 haaleamman punainen v\u00e4rikokeiluversio on ainutlaatuinen taiteilijakappale ja sellaisenaan ainoa maailmassa. V\u00e4rikokeilumukit merkataan mukin pohjassa n\u00e4kyv\u00e4n nelinumeroisen v\u00e4rikoodin avulla, joka on t\u00e4ss\u00e4 mukissa 6267. My\u00f6s mukin kuvitus poikkeaa tuotantoversiosta (kuva #4). <strong>Jokaista v\u00e4rikokeiluversiota on valmistettu vain yksi kappale.<\/strong> V\u00e4rikokeilumukit usein h\u00e4vitet\u00e4\u00e4n, mutta joitakin yksil\u00f6it\u00e4 on p\u00e4\u00e4tynyt valmistajan, suunnittelijan tai tehtaan ty\u00f6ntekij\u00e4n omiin kokoelmiin. Muki on l\u00e4hes virheett\u00f6m\u00e4ss\u00e4 kunnossa. Vain muutama pieni valkoinen piste lasitteessa. Lasitteessa on uudenveroinen kiilto tallella. Toimitettaessa muki pakataan huolellisesti uusiutuvia pakkausmateriaaleja k\u00e4ytt\u00e4en.<\/p>\n<p style=\"text-align: center;\"><strong>\u2022 Laajat maksutavat<\/strong><\/p>\n<p><img loading=\"lazy\" decoding=\"async\" class=\"alignnone size-full wp-image-20757 aligncenter\" src=\"https:\/\/cdn.muumimukitrahaksi.fi\/wp-content\/uploads\/2020\/06\/maksutavat-2026-pieni.png\" alt=\"muumimukit rahaksi\" width=\"350\" height=\"200\" \/><\/p>\n","protected":false},"featured_media":94959,"template":"","meta":[],"product_brand":[],"product_cat":[390,402,389,8,384,392],"product_tag":[147,110,124],"class_list":{"0":"post-94985","1":"product","2":"type-product","3":"status-publish","4":"has-post-thumbnail","6":"product_cat-90-luvun-mukit","7":"product_cat-arabia-mukit","8":"product_cat-erikoismukit","9":"product_cat-mukit","10":"product_cat-tarrattomat","11":"product_cat-tuotannosta-poistuneet-mukit","12":"product_tag-90-luku","13":"product_tag-muumimuki","14":"product_tag-tarraton","16":"first","17":"outofstock","18":"taxable","19":"shipping-taxable","20":"purchasable","21":"product-type-simple"},"yoast_head":"<!-- This site is optimized with the Yoast SEO plugin v27.1.1 - https:\/\/yoast.com\/product\/yoast-seo-wordpress\/ -->\n<title>Muumimuki Tumma roosa, uniikki v\u00e4rikokeilu (1991-1999) - Muumimukit Rahaksi<\/title>\n<meta name=\"description\" content=\"Myynniss\u00e4 uniikki v\u00e4rikokeiluversio Arabian muumimukista Tumma roosa. T\u00e4m\u00e4 haaleamman punainen v\u00e4rikokeiluversio on ainutlaatuinen taiteilijakappale.\" \/>\n<meta name=\"robots\" content=\"index, follow, max-snippet:-1, max-image-preview:large, max-video-preview:-1\" \/>\n<link rel=\"canonical\" href=\"https:\/\/muumimukitrahaksi.fi\/tuote\/muumimuki-tumma-roosa-uniikki-varikokeilu-1991-1999\/\" \/>\n<meta property=\"og:locale\" content=\"ja_JP\" \/>\n<meta property=\"og:type\" content=\"article\" \/>\n<meta property=\"og:title\" content=\"Muumimuki Tumma roosa, uniikki v\u00e4rikokeilu (1991-1999) - Muumimukit Rahaksi\" \/>\n<meta property=\"og:description\" content=\"Myynniss\u00e4 uniikki v\u00e4rikokeiluversio Arabian muumimukista Tumma roosa. T\u00e4m\u00e4 haaleamman punainen v\u00e4rikokeiluversio on ainutlaatuinen taiteilijakappale.\" \/>\n<meta property=\"og:url\" content=\"https:\/\/muumimukitrahaksi.fi\/tuote\/muumimuki-tumma-roosa-uniikki-varikokeilu-1991-1999\/\" \/>\n<meta property=\"og:site_name\" content=\"Muumimukit Rahaksi\" \/>\n<meta property=\"article:publisher\" content=\"https:\/\/www.facebook.com\/muumimukitrahaksi\/\" \/>\n<meta property=\"article:modified_time\" content=\"2024-04-23T12:24:10+00:00\" \/>\n<meta property=\"og:image\" content=\"https:\/\/muumimukitrahaksi.fi\/wp-content\/uploads\/2023\/09\/DSC03183.jpg\" \/>\n\t<meta property=\"og:image:width\" content=\"1000\" \/>\n\t<meta property=\"og:image:height\" content=\"1000\" \/>\n\t<meta property=\"og:image:type\" content=\"image\/jpeg\" \/>\n<meta name=\"twitter:card\" content=\"summary_large_image\" \/>\n<meta name=\"twitter:site\" content=\"@MuumitRahaksi\" \/>\n<meta name=\"twitter:label1\" content=\"\u63a8\u5b9a\u8aad\u307f\u53d6\u308a\u6642\u9593\" \/>\n\t<meta name=\"twitter:data1\" content=\"2\u5206\" \/>\n<script type=\"application\/ld+json\" class=\"yoast-schema-graph\">{\"@context\":\"https:\/\/schema.org\",\"@graph\":[{\"@type\":\"WebPage\",\"@id\":\"https:\/\/muumimukitrahaksi.fi\/tuote\/muumimuki-tumma-roosa-uniikki-varikokeilu-1991-1999\/\",\"url\":\"https:\/\/muumimukitrahaksi.fi\/tuote\/muumimuki-tumma-roosa-uniikki-varikokeilu-1991-1999\/\",\"name\":\"Muumimuki Tumma roosa, uniikki v\u00e4rikokeilu (1991-1999) - Muumimukit Rahaksi\",\"isPartOf\":{\"@id\":\"https:\/\/muumimukitrahaksi.fi\/#website\"},\"primaryImageOfPage\":{\"@id\":\"https:\/\/muumimukitrahaksi.fi\/tuote\/muumimuki-tumma-roosa-uniikki-varikokeilu-1991-1999\/#primaryimage\"},\"image\":{\"@id\":\"https:\/\/muumimukitrahaksi.fi\/tuote\/muumimuki-tumma-roosa-uniikki-varikokeilu-1991-1999\/#primaryimage\"},\"thumbnailUrl\":\"https:\/\/muumimukitrahaksi.fi\/wp-content\/uploads\/2023\/09\/DSC03183.jpg\",\"datePublished\":\"2023-09-29T08:36:15+00:00\",\"dateModified\":\"2024-04-23T12:24:10+00:00\",\"description\":\"Myynniss\u00e4 uniikki v\u00e4rikokeiluversio Arabian muumimukista Tumma roosa. T\u00e4m\u00e4 haaleamman punainen v\u00e4rikokeiluversio on ainutlaatuinen taiteilijakappale.\",\"breadcrumb\":{\"@id\":\"https:\/\/muumimukitrahaksi.fi\/tuote\/muumimuki-tumma-roosa-uniikki-varikokeilu-1991-1999\/#breadcrumb\"},\"inLanguage\":\"ja\",\"potentialAction\":[{\"@type\":\"ReadAction\",\"target\":[\"https:\/\/muumimukitrahaksi.fi\/tuote\/muumimuki-tumma-roosa-uniikki-varikokeilu-1991-1999\/\"]}]},{\"@type\":\"ImageObject\",\"inLanguage\":\"ja\",\"@id\":\"https:\/\/muumimukitrahaksi.fi\/tuote\/muumimuki-tumma-roosa-uniikki-varikokeilu-1991-1999\/#primaryimage\",\"url\":\"https:\/\/muumimukitrahaksi.fi\/wp-content\/uploads\/2023\/09\/DSC03183.jpg\",\"contentUrl\":\"https:\/\/muumimukitrahaksi.fi\/wp-content\/uploads\/2023\/09\/DSC03183.jpg\",\"width\":1000,\"height\":1000,\"caption\":\"Muumimuki Tumma roosa uniikki v\u00e4rikokeilu\"},{\"@type\":\"BreadcrumbList\",\"@id\":\"https:\/\/muumimukitrahaksi.fi\/tuote\/muumimuki-tumma-roosa-uniikki-varikokeilu-1991-1999\/#breadcrumb\",\"itemListElement\":[{\"@type\":\"ListItem\",\"position\":1,\"name\":\"Etusivu\",\"item\":\"https:\/\/muumimukitrahaksi.fi\/ja\/\"},{\"@type\":\"ListItem\",\"position\":2,\"name\":\"SHOP\",\"item\":\"https:\/\/muumimukitrahaksi.fi\/ja\/%e3%82%b7%e3%83%a7%e3%83%83%e3%83%97\/\"},{\"@type\":\"ListItem\",\"position\":3,\"name\":\"Muumimuki Tumma roosa, uniikki v\u00e4rikokeilu (1991-1999)\"}]},{\"@type\":\"WebSite\",\"@id\":\"https:\/\/muumimukitrahaksi.fi\/#website\",\"url\":\"https:\/\/muumimukitrahaksi.fi\/\",\"name\":\"Muumimukit Rahaksi\",\"description\":\"Muumimukeja, -kulhoja ja -lautasia ker\u00e4ilij\u00f6ille!\",\"publisher\":{\"@id\":\"https:\/\/muumimukitrahaksi.fi\/#organization\"},\"potentialAction\":[{\"@type\":\"SearchAction\",\"target\":{\"@type\":\"EntryPoint\",\"urlTemplate\":\"https:\/\/muumimukitrahaksi.fi\/?s={search_term_string}\"},\"query-input\":{\"@type\":\"PropertyValueSpecification\",\"valueRequired\":true,\"valueName\":\"search_term_string\"}}],\"inLanguage\":\"ja\"},{\"@type\":\"Organization\",\"@id\":\"https:\/\/muumimukitrahaksi.fi\/#organization\",\"name\":\"Muumimukit Rahaksi\",\"url\":\"https:\/\/muumimukitrahaksi.fi\/\",\"logo\":{\"@type\":\"ImageObject\",\"inLanguage\":\"ja\",\"@id\":\"https:\/\/muumimukitrahaksi.fi\/#\/schema\/logo\/image\/\",\"url\":\"https:\/\/muumimukitrahaksi.fi\/wp-content\/uploads\/2017\/09\/logooo.jpg\",\"contentUrl\":\"https:\/\/muumimukitrahaksi.fi\/wp-content\/uploads\/2017\/09\/logooo.jpg\",\"width\":514,\"height\":514,\"caption\":\"Muumimukit Rahaksi\"},\"image\":{\"@id\":\"https:\/\/muumimukitrahaksi.fi\/#\/schema\/logo\/image\/\"},\"sameAs\":[\"https:\/\/www.facebook.com\/muumimukitrahaksi\/\",\"https:\/\/x.com\/MuumitRahaksi\",\"https:\/\/www.instagram.com\/muumimukitrahaksi\/\"]}]}<\/script>\n<!-- \/ Yoast SEO plugin. -->","yoast_head_json":{"title":"Muumimuki Tumma roosa, uniikki v\u00e4rikokeilu (1991-1999) - Muumimukit Rahaksi","description":"Myynniss\u00e4 uniikki v\u00e4rikokeiluversio Arabian muumimukista Tumma roosa. T\u00e4m\u00e4 haaleamman punainen v\u00e4rikokeiluversio on ainutlaatuinen taiteilijakappale.","robots":{"index":"index","follow":"follow","max-snippet":"max-snippet:-1","max-image-preview":"max-image-preview:large","max-video-preview":"max-video-preview:-1"},"canonical":"https:\/\/muumimukitrahaksi.fi\/tuote\/muumimuki-tumma-roosa-uniikki-varikokeilu-1991-1999\/","og_locale":"ja_JP","og_type":"article","og_title":"Muumimuki Tumma roosa, uniikki v\u00e4rikokeilu (1991-1999) - Muumimukit Rahaksi","og_description":"Myynniss\u00e4 uniikki v\u00e4rikokeiluversio Arabian muumimukista Tumma roosa. T\u00e4m\u00e4 haaleamman punainen v\u00e4rikokeiluversio on ainutlaatuinen taiteilijakappale.","og_url":"https:\/\/muumimukitrahaksi.fi\/tuote\/muumimuki-tumma-roosa-uniikki-varikokeilu-1991-1999\/","og_site_name":"Muumimukit Rahaksi","article_publisher":"https:\/\/www.facebook.com\/muumimukitrahaksi\/","article_modified_time":"2024-04-23T12:24:10+00:00","og_image":[{"width":1000,"height":1000,"url":"https:\/\/muumimukitrahaksi.fi\/wp-content\/uploads\/2023\/09\/DSC03183.jpg","type":"image\/jpeg"}],"twitter_card":"summary_large_image","twitter_site":"@MuumitRahaksi","twitter_misc":{"\u63a8\u5b9a\u8aad\u307f\u53d6\u308a\u6642\u9593":"2\u5206"},"schema":{"@context":"https:\/\/schema.org","@graph":[{"@type":"WebPage","@id":"https:\/\/muumimukitrahaksi.fi\/tuote\/muumimuki-tumma-roosa-uniikki-varikokeilu-1991-1999\/","url":"https:\/\/muumimukitrahaksi.fi\/tuote\/muumimuki-tumma-roosa-uniikki-varikokeilu-1991-1999\/","name":"Muumimuki Tumma roosa, uniikki v\u00e4rikokeilu (1991-1999) - Muumimukit Rahaksi","isPartOf":{"@id":"https:\/\/muumimukitrahaksi.fi\/#website"},"primaryImageOfPage":{"@id":"https:\/\/muumimukitrahaksi.fi\/tuote\/muumimuki-tumma-roosa-uniikki-varikokeilu-1991-1999\/#primaryimage"},"image":{"@id":"https:\/\/muumimukitrahaksi.fi\/tuote\/muumimuki-tumma-roosa-uniikki-varikokeilu-1991-1999\/#primaryimage"},"thumbnailUrl":"https:\/\/muumimukitrahaksi.fi\/wp-content\/uploads\/2023\/09\/DSC03183.jpg","datePublished":"2023-09-29T08:36:15+00:00","dateModified":"2024-04-23T12:24:10+00:00","description":"Myynniss\u00e4 uniikki v\u00e4rikokeiluversio Arabian muumimukista Tumma roosa. T\u00e4m\u00e4 haaleamman punainen v\u00e4rikokeiluversio on ainutlaatuinen taiteilijakappale.","breadcrumb":{"@id":"https:\/\/muumimukitrahaksi.fi\/tuote\/muumimuki-tumma-roosa-uniikki-varikokeilu-1991-1999\/#breadcrumb"},"inLanguage":"ja","potentialAction":[{"@type":"ReadAction","target":["https:\/\/muumimukitrahaksi.fi\/tuote\/muumimuki-tumma-roosa-uniikki-varikokeilu-1991-1999\/"]}]},{"@type":"ImageObject","inLanguage":"ja","@id":"https:\/\/muumimukitrahaksi.fi\/tuote\/muumimuki-tumma-roosa-uniikki-varikokeilu-1991-1999\/#primaryimage","url":"https:\/\/muumimukitrahaksi.fi\/wp-content\/uploads\/2023\/09\/DSC03183.jpg","contentUrl":"https:\/\/muumimukitrahaksi.fi\/wp-content\/uploads\/2023\/09\/DSC03183.jpg","width":1000,"height":1000,"caption":"Muumimuki Tumma roosa uniikki v\u00e4rikokeilu"},{"@type":"BreadcrumbList","@id":"https:\/\/muumimukitrahaksi.fi\/tuote\/muumimuki-tumma-roosa-uniikki-varikokeilu-1991-1999\/#breadcrumb","itemListElement":[{"@type":"ListItem","position":1,"name":"Etusivu","item":"https:\/\/muumimukitrahaksi.fi\/ja\/"},{"@type":"ListItem","position":2,"name":"SHOP","item":"https:\/\/muumimukitrahaksi.fi\/ja\/%e3%82%b7%e3%83%a7%e3%83%83%e3%83%97\/"},{"@type":"ListItem","position":3,"name":"Muumimuki Tumma roosa, uniikki v\u00e4rikokeilu (1991-1999)"}]},{"@type":"WebSite","@id":"https:\/\/muumimukitrahaksi.fi\/#website","url":"https:\/\/muumimukitrahaksi.fi\/","name":"Muumimukit Rahaksi","description":"Muumimukeja, -kulhoja ja -lautasia ker\u00e4ilij\u00f6ille!","publisher":{"@id":"https:\/\/muumimukitrahaksi.fi\/#organization"},"potentialAction":[{"@type":"SearchAction","target":{"@type":"EntryPoint","urlTemplate":"https:\/\/muumimukitrahaksi.fi\/?s={search_term_string}"},"query-input":{"@type":"PropertyValueSpecification","valueRequired":true,"valueName":"search_term_string"}}],"inLanguage":"ja"},{"@type":"Organization","@id":"https:\/\/muumimukitrahaksi.fi\/#organization","name":"Muumimukit Rahaksi","url":"https:\/\/muumimukitrahaksi.fi\/","logo":{"@type":"ImageObject","inLanguage":"ja","@id":"https:\/\/muumimukitrahaksi.fi\/#\/schema\/logo\/image\/","url":"https:\/\/muumimukitrahaksi.fi\/wp-content\/uploads\/2017\/09\/logooo.jpg","contentUrl":"https:\/\/muumimukitrahaksi.fi\/wp-content\/uploads\/2017\/09\/logooo.jpg","width":514,"height":514,"caption":"Muumimukit Rahaksi"},"image":{"@id":"https:\/\/muumimukitrahaksi.fi\/#\/schema\/logo\/image\/"},"sameAs":["https:\/\/www.facebook.com\/muumimukitrahaksi\/","https:\/\/x.com\/MuumitRahaksi","https:\/\/www.instagram.com\/muumimukitrahaksi\/"]}]}},"_links":{"self":[{"href":"https:\/\/muumimukitrahaksi.fi\/ja\/wp-json\/wp\/v2\/product\/94985","targetHints":{"allow":["GET"]}}],"collection":[{"href":"https:\/\/muumimukitrahaksi.fi\/ja\/wp-json\/wp\/v2\/product"}],"about":[{"href":"https:\/\/muumimukitrahaksi.fi\/ja\/wp-json\/wp\/v2\/types\/product"}],"wp:featuredmedia":[{"embeddable":true,"href":"https:\/\/muumimukitrahaksi.fi\/ja\/wp-json\/wp\/v2\/media\/94959"}],"wp:attachment":[{"href":"https:\/\/muumimukitrahaksi.fi\/ja\/wp-json\/wp\/v2\/media?parent=94985"}],"wp:term":[{"taxonomy":"product_brand","embeddable":true,"href":"https:\/\/muumimukitrahaksi.fi\/ja\/wp-json\/wp\/v2\/product_brand?post=94985"},{"taxonomy":"product_cat","embeddable":true,"href":"https:\/\/muumimukitrahaksi.fi\/ja\/wp-json\/wp\/v2\/product_cat?post=94985"},{"taxonomy":"product_tag","embeddable":true,"href":"https:\/\/muumimukitrahaksi.fi\/ja\/wp-json\/wp\/v2\/product_tag?post=94985"}],"curies":[{"name":"wp","href":"https:\/\/api.w.org\/{rel}","templated":true}]}}