{"id":107393,"date":"2024-03-29T22:07:19","date_gmt":"2024-03-29T20:07:19","guid":{"rendered":"https:\/\/muumimukitrahaksi.fi\/utstallningar\/"},"modified":"2026-01-05T11:45:28","modified_gmt":"2026-01-05T09:45:28","slug":"utstallningar","status":"publish","type":"page","link":"https:\/\/muumimukitrahaksi.fi\/sv\/utstallningar\/","title":{"rendered":"Utst\u00e4llningar"},"content":{"rendered":"<div class=\"wpb-content-wrapper\"><p>[vc_row type=&#8221;boxed&#8221;][vc_column][vc_column_text]<\/p>\n<h1 style=\"text-align: center;\">Hyr ut en komplett samling av muminmuggar<\/h1>\n<p>[\/vc_column_text][vc_separator color=&#8221;sky&#8221; border_width=&#8221;3&#8243; el_width=&#8221;20&#8243;][\/vc_column][\/vc_row][vc_row][vc_column][vc_empty_space][\/vc_column][\/vc_row][vc_row][vc_column][vc_row_inner type=&#8221;boxed&#8221;][vc_column_inner width=&#8221;1\/6&#8243;][\/vc_column_inner][vc_column_inner width=&#8221;2\/3&#8243;][vc_column_text css=&#8221;.vc_custom_1705402725289{padding-right: 60px !important;padding-left: 60px !important;}&#8221;]Muminmuggar finns n\u00e4stan i alla finska hem. Och det \u00e4r inte konstigt, eftersom Tove Janssons ikoniska livsverk har prytt muggarna i \u00f6ver 30 \u00e5r.<\/p>\n<p>De f\u00f6rsta muminmuggarna kom ut p\u00e5 marknaden \u00e5r 1990, och sedan dess har Arabias Teema-serie pryts av sammanlagt 125 olika illustrationer fyllda med muminfigurer. Anv\u00e4ndnings\u00e4ndam\u00e5l har samlats lika m\u00e5nga som muggarna sj\u00e4lva. Vissa dricker sitt morgonkaffe ur muggarna, medan andra h\u00e5ller muggarna v\u00e4l bevarade i vitrinsk\u00e5pet och bevarar de ursprungliga produktetiketterna.[\/vc_column_text][\/vc_column_inner][vc_column_inner width=&#8221;1\/6&#8243;][\/vc_column_inner][\/vc_row_inner][\/vc_column][\/vc_row][vc_row][vc_column][vc_row_inner type=&#8221;boxed&#8221;][vc_column_inner width=&#8221;1\/6&#8243;][\/vc_column_inner][vc_column_inner width=&#8221;2\/3&#8243;][vc_video link=&#8221;https:\/\/www.youtube.com\/watch?v=B2J0Yqu089k&#8221;][\/vc_column_inner][vc_column_inner width=&#8221;1\/6&#8243;][\/vc_column_inner][\/vc_row_inner][\/vc_column][\/vc_row][vc_row][vc_column][vc_row_inner type=&#8221;boxed&#8221;][vc_column_inner width=&#8221;1\/6&#8243;][\/vc_column_inner][vc_column_inner width=&#8221;2\/3&#8243;][vc_column_text css=&#8221;.vc_custom_1767606319660{padding-right: 60px !important;padding-left: 60px !important;}&#8221;]Att samla muminmuggar har blivit ett brett fenomen som till och med str\u00e4cker sig utomlands. De senaste specialmuggarna k\u00f6as f\u00f6r i flera timmar, och de mest s\u00e4llsynta muggarna s\u00e4ljs idag f\u00f6r upp till 10 000 euro. Muminmuggarnas popularitet har f\u00f6rblivit stark fr\u00e5n generation till generation, eftersom varje finl\u00e4ndare har en koppling till Mumintrollen genom antingen Tove Janssons serier, romaner eller animationer. Det breda utbudet av muminmuggar g\u00f6r det m\u00f6jligt att b\u00f6rja samla med l\u00e5g tr\u00f6skel, samtidigt som det beh\u00e5ller sin utmaning om man siktar p\u00e5 en komplett samling.<\/p>\n<p>Genom oss kan du <strong>hyra en komplett samling av muminmuggar<\/strong> f\u00f6r k\u00f6pcentrum, m\u00e4ssor, mus\u00e9er eller annat dylikt. F\u00f6r n\u00e4rvarande \u00e4r samlingen utst\u00e4lld p\u00e5 <strong>Viking Line-terminalen i \u00c5bo.<\/strong>[\/vc_column_text][\/vc_column_inner][vc_column_inner width=&#8221;1\/6&#8243;][\/vc_column_inner][\/vc_row_inner][\/vc_column][\/vc_row][vc_row][vc_column][vc_row_inner type=&#8221;boxed&#8221;][vc_column_inner width=&#8221;1\/6&#8243;][\/vc_column_inner][vc_column_inner width=&#8221;2\/3&#8243;][vc_media_grid initial_loading_animation=&#8221;none&#8221; grid_id=&#8221;vc_gid:1767606239737-4e7324f8ad96f5467a40eb46e890ba41-9&#8243; include=&#8221;109582,109586,109578&#8243;][\/vc_column_inner][vc_column_inner width=&#8221;1\/6&#8243;][\/vc_column_inner][\/vc_row_inner][\/vc_column][\/vc_row][vc_row css=&#8221;.vc_custom_1602602600656{background-color: #000000 !important;}&#8221;][vc_column][vc_column_text]<\/p>\n<h2 style=\"text-align: center;\"><span style=\"color: #ffffff;\">\u00c4r du intresserad av ett samarbete med oss?<\/span><\/h2>\n<p>[\/vc_column_text][vc_btn title=&#8221;Ta kontakt!&#8221; style=&#8221;flat&#8221; shape=&#8221;square&#8221; color=&#8221;sky&#8221; size=&#8221;lg&#8221; align=&#8221;center&#8221; link=&#8221;url:https%3A%2F%2Fmuumimukitrahaksi.fi%2Fsv%2Fkontakta-oss%2F|&#8221;][vc_empty_space][\/vc_column][\/vc_row]<\/p>\n<\/div>","protected":false},"excerpt":{"rendered":"<p>[vc_row type=&#8221;boxed&#8221;][vc_column][vc_column_text] Hyr ut en komplett samling av muminmuggar [\/vc_column_text][vc_separator color=&#8221;sky&#8221; border_width=&#8221;3&#8243; el_width=&#8221;20&#8243;][\/vc_column][\/vc_row][vc_row][vc_column][vc_empty_space][\/vc_column][\/vc_row][vc_row][vc_column][vc_row_inner type=&#8221;boxed&#8221;][vc_column_inner width=&#8221;1\/6&#8243;][\/vc_column_inner][vc_column_inner width=&#8221;2\/3&#8243;][vc_column_text css=&#8221;.vc_custom_1705402725289{padding-right: 60px !important;padding-left: 60px !important;}&#8221;]Muminmuggar finns n\u00e4stan i alla finska hem. Och det \u00e4r inte konstigt, eftersom Tove Janssons ikoniska livsverk har prytt muggarna i \u00f6ver 30 \u00e5r. De f\u00f6rsta muminmuggarna kom ut p\u00e5 marknaden \u00e5r 1990, och sedan [&hellip;]<\/p>\n","protected":false},"author":1,"featured_media":105606,"parent":0,"menu_order":0,"comment_status":"closed","ping_status":"closed","template":"page-full-width.php","meta":{"footnotes":""},"class_list":["post-107393","page","type-page","status-publish","has-post-thumbnail","hentry"],"yoast_head":"<!-- This site is optimized with the Yoast SEO plugin v27.1.1 - https:\/\/yoast.com\/product\/yoast-seo-wordpress\/ -->\n<title>Utst\u00e4llningar - Muumimukit Rahaksi<\/title>\n<meta name=\"description\" content=\"Hyr en komplett samling av muminmuggar f\u00f6r k\u00f6pcentrum, m\u00e4ssor eller mus\u00e9er. De specialtillverkade upplysta sk\u00e5pen inneh\u00e5ller alla muminmuggarna.\" \/>\n<meta name=\"robots\" content=\"index, follow, max-snippet:-1, max-image-preview:large, max-video-preview:-1\" \/>\n<link rel=\"canonical\" href=\"https:\/\/muumimukitrahaksi.fi\/nayttelyt\/\" \/>\n<meta property=\"og:locale\" content=\"sv_SE\" \/>\n<meta property=\"og:type\" content=\"article\" \/>\n<meta property=\"og:title\" content=\"Utst\u00e4llningar - Muumimukit Rahaksi\" \/>\n<meta property=\"og:description\" content=\"Hyr en komplett samling av muminmuggar f\u00f6r k\u00f6pcentrum, m\u00e4ssor eller mus\u00e9er. De specialtillverkade upplysta sk\u00e5pen inneh\u00e5ller alla muminmuggarna.\" \/>\n<meta property=\"og:url\" content=\"https:\/\/muumimukitrahaksi.fi\/nayttelyt\/\" \/>\n<meta property=\"og:site_name\" content=\"Muumimukit Rahaksi\" \/>\n<meta property=\"article:publisher\" content=\"https:\/\/www.facebook.com\/muumimukitrahaksi\/\" \/>\n<meta property=\"article:modified_time\" content=\"2026-01-05T09:45:28+00:00\" \/>\n<meta property=\"og:image\" content=\"https:\/\/muumimukitrahaksi.fi\/wp-content\/uploads\/2024\/03\/muumimukikokoelma-2048.jpg\" \/>\n\t<meta property=\"og:image:width\" content=\"2048\" \/>\n\t<meta property=\"og:image:height\" content=\"2048\" \/>\n\t<meta property=\"og:image:type\" content=\"image\/jpeg\" \/>\n<meta name=\"twitter:card\" content=\"summary_large_image\" \/>\n<meta name=\"twitter:site\" content=\"@MuumitRahaksi\" \/>\n<meta name=\"twitter:label1\" content=\"Ber\u00e4knad l\u00e4stid\" \/>\n\t<meta name=\"twitter:data1\" content=\"3 minuter\" \/>\n<script type=\"application\/ld+json\" class=\"yoast-schema-graph\">{\"@context\":\"https:\/\/schema.org\",\"@graph\":[{\"@type\":\"WebPage\",\"@id\":\"https:\/\/muumimukitrahaksi.fi\/nayttelyt\/\",\"url\":\"https:\/\/muumimukitrahaksi.fi\/nayttelyt\/\",\"name\":\"Utst\u00e4llningar - Muumimukit Rahaksi\",\"isPartOf\":{\"@id\":\"https:\/\/muumimukitrahaksi.fi\/#website\"},\"primaryImageOfPage\":{\"@id\":\"https:\/\/muumimukitrahaksi.fi\/nayttelyt\/#primaryimage\"},\"image\":{\"@id\":\"https:\/\/muumimukitrahaksi.fi\/nayttelyt\/#primaryimage\"},\"thumbnailUrl\":\"https:\/\/muumimukitrahaksi.fi\/wp-content\/uploads\/2024\/03\/muumimukikokoelma-2048.jpg\",\"datePublished\":\"2024-03-29T20:07:19+00:00\",\"dateModified\":\"2026-01-05T09:45:28+00:00\",\"description\":\"Hyr en komplett samling av muminmuggar f\u00f6r k\u00f6pcentrum, m\u00e4ssor eller mus\u00e9er. De specialtillverkade upplysta sk\u00e5pen inneh\u00e5ller alla muminmuggarna.\",\"breadcrumb\":{\"@id\":\"https:\/\/muumimukitrahaksi.fi\/nayttelyt\/#breadcrumb\"},\"inLanguage\":\"sv-SE\",\"potentialAction\":[{\"@type\":\"ReadAction\",\"target\":[\"https:\/\/muumimukitrahaksi.fi\/nayttelyt\/\"]}]},{\"@type\":\"ImageObject\",\"inLanguage\":\"sv-SE\",\"@id\":\"https:\/\/muumimukitrahaksi.fi\/nayttelyt\/#primaryimage\",\"url\":\"https:\/\/muumimukitrahaksi.fi\/wp-content\/uploads\/2024\/03\/muumimukikokoelma-2048.jpg\",\"contentUrl\":\"https:\/\/muumimukitrahaksi.fi\/wp-content\/uploads\/2024\/03\/muumimukikokoelma-2048.jpg\",\"width\":2048,\"height\":2048,\"caption\":\"Muumimukikokoelma\"},{\"@type\":\"BreadcrumbList\",\"@id\":\"https:\/\/muumimukitrahaksi.fi\/nayttelyt\/#breadcrumb\",\"itemListElement\":[{\"@type\":\"ListItem\",\"position\":1,\"name\":\"Etusivu\",\"item\":\"https:\/\/muumimukitrahaksi.fi\/sv\/\"},{\"@type\":\"ListItem\",\"position\":2,\"name\":\"Utst\u00e4llningar\"}]},{\"@type\":\"WebSite\",\"@id\":\"https:\/\/muumimukitrahaksi.fi\/#website\",\"url\":\"https:\/\/muumimukitrahaksi.fi\/\",\"name\":\"Muumimukit Rahaksi\",\"description\":\"Muumimukeja, -kulhoja ja -lautasia ker\u00e4ilij\u00f6ille!\",\"publisher\":{\"@id\":\"https:\/\/muumimukitrahaksi.fi\/#organization\"},\"potentialAction\":[{\"@type\":\"SearchAction\",\"target\":{\"@type\":\"EntryPoint\",\"urlTemplate\":\"https:\/\/muumimukitrahaksi.fi\/?s={search_term_string}\"},\"query-input\":{\"@type\":\"PropertyValueSpecification\",\"valueRequired\":true,\"valueName\":\"search_term_string\"}}],\"inLanguage\":\"sv-SE\"},{\"@type\":\"Organization\",\"@id\":\"https:\/\/muumimukitrahaksi.fi\/#organization\",\"name\":\"Muumimukit Rahaksi\",\"url\":\"https:\/\/muumimukitrahaksi.fi\/\",\"logo\":{\"@type\":\"ImageObject\",\"inLanguage\":\"sv-SE\",\"@id\":\"https:\/\/muumimukitrahaksi.fi\/#\/schema\/logo\/image\/\",\"url\":\"https:\/\/muumimukitrahaksi.fi\/wp-content\/uploads\/2017\/09\/logooo.jpg\",\"contentUrl\":\"https:\/\/muumimukitrahaksi.fi\/wp-content\/uploads\/2017\/09\/logooo.jpg\",\"width\":514,\"height\":514,\"caption\":\"Muumimukit Rahaksi\"},\"image\":{\"@id\":\"https:\/\/muumimukitrahaksi.fi\/#\/schema\/logo\/image\/\"},\"sameAs\":[\"https:\/\/www.facebook.com\/muumimukitrahaksi\/\",\"https:\/\/x.com\/MuumitRahaksi\",\"https:\/\/www.instagram.com\/muumimukitrahaksi\/\"]}]}<\/script>\n<!-- \/ Yoast SEO plugin. -->","yoast_head_json":{"title":"Utst\u00e4llningar - Muumimukit Rahaksi","description":"Hyr en komplett samling av muminmuggar f\u00f6r k\u00f6pcentrum, m\u00e4ssor eller mus\u00e9er. De specialtillverkade upplysta sk\u00e5pen inneh\u00e5ller alla muminmuggarna.","robots":{"index":"index","follow":"follow","max-snippet":"max-snippet:-1","max-image-preview":"max-image-preview:large","max-video-preview":"max-video-preview:-1"},"canonical":"https:\/\/muumimukitrahaksi.fi\/nayttelyt\/","og_locale":"sv_SE","og_type":"article","og_title":"Utst\u00e4llningar - Muumimukit Rahaksi","og_description":"Hyr en komplett samling av muminmuggar f\u00f6r k\u00f6pcentrum, m\u00e4ssor eller mus\u00e9er. De specialtillverkade upplysta sk\u00e5pen inneh\u00e5ller alla muminmuggarna.","og_url":"https:\/\/muumimukitrahaksi.fi\/nayttelyt\/","og_site_name":"Muumimukit Rahaksi","article_publisher":"https:\/\/www.facebook.com\/muumimukitrahaksi\/","article_modified_time":"2026-01-05T09:45:28+00:00","og_image":[{"width":2048,"height":2048,"url":"https:\/\/muumimukitrahaksi.fi\/wp-content\/uploads\/2024\/03\/muumimukikokoelma-2048.jpg","type":"image\/jpeg"}],"twitter_card":"summary_large_image","twitter_site":"@MuumitRahaksi","twitter_misc":{"Ber\u00e4knad l\u00e4stid":"3 minuter"},"schema":{"@context":"https:\/\/schema.org","@graph":[{"@type":"WebPage","@id":"https:\/\/muumimukitrahaksi.fi\/nayttelyt\/","url":"https:\/\/muumimukitrahaksi.fi\/nayttelyt\/","name":"Utst\u00e4llningar - Muumimukit Rahaksi","isPartOf":{"@id":"https:\/\/muumimukitrahaksi.fi\/#website"},"primaryImageOfPage":{"@id":"https:\/\/muumimukitrahaksi.fi\/nayttelyt\/#primaryimage"},"image":{"@id":"https:\/\/muumimukitrahaksi.fi\/nayttelyt\/#primaryimage"},"thumbnailUrl":"https:\/\/muumimukitrahaksi.fi\/wp-content\/uploads\/2024\/03\/muumimukikokoelma-2048.jpg","datePublished":"2024-03-29T20:07:19+00:00","dateModified":"2026-01-05T09:45:28+00:00","description":"Hyr en komplett samling av muminmuggar f\u00f6r k\u00f6pcentrum, m\u00e4ssor eller mus\u00e9er. De specialtillverkade upplysta sk\u00e5pen inneh\u00e5ller alla muminmuggarna.","breadcrumb":{"@id":"https:\/\/muumimukitrahaksi.fi\/nayttelyt\/#breadcrumb"},"inLanguage":"sv-SE","potentialAction":[{"@type":"ReadAction","target":["https:\/\/muumimukitrahaksi.fi\/nayttelyt\/"]}]},{"@type":"ImageObject","inLanguage":"sv-SE","@id":"https:\/\/muumimukitrahaksi.fi\/nayttelyt\/#primaryimage","url":"https:\/\/muumimukitrahaksi.fi\/wp-content\/uploads\/2024\/03\/muumimukikokoelma-2048.jpg","contentUrl":"https:\/\/muumimukitrahaksi.fi\/wp-content\/uploads\/2024\/03\/muumimukikokoelma-2048.jpg","width":2048,"height":2048,"caption":"Muumimukikokoelma"},{"@type":"BreadcrumbList","@id":"https:\/\/muumimukitrahaksi.fi\/nayttelyt\/#breadcrumb","itemListElement":[{"@type":"ListItem","position":1,"name":"Etusivu","item":"https:\/\/muumimukitrahaksi.fi\/sv\/"},{"@type":"ListItem","position":2,"name":"Utst\u00e4llningar"}]},{"@type":"WebSite","@id":"https:\/\/muumimukitrahaksi.fi\/#website","url":"https:\/\/muumimukitrahaksi.fi\/","name":"Muumimukit Rahaksi","description":"Muumimukeja, -kulhoja ja -lautasia ker\u00e4ilij\u00f6ille!","publisher":{"@id":"https:\/\/muumimukitrahaksi.fi\/#organization"},"potentialAction":[{"@type":"SearchAction","target":{"@type":"EntryPoint","urlTemplate":"https:\/\/muumimukitrahaksi.fi\/?s={search_term_string}"},"query-input":{"@type":"PropertyValueSpecification","valueRequired":true,"valueName":"search_term_string"}}],"inLanguage":"sv-SE"},{"@type":"Organization","@id":"https:\/\/muumimukitrahaksi.fi\/#organization","name":"Muumimukit Rahaksi","url":"https:\/\/muumimukitrahaksi.fi\/","logo":{"@type":"ImageObject","inLanguage":"sv-SE","@id":"https:\/\/muumimukitrahaksi.fi\/#\/schema\/logo\/image\/","url":"https:\/\/muumimukitrahaksi.fi\/wp-content\/uploads\/2017\/09\/logooo.jpg","contentUrl":"https:\/\/muumimukitrahaksi.fi\/wp-content\/uploads\/2017\/09\/logooo.jpg","width":514,"height":514,"caption":"Muumimukit Rahaksi"},"image":{"@id":"https:\/\/muumimukitrahaksi.fi\/#\/schema\/logo\/image\/"},"sameAs":["https:\/\/www.facebook.com\/muumimukitrahaksi\/","https:\/\/x.com\/MuumitRahaksi","https:\/\/www.instagram.com\/muumimukitrahaksi\/"]}]}},"_links":{"self":[{"href":"https:\/\/muumimukitrahaksi.fi\/sv\/wp-json\/wp\/v2\/pages\/107393","targetHints":{"allow":["GET"]}}],"collection":[{"href":"https:\/\/muumimukitrahaksi.fi\/sv\/wp-json\/wp\/v2\/pages"}],"about":[{"href":"https:\/\/muumimukitrahaksi.fi\/sv\/wp-json\/wp\/v2\/types\/page"}],"author":[{"embeddable":true,"href":"https:\/\/muumimukitrahaksi.fi\/sv\/wp-json\/wp\/v2\/users\/1"}],"replies":[{"embeddable":true,"href":"https:\/\/muumimukitrahaksi.fi\/sv\/wp-json\/wp\/v2\/comments?post=107393"}],"version-history":[{"count":5,"href":"https:\/\/muumimukitrahaksi.fi\/sv\/wp-json\/wp\/v2\/pages\/107393\/revisions"}],"predecessor-version":[{"id":154681,"href":"https:\/\/muumimukitrahaksi.fi\/sv\/wp-json\/wp\/v2\/pages\/107393\/revisions\/154681"}],"wp:featuredmedia":[{"embeddable":true,"href":"https:\/\/muumimukitrahaksi.fi\/sv\/wp-json\/wp\/v2\/media\/105606"}],"wp:attachment":[{"href":"https:\/\/muumimukitrahaksi.fi\/sv\/wp-json\/wp\/v2\/media?parent=107393"}],"curies":[{"name":"wp","href":"https:\/\/api.w.org\/{rel}","templated":true}]}}