{"id":107397,"date":"2024-03-29T23:05:23","date_gmt":"2024-03-29T21:05:23","guid":{"rendered":"https:\/\/muumimukitrahaksi.fi\/om-oss\/"},"modified":"2026-01-14T14:35:44","modified_gmt":"2026-01-14T12:35:44","slug":"om-oss","status":"publish","type":"page","link":"https:\/\/muumimukitrahaksi.fi\/sv\/om-oss\/","title":{"rendered":"Om oss"},"content":{"rendered":"<div class=\"wpb-content-wrapper\"><p>[vc_row type=&#8221;boxed&#8221;][vc_column][vc_column_text]<\/p>\n<h1 style=\"text-align: center;\">V\u00e5rt team<\/h1>\n<p>[\/vc_column_text][vc_separator color=&#8221;sky&#8221; border_width=&#8221;3&#8243; el_width=&#8221;20&#8243;][\/vc_column][\/vc_row][vc_row][vc_column][vc_row_inner type=&#8221;boxed&#8221; css=&#8221;.vc_custom_1680185760771{padding-right: 60px !important;padding-left: 60px !important;}&#8221;][vc_column_inner width=&#8221;1\/6&#8243;][\/vc_column_inner][vc_column_inner width=&#8221;1\/3&#8243;][vc_single_image image=&#8221;80995&#8243; img_size=&#8221;large&#8221;][vc_column_text]<strong>Rasmus \/ Entrepren\u00f6r<\/strong><\/p>\n<p>Mina arbetsuppgifter varierar allt fr\u00e5n att svara p\u00e5 mejl till att skissa f\u00f6retagets st\u00f6rre riktlinjer. Jag har alltid gillat 90-talets muggars stil som anv\u00e4nder mycket sm\u00e5 detaljer i illustrationerna, p\u00e5 grund av detta \u00e4r min favoritmugg Rosa serie.[\/vc_column_text][\/vc_column_inner][vc_column_inner width=&#8221;1\/3&#8243;][vc_single_image image=&#8221;81061&#8243; img_size=&#8221;large&#8221;][vc_column_text]<strong>Joonas \/ Entrepren\u00f6r<\/strong><\/p>\n<p>Mig st\u00f6ter du vanligtvis p\u00e5 i andra \u00e4nden av telefonen. Jag k\u00f6r \u00e4ven runt om i Finland och g\u00f6r de senaste mumink\u00f6pen. Min favoritmugg \u00e4r Filifjonkan, muggen har fina f\u00e4rger och en lyckad illustration.[\/vc_column_text][\/vc_column_inner][vc_column_inner width=&#8221;1\/6&#8243;][\/vc_column_inner][\/vc_row_inner][\/vc_column][\/vc_row][vc_row][vc_column][vc_row_inner type=&#8221;boxed&#8221; css=&#8221;.vc_custom_1680251748072{padding-right: 60px !important;padding-left: 60px !important;}&#8221;][vc_column_inner width=&#8221;1\/6&#8243;][\/vc_column_inner][vc_column_inner width=&#8221;1\/3&#8243;][vc_single_image image=&#8221;81054&#8243; img_size=&#8221;large&#8221;][vc_column_text]<strong>Ville \/ Logistik<\/strong><\/p>\n<p>Jag tar hand om alla steg i orderhanteringen, fr\u00e5n kontroll och insamling av produkter till deras s\u00e4kra f\u00f6rpackning. Min favoritmugg \u00e4r Hemulen, eftersom jag precis som Hemulen med sina v\u00e4xter och frim\u00e4rken, i mitt dagliga arbete samlar ihop produkter till best\u00e4llningarna.[\/vc_column_text][\/vc_column_inner][vc_column_inner width=&#8221;1\/3&#8243;][vc_single_image image=&#8221;81057&#8243; img_size=&#8221;large&#8221;][vc_column_text]<strong>Mahoko \/ F\u00f6rs\u00e4ljning<\/strong><\/p>\n<p>Jag \u00e4r ansvarig f\u00f6r all f\u00f6rs\u00e4ljning och kundservice p\u00e5 externa handelsplatser, som Tradera och eBay. Hattifnatt-muggen var min f\u00f6rsta muminmugg och har d\u00e4rmed en speciell betydelse f\u00f6r mig.[\/vc_column_text][\/vc_column_inner][vc_column_inner width=&#8221;1\/6&#8243;][\/vc_column_inner][\/vc_row_inner][\/vc_column][\/vc_row][vc_row][vc_column][vc_row_inner type=&#8221;boxed&#8221; css=&#8221;.vc_custom_1680251748072{padding-right: 60px !important;padding-left: 60px !important;}&#8221;][vc_column_inner width=&#8221;1\/6&#8243;][\/vc_column_inner][vc_column_inner width=&#8221;1\/3&#8243;][vc_single_image image=&#8221;81065&#8243; img_size=&#8221;large&#8221;][vc_column_text]<strong>Eemil \/ Marknadsf\u00f6ring<\/strong><\/p>\n<p>Jag bor huvuddelen av \u00e5ret utomlands, men hj\u00e4lper till med olika arbetsuppgifter n\u00e4r det \u00e4r m\u00f6jligt. Fr\u00e5n utlandet sk\u00f6ter jag marknadsf\u00f6ringen f\u00f6r v\u00e5rt f\u00f6retag. Moominvalley Park Japan \u00e4r min favoritmugg, eftersom den har gett mig en bra anledning att resa till Japan.[\/vc_column_text][\/vc_column_inner][vc_column_inner width=&#8221;1\/3&#8243;][vc_single_image image=&#8221;105539&#8243; img_size=&#8221;large&#8221;][\/vc_column_inner][vc_column_inner width=&#8221;1\/6&#8243;][\/vc_column_inner][\/vc_row_inner][\/vc_column][\/vc_row][vc_row type=&#8221;boxed&#8221; css=&#8221;.vc_custom_1680255824802{padding-top: 40px !important;}&#8221;][vc_column][vc_column_text]<\/p>\n<h1 style=\"text-align: center;\">V\u00e5r ber\u00e4ttelse<\/h1>\n<p>[\/vc_column_text][vc_separator color=&#8221;sky&#8221; border_width=&#8221;3&#8243; el_width=&#8221;20&#8243;][\/vc_column][\/vc_row][vc_row][vc_column][vc_row_inner type=&#8221;boxed&#8221;][vc_column_inner width=&#8221;1\/6&#8243;][\/vc_column_inner][vc_column_inner width=&#8221;2\/3&#8243;][vc_column_text css=&#8221;.vc_custom_1680256709153{padding-right: 60px !important;padding-left: 60px !important;}&#8221;]Allt b\u00f6rjade med Rasmus och Joonas gemensamma hobby\u00a0 och intresse f\u00f6r muminmuggar. \u00c5r 2014 ins\u00e5g vi att det inte fanns n\u00e5gon akt\u00f6r p\u00e5 marknaden som kunde f\u00f6ra samman dem som samlar muminmuggar med dem vars muggar bara samlade damm l\u00e4ngst bak i sk\u00e5pen. D\u00e4rf\u00f6r best\u00e4mde vi oss f\u00f6r att starta en k\u00f6p- och s\u00e4ljverksamhet av muminmuggar, med syfte att erbjuda konkurrenskraftiga priser f\u00f6r samlare samt g\u00f6ra det enkelt och snabbt f\u00f6r privatpersoner att f\u00e5 pengar f\u00f6r sina muggar.<\/p>\n<p>\u00c5r 2017 tog vi steget att bli heltidsentrepren\u00f6rer. F\u00f6r\u00e4ndringen finansierades av v\u00e5r tredje teammedlem Eemil. Senare kom \u00e4ven Joonas bror Ville med f\u00f6r att hj\u00e4lpa till med logistiken, samt Mumin-fantasten Mahoko som flyttade fr\u00e5n Japan till Finland.<\/p>\n<p>Vi str\u00e4var s\u00e4rskilt efter p\u00e5litlighet, \u00f6ppenhet och \u00e4rlighet i v\u00e5r verksamhet. En r\u00e4ttvis aff\u00e4r l\u00e4mnar b\u00e5de k\u00f6pare och s\u00e4ljare med en god k\u00e4nsla. Muminmuggarnas \u00f6kande popularitet har \u00e4ven lyft fram tr\u00e5kiga fenomen, s\u00e5som olika bedr\u00e4gerier p\u00e5 n\u00e4tet, d\u00e4r icke-existerande muggar s\u00e4ljs eller andra bedr\u00e4gliga metoder anv\u00e4nds. Vi bidrar till att minska risken f\u00f6r att bli lurad genom att agera under v\u00e5ra egna namn och ansikten vid varje aff\u00e4r vi g\u00f6r. Vi \u00e4r ocks\u00e5 officiella licensinnehavare av Moomin Characters.<\/p>\n<p>Under \u00e5rens lopp har vi handlat \u00f6ver hela Finland. P\u00e5 <a href=\"https:\/\/www.huuto.net\/kayttaja\/2300758\">Huuto.net<\/a> har vi \u00f6ver tusen positiva omd\u00f6men. N\u00f6jda kunder finns ocks\u00e5 bland annat i Sverige, Danmark, Norge och Tyskland. P\u00e5 v\u00e5r <a href=\"https:\/\/www.facebook.com\/muumimukitrahaksi\/\">Facebook-sida<\/a> har vi \u00f6ver 30 000 f\u00f6ljare, d\u00e4r vi regelbundet uppdaterar nyheter om muminmuggarna. Vi finns ocks\u00e5 p\u00e5 <a href=\"https:\/\/www.instagram.com\/muumimukitrahaksi\/\">Instagram<\/a> och <a href=\"https:\/\/www.tiktok.com\/@muumimukitrahaksi\">Tiktok.<\/a><\/p>\n<div id=\"attachment_3033\" style=\"width: 659px\" class=\"wp-caption aligncenter\"><img loading=\"lazy\" decoding=\"async\" aria-describedby=\"caption-attachment-3033\" class=\"wp-image-3033 size-medium\" src=\"https:\/\/muumimukitrahaksi.fi\/wp-content\/uploads\/2017\/08\/Facebookportsanmarkkinat-649x400.jpg\" alt=\"Muumimukit Rahaksi Tietoa meist\u00e4\" width=\"649\" height=\"400\" \/><p id=\"caption-attachment-3033\" class=\"wp-caption-text\">\u00c5r 2017 var v\u00e5r verksamhet fortfarande mycket liten. Bilden \u00e4r tagen utanf\u00f6r v\u00e5rt gamla kontor, under Port Arthurs g\u00e5rdsmarknad.<\/p><\/div>[\/vc_column_text][\/vc_column_inner][vc_column_inner width=&#8221;1\/6&#8243;][\/vc_column_inner][\/vc_row_inner][\/vc_column][\/vc_row][vc_row][vc_column][vc_empty_space][\/vc_column][\/vc_row][vc_row css=&#8221;.vc_custom_1502796269199{background-color: #000000 !important;}&#8221;][vc_column][vc_column_text]<\/p>\n<h2 style=\"text-align: center;\"><span style=\"color: #ffffff;\">\u00c4r du intresserad av ett samarbete med oss?<\/span><\/h2>\n<p>[\/vc_column_text][vc_btn title=&#8221;Ta kontakt!&#8221; style=&#8221;flat&#8221; shape=&#8221;square&#8221; color=&#8221;sky&#8221; size=&#8221;lg&#8221; align=&#8221;center&#8221; link=&#8221;url:https%3A%2F%2Fmuumimukitrahaksi.fi%2Fsv%2Fkontakta-oss%2F|&#8221;][vc_empty_space][\/vc_column][\/vc_row]<\/p>\n<\/div>","protected":false},"excerpt":{"rendered":"<p>[vc_row type=&#8221;boxed&#8221;][vc_column][vc_column_text] V\u00e5rt team [\/vc_column_text][vc_separator color=&#8221;sky&#8221; border_width=&#8221;3&#8243; el_width=&#8221;20&#8243;][\/vc_column][\/vc_row][vc_row][vc_column][vc_row_inner type=&#8221;boxed&#8221; css=&#8221;.vc_custom_1680185760771{padding-right: 60px !important;padding-left: 60px !important;}&#8221;][vc_column_inner width=&#8221;1\/6&#8243;][\/vc_column_inner][vc_column_inner width=&#8221;1\/3&#8243;][vc_single_image image=&#8221;80995&#8243; img_size=&#8221;large&#8221;][vc_column_text]Rasmus \/ Entrepren\u00f6r Mina arbetsuppgifter varierar allt fr\u00e5n att svara p\u00e5 mejl till att skissa f\u00f6retagets st\u00f6rre riktlinjer. Jag har alltid gillat 90-talets muggars stil som anv\u00e4nder mycket sm\u00e5 detaljer i illustrationerna, p\u00e5 grund av detta \u00e4r min [&hellip;]<\/p>\n","protected":false},"author":1,"featured_media":105539,"parent":0,"menu_order":0,"comment_status":"closed","ping_status":"closed","template":"page-full-width.php","meta":{"footnotes":""},"class_list":["post-107397","page","type-page","status-publish","has-post-thumbnail","hentry"],"yoast_head":"<!-- This site is optimized with the Yoast SEO plugin v27.1.1 - https:\/\/yoast.com\/product\/yoast-seo-wordpress\/ -->\n<title>Om oss - Muumimukit Rahaksi<\/title>\n<meta name=\"description\" content=\"Det hela b\u00f6rjade genom en gemensam hobby och intresse f\u00f6r muminmuggar. L\u00e4s mer om oss och ta reda p\u00e5 hur Muumimukit Rahaksi blev till!\" \/>\n<meta name=\"robots\" content=\"index, follow, max-snippet:-1, max-image-preview:large, max-video-preview:-1\" \/>\n<link rel=\"canonical\" href=\"https:\/\/muumimukitrahaksi.fi\/sv\/om-oss\/\" \/>\n<meta property=\"og:locale\" content=\"sv_SE\" \/>\n<meta property=\"og:type\" content=\"article\" \/>\n<meta property=\"og:title\" content=\"Om oss - Muumimukit Rahaksi\" \/>\n<meta property=\"og:description\" content=\"Det hela b\u00f6rjade genom en gemensam hobby och intresse f\u00f6r muminmuggar. L\u00e4s mer om oss och ta reda p\u00e5 hur Muumimukit Rahaksi blev till!\" \/>\n<meta property=\"og:url\" content=\"https:\/\/muumimukitrahaksi.fi\/sv\/om-oss\/\" \/>\n<meta property=\"og:site_name\" content=\"Muumimukit Rahaksi\" \/>\n<meta property=\"article:publisher\" content=\"https:\/\/www.facebook.com\/muumimukitrahaksi\/\" \/>\n<meta property=\"article:modified_time\" content=\"2026-01-14T12:35:44+00:00\" \/>\n<meta property=\"og:image\" content=\"https:\/\/muumimukitrahaksi.fi\/wp-content\/uploads\/2023\/03\/ryhmakuva_fix-1200x800.jpg\" \/>\n\t<meta property=\"og:image:width\" content=\"1200\" \/>\n\t<meta property=\"og:image:height\" content=\"800\" \/>\n\t<meta property=\"og:image:type\" content=\"image\/jpeg\" \/>\n<meta name=\"twitter:card\" content=\"summary_large_image\" \/>\n<meta name=\"twitter:site\" content=\"@MuumitRahaksi\" \/>\n<meta name=\"twitter:label1\" content=\"Ber\u00e4knad l\u00e4stid\" \/>\n\t<meta name=\"twitter:data1\" content=\"4 minuter\" \/>\n<script type=\"application\/ld+json\" class=\"yoast-schema-graph\">{\"@context\":\"https:\/\/schema.org\",\"@graph\":[{\"@type\":\"WebPage\",\"@id\":\"https:\/\/muumimukitrahaksi.fi\/sv\/om-oss\/\",\"url\":\"https:\/\/muumimukitrahaksi.fi\/sv\/om-oss\/\",\"name\":\"Om oss - Muumimukit Rahaksi\",\"isPartOf\":{\"@id\":\"https:\/\/muumimukitrahaksi.fi\/#website\"},\"primaryImageOfPage\":{\"@id\":\"https:\/\/muumimukitrahaksi.fi\/sv\/om-oss\/#primaryimage\"},\"image\":{\"@id\":\"https:\/\/muumimukitrahaksi.fi\/sv\/om-oss\/#primaryimage\"},\"thumbnailUrl\":\"https:\/\/muumimukitrahaksi.fi\/wp-content\/uploads\/2023\/03\/ryhmakuva_fix.jpg\",\"datePublished\":\"2024-03-29T21:05:23+00:00\",\"dateModified\":\"2026-01-14T12:35:44+00:00\",\"description\":\"Det hela b\u00f6rjade genom en gemensam hobby och intresse f\u00f6r muminmuggar. L\u00e4s mer om oss och ta reda p\u00e5 hur Muumimukit Rahaksi blev till!\",\"breadcrumb\":{\"@id\":\"https:\/\/muumimukitrahaksi.fi\/sv\/om-oss\/#breadcrumb\"},\"inLanguage\":\"sv-SE\",\"potentialAction\":[{\"@type\":\"ReadAction\",\"target\":[\"https:\/\/muumimukitrahaksi.fi\/sv\/om-oss\/\"]}]},{\"@type\":\"ImageObject\",\"inLanguage\":\"sv-SE\",\"@id\":\"https:\/\/muumimukitrahaksi.fi\/sv\/om-oss\/#primaryimage\",\"url\":\"https:\/\/muumimukitrahaksi.fi\/wp-content\/uploads\/2023\/03\/ryhmakuva_fix.jpg\",\"contentUrl\":\"https:\/\/muumimukitrahaksi.fi\/wp-content\/uploads\/2023\/03\/ryhmakuva_fix.jpg\",\"width\":2362,\"height\":1575},{\"@type\":\"BreadcrumbList\",\"@id\":\"https:\/\/muumimukitrahaksi.fi\/sv\/om-oss\/#breadcrumb\",\"itemListElement\":[{\"@type\":\"ListItem\",\"position\":1,\"name\":\"Etusivu\",\"item\":\"https:\/\/muumimukitrahaksi.fi\/sv\/\"},{\"@type\":\"ListItem\",\"position\":2,\"name\":\"Om oss\"}]},{\"@type\":\"WebSite\",\"@id\":\"https:\/\/muumimukitrahaksi.fi\/#website\",\"url\":\"https:\/\/muumimukitrahaksi.fi\/\",\"name\":\"Muumimukit Rahaksi\",\"description\":\"Muumimukeja, -kulhoja ja -lautasia ker\u00e4ilij\u00f6ille!\",\"publisher\":{\"@id\":\"https:\/\/muumimukitrahaksi.fi\/#organization\"},\"potentialAction\":[{\"@type\":\"SearchAction\",\"target\":{\"@type\":\"EntryPoint\",\"urlTemplate\":\"https:\/\/muumimukitrahaksi.fi\/?s={search_term_string}\"},\"query-input\":{\"@type\":\"PropertyValueSpecification\",\"valueRequired\":true,\"valueName\":\"search_term_string\"}}],\"inLanguage\":\"sv-SE\"},{\"@type\":\"Organization\",\"@id\":\"https:\/\/muumimukitrahaksi.fi\/#organization\",\"name\":\"Muumimukit Rahaksi\",\"url\":\"https:\/\/muumimukitrahaksi.fi\/\",\"logo\":{\"@type\":\"ImageObject\",\"inLanguage\":\"sv-SE\",\"@id\":\"https:\/\/muumimukitrahaksi.fi\/#\/schema\/logo\/image\/\",\"url\":\"https:\/\/muumimukitrahaksi.fi\/wp-content\/uploads\/2017\/09\/logooo.jpg\",\"contentUrl\":\"https:\/\/muumimukitrahaksi.fi\/wp-content\/uploads\/2017\/09\/logooo.jpg\",\"width\":514,\"height\":514,\"caption\":\"Muumimukit Rahaksi\"},\"image\":{\"@id\":\"https:\/\/muumimukitrahaksi.fi\/#\/schema\/logo\/image\/\"},\"sameAs\":[\"https:\/\/www.facebook.com\/muumimukitrahaksi\/\",\"https:\/\/x.com\/MuumitRahaksi\",\"https:\/\/www.instagram.com\/muumimukitrahaksi\/\"]}]}<\/script>\n<!-- \/ Yoast SEO plugin. -->","yoast_head_json":{"title":"Om oss - Muumimukit Rahaksi","description":"Det hela b\u00f6rjade genom en gemensam hobby och intresse f\u00f6r muminmuggar. L\u00e4s mer om oss och ta reda p\u00e5 hur Muumimukit Rahaksi blev till!","robots":{"index":"index","follow":"follow","max-snippet":"max-snippet:-1","max-image-preview":"max-image-preview:large","max-video-preview":"max-video-preview:-1"},"canonical":"https:\/\/muumimukitrahaksi.fi\/sv\/om-oss\/","og_locale":"sv_SE","og_type":"article","og_title":"Om oss - Muumimukit Rahaksi","og_description":"Det hela b\u00f6rjade genom en gemensam hobby och intresse f\u00f6r muminmuggar. L\u00e4s mer om oss och ta reda p\u00e5 hur Muumimukit Rahaksi blev till!","og_url":"https:\/\/muumimukitrahaksi.fi\/sv\/om-oss\/","og_site_name":"Muumimukit Rahaksi","article_publisher":"https:\/\/www.facebook.com\/muumimukitrahaksi\/","article_modified_time":"2026-01-14T12:35:44+00:00","og_image":[{"width":1200,"height":800,"url":"https:\/\/muumimukitrahaksi.fi\/wp-content\/uploads\/2023\/03\/ryhmakuva_fix-1200x800.jpg","type":"image\/jpeg"}],"twitter_card":"summary_large_image","twitter_site":"@MuumitRahaksi","twitter_misc":{"Ber\u00e4knad l\u00e4stid":"4 minuter"},"schema":{"@context":"https:\/\/schema.org","@graph":[{"@type":"WebPage","@id":"https:\/\/muumimukitrahaksi.fi\/sv\/om-oss\/","url":"https:\/\/muumimukitrahaksi.fi\/sv\/om-oss\/","name":"Om oss - Muumimukit Rahaksi","isPartOf":{"@id":"https:\/\/muumimukitrahaksi.fi\/#website"},"primaryImageOfPage":{"@id":"https:\/\/muumimukitrahaksi.fi\/sv\/om-oss\/#primaryimage"},"image":{"@id":"https:\/\/muumimukitrahaksi.fi\/sv\/om-oss\/#primaryimage"},"thumbnailUrl":"https:\/\/muumimukitrahaksi.fi\/wp-content\/uploads\/2023\/03\/ryhmakuva_fix.jpg","datePublished":"2024-03-29T21:05:23+00:00","dateModified":"2026-01-14T12:35:44+00:00","description":"Det hela b\u00f6rjade genom en gemensam hobby och intresse f\u00f6r muminmuggar. L\u00e4s mer om oss och ta reda p\u00e5 hur Muumimukit Rahaksi blev till!","breadcrumb":{"@id":"https:\/\/muumimukitrahaksi.fi\/sv\/om-oss\/#breadcrumb"},"inLanguage":"sv-SE","potentialAction":[{"@type":"ReadAction","target":["https:\/\/muumimukitrahaksi.fi\/sv\/om-oss\/"]}]},{"@type":"ImageObject","inLanguage":"sv-SE","@id":"https:\/\/muumimukitrahaksi.fi\/sv\/om-oss\/#primaryimage","url":"https:\/\/muumimukitrahaksi.fi\/wp-content\/uploads\/2023\/03\/ryhmakuva_fix.jpg","contentUrl":"https:\/\/muumimukitrahaksi.fi\/wp-content\/uploads\/2023\/03\/ryhmakuva_fix.jpg","width":2362,"height":1575},{"@type":"BreadcrumbList","@id":"https:\/\/muumimukitrahaksi.fi\/sv\/om-oss\/#breadcrumb","itemListElement":[{"@type":"ListItem","position":1,"name":"Etusivu","item":"https:\/\/muumimukitrahaksi.fi\/sv\/"},{"@type":"ListItem","position":2,"name":"Om oss"}]},{"@type":"WebSite","@id":"https:\/\/muumimukitrahaksi.fi\/#website","url":"https:\/\/muumimukitrahaksi.fi\/","name":"Muumimukit Rahaksi","description":"Muumimukeja, -kulhoja ja -lautasia ker\u00e4ilij\u00f6ille!","publisher":{"@id":"https:\/\/muumimukitrahaksi.fi\/#organization"},"potentialAction":[{"@type":"SearchAction","target":{"@type":"EntryPoint","urlTemplate":"https:\/\/muumimukitrahaksi.fi\/?s={search_term_string}"},"query-input":{"@type":"PropertyValueSpecification","valueRequired":true,"valueName":"search_term_string"}}],"inLanguage":"sv-SE"},{"@type":"Organization","@id":"https:\/\/muumimukitrahaksi.fi\/#organization","name":"Muumimukit Rahaksi","url":"https:\/\/muumimukitrahaksi.fi\/","logo":{"@type":"ImageObject","inLanguage":"sv-SE","@id":"https:\/\/muumimukitrahaksi.fi\/#\/schema\/logo\/image\/","url":"https:\/\/muumimukitrahaksi.fi\/wp-content\/uploads\/2017\/09\/logooo.jpg","contentUrl":"https:\/\/muumimukitrahaksi.fi\/wp-content\/uploads\/2017\/09\/logooo.jpg","width":514,"height":514,"caption":"Muumimukit Rahaksi"},"image":{"@id":"https:\/\/muumimukitrahaksi.fi\/#\/schema\/logo\/image\/"},"sameAs":["https:\/\/www.facebook.com\/muumimukitrahaksi\/","https:\/\/x.com\/MuumitRahaksi","https:\/\/www.instagram.com\/muumimukitrahaksi\/"]}]}},"_links":{"self":[{"href":"https:\/\/muumimukitrahaksi.fi\/sv\/wp-json\/wp\/v2\/pages\/107397","targetHints":{"allow":["GET"]}}],"collection":[{"href":"https:\/\/muumimukitrahaksi.fi\/sv\/wp-json\/wp\/v2\/pages"}],"about":[{"href":"https:\/\/muumimukitrahaksi.fi\/sv\/wp-json\/wp\/v2\/types\/page"}],"author":[{"embeddable":true,"href":"https:\/\/muumimukitrahaksi.fi\/sv\/wp-json\/wp\/v2\/users\/1"}],"replies":[{"embeddable":true,"href":"https:\/\/muumimukitrahaksi.fi\/sv\/wp-json\/wp\/v2\/comments?post=107397"}],"version-history":[{"count":7,"href":"https:\/\/muumimukitrahaksi.fi\/sv\/wp-json\/wp\/v2\/pages\/107397\/revisions"}],"predecessor-version":[{"id":156158,"href":"https:\/\/muumimukitrahaksi.fi\/sv\/wp-json\/wp\/v2\/pages\/107397\/revisions\/156158"}],"wp:featuredmedia":[{"embeddable":true,"href":"https:\/\/muumimukitrahaksi.fi\/sv\/wp-json\/wp\/v2\/media\/105539"}],"wp:attachment":[{"href":"https:\/\/muumimukitrahaksi.fi\/sv\/wp-json\/wp\/v2\/media?parent=107397"}],"curies":[{"name":"wp","href":"https:\/\/api.w.org\/{rel}","templated":true}]}}