{"id":107576,"date":"2024-04-01T18:35:28","date_gmt":"2024-04-01T15:35:28","guid":{"rendered":"https:\/\/muumimukitrahaksi.fi\/leveransvillkor\/"},"modified":"2026-02-24T13:40:52","modified_gmt":"2026-02-24T11:40:52","slug":"leveransvillkor","status":"publish","type":"page","link":"https:\/\/muumimukitrahaksi.fi\/sv\/leveransvillkor\/","title":{"rendered":"Leveransvillkor"},"content":{"rendered":"<div class=\"wpb-content-wrapper\"><p>[vc_row][vc_column][vc_column_text]<\/p>\n<h1 style=\"text-align: center;\">Leveransvillkor<\/h1>\n<p>[\/vc_column_text][vc_separator color=&#8221;sky&#8221; border_width=&#8221;3&#8243; el_width=&#8221;20&#8243;][vc_row_inner type=&#8221;boxed&#8221;][vc_column_inner width=&#8221;1\/6&#8243;][\/vc_column_inner][vc_column_inner width=&#8221;2\/3&#8243; css=&#8221;.vc_custom_1560084426962{padding-right: 60px !important;padding-left: 60px !important;}&#8221;][vc_column_text css=&#8221;&#8221;]<\/p>\n<h4>Leveranskostnader<\/h4>\n<p>Fraktens pris beror p\u00e5 din leveransadress och paketets vikt. Prisen p\u00e5 leveranser till Finland och Sverige varierar vanligtvis mellan 6,90-14,90 euro.[\/vc_column_text][vc_separator][vc_column_text css=&#8221;&#8221;]<\/p>\n<h4>Leveranss\u00e4tt<\/h4>\n<p>V\u00e5ra leveranspartner \u00e4r Bring, Posti, Matkahuolto, DHL och UPS. Du kan v\u00e4lja mellan hemleverans och leverans till ett ombud. Du kan \u00e4ven v\u00e4lja expressleverans.[\/vc_column_text][vc_separator][vc_column_text]<\/p>\n<h4>H\u00e4mta upp din best\u00e4llning hos oss<\/h4>\n<p>D\u00e5 du slutf\u00f6r din best\u00e4llning, kan du v\u00e4lja alternativet att sj\u00e4lv h\u00e4mta upp din best\u00e4llning hos oss. Du f\u00e5r ett mejl av oss d\u00e5 best\u00e4llningen \u00e4r f\u00e4rdig att plockas upp. Du f\u00e5r detta mejl senast en arbetsdag efter att best\u00e4llningen \u00e4r gjord. Best\u00e4llningarna kan plockas upp p\u00e5 v\u00e5rt kontor p\u00e5 Korngatan 2 B1, \u00c5bo.[\/vc_column_text][vc_separator][vc_column_text]<\/p>\n<h4>Leveranstid<\/h4>\n<p>Vi skickar i v\u00e4g best\u00e4llningar varje arbetsdag. Leveranstiden f\u00f6r leveranser till Finland och Sverige \u00e4r 1-7 arbetsdagar.[\/vc_column_text][vc_separator][vc_column_text]<\/p>\n<h4>Force majeure<\/h4>\n<p>Vi ansvarar inte f\u00f6r skador som uppst\u00e5r till f\u00f6ljd av force majeure. Som force majeure betraktas en of\u00f6rutsedd omst\u00e4ndighet eller f\u00f6r\u00e4ndring av f\u00f6rh\u00e5llanden som ligger utanf\u00f6r Mukilaakso Oy:s kontroll.[\/vc_column_text][vc_separator][vc_column_text css=&#8221;&#8221;]<\/p>\n<h4><strong>Retur- och bytesr\u00e4tt<\/strong><\/h4>\n<p>Produkterna har 14 dagars bytes- och returr\u00e4tt enligt konsumentskyddslagens avsnitt om distansf\u00f6rs\u00e4ljning. Mukilaakso Oy ansvarar inte f\u00f6r indirekta kostnader relaterade till byte eller retur. Produkternas skick \u00e4r beskrivna i produktbeskrivningen. Det \u00e4r p\u00e5 k\u00f6parens ansvar att ta reda p\u00e5 produktens skick innan best\u00e4llningen g\u00f6rs. I oklara situationer uppmanar vi dig att be om ytterligare bilder eller en mer detaljerad f\u00f6rklaring av produktens skick innan du g\u00f6r en best\u00e4llning.<\/p>\n<p>Kundreturer ska alltid meddelas skriftligen inom 14 dagar fr\u00e5n mottagandet av best\u00e4llningen. Att l\u00e5ta bli att h\u00e4mta ut en f\u00f6rs\u00e4ndelse utg\u00f6r inte en kundretur. F\u00f6r ej uth\u00e4mtade f\u00f6rs\u00e4ndelser debiteras b\u00e5de de faktiska kostnader som fraktbolaget tar ut f\u00f6r returfrakten samt en avgift p\u00e5 15 euro f\u00f6r att t\u00e4cka hanteringskostnaderna.[\/vc_column_text][vc_separator][vc_column_text]<\/p>\n<h4>Betalning<\/h4>\n<p>Direktbetalningar kan g\u00f6ras med alla finska banker. Du kan \u00e4ven v\u00e4lja att betala med faktura, delbetalning, de vanligaste kreditkorten, Klarna, PayPal eller MobilePay.<\/p>\n<p>Betalningstj\u00e4nstleverant\u00f6r<\/p>\n<p>Som utf\u00f6rare av betalningsf\u00f6rmedlingstj\u00e4nsten och betalningstj\u00e4nstleverant\u00f6r fungerar Paytrail Oyj (2122839-7) i samarbete med finska banker och kreditinstitut. Paytrail Oyj syns som mottagare av betalningen p\u00e5 kontoutdraget eller kortr\u00e4kningen, och vidarebefordrar betalningen till handlaren. Paytrail Oyj har tillst\u00e5nd som betalningsinstitut. Vid reklamationer ber vi i f\u00f6rsta hand att du kontaktar produktleverant\u00f6ren.<\/p>\n<p class=\"p1\">Paytrail Oyj, FO-nummer: 2122839-7<br \/>\nInnova 2<br \/>\nLutakonaukio 7<br \/>\n40100 Jyv\u00e4skyl\u00e4<br \/>\nTelefon: 020 718 1830<br \/>\n<a href=\"https:\/\/www.paytrail.com\/\" target=\"_blank\" rel=\"noopener noreferrer\">www.paytrail.com<\/a>[\/vc_column_text][vc_separator][vc_column_text css=&#8221;&#8221;]<\/p>\n<h4>Skadade och saknade f\u00f6rs\u00e4ndelser<\/h4>\n<p>Vi ansvarar inte f\u00f6r produkter som skadats av de fraktbolag vi anv\u00e4nder. Om du kan bevisa att skadan har orsakats av bristf\u00e4llig paketering, skickar vi en ers\u00e4ttningsprodukt. Om en ers\u00e4ttningsprodukt inte finns tillg\u00e4nglig, \u00e5terbetalar vi den skadade varan.<\/p>\n<p>Om fraktbolaget, efter avslutad utredning, fastst\u00e4ller att f\u00f6rs\u00e4ndelsen har g\u00e5tt f\u00f6rlorad, skickar vi de produkter som fanns i f\u00f6rs\u00e4ndelsen p\u00e5 nytt till kunden. Om dessa produkter inte l\u00e4ngre finns tillg\u00e4ngliga, \u00e5terbetalar vi de ber\u00f6rda varorna.[\/vc_column_text][vc_separator][vc_column_text]<strong>Registerbeskrivning<\/strong><\/p>\n<p>Registerbeskrivning i enlighet med 10 \u00a7 i personuppgiftslagen (1999\/523)<\/p>\n<p><strong>Registeransvarig<\/strong><\/p>\n<p>Mukilaakso Oy<br \/>\nFO-nummer: 2840408-2<br \/>\nKorngatan 2 B1<br \/>\n20740 \u00c5bo<\/p>\n<p>Kontaktperson i \u00e4renden ang\u00e5ende registret:<\/p>\n<p>Rasmus Rantanen<br \/>\n<a target=\"_new\" rel=\"noopener\">info@muumimukitrahaksi.fi<\/a><br \/>\n044 2449696<\/p>\n<p><strong>Registrets namn <\/strong><\/p>\n<p>Mukilaakso Oy:s kundregister<\/p>\n<p><strong>Personuppgifternas anv\u00e4ndnings\u00e4ndam\u00e5l<\/strong><\/p>\n<p>Registret anv\u00e4nds f\u00f6r att uppr\u00e4tth\u00e5lla och hantera kundrelationen mellan Mukilaakso Oy och kunden, f\u00f6r att leverera och behandla best\u00e4llningar, f\u00f6r att f\u00f6rb\u00e4ttra kundupplevelsen, f\u00f6r analytiska och statistiska \u00e4ndam\u00e5l, f\u00f6r att producera riktad marknadsf\u00f6ring samt f\u00f6r att f\u00f6rhindra missbruk.<\/p>\n<p><strong>Uppgifter som ing\u00e5r i registret<\/strong><\/p>\n<p>Kundens grunduppgifter: efternamn, f\u00f6rnamn, postadress, postnummer, postort, telefonnummer, e-postadress, best\u00e4llningshistorik och leveransens uppf\u00f6ljningsinformation.<\/p>\n<p><strong>Regelr\u00e4tta datak\u00e4llor<\/strong><\/p>\n<p>Kundens grunduppgifter sparas i samband med kundens best\u00e4llning.<\/p>\n<p><strong>Regelr\u00e4tt \u00f6verl\u00e5telse av data och \u00f6verf\u00f6ring av data utanf\u00f6r EU eller EES\u00a0<\/strong><\/p>\n<p>Vi kan \u00f6verf\u00f6ra vissa n\u00f6dv\u00e4ndiga uppgifter till transportf\u00f6retag f\u00f6r att s\u00e4kerst\u00e4lla leveransen. Dina uppgifter \u00f6verf\u00f6rs ocks\u00e5 vid kreditbeslut till f\u00f6retaget som beviljar krediten.<\/p>\n<p>Vid behov \u00f6verl\u00e4mnar vi \u00e4ven uppgifter till myndigheterna. Vi informerar alltid kunden om f\u00f6rfr\u00e5gningar om information, om detta \u00e4r till\u00e5tet enligt lag.<\/p>\n<p><strong>Principer f\u00f6r registrets skydd<\/strong><\/p>\n<p>Den registeransvariges datasystem och filer skyddas med vanliga tekniska skydds\u00e5tg\u00e4rder. \u00c5tkomst till registret kr\u00e4ver ett personligt anv\u00e4ndarnamn och l\u00f6senord som endast tilldelas den registeransvariges personal, som har befogenhet att anv\u00e4nda registret f\u00f6r deras arbetsuppgifter.[\/vc_column_text][vc_separator][vc_column_text]<strong>DATASKYDDSBESKRIVNING<\/strong><\/p>\n<p>Dataskyddsbeskrivning 1.1.2018<\/p>\n<p><strong>Registeransvarig<\/strong><\/p>\n<p>Mukilaakso Oy<br \/>\nFO-nummer: 2840408-2<br \/>\nKorngatan 2 B1<br \/>\n20740 \u00c5bo<\/p>\n<p><strong>Vilken information lagras?<\/strong><\/p>\n<p>I kundregistret lagras kundens f\u00f6rnamn, efternamn, gatuadress, postnummer, postort, land, e-postadress, telefonnummer samt spr\u00e5k och valuta som anv\u00e4nds vid k\u00f6pet. F\u00f6r f\u00f6retagskunder lagras \u00e4ven f\u00f6retagets namn, FO-nummer och momsregistreringsnummer. Dessutom lagras information som kunden anger i samband med sin best\u00e4llning i webbutikens best\u00e4llningsuppgifter, s\u00e5som best\u00e4llningens inneh\u00e5ll, betalningsmetod och leveransmetod.<\/p>\n<p><strong>Hur anv\u00e4nds personuppgifterna?<\/strong><\/p>\n<p>Personuppgifter anv\u00e4nds f\u00f6r att sk\u00f6ta kundrelationen, leverera och hantera best\u00e4llningar, arkivering, statistiska \u00e4ndam\u00e5l och marknadsf\u00f6rings\u00e4ndam\u00e5l.<\/p>\n<p>Grundl\u00e4ggande r\u00e4ttslig grund f\u00f6r behandling av personuppgifter \u00e4r avtal, samtycke eller ber\u00e4ttigat intresse.<\/p>\n<p>Kraven i EU: s dataskyddsf\u00f6rordning som b\u00f6rjade till\u00e4mpas den 25 maj 2018 har beaktats i behandlingen av personuppgifter.<\/p>\n<p><strong>Hur l\u00e4nge bevaras mina personuppgifter?<\/strong><\/p>\n<p>Vi beh\u00e5ller dina personuppgifter s\u00e5 l\u00e4nge det \u00e4r n\u00f6dv\u00e4ndigt f\u00f6r att uppn\u00e5 \u00e4ndam\u00e5len med registret.<\/p>\n<p>Vissa uppgifter kan ocks\u00e5 bevaras l\u00e4ngre i den m\u00e5n det kr\u00e4vs enligt lagstadgade skyldigheter, s\u00e5som bokf\u00f6ring och hantering av f\u00f6rs\u00e4ljningsansvar.<\/p>\n<p><strong>Utl\u00e4mnande av uppgifter till tredje part<\/strong><\/p>\n<p>Vi \u00f6verf\u00f6r personuppgifter endast till logistik- och betalningssamarbetspartner f\u00f6r att m\u00f6jligg\u00f6ra driften av v\u00e5r webbutik. Personuppgifter \u00f6verl\u00e4mnas inte till tredje part f\u00f6r exempelvis reklam- eller marknadsf\u00f6rings\u00e4ndam\u00e5l.<\/p>\n<p><strong>Kundens r\u00e4ttigheter<\/strong><\/p>\n<p>Som kund har du f\u00f6ljande r\u00e4ttigheter: r\u00e4tt att granska, r\u00e4tt att korrigera, r\u00e4tt att \u00e5terkalla samtycke samt r\u00e4tt att radera.[\/vc_column_text][\/vc_column_inner][vc_column_inner width=&#8221;1\/6&#8243;][\/vc_column_inner][\/vc_row_inner][vc_empty_space][\/vc_column][\/vc_row][vc_row][vc_column][vc_separator][\/vc_column][\/vc_row]<\/p>\n<\/div>","protected":false},"excerpt":{"rendered":"<p>[vc_row][vc_column][vc_column_text] Leveransvillkor [\/vc_column_text][vc_separator color=&#8221;sky&#8221; border_width=&#8221;3&#8243; el_width=&#8221;20&#8243;][vc_row_inner type=&#8221;boxed&#8221;][vc_column_inner width=&#8221;1\/6&#8243;][\/vc_column_inner][vc_column_inner width=&#8221;2\/3&#8243; css=&#8221;.vc_custom_1560084426962{padding-right: 60px !important;padding-left: 60px !important;}&#8221;][vc_column_text css=&#8221;&#8221;] Leveranskostnader Fraktens pris beror p\u00e5 din leveransadress och paketets vikt. Prisen p\u00e5 leveranser till Finland och Sverige varierar vanligtvis mellan 6,90-14,90 euro.[\/vc_column_text][vc_separator][vc_column_text css=&#8221;&#8221;] Leveranss\u00e4tt V\u00e5ra leveranspartner \u00e4r Bring, Posti, Matkahuolto, DHL och UPS. Du kan v\u00e4lja mellan hemleverans och leverans [&hellip;]<\/p>\n","protected":false},"author":1,"featured_media":104190,"parent":0,"menu_order":0,"comment_status":"closed","ping_status":"closed","template":"page-full-width.php","meta":{"footnotes":""},"class_list":["post-107576","page","type-page","status-publish","has-post-thumbnail","hentry"],"yoast_head":"<!-- This site is optimized with the Yoast SEO plugin v27.1.1 - https:\/\/yoast.com\/product\/yoast-seo-wordpress\/ -->\n<title>Muumimukit Rahaksi - Leveransvillkor<\/title>\n<meta name=\"description\" content=\"H\u00e4r hittar du information om v\u00e5ra leveransvillkor.\" \/>\n<meta name=\"robots\" content=\"index, follow, max-snippet:-1, max-image-preview:large, max-video-preview:-1\" \/>\n<link rel=\"canonical\" href=\"https:\/\/muumimukitrahaksi.fi\/sv\/leveransvillkor\/\" \/>\n<meta property=\"og:locale\" content=\"sv_SE\" \/>\n<meta property=\"og:type\" content=\"article\" \/>\n<meta property=\"og:title\" content=\"Muumimukit Rahaksi - Leveransvillkor\" \/>\n<meta property=\"og:description\" content=\"H\u00e4r hittar du information om v\u00e5ra leveransvillkor.\" \/>\n<meta property=\"og:url\" content=\"https:\/\/muumimukitrahaksi.fi\/sv\/leveransvillkor\/\" \/>\n<meta property=\"og:site_name\" content=\"Muumimukit Rahaksi\" \/>\n<meta property=\"article:publisher\" content=\"https:\/\/www.facebook.com\/muumimukitrahaksi\/\" \/>\n<meta property=\"article:modified_time\" content=\"2026-02-24T11:40:52+00:00\" \/>\n<meta property=\"og:image\" content=\"https:\/\/muumimukitrahaksi.fi\/wp-content\/uploads\/2024\/03\/tilausvahvistus_header.png\" \/>\n\t<meta property=\"og:image:width\" content=\"600\" \/>\n\t<meta property=\"og:image:height\" content=\"350\" \/>\n\t<meta property=\"og:image:type\" content=\"image\/png\" \/>\n<meta name=\"twitter:card\" content=\"summary_large_image\" \/>\n<meta name=\"twitter:site\" content=\"@MuumitRahaksi\" \/>\n<meta name=\"twitter:label1\" content=\"Ber\u00e4knad l\u00e4stid\" \/>\n\t<meta name=\"twitter:data1\" content=\"6 minuter\" \/>\n<script type=\"application\/ld+json\" class=\"yoast-schema-graph\">{\"@context\":\"https:\/\/schema.org\",\"@graph\":[{\"@type\":\"WebPage\",\"@id\":\"https:\/\/muumimukitrahaksi.fi\/sv\/leveransvillkor\/\",\"url\":\"https:\/\/muumimukitrahaksi.fi\/sv\/leveransvillkor\/\",\"name\":\"Muumimukit Rahaksi - Leveransvillkor\",\"isPartOf\":{\"@id\":\"https:\/\/muumimukitrahaksi.fi\/#website\"},\"primaryImageOfPage\":{\"@id\":\"https:\/\/muumimukitrahaksi.fi\/sv\/leveransvillkor\/#primaryimage\"},\"image\":{\"@id\":\"https:\/\/muumimukitrahaksi.fi\/sv\/leveransvillkor\/#primaryimage\"},\"thumbnailUrl\":\"https:\/\/muumimukitrahaksi.fi\/wp-content\/uploads\/2024\/03\/tilausvahvistus_header.png\",\"datePublished\":\"2024-04-01T15:35:28+00:00\",\"dateModified\":\"2026-02-24T11:40:52+00:00\",\"description\":\"H\u00e4r hittar du information om v\u00e5ra leveransvillkor.\",\"breadcrumb\":{\"@id\":\"https:\/\/muumimukitrahaksi.fi\/sv\/leveransvillkor\/#breadcrumb\"},\"inLanguage\":\"sv-SE\",\"potentialAction\":[{\"@type\":\"ReadAction\",\"target\":[\"https:\/\/muumimukitrahaksi.fi\/sv\/leveransvillkor\/\"]}]},{\"@type\":\"ImageObject\",\"inLanguage\":\"sv-SE\",\"@id\":\"https:\/\/muumimukitrahaksi.fi\/sv\/leveransvillkor\/#primaryimage\",\"url\":\"https:\/\/muumimukitrahaksi.fi\/wp-content\/uploads\/2024\/03\/tilausvahvistus_header.png\",\"contentUrl\":\"https:\/\/muumimukitrahaksi.fi\/wp-content\/uploads\/2024\/03\/tilausvahvistus_header.png\",\"width\":600,\"height\":350},{\"@type\":\"BreadcrumbList\",\"@id\":\"https:\/\/muumimukitrahaksi.fi\/sv\/leveransvillkor\/#breadcrumb\",\"itemListElement\":[{\"@type\":\"ListItem\",\"position\":1,\"name\":\"Etusivu\",\"item\":\"https:\/\/muumimukitrahaksi.fi\/sv\/\"},{\"@type\":\"ListItem\",\"position\":2,\"name\":\"Leveransvillkor\"}]},{\"@type\":\"WebSite\",\"@id\":\"https:\/\/muumimukitrahaksi.fi\/#website\",\"url\":\"https:\/\/muumimukitrahaksi.fi\/\",\"name\":\"Muumimukit Rahaksi\",\"description\":\"Muumimukeja, -kulhoja ja -lautasia ker\u00e4ilij\u00f6ille!\",\"publisher\":{\"@id\":\"https:\/\/muumimukitrahaksi.fi\/#organization\"},\"potentialAction\":[{\"@type\":\"SearchAction\",\"target\":{\"@type\":\"EntryPoint\",\"urlTemplate\":\"https:\/\/muumimukitrahaksi.fi\/?s={search_term_string}\"},\"query-input\":{\"@type\":\"PropertyValueSpecification\",\"valueRequired\":true,\"valueName\":\"search_term_string\"}}],\"inLanguage\":\"sv-SE\"},{\"@type\":\"Organization\",\"@id\":\"https:\/\/muumimukitrahaksi.fi\/#organization\",\"name\":\"Muumimukit Rahaksi\",\"url\":\"https:\/\/muumimukitrahaksi.fi\/\",\"logo\":{\"@type\":\"ImageObject\",\"inLanguage\":\"sv-SE\",\"@id\":\"https:\/\/muumimukitrahaksi.fi\/#\/schema\/logo\/image\/\",\"url\":\"https:\/\/muumimukitrahaksi.fi\/wp-content\/uploads\/2017\/09\/logooo.jpg\",\"contentUrl\":\"https:\/\/muumimukitrahaksi.fi\/wp-content\/uploads\/2017\/09\/logooo.jpg\",\"width\":514,\"height\":514,\"caption\":\"Muumimukit Rahaksi\"},\"image\":{\"@id\":\"https:\/\/muumimukitrahaksi.fi\/#\/schema\/logo\/image\/\"},\"sameAs\":[\"https:\/\/www.facebook.com\/muumimukitrahaksi\/\",\"https:\/\/x.com\/MuumitRahaksi\",\"https:\/\/www.instagram.com\/muumimukitrahaksi\/\"]}]}<\/script>\n<!-- \/ Yoast SEO plugin. -->","yoast_head_json":{"title":"Muumimukit Rahaksi - Leveransvillkor","description":"H\u00e4r hittar du information om v\u00e5ra leveransvillkor.","robots":{"index":"index","follow":"follow","max-snippet":"max-snippet:-1","max-image-preview":"max-image-preview:large","max-video-preview":"max-video-preview:-1"},"canonical":"https:\/\/muumimukitrahaksi.fi\/sv\/leveransvillkor\/","og_locale":"sv_SE","og_type":"article","og_title":"Muumimukit Rahaksi - Leveransvillkor","og_description":"H\u00e4r hittar du information om v\u00e5ra leveransvillkor.","og_url":"https:\/\/muumimukitrahaksi.fi\/sv\/leveransvillkor\/","og_site_name":"Muumimukit Rahaksi","article_publisher":"https:\/\/www.facebook.com\/muumimukitrahaksi\/","article_modified_time":"2026-02-24T11:40:52+00:00","og_image":[{"width":600,"height":350,"url":"https:\/\/muumimukitrahaksi.fi\/wp-content\/uploads\/2024\/03\/tilausvahvistus_header.png","type":"image\/png"}],"twitter_card":"summary_large_image","twitter_site":"@MuumitRahaksi","twitter_misc":{"Ber\u00e4knad l\u00e4stid":"6 minuter"},"schema":{"@context":"https:\/\/schema.org","@graph":[{"@type":"WebPage","@id":"https:\/\/muumimukitrahaksi.fi\/sv\/leveransvillkor\/","url":"https:\/\/muumimukitrahaksi.fi\/sv\/leveransvillkor\/","name":"Muumimukit Rahaksi - Leveransvillkor","isPartOf":{"@id":"https:\/\/muumimukitrahaksi.fi\/#website"},"primaryImageOfPage":{"@id":"https:\/\/muumimukitrahaksi.fi\/sv\/leveransvillkor\/#primaryimage"},"image":{"@id":"https:\/\/muumimukitrahaksi.fi\/sv\/leveransvillkor\/#primaryimage"},"thumbnailUrl":"https:\/\/muumimukitrahaksi.fi\/wp-content\/uploads\/2024\/03\/tilausvahvistus_header.png","datePublished":"2024-04-01T15:35:28+00:00","dateModified":"2026-02-24T11:40:52+00:00","description":"H\u00e4r hittar du information om v\u00e5ra leveransvillkor.","breadcrumb":{"@id":"https:\/\/muumimukitrahaksi.fi\/sv\/leveransvillkor\/#breadcrumb"},"inLanguage":"sv-SE","potentialAction":[{"@type":"ReadAction","target":["https:\/\/muumimukitrahaksi.fi\/sv\/leveransvillkor\/"]}]},{"@type":"ImageObject","inLanguage":"sv-SE","@id":"https:\/\/muumimukitrahaksi.fi\/sv\/leveransvillkor\/#primaryimage","url":"https:\/\/muumimukitrahaksi.fi\/wp-content\/uploads\/2024\/03\/tilausvahvistus_header.png","contentUrl":"https:\/\/muumimukitrahaksi.fi\/wp-content\/uploads\/2024\/03\/tilausvahvistus_header.png","width":600,"height":350},{"@type":"BreadcrumbList","@id":"https:\/\/muumimukitrahaksi.fi\/sv\/leveransvillkor\/#breadcrumb","itemListElement":[{"@type":"ListItem","position":1,"name":"Etusivu","item":"https:\/\/muumimukitrahaksi.fi\/sv\/"},{"@type":"ListItem","position":2,"name":"Leveransvillkor"}]},{"@type":"WebSite","@id":"https:\/\/muumimukitrahaksi.fi\/#website","url":"https:\/\/muumimukitrahaksi.fi\/","name":"Muumimukit Rahaksi","description":"Muumimukeja, -kulhoja ja -lautasia ker\u00e4ilij\u00f6ille!","publisher":{"@id":"https:\/\/muumimukitrahaksi.fi\/#organization"},"potentialAction":[{"@type":"SearchAction","target":{"@type":"EntryPoint","urlTemplate":"https:\/\/muumimukitrahaksi.fi\/?s={search_term_string}"},"query-input":{"@type":"PropertyValueSpecification","valueRequired":true,"valueName":"search_term_string"}}],"inLanguage":"sv-SE"},{"@type":"Organization","@id":"https:\/\/muumimukitrahaksi.fi\/#organization","name":"Muumimukit Rahaksi","url":"https:\/\/muumimukitrahaksi.fi\/","logo":{"@type":"ImageObject","inLanguage":"sv-SE","@id":"https:\/\/muumimukitrahaksi.fi\/#\/schema\/logo\/image\/","url":"https:\/\/muumimukitrahaksi.fi\/wp-content\/uploads\/2017\/09\/logooo.jpg","contentUrl":"https:\/\/muumimukitrahaksi.fi\/wp-content\/uploads\/2017\/09\/logooo.jpg","width":514,"height":514,"caption":"Muumimukit Rahaksi"},"image":{"@id":"https:\/\/muumimukitrahaksi.fi\/#\/schema\/logo\/image\/"},"sameAs":["https:\/\/www.facebook.com\/muumimukitrahaksi\/","https:\/\/x.com\/MuumitRahaksi","https:\/\/www.instagram.com\/muumimukitrahaksi\/"]}]}},"_links":{"self":[{"href":"https:\/\/muumimukitrahaksi.fi\/sv\/wp-json\/wp\/v2\/pages\/107576","targetHints":{"allow":["GET"]}}],"collection":[{"href":"https:\/\/muumimukitrahaksi.fi\/sv\/wp-json\/wp\/v2\/pages"}],"about":[{"href":"https:\/\/muumimukitrahaksi.fi\/sv\/wp-json\/wp\/v2\/types\/page"}],"author":[{"embeddable":true,"href":"https:\/\/muumimukitrahaksi.fi\/sv\/wp-json\/wp\/v2\/users\/1"}],"replies":[{"embeddable":true,"href":"https:\/\/muumimukitrahaksi.fi\/sv\/wp-json\/wp\/v2\/comments?post=107576"}],"version-history":[{"count":4,"href":"https:\/\/muumimukitrahaksi.fi\/sv\/wp-json\/wp\/v2\/pages\/107576\/revisions"}],"predecessor-version":[{"id":160045,"href":"https:\/\/muumimukitrahaksi.fi\/sv\/wp-json\/wp\/v2\/pages\/107576\/revisions\/160045"}],"wp:featuredmedia":[{"embeddable":true,"href":"https:\/\/muumimukitrahaksi.fi\/sv\/wp-json\/wp\/v2\/media\/104190"}],"wp:attachment":[{"href":"https:\/\/muumimukitrahaksi.fi\/sv\/wp-json\/wp\/v2\/media?parent=107576"}],"curies":[{"name":"wp","href":"https:\/\/api.w.org\/{rel}","templated":true}]}}