{"id":100142,"date":"2023-05-24T16:16:49","date_gmt":"2023-05-24T13:16:49","guid":{"rendered":"https:\/\/muumimukitrahaksi.fi\/tuote\/muminmugg-havsbris-2023-ny\/"},"modified":"2026-04-20T20:25:17","modified_gmt":"2026-04-20T17:25:17","slug":"muminmugg-havsbris-2023-ny","status":"publish","type":"product","link":"https:\/\/muumimukitrahaksi.fi\/sv\/produkt\/muminmugg-havsbris-2023-ny\/","title":{"rendered":"Muminmugg Havsbris (2023) *NY*"},"content":{"rendered":"<p style=\"text-align: center;\"><strong>\u2022 Officiell Moomin Characters\u00a0 licensinnehavare \u2022 Delbetalning\/faktura \u2022 Kvalitetsgranskade produkter<\/strong><\/p>\n<p><strong>Havsbris &#8211; Mumindagsmuggen f\u00f6r \u00e5r 2023<\/strong>, sl\u00e4pptes f\u00f6r att fira Mumindagen den 9 augusti 2023. Detta \u00e4r den tredje muggen i Mumindagen-serien. <a href=\"https:\/\/muumimukitrahaksi.fi\/sv\/produkt\/muumimuki-muumin-paiva-2018-uusi\/\">Den f\u00f6rsta Mumindagsmuggen<\/a> sl\u00e4pptes \u00e5r 2018 och<a href=\"https:\/\/muumimukitrahaksi.fi\/sv\/produkt\/muumimuki-muumin-paiva-2021-uusi\/\"> den andra<\/a> \u00e5r 2021. Precis som de tidigare muggarna kommer \u00e4ven denna Mumindagsmugg att tillverkas i en begr\u00e4nsad upplaga.<\/p>\n<p>Illustrationen p\u00e5 Havsbris-muggen \u00e4r baserad p\u00e5 Tove Janssons roman &#8220;Pappan och havet&#8221; (1965), d\u00e4r \u00e4ventyrslystna Muminpappan flyttar hela Muminfamiljen fr\u00e5n den trygga Mumindalen till en havsinspirerad fyr\u00f6. Muminteckningarna som anv\u00e4nts som grund f\u00f6r designen \u00e4r ocks\u00e5 bekanta fr\u00e5n brevpapper som Tove Jansson anv\u00e4nde n\u00e4r hon svarade sina fans brev. Muggens illustration \u00e4r vackert komponerad med anv\u00e4ndning av bl\u00e4ckbl\u00e5 f\u00e4rg p\u00e5 vit bakgrund. Ut\u00f6ver flera av Mumindalens favoritkarakt\u00e4rer syns ocks\u00e5 bekanta sk\u00e4rg\u00e5rdselement som violer, vildrosor och musselskal i illustrationen. Illustrationen f\u00f6r Havsbris-muggen har sammansatts av den nyligen pensionerade Tove Slotte. Havsbris-muggen \u00e4r den 100:e muminmuggen som Tove Slotte illustrerat.<\/p>\n<p>Muggens sk\u00e4rg\u00e5rdstema \u00e4r starkt kopplat till Tove Janssons eget liv och somrar tillbringade i sk\u00e4rg\u00e5rden. Sk\u00e4rg\u00e5rdsvillan och den omgivande dalen inspirerade b\u00e5de Muminhuset och Mumindalen. Havsbris-muggen levereras i en vacker presentf\u00f6rpackning som speglar muggens sk\u00e4rg\u00e5rdstema.<\/p>\n<p>Det finns ocks\u00e5 en mycket exklusiv platinaversion av Havsbris-muggen, som endast kan k\u00f6pas genom en lottning. Platinaversionen tillverkas f\u00f6r att fira inte bara Mumindagen utan ocks\u00e5 Arabias 150-\u00e5riga historia. I denna version finns platinerade detaljer i illustrationen och en platinerad Arabia 150-st\u00e4mpel p\u00e5 botten. Dessutom \u00e4r varje mugg numrerad. Totalt kommer 5000 platinaversioner att tillverkas.<\/p>\n<p>Kolla in andra specialmuggar<a href=\"https:\/\/muumimukitrahaksi.fi\/sv\/produkt-nyckelord\/specialmugg\/\"> h\u00e4r.<\/a><\/p>\n<p>Har du en Havsbris muminmugg och vill s\u00e4lja den? Vi k\u00f6per ocks\u00e5 muminmuggar. Klicka <a href=\"https:\/\/muumimukitrahaksi.fi\/en\/sell-moomin\/\">h\u00e4r<\/a>, fyll i formul\u00e4ret och f\u00e5 en offert samma dag.<\/p>\n","protected":false},"excerpt":{"rendered":"<p style=\"text-align: center;\"><strong>H\u00f6gklassiga varor \u2022 Snabb leverans<\/strong><\/p>\n<p>Arabias Mumindagsmugg 2023 Havsbris finns nu att best\u00e4lla! Genom att best\u00e4lla muggen fr\u00e5n oss s\u00e4kerst\u00e4ller du att du f\u00e5r en mugg av h\u00f6gsta klass utan tillverkningsfel. Alla muggar kvalitetsgranskas. <strong>Leveranserna b\u00f6rjar den 9.8.2023. OBS! P\u00e5 grund av stora m\u00e4ngder best\u00e4llningar kan leveransen dr\u00f6ja l\u00e4ngre \u00e4n normalt. Du f\u00e5r ett separat mejl med f\u00f6rs\u00e4ndelsenummer d\u00e5 best\u00e4llningen \u00e4r skickad.<\/strong> Alla varor i samma best\u00e4llning levereras samtidigt. Muggen \u00e4r ny och har etiketten kvar. Muggen kommer i sin ursprungliga presentf\u00f6rpackning.<strong> F\u00f6rs\u00e4ljningsbegr\u00e4nsning 6 stk\/best\u00e4llning.<\/strong> Muggarna packas med omsorg och f\u00f6rnybara material.<\/p>\n<p style=\"text-align: center;\"><strong>\u2022 S\u00e4kra betalningss\u00e4tt<\/strong><\/p>\n<p><img loading=\"lazy\" decoding=\"async\" class=\"aligncenter wp-image-20415 size-full\" src=\"https:\/\/muumimukitrahaksi.fi\/wp-content\/uploads\/2020\/06\/maksutavat-2026-pieni-eng.png\" alt=\"Payment options\" width=\"350\" height=\"200\" \/><\/p>\n","protected":false},"featured_media":100146,"template":"","meta":[],"product_brand":[],"product_cat":[537,544,547,534,538],"product_tag":[626,597,568],"class_list":{"0":"post-100142","1":"product","2":"type-product","3":"status-publish","4":"has-post-thumbnail","6":"product_cat-arabia-muggar","7":"product_cat-muggar-med-etikett","8":"product_cat-muggar-ur-produktion","9":"product_cat-muggar","10":"product_cat-specialmuggar","11":"product_tag-med-etikett","12":"product_tag-muminmugg","13":"product_tag-specialmugg","15":"first","16":"instock","17":"featured","18":"taxable","19":"shipping-taxable","20":"purchasable","21":"product-type-simple"},"yoast_head":"<!-- This site is optimized with the Yoast SEO plugin v27.1.1 - https:\/\/yoast.com\/product\/yoast-seo-wordpress\/ -->\n<title>Muminmugg Havsbris (2023) *NY* - Muumimukit Rahaksi<\/title>\n<meta name=\"description\" content=\"Arabias mumindagsmugg 2023 Havsbris finns nu att best\u00e4lla! Muggen \u00e4r ny och kommer i sin ursprungliga presentf\u00f6rpackning.\" \/>\n<meta name=\"robots\" content=\"index, follow, max-snippet:-1, max-image-preview:large, max-video-preview:-1\" \/>\n<link rel=\"canonical\" href=\"https:\/\/muumimukitrahaksi.fi\/produkt\/muumimuki-merituuli-2023-uusi\/\" \/>\n<meta property=\"og:locale\" content=\"sv_SE\" \/>\n<meta property=\"og:type\" content=\"article\" \/>\n<meta property=\"og:title\" content=\"Muminmugg Havsbris (2023) *NY* - Muumimukit Rahaksi\" \/>\n<meta property=\"og:description\" content=\"Arabias mumindagsmugg 2023 Havsbris finns nu att best\u00e4lla! Muggen \u00e4r ny och kommer i sin ursprungliga presentf\u00f6rpackning.\" \/>\n<meta property=\"og:url\" content=\"https:\/\/muumimukitrahaksi.fi\/produkt\/muumimuki-merituuli-2023-uusi\/\" \/>\n<meta property=\"og:site_name\" content=\"Muumimukit Rahaksi\" \/>\n<meta property=\"article:publisher\" content=\"https:\/\/www.facebook.com\/muumimukitrahaksi\/\" \/>\n<meta property=\"article:modified_time\" content=\"2026-04-20T17:25:17+00:00\" \/>\n<meta property=\"og:image\" content=\"https:\/\/muumimukitrahaksi.fi\/wp-content\/uploads\/2023\/08\/DSC09639.jpg\" \/>\n\t<meta property=\"og:image:width\" content=\"1000\" \/>\n\t<meta property=\"og:image:height\" content=\"1000\" \/>\n\t<meta property=\"og:image:type\" content=\"image\/jpeg\" \/>\n<meta name=\"twitter:card\" content=\"summary_large_image\" \/>\n<meta name=\"twitter:site\" content=\"@MuumitRahaksi\" \/>\n<meta name=\"twitter:label1\" content=\"Ber\u00e4knad l\u00e4stid\" \/>\n\t<meta name=\"twitter:data1\" content=\"2 minuter\" \/>\n<script type=\"application\/ld+json\" class=\"yoast-schema-graph\">{\"@context\":\"https:\/\/schema.org\",\"@graph\":[{\"@type\":\"WebPage\",\"@id\":\"https:\/\/muumimukitrahaksi.fi\/produkt\/muumimuki-merituuli-2023-uusi\/\",\"url\":\"https:\/\/muumimukitrahaksi.fi\/produkt\/muumimuki-merituuli-2023-uusi\/\",\"name\":\"Muminmugg Havsbris (2023) *NY* - Muumimukit Rahaksi\",\"isPartOf\":{\"@id\":\"https:\/\/muumimukitrahaksi.fi\/#website\"},\"primaryImageOfPage\":{\"@id\":\"https:\/\/muumimukitrahaksi.fi\/produkt\/muumimuki-merituuli-2023-uusi\/#primaryimage\"},\"image\":{\"@id\":\"https:\/\/muumimukitrahaksi.fi\/produkt\/muumimuki-merituuli-2023-uusi\/#primaryimage\"},\"thumbnailUrl\":\"https:\/\/muumimukitrahaksi.fi\/wp-content\/uploads\/2023\/08\/DSC09639.jpg\",\"datePublished\":\"2023-05-24T13:16:49+00:00\",\"dateModified\":\"2026-04-20T17:25:17+00:00\",\"description\":\"Arabias mumindagsmugg 2023 Havsbris finns nu att best\u00e4lla! Muggen \u00e4r ny och kommer i sin ursprungliga presentf\u00f6rpackning.\",\"breadcrumb\":{\"@id\":\"https:\/\/muumimukitrahaksi.fi\/produkt\/muumimuki-merituuli-2023-uusi\/#breadcrumb\"},\"inLanguage\":\"sv-SE\",\"potentialAction\":[{\"@type\":\"ReadAction\",\"target\":[\"https:\/\/muumimukitrahaksi.fi\/produkt\/muumimuki-merituuli-2023-uusi\/\"]}]},{\"@type\":\"ImageObject\",\"inLanguage\":\"sv-SE\",\"@id\":\"https:\/\/muumimukitrahaksi.fi\/produkt\/muumimuki-merituuli-2023-uusi\/#primaryimage\",\"url\":\"https:\/\/muumimukitrahaksi.fi\/wp-content\/uploads\/2023\/08\/DSC09639.jpg\",\"contentUrl\":\"https:\/\/muumimukitrahaksi.fi\/wp-content\/uploads\/2023\/08\/DSC09639.jpg\",\"width\":1000,\"height\":1000,\"caption\":\"Muminmugg Havsbris\"},{\"@type\":\"BreadcrumbList\",\"@id\":\"https:\/\/muumimukitrahaksi.fi\/produkt\/muumimuki-merituuli-2023-uusi\/#breadcrumb\",\"itemListElement\":[{\"@type\":\"ListItem\",\"position\":1,\"name\":\"Etusivu\",\"item\":\"https:\/\/muumimukitrahaksi.fi\/sv\/\"},{\"@type\":\"ListItem\",\"position\":2,\"name\":\"Butik\",\"item\":\"https:\/\/muumimukitrahaksi.fi\/sv\/butik\/\"},{\"@type\":\"ListItem\",\"position\":3,\"name\":\"Muminmugg Havsbris (2023) *NY*\"}]},{\"@type\":\"WebSite\",\"@id\":\"https:\/\/muumimukitrahaksi.fi\/#website\",\"url\":\"https:\/\/muumimukitrahaksi.fi\/\",\"name\":\"Muumimukit Rahaksi\",\"description\":\"Muumimukeja, -kulhoja ja -lautasia ker\u00e4ilij\u00f6ille!\",\"publisher\":{\"@id\":\"https:\/\/muumimukitrahaksi.fi\/#organization\"},\"potentialAction\":[{\"@type\":\"SearchAction\",\"target\":{\"@type\":\"EntryPoint\",\"urlTemplate\":\"https:\/\/muumimukitrahaksi.fi\/?s={search_term_string}\"},\"query-input\":{\"@type\":\"PropertyValueSpecification\",\"valueRequired\":true,\"valueName\":\"search_term_string\"}}],\"inLanguage\":\"sv-SE\"},{\"@type\":\"Organization\",\"@id\":\"https:\/\/muumimukitrahaksi.fi\/#organization\",\"name\":\"Muumimukit Rahaksi\",\"url\":\"https:\/\/muumimukitrahaksi.fi\/\",\"logo\":{\"@type\":\"ImageObject\",\"inLanguage\":\"sv-SE\",\"@id\":\"https:\/\/muumimukitrahaksi.fi\/#\/schema\/logo\/image\/\",\"url\":\"https:\/\/muumimukitrahaksi.fi\/wp-content\/uploads\/2017\/09\/logooo.jpg\",\"contentUrl\":\"https:\/\/muumimukitrahaksi.fi\/wp-content\/uploads\/2017\/09\/logooo.jpg\",\"width\":514,\"height\":514,\"caption\":\"Muumimukit Rahaksi\"},\"image\":{\"@id\":\"https:\/\/muumimukitrahaksi.fi\/#\/schema\/logo\/image\/\"},\"sameAs\":[\"https:\/\/www.facebook.com\/muumimukitrahaksi\/\",\"https:\/\/x.com\/MuumitRahaksi\",\"https:\/\/www.instagram.com\/muumimukitrahaksi\/\"]}]}<\/script>\n<!-- \/ Yoast SEO plugin. -->","yoast_head_json":{"title":"Muminmugg Havsbris (2023) *NY* - Muumimukit Rahaksi","description":"Arabias mumindagsmugg 2023 Havsbris finns nu att best\u00e4lla! Muggen \u00e4r ny och kommer i sin ursprungliga presentf\u00f6rpackning.","robots":{"index":"index","follow":"follow","max-snippet":"max-snippet:-1","max-image-preview":"max-image-preview:large","max-video-preview":"max-video-preview:-1"},"canonical":"https:\/\/muumimukitrahaksi.fi\/produkt\/muumimuki-merituuli-2023-uusi\/","og_locale":"sv_SE","og_type":"article","og_title":"Muminmugg Havsbris (2023) *NY* - Muumimukit Rahaksi","og_description":"Arabias mumindagsmugg 2023 Havsbris finns nu att best\u00e4lla! Muggen \u00e4r ny och kommer i sin ursprungliga presentf\u00f6rpackning.","og_url":"https:\/\/muumimukitrahaksi.fi\/produkt\/muumimuki-merituuli-2023-uusi\/","og_site_name":"Muumimukit Rahaksi","article_publisher":"https:\/\/www.facebook.com\/muumimukitrahaksi\/","article_modified_time":"2026-04-20T17:25:17+00:00","og_image":[{"width":1000,"height":1000,"url":"https:\/\/muumimukitrahaksi.fi\/wp-content\/uploads\/2023\/08\/DSC09639.jpg","type":"image\/jpeg"}],"twitter_card":"summary_large_image","twitter_site":"@MuumitRahaksi","twitter_misc":{"Ber\u00e4knad l\u00e4stid":"2 minuter"},"schema":{"@context":"https:\/\/schema.org","@graph":[{"@type":"WebPage","@id":"https:\/\/muumimukitrahaksi.fi\/produkt\/muumimuki-merituuli-2023-uusi\/","url":"https:\/\/muumimukitrahaksi.fi\/produkt\/muumimuki-merituuli-2023-uusi\/","name":"Muminmugg Havsbris (2023) *NY* - Muumimukit Rahaksi","isPartOf":{"@id":"https:\/\/muumimukitrahaksi.fi\/#website"},"primaryImageOfPage":{"@id":"https:\/\/muumimukitrahaksi.fi\/produkt\/muumimuki-merituuli-2023-uusi\/#primaryimage"},"image":{"@id":"https:\/\/muumimukitrahaksi.fi\/produkt\/muumimuki-merituuli-2023-uusi\/#primaryimage"},"thumbnailUrl":"https:\/\/muumimukitrahaksi.fi\/wp-content\/uploads\/2023\/08\/DSC09639.jpg","datePublished":"2023-05-24T13:16:49+00:00","dateModified":"2026-04-20T17:25:17+00:00","description":"Arabias mumindagsmugg 2023 Havsbris finns nu att best\u00e4lla! Muggen \u00e4r ny och kommer i sin ursprungliga presentf\u00f6rpackning.","breadcrumb":{"@id":"https:\/\/muumimukitrahaksi.fi\/produkt\/muumimuki-merituuli-2023-uusi\/#breadcrumb"},"inLanguage":"sv-SE","potentialAction":[{"@type":"ReadAction","target":["https:\/\/muumimukitrahaksi.fi\/produkt\/muumimuki-merituuli-2023-uusi\/"]}]},{"@type":"ImageObject","inLanguage":"sv-SE","@id":"https:\/\/muumimukitrahaksi.fi\/produkt\/muumimuki-merituuli-2023-uusi\/#primaryimage","url":"https:\/\/muumimukitrahaksi.fi\/wp-content\/uploads\/2023\/08\/DSC09639.jpg","contentUrl":"https:\/\/muumimukitrahaksi.fi\/wp-content\/uploads\/2023\/08\/DSC09639.jpg","width":1000,"height":1000,"caption":"Muminmugg Havsbris"},{"@type":"BreadcrumbList","@id":"https:\/\/muumimukitrahaksi.fi\/produkt\/muumimuki-merituuli-2023-uusi\/#breadcrumb","itemListElement":[{"@type":"ListItem","position":1,"name":"Etusivu","item":"https:\/\/muumimukitrahaksi.fi\/sv\/"},{"@type":"ListItem","position":2,"name":"Butik","item":"https:\/\/muumimukitrahaksi.fi\/sv\/butik\/"},{"@type":"ListItem","position":3,"name":"Muminmugg Havsbris (2023) *NY*"}]},{"@type":"WebSite","@id":"https:\/\/muumimukitrahaksi.fi\/#website","url":"https:\/\/muumimukitrahaksi.fi\/","name":"Muumimukit Rahaksi","description":"Muumimukeja, -kulhoja ja -lautasia ker\u00e4ilij\u00f6ille!","publisher":{"@id":"https:\/\/muumimukitrahaksi.fi\/#organization"},"potentialAction":[{"@type":"SearchAction","target":{"@type":"EntryPoint","urlTemplate":"https:\/\/muumimukitrahaksi.fi\/?s={search_term_string}"},"query-input":{"@type":"PropertyValueSpecification","valueRequired":true,"valueName":"search_term_string"}}],"inLanguage":"sv-SE"},{"@type":"Organization","@id":"https:\/\/muumimukitrahaksi.fi\/#organization","name":"Muumimukit Rahaksi","url":"https:\/\/muumimukitrahaksi.fi\/","logo":{"@type":"ImageObject","inLanguage":"sv-SE","@id":"https:\/\/muumimukitrahaksi.fi\/#\/schema\/logo\/image\/","url":"https:\/\/muumimukitrahaksi.fi\/wp-content\/uploads\/2017\/09\/logooo.jpg","contentUrl":"https:\/\/muumimukitrahaksi.fi\/wp-content\/uploads\/2017\/09\/logooo.jpg","width":514,"height":514,"caption":"Muumimukit Rahaksi"},"image":{"@id":"https:\/\/muumimukitrahaksi.fi\/#\/schema\/logo\/image\/"},"sameAs":["https:\/\/www.facebook.com\/muumimukitrahaksi\/","https:\/\/x.com\/MuumitRahaksi","https:\/\/www.instagram.com\/muumimukitrahaksi\/"]}]}},"_links":{"self":[{"href":"https:\/\/muumimukitrahaksi.fi\/sv\/wp-json\/wp\/v2\/product\/100142","targetHints":{"allow":["GET"]}}],"collection":[{"href":"https:\/\/muumimukitrahaksi.fi\/sv\/wp-json\/wp\/v2\/product"}],"about":[{"href":"https:\/\/muumimukitrahaksi.fi\/sv\/wp-json\/wp\/v2\/types\/product"}],"wp:featuredmedia":[{"embeddable":true,"href":"https:\/\/muumimukitrahaksi.fi\/sv\/wp-json\/wp\/v2\/media\/100146"}],"wp:attachment":[{"href":"https:\/\/muumimukitrahaksi.fi\/sv\/wp-json\/wp\/v2\/media?parent=100142"}],"wp:term":[{"taxonomy":"product_brand","embeddable":true,"href":"https:\/\/muumimukitrahaksi.fi\/sv\/wp-json\/wp\/v2\/product_brand?post=100142"},{"taxonomy":"product_cat","embeddable":true,"href":"https:\/\/muumimukitrahaksi.fi\/sv\/wp-json\/wp\/v2\/product_cat?post=100142"},{"taxonomy":"product_tag","embeddable":true,"href":"https:\/\/muumimukitrahaksi.fi\/sv\/wp-json\/wp\/v2\/product_tag?post=100142"}],"curies":[{"name":"wp","href":"https:\/\/api.w.org\/{rel}","templated":true}]}}