{"id":100148,"date":"2023-05-25T16:16:25","date_gmt":"2023-05-25T13:16:25","guid":{"rendered":"https:\/\/muumimukitrahaksi.fi\/tuote\/muminmugg-havsbris-platina-2023-ny\/"},"modified":"2026-04-09T16:35:21","modified_gmt":"2026-04-09T13:35:21","slug":"muminmugg-havsbris-platina-2023-ny","status":"publish","type":"product","link":"https:\/\/muumimukitrahaksi.fi\/sv\/produkt\/muminmugg-havsbris-platina-2023-ny\/","title":{"rendered":"Muminmugg Havsbris platina (2023) *NY*"},"content":{"rendered":"<p style=\"text-align: center;\"><strong>\u2022 Officiell Moomin Characters\u00a0 licensinnehavare \u2022 Delbetalning\/faktura \u2022 Kvalitetsgranskade produkter<\/strong><\/p>\n<p>Den exklusiva versionen av Mumindagens mugg, <strong>Havsbris platina<\/strong>, sl\u00e4pps \u00e5r 2023 f\u00f6r att fira b\u00e5de Mumindagen och Arabias 150-\u00e5rsjubileum. Muminmuggen Havsbris platina kan endast k\u00f6pas genom en n\u00e4tbaserad lottning. Anm\u00e4lan till lottningen \u00f6ppnar den 7 juni 2023 och avslutas den 13 juni 2023. De som deltar i lottningen kommer att f\u00e5 resultaten via e-post den 13 juni 2023.<\/p>\n<p>Havsbris platina skiljer sig fr\u00e5n <a href=\"https:\/\/muumimukitrahaksi.fi\/sv\/produkt\/muminmugg-havsbris-2023-ny\/\">den vanliga Havsbris-muggen<\/a> p\u00e5 flera s\u00e4tt. I illustrationen av Havsbris platina-versionen finns handritade platinerade detaljer: en h\u00e4stsko och en \u00e5ra. P\u00e5 botten av varje mugg finns en platinerad Arabia 150-st\u00e4mpel. Dessutom \u00e4r varje mugg numrerad. F\u00f6rpackningen till muggen skiljer sig ocks\u00e5 fr\u00e5n den vanliga Havsbris-versionen. Inuti f\u00f6rpackningen finns en lapp som ber\u00e4ttar muggens historia samt en produktetikett. Endast 5000 exemplar av platinaversionen kommer att tillverkas.<\/p>\n<p>Illustrationen p\u00e5 Havsbris platina-muggen \u00e4r baserad p\u00e5 Tove Janssons roman &#8220;Pappan och havet&#8221; (1965), d\u00e4r \u00e4ventyrslystna Muminpappan flyttar hela Muminfamiljen fr\u00e5n den trygga Mumindalen till en havsinspirerad fyr\u00f6. Muminteckningarna som anv\u00e4nts som grund f\u00f6r designen \u00e4r ocks\u00e5 bekanta fr\u00e5n brevpapper som Tove Jansson anv\u00e4nde n\u00e4r hon svarade sina fans brev. Muggens illustration \u00e4r vackert komponerad med anv\u00e4ndning av bl\u00e4ckbl\u00e5 f\u00e4rg p\u00e5 vit bakgrund. Ut\u00f6ver flera av Mumindalens favoritkarakt\u00e4rer syns ocks\u00e5 bekanta sk\u00e4rg\u00e5rdselement som violer, vildrosor och musselskal i illustrationen. Illustrationen f\u00f6r Havsbris platina-muggen har sammansatts av den nyligen pensionerade Tove Slotte. Havsbris-muggen \u00e4r den 100:e muminmuggen som Tove Slotte illustrerat.<\/p>\n<p>Muggens sk\u00e4rg\u00e5rdstema \u00e4r starkt kopplat till Tove Janssons eget liv och somrar tillbringade i sk\u00e4rg\u00e5rden. Sk\u00e4rg\u00e5rdsvillan och den omgivande dalen inspirerade b\u00e5de Muminhuset och Mumindalen. Havsbris platina-muggen levereras i en vacker presentf\u00f6rpackning som speglar muggens sk\u00e4rg\u00e5rdstema.<\/p>\n<p>Kolla in andra specialmuggar<a href=\"https:\/\/muumimukitrahaksi.fi\/sv\/produkt-nyckelord\/specialmugg\/\"> h\u00e4r.<\/a><\/p>\n<p>Har du en Havsbris platina muminmugg och vill s\u00e4lja den? Vi k\u00f6per ocks\u00e5 muminmuggar. Klicka <a href=\"https:\/\/muumimukitrahaksi.fi\/en\/sell-moomin\/\">h\u00e4r<\/a>, fyll i formul\u00e4ret och f\u00e5 en offert samma dag.<\/p>\n","protected":false},"excerpt":{"rendered":"<p style=\"text-align: center;\"><strong>H\u00f6gklassiga varor \u2022 Snabb leverans<\/strong><\/p>\n<p>Arabias Mumindagsmugg 2023 Havsbris platina. Detta \u00e4r den mer s\u00e4llsynta Havsbris-muggen, som enbart tillverkats i 5000 exemplar. Varje mugg har ett individuellt serienummer p\u00e5 botten. V\u00e4lj serienumret i tabellen nedan. Muggen \u00e4r ny. Dessa muggars etikett finns separat inuti f\u00f6rpackningen. Muggen kommer i sin ursprungliga presentf\u00f6rpackning. Muggarna packas med omsorg och f\u00f6rnybara material.<\/p>\n<p style=\"text-align: center;\"><strong>\u2022 S\u00e4kra betalningss\u00e4tt<\/strong><\/p>\n<p><img loading=\"lazy\" decoding=\"async\" class=\"aligncenter wp-image-20415 size-full\" src=\"https:\/\/muumimukitrahaksi.fi\/wp-content\/uploads\/2020\/06\/maksutavat-2026-pieni-eng.png\" alt=\"Payment options\" width=\"350\" height=\"200\" \/><\/p>\n","protected":false},"featured_media":100149,"template":"","meta":[],"product_brand":[],"product_cat":[537,544,547,534,538],"product_tag":[626,597,568],"class_list":{"0":"post-100148","1":"product","2":"type-product","3":"status-publish","4":"has-post-thumbnail","6":"product_cat-arabia-muggar","7":"product_cat-muggar-med-etikett","8":"product_cat-muggar-ur-produktion","9":"product_cat-muggar","10":"product_cat-specialmuggar","11":"product_tag-med-etikett","12":"product_tag-muminmugg","13":"product_tag-specialmugg","15":"first","16":"instock","17":"taxable","18":"shipping-taxable","19":"purchasable","20":"product-type-variable"},"yoast_head":"<!-- This site is optimized with the Yoast SEO plugin v27.1.1 - https:\/\/yoast.com\/product\/yoast-seo-wordpress\/ -->\n<title>Muminmugg Havsbris platina (2023) *NY* - Muumimukit Rahaksi<\/title>\n<meta name=\"description\" content=\"Arabias Mumindagsmugg 2023 Havsbris platina. Detta \u00e4r den mer s\u00e4llsynta Havsbris-muggen, som enbart tillverkats i 5000 exemplar.\" \/>\n<meta name=\"robots\" content=\"index, follow, max-snippet:-1, max-image-preview:large, max-video-preview:-1\" \/>\n<link rel=\"canonical\" href=\"https:\/\/muumimukitrahaksi.fi\/sv\/produkt\/muminmugg-havsbris-platina-2023-ny\/\" \/>\n<meta property=\"og:locale\" content=\"sv_SE\" \/>\n<meta property=\"og:type\" content=\"article\" \/>\n<meta property=\"og:title\" content=\"Muminmugg Havsbris platina (2023) *NY* - Muumimukit Rahaksi\" \/>\n<meta property=\"og:description\" content=\"Arabias Mumindagsmugg 2023 Havsbris platina. Detta \u00e4r den mer s\u00e4llsynta Havsbris-muggen, som enbart tillverkats i 5000 exemplar.\" \/>\n<meta property=\"og:url\" content=\"https:\/\/muumimukitrahaksi.fi\/sv\/produkt\/muminmugg-havsbris-platina-2023-ny\/\" \/>\n<meta property=\"og:site_name\" content=\"Muumimukit Rahaksi\" \/>\n<meta property=\"article:publisher\" content=\"https:\/\/www.facebook.com\/muumimukitrahaksi\/\" \/>\n<meta property=\"article:modified_time\" content=\"2026-04-09T13:35:21+00:00\" \/>\n<meta property=\"og:image\" content=\"https:\/\/muumimukitrahaksi.fi\/wp-content\/uploads\/2023\/06\/platina5.jpg\" \/>\n\t<meta property=\"og:image:width\" content=\"1000\" \/>\n\t<meta property=\"og:image:height\" content=\"1000\" \/>\n\t<meta property=\"og:image:type\" content=\"image\/jpeg\" \/>\n<meta name=\"twitter:card\" content=\"summary_large_image\" \/>\n<meta name=\"twitter:site\" content=\"@MuumitRahaksi\" \/>\n<meta name=\"twitter:label1\" content=\"Ber\u00e4knad l\u00e4stid\" \/>\n\t<meta name=\"twitter:data1\" content=\"2 minuter\" \/>\n<script type=\"application\/ld+json\" class=\"yoast-schema-graph\">{\"@context\":\"https:\/\/schema.org\",\"@graph\":[{\"@type\":\"WebPage\",\"@id\":\"https:\/\/muumimukitrahaksi.fi\/sv\/produkt\/muminmugg-havsbris-platina-2023-ny\/\",\"url\":\"https:\/\/muumimukitrahaksi.fi\/sv\/produkt\/muminmugg-havsbris-platina-2023-ny\/\",\"name\":\"Muminmugg Havsbris platina (2023) *NY* - Muumimukit Rahaksi\",\"isPartOf\":{\"@id\":\"https:\/\/muumimukitrahaksi.fi\/#website\"},\"primaryImageOfPage\":{\"@id\":\"https:\/\/muumimukitrahaksi.fi\/sv\/produkt\/muminmugg-havsbris-platina-2023-ny\/#primaryimage\"},\"image\":{\"@id\":\"https:\/\/muumimukitrahaksi.fi\/sv\/produkt\/muminmugg-havsbris-platina-2023-ny\/#primaryimage\"},\"thumbnailUrl\":\"https:\/\/muumimukitrahaksi.fi\/wp-content\/uploads\/2023\/06\/platina5.jpg\",\"datePublished\":\"2023-05-25T13:16:25+00:00\",\"dateModified\":\"2026-04-09T13:35:21+00:00\",\"description\":\"Arabias Mumindagsmugg 2023 Havsbris platina. Detta \u00e4r den mer s\u00e4llsynta Havsbris-muggen, som enbart tillverkats i 5000 exemplar.\",\"breadcrumb\":{\"@id\":\"https:\/\/muumimukitrahaksi.fi\/sv\/produkt\/muminmugg-havsbris-platina-2023-ny\/#breadcrumb\"},\"inLanguage\":\"sv-SE\",\"potentialAction\":[{\"@type\":\"ReadAction\",\"target\":[\"https:\/\/muumimukitrahaksi.fi\/sv\/produkt\/muminmugg-havsbris-platina-2023-ny\/\"]}]},{\"@type\":\"ImageObject\",\"inLanguage\":\"sv-SE\",\"@id\":\"https:\/\/muumimukitrahaksi.fi\/sv\/produkt\/muminmugg-havsbris-platina-2023-ny\/#primaryimage\",\"url\":\"https:\/\/muumimukitrahaksi.fi\/wp-content\/uploads\/2023\/06\/platina5.jpg\",\"contentUrl\":\"https:\/\/muumimukitrahaksi.fi\/wp-content\/uploads\/2023\/06\/platina5.jpg\",\"width\":1000,\"height\":1000,\"caption\":\"Muminmugg Havsbris platina\"},{\"@type\":\"BreadcrumbList\",\"@id\":\"https:\/\/muumimukitrahaksi.fi\/sv\/produkt\/muminmugg-havsbris-platina-2023-ny\/#breadcrumb\",\"itemListElement\":[{\"@type\":\"ListItem\",\"position\":1,\"name\":\"Etusivu\",\"item\":\"https:\/\/muumimukitrahaksi.fi\/sv\/\"},{\"@type\":\"ListItem\",\"position\":2,\"name\":\"Butik\",\"item\":\"https:\/\/muumimukitrahaksi.fi\/sv\/butik\/\"},{\"@type\":\"ListItem\",\"position\":3,\"name\":\"Muminmugg Havsbris platina (2023) *NY*\"}]},{\"@type\":\"WebSite\",\"@id\":\"https:\/\/muumimukitrahaksi.fi\/#website\",\"url\":\"https:\/\/muumimukitrahaksi.fi\/\",\"name\":\"Muumimukit Rahaksi\",\"description\":\"Muumimukeja, -kulhoja ja -lautasia ker\u00e4ilij\u00f6ille!\",\"publisher\":{\"@id\":\"https:\/\/muumimukitrahaksi.fi\/#organization\"},\"potentialAction\":[{\"@type\":\"SearchAction\",\"target\":{\"@type\":\"EntryPoint\",\"urlTemplate\":\"https:\/\/muumimukitrahaksi.fi\/?s={search_term_string}\"},\"query-input\":{\"@type\":\"PropertyValueSpecification\",\"valueRequired\":true,\"valueName\":\"search_term_string\"}}],\"inLanguage\":\"sv-SE\"},{\"@type\":\"Organization\",\"@id\":\"https:\/\/muumimukitrahaksi.fi\/#organization\",\"name\":\"Muumimukit Rahaksi\",\"url\":\"https:\/\/muumimukitrahaksi.fi\/\",\"logo\":{\"@type\":\"ImageObject\",\"inLanguage\":\"sv-SE\",\"@id\":\"https:\/\/muumimukitrahaksi.fi\/#\/schema\/logo\/image\/\",\"url\":\"https:\/\/muumimukitrahaksi.fi\/wp-content\/uploads\/2017\/09\/logooo.jpg\",\"contentUrl\":\"https:\/\/muumimukitrahaksi.fi\/wp-content\/uploads\/2017\/09\/logooo.jpg\",\"width\":514,\"height\":514,\"caption\":\"Muumimukit Rahaksi\"},\"image\":{\"@id\":\"https:\/\/muumimukitrahaksi.fi\/#\/schema\/logo\/image\/\"},\"sameAs\":[\"https:\/\/www.facebook.com\/muumimukitrahaksi\/\",\"https:\/\/x.com\/MuumitRahaksi\",\"https:\/\/www.instagram.com\/muumimukitrahaksi\/\"]}]}<\/script>\n<!-- \/ Yoast SEO plugin. -->","yoast_head_json":{"title":"Muminmugg Havsbris platina (2023) *NY* - Muumimukit Rahaksi","description":"Arabias Mumindagsmugg 2023 Havsbris platina. Detta \u00e4r den mer s\u00e4llsynta Havsbris-muggen, som enbart tillverkats i 5000 exemplar.","robots":{"index":"index","follow":"follow","max-snippet":"max-snippet:-1","max-image-preview":"max-image-preview:large","max-video-preview":"max-video-preview:-1"},"canonical":"https:\/\/muumimukitrahaksi.fi\/sv\/produkt\/muminmugg-havsbris-platina-2023-ny\/","og_locale":"sv_SE","og_type":"article","og_title":"Muminmugg Havsbris platina (2023) *NY* - Muumimukit Rahaksi","og_description":"Arabias Mumindagsmugg 2023 Havsbris platina. Detta \u00e4r den mer s\u00e4llsynta Havsbris-muggen, som enbart tillverkats i 5000 exemplar.","og_url":"https:\/\/muumimukitrahaksi.fi\/sv\/produkt\/muminmugg-havsbris-platina-2023-ny\/","og_site_name":"Muumimukit Rahaksi","article_publisher":"https:\/\/www.facebook.com\/muumimukitrahaksi\/","article_modified_time":"2026-04-09T13:35:21+00:00","og_image":[{"width":1000,"height":1000,"url":"https:\/\/muumimukitrahaksi.fi\/wp-content\/uploads\/2023\/06\/platina5.jpg","type":"image\/jpeg"}],"twitter_card":"summary_large_image","twitter_site":"@MuumitRahaksi","twitter_misc":{"Ber\u00e4knad l\u00e4stid":"2 minuter"},"schema":{"@context":"https:\/\/schema.org","@graph":[{"@type":"WebPage","@id":"https:\/\/muumimukitrahaksi.fi\/sv\/produkt\/muminmugg-havsbris-platina-2023-ny\/","url":"https:\/\/muumimukitrahaksi.fi\/sv\/produkt\/muminmugg-havsbris-platina-2023-ny\/","name":"Muminmugg Havsbris platina (2023) *NY* - Muumimukit Rahaksi","isPartOf":{"@id":"https:\/\/muumimukitrahaksi.fi\/#website"},"primaryImageOfPage":{"@id":"https:\/\/muumimukitrahaksi.fi\/sv\/produkt\/muminmugg-havsbris-platina-2023-ny\/#primaryimage"},"image":{"@id":"https:\/\/muumimukitrahaksi.fi\/sv\/produkt\/muminmugg-havsbris-platina-2023-ny\/#primaryimage"},"thumbnailUrl":"https:\/\/muumimukitrahaksi.fi\/wp-content\/uploads\/2023\/06\/platina5.jpg","datePublished":"2023-05-25T13:16:25+00:00","dateModified":"2026-04-09T13:35:21+00:00","description":"Arabias Mumindagsmugg 2023 Havsbris platina. Detta \u00e4r den mer s\u00e4llsynta Havsbris-muggen, som enbart tillverkats i 5000 exemplar.","breadcrumb":{"@id":"https:\/\/muumimukitrahaksi.fi\/sv\/produkt\/muminmugg-havsbris-platina-2023-ny\/#breadcrumb"},"inLanguage":"sv-SE","potentialAction":[{"@type":"ReadAction","target":["https:\/\/muumimukitrahaksi.fi\/sv\/produkt\/muminmugg-havsbris-platina-2023-ny\/"]}]},{"@type":"ImageObject","inLanguage":"sv-SE","@id":"https:\/\/muumimukitrahaksi.fi\/sv\/produkt\/muminmugg-havsbris-platina-2023-ny\/#primaryimage","url":"https:\/\/muumimukitrahaksi.fi\/wp-content\/uploads\/2023\/06\/platina5.jpg","contentUrl":"https:\/\/muumimukitrahaksi.fi\/wp-content\/uploads\/2023\/06\/platina5.jpg","width":1000,"height":1000,"caption":"Muminmugg Havsbris platina"},{"@type":"BreadcrumbList","@id":"https:\/\/muumimukitrahaksi.fi\/sv\/produkt\/muminmugg-havsbris-platina-2023-ny\/#breadcrumb","itemListElement":[{"@type":"ListItem","position":1,"name":"Etusivu","item":"https:\/\/muumimukitrahaksi.fi\/sv\/"},{"@type":"ListItem","position":2,"name":"Butik","item":"https:\/\/muumimukitrahaksi.fi\/sv\/butik\/"},{"@type":"ListItem","position":3,"name":"Muminmugg Havsbris platina (2023) *NY*"}]},{"@type":"WebSite","@id":"https:\/\/muumimukitrahaksi.fi\/#website","url":"https:\/\/muumimukitrahaksi.fi\/","name":"Muumimukit Rahaksi","description":"Muumimukeja, -kulhoja ja -lautasia ker\u00e4ilij\u00f6ille!","publisher":{"@id":"https:\/\/muumimukitrahaksi.fi\/#organization"},"potentialAction":[{"@type":"SearchAction","target":{"@type":"EntryPoint","urlTemplate":"https:\/\/muumimukitrahaksi.fi\/?s={search_term_string}"},"query-input":{"@type":"PropertyValueSpecification","valueRequired":true,"valueName":"search_term_string"}}],"inLanguage":"sv-SE"},{"@type":"Organization","@id":"https:\/\/muumimukitrahaksi.fi\/#organization","name":"Muumimukit Rahaksi","url":"https:\/\/muumimukitrahaksi.fi\/","logo":{"@type":"ImageObject","inLanguage":"sv-SE","@id":"https:\/\/muumimukitrahaksi.fi\/#\/schema\/logo\/image\/","url":"https:\/\/muumimukitrahaksi.fi\/wp-content\/uploads\/2017\/09\/logooo.jpg","contentUrl":"https:\/\/muumimukitrahaksi.fi\/wp-content\/uploads\/2017\/09\/logooo.jpg","width":514,"height":514,"caption":"Muumimukit Rahaksi"},"image":{"@id":"https:\/\/muumimukitrahaksi.fi\/#\/schema\/logo\/image\/"},"sameAs":["https:\/\/www.facebook.com\/muumimukitrahaksi\/","https:\/\/x.com\/MuumitRahaksi","https:\/\/www.instagram.com\/muumimukitrahaksi\/"]}]}},"_links":{"self":[{"href":"https:\/\/muumimukitrahaksi.fi\/sv\/wp-json\/wp\/v2\/product\/100148","targetHints":{"allow":["GET"]}}],"collection":[{"href":"https:\/\/muumimukitrahaksi.fi\/sv\/wp-json\/wp\/v2\/product"}],"about":[{"href":"https:\/\/muumimukitrahaksi.fi\/sv\/wp-json\/wp\/v2\/types\/product"}],"wp:featuredmedia":[{"embeddable":true,"href":"https:\/\/muumimukitrahaksi.fi\/sv\/wp-json\/wp\/v2\/media\/100149"}],"wp:attachment":[{"href":"https:\/\/muumimukitrahaksi.fi\/sv\/wp-json\/wp\/v2\/media?parent=100148"}],"wp:term":[{"taxonomy":"product_brand","embeddable":true,"href":"https:\/\/muumimukitrahaksi.fi\/sv\/wp-json\/wp\/v2\/product_brand?post=100148"},{"taxonomy":"product_cat","embeddable":true,"href":"https:\/\/muumimukitrahaksi.fi\/sv\/wp-json\/wp\/v2\/product_cat?post=100148"},{"taxonomy":"product_tag","embeddable":true,"href":"https:\/\/muumimukitrahaksi.fi\/sv\/wp-json\/wp\/v2\/product_tag?post=100148"}],"curies":[{"name":"wp","href":"https:\/\/api.w.org\/{rel}","templated":true}]}}