{"id":104366,"date":"2021-04-23T11:53:21","date_gmt":"2021-04-23T08:53:21","guid":{"rendered":"https:\/\/muumimukitrahaksi.fi\/tuote\/muminmugg-muurla-retro-snusmumriken-naturvit-2014-2016\/"},"modified":"2021-04-23T11:53:21","modified_gmt":"2021-04-23T08:53:21","slug":"muminmugg-muurla-retro-snusmumriken-naturvit-2014-2016","status":"publish","type":"product","link":"https:\/\/muumimukitrahaksi.fi\/sv\/produkt\/muminmugg-muurla-retro-snusmumriken-naturvit-2014-2016\/","title":{"rendered":"Muminmugg Muurla Retro Snusmumriken naturvit (2014-2016)"},"content":{"rendered":"<p style=\"text-align: center;\"><strong>\u2022 Officiell Moomin Characters\u00a0 licensinnehavare \u2022 Delbetalning\/faktura \u2022 Kvalitetsgranskade produkter<\/strong><\/p>\n<p>Retro Snusmumriken naturvit kom att ers\u00e4tta den tidigare, aningen m\u00f6rkare Retro Snusmumriken-muggen, som togs ur produktion \u00e5r 2014.<\/p>\n<p>Ytan p\u00e5 Muurlas muminmuggar, tillverkade av kolst\u00e5l, har en dubbel emaljbel\u00e4ggning. F\u00f6rutom vid matbordet passar dessa muggar ocks\u00e5 utm\u00e4rkt f\u00f6r utomhusbruk. Muggarna \u00e4r utm\u00e4rkta f\u00f6r vandring p\u00e5 grund av att de \u00e4r l\u00e4tta och h\u00e5llbara. Den normala volymen f\u00f6r Muurlas emaljmuggar \u00e4r 3,7 dl, men det finns ocks\u00e5 mindre och st\u00f6rre versioner av Muurlas muminmuggar. Muurlas muminmuggar \u00e4r handgjorda vilket betyder, att deras utseende kan variera n\u00e5got fr\u00e5n individ till individ.<\/p>\n<p>Muurlas Muminmuggar kan diskas i diskmaskin, men de b\u00f6r inte anv\u00e4ndas i mikrov\u00e5gsugn.<\/p>\n<p>Kolla in andra emaljmuggar fr\u00e5n Muurla <a href=\"https:\/\/muumimukitrahaksi.fi\/sv\/produkt-nyckelord\/muurla-sv\/\">h\u00e4r.<\/a><\/p>\n","protected":false},"excerpt":{"rendered":"<p style=\"text-align: center;\"><strong>H\u00f6gklassiga varor \u2022 Snabb leverans<\/strong><\/p>\n<p>Muurlas muminmugg Retro Snusmumriken naturvit. Muggen \u00e4r i mycket bra skick. Muggens volym \u00e4r 3,7dl. Muggarna packas med omsorg och f\u00f6rnybara material.<\/p>\n<p style=\"text-align: center;\"><strong>\u2022 S\u00e4kra betalningss\u00e4tt<\/strong><\/p>\n<p><img loading=\"lazy\" decoding=\"async\" class=\"aligncenter wp-image-20415 size-full\" src=\"https:\/\/muumimukitrahaksi.fi\/wp-content\/uploads\/2020\/06\/maksutavat-2026-pieni-eng.png\" alt=\"Payment options\" width=\"350\" height=\"200\" \/><\/p>\n","protected":false},"featured_media":104367,"template":"","meta":[],"product_brand":[],"product_cat":[534,542],"product_tag":[567,602,609],"class_list":{"0":"post-104366","1":"product","2":"type-product","3":"status-publish","4":"has-post-thumbnail","6":"product_cat-muggar","7":"product_cat-muurla-muggar","8":"product_tag-emaljmugg","9":"product_tag-muurla-sv","10":"product_tag-snusmumriken","12":"first","13":"instock","14":"taxable","15":"shipping-taxable","16":"purchasable","17":"product-type-simple"},"yoast_head":"<!-- This site is optimized with the Yoast SEO plugin v27.1.1 - https:\/\/yoast.com\/product\/yoast-seo-wordpress\/ -->\n<title>Muminmugg Muurla Retro Snusmumriken naturvit (2014-2016) - Muumimukit Rahaksi<\/title>\n<meta name=\"description\" content=\"Muurlas muminmugg Retro Snusmumriken naturvit. Muggen \u00e4r i mycket bra skick. Muggens volym \u00e4r 3,7dl.\" \/>\n<meta name=\"robots\" content=\"index, follow, max-snippet:-1, max-image-preview:large, max-video-preview:-1\" \/>\n<link rel=\"canonical\" href=\"https:\/\/muumimukitrahaksi.fi\/produkt\/muumimuki-muurla-retro-nuuskamuikkunen-kerma-2014-2016\/\" \/>\n<meta property=\"og:locale\" content=\"sv_SE\" \/>\n<meta property=\"og:type\" content=\"article\" \/>\n<meta property=\"og:title\" content=\"Muminmugg Muurla Retro Snusmumriken naturvit (2014-2016) - Muumimukit Rahaksi\" \/>\n<meta property=\"og:description\" content=\"Muurlas muminmugg Retro Snusmumriken naturvit. Muggen \u00e4r i mycket bra skick. Muggens volym \u00e4r 3,7dl.\" \/>\n<meta property=\"og:url\" content=\"https:\/\/muumimukitrahaksi.fi\/produkt\/muumimuki-muurla-retro-nuuskamuikkunen-kerma-2014-2016\/\" \/>\n<meta property=\"og:site_name\" content=\"Muumimukit Rahaksi\" \/>\n<meta property=\"article:publisher\" content=\"https:\/\/www.facebook.com\/muumimukitrahaksi\/\" \/>\n<meta property=\"og:image\" content=\"https:\/\/muumimukitrahaksi.fi\/wp-content\/uploads\/2021\/04\/DSC05263.jpg\" \/>\n\t<meta property=\"og:image:width\" content=\"1000\" \/>\n\t<meta property=\"og:image:height\" content=\"1000\" \/>\n\t<meta property=\"og:image:type\" content=\"image\/jpeg\" \/>\n<meta name=\"twitter:card\" content=\"summary_large_image\" \/>\n<meta name=\"twitter:site\" content=\"@MuumitRahaksi\" \/>\n<meta name=\"twitter:label1\" content=\"Ber\u00e4knad l\u00e4stid\" \/>\n\t<meta name=\"twitter:data1\" content=\"1 minut\" \/>\n<script type=\"application\/ld+json\" class=\"yoast-schema-graph\">{\"@context\":\"https:\/\/schema.org\",\"@graph\":[{\"@type\":\"WebPage\",\"@id\":\"https:\/\/muumimukitrahaksi.fi\/produkt\/muumimuki-muurla-retro-nuuskamuikkunen-kerma-2014-2016\/\",\"url\":\"https:\/\/muumimukitrahaksi.fi\/produkt\/muumimuki-muurla-retro-nuuskamuikkunen-kerma-2014-2016\/\",\"name\":\"Muminmugg Muurla Retro Snusmumriken naturvit (2014-2016) - Muumimukit Rahaksi\",\"isPartOf\":{\"@id\":\"https:\/\/muumimukitrahaksi.fi\/#website\"},\"primaryImageOfPage\":{\"@id\":\"https:\/\/muumimukitrahaksi.fi\/produkt\/muumimuki-muurla-retro-nuuskamuikkunen-kerma-2014-2016\/#primaryimage\"},\"image\":{\"@id\":\"https:\/\/muumimukitrahaksi.fi\/produkt\/muumimuki-muurla-retro-nuuskamuikkunen-kerma-2014-2016\/#primaryimage\"},\"thumbnailUrl\":\"https:\/\/muumimukitrahaksi.fi\/wp-content\/uploads\/2021\/04\/DSC05263.jpg\",\"datePublished\":\"2021-04-23T08:53:21+00:00\",\"description\":\"Muurlas muminmugg Retro Snusmumriken naturvit. Muggen \u00e4r i mycket bra skick. Muggens volym \u00e4r 3,7dl.\",\"breadcrumb\":{\"@id\":\"https:\/\/muumimukitrahaksi.fi\/produkt\/muumimuki-muurla-retro-nuuskamuikkunen-kerma-2014-2016\/#breadcrumb\"},\"inLanguage\":\"sv-SE\",\"potentialAction\":[{\"@type\":\"ReadAction\",\"target\":[\"https:\/\/muumimukitrahaksi.fi\/produkt\/muumimuki-muurla-retro-nuuskamuikkunen-kerma-2014-2016\/\"]}]},{\"@type\":\"ImageObject\",\"inLanguage\":\"sv-SE\",\"@id\":\"https:\/\/muumimukitrahaksi.fi\/produkt\/muumimuki-muurla-retro-nuuskamuikkunen-kerma-2014-2016\/#primaryimage\",\"url\":\"https:\/\/muumimukitrahaksi.fi\/wp-content\/uploads\/2021\/04\/DSC05263.jpg\",\"contentUrl\":\"https:\/\/muumimukitrahaksi.fi\/wp-content\/uploads\/2021\/04\/DSC05263.jpg\",\"width\":1000,\"height\":1000,\"caption\":\"Muminmugg Muurla Retro Snusmumriken naturvit\"},{\"@type\":\"BreadcrumbList\",\"@id\":\"https:\/\/muumimukitrahaksi.fi\/produkt\/muumimuki-muurla-retro-nuuskamuikkunen-kerma-2014-2016\/#breadcrumb\",\"itemListElement\":[{\"@type\":\"ListItem\",\"position\":1,\"name\":\"Etusivu\",\"item\":\"https:\/\/muumimukitrahaksi.fi\/sv\/\"},{\"@type\":\"ListItem\",\"position\":2,\"name\":\"Butik\",\"item\":\"https:\/\/muumimukitrahaksi.fi\/sv\/butik\/\"},{\"@type\":\"ListItem\",\"position\":3,\"name\":\"Muminmugg Muurla Retro Snusmumriken naturvit (2014-2016)\"}]},{\"@type\":\"WebSite\",\"@id\":\"https:\/\/muumimukitrahaksi.fi\/#website\",\"url\":\"https:\/\/muumimukitrahaksi.fi\/\",\"name\":\"Muumimukit Rahaksi\",\"description\":\"Muumimukeja, -kulhoja ja -lautasia ker\u00e4ilij\u00f6ille!\",\"publisher\":{\"@id\":\"https:\/\/muumimukitrahaksi.fi\/#organization\"},\"potentialAction\":[{\"@type\":\"SearchAction\",\"target\":{\"@type\":\"EntryPoint\",\"urlTemplate\":\"https:\/\/muumimukitrahaksi.fi\/?s={search_term_string}\"},\"query-input\":{\"@type\":\"PropertyValueSpecification\",\"valueRequired\":true,\"valueName\":\"search_term_string\"}}],\"inLanguage\":\"sv-SE\"},{\"@type\":\"Organization\",\"@id\":\"https:\/\/muumimukitrahaksi.fi\/#organization\",\"name\":\"Muumimukit Rahaksi\",\"url\":\"https:\/\/muumimukitrahaksi.fi\/\",\"logo\":{\"@type\":\"ImageObject\",\"inLanguage\":\"sv-SE\",\"@id\":\"https:\/\/muumimukitrahaksi.fi\/#\/schema\/logo\/image\/\",\"url\":\"https:\/\/muumimukitrahaksi.fi\/wp-content\/uploads\/2017\/09\/logooo.jpg\",\"contentUrl\":\"https:\/\/muumimukitrahaksi.fi\/wp-content\/uploads\/2017\/09\/logooo.jpg\",\"width\":514,\"height\":514,\"caption\":\"Muumimukit Rahaksi\"},\"image\":{\"@id\":\"https:\/\/muumimukitrahaksi.fi\/#\/schema\/logo\/image\/\"},\"sameAs\":[\"https:\/\/www.facebook.com\/muumimukitrahaksi\/\",\"https:\/\/x.com\/MuumitRahaksi\",\"https:\/\/www.instagram.com\/muumimukitrahaksi\/\"]}]}<\/script>\n<!-- \/ Yoast SEO plugin. -->","yoast_head_json":{"title":"Muminmugg Muurla Retro Snusmumriken naturvit (2014-2016) - Muumimukit Rahaksi","description":"Muurlas muminmugg Retro Snusmumriken naturvit. Muggen \u00e4r i mycket bra skick. Muggens volym \u00e4r 3,7dl.","robots":{"index":"index","follow":"follow","max-snippet":"max-snippet:-1","max-image-preview":"max-image-preview:large","max-video-preview":"max-video-preview:-1"},"canonical":"https:\/\/muumimukitrahaksi.fi\/produkt\/muumimuki-muurla-retro-nuuskamuikkunen-kerma-2014-2016\/","og_locale":"sv_SE","og_type":"article","og_title":"Muminmugg Muurla Retro Snusmumriken naturvit (2014-2016) - Muumimukit Rahaksi","og_description":"Muurlas muminmugg Retro Snusmumriken naturvit. Muggen \u00e4r i mycket bra skick. Muggens volym \u00e4r 3,7dl.","og_url":"https:\/\/muumimukitrahaksi.fi\/produkt\/muumimuki-muurla-retro-nuuskamuikkunen-kerma-2014-2016\/","og_site_name":"Muumimukit Rahaksi","article_publisher":"https:\/\/www.facebook.com\/muumimukitrahaksi\/","og_image":[{"width":1000,"height":1000,"url":"https:\/\/muumimukitrahaksi.fi\/wp-content\/uploads\/2021\/04\/DSC05263.jpg","type":"image\/jpeg"}],"twitter_card":"summary_large_image","twitter_site":"@MuumitRahaksi","twitter_misc":{"Ber\u00e4knad l\u00e4stid":"1 minut"},"schema":{"@context":"https:\/\/schema.org","@graph":[{"@type":"WebPage","@id":"https:\/\/muumimukitrahaksi.fi\/produkt\/muumimuki-muurla-retro-nuuskamuikkunen-kerma-2014-2016\/","url":"https:\/\/muumimukitrahaksi.fi\/produkt\/muumimuki-muurla-retro-nuuskamuikkunen-kerma-2014-2016\/","name":"Muminmugg Muurla Retro Snusmumriken naturvit (2014-2016) - Muumimukit Rahaksi","isPartOf":{"@id":"https:\/\/muumimukitrahaksi.fi\/#website"},"primaryImageOfPage":{"@id":"https:\/\/muumimukitrahaksi.fi\/produkt\/muumimuki-muurla-retro-nuuskamuikkunen-kerma-2014-2016\/#primaryimage"},"image":{"@id":"https:\/\/muumimukitrahaksi.fi\/produkt\/muumimuki-muurla-retro-nuuskamuikkunen-kerma-2014-2016\/#primaryimage"},"thumbnailUrl":"https:\/\/muumimukitrahaksi.fi\/wp-content\/uploads\/2021\/04\/DSC05263.jpg","datePublished":"2021-04-23T08:53:21+00:00","description":"Muurlas muminmugg Retro Snusmumriken naturvit. Muggen \u00e4r i mycket bra skick. Muggens volym \u00e4r 3,7dl.","breadcrumb":{"@id":"https:\/\/muumimukitrahaksi.fi\/produkt\/muumimuki-muurla-retro-nuuskamuikkunen-kerma-2014-2016\/#breadcrumb"},"inLanguage":"sv-SE","potentialAction":[{"@type":"ReadAction","target":["https:\/\/muumimukitrahaksi.fi\/produkt\/muumimuki-muurla-retro-nuuskamuikkunen-kerma-2014-2016\/"]}]},{"@type":"ImageObject","inLanguage":"sv-SE","@id":"https:\/\/muumimukitrahaksi.fi\/produkt\/muumimuki-muurla-retro-nuuskamuikkunen-kerma-2014-2016\/#primaryimage","url":"https:\/\/muumimukitrahaksi.fi\/wp-content\/uploads\/2021\/04\/DSC05263.jpg","contentUrl":"https:\/\/muumimukitrahaksi.fi\/wp-content\/uploads\/2021\/04\/DSC05263.jpg","width":1000,"height":1000,"caption":"Muminmugg Muurla Retro Snusmumriken naturvit"},{"@type":"BreadcrumbList","@id":"https:\/\/muumimukitrahaksi.fi\/produkt\/muumimuki-muurla-retro-nuuskamuikkunen-kerma-2014-2016\/#breadcrumb","itemListElement":[{"@type":"ListItem","position":1,"name":"Etusivu","item":"https:\/\/muumimukitrahaksi.fi\/sv\/"},{"@type":"ListItem","position":2,"name":"Butik","item":"https:\/\/muumimukitrahaksi.fi\/sv\/butik\/"},{"@type":"ListItem","position":3,"name":"Muminmugg Muurla Retro Snusmumriken naturvit (2014-2016)"}]},{"@type":"WebSite","@id":"https:\/\/muumimukitrahaksi.fi\/#website","url":"https:\/\/muumimukitrahaksi.fi\/","name":"Muumimukit Rahaksi","description":"Muumimukeja, -kulhoja ja -lautasia ker\u00e4ilij\u00f6ille!","publisher":{"@id":"https:\/\/muumimukitrahaksi.fi\/#organization"},"potentialAction":[{"@type":"SearchAction","target":{"@type":"EntryPoint","urlTemplate":"https:\/\/muumimukitrahaksi.fi\/?s={search_term_string}"},"query-input":{"@type":"PropertyValueSpecification","valueRequired":true,"valueName":"search_term_string"}}],"inLanguage":"sv-SE"},{"@type":"Organization","@id":"https:\/\/muumimukitrahaksi.fi\/#organization","name":"Muumimukit Rahaksi","url":"https:\/\/muumimukitrahaksi.fi\/","logo":{"@type":"ImageObject","inLanguage":"sv-SE","@id":"https:\/\/muumimukitrahaksi.fi\/#\/schema\/logo\/image\/","url":"https:\/\/muumimukitrahaksi.fi\/wp-content\/uploads\/2017\/09\/logooo.jpg","contentUrl":"https:\/\/muumimukitrahaksi.fi\/wp-content\/uploads\/2017\/09\/logooo.jpg","width":514,"height":514,"caption":"Muumimukit Rahaksi"},"image":{"@id":"https:\/\/muumimukitrahaksi.fi\/#\/schema\/logo\/image\/"},"sameAs":["https:\/\/www.facebook.com\/muumimukitrahaksi\/","https:\/\/x.com\/MuumitRahaksi","https:\/\/www.instagram.com\/muumimukitrahaksi\/"]}]}},"_links":{"self":[{"href":"https:\/\/muumimukitrahaksi.fi\/sv\/wp-json\/wp\/v2\/product\/104366","targetHints":{"allow":["GET"]}}],"collection":[{"href":"https:\/\/muumimukitrahaksi.fi\/sv\/wp-json\/wp\/v2\/product"}],"about":[{"href":"https:\/\/muumimukitrahaksi.fi\/sv\/wp-json\/wp\/v2\/types\/product"}],"wp:featuredmedia":[{"embeddable":true,"href":"https:\/\/muumimukitrahaksi.fi\/sv\/wp-json\/wp\/v2\/media\/104367"}],"wp:attachment":[{"href":"https:\/\/muumimukitrahaksi.fi\/sv\/wp-json\/wp\/v2\/media?parent=104366"}],"wp:term":[{"taxonomy":"product_brand","embeddable":true,"href":"https:\/\/muumimukitrahaksi.fi\/sv\/wp-json\/wp\/v2\/product_brand?post=104366"},{"taxonomy":"product_cat","embeddable":true,"href":"https:\/\/muumimukitrahaksi.fi\/sv\/wp-json\/wp\/v2\/product_cat?post=104366"},{"taxonomy":"product_tag","embeddable":true,"href":"https:\/\/muumimukitrahaksi.fi\/sv\/wp-json\/wp\/v2\/product_tag?post=104366"}],"curies":[{"name":"wp","href":"https:\/\/api.w.org\/{rel}","templated":true}]}}