{"id":10441,"date":"2019-05-31T17:12:27","date_gmt":"2019-05-31T14:12:27","guid":{"rendered":"https:\/\/muumimukitrahaksi.fi\/?post_type=product&#038;p=10441"},"modified":"2023-03-16T13:39:27","modified_gmt":"2023-03-16T11:39:27","slug":"muumimuki-fazer-271-400-2004","status":"publish","type":"product","link":"https:\/\/muumimukitrahaksi.fi\/sv\/produkt\/muumimuki-fazer-271-400-2004\/","title":{"rendered":"Muumimuki Fazer 271\/400 (2004)"},"content":{"rendered":"","protected":false},"excerpt":{"rendered":"<p>Muumimukien Graalin malja tarjolla! Myynniss\u00e4 kuvan Arabian muumimuki Fazer. Muki on Arabian valmistamista muumimukeista kaikkein harvinaisin. Mukia valmistettiin numeroitu 400 kappaleen er\u00e4 joulumarkkinoille vuonna 2004. T\u00e4m\u00e4n mukin numero on 271. Mukia myytiin ainoastaan Fazerin kahvilassa Helsingiss\u00e4. Kuvitus perustuu Tove Janssonin Fazerille piirt\u00e4m\u00e4\u00e4n mainokseen. T\u00e4m\u00e4 yksil\u00f6 on uudenveroinen ja t\u00e4ysin virheet\u00f6n. Myyt\u00e4v\u00e4\u00e4n mukiin kuuluu my\u00f6s alkuper\u00e4inen sellofaani Fazer-nauhalla. Lis\u00e4kuvia sellofaanin kanssa voi pyyt\u00e4\u00e4 s\u00e4hk\u00f6postitse info@muumimukitrahaksi.fi. Hintaan sis\u00e4ltyy mukin henkil\u00f6kohtainen toimitus Suomen rajojen sis\u00e4ll\u00e4.<\/p>\n","protected":false},"featured_media":10149,"template":"","meta":[],"product_brand":[],"product_cat":[402,389,8,384,392],"product_tag":[116,110,124],"class_list":{"0":"post-10441","1":"product","2":"type-product","3":"status-publish","4":"has-post-thumbnail","6":"product_cat-arabia-mukit","7":"product_cat-erikoismukit","8":"product_cat-mukit","9":"product_cat-tarrattomat","10":"product_cat-tuotannosta-poistuneet-mukit","11":"product_tag-erikoismuki","12":"product_tag-muumimuki","13":"product_tag-tarraton","15":"first","16":"outofstock","17":"taxable","18":"shipping-taxable","19":"purchasable","20":"product-type-simple"},"yoast_head":"<!-- This site is optimized with the Yoast SEO plugin v27.1.1 - https:\/\/yoast.com\/product\/yoast-seo-wordpress\/ -->\n<title>Muumimuki Fazer 271\/400 (2004) - Muumimukit Rahaksi<\/title>\n<meta name=\"description\" content=\"Muumimukien Graalin malja tarjolla! Myynniss\u00e4 kuvan Arabian muumimuki Fazer. Muki on Arabian valmistamista muumimukeista kaikkein harvinaisin.\" \/>\n<meta name=\"robots\" content=\"index, follow, max-snippet:-1, max-image-preview:large, max-video-preview:-1\" \/>\n<link rel=\"canonical\" href=\"https:\/\/muumimukitrahaksi.fi\/tuote\/muumimuki-fazer\/\" \/>\n<meta property=\"og:locale\" content=\"sv_SE\" \/>\n<meta property=\"og:type\" content=\"article\" \/>\n<meta property=\"og:title\" content=\"Muumimuki Fazer 271\/400 (2004) - Muumimukit Rahaksi\" \/>\n<meta property=\"og:description\" content=\"Muumimukien Graalin malja tarjolla! Myynniss\u00e4 kuvan Arabian muumimuki Fazer. Muki on Arabian valmistamista muumimukeista kaikkein harvinaisin.\" \/>\n<meta property=\"og:url\" content=\"https:\/\/muumimukitrahaksi.fi\/tuote\/muumimuki-fazer\/\" \/>\n<meta property=\"og:site_name\" content=\"Muumimukit Rahaksi\" \/>\n<meta property=\"article:publisher\" content=\"https:\/\/www.facebook.com\/muumimukitrahaksi\/\" \/>\n<meta property=\"article:modified_time\" content=\"2023-03-16T11:39:27+00:00\" \/>\n<meta property=\"og:image\" content=\"https:\/\/muumimukitrahaksi.fi\/wp-content\/uploads\/2019\/05\/DSC04052-scaled.jpg\" \/>\n\t<meta property=\"og:image:width\" content=\"2286\" \/>\n\t<meta property=\"og:image:height\" content=\"2560\" \/>\n\t<meta property=\"og:image:type\" content=\"image\/jpeg\" \/>\n<meta name=\"twitter:card\" content=\"summary_large_image\" \/>\n<meta name=\"twitter:site\" content=\"@MuumitRahaksi\" \/>\n<script type=\"application\/ld+json\" class=\"yoast-schema-graph\">{\"@context\":\"https:\/\/schema.org\",\"@graph\":[{\"@type\":\"WebPage\",\"@id\":\"https:\/\/muumimukitrahaksi.fi\/tuote\/muumimuki-fazer-271-400-2004\/\",\"url\":\"https:\/\/muumimukitrahaksi.fi\/tuote\/muumimuki-fazer\/\",\"name\":\"Muumimuki Fazer 271\/400 (2004) - Muumimukit Rahaksi\",\"isPartOf\":{\"@id\":\"https:\/\/muumimukitrahaksi.fi\/#website\"},\"primaryImageOfPage\":{\"@id\":\"https:\/\/muumimukitrahaksi.fi\/tuote\/muumimuki-fazer\/#primaryimage\"},\"image\":{\"@id\":\"https:\/\/muumimukitrahaksi.fi\/tuote\/muumimuki-fazer\/#primaryimage\"},\"thumbnailUrl\":\"https:\/\/muumimukitrahaksi.fi\/wp-content\/uploads\/2019\/05\/DSC04052-scaled.jpg\",\"datePublished\":\"2019-05-31T14:12:27+00:00\",\"dateModified\":\"2023-03-16T11:39:27+00:00\",\"description\":\"Muumimukien Graalin malja tarjolla! Myynniss\u00e4 kuvan Arabian muumimuki Fazer. Muki on Arabian valmistamista muumimukeista kaikkein harvinaisin.\",\"breadcrumb\":{\"@id\":\"https:\/\/muumimukitrahaksi.fi\/tuote\/muumimuki-fazer\/#breadcrumb\"},\"inLanguage\":\"sv-SE\",\"potentialAction\":[{\"@type\":\"ReadAction\",\"target\":[\"https:\/\/muumimukitrahaksi.fi\/tuote\/muumimuki-fazer\/\"]}]},{\"@type\":\"ImageObject\",\"inLanguage\":\"sv-SE\",\"@id\":\"https:\/\/muumimukitrahaksi.fi\/tuote\/muumimuki-fazer\/#primaryimage\",\"url\":\"https:\/\/muumimukitrahaksi.fi\/wp-content\/uploads\/2019\/05\/DSC04052-scaled.jpg\",\"contentUrl\":\"https:\/\/muumimukitrahaksi.fi\/wp-content\/uploads\/2019\/05\/DSC04052-scaled.jpg\",\"width\":2286,\"height\":2560,\"caption\":\"Muumimuki Fazer\"},{\"@type\":\"BreadcrumbList\",\"@id\":\"https:\/\/muumimukitrahaksi.fi\/tuote\/muumimuki-fazer\/#breadcrumb\",\"itemListElement\":[{\"@type\":\"ListItem\",\"position\":1,\"name\":\"Etusivu\",\"item\":\"https:\/\/muumimukitrahaksi.fi\/sv\/\"},{\"@type\":\"ListItem\",\"position\":2,\"name\":\"Butik\",\"item\":\"https:\/\/muumimukitrahaksi.fi\/sv\/butik\/\"},{\"@type\":\"ListItem\",\"position\":3,\"name\":\"Muumimuki Fazer 271\/400 (2004)\"}]},{\"@type\":\"WebSite\",\"@id\":\"https:\/\/muumimukitrahaksi.fi\/#website\",\"url\":\"https:\/\/muumimukitrahaksi.fi\/\",\"name\":\"Muumimukit Rahaksi\",\"description\":\"Muumimukeja, -kulhoja ja -lautasia ker\u00e4ilij\u00f6ille!\",\"publisher\":{\"@id\":\"https:\/\/muumimukitrahaksi.fi\/#organization\"},\"potentialAction\":[{\"@type\":\"SearchAction\",\"target\":{\"@type\":\"EntryPoint\",\"urlTemplate\":\"https:\/\/muumimukitrahaksi.fi\/?s={search_term_string}\"},\"query-input\":{\"@type\":\"PropertyValueSpecification\",\"valueRequired\":true,\"valueName\":\"search_term_string\"}}],\"inLanguage\":\"sv-SE\"},{\"@type\":\"Organization\",\"@id\":\"https:\/\/muumimukitrahaksi.fi\/#organization\",\"name\":\"Muumimukit Rahaksi\",\"url\":\"https:\/\/muumimukitrahaksi.fi\/\",\"logo\":{\"@type\":\"ImageObject\",\"inLanguage\":\"sv-SE\",\"@id\":\"https:\/\/muumimukitrahaksi.fi\/#\/schema\/logo\/image\/\",\"url\":\"https:\/\/muumimukitrahaksi.fi\/wp-content\/uploads\/2017\/09\/logooo.jpg\",\"contentUrl\":\"https:\/\/muumimukitrahaksi.fi\/wp-content\/uploads\/2017\/09\/logooo.jpg\",\"width\":514,\"height\":514,\"caption\":\"Muumimukit Rahaksi\"},\"image\":{\"@id\":\"https:\/\/muumimukitrahaksi.fi\/#\/schema\/logo\/image\/\"},\"sameAs\":[\"https:\/\/www.facebook.com\/muumimukitrahaksi\/\",\"https:\/\/x.com\/MuumitRahaksi\",\"https:\/\/www.instagram.com\/muumimukitrahaksi\/\"]}]}<\/script>\n<!-- \/ Yoast SEO plugin. -->","yoast_head_json":{"title":"Muumimuki Fazer 271\/400 (2004) - Muumimukit Rahaksi","description":"Muumimukien Graalin malja tarjolla! Myynniss\u00e4 kuvan Arabian muumimuki Fazer. Muki on Arabian valmistamista muumimukeista kaikkein harvinaisin.","robots":{"index":"index","follow":"follow","max-snippet":"max-snippet:-1","max-image-preview":"max-image-preview:large","max-video-preview":"max-video-preview:-1"},"canonical":"https:\/\/muumimukitrahaksi.fi\/tuote\/muumimuki-fazer\/","og_locale":"sv_SE","og_type":"article","og_title":"Muumimuki Fazer 271\/400 (2004) - Muumimukit Rahaksi","og_description":"Muumimukien Graalin malja tarjolla! Myynniss\u00e4 kuvan Arabian muumimuki Fazer. Muki on Arabian valmistamista muumimukeista kaikkein harvinaisin.","og_url":"https:\/\/muumimukitrahaksi.fi\/tuote\/muumimuki-fazer\/","og_site_name":"Muumimukit Rahaksi","article_publisher":"https:\/\/www.facebook.com\/muumimukitrahaksi\/","article_modified_time":"2023-03-16T11:39:27+00:00","og_image":[{"width":2286,"height":2560,"url":"https:\/\/muumimukitrahaksi.fi\/wp-content\/uploads\/2019\/05\/DSC04052-scaled.jpg","type":"image\/jpeg"}],"twitter_card":"summary_large_image","twitter_site":"@MuumitRahaksi","schema":{"@context":"https:\/\/schema.org","@graph":[{"@type":"WebPage","@id":"https:\/\/muumimukitrahaksi.fi\/tuote\/muumimuki-fazer-271-400-2004\/","url":"https:\/\/muumimukitrahaksi.fi\/tuote\/muumimuki-fazer\/","name":"Muumimuki Fazer 271\/400 (2004) - Muumimukit Rahaksi","isPartOf":{"@id":"https:\/\/muumimukitrahaksi.fi\/#website"},"primaryImageOfPage":{"@id":"https:\/\/muumimukitrahaksi.fi\/tuote\/muumimuki-fazer\/#primaryimage"},"image":{"@id":"https:\/\/muumimukitrahaksi.fi\/tuote\/muumimuki-fazer\/#primaryimage"},"thumbnailUrl":"https:\/\/muumimukitrahaksi.fi\/wp-content\/uploads\/2019\/05\/DSC04052-scaled.jpg","datePublished":"2019-05-31T14:12:27+00:00","dateModified":"2023-03-16T11:39:27+00:00","description":"Muumimukien Graalin malja tarjolla! Myynniss\u00e4 kuvan Arabian muumimuki Fazer. Muki on Arabian valmistamista muumimukeista kaikkein harvinaisin.","breadcrumb":{"@id":"https:\/\/muumimukitrahaksi.fi\/tuote\/muumimuki-fazer\/#breadcrumb"},"inLanguage":"sv-SE","potentialAction":[{"@type":"ReadAction","target":["https:\/\/muumimukitrahaksi.fi\/tuote\/muumimuki-fazer\/"]}]},{"@type":"ImageObject","inLanguage":"sv-SE","@id":"https:\/\/muumimukitrahaksi.fi\/tuote\/muumimuki-fazer\/#primaryimage","url":"https:\/\/muumimukitrahaksi.fi\/wp-content\/uploads\/2019\/05\/DSC04052-scaled.jpg","contentUrl":"https:\/\/muumimukitrahaksi.fi\/wp-content\/uploads\/2019\/05\/DSC04052-scaled.jpg","width":2286,"height":2560,"caption":"Muumimuki Fazer"},{"@type":"BreadcrumbList","@id":"https:\/\/muumimukitrahaksi.fi\/tuote\/muumimuki-fazer\/#breadcrumb","itemListElement":[{"@type":"ListItem","position":1,"name":"Etusivu","item":"https:\/\/muumimukitrahaksi.fi\/sv\/"},{"@type":"ListItem","position":2,"name":"Butik","item":"https:\/\/muumimukitrahaksi.fi\/sv\/butik\/"},{"@type":"ListItem","position":3,"name":"Muumimuki Fazer 271\/400 (2004)"}]},{"@type":"WebSite","@id":"https:\/\/muumimukitrahaksi.fi\/#website","url":"https:\/\/muumimukitrahaksi.fi\/","name":"Muumimukit Rahaksi","description":"Muumimukeja, -kulhoja ja -lautasia ker\u00e4ilij\u00f6ille!","publisher":{"@id":"https:\/\/muumimukitrahaksi.fi\/#organization"},"potentialAction":[{"@type":"SearchAction","target":{"@type":"EntryPoint","urlTemplate":"https:\/\/muumimukitrahaksi.fi\/?s={search_term_string}"},"query-input":{"@type":"PropertyValueSpecification","valueRequired":true,"valueName":"search_term_string"}}],"inLanguage":"sv-SE"},{"@type":"Organization","@id":"https:\/\/muumimukitrahaksi.fi\/#organization","name":"Muumimukit Rahaksi","url":"https:\/\/muumimukitrahaksi.fi\/","logo":{"@type":"ImageObject","inLanguage":"sv-SE","@id":"https:\/\/muumimukitrahaksi.fi\/#\/schema\/logo\/image\/","url":"https:\/\/muumimukitrahaksi.fi\/wp-content\/uploads\/2017\/09\/logooo.jpg","contentUrl":"https:\/\/muumimukitrahaksi.fi\/wp-content\/uploads\/2017\/09\/logooo.jpg","width":514,"height":514,"caption":"Muumimukit Rahaksi"},"image":{"@id":"https:\/\/muumimukitrahaksi.fi\/#\/schema\/logo\/image\/"},"sameAs":["https:\/\/www.facebook.com\/muumimukitrahaksi\/","https:\/\/x.com\/MuumitRahaksi","https:\/\/www.instagram.com\/muumimukitrahaksi\/"]}]}},"_links":{"self":[{"href":"https:\/\/muumimukitrahaksi.fi\/sv\/wp-json\/wp\/v2\/product\/10441","targetHints":{"allow":["GET"]}}],"collection":[{"href":"https:\/\/muumimukitrahaksi.fi\/sv\/wp-json\/wp\/v2\/product"}],"about":[{"href":"https:\/\/muumimukitrahaksi.fi\/sv\/wp-json\/wp\/v2\/types\/product"}],"wp:featuredmedia":[{"embeddable":true,"href":"https:\/\/muumimukitrahaksi.fi\/sv\/wp-json\/wp\/v2\/media\/10149"}],"wp:attachment":[{"href":"https:\/\/muumimukitrahaksi.fi\/sv\/wp-json\/wp\/v2\/media?parent=10441"}],"wp:term":[{"taxonomy":"product_brand","embeddable":true,"href":"https:\/\/muumimukitrahaksi.fi\/sv\/wp-json\/wp\/v2\/product_brand?post=10441"},{"taxonomy":"product_cat","embeddable":true,"href":"https:\/\/muumimukitrahaksi.fi\/sv\/wp-json\/wp\/v2\/product_cat?post=10441"},{"taxonomy":"product_tag","embeddable":true,"href":"https:\/\/muumimukitrahaksi.fi\/sv\/wp-json\/wp\/v2\/product_tag?post=10441"}],"curies":[{"name":"wp","href":"https:\/\/api.w.org\/{rel}","templated":true}]}}