{"id":104497,"date":"2024-03-05T17:39:31","date_gmt":"2024-03-05T15:39:31","guid":{"rendered":"https:\/\/muumimukitrahaksi.fi\/tuote\/muminmugg-karlek-bla-2024-etikett\/"},"modified":"2026-04-07T20:42:34","modified_gmt":"2026-04-07T17:42:34","slug":"muminmugg-karlek-bla-2024-etikett","status":"publish","type":"product","link":"https:\/\/muumimukitrahaksi.fi\/sv\/produkt\/muminmugg-karlek-bla-2024-etikett\/","title":{"rendered":"Muminmugg K\u00e4rlek bl\u00e5 (2024-) *ETIKETT*"},"content":{"rendered":"<p style=\"text-align: center;\"><strong>\u2022 Officiell Moomin Characters\u00a0 licensinnehavare \u2022 Delbetalning\/faktura \u2022 Kvalitetsgranskade produkter<\/strong><\/p>\n<p><strong>Muminmuggen K\u00e4rlek bl\u00e5<\/strong> \u00e4r en ny version av den <a href=\"https:\/\/muumimukitrahaksi.fi\/sv\/produkt\/muminmugg-karlek-1996-etikett\/\">rosa K\u00e4rlek-mugge<\/a>n, som \u00e4r den enda muminmuggen som har funnits i produktion sedan 90-talet. I och med detta har den rosa K\u00e4rlek-muggen varit den l\u00e4ngst producerade muggen. Trots detta f\u00f6rblir den rosa K\u00e4rlek-muggen fortfarande en av de mest s\u00e5lda muminmuggarna varje \u00e5r.<\/p>\n<p>Den bl\u00e5 K\u00e4rlek-muminmuggen lanserades ursprungligen endast f\u00f6r den japanska marknaden. Muggen lanserades den 1 mars 2024, tillsammans med andra produkter ur K\u00e4rlek-kollektionen. Kollektionen inneh\u00e5ller bland annat miniatyrmuggar, sm\u00e5 tallrikar och hemtextilier. Den bl\u00e5 K\u00e4rlek-muggens volym \u00e4r 0,3 liter. Moomin Arabia meddelade att eftersom den rosa K\u00e4rlek-muggen \u00e4r den mest popul\u00e4ra muminmuggen genom tiderna, ville de skapa en ljusbl\u00e5 version f\u00f6r den japanska marknaden. Moomin Arabia meddelade ursprungligen \u00e4ven, att en del av kollektionens produkter kommer att bli tillg\u00e4ngliga i andra av Moomin Arabias f\u00f6rs\u00e4ljningskanaler vid ett senare tillf\u00e4lle.<\/p>\n<p>Moomin Arabia meddelade, att den bl\u00e5 K\u00e4rlek-muggen kommer att s\u00e4ljas \u00e4ven utanf\u00f6r Japan fr\u00e5n och med den 30 oktober 2024 som en del av Mumins 80-\u00e5rsjubileum. Muggarna skiljer sig dock fr\u00e5n de som s\u00e5ldes i Japan genom att de nya muggarna har en jubileumsst\u00e4mpel f\u00f6r Mumin 80 p\u00e5 botten av muggen. Dessutom levereras de nya muggarna utan presentf\u00f6rpackning. Jubileumsutg\u00e5van kommer att s\u00e4ljas fram till slutet av 2025. Kollektionen inneh\u00e5ller \u00e4ven en bl\u00e5 minitallrik och en miniatyrmugg. De rosa minitallrikarna och miniatyrmuggarna kommer dock inte att s\u00e4ljas utanf\u00f6r Japan.<\/p>\n<p>I illustrationen p\u00e5 K\u00e4rlek bl\u00e5-muggen skildras Snorkfr\u00f6ken och Mumintrollets f\u00f6rh\u00e5llande. Deras f\u00f6rh\u00e5llande \u00e4r inte alltid en dans p\u00e5 rosor, men till slut verkar deras v\u00e4gar alltid knytas samman igen. Muggen har en av de mest k\u00e4nda Mumin-illustrationerna, Mumintrollet och Snorkfr\u00f6ken omfamnande, fr\u00e5n Tove Janssons serie &#8220;Mumin och marsianerna&#8221; (1957)<\/p>\n<p><a href=\"https:\/\/www.youtube.com\/watch?v=CKfThZr3Py8\">Kolla videon p\u00e5 den ljusr\u00f6da K\u00e4rlek -muggen p\u00e5 v\u00e5r Youtubekanal,<\/a><\/p>\n<p>Kolla in andra K\u00e4rlek-produkter <a href=\"https:\/\/muumimukitrahaksi.fi\/sv\/produkt-nyckelord\/karlek\/\">h\u00e4r.<\/a><\/p>\n<p>Har du en K\u00e4rlek bl\u00e5 -muminmugg och vill s\u00e4lja den? Vi k\u00f6per ocks\u00e5 muminmuggar. Klicka <a href=\"https:\/\/muumimukitrahaksi.fi\/en\/sell-moomin\/\">h\u00e4r<\/a>, fyll i formul\u00e4ret och f\u00e5 en offert samma dag.<\/p>\n","protected":false},"excerpt":{"rendered":"<p style=\"text-align: center;\"><strong>H\u00f6gklassiga varor \u2022 Snabb leverans<\/strong><\/p>\n<p>Moomin Arabias muminmugg K\u00e4rlek bl\u00e5. Muggen \u00e4r ny och har etiketten kvar.\u00a0Muggarna packas med omsorg och f\u00f6rnybara material.<\/p>\n<p style=\"text-align: center;\"><strong>\u2022 S\u00e4kra betalningss\u00e4tt<\/strong><\/p>\n<p><img loading=\"lazy\" decoding=\"async\" class=\"aligncenter wp-image-20415 size-full\" src=\"https:\/\/muumimukitrahaksi.fi\/wp-content\/uploads\/2020\/06\/maksutavat-2026-pieni-eng.png\" alt=\"Payment options\" width=\"350\" height=\"200\" \/><\/p>\n","protected":false},"featured_media":106061,"template":"","meta":[],"product_brand":[],"product_cat":[537,546,544,534],"product_tag":[614,626,597],"class_list":{"0":"post-104497","1":"product","2":"type-product","3":"status-publish","4":"has-post-thumbnail","6":"product_cat-arabia-muggar","7":"product_cat-muggar-i-produktion","8":"product_cat-muggar-med-etikett","9":"product_cat-muggar","10":"product_tag-karlek","11":"product_tag-med-etikett","12":"product_tag-muminmugg","14":"first","15":"instock","16":"featured","17":"taxable","18":"shipping-taxable","19":"purchasable","20":"product-type-simple"},"yoast_head":"<!-- This site is optimized with the Yoast SEO plugin v27.1.1 - https:\/\/yoast.com\/product\/yoast-seo-wordpress\/ -->\n<title>Muminmugg K\u00e4rlek bl\u00e5 (2024-) *ETIKETT* - Muumimukit Rahaksi<\/title>\n<meta name=\"description\" content=\"Moomin Arabias muminmugg K\u00e4rlek bl\u00e5. Muggen \u00e4r ny och har etiketten kvar. Den bl\u00e5 K\u00e4rlek-muggen s\u00e5ldes ursprungligen endast i Japan.\" \/>\n<meta name=\"robots\" content=\"index, follow, max-snippet:-1, max-image-preview:large, max-video-preview:-1\" \/>\n<link rel=\"canonical\" href=\"https:\/\/muumimukitrahaksi.fi\/sv\/produkt\/muminmugg-karlek-bla-2024-etikett\/\" \/>\n<meta property=\"og:locale\" content=\"sv_SE\" \/>\n<meta property=\"og:type\" content=\"article\" \/>\n<meta property=\"og:title\" content=\"Muminmugg K\u00e4rlek bl\u00e5 (2024-) *ETIKETT* - Muumimukit Rahaksi\" \/>\n<meta property=\"og:description\" content=\"Moomin Arabias muminmugg K\u00e4rlek bl\u00e5. Muggen \u00e4r ny och har etiketten kvar. Den bl\u00e5 K\u00e4rlek-muggen s\u00e5ldes ursprungligen endast i Japan.\" \/>\n<meta property=\"og:url\" content=\"https:\/\/muumimukitrahaksi.fi\/sv\/produkt\/muminmugg-karlek-bla-2024-etikett\/\" \/>\n<meta property=\"og:site_name\" content=\"Muumimukit Rahaksi\" \/>\n<meta property=\"article:publisher\" content=\"https:\/\/www.facebook.com\/muumimukitrahaksi\/\" \/>\n<meta property=\"article:modified_time\" content=\"2026-04-07T17:42:34+00:00\" \/>\n<meta property=\"og:image\" content=\"https:\/\/muumimukitrahaksi.fi\/wp-content\/uploads\/2024\/03\/DSC01678.jpg\" \/>\n\t<meta property=\"og:image:width\" content=\"1000\" \/>\n\t<meta property=\"og:image:height\" content=\"1000\" \/>\n\t<meta property=\"og:image:type\" content=\"image\/jpeg\" \/>\n<meta name=\"twitter:card\" content=\"summary_large_image\" \/>\n<meta name=\"twitter:site\" content=\"@MuumitRahaksi\" \/>\n<meta name=\"twitter:label1\" content=\"Ber\u00e4knad l\u00e4stid\" \/>\n\t<meta name=\"twitter:data1\" content=\"2 minuter\" \/>\n<script type=\"application\/ld+json\" class=\"yoast-schema-graph\">{\"@context\":\"https:\/\/schema.org\",\"@graph\":[{\"@type\":\"WebPage\",\"@id\":\"https:\/\/muumimukitrahaksi.fi\/sv\/produkt\/muminmugg-karlek-bla-2024-etikett\/\",\"url\":\"https:\/\/muumimukitrahaksi.fi\/sv\/produkt\/muminmugg-karlek-bla-2024-etikett\/\",\"name\":\"Muminmugg K\u00e4rlek bl\u00e5 (2024-) *ETIKETT* - Muumimukit Rahaksi\",\"isPartOf\":{\"@id\":\"https:\/\/muumimukitrahaksi.fi\/#website\"},\"primaryImageOfPage\":{\"@id\":\"https:\/\/muumimukitrahaksi.fi\/sv\/produkt\/muminmugg-karlek-bla-2024-etikett\/#primaryimage\"},\"image\":{\"@id\":\"https:\/\/muumimukitrahaksi.fi\/sv\/produkt\/muminmugg-karlek-bla-2024-etikett\/#primaryimage\"},\"thumbnailUrl\":\"https:\/\/muumimukitrahaksi.fi\/wp-content\/uploads\/2024\/03\/DSC01678.jpg\",\"datePublished\":\"2024-03-05T15:39:31+00:00\",\"dateModified\":\"2026-04-07T17:42:34+00:00\",\"description\":\"Moomin Arabias muminmugg K\u00e4rlek bl\u00e5. Muggen \u00e4r ny och har etiketten kvar. Den bl\u00e5 K\u00e4rlek-muggen s\u00e5ldes ursprungligen endast i Japan.\",\"breadcrumb\":{\"@id\":\"https:\/\/muumimukitrahaksi.fi\/sv\/produkt\/muminmugg-karlek-bla-2024-etikett\/#breadcrumb\"},\"inLanguage\":\"sv-SE\",\"potentialAction\":[{\"@type\":\"ReadAction\",\"target\":[\"https:\/\/muumimukitrahaksi.fi\/sv\/produkt\/muminmugg-karlek-bla-2024-etikett\/\"]}]},{\"@type\":\"ImageObject\",\"inLanguage\":\"sv-SE\",\"@id\":\"https:\/\/muumimukitrahaksi.fi\/sv\/produkt\/muminmugg-karlek-bla-2024-etikett\/#primaryimage\",\"url\":\"https:\/\/muumimukitrahaksi.fi\/wp-content\/uploads\/2024\/03\/DSC01678.jpg\",\"contentUrl\":\"https:\/\/muumimukitrahaksi.fi\/wp-content\/uploads\/2024\/03\/DSC01678.jpg\",\"width\":1000,\"height\":1000,\"caption\":\"Muminmugg K\u00e4rlek bl\u00e5\"},{\"@type\":\"BreadcrumbList\",\"@id\":\"https:\/\/muumimukitrahaksi.fi\/sv\/produkt\/muminmugg-karlek-bla-2024-etikett\/#breadcrumb\",\"itemListElement\":[{\"@type\":\"ListItem\",\"position\":1,\"name\":\"Etusivu\",\"item\":\"https:\/\/muumimukitrahaksi.fi\/sv\/\"},{\"@type\":\"ListItem\",\"position\":2,\"name\":\"Butik\",\"item\":\"https:\/\/muumimukitrahaksi.fi\/sv\/butik\/\"},{\"@type\":\"ListItem\",\"position\":3,\"name\":\"Muminmugg K\u00e4rlek bl\u00e5 (2024-) *ETIKETT*\"}]},{\"@type\":\"WebSite\",\"@id\":\"https:\/\/muumimukitrahaksi.fi\/#website\",\"url\":\"https:\/\/muumimukitrahaksi.fi\/\",\"name\":\"Muumimukit Rahaksi\",\"description\":\"Muumimukeja, -kulhoja ja -lautasia ker\u00e4ilij\u00f6ille!\",\"publisher\":{\"@id\":\"https:\/\/muumimukitrahaksi.fi\/#organization\"},\"potentialAction\":[{\"@type\":\"SearchAction\",\"target\":{\"@type\":\"EntryPoint\",\"urlTemplate\":\"https:\/\/muumimukitrahaksi.fi\/?s={search_term_string}\"},\"query-input\":{\"@type\":\"PropertyValueSpecification\",\"valueRequired\":true,\"valueName\":\"search_term_string\"}}],\"inLanguage\":\"sv-SE\"},{\"@type\":\"Organization\",\"@id\":\"https:\/\/muumimukitrahaksi.fi\/#organization\",\"name\":\"Muumimukit Rahaksi\",\"url\":\"https:\/\/muumimukitrahaksi.fi\/\",\"logo\":{\"@type\":\"ImageObject\",\"inLanguage\":\"sv-SE\",\"@id\":\"https:\/\/muumimukitrahaksi.fi\/#\/schema\/logo\/image\/\",\"url\":\"https:\/\/muumimukitrahaksi.fi\/wp-content\/uploads\/2017\/09\/logooo.jpg\",\"contentUrl\":\"https:\/\/muumimukitrahaksi.fi\/wp-content\/uploads\/2017\/09\/logooo.jpg\",\"width\":514,\"height\":514,\"caption\":\"Muumimukit Rahaksi\"},\"image\":{\"@id\":\"https:\/\/muumimukitrahaksi.fi\/#\/schema\/logo\/image\/\"},\"sameAs\":[\"https:\/\/www.facebook.com\/muumimukitrahaksi\/\",\"https:\/\/x.com\/MuumitRahaksi\",\"https:\/\/www.instagram.com\/muumimukitrahaksi\/\"]}]}<\/script>\n<!-- \/ Yoast SEO plugin. -->","yoast_head_json":{"title":"Muminmugg K\u00e4rlek bl\u00e5 (2024-) *ETIKETT* - Muumimukit Rahaksi","description":"Moomin Arabias muminmugg K\u00e4rlek bl\u00e5. Muggen \u00e4r ny och har etiketten kvar. Den bl\u00e5 K\u00e4rlek-muggen s\u00e5ldes ursprungligen endast i Japan.","robots":{"index":"index","follow":"follow","max-snippet":"max-snippet:-1","max-image-preview":"max-image-preview:large","max-video-preview":"max-video-preview:-1"},"canonical":"https:\/\/muumimukitrahaksi.fi\/sv\/produkt\/muminmugg-karlek-bla-2024-etikett\/","og_locale":"sv_SE","og_type":"article","og_title":"Muminmugg K\u00e4rlek bl\u00e5 (2024-) *ETIKETT* - Muumimukit Rahaksi","og_description":"Moomin Arabias muminmugg K\u00e4rlek bl\u00e5. Muggen \u00e4r ny och har etiketten kvar. Den bl\u00e5 K\u00e4rlek-muggen s\u00e5ldes ursprungligen endast i Japan.","og_url":"https:\/\/muumimukitrahaksi.fi\/sv\/produkt\/muminmugg-karlek-bla-2024-etikett\/","og_site_name":"Muumimukit Rahaksi","article_publisher":"https:\/\/www.facebook.com\/muumimukitrahaksi\/","article_modified_time":"2026-04-07T17:42:34+00:00","og_image":[{"width":1000,"height":1000,"url":"https:\/\/muumimukitrahaksi.fi\/wp-content\/uploads\/2024\/03\/DSC01678.jpg","type":"image\/jpeg"}],"twitter_card":"summary_large_image","twitter_site":"@MuumitRahaksi","twitter_misc":{"Ber\u00e4knad l\u00e4stid":"2 minuter"},"schema":{"@context":"https:\/\/schema.org","@graph":[{"@type":"WebPage","@id":"https:\/\/muumimukitrahaksi.fi\/sv\/produkt\/muminmugg-karlek-bla-2024-etikett\/","url":"https:\/\/muumimukitrahaksi.fi\/sv\/produkt\/muminmugg-karlek-bla-2024-etikett\/","name":"Muminmugg K\u00e4rlek bl\u00e5 (2024-) *ETIKETT* - Muumimukit Rahaksi","isPartOf":{"@id":"https:\/\/muumimukitrahaksi.fi\/#website"},"primaryImageOfPage":{"@id":"https:\/\/muumimukitrahaksi.fi\/sv\/produkt\/muminmugg-karlek-bla-2024-etikett\/#primaryimage"},"image":{"@id":"https:\/\/muumimukitrahaksi.fi\/sv\/produkt\/muminmugg-karlek-bla-2024-etikett\/#primaryimage"},"thumbnailUrl":"https:\/\/muumimukitrahaksi.fi\/wp-content\/uploads\/2024\/03\/DSC01678.jpg","datePublished":"2024-03-05T15:39:31+00:00","dateModified":"2026-04-07T17:42:34+00:00","description":"Moomin Arabias muminmugg K\u00e4rlek bl\u00e5. Muggen \u00e4r ny och har etiketten kvar. Den bl\u00e5 K\u00e4rlek-muggen s\u00e5ldes ursprungligen endast i Japan.","breadcrumb":{"@id":"https:\/\/muumimukitrahaksi.fi\/sv\/produkt\/muminmugg-karlek-bla-2024-etikett\/#breadcrumb"},"inLanguage":"sv-SE","potentialAction":[{"@type":"ReadAction","target":["https:\/\/muumimukitrahaksi.fi\/sv\/produkt\/muminmugg-karlek-bla-2024-etikett\/"]}]},{"@type":"ImageObject","inLanguage":"sv-SE","@id":"https:\/\/muumimukitrahaksi.fi\/sv\/produkt\/muminmugg-karlek-bla-2024-etikett\/#primaryimage","url":"https:\/\/muumimukitrahaksi.fi\/wp-content\/uploads\/2024\/03\/DSC01678.jpg","contentUrl":"https:\/\/muumimukitrahaksi.fi\/wp-content\/uploads\/2024\/03\/DSC01678.jpg","width":1000,"height":1000,"caption":"Muminmugg K\u00e4rlek bl\u00e5"},{"@type":"BreadcrumbList","@id":"https:\/\/muumimukitrahaksi.fi\/sv\/produkt\/muminmugg-karlek-bla-2024-etikett\/#breadcrumb","itemListElement":[{"@type":"ListItem","position":1,"name":"Etusivu","item":"https:\/\/muumimukitrahaksi.fi\/sv\/"},{"@type":"ListItem","position":2,"name":"Butik","item":"https:\/\/muumimukitrahaksi.fi\/sv\/butik\/"},{"@type":"ListItem","position":3,"name":"Muminmugg K\u00e4rlek bl\u00e5 (2024-) *ETIKETT*"}]},{"@type":"WebSite","@id":"https:\/\/muumimukitrahaksi.fi\/#website","url":"https:\/\/muumimukitrahaksi.fi\/","name":"Muumimukit Rahaksi","description":"Muumimukeja, -kulhoja ja -lautasia ker\u00e4ilij\u00f6ille!","publisher":{"@id":"https:\/\/muumimukitrahaksi.fi\/#organization"},"potentialAction":[{"@type":"SearchAction","target":{"@type":"EntryPoint","urlTemplate":"https:\/\/muumimukitrahaksi.fi\/?s={search_term_string}"},"query-input":{"@type":"PropertyValueSpecification","valueRequired":true,"valueName":"search_term_string"}}],"inLanguage":"sv-SE"},{"@type":"Organization","@id":"https:\/\/muumimukitrahaksi.fi\/#organization","name":"Muumimukit Rahaksi","url":"https:\/\/muumimukitrahaksi.fi\/","logo":{"@type":"ImageObject","inLanguage":"sv-SE","@id":"https:\/\/muumimukitrahaksi.fi\/#\/schema\/logo\/image\/","url":"https:\/\/muumimukitrahaksi.fi\/wp-content\/uploads\/2017\/09\/logooo.jpg","contentUrl":"https:\/\/muumimukitrahaksi.fi\/wp-content\/uploads\/2017\/09\/logooo.jpg","width":514,"height":514,"caption":"Muumimukit Rahaksi"},"image":{"@id":"https:\/\/muumimukitrahaksi.fi\/#\/schema\/logo\/image\/"},"sameAs":["https:\/\/www.facebook.com\/muumimukitrahaksi\/","https:\/\/x.com\/MuumitRahaksi","https:\/\/www.instagram.com\/muumimukitrahaksi\/"]}]}},"_links":{"self":[{"href":"https:\/\/muumimukitrahaksi.fi\/sv\/wp-json\/wp\/v2\/product\/104497","targetHints":{"allow":["GET"]}}],"collection":[{"href":"https:\/\/muumimukitrahaksi.fi\/sv\/wp-json\/wp\/v2\/product"}],"about":[{"href":"https:\/\/muumimukitrahaksi.fi\/sv\/wp-json\/wp\/v2\/types\/product"}],"wp:featuredmedia":[{"embeddable":true,"href":"https:\/\/muumimukitrahaksi.fi\/sv\/wp-json\/wp\/v2\/media\/106061"}],"wp:attachment":[{"href":"https:\/\/muumimukitrahaksi.fi\/sv\/wp-json\/wp\/v2\/media?parent=104497"}],"wp:term":[{"taxonomy":"product_brand","embeddable":true,"href":"https:\/\/muumimukitrahaksi.fi\/sv\/wp-json\/wp\/v2\/product_brand?post=104497"},{"taxonomy":"product_cat","embeddable":true,"href":"https:\/\/muumimukitrahaksi.fi\/sv\/wp-json\/wp\/v2\/product_cat?post=104497"},{"taxonomy":"product_tag","embeddable":true,"href":"https:\/\/muumimukitrahaksi.fi\/sv\/wp-json\/wp\/v2\/product_tag?post=104497"}],"curies":[{"name":"wp","href":"https:\/\/api.w.org\/{rel}","templated":true}]}}