{"id":104641,"date":"2021-06-16T13:05:11","date_gmt":"2021-06-16T10:05:11","guid":{"rendered":"https:\/\/muumimukitrahaksi.fi\/tuote\/muminmugg-snorkfroken-1950-tal\/"},"modified":"2026-02-06T13:49:42","modified_gmt":"2026-02-06T11:49:42","slug":"muminmugg-snorkfroken-1950-tal","status":"publish","type":"product","link":"https:\/\/muumimukitrahaksi.fi\/sv\/produkt\/muminmugg-snorkfroken-1950-tal\/","title":{"rendered":"Muminmugg Snorkfr\u00f6ken (1950-tal)"},"content":{"rendered":"<p style=\"text-align: center;\"><strong>\u2022 Officiell Moomin Characters\u00a0 licensinnehavare \u2022 Delbetalning\/faktura \u2022 Kvalitetsgranskade produkter<\/strong><\/p>\n<p><strong>Muminmugg Snorkfr\u00f6ken<\/strong> fr\u00e5n 1950\u2011talet \u00e4r, tillsammans med <a href=\"https:\/\/muumimukitrahaksi.fi\/sv\/produkt\/muminmugg-mumintrollet-1950-talet\/\">muminmuggen med Mumintrollet<\/a>, den f\u00f6rsta muminmuggen som tillverkats av Arabia. Illustrationerna p\u00e5 muggen \u00e4r designade av Tove Jansson. Muggen \u00e4r formgiven av Kaj Franck, vars design \u00e4ven ligger till grund f\u00f6r den senare utgivna muminmuggen i Teema\u2011serien. Muggarna fr\u00e5n 1950\u2011talet har en volym p\u00e5 2 dl.<\/p>\n<p>Mumintrollen blev internationellt k\u00e4nda allra senast \u00e5r 1954, n\u00e4r v\u00e4rldens st\u00f6rsta tidning vid den tiden, The Evening News, b\u00f6rjade publicera Muminseriestrippar. Produkterbjudanden b\u00f6rjade str\u00f6mma in till Tove Jansson, vilket ledde till bland annat de f\u00f6rsta keramiska <a href=\"https:\/\/muumimukitrahaksi.fi\/sv\/produkt-avdelning\/ovriga-produkter\/figurer\/\">Muminfigurerna<\/a>, <a href=\"https:\/\/muumimukitrahaksi.fi\/sv\/produkt\/muminmugg-mumintrollet-1950-talet\/\">Atelier Faunis Muminfigurer<\/a> och de f\u00f6rsta keramiska Muminserviserna som kom ut p\u00e5 marknaden.<\/p>\n<p>De f\u00f6rsta Muminserviserna kom ut p\u00e5 marknaden i slutet av 1950-talet. Det var en serie riktad till barn, som inkluderade tv\u00e5 muminmuggar samt en djup och en grund mumintallrik. Dessa k\u00e4rl \u00e4r tillverkade av Arabia och designade av Tove Jansson. Dessa var de f\u00f6rsta och samtidigt de sista Muminserviserna som Tove Jansson sj\u00e4lv designade. Senare muminmuggar, som \u00e4r i modellen Teema, \u00e4r huvudsakligen designade av Tove Slotte. En del muggar har designats av Camilla Moberg.<\/p>\n<p>P\u00e5 1950-talets muminmuggar \u00e4r huvudrollerna antingen Mumin eller Snorkfr\u00f6ken. P\u00e5 den andra sidan av muggen finns, beroende p\u00e5 versionen, tre olika mindre illustrationer, varav tv\u00e5 f\u00f6rest\u00e4ller Lilla My och en Toft.<\/p>\n<p>Kolla in andra 1950-tals produkter <a href=\"https:\/\/muumimukitrahaksi.fi\/sv\/produkt-nyckelord\/50-tal\/\">h\u00e4r.<\/a><\/p>\n<p>Har du en 50-tals Snorkfr\u00f6ken muminmugg och vill s\u00e4lja den? Vi k\u00f6per ocks\u00e5 muminmuggar. Klicka <a href=\"https:\/\/muumimukitrahaksi.fi\/en\/sell-moomin\/\">h\u00e4r<\/a>, fyll i formul\u00e4ret och f\u00e5 en offert samma dag.<\/p>\n","protected":false},"excerpt":{"rendered":"<p style=\"text-align: center;\"><strong>\u2022 H\u00f6gklassiga varor \u2022 Snabb leverans<\/strong><\/p>\n<p>Arabias muminmugg Snorkfr\u00f6ken (ur produktion). Muggen \u00e4r en del av de allra f\u00f6rsta Muminserviserna fr\u00e5n 50-talet. Illustrationerna p\u00e5 muggen \u00e4r designade av Tove Jansson. Muggen \u00e4r i mycket bra skick med tanke p\u00e5 sin \u00e5lder. Illustrationens f\u00e4rger \u00e4r fortfarande tydligt framtr\u00e4dande. Muggen har inga sprickor eller saknade delar. P\u00e5 ytan finns ytligt repor och p\u00e5 insidan syns viss slitage. Muggarna packas med omsorg och f\u00f6rnybara material.<\/p>\n<p style=\"text-align: center;\"><strong>\u2022 S\u00e4kra betalningss\u00e4tt<\/strong><\/p>\n<p><img loading=\"lazy\" decoding=\"async\" class=\"aligncenter wp-image-20415 size-full\" src=\"https:\/\/muumimukitrahaksi.fi\/wp-content\/uploads\/2020\/06\/maksutavat-2026-pieni-eng.png\" alt=\"Payment options\" width=\"350\" height=\"200\" \/><\/p>\n","protected":false},"featured_media":158743,"template":"","meta":[],"product_brand":[],"product_cat":[537,540,547,545,534,538],"product_tag":[563,597,606,627],"class_list":{"0":"post-104641","1":"product","2":"type-product","3":"status-publish","4":"has-post-thumbnail","6":"product_cat-arabia-muggar","7":"product_cat-barnmuggar","8":"product_cat-muggar-ur-produktion","9":"product_cat-muggar-utan-etikett","10":"product_cat-muggar","11":"product_cat-specialmuggar","12":"product_tag-50-tal","13":"product_tag-muminmugg","14":"product_tag-snorkfroken","15":"product_tag-utan-etikett","17":"first","18":"instock","19":"featured","20":"taxable","21":"shipping-taxable","22":"purchasable","23":"product-type-simple"},"yoast_head":"<!-- This site is optimized with the Yoast SEO plugin v27.1.1 - https:\/\/yoast.com\/product\/yoast-seo-wordpress\/ -->\n<title>Muminmugg Snorkfr\u00f6ken (1950-tal) - Muumimukit Rahaksi<\/title>\n<meta name=\"description\" content=\"Arabias muminmugg Snorkfr\u00f6ken (ur produktion). Muggen \u00e4r en del av de allra f\u00f6rsta Muminserviserna fr\u00e5n 50-talet. Muggen \u00e4r designad av Tove Jansson.\" \/>\n<meta name=\"robots\" content=\"index, follow, max-snippet:-1, max-image-preview:large, max-video-preview:-1\" \/>\n<link rel=\"canonical\" href=\"https:\/\/muumimukitrahaksi.fi\/sv\/produkt\/muminmugg-snorkfroken-1950-tal\/\" \/>\n<meta property=\"og:locale\" content=\"sv_SE\" \/>\n<meta property=\"og:type\" content=\"article\" \/>\n<meta property=\"og:title\" content=\"Muminmugg Snorkfr\u00f6ken (1950-tal) - Muumimukit Rahaksi\" \/>\n<meta property=\"og:description\" content=\"Arabias muminmugg Snorkfr\u00f6ken (ur produktion). Muggen \u00e4r en del av de allra f\u00f6rsta Muminserviserna fr\u00e5n 50-talet. Muggen \u00e4r designad av Tove Jansson.\" \/>\n<meta property=\"og:url\" content=\"https:\/\/muumimukitrahaksi.fi\/sv\/produkt\/muminmugg-snorkfroken-1950-tal\/\" \/>\n<meta property=\"og:site_name\" content=\"Muumimukit Rahaksi\" \/>\n<meta property=\"article:publisher\" content=\"https:\/\/www.facebook.com\/muumimukitrahaksi\/\" \/>\n<meta property=\"article:modified_time\" content=\"2026-02-06T11:49:42+00:00\" \/>\n<meta property=\"og:image\" content=\"https:\/\/muumimukitrahaksi.fi\/wp-content\/uploads\/2026\/02\/DSC04485.jpg\" \/>\n\t<meta property=\"og:image:width\" content=\"1000\" \/>\n\t<meta property=\"og:image:height\" content=\"1000\" \/>\n\t<meta property=\"og:image:type\" content=\"image\/jpeg\" \/>\n<meta name=\"twitter:card\" content=\"summary_large_image\" \/>\n<meta name=\"twitter:site\" content=\"@MuumitRahaksi\" \/>\n<meta name=\"twitter:label1\" content=\"Ber\u00e4knad l\u00e4stid\" \/>\n\t<meta name=\"twitter:data1\" content=\"1 minut\" \/>\n<script type=\"application\/ld+json\" class=\"yoast-schema-graph\">{\"@context\":\"https:\/\/schema.org\",\"@graph\":[{\"@type\":\"WebPage\",\"@id\":\"https:\/\/muumimukitrahaksi.fi\/sv\/produkt\/muminmugg-snorkfroken-1950-tal\/\",\"url\":\"https:\/\/muumimukitrahaksi.fi\/sv\/produkt\/muminmugg-snorkfroken-1950-tal\/\",\"name\":\"Muminmugg Snorkfr\u00f6ken (1950-tal) - Muumimukit Rahaksi\",\"isPartOf\":{\"@id\":\"https:\/\/muumimukitrahaksi.fi\/#website\"},\"primaryImageOfPage\":{\"@id\":\"https:\/\/muumimukitrahaksi.fi\/sv\/produkt\/muminmugg-snorkfroken-1950-tal\/#primaryimage\"},\"image\":{\"@id\":\"https:\/\/muumimukitrahaksi.fi\/sv\/produkt\/muminmugg-snorkfroken-1950-tal\/#primaryimage\"},\"thumbnailUrl\":\"https:\/\/muumimukitrahaksi.fi\/wp-content\/uploads\/2026\/02\/DSC04485.jpg\",\"datePublished\":\"2021-06-16T10:05:11+00:00\",\"dateModified\":\"2026-02-06T11:49:42+00:00\",\"description\":\"Arabias muminmugg Snorkfr\u00f6ken (ur produktion). Muggen \u00e4r en del av de allra f\u00f6rsta Muminserviserna fr\u00e5n 50-talet. Muggen \u00e4r designad av Tove Jansson.\",\"breadcrumb\":{\"@id\":\"https:\/\/muumimukitrahaksi.fi\/sv\/produkt\/muminmugg-snorkfroken-1950-tal\/#breadcrumb\"},\"inLanguage\":\"sv-SE\",\"potentialAction\":[{\"@type\":\"ReadAction\",\"target\":[\"https:\/\/muumimukitrahaksi.fi\/sv\/produkt\/muminmugg-snorkfroken-1950-tal\/\"]}]},{\"@type\":\"ImageObject\",\"inLanguage\":\"sv-SE\",\"@id\":\"https:\/\/muumimukitrahaksi.fi\/sv\/produkt\/muminmugg-snorkfroken-1950-tal\/#primaryimage\",\"url\":\"https:\/\/muumimukitrahaksi.fi\/wp-content\/uploads\/2026\/02\/DSC04485.jpg\",\"contentUrl\":\"https:\/\/muumimukitrahaksi.fi\/wp-content\/uploads\/2026\/02\/DSC04485.jpg\",\"width\":1000,\"height\":1000,\"caption\":\"Muminmugg Snorkfr\u00f6ken 1950\u2011talet\"},{\"@type\":\"BreadcrumbList\",\"@id\":\"https:\/\/muumimukitrahaksi.fi\/sv\/produkt\/muminmugg-snorkfroken-1950-tal\/#breadcrumb\",\"itemListElement\":[{\"@type\":\"ListItem\",\"position\":1,\"name\":\"Etusivu\",\"item\":\"https:\/\/muumimukitrahaksi.fi\/sv\/\"},{\"@type\":\"ListItem\",\"position\":2,\"name\":\"Butik\",\"item\":\"https:\/\/muumimukitrahaksi.fi\/sv\/butik\/\"},{\"@type\":\"ListItem\",\"position\":3,\"name\":\"Muminmugg Snorkfr\u00f6ken (1950-tal)\"}]},{\"@type\":\"WebSite\",\"@id\":\"https:\/\/muumimukitrahaksi.fi\/#website\",\"url\":\"https:\/\/muumimukitrahaksi.fi\/\",\"name\":\"Muumimukit Rahaksi\",\"description\":\"Muumimukeja, -kulhoja ja -lautasia ker\u00e4ilij\u00f6ille!\",\"publisher\":{\"@id\":\"https:\/\/muumimukitrahaksi.fi\/#organization\"},\"potentialAction\":[{\"@type\":\"SearchAction\",\"target\":{\"@type\":\"EntryPoint\",\"urlTemplate\":\"https:\/\/muumimukitrahaksi.fi\/?s={search_term_string}\"},\"query-input\":{\"@type\":\"PropertyValueSpecification\",\"valueRequired\":true,\"valueName\":\"search_term_string\"}}],\"inLanguage\":\"sv-SE\"},{\"@type\":\"Organization\",\"@id\":\"https:\/\/muumimukitrahaksi.fi\/#organization\",\"name\":\"Muumimukit Rahaksi\",\"url\":\"https:\/\/muumimukitrahaksi.fi\/\",\"logo\":{\"@type\":\"ImageObject\",\"inLanguage\":\"sv-SE\",\"@id\":\"https:\/\/muumimukitrahaksi.fi\/#\/schema\/logo\/image\/\",\"url\":\"https:\/\/muumimukitrahaksi.fi\/wp-content\/uploads\/2017\/09\/logooo.jpg\",\"contentUrl\":\"https:\/\/muumimukitrahaksi.fi\/wp-content\/uploads\/2017\/09\/logooo.jpg\",\"width\":514,\"height\":514,\"caption\":\"Muumimukit Rahaksi\"},\"image\":{\"@id\":\"https:\/\/muumimukitrahaksi.fi\/#\/schema\/logo\/image\/\"},\"sameAs\":[\"https:\/\/www.facebook.com\/muumimukitrahaksi\/\",\"https:\/\/x.com\/MuumitRahaksi\",\"https:\/\/www.instagram.com\/muumimukitrahaksi\/\"]}]}<\/script>\n<!-- \/ Yoast SEO plugin. -->","yoast_head_json":{"title":"Muminmugg Snorkfr\u00f6ken (1950-tal) - Muumimukit Rahaksi","description":"Arabias muminmugg Snorkfr\u00f6ken (ur produktion). Muggen \u00e4r en del av de allra f\u00f6rsta Muminserviserna fr\u00e5n 50-talet. Muggen \u00e4r designad av Tove Jansson.","robots":{"index":"index","follow":"follow","max-snippet":"max-snippet:-1","max-image-preview":"max-image-preview:large","max-video-preview":"max-video-preview:-1"},"canonical":"https:\/\/muumimukitrahaksi.fi\/sv\/produkt\/muminmugg-snorkfroken-1950-tal\/","og_locale":"sv_SE","og_type":"article","og_title":"Muminmugg Snorkfr\u00f6ken (1950-tal) - Muumimukit Rahaksi","og_description":"Arabias muminmugg Snorkfr\u00f6ken (ur produktion). Muggen \u00e4r en del av de allra f\u00f6rsta Muminserviserna fr\u00e5n 50-talet. Muggen \u00e4r designad av Tove Jansson.","og_url":"https:\/\/muumimukitrahaksi.fi\/sv\/produkt\/muminmugg-snorkfroken-1950-tal\/","og_site_name":"Muumimukit Rahaksi","article_publisher":"https:\/\/www.facebook.com\/muumimukitrahaksi\/","article_modified_time":"2026-02-06T11:49:42+00:00","og_image":[{"width":1000,"height":1000,"url":"https:\/\/muumimukitrahaksi.fi\/wp-content\/uploads\/2026\/02\/DSC04485.jpg","type":"image\/jpeg"}],"twitter_card":"summary_large_image","twitter_site":"@MuumitRahaksi","twitter_misc":{"Ber\u00e4knad l\u00e4stid":"1 minut"},"schema":{"@context":"https:\/\/schema.org","@graph":[{"@type":"WebPage","@id":"https:\/\/muumimukitrahaksi.fi\/sv\/produkt\/muminmugg-snorkfroken-1950-tal\/","url":"https:\/\/muumimukitrahaksi.fi\/sv\/produkt\/muminmugg-snorkfroken-1950-tal\/","name":"Muminmugg Snorkfr\u00f6ken (1950-tal) - Muumimukit Rahaksi","isPartOf":{"@id":"https:\/\/muumimukitrahaksi.fi\/#website"},"primaryImageOfPage":{"@id":"https:\/\/muumimukitrahaksi.fi\/sv\/produkt\/muminmugg-snorkfroken-1950-tal\/#primaryimage"},"image":{"@id":"https:\/\/muumimukitrahaksi.fi\/sv\/produkt\/muminmugg-snorkfroken-1950-tal\/#primaryimage"},"thumbnailUrl":"https:\/\/muumimukitrahaksi.fi\/wp-content\/uploads\/2026\/02\/DSC04485.jpg","datePublished":"2021-06-16T10:05:11+00:00","dateModified":"2026-02-06T11:49:42+00:00","description":"Arabias muminmugg Snorkfr\u00f6ken (ur produktion). Muggen \u00e4r en del av de allra f\u00f6rsta Muminserviserna fr\u00e5n 50-talet. Muggen \u00e4r designad av Tove Jansson.","breadcrumb":{"@id":"https:\/\/muumimukitrahaksi.fi\/sv\/produkt\/muminmugg-snorkfroken-1950-tal\/#breadcrumb"},"inLanguage":"sv-SE","potentialAction":[{"@type":"ReadAction","target":["https:\/\/muumimukitrahaksi.fi\/sv\/produkt\/muminmugg-snorkfroken-1950-tal\/"]}]},{"@type":"ImageObject","inLanguage":"sv-SE","@id":"https:\/\/muumimukitrahaksi.fi\/sv\/produkt\/muminmugg-snorkfroken-1950-tal\/#primaryimage","url":"https:\/\/muumimukitrahaksi.fi\/wp-content\/uploads\/2026\/02\/DSC04485.jpg","contentUrl":"https:\/\/muumimukitrahaksi.fi\/wp-content\/uploads\/2026\/02\/DSC04485.jpg","width":1000,"height":1000,"caption":"Muminmugg Snorkfr\u00f6ken 1950\u2011talet"},{"@type":"BreadcrumbList","@id":"https:\/\/muumimukitrahaksi.fi\/sv\/produkt\/muminmugg-snorkfroken-1950-tal\/#breadcrumb","itemListElement":[{"@type":"ListItem","position":1,"name":"Etusivu","item":"https:\/\/muumimukitrahaksi.fi\/sv\/"},{"@type":"ListItem","position":2,"name":"Butik","item":"https:\/\/muumimukitrahaksi.fi\/sv\/butik\/"},{"@type":"ListItem","position":3,"name":"Muminmugg Snorkfr\u00f6ken (1950-tal)"}]},{"@type":"WebSite","@id":"https:\/\/muumimukitrahaksi.fi\/#website","url":"https:\/\/muumimukitrahaksi.fi\/","name":"Muumimukit Rahaksi","description":"Muumimukeja, -kulhoja ja -lautasia ker\u00e4ilij\u00f6ille!","publisher":{"@id":"https:\/\/muumimukitrahaksi.fi\/#organization"},"potentialAction":[{"@type":"SearchAction","target":{"@type":"EntryPoint","urlTemplate":"https:\/\/muumimukitrahaksi.fi\/?s={search_term_string}"},"query-input":{"@type":"PropertyValueSpecification","valueRequired":true,"valueName":"search_term_string"}}],"inLanguage":"sv-SE"},{"@type":"Organization","@id":"https:\/\/muumimukitrahaksi.fi\/#organization","name":"Muumimukit Rahaksi","url":"https:\/\/muumimukitrahaksi.fi\/","logo":{"@type":"ImageObject","inLanguage":"sv-SE","@id":"https:\/\/muumimukitrahaksi.fi\/#\/schema\/logo\/image\/","url":"https:\/\/muumimukitrahaksi.fi\/wp-content\/uploads\/2017\/09\/logooo.jpg","contentUrl":"https:\/\/muumimukitrahaksi.fi\/wp-content\/uploads\/2017\/09\/logooo.jpg","width":514,"height":514,"caption":"Muumimukit Rahaksi"},"image":{"@id":"https:\/\/muumimukitrahaksi.fi\/#\/schema\/logo\/image\/"},"sameAs":["https:\/\/www.facebook.com\/muumimukitrahaksi\/","https:\/\/x.com\/MuumitRahaksi","https:\/\/www.instagram.com\/muumimukitrahaksi\/"]}]}},"_links":{"self":[{"href":"https:\/\/muumimukitrahaksi.fi\/sv\/wp-json\/wp\/v2\/product\/104641","targetHints":{"allow":["GET"]}}],"collection":[{"href":"https:\/\/muumimukitrahaksi.fi\/sv\/wp-json\/wp\/v2\/product"}],"about":[{"href":"https:\/\/muumimukitrahaksi.fi\/sv\/wp-json\/wp\/v2\/types\/product"}],"wp:featuredmedia":[{"embeddable":true,"href":"https:\/\/muumimukitrahaksi.fi\/sv\/wp-json\/wp\/v2\/media\/158743"}],"wp:attachment":[{"href":"https:\/\/muumimukitrahaksi.fi\/sv\/wp-json\/wp\/v2\/media?parent=104641"}],"wp:term":[{"taxonomy":"product_brand","embeddable":true,"href":"https:\/\/muumimukitrahaksi.fi\/sv\/wp-json\/wp\/v2\/product_brand?post=104641"},{"taxonomy":"product_cat","embeddable":true,"href":"https:\/\/muumimukitrahaksi.fi\/sv\/wp-json\/wp\/v2\/product_cat?post=104641"},{"taxonomy":"product_tag","embeddable":true,"href":"https:\/\/muumimukitrahaksi.fi\/sv\/wp-json\/wp\/v2\/product_tag?post=104641"}],"curies":[{"name":"wp","href":"https:\/\/api.w.org\/{rel}","templated":true}]}}