{"id":104809,"date":"2023-06-30T14:10:56","date_gmt":"2023-06-30T11:10:56","guid":{"rendered":"https:\/\/muumimukitrahaksi.fi\/tuote\/muminmugg-karlek-04l-2023-etikett\/"},"modified":"2025-10-01T11:32:05","modified_gmt":"2025-10-01T08:32:05","slug":"muminmugg-karlek-04l-2023-etikett","status":"publish","type":"product","link":"https:\/\/muumimukitrahaksi.fi\/sv\/produkt\/muminmugg-karlek-04l-2023-etikett\/","title":{"rendered":"Muminmugg K\u00e4rlek 0,4l (2023-) *ETIKETT*"},"content":{"rendered":"<p style=\"text-align: center;\"><strong>\u2022 Officiell Moomin Characters\u00a0 licensinnehavare \u2022 Delbetalning\/faktura \u2022 Kvalitetsgranskade produkter<\/strong><\/p>\n<p><strong>Muminmuggen K\u00e4rlek<\/strong> finns nu i en ny och st\u00f6rre storlek p\u00e5 <strong>0,4 liter.<\/strong> Muggen fanns till en b\u00f6rjan endast tillg\u00e4nglig p\u00e5 Tokmanni. Den nya st\u00f6rre storleken \u00e4r ett svar p\u00e5 l\u00e5ngvariga kund\u00f6nskem\u00e5l om st\u00f6rre muminmuggar. Tove Slotte, som designat och komponerat den ursprungliga illustrationen, har ocks\u00e5 komponerat illustrationen f\u00f6r den nya st\u00f6rre storleken. P\u00e5 muggen finns en av de mest k\u00e4nda Muminillustrationerna, Mumintrollet och Snorkfr\u00f6ken som kramas, som \u00e4r ur Tove Janssons serie Mumin och marsm\u00e4nniskorna.<\/p>\n<p>Med samma illustration producerades en muminmugg i storleken 0,3 liter redan p\u00e5 <a href=\"https:\/\/muumimukitrahaksi.fi\/sv\/produkt\/muminmugg-karlek-1996-etikett\/\">90-talet<\/a><\/p>\n<p>Kolla in andra 0,4 liters muminmuggar <a href=\"https:\/\/muumimukitrahaksi.fi\/sv\/produkt-nyckelord\/0-4l-sv\/\">h\u00e4r.<\/a><\/p>\n<p>Har du en K\u00e4rlek -muminmugg och vill s\u00e4lja den? Vi k\u00f6per ocks\u00e5 muminmuggar. Klicka <a href=\"https:\/\/muumimukitrahaksi.fi\/en\/sell-moomin\/\">h\u00e4r<\/a>, fyll i formul\u00e4ret och f\u00e5 en offert samma dag.<\/p>\n","protected":false},"excerpt":{"rendered":"<p style=\"text-align: center;\"><strong>\u2022 H\u00f6gklassiga varor \u2022 Snabb leverans<\/strong><\/p>\n<p>Arabias muminmugg K\u00e4rlek<strong> i den st\u00f6rre storleken 0,4 liter<\/strong>. Muggen \u00e4r ny och har etiketten kvar. Muggarna packas med omsorg och f\u00f6rnybara material.<\/p>\n<p style=\"text-align: center;\"><strong>\u2022 S\u00e4kra betalningss\u00e4tt<\/strong><\/p>\n<p><img loading=\"lazy\" decoding=\"async\" class=\"aligncenter wp-image-20415 size-full\" src=\"https:\/\/muumimukitrahaksi.fi\/wp-content\/uploads\/2020\/06\/maksutavat-2026-pieni-eng.png\" alt=\"Payment options\" width=\"350\" height=\"200\" \/><\/p>\n","protected":false},"featured_media":104810,"template":"","meta":[],"product_brand":[],"product_cat":[535,537,546,544,534],"product_tag":[562,614,626,597],"class_list":{"0":"post-104809","1":"product","2":"type-product","3":"status-publish","4":"has-post-thumbnail","6":"product_cat-04l-muggar","7":"product_cat-arabia-muggar","8":"product_cat-muggar-i-produktion","9":"product_cat-muggar-med-etikett","10":"product_cat-muggar","11":"product_tag-0-4l-sv","12":"product_tag-karlek","13":"product_tag-med-etikett","14":"product_tag-muminmugg","16":"first","17":"outofstock","18":"featured","19":"taxable","20":"shipping-taxable","21":"purchasable","22":"product-type-simple"},"yoast_head":"<!-- This site is optimized with the Yoast SEO plugin v27.1.1 - https:\/\/yoast.com\/product\/yoast-seo-wordpress\/ -->\n<title>Muminmugg K\u00e4rlek 0,4l (2023-) *ETIKETT* - Muumimukit Rahaksi<\/title>\n<meta name=\"description\" content=\"Arabias muminmugg K\u00e4rlek i den st\u00f6rre storleken 0,4 liter. Muggen \u00e4r ny och har etiketten kvar.\" \/>\n<meta name=\"robots\" content=\"index, follow, max-snippet:-1, max-image-preview:large, max-video-preview:-1\" \/>\n<link rel=\"canonical\" href=\"https:\/\/muumimukitrahaksi.fi\/sv\/produkt\/muminmugg-karlek-04l-2023-etikett\/\" \/>\n<meta property=\"og:locale\" content=\"sv_SE\" \/>\n<meta property=\"og:type\" content=\"article\" \/>\n<meta property=\"og:title\" content=\"Muminmugg K\u00e4rlek 0,4l (2023-) *ETIKETT* - Muumimukit Rahaksi\" \/>\n<meta property=\"og:description\" content=\"Arabias muminmugg K\u00e4rlek i den st\u00f6rre storleken 0,4 liter. Muggen \u00e4r ny och har etiketten kvar.\" \/>\n<meta property=\"og:url\" content=\"https:\/\/muumimukitrahaksi.fi\/sv\/produkt\/muminmugg-karlek-04l-2023-etikett\/\" \/>\n<meta property=\"og:site_name\" content=\"Muumimukit Rahaksi\" \/>\n<meta property=\"article:publisher\" content=\"https:\/\/www.facebook.com\/muumimukitrahaksi\/\" \/>\n<meta property=\"article:modified_time\" content=\"2025-10-01T08:32:05+00:00\" \/>\n<meta property=\"og:image\" content=\"https:\/\/muumimukitrahaksi.fi\/wp-content\/uploads\/2023\/07\/DSC08512.jpg\" \/>\n\t<meta property=\"og:image:width\" content=\"1000\" \/>\n\t<meta property=\"og:image:height\" content=\"1000\" \/>\n\t<meta property=\"og:image:type\" content=\"image\/jpeg\" \/>\n<meta name=\"twitter:card\" content=\"summary_large_image\" \/>\n<meta name=\"twitter:site\" content=\"@MuumitRahaksi\" \/>\n<meta name=\"twitter:label1\" content=\"Ber\u00e4knad l\u00e4stid\" \/>\n\t<meta name=\"twitter:data1\" content=\"1 minut\" \/>\n<script type=\"application\/ld+json\" class=\"yoast-schema-graph\">{\"@context\":\"https:\/\/schema.org\",\"@graph\":[{\"@type\":\"WebPage\",\"@id\":\"https:\/\/muumimukitrahaksi.fi\/sv\/produkt\/muminmugg-karlek-04l-2023-etikett\/\",\"url\":\"https:\/\/muumimukitrahaksi.fi\/sv\/produkt\/muminmugg-karlek-04l-2023-etikett\/\",\"name\":\"Muminmugg K\u00e4rlek 0,4l (2023-) *ETIKETT* - Muumimukit Rahaksi\",\"isPartOf\":{\"@id\":\"https:\/\/muumimukitrahaksi.fi\/#website\"},\"primaryImageOfPage\":{\"@id\":\"https:\/\/muumimukitrahaksi.fi\/sv\/produkt\/muminmugg-karlek-04l-2023-etikett\/#primaryimage\"},\"image\":{\"@id\":\"https:\/\/muumimukitrahaksi.fi\/sv\/produkt\/muminmugg-karlek-04l-2023-etikett\/#primaryimage\"},\"thumbnailUrl\":\"https:\/\/muumimukitrahaksi.fi\/wp-content\/uploads\/2023\/07\/DSC08512.jpg\",\"datePublished\":\"2023-06-30T11:10:56+00:00\",\"dateModified\":\"2025-10-01T08:32:05+00:00\",\"description\":\"Arabias muminmugg K\u00e4rlek i den st\u00f6rre storleken 0,4 liter. Muggen \u00e4r ny och har etiketten kvar.\",\"breadcrumb\":{\"@id\":\"https:\/\/muumimukitrahaksi.fi\/sv\/produkt\/muminmugg-karlek-04l-2023-etikett\/#breadcrumb\"},\"inLanguage\":\"sv-SE\",\"potentialAction\":[{\"@type\":\"ReadAction\",\"target\":[\"https:\/\/muumimukitrahaksi.fi\/sv\/produkt\/muminmugg-karlek-04l-2023-etikett\/\"]}]},{\"@type\":\"ImageObject\",\"inLanguage\":\"sv-SE\",\"@id\":\"https:\/\/muumimukitrahaksi.fi\/sv\/produkt\/muminmugg-karlek-04l-2023-etikett\/#primaryimage\",\"url\":\"https:\/\/muumimukitrahaksi.fi\/wp-content\/uploads\/2023\/07\/DSC08512.jpg\",\"contentUrl\":\"https:\/\/muumimukitrahaksi.fi\/wp-content\/uploads\/2023\/07\/DSC08512.jpg\",\"width\":1000,\"height\":1000,\"caption\":\"Muminmugg K\u00e4rlek 0,4l\"},{\"@type\":\"BreadcrumbList\",\"@id\":\"https:\/\/muumimukitrahaksi.fi\/sv\/produkt\/muminmugg-karlek-04l-2023-etikett\/#breadcrumb\",\"itemListElement\":[{\"@type\":\"ListItem\",\"position\":1,\"name\":\"Etusivu\",\"item\":\"https:\/\/muumimukitrahaksi.fi\/sv\/\"},{\"@type\":\"ListItem\",\"position\":2,\"name\":\"Butik\",\"item\":\"https:\/\/muumimukitrahaksi.fi\/sv\/butik\/\"},{\"@type\":\"ListItem\",\"position\":3,\"name\":\"Muminmugg K\u00e4rlek 0,4l (2023-) *ETIKETT*\"}]},{\"@type\":\"WebSite\",\"@id\":\"https:\/\/muumimukitrahaksi.fi\/#website\",\"url\":\"https:\/\/muumimukitrahaksi.fi\/\",\"name\":\"Muumimukit Rahaksi\",\"description\":\"Muumimukeja, -kulhoja ja -lautasia ker\u00e4ilij\u00f6ille!\",\"publisher\":{\"@id\":\"https:\/\/muumimukitrahaksi.fi\/#organization\"},\"potentialAction\":[{\"@type\":\"SearchAction\",\"target\":{\"@type\":\"EntryPoint\",\"urlTemplate\":\"https:\/\/muumimukitrahaksi.fi\/?s={search_term_string}\"},\"query-input\":{\"@type\":\"PropertyValueSpecification\",\"valueRequired\":true,\"valueName\":\"search_term_string\"}}],\"inLanguage\":\"sv-SE\"},{\"@type\":\"Organization\",\"@id\":\"https:\/\/muumimukitrahaksi.fi\/#organization\",\"name\":\"Muumimukit Rahaksi\",\"url\":\"https:\/\/muumimukitrahaksi.fi\/\",\"logo\":{\"@type\":\"ImageObject\",\"inLanguage\":\"sv-SE\",\"@id\":\"https:\/\/muumimukitrahaksi.fi\/#\/schema\/logo\/image\/\",\"url\":\"https:\/\/muumimukitrahaksi.fi\/wp-content\/uploads\/2017\/09\/logooo.jpg\",\"contentUrl\":\"https:\/\/muumimukitrahaksi.fi\/wp-content\/uploads\/2017\/09\/logooo.jpg\",\"width\":514,\"height\":514,\"caption\":\"Muumimukit Rahaksi\"},\"image\":{\"@id\":\"https:\/\/muumimukitrahaksi.fi\/#\/schema\/logo\/image\/\"},\"sameAs\":[\"https:\/\/www.facebook.com\/muumimukitrahaksi\/\",\"https:\/\/x.com\/MuumitRahaksi\",\"https:\/\/www.instagram.com\/muumimukitrahaksi\/\"]}]}<\/script>\n<!-- \/ Yoast SEO plugin. -->","yoast_head_json":{"title":"Muminmugg K\u00e4rlek 0,4l (2023-) *ETIKETT* - Muumimukit Rahaksi","description":"Arabias muminmugg K\u00e4rlek i den st\u00f6rre storleken 0,4 liter. Muggen \u00e4r ny och har etiketten kvar.","robots":{"index":"index","follow":"follow","max-snippet":"max-snippet:-1","max-image-preview":"max-image-preview:large","max-video-preview":"max-video-preview:-1"},"canonical":"https:\/\/muumimukitrahaksi.fi\/sv\/produkt\/muminmugg-karlek-04l-2023-etikett\/","og_locale":"sv_SE","og_type":"article","og_title":"Muminmugg K\u00e4rlek 0,4l (2023-) *ETIKETT* - Muumimukit Rahaksi","og_description":"Arabias muminmugg K\u00e4rlek i den st\u00f6rre storleken 0,4 liter. Muggen \u00e4r ny och har etiketten kvar.","og_url":"https:\/\/muumimukitrahaksi.fi\/sv\/produkt\/muminmugg-karlek-04l-2023-etikett\/","og_site_name":"Muumimukit Rahaksi","article_publisher":"https:\/\/www.facebook.com\/muumimukitrahaksi\/","article_modified_time":"2025-10-01T08:32:05+00:00","og_image":[{"width":1000,"height":1000,"url":"https:\/\/muumimukitrahaksi.fi\/wp-content\/uploads\/2023\/07\/DSC08512.jpg","type":"image\/jpeg"}],"twitter_card":"summary_large_image","twitter_site":"@MuumitRahaksi","twitter_misc":{"Ber\u00e4knad l\u00e4stid":"1 minut"},"schema":{"@context":"https:\/\/schema.org","@graph":[{"@type":"WebPage","@id":"https:\/\/muumimukitrahaksi.fi\/sv\/produkt\/muminmugg-karlek-04l-2023-etikett\/","url":"https:\/\/muumimukitrahaksi.fi\/sv\/produkt\/muminmugg-karlek-04l-2023-etikett\/","name":"Muminmugg K\u00e4rlek 0,4l (2023-) *ETIKETT* - Muumimukit Rahaksi","isPartOf":{"@id":"https:\/\/muumimukitrahaksi.fi\/#website"},"primaryImageOfPage":{"@id":"https:\/\/muumimukitrahaksi.fi\/sv\/produkt\/muminmugg-karlek-04l-2023-etikett\/#primaryimage"},"image":{"@id":"https:\/\/muumimukitrahaksi.fi\/sv\/produkt\/muminmugg-karlek-04l-2023-etikett\/#primaryimage"},"thumbnailUrl":"https:\/\/muumimukitrahaksi.fi\/wp-content\/uploads\/2023\/07\/DSC08512.jpg","datePublished":"2023-06-30T11:10:56+00:00","dateModified":"2025-10-01T08:32:05+00:00","description":"Arabias muminmugg K\u00e4rlek i den st\u00f6rre storleken 0,4 liter. Muggen \u00e4r ny och har etiketten kvar.","breadcrumb":{"@id":"https:\/\/muumimukitrahaksi.fi\/sv\/produkt\/muminmugg-karlek-04l-2023-etikett\/#breadcrumb"},"inLanguage":"sv-SE","potentialAction":[{"@type":"ReadAction","target":["https:\/\/muumimukitrahaksi.fi\/sv\/produkt\/muminmugg-karlek-04l-2023-etikett\/"]}]},{"@type":"ImageObject","inLanguage":"sv-SE","@id":"https:\/\/muumimukitrahaksi.fi\/sv\/produkt\/muminmugg-karlek-04l-2023-etikett\/#primaryimage","url":"https:\/\/muumimukitrahaksi.fi\/wp-content\/uploads\/2023\/07\/DSC08512.jpg","contentUrl":"https:\/\/muumimukitrahaksi.fi\/wp-content\/uploads\/2023\/07\/DSC08512.jpg","width":1000,"height":1000,"caption":"Muminmugg K\u00e4rlek 0,4l"},{"@type":"BreadcrumbList","@id":"https:\/\/muumimukitrahaksi.fi\/sv\/produkt\/muminmugg-karlek-04l-2023-etikett\/#breadcrumb","itemListElement":[{"@type":"ListItem","position":1,"name":"Etusivu","item":"https:\/\/muumimukitrahaksi.fi\/sv\/"},{"@type":"ListItem","position":2,"name":"Butik","item":"https:\/\/muumimukitrahaksi.fi\/sv\/butik\/"},{"@type":"ListItem","position":3,"name":"Muminmugg K\u00e4rlek 0,4l (2023-) *ETIKETT*"}]},{"@type":"WebSite","@id":"https:\/\/muumimukitrahaksi.fi\/#website","url":"https:\/\/muumimukitrahaksi.fi\/","name":"Muumimukit Rahaksi","description":"Muumimukeja, -kulhoja ja -lautasia ker\u00e4ilij\u00f6ille!","publisher":{"@id":"https:\/\/muumimukitrahaksi.fi\/#organization"},"potentialAction":[{"@type":"SearchAction","target":{"@type":"EntryPoint","urlTemplate":"https:\/\/muumimukitrahaksi.fi\/?s={search_term_string}"},"query-input":{"@type":"PropertyValueSpecification","valueRequired":true,"valueName":"search_term_string"}}],"inLanguage":"sv-SE"},{"@type":"Organization","@id":"https:\/\/muumimukitrahaksi.fi\/#organization","name":"Muumimukit Rahaksi","url":"https:\/\/muumimukitrahaksi.fi\/","logo":{"@type":"ImageObject","inLanguage":"sv-SE","@id":"https:\/\/muumimukitrahaksi.fi\/#\/schema\/logo\/image\/","url":"https:\/\/muumimukitrahaksi.fi\/wp-content\/uploads\/2017\/09\/logooo.jpg","contentUrl":"https:\/\/muumimukitrahaksi.fi\/wp-content\/uploads\/2017\/09\/logooo.jpg","width":514,"height":514,"caption":"Muumimukit Rahaksi"},"image":{"@id":"https:\/\/muumimukitrahaksi.fi\/#\/schema\/logo\/image\/"},"sameAs":["https:\/\/www.facebook.com\/muumimukitrahaksi\/","https:\/\/x.com\/MuumitRahaksi","https:\/\/www.instagram.com\/muumimukitrahaksi\/"]}]}},"_links":{"self":[{"href":"https:\/\/muumimukitrahaksi.fi\/sv\/wp-json\/wp\/v2\/product\/104809","targetHints":{"allow":["GET"]}}],"collection":[{"href":"https:\/\/muumimukitrahaksi.fi\/sv\/wp-json\/wp\/v2\/product"}],"about":[{"href":"https:\/\/muumimukitrahaksi.fi\/sv\/wp-json\/wp\/v2\/types\/product"}],"wp:featuredmedia":[{"embeddable":true,"href":"https:\/\/muumimukitrahaksi.fi\/sv\/wp-json\/wp\/v2\/media\/104810"}],"wp:attachment":[{"href":"https:\/\/muumimukitrahaksi.fi\/sv\/wp-json\/wp\/v2\/media?parent=104809"}],"wp:term":[{"taxonomy":"product_brand","embeddable":true,"href":"https:\/\/muumimukitrahaksi.fi\/sv\/wp-json\/wp\/v2\/product_brand?post=104809"},{"taxonomy":"product_cat","embeddable":true,"href":"https:\/\/muumimukitrahaksi.fi\/sv\/wp-json\/wp\/v2\/product_cat?post=104809"},{"taxonomy":"product_tag","embeddable":true,"href":"https:\/\/muumimukitrahaksi.fi\/sv\/wp-json\/wp\/v2\/product_tag?post=104809"}],"curies":[{"name":"wp","href":"https:\/\/api.w.org\/{rel}","templated":true}]}}