{"id":104971,"date":"2016-04-02T17:28:16","date_gmt":"2016-04-02T14:28:16","guid":{"rendered":"https:\/\/muumimukitrahaksi.fi\/tuote\/muminmugg-toves-jubileum-2014-glasogonmugg-etikett\/"},"modified":"2026-04-28T16:28:58","modified_gmt":"2026-04-28T13:28:58","slug":"muminmugg-toves-jubileum-2014-glasogonmugg-etikett","status":"publish","type":"product","link":"https:\/\/muumimukitrahaksi.fi\/sv\/produkt\/muminmugg-toves-jubileum-2014-glasogonmugg-etikett\/","title":{"rendered":"Muminmugg Toves Jubileum (2014) &#8221;Glas\u00f6gonmugg&#8221; *ETIKETT*"},"content":{"rendered":"<p style=\"text-align: center;\"><strong>\u2022 Officiell Moomin Characters\u00a0 licensinnehavare \u2022 Delbetalning\/faktura \u2022 Kvalitetsgranskade produkter<\/strong><\/p>\n<p>Muminmuggen Toves Jubileum lanserades \u00e5r 2014, d\u00e5 det hade g\u00e5tt hundra \u00e5r sedan Mumins skapare, Tove Janssons f\u00f6delse. St\u00f6rsta delen av muggens illustrationer \u00e4r baserade p\u00e5 Janssons bok &#8216;Den farliga resan&#8217;. I denna ber\u00e4ttelse tappar Susanna sina glas\u00f6gon p\u00e5 Mumindalens tr\u00e4dg\u00e5rdsfest, men hittar till slut nya i st\u00e4llet genom vilka v\u00e4rlden ser helt annorlunda ut. S\u00e5 det \u00e4r inte konstigt att denna specialmugg, i en \u00e4nnu mer speciell version, har glas\u00f6gonen p\u00e5 insidan av muggen. Versionen med glas\u00f6gonen inuti muggen \u00e4r betydligt mer s\u00e4llsynt \u00e4n den vanliga Toves Jubileum -muminmuggen, eftersom endast var sj\u00e4tte, det vill s\u00e4ga 16,66 procent av muggarna har glas\u00f6gonen p\u00e5 insidan. Muggen fick namnet Toves Jubileum glas\u00f6gonmugg. Kolla videon p\u00e5 <a href=\"https:\/\/www.youtube.com\/watch?v=wKU_n8Ggyd4\">Toves Jubileum dekorerad med glas\u00f6gon -muminmuggen p\u00e5 v\u00e5r Youtubekanal.<\/a><\/p>\n<p>Muggens popularitet var enorm, och s\u00f6kandet efter glas\u00f6gonmuggen blev varje Muminsamlares f\u00f6rsta prioritet. Situationen eskalerade till och med s\u00e5 l\u00e5ngt att m\u00e4nniskor i butikerna <a href=\"https:\/\/www.iltalehti.fi\/asuminen\/a\/2014010917913618\">rev glas\u00f6gonmuggarna fr\u00e5n varandras h\u00e4nder<\/a>. Den s\u00e4kraste metoden f\u00f6r att f\u00e5 tag p\u00e5 en glas\u00f6gonmugg var att best\u00e4lla ett paket p\u00e5 sex muggar fr\u00e5n n\u00e4tbutiken, d\u00e4r en glas\u00f6gonmugg automatiskt ingick. Denna mugg har \u00e4ven en s\u00e4rskild plats i v\u00e5r f\u00f6retagshistoria, eftersom vi b\u00f6rjade v\u00e5r verksamhet just \u00e5r 2014. I b\u00f6rjan visste f\u00e5 Muminsamlare om oss, men under sommaren 2014 lottade vi ut tv\u00e5 versioner av Toves Jubileum -muggen med glas\u00f6gon p\u00e5 v\u00e5r <a href=\"https:\/\/www.facebook.com\/muumimukitrahaksi\/\">Facebook-sida<\/a>, vilket gav oss mycket synlighet.<\/p>\n<p>Till Toves Jubileum -serie finns det f\u00f6rutom muggarna \u00e4ven tre olika storlekar av burkar med lock. Kolla in alla Toves Jubileum -produkter <a href=\"https:\/\/muumimukitrahaksi.fi\/sv\/?s=toves+jubileum&amp;post_type=product&amp;lang=sv\">h\u00e4r<\/a>. Produkterna hade en speciell bottenst\u00e4mpel som \u00e4r karakteristisk f\u00f6r specialmuggarna. Tv\u00e5 euro per s\u00e5ld produkt fr\u00e5n Toves Jubileum -serie donerades till v\u00e4lg\u00f6renhetsorganisationen UNICEF f\u00f6r att st\u00f6dja barns utbildning runt om i v\u00e4rlden.<\/p>\n<p>Kolla in andra specialmuggar <a href=\"https:\/\/muumimukitrahaksi.fi\/sv\/produkt-nyckelord\/specialmugg\/\">h\u00e4r.<\/a><\/p>\n<p>Har du en Toves Jubileum glas\u00f6gonmugg och vill s\u00e4lja den? Vi k\u00f6per ocks\u00e5 muminmuggar. Klicka <a href=\"https:\/\/muumimukitrahaksi.fi\/en\/sell-moomin\/\">h\u00e4r<\/a>, fyll i formul\u00e4ret och f\u00e5 en offert samma dag.<\/p>\n","protected":false},"excerpt":{"rendered":"<p style=\"text-align: center;\"><strong>\u2022 H\u00f6gklassiga varor \u2022 Snabb leverans<\/strong><\/p>\n<p>Arabias muminmugg Toves Jubileum dekorerad med glas\u00f6gon (ur produktion). Muggen \u00e4r ny och har etiketten kvar. Muggarna packas med omsorg och f\u00f6rnybara material.<\/p>\n<p style=\"text-align: center;\"><strong>\u2022 S\u00e4kra betalningss\u00e4tt<\/strong><\/p>\n<p><img loading=\"lazy\" decoding=\"async\" class=\"aligncenter wp-image-20415 size-full\" src=\"https:\/\/muumimukitrahaksi.fi\/wp-content\/uploads\/2020\/06\/maksutavat-2026-pieni-eng.png\" alt=\"Payment options\" width=\"350\" height=\"200\" \/><\/p>\n","protected":false},"featured_media":104972,"template":"","meta":[],"product_brand":[],"product_cat":[537,544,547,534,538],"product_tag":[626,597,568],"class_list":{"0":"post-104971","1":"product","2":"type-product","3":"status-publish","4":"has-post-thumbnail","6":"product_cat-arabia-muggar","7":"product_cat-muggar-med-etikett","8":"product_cat-muggar-ur-produktion","9":"product_cat-muggar","10":"product_cat-specialmuggar","11":"product_tag-med-etikett","12":"product_tag-muminmugg","13":"product_tag-specialmugg","15":"first","16":"instock","17":"taxable","18":"shipping-taxable","19":"purchasable","20":"product-type-simple"},"yoast_head":"<!-- This site is optimized with the Yoast SEO plugin v27.1.1 - https:\/\/yoast.com\/product\/yoast-seo-wordpress\/ -->\n<title>Muminmugg Toves Jubileum (2014) &#039;&#039;Glas\u00f6gonmugg&#039;&#039; *ETIKETT* - Muumimukit Rahaksi<\/title>\n<meta name=\"description\" content=\"Arabias muminmugg Toves Jubileum dekorerad med glas\u00f6gon (ur produktion). Muggen \u00e4r ny och har etiketten kvar.\" \/>\n<meta name=\"robots\" content=\"index, follow, max-snippet:-1, max-image-preview:large, max-video-preview:-1\" \/>\n<link rel=\"canonical\" href=\"https:\/\/muumimukitrahaksi.fi\/produkt\/muumimuki-toven-juhla-2014-rillimuki-tarra\/\" \/>\n<meta property=\"og:locale\" content=\"sv_SE\" \/>\n<meta property=\"og:type\" content=\"article\" \/>\n<meta property=\"og:title\" content=\"Muminmugg Toves Jubileum (2014) &#039;&#039;Glas\u00f6gonmugg&#039;&#039; *ETIKETT* - Muumimukit Rahaksi\" \/>\n<meta property=\"og:description\" content=\"Arabias muminmugg Toves Jubileum dekorerad med glas\u00f6gon (ur produktion). Muggen \u00e4r ny och har etiketten kvar.\" \/>\n<meta property=\"og:url\" content=\"https:\/\/muumimukitrahaksi.fi\/produkt\/muumimuki-toven-juhla-2014-rillimuki-tarra\/\" \/>\n<meta property=\"og:site_name\" content=\"Muumimukit Rahaksi\" \/>\n<meta property=\"article:publisher\" content=\"https:\/\/www.facebook.com\/muumimukitrahaksi\/\" \/>\n<meta property=\"article:modified_time\" content=\"2026-04-28T13:28:58+00:00\" \/>\n<meta property=\"og:image\" content=\"https:\/\/muumimukitrahaksi.fi\/wp-content\/uploads\/2021\/01\/DSC03018.jpg\" \/>\n\t<meta property=\"og:image:width\" content=\"1000\" \/>\n\t<meta property=\"og:image:height\" content=\"1000\" \/>\n\t<meta property=\"og:image:type\" content=\"image\/jpeg\" \/>\n<meta name=\"twitter:card\" content=\"summary_large_image\" \/>\n<meta name=\"twitter:site\" content=\"@MuumitRahaksi\" \/>\n<meta name=\"twitter:label1\" content=\"Ber\u00e4knad l\u00e4stid\" \/>\n\t<meta name=\"twitter:data1\" content=\"2 minuter\" \/>\n<script type=\"application\/ld+json\" class=\"yoast-schema-graph\">{\"@context\":\"https:\/\/schema.org\",\"@graph\":[{\"@type\":\"WebPage\",\"@id\":\"https:\/\/muumimukitrahaksi.fi\/produkt\/muumimuki-toven-juhla-2014-rillimuki-tarra\/\",\"url\":\"https:\/\/muumimukitrahaksi.fi\/produkt\/muumimuki-toven-juhla-2014-rillimuki-tarra\/\",\"name\":\"Muminmugg Toves Jubileum (2014) ''Glas\u00f6gonmugg'' *ETIKETT* - Muumimukit Rahaksi\",\"isPartOf\":{\"@id\":\"https:\/\/muumimukitrahaksi.fi\/#website\"},\"primaryImageOfPage\":{\"@id\":\"https:\/\/muumimukitrahaksi.fi\/produkt\/muumimuki-toven-juhla-2014-rillimuki-tarra\/#primaryimage\"},\"image\":{\"@id\":\"https:\/\/muumimukitrahaksi.fi\/produkt\/muumimuki-toven-juhla-2014-rillimuki-tarra\/#primaryimage\"},\"thumbnailUrl\":\"https:\/\/muumimukitrahaksi.fi\/wp-content\/uploads\/2021\/01\/DSC03018.jpg\",\"datePublished\":\"2016-04-02T14:28:16+00:00\",\"dateModified\":\"2026-04-28T13:28:58+00:00\",\"description\":\"Arabias muminmugg Toves Jubileum dekorerad med glas\u00f6gon (ur produktion). Muggen \u00e4r ny och har etiketten kvar.\",\"breadcrumb\":{\"@id\":\"https:\/\/muumimukitrahaksi.fi\/produkt\/muumimuki-toven-juhla-2014-rillimuki-tarra\/#breadcrumb\"},\"inLanguage\":\"sv-SE\",\"potentialAction\":[{\"@type\":\"ReadAction\",\"target\":[\"https:\/\/muumimukitrahaksi.fi\/produkt\/muumimuki-toven-juhla-2014-rillimuki-tarra\/\"]}]},{\"@type\":\"ImageObject\",\"inLanguage\":\"sv-SE\",\"@id\":\"https:\/\/muumimukitrahaksi.fi\/produkt\/muumimuki-toven-juhla-2014-rillimuki-tarra\/#primaryimage\",\"url\":\"https:\/\/muumimukitrahaksi.fi\/wp-content\/uploads\/2021\/01\/DSC03018.jpg\",\"contentUrl\":\"https:\/\/muumimukitrahaksi.fi\/wp-content\/uploads\/2021\/01\/DSC03018.jpg\",\"width\":1000,\"height\":1000,\"caption\":\"Muminmugg Toves Jubileum\"},{\"@type\":\"BreadcrumbList\",\"@id\":\"https:\/\/muumimukitrahaksi.fi\/produkt\/muumimuki-toven-juhla-2014-rillimuki-tarra\/#breadcrumb\",\"itemListElement\":[{\"@type\":\"ListItem\",\"position\":1,\"name\":\"Etusivu\",\"item\":\"https:\/\/muumimukitrahaksi.fi\/sv\/\"},{\"@type\":\"ListItem\",\"position\":2,\"name\":\"Butik\",\"item\":\"https:\/\/muumimukitrahaksi.fi\/sv\/butik\/\"},{\"@type\":\"ListItem\",\"position\":3,\"name\":\"Muminmugg Toves Jubileum (2014) &#8221;Glas\u00f6gonmugg&#8221; *ETIKETT*\"}]},{\"@type\":\"WebSite\",\"@id\":\"https:\/\/muumimukitrahaksi.fi\/#website\",\"url\":\"https:\/\/muumimukitrahaksi.fi\/\",\"name\":\"Muumimukit Rahaksi\",\"description\":\"Muumimukeja, -kulhoja ja -lautasia ker\u00e4ilij\u00f6ille!\",\"publisher\":{\"@id\":\"https:\/\/muumimukitrahaksi.fi\/#organization\"},\"potentialAction\":[{\"@type\":\"SearchAction\",\"target\":{\"@type\":\"EntryPoint\",\"urlTemplate\":\"https:\/\/muumimukitrahaksi.fi\/?s={search_term_string}\"},\"query-input\":{\"@type\":\"PropertyValueSpecification\",\"valueRequired\":true,\"valueName\":\"search_term_string\"}}],\"inLanguage\":\"sv-SE\"},{\"@type\":\"Organization\",\"@id\":\"https:\/\/muumimukitrahaksi.fi\/#organization\",\"name\":\"Muumimukit Rahaksi\",\"url\":\"https:\/\/muumimukitrahaksi.fi\/\",\"logo\":{\"@type\":\"ImageObject\",\"inLanguage\":\"sv-SE\",\"@id\":\"https:\/\/muumimukitrahaksi.fi\/#\/schema\/logo\/image\/\",\"url\":\"https:\/\/muumimukitrahaksi.fi\/wp-content\/uploads\/2017\/09\/logooo.jpg\",\"contentUrl\":\"https:\/\/muumimukitrahaksi.fi\/wp-content\/uploads\/2017\/09\/logooo.jpg\",\"width\":514,\"height\":514,\"caption\":\"Muumimukit Rahaksi\"},\"image\":{\"@id\":\"https:\/\/muumimukitrahaksi.fi\/#\/schema\/logo\/image\/\"},\"sameAs\":[\"https:\/\/www.facebook.com\/muumimukitrahaksi\/\",\"https:\/\/x.com\/MuumitRahaksi\",\"https:\/\/www.instagram.com\/muumimukitrahaksi\/\"]}]}<\/script>\n<!-- \/ Yoast SEO plugin. -->","yoast_head_json":{"title":"Muminmugg Toves Jubileum (2014) ''Glas\u00f6gonmugg'' *ETIKETT* - Muumimukit Rahaksi","description":"Arabias muminmugg Toves Jubileum dekorerad med glas\u00f6gon (ur produktion). Muggen \u00e4r ny och har etiketten kvar.","robots":{"index":"index","follow":"follow","max-snippet":"max-snippet:-1","max-image-preview":"max-image-preview:large","max-video-preview":"max-video-preview:-1"},"canonical":"https:\/\/muumimukitrahaksi.fi\/produkt\/muumimuki-toven-juhla-2014-rillimuki-tarra\/","og_locale":"sv_SE","og_type":"article","og_title":"Muminmugg Toves Jubileum (2014) ''Glas\u00f6gonmugg'' *ETIKETT* - Muumimukit Rahaksi","og_description":"Arabias muminmugg Toves Jubileum dekorerad med glas\u00f6gon (ur produktion). Muggen \u00e4r ny och har etiketten kvar.","og_url":"https:\/\/muumimukitrahaksi.fi\/produkt\/muumimuki-toven-juhla-2014-rillimuki-tarra\/","og_site_name":"Muumimukit Rahaksi","article_publisher":"https:\/\/www.facebook.com\/muumimukitrahaksi\/","article_modified_time":"2026-04-28T13:28:58+00:00","og_image":[{"width":1000,"height":1000,"url":"https:\/\/muumimukitrahaksi.fi\/wp-content\/uploads\/2021\/01\/DSC03018.jpg","type":"image\/jpeg"}],"twitter_card":"summary_large_image","twitter_site":"@MuumitRahaksi","twitter_misc":{"Ber\u00e4knad l\u00e4stid":"2 minuter"},"schema":{"@context":"https:\/\/schema.org","@graph":[{"@type":"WebPage","@id":"https:\/\/muumimukitrahaksi.fi\/produkt\/muumimuki-toven-juhla-2014-rillimuki-tarra\/","url":"https:\/\/muumimukitrahaksi.fi\/produkt\/muumimuki-toven-juhla-2014-rillimuki-tarra\/","name":"Muminmugg Toves Jubileum (2014) ''Glas\u00f6gonmugg'' *ETIKETT* - Muumimukit Rahaksi","isPartOf":{"@id":"https:\/\/muumimukitrahaksi.fi\/#website"},"primaryImageOfPage":{"@id":"https:\/\/muumimukitrahaksi.fi\/produkt\/muumimuki-toven-juhla-2014-rillimuki-tarra\/#primaryimage"},"image":{"@id":"https:\/\/muumimukitrahaksi.fi\/produkt\/muumimuki-toven-juhla-2014-rillimuki-tarra\/#primaryimage"},"thumbnailUrl":"https:\/\/muumimukitrahaksi.fi\/wp-content\/uploads\/2021\/01\/DSC03018.jpg","datePublished":"2016-04-02T14:28:16+00:00","dateModified":"2026-04-28T13:28:58+00:00","description":"Arabias muminmugg Toves Jubileum dekorerad med glas\u00f6gon (ur produktion). Muggen \u00e4r ny och har etiketten kvar.","breadcrumb":{"@id":"https:\/\/muumimukitrahaksi.fi\/produkt\/muumimuki-toven-juhla-2014-rillimuki-tarra\/#breadcrumb"},"inLanguage":"sv-SE","potentialAction":[{"@type":"ReadAction","target":["https:\/\/muumimukitrahaksi.fi\/produkt\/muumimuki-toven-juhla-2014-rillimuki-tarra\/"]}]},{"@type":"ImageObject","inLanguage":"sv-SE","@id":"https:\/\/muumimukitrahaksi.fi\/produkt\/muumimuki-toven-juhla-2014-rillimuki-tarra\/#primaryimage","url":"https:\/\/muumimukitrahaksi.fi\/wp-content\/uploads\/2021\/01\/DSC03018.jpg","contentUrl":"https:\/\/muumimukitrahaksi.fi\/wp-content\/uploads\/2021\/01\/DSC03018.jpg","width":1000,"height":1000,"caption":"Muminmugg Toves Jubileum"},{"@type":"BreadcrumbList","@id":"https:\/\/muumimukitrahaksi.fi\/produkt\/muumimuki-toven-juhla-2014-rillimuki-tarra\/#breadcrumb","itemListElement":[{"@type":"ListItem","position":1,"name":"Etusivu","item":"https:\/\/muumimukitrahaksi.fi\/sv\/"},{"@type":"ListItem","position":2,"name":"Butik","item":"https:\/\/muumimukitrahaksi.fi\/sv\/butik\/"},{"@type":"ListItem","position":3,"name":"Muminmugg Toves Jubileum (2014) &#8221;Glas\u00f6gonmugg&#8221; *ETIKETT*"}]},{"@type":"WebSite","@id":"https:\/\/muumimukitrahaksi.fi\/#website","url":"https:\/\/muumimukitrahaksi.fi\/","name":"Muumimukit Rahaksi","description":"Muumimukeja, -kulhoja ja -lautasia ker\u00e4ilij\u00f6ille!","publisher":{"@id":"https:\/\/muumimukitrahaksi.fi\/#organization"},"potentialAction":[{"@type":"SearchAction","target":{"@type":"EntryPoint","urlTemplate":"https:\/\/muumimukitrahaksi.fi\/?s={search_term_string}"},"query-input":{"@type":"PropertyValueSpecification","valueRequired":true,"valueName":"search_term_string"}}],"inLanguage":"sv-SE"},{"@type":"Organization","@id":"https:\/\/muumimukitrahaksi.fi\/#organization","name":"Muumimukit Rahaksi","url":"https:\/\/muumimukitrahaksi.fi\/","logo":{"@type":"ImageObject","inLanguage":"sv-SE","@id":"https:\/\/muumimukitrahaksi.fi\/#\/schema\/logo\/image\/","url":"https:\/\/muumimukitrahaksi.fi\/wp-content\/uploads\/2017\/09\/logooo.jpg","contentUrl":"https:\/\/muumimukitrahaksi.fi\/wp-content\/uploads\/2017\/09\/logooo.jpg","width":514,"height":514,"caption":"Muumimukit Rahaksi"},"image":{"@id":"https:\/\/muumimukitrahaksi.fi\/#\/schema\/logo\/image\/"},"sameAs":["https:\/\/www.facebook.com\/muumimukitrahaksi\/","https:\/\/x.com\/MuumitRahaksi","https:\/\/www.instagram.com\/muumimukitrahaksi\/"]}]}},"_links":{"self":[{"href":"https:\/\/muumimukitrahaksi.fi\/sv\/wp-json\/wp\/v2\/product\/104971","targetHints":{"allow":["GET"]}}],"collection":[{"href":"https:\/\/muumimukitrahaksi.fi\/sv\/wp-json\/wp\/v2\/product"}],"about":[{"href":"https:\/\/muumimukitrahaksi.fi\/sv\/wp-json\/wp\/v2\/types\/product"}],"wp:featuredmedia":[{"embeddable":true,"href":"https:\/\/muumimukitrahaksi.fi\/sv\/wp-json\/wp\/v2\/media\/104972"}],"wp:attachment":[{"href":"https:\/\/muumimukitrahaksi.fi\/sv\/wp-json\/wp\/v2\/media?parent=104971"}],"wp:term":[{"taxonomy":"product_brand","embeddable":true,"href":"https:\/\/muumimukitrahaksi.fi\/sv\/wp-json\/wp\/v2\/product_brand?post=104971"},{"taxonomy":"product_cat","embeddable":true,"href":"https:\/\/muumimukitrahaksi.fi\/sv\/wp-json\/wp\/v2\/product_cat?post=104971"},{"taxonomy":"product_tag","embeddable":true,"href":"https:\/\/muumimukitrahaksi.fi\/sv\/wp-json\/wp\/v2\/product_tag?post=104971"}],"curies":[{"name":"wp","href":"https:\/\/api.w.org\/{rel}","templated":true}]}}