{"id":104987,"date":"2016-01-21T18:12:44","date_gmt":"2016-01-21T16:12:44","guid":{"rendered":"https:\/\/muumimukitrahaksi.fi\/tuote\/muminmugg-morkrosa-1991-1999\/"},"modified":"2025-12-04T16:23:25","modified_gmt":"2025-12-04T14:23:25","slug":"muminmugg-morkrosa-1991-1999","status":"publish","type":"product","link":"https:\/\/muumimukitrahaksi.fi\/sv\/produkt\/muminmugg-morkrosa-1991-1999\/","title":{"rendered":"Muminmugg M\u00f6rkrosa (1991-1999)"},"content":{"rendered":"<p style=\"text-align: center;\"><strong>\u2022 Officiell Moomin Characters\u00a0 licensinnehavare \u2022 Delbetalning\/faktura \u2022 Kvalitetsgranskade produkter<\/strong><\/p>\n<p>Muminmuggen M\u00f6rkrosa \u00e4r ocks\u00e5 k\u00e4nd under namnet Rosa Muminmamma. Detta beror f\u00f6rmodligen p\u00e5 att Muminmamman \u00e4r en central figur i muggens illustration. Som inspiration har muggens designare, Camilla Moberg, anv\u00e4nt olika naturstenar och stenformationer. Det \u00e4r s\u00e5ledes inte en tillf\u00e4llighet att varje muminmugg designad av Moberg inneh\u00e5ller naturstenar. <a href=\"https:\/\/www.youtube.com\/watch?v=6JZrWS76254&amp;t=1s\">Kolla videon p\u00e5 muggen M\u00f6rkrosa p\u00e5 v\u00e5r Youtubekanal.<\/a><\/p>\n<p>I tal och diskussioner kan denna mugg ibland f\u00f6rv\u00e4xlas med den tidigare sl\u00e4ppta <a href=\"https:\/\/muumimukitrahaksi.fi\/sv\/produkt\/muminmugg-mugg-rosa-1990-1993\/\">Mugg Rosa-muminmuggen<\/a>, som dock \u00e4r betydligt mer s\u00e4llsynt.<\/p>\n<p>Har du en M\u00f6rkrosa -muminmugg och vill s\u00e4lja den? Vi k\u00f6per ocks\u00e5 muminmuggar. Klicka <a href=\"https:\/\/muumimukitrahaksi.fi\/en\/sell-moomin\/\">h\u00e4r<\/a>, fyll i formul\u00e4ret och f\u00e5 en offert samma dag.<\/p>\n","protected":false},"excerpt":{"rendered":"<p style=\"text-align: center;\"><strong>\u2022 H\u00f6gklassiga varor \u2022 Snabb leverans<\/strong><\/p>\n<p>Arabias muminmugg M\u00f6rkrosa (ur produktion). Muggen \u00e4r i mycket bra skick. Bara n\u00e5gra vita prickar i glasyren och\/eller korta skr\u00e5mor. Muggens f\u00e4rger \u00e4r mycket starka och glasyren har sin fantastiska glans kvar. Muggarna packas med omsorg och f\u00f6rnybara material.<\/p>\n<p style=\"text-align: center;\"><strong>\u2022 S\u00e4kra betalningss\u00e4tt<\/strong><\/p>\n<p><img loading=\"lazy\" decoding=\"async\" class=\"aligncenter wp-image-20415 size-full\" src=\"https:\/\/muumimukitrahaksi.fi\/wp-content\/uploads\/2020\/06\/maksutavat-2026-pieni-eng.png\" alt=\"Payment options\" width=\"350\" height=\"200\" \/><\/p>\n","protected":false},"featured_media":109781,"template":"","meta":[],"product_brand":[],"product_cat":[536,537,547,545,534],"product_tag":[564,636,632,597,627],"class_list":{"0":"post-104987","1":"product","2":"type-product","3":"status-publish","4":"has-post-thumbnail","6":"product_cat-90-tals-muggar","7":"product_cat-arabia-muggar","8":"product_cat-muggar-ur-produktion","9":"product_cat-muggar-utan-etikett","10":"product_cat-muggar","11":"product_tag-90-tal","12":"product_tag-90-talet","13":"product_tag-mugg-morkrosa","14":"product_tag-muminmugg","15":"product_tag-utan-etikett","17":"first","18":"instock","19":"featured","20":"taxable","21":"shipping-taxable","22":"purchasable","23":"product-type-simple"},"yoast_head":"<!-- This site is optimized with the Yoast SEO plugin v27.1.1 - https:\/\/yoast.com\/product\/yoast-seo-wordpress\/ -->\n<title>Muminmugg M\u00f6rkrosa (1991-1999) - Muumimukit Rahaksi<\/title>\n<meta name=\"description\" content=\"Arabias muminmugg M\u00f6rkrosa (ur produktion). Muggen \u00e4r n\u00e4stan som ny.\" \/>\n<meta name=\"robots\" content=\"index, follow, max-snippet:-1, max-image-preview:large, max-video-preview:-1\" \/>\n<link rel=\"canonical\" href=\"https:\/\/muumimukitrahaksi.fi\/sv\/produkt\/muminmugg-morkrosa-1991-1999\/\" \/>\n<meta property=\"og:locale\" content=\"sv_SE\" \/>\n<meta property=\"og:type\" content=\"article\" \/>\n<meta property=\"og:title\" content=\"Muminmugg M\u00f6rkrosa (1991-1999) - Muumimukit Rahaksi\" \/>\n<meta property=\"og:description\" content=\"Arabias muminmugg M\u00f6rkrosa (ur produktion). Muggen \u00e4r n\u00e4stan som ny.\" \/>\n<meta property=\"og:url\" content=\"https:\/\/muumimukitrahaksi.fi\/sv\/produkt\/muminmugg-morkrosa-1991-1999\/\" \/>\n<meta property=\"og:site_name\" content=\"Muumimukit Rahaksi\" \/>\n<meta property=\"article:publisher\" content=\"https:\/\/www.facebook.com\/muumimukitrahaksi\/\" \/>\n<meta property=\"article:modified_time\" content=\"2025-12-04T14:23:25+00:00\" \/>\n<meta property=\"og:image\" content=\"https:\/\/muumimukitrahaksi.fi\/wp-content\/uploads\/2024\/05\/DSC04980.jpg\" \/>\n\t<meta property=\"og:image:width\" content=\"1000\" \/>\n\t<meta property=\"og:image:height\" content=\"1000\" \/>\n\t<meta property=\"og:image:type\" content=\"image\/jpeg\" \/>\n<meta name=\"twitter:card\" content=\"summary_large_image\" \/>\n<meta name=\"twitter:site\" content=\"@MuumitRahaksi\" \/>\n<meta name=\"twitter:label1\" content=\"Ber\u00e4knad l\u00e4stid\" \/>\n\t<meta name=\"twitter:data1\" content=\"1 minut\" \/>\n<script type=\"application\/ld+json\" class=\"yoast-schema-graph\">{\"@context\":\"https:\/\/schema.org\",\"@graph\":[{\"@type\":\"WebPage\",\"@id\":\"https:\/\/muumimukitrahaksi.fi\/sv\/produkt\/muminmugg-morkrosa-1991-1999\/\",\"url\":\"https:\/\/muumimukitrahaksi.fi\/sv\/produkt\/muminmugg-morkrosa-1991-1999\/\",\"name\":\"Muminmugg M\u00f6rkrosa (1991-1999) - Muumimukit Rahaksi\",\"isPartOf\":{\"@id\":\"https:\/\/muumimukitrahaksi.fi\/#website\"},\"primaryImageOfPage\":{\"@id\":\"https:\/\/muumimukitrahaksi.fi\/sv\/produkt\/muminmugg-morkrosa-1991-1999\/#primaryimage\"},\"image\":{\"@id\":\"https:\/\/muumimukitrahaksi.fi\/sv\/produkt\/muminmugg-morkrosa-1991-1999\/#primaryimage\"},\"thumbnailUrl\":\"https:\/\/muumimukitrahaksi.fi\/wp-content\/uploads\/2024\/05\/DSC04980.jpg\",\"datePublished\":\"2016-01-21T16:12:44+00:00\",\"dateModified\":\"2025-12-04T14:23:25+00:00\",\"description\":\"Arabias muminmugg M\u00f6rkrosa (ur produktion). Muggen \u00e4r n\u00e4stan som ny.\",\"breadcrumb\":{\"@id\":\"https:\/\/muumimukitrahaksi.fi\/sv\/produkt\/muminmugg-morkrosa-1991-1999\/#breadcrumb\"},\"inLanguage\":\"sv-SE\",\"potentialAction\":[{\"@type\":\"ReadAction\",\"target\":[\"https:\/\/muumimukitrahaksi.fi\/sv\/produkt\/muminmugg-morkrosa-1991-1999\/\"]}]},{\"@type\":\"ImageObject\",\"inLanguage\":\"sv-SE\",\"@id\":\"https:\/\/muumimukitrahaksi.fi\/sv\/produkt\/muminmugg-morkrosa-1991-1999\/#primaryimage\",\"url\":\"https:\/\/muumimukitrahaksi.fi\/wp-content\/uploads\/2024\/05\/DSC04980.jpg\",\"contentUrl\":\"https:\/\/muumimukitrahaksi.fi\/wp-content\/uploads\/2024\/05\/DSC04980.jpg\",\"width\":1000,\"height\":1000,\"caption\":\"Muminmugg M\u00f6rkrosa\"},{\"@type\":\"BreadcrumbList\",\"@id\":\"https:\/\/muumimukitrahaksi.fi\/sv\/produkt\/muminmugg-morkrosa-1991-1999\/#breadcrumb\",\"itemListElement\":[{\"@type\":\"ListItem\",\"position\":1,\"name\":\"Etusivu\",\"item\":\"https:\/\/muumimukitrahaksi.fi\/sv\/\"},{\"@type\":\"ListItem\",\"position\":2,\"name\":\"Butik\",\"item\":\"https:\/\/muumimukitrahaksi.fi\/sv\/butik\/\"},{\"@type\":\"ListItem\",\"position\":3,\"name\":\"Muminmugg M\u00f6rkrosa (1991-1999)\"}]},{\"@type\":\"WebSite\",\"@id\":\"https:\/\/muumimukitrahaksi.fi\/#website\",\"url\":\"https:\/\/muumimukitrahaksi.fi\/\",\"name\":\"Muumimukit Rahaksi\",\"description\":\"Muumimukeja, -kulhoja ja -lautasia ker\u00e4ilij\u00f6ille!\",\"publisher\":{\"@id\":\"https:\/\/muumimukitrahaksi.fi\/#organization\"},\"potentialAction\":[{\"@type\":\"SearchAction\",\"target\":{\"@type\":\"EntryPoint\",\"urlTemplate\":\"https:\/\/muumimukitrahaksi.fi\/?s={search_term_string}\"},\"query-input\":{\"@type\":\"PropertyValueSpecification\",\"valueRequired\":true,\"valueName\":\"search_term_string\"}}],\"inLanguage\":\"sv-SE\"},{\"@type\":\"Organization\",\"@id\":\"https:\/\/muumimukitrahaksi.fi\/#organization\",\"name\":\"Muumimukit Rahaksi\",\"url\":\"https:\/\/muumimukitrahaksi.fi\/\",\"logo\":{\"@type\":\"ImageObject\",\"inLanguage\":\"sv-SE\",\"@id\":\"https:\/\/muumimukitrahaksi.fi\/#\/schema\/logo\/image\/\",\"url\":\"https:\/\/muumimukitrahaksi.fi\/wp-content\/uploads\/2017\/09\/logooo.jpg\",\"contentUrl\":\"https:\/\/muumimukitrahaksi.fi\/wp-content\/uploads\/2017\/09\/logooo.jpg\",\"width\":514,\"height\":514,\"caption\":\"Muumimukit Rahaksi\"},\"image\":{\"@id\":\"https:\/\/muumimukitrahaksi.fi\/#\/schema\/logo\/image\/\"},\"sameAs\":[\"https:\/\/www.facebook.com\/muumimukitrahaksi\/\",\"https:\/\/x.com\/MuumitRahaksi\",\"https:\/\/www.instagram.com\/muumimukitrahaksi\/\"]}]}<\/script>\n<!-- \/ Yoast SEO plugin. -->","yoast_head_json":{"title":"Muminmugg M\u00f6rkrosa (1991-1999) - Muumimukit Rahaksi","description":"Arabias muminmugg M\u00f6rkrosa (ur produktion). Muggen \u00e4r n\u00e4stan som ny.","robots":{"index":"index","follow":"follow","max-snippet":"max-snippet:-1","max-image-preview":"max-image-preview:large","max-video-preview":"max-video-preview:-1"},"canonical":"https:\/\/muumimukitrahaksi.fi\/sv\/produkt\/muminmugg-morkrosa-1991-1999\/","og_locale":"sv_SE","og_type":"article","og_title":"Muminmugg M\u00f6rkrosa (1991-1999) - Muumimukit Rahaksi","og_description":"Arabias muminmugg M\u00f6rkrosa (ur produktion). Muggen \u00e4r n\u00e4stan som ny.","og_url":"https:\/\/muumimukitrahaksi.fi\/sv\/produkt\/muminmugg-morkrosa-1991-1999\/","og_site_name":"Muumimukit Rahaksi","article_publisher":"https:\/\/www.facebook.com\/muumimukitrahaksi\/","article_modified_time":"2025-12-04T14:23:25+00:00","og_image":[{"width":1000,"height":1000,"url":"https:\/\/muumimukitrahaksi.fi\/wp-content\/uploads\/2024\/05\/DSC04980.jpg","type":"image\/jpeg"}],"twitter_card":"summary_large_image","twitter_site":"@MuumitRahaksi","twitter_misc":{"Ber\u00e4knad l\u00e4stid":"1 minut"},"schema":{"@context":"https:\/\/schema.org","@graph":[{"@type":"WebPage","@id":"https:\/\/muumimukitrahaksi.fi\/sv\/produkt\/muminmugg-morkrosa-1991-1999\/","url":"https:\/\/muumimukitrahaksi.fi\/sv\/produkt\/muminmugg-morkrosa-1991-1999\/","name":"Muminmugg M\u00f6rkrosa (1991-1999) - Muumimukit Rahaksi","isPartOf":{"@id":"https:\/\/muumimukitrahaksi.fi\/#website"},"primaryImageOfPage":{"@id":"https:\/\/muumimukitrahaksi.fi\/sv\/produkt\/muminmugg-morkrosa-1991-1999\/#primaryimage"},"image":{"@id":"https:\/\/muumimukitrahaksi.fi\/sv\/produkt\/muminmugg-morkrosa-1991-1999\/#primaryimage"},"thumbnailUrl":"https:\/\/muumimukitrahaksi.fi\/wp-content\/uploads\/2024\/05\/DSC04980.jpg","datePublished":"2016-01-21T16:12:44+00:00","dateModified":"2025-12-04T14:23:25+00:00","description":"Arabias muminmugg M\u00f6rkrosa (ur produktion). Muggen \u00e4r n\u00e4stan som ny.","breadcrumb":{"@id":"https:\/\/muumimukitrahaksi.fi\/sv\/produkt\/muminmugg-morkrosa-1991-1999\/#breadcrumb"},"inLanguage":"sv-SE","potentialAction":[{"@type":"ReadAction","target":["https:\/\/muumimukitrahaksi.fi\/sv\/produkt\/muminmugg-morkrosa-1991-1999\/"]}]},{"@type":"ImageObject","inLanguage":"sv-SE","@id":"https:\/\/muumimukitrahaksi.fi\/sv\/produkt\/muminmugg-morkrosa-1991-1999\/#primaryimage","url":"https:\/\/muumimukitrahaksi.fi\/wp-content\/uploads\/2024\/05\/DSC04980.jpg","contentUrl":"https:\/\/muumimukitrahaksi.fi\/wp-content\/uploads\/2024\/05\/DSC04980.jpg","width":1000,"height":1000,"caption":"Muminmugg M\u00f6rkrosa"},{"@type":"BreadcrumbList","@id":"https:\/\/muumimukitrahaksi.fi\/sv\/produkt\/muminmugg-morkrosa-1991-1999\/#breadcrumb","itemListElement":[{"@type":"ListItem","position":1,"name":"Etusivu","item":"https:\/\/muumimukitrahaksi.fi\/sv\/"},{"@type":"ListItem","position":2,"name":"Butik","item":"https:\/\/muumimukitrahaksi.fi\/sv\/butik\/"},{"@type":"ListItem","position":3,"name":"Muminmugg M\u00f6rkrosa (1991-1999)"}]},{"@type":"WebSite","@id":"https:\/\/muumimukitrahaksi.fi\/#website","url":"https:\/\/muumimukitrahaksi.fi\/","name":"Muumimukit Rahaksi","description":"Muumimukeja, -kulhoja ja -lautasia ker\u00e4ilij\u00f6ille!","publisher":{"@id":"https:\/\/muumimukitrahaksi.fi\/#organization"},"potentialAction":[{"@type":"SearchAction","target":{"@type":"EntryPoint","urlTemplate":"https:\/\/muumimukitrahaksi.fi\/?s={search_term_string}"},"query-input":{"@type":"PropertyValueSpecification","valueRequired":true,"valueName":"search_term_string"}}],"inLanguage":"sv-SE"},{"@type":"Organization","@id":"https:\/\/muumimukitrahaksi.fi\/#organization","name":"Muumimukit Rahaksi","url":"https:\/\/muumimukitrahaksi.fi\/","logo":{"@type":"ImageObject","inLanguage":"sv-SE","@id":"https:\/\/muumimukitrahaksi.fi\/#\/schema\/logo\/image\/","url":"https:\/\/muumimukitrahaksi.fi\/wp-content\/uploads\/2017\/09\/logooo.jpg","contentUrl":"https:\/\/muumimukitrahaksi.fi\/wp-content\/uploads\/2017\/09\/logooo.jpg","width":514,"height":514,"caption":"Muumimukit Rahaksi"},"image":{"@id":"https:\/\/muumimukitrahaksi.fi\/#\/schema\/logo\/image\/"},"sameAs":["https:\/\/www.facebook.com\/muumimukitrahaksi\/","https:\/\/x.com\/MuumitRahaksi","https:\/\/www.instagram.com\/muumimukitrahaksi\/"]}]}},"_links":{"self":[{"href":"https:\/\/muumimukitrahaksi.fi\/sv\/wp-json\/wp\/v2\/product\/104987","targetHints":{"allow":["GET"]}}],"collection":[{"href":"https:\/\/muumimukitrahaksi.fi\/sv\/wp-json\/wp\/v2\/product"}],"about":[{"href":"https:\/\/muumimukitrahaksi.fi\/sv\/wp-json\/wp\/v2\/types\/product"}],"wp:featuredmedia":[{"embeddable":true,"href":"https:\/\/muumimukitrahaksi.fi\/sv\/wp-json\/wp\/v2\/media\/109781"}],"wp:attachment":[{"href":"https:\/\/muumimukitrahaksi.fi\/sv\/wp-json\/wp\/v2\/media?parent=104987"}],"wp:term":[{"taxonomy":"product_brand","embeddable":true,"href":"https:\/\/muumimukitrahaksi.fi\/sv\/wp-json\/wp\/v2\/product_brand?post=104987"},{"taxonomy":"product_cat","embeddable":true,"href":"https:\/\/muumimukitrahaksi.fi\/sv\/wp-json\/wp\/v2\/product_cat?post=104987"},{"taxonomy":"product_tag","embeddable":true,"href":"https:\/\/muumimukitrahaksi.fi\/sv\/wp-json\/wp\/v2\/product_tag?post=104987"}],"curies":[{"name":"wp","href":"https:\/\/api.w.org\/{rel}","templated":true}]}}