{"id":105000,"date":"2022-06-15T12:07:50","date_gmt":"2022-06-15T09:07:50","guid":{"rendered":"https:\/\/muumimukitrahaksi.fi\/tuote\/muminmugg-morkbla-fargexperiment-1991-1999\/"},"modified":"2024-03-11T12:44:23","modified_gmt":"2024-03-11T10:44:23","slug":"muminmugg-morkbla-fargexperiment-1991-1999","status":"publish","type":"product","link":"https:\/\/muumimukitrahaksi.fi\/sv\/produkt\/muminmugg-morkbla-fargexperiment-1991-1999\/","title":{"rendered":"Muminmugg M\u00f6rkbl\u00e5, f\u00e4rgexperiment (1991-1999)"},"content":{"rendered":"<p style=\"text-align: center;\"><strong>\u2022 Officiell Moomin Characters\u00a0 licensinnehavare \u2022 Delbetalning\/faktura \u2022 Kvalitetsgranskade produkter<\/strong><\/p>\n<p>Muminmuggen M\u00f6rkbl\u00e5 \u00e4r ocks\u00e5 k\u00e4nd under namnen Bl\u00e5 Muminpappa eller Flaskpost. Tove Slotte, som b\u00f6rjade designen av Arabias muminprodukter, tog mammaledigt n\u00e4r hennes f\u00f6rsta barn f\u00f6ddes, varvid Camilla Moberg anst\u00e4lldes som Slottes vikarie. Under 90-talet designade Moberg totalt fyra olika muminmuggar, inklusive denna mugg. <a href=\"https:\/\/www.youtube.com\/watch?v=EZrWNgBimfA&amp;t=2s\">Kolla videon p\u00e5 muggen M\u00f6rkbl\u00e5 p\u00e5 v\u00e5r Youtubekanal.<\/a><\/p>\n<p>Detta gr\u00f6na f\u00e4rgexperiment av muggen \u00e4r en unik konstn\u00e4rlig skapelse och som s\u00e5dan den enda i v\u00e4rlden. I tillverkningsprocessen f\u00f6r muminmuggar testas ofta flera olika bakgrundsf\u00e4rger och sm\u00e5 variationer i illustrationen. Det \u00e4r extremt viktigt att hitta den perfekta bakgrundsf\u00e4rgen f\u00f6r muggens illustration. Dessa olika f\u00e4rgexperiment m\u00e4rks med en fyrsiffrig f\u00e4rgkod som syns i botten av muggen. Endast en kopia av varje f\u00e4rgexperiment har tillverkats. F\u00e4rgexperimentmuggar kastas ofta bort, men n\u00e5gra f\u00e5 exemplar har hamnat i tillverkarens, designers eller fabrikens anst\u00e4lldas egna samlingar. Du kan l\u00e4sa mer om f\u00e4rgexperiment i <a href=\"https:\/\/www.moomin.com\/en\/blog\/test-moomin-mugs-from-the-1990s\/#9682e25d\">Moomin.com-artikeln.<\/a><\/p>\n<p>Kolla in andra 90-tals produkter <a href=\"https:\/\/muumimukitrahaksi.fi\/sv\/produkt-nyckelord\/90-tal\/\">h\u00e4r.\u00a0<\/a><\/p>\n<p>Har du en M\u00f6rkbl\u00e5 -muminmugg och vill s\u00e4lja den? Vi k\u00f6per ocks\u00e5 muminmuggar. Klicka <a href=\"https:\/\/muumimukitrahaksi.fi\/en\/sell-moomin\/\">h\u00e4r<\/a>, fyll i formul\u00e4ret och f\u00e5 en offert samma dag.<\/p>\n","protected":false},"excerpt":{"rendered":"<p style=\"text-align: center;\"><strong>\u2022 H\u00f6gklassiga varor \u2022 Snabb leverans<\/strong><\/p>\n<p>Arabias muminmugg M\u00f6rkbl\u00e5, i en experimenterad f\u00e4rg. Detta gr\u00f6na f\u00e4rgexperiment av muggen \u00e4r en unik konstn\u00e4rlig skapelse och som s\u00e5dan den enda i v\u00e4rlden. F\u00e4rgexperimentmuggarna m\u00e4rks med en fyrsiffrig f\u00e4rgkod som syns i botten av muggen, vilket i detta fall \u00e4r 7683. \u00c4ven illustrationen p\u00e5 muggen skiljer sig fr\u00e5n produktionsversionen (bild #4). <strong>Endast en kopia av varje f\u00e4rgexperiment har tillverkats.<\/strong> F\u00e4rgexperiment kastas vanligen bort, men n\u00e5gra f\u00e5 exemplar har hamnat i tillverkarens, designers eller fabrikens anst\u00e4lldas egna samlingar. Muggen \u00e4r i mycket bra skick. N\u00e5gra f\u00e5 sm\u00e5 vita prickar och skr\u00e5mor i glasyren. Glasyren har sin fantastiska glans kvar. Muggarna packas med omsorg och f\u00f6rnybara material.<\/p>\n<p style=\"text-align: center;\"><strong>\u2022 S\u00e4kra betalningss\u00e4tt<\/strong><\/p>\n<p><img loading=\"lazy\" decoding=\"async\" class=\"aligncenter wp-image-20415 size-full\" src=\"https:\/\/muumimukitrahaksi.fi\/wp-content\/uploads\/2020\/06\/maksutavat-2026-pieni-eng.png\" alt=\"Payment options\" width=\"350\" height=\"200\" \/><\/p>\n","protected":false},"featured_media":105001,"template":"","meta":[],"product_brand":[],"product_cat":[536,537,547,545,534,538],"product_tag":[564,636,597,568],"class_list":{"0":"post-105000","1":"product","2":"type-product","3":"status-publish","4":"has-post-thumbnail","6":"product_cat-90-tals-muggar","7":"product_cat-arabia-muggar","8":"product_cat-muggar-ur-produktion","9":"product_cat-muggar-utan-etikett","10":"product_cat-muggar","11":"product_cat-specialmuggar","12":"product_tag-90-tal","13":"product_tag-90-talet","14":"product_tag-muminmugg","15":"product_tag-specialmugg","17":"first","18":"outofstock","19":"taxable","20":"shipping-taxable","21":"purchasable","22":"product-type-simple"},"yoast_head":"<!-- This site is optimized with the Yoast SEO plugin v27.1.1 - https:\/\/yoast.com\/product\/yoast-seo-wordpress\/ -->\n<title>Muminmugg M\u00f6rkbl\u00e5, f\u00e4rgexperiment (1991-1999) - Muumimukit Rahaksi<\/title>\n<meta name=\"description\" content=\"Arabias muminmugg M\u00f6rkbl\u00e5, i en experimenterad f\u00e4rg. Detta gr\u00f6na f\u00e4rgexperiment av muggen \u00e4r en unik konstn\u00e4rlig skapelse och som s\u00e5dan den enda i v\u00e4rlden.\" \/>\n<meta name=\"robots\" content=\"index, follow, max-snippet:-1, max-image-preview:large, max-video-preview:-1\" \/>\n<link rel=\"canonical\" href=\"https:\/\/muumimukitrahaksi.fi\/sv\/produkt\/muminmugg-morkbla-fargexperiment-1991-1999\/\" \/>\n<meta property=\"og:locale\" content=\"sv_SE\" \/>\n<meta property=\"og:type\" content=\"article\" \/>\n<meta property=\"og:title\" content=\"Muminmugg M\u00f6rkbl\u00e5, f\u00e4rgexperiment (1991-1999) - Muumimukit Rahaksi\" \/>\n<meta property=\"og:description\" content=\"Arabias muminmugg M\u00f6rkbl\u00e5, i en experimenterad f\u00e4rg. Detta gr\u00f6na f\u00e4rgexperiment av muggen \u00e4r en unik konstn\u00e4rlig skapelse och som s\u00e5dan den enda i v\u00e4rlden.\" \/>\n<meta property=\"og:url\" content=\"https:\/\/muumimukitrahaksi.fi\/sv\/produkt\/muminmugg-morkbla-fargexperiment-1991-1999\/\" \/>\n<meta property=\"og:site_name\" content=\"Muumimukit Rahaksi\" \/>\n<meta property=\"article:publisher\" content=\"https:\/\/www.facebook.com\/muumimukitrahaksi\/\" \/>\n<meta property=\"article:modified_time\" content=\"2024-03-11T10:44:23+00:00\" \/>\n<meta property=\"og:image\" content=\"https:\/\/muumimukitrahaksi.fi\/wp-content\/uploads\/2023\/09\/DSC03186.jpg\" \/>\n\t<meta property=\"og:image:width\" content=\"1000\" \/>\n\t<meta property=\"og:image:height\" content=\"1000\" \/>\n\t<meta property=\"og:image:type\" content=\"image\/jpeg\" \/>\n<meta name=\"twitter:card\" content=\"summary_large_image\" \/>\n<meta name=\"twitter:site\" content=\"@MuumitRahaksi\" \/>\n<meta name=\"twitter:label1\" content=\"Ber\u00e4knad l\u00e4stid\" \/>\n\t<meta name=\"twitter:data1\" content=\"1 minut\" \/>\n<script type=\"application\/ld+json\" class=\"yoast-schema-graph\">{\"@context\":\"https:\/\/schema.org\",\"@graph\":[{\"@type\":\"WebPage\",\"@id\":\"https:\/\/muumimukitrahaksi.fi\/sv\/produkt\/muminmugg-morkbla-fargexperiment-1991-1999\/\",\"url\":\"https:\/\/muumimukitrahaksi.fi\/sv\/produkt\/muminmugg-morkbla-fargexperiment-1991-1999\/\",\"name\":\"Muminmugg M\u00f6rkbl\u00e5, f\u00e4rgexperiment (1991-1999) - Muumimukit Rahaksi\",\"isPartOf\":{\"@id\":\"https:\/\/muumimukitrahaksi.fi\/#website\"},\"primaryImageOfPage\":{\"@id\":\"https:\/\/muumimukitrahaksi.fi\/sv\/produkt\/muminmugg-morkbla-fargexperiment-1991-1999\/#primaryimage\"},\"image\":{\"@id\":\"https:\/\/muumimukitrahaksi.fi\/sv\/produkt\/muminmugg-morkbla-fargexperiment-1991-1999\/#primaryimage\"},\"thumbnailUrl\":\"https:\/\/muumimukitrahaksi.fi\/wp-content\/uploads\/2023\/09\/DSC03186.jpg\",\"datePublished\":\"2022-06-15T09:07:50+00:00\",\"dateModified\":\"2024-03-11T10:44:23+00:00\",\"description\":\"Arabias muminmugg M\u00f6rkbl\u00e5, i en experimenterad f\u00e4rg. Detta gr\u00f6na f\u00e4rgexperiment av muggen \u00e4r en unik konstn\u00e4rlig skapelse och som s\u00e5dan den enda i v\u00e4rlden.\",\"breadcrumb\":{\"@id\":\"https:\/\/muumimukitrahaksi.fi\/sv\/produkt\/muminmugg-morkbla-fargexperiment-1991-1999\/#breadcrumb\"},\"inLanguage\":\"sv-SE\",\"potentialAction\":[{\"@type\":\"ReadAction\",\"target\":[\"https:\/\/muumimukitrahaksi.fi\/sv\/produkt\/muminmugg-morkbla-fargexperiment-1991-1999\/\"]}]},{\"@type\":\"ImageObject\",\"inLanguage\":\"sv-SE\",\"@id\":\"https:\/\/muumimukitrahaksi.fi\/sv\/produkt\/muminmugg-morkbla-fargexperiment-1991-1999\/#primaryimage\",\"url\":\"https:\/\/muumimukitrahaksi.fi\/wp-content\/uploads\/2023\/09\/DSC03186.jpg\",\"contentUrl\":\"https:\/\/muumimukitrahaksi.fi\/wp-content\/uploads\/2023\/09\/DSC03186.jpg\",\"width\":1000,\"height\":1000,\"caption\":\"Muminmugg M\u00f6rkbl\u00e5, f\u00e4rgexperiment\"},{\"@type\":\"BreadcrumbList\",\"@id\":\"https:\/\/muumimukitrahaksi.fi\/sv\/produkt\/muminmugg-morkbla-fargexperiment-1991-1999\/#breadcrumb\",\"itemListElement\":[{\"@type\":\"ListItem\",\"position\":1,\"name\":\"Etusivu\",\"item\":\"https:\/\/muumimukitrahaksi.fi\/sv\/\"},{\"@type\":\"ListItem\",\"position\":2,\"name\":\"Butik\",\"item\":\"https:\/\/muumimukitrahaksi.fi\/sv\/butik\/\"},{\"@type\":\"ListItem\",\"position\":3,\"name\":\"Muminmugg M\u00f6rkbl\u00e5, f\u00e4rgexperiment (1991-1999)\"}]},{\"@type\":\"WebSite\",\"@id\":\"https:\/\/muumimukitrahaksi.fi\/#website\",\"url\":\"https:\/\/muumimukitrahaksi.fi\/\",\"name\":\"Muumimukit Rahaksi\",\"description\":\"Muumimukeja, -kulhoja ja -lautasia ker\u00e4ilij\u00f6ille!\",\"publisher\":{\"@id\":\"https:\/\/muumimukitrahaksi.fi\/#organization\"},\"potentialAction\":[{\"@type\":\"SearchAction\",\"target\":{\"@type\":\"EntryPoint\",\"urlTemplate\":\"https:\/\/muumimukitrahaksi.fi\/?s={search_term_string}\"},\"query-input\":{\"@type\":\"PropertyValueSpecification\",\"valueRequired\":true,\"valueName\":\"search_term_string\"}}],\"inLanguage\":\"sv-SE\"},{\"@type\":\"Organization\",\"@id\":\"https:\/\/muumimukitrahaksi.fi\/#organization\",\"name\":\"Muumimukit Rahaksi\",\"url\":\"https:\/\/muumimukitrahaksi.fi\/\",\"logo\":{\"@type\":\"ImageObject\",\"inLanguage\":\"sv-SE\",\"@id\":\"https:\/\/muumimukitrahaksi.fi\/#\/schema\/logo\/image\/\",\"url\":\"https:\/\/muumimukitrahaksi.fi\/wp-content\/uploads\/2017\/09\/logooo.jpg\",\"contentUrl\":\"https:\/\/muumimukitrahaksi.fi\/wp-content\/uploads\/2017\/09\/logooo.jpg\",\"width\":514,\"height\":514,\"caption\":\"Muumimukit Rahaksi\"},\"image\":{\"@id\":\"https:\/\/muumimukitrahaksi.fi\/#\/schema\/logo\/image\/\"},\"sameAs\":[\"https:\/\/www.facebook.com\/muumimukitrahaksi\/\",\"https:\/\/x.com\/MuumitRahaksi\",\"https:\/\/www.instagram.com\/muumimukitrahaksi\/\"]}]}<\/script>\n<!-- \/ Yoast SEO plugin. -->","yoast_head_json":{"title":"Muminmugg M\u00f6rkbl\u00e5, f\u00e4rgexperiment (1991-1999) - Muumimukit Rahaksi","description":"Arabias muminmugg M\u00f6rkbl\u00e5, i en experimenterad f\u00e4rg. Detta gr\u00f6na f\u00e4rgexperiment av muggen \u00e4r en unik konstn\u00e4rlig skapelse och som s\u00e5dan den enda i v\u00e4rlden.","robots":{"index":"index","follow":"follow","max-snippet":"max-snippet:-1","max-image-preview":"max-image-preview:large","max-video-preview":"max-video-preview:-1"},"canonical":"https:\/\/muumimukitrahaksi.fi\/sv\/produkt\/muminmugg-morkbla-fargexperiment-1991-1999\/","og_locale":"sv_SE","og_type":"article","og_title":"Muminmugg M\u00f6rkbl\u00e5, f\u00e4rgexperiment (1991-1999) - Muumimukit Rahaksi","og_description":"Arabias muminmugg M\u00f6rkbl\u00e5, i en experimenterad f\u00e4rg. Detta gr\u00f6na f\u00e4rgexperiment av muggen \u00e4r en unik konstn\u00e4rlig skapelse och som s\u00e5dan den enda i v\u00e4rlden.","og_url":"https:\/\/muumimukitrahaksi.fi\/sv\/produkt\/muminmugg-morkbla-fargexperiment-1991-1999\/","og_site_name":"Muumimukit Rahaksi","article_publisher":"https:\/\/www.facebook.com\/muumimukitrahaksi\/","article_modified_time":"2024-03-11T10:44:23+00:00","og_image":[{"width":1000,"height":1000,"url":"https:\/\/muumimukitrahaksi.fi\/wp-content\/uploads\/2023\/09\/DSC03186.jpg","type":"image\/jpeg"}],"twitter_card":"summary_large_image","twitter_site":"@MuumitRahaksi","twitter_misc":{"Ber\u00e4knad l\u00e4stid":"1 minut"},"schema":{"@context":"https:\/\/schema.org","@graph":[{"@type":"WebPage","@id":"https:\/\/muumimukitrahaksi.fi\/sv\/produkt\/muminmugg-morkbla-fargexperiment-1991-1999\/","url":"https:\/\/muumimukitrahaksi.fi\/sv\/produkt\/muminmugg-morkbla-fargexperiment-1991-1999\/","name":"Muminmugg M\u00f6rkbl\u00e5, f\u00e4rgexperiment (1991-1999) - Muumimukit Rahaksi","isPartOf":{"@id":"https:\/\/muumimukitrahaksi.fi\/#website"},"primaryImageOfPage":{"@id":"https:\/\/muumimukitrahaksi.fi\/sv\/produkt\/muminmugg-morkbla-fargexperiment-1991-1999\/#primaryimage"},"image":{"@id":"https:\/\/muumimukitrahaksi.fi\/sv\/produkt\/muminmugg-morkbla-fargexperiment-1991-1999\/#primaryimage"},"thumbnailUrl":"https:\/\/muumimukitrahaksi.fi\/wp-content\/uploads\/2023\/09\/DSC03186.jpg","datePublished":"2022-06-15T09:07:50+00:00","dateModified":"2024-03-11T10:44:23+00:00","description":"Arabias muminmugg M\u00f6rkbl\u00e5, i en experimenterad f\u00e4rg. Detta gr\u00f6na f\u00e4rgexperiment av muggen \u00e4r en unik konstn\u00e4rlig skapelse och som s\u00e5dan den enda i v\u00e4rlden.","breadcrumb":{"@id":"https:\/\/muumimukitrahaksi.fi\/sv\/produkt\/muminmugg-morkbla-fargexperiment-1991-1999\/#breadcrumb"},"inLanguage":"sv-SE","potentialAction":[{"@type":"ReadAction","target":["https:\/\/muumimukitrahaksi.fi\/sv\/produkt\/muminmugg-morkbla-fargexperiment-1991-1999\/"]}]},{"@type":"ImageObject","inLanguage":"sv-SE","@id":"https:\/\/muumimukitrahaksi.fi\/sv\/produkt\/muminmugg-morkbla-fargexperiment-1991-1999\/#primaryimage","url":"https:\/\/muumimukitrahaksi.fi\/wp-content\/uploads\/2023\/09\/DSC03186.jpg","contentUrl":"https:\/\/muumimukitrahaksi.fi\/wp-content\/uploads\/2023\/09\/DSC03186.jpg","width":1000,"height":1000,"caption":"Muminmugg M\u00f6rkbl\u00e5, f\u00e4rgexperiment"},{"@type":"BreadcrumbList","@id":"https:\/\/muumimukitrahaksi.fi\/sv\/produkt\/muminmugg-morkbla-fargexperiment-1991-1999\/#breadcrumb","itemListElement":[{"@type":"ListItem","position":1,"name":"Etusivu","item":"https:\/\/muumimukitrahaksi.fi\/sv\/"},{"@type":"ListItem","position":2,"name":"Butik","item":"https:\/\/muumimukitrahaksi.fi\/sv\/butik\/"},{"@type":"ListItem","position":3,"name":"Muminmugg M\u00f6rkbl\u00e5, f\u00e4rgexperiment (1991-1999)"}]},{"@type":"WebSite","@id":"https:\/\/muumimukitrahaksi.fi\/#website","url":"https:\/\/muumimukitrahaksi.fi\/","name":"Muumimukit Rahaksi","description":"Muumimukeja, -kulhoja ja -lautasia ker\u00e4ilij\u00f6ille!","publisher":{"@id":"https:\/\/muumimukitrahaksi.fi\/#organization"},"potentialAction":[{"@type":"SearchAction","target":{"@type":"EntryPoint","urlTemplate":"https:\/\/muumimukitrahaksi.fi\/?s={search_term_string}"},"query-input":{"@type":"PropertyValueSpecification","valueRequired":true,"valueName":"search_term_string"}}],"inLanguage":"sv-SE"},{"@type":"Organization","@id":"https:\/\/muumimukitrahaksi.fi\/#organization","name":"Muumimukit Rahaksi","url":"https:\/\/muumimukitrahaksi.fi\/","logo":{"@type":"ImageObject","inLanguage":"sv-SE","@id":"https:\/\/muumimukitrahaksi.fi\/#\/schema\/logo\/image\/","url":"https:\/\/muumimukitrahaksi.fi\/wp-content\/uploads\/2017\/09\/logooo.jpg","contentUrl":"https:\/\/muumimukitrahaksi.fi\/wp-content\/uploads\/2017\/09\/logooo.jpg","width":514,"height":514,"caption":"Muumimukit Rahaksi"},"image":{"@id":"https:\/\/muumimukitrahaksi.fi\/#\/schema\/logo\/image\/"},"sameAs":["https:\/\/www.facebook.com\/muumimukitrahaksi\/","https:\/\/x.com\/MuumitRahaksi","https:\/\/www.instagram.com\/muumimukitrahaksi\/"]}]}},"_links":{"self":[{"href":"https:\/\/muumimukitrahaksi.fi\/sv\/wp-json\/wp\/v2\/product\/105000","targetHints":{"allow":["GET"]}}],"collection":[{"href":"https:\/\/muumimukitrahaksi.fi\/sv\/wp-json\/wp\/v2\/product"}],"about":[{"href":"https:\/\/muumimukitrahaksi.fi\/sv\/wp-json\/wp\/v2\/types\/product"}],"wp:featuredmedia":[{"embeddable":true,"href":"https:\/\/muumimukitrahaksi.fi\/sv\/wp-json\/wp\/v2\/media\/105001"}],"wp:attachment":[{"href":"https:\/\/muumimukitrahaksi.fi\/sv\/wp-json\/wp\/v2\/media?parent=105000"}],"wp:term":[{"taxonomy":"product_brand","embeddable":true,"href":"https:\/\/muumimukitrahaksi.fi\/sv\/wp-json\/wp\/v2\/product_brand?post=105000"},{"taxonomy":"product_cat","embeddable":true,"href":"https:\/\/muumimukitrahaksi.fi\/sv\/wp-json\/wp\/v2\/product_cat?post=105000"},{"taxonomy":"product_tag","embeddable":true,"href":"https:\/\/muumimukitrahaksi.fi\/sv\/wp-json\/wp\/v2\/product_tag?post=105000"}],"curies":[{"name":"wp","href":"https:\/\/api.w.org\/{rel}","templated":true}]}}