{"id":105135,"date":"2022-08-17T14:48:41","date_gmt":"2022-08-17T11:48:41","guid":{"rendered":"https:\/\/muumimukitrahaksi.fi\/tuote\/samling-av-muminmuggar-mumin-75-ar-2020-etikett\/"},"modified":"2026-03-19T08:23:15","modified_gmt":"2026-03-19T06:23:15","slug":"samling-av-muminmuggar-mumin-75-ar-2020-etikett","status":"publish","type":"product","link":"https:\/\/muumimukitrahaksi.fi\/sv\/produkt\/samling-av-muminmuggar-mumin-75-ar-2020-etikett\/","title":{"rendered":"Samling av muminmuggar Mumin 75 \u00e5r (2020) *ETIKETT*"},"content":{"rendered":"<p style=\"text-align: center;\"><strong>\u2022 Officiell Moomin Characters\u00a0 licensinnehavare \u2022 Delbetalning\/faktura \u2022 Kvalitetsgranskade produkter<\/strong><\/p>\n<p>\u00c5r 2020 var det 75 \u00e5r sedan Tove Jansson publicerade sin f\u00f6rsta Muminbok, &#8220;Sm\u00e5trollen och den stora \u00f6versv\u00e4mningen&#8221;, \u00e5r 1945. Den f\u00f6rsta ber\u00e4ttelsen handlar om Mumintrollet och hans mamma Muminmamman, som letar efter Muminpappan som gett sig ut p\u00e5 \u00e4ventyr. De hamnar p\u00e5 ett stormigt hav och drabbas av en \u00f6versv\u00e4mning. Till slut hittar de v\u00e4rldens vackraste dal, Mumindalen.<\/p>\n<p>Sedan dess har Muminfigurerna blivit en del av vardagen f\u00f6r hem \u00f6ver hela v\u00e4rlden, s\u00e4rskilt i form av Arabias \u00e4lskade Muminprodukter, s\u00e4rskilt muggarna. Muminmuggarna har blivit en v\u00e4lk\u00e4nd del av finsk design och samtidigt en av v\u00e4rldens st\u00f6rsta keramiska muggkollektioner. Historien om Mumintrollen och Arabia str\u00e4cker sig tillbaka till 1950-talet, d\u00e5 Tove Jansson sj\u00e4lv dekorerade de f\u00f6rsta tallrikarna och muggarna till en barnservis som hennes mor hade formgivit. \u00c5r 1990 \u00e5terupptog Arabia produktionen av Muminserviser i Teema-stilen.<\/p>\n<p>Arabia firade Muminfigurernas 75-\u00e5rsjubileum \u00e5r 2020 genom att lansera specialversioner av sina v\u00e4lk\u00e4nda klassiska muggar. Det finns totalt 21 klassiska muggar, och de skildrar Muminpappan, Muminmamman, Mumintrollet, Snorkfr\u00f6ken, Lilla My, Snusmumriken, Sniff, Tooticki, Mymlan, Mymlans mamma, Stinky, Hattifnattarna, M\u00e5rran, F\u00f6rfadern, Misan, Ninni, Trollkarlen, Polism\u00e4staren, Tofslan &amp; Vifslan, Muminhuset och K\u00e4rlek. Varje mugg har jubileumets gyllene specialst\u00e4mpel i botten. Muggarna s\u00e5ldes enbart mellan 7.8.2020-31.12.2020.<\/p>\n<p>Kolla in andra specialmuggar <a href=\"https:\/\/muumimukitrahaksi.fi\/sv\/produkt-nyckelord\/specialmugg\/\">h\u00e4r.<\/a><\/p>\n<p>Har du en 75-\u00e5rs jubileumsmugg och vill s\u00e4lja den? Vi k\u00f6per ocks\u00e5 muminmuggar. Klicka <a href=\"https:\/\/muumimukitrahaksi.fi\/en\/sell-moomin\/\">h\u00e4r<\/a>, fyll i formul\u00e4ret och f\u00e5 en offert samma dag.<\/p>\n","protected":false},"excerpt":{"rendered":"<p style=\"text-align: center;\"><strong>\u2022 H\u00f6gklassiga varor \u2022 Snabb leverans<\/strong><\/p>\n<p>En samling av Arabias muminmuggar, Mumin 75 \u00e5r (ur produktion). Arabia firade Muminfigurernas 75-\u00e5rsjubileum \u00e5r 2020 genom att lansera specialversioner av sina v\u00e4lk\u00e4nda klassiska muggar. Det finns totalt 21 klassiska muggar, och de skildrar Muminpappan, Muminmamman, Mumintrollet, Snorkfr\u00f6ken, Lilla My, Snusmumriken, Sniff, Tooticki, Mymlan, Mymlans mamma, Stinky, Hattifnattarna, M\u00e5rran, F\u00f6rfadern, Misan, Ninni, Trollkarlen, Polism\u00e4staren, Tofslan &amp; Vifslan, Muminhuset och K\u00e4rlek. Varje mugg har jubileumets gyllene specialst\u00e4mpel i botten. Muggarna s\u00e5ldes enbart mellan 7.8.2020-31.12.2020. Muggarna \u00e4r nya och har etiketterna kvar. Muggarna packas med omsorg och f\u00f6rnybara material.<\/p>\n<p style=\"text-align: center;\"><strong>\u2022 S\u00e4kra betalningss\u00e4tt<\/strong><\/p>\n<p><img loading=\"lazy\" decoding=\"async\" class=\"aligncenter wp-image-20415 size-full\" src=\"https:\/\/muumimukitrahaksi.fi\/wp-content\/uploads\/2020\/06\/maksutavat-2026-pieni-eng.png\" alt=\"Payment options\" width=\"350\" height=\"200\" \/><\/p>\n","protected":false},"featured_media":105133,"template":"","meta":[],"product_brand":[],"product_cat":[537,544,547,534,533,538],"product_tag":[626,597,568],"class_list":{"0":"post-105135","1":"product","2":"type-product","3":"status-publish","4":"has-post-thumbnail","6":"product_cat-arabia-muggar","7":"product_cat-muggar-med-etikett","8":"product_cat-muggar-ur-produktion","9":"product_cat-muggar","10":"product_cat-rea","11":"product_cat-specialmuggar","12":"product_tag-med-etikett","13":"product_tag-muminmugg","14":"product_tag-specialmugg","15":"product_shipping_class-iso-tuote-sv","17":"first","18":"outofstock","19":"sale","20":"taxable","21":"shipping-taxable","22":"purchasable","23":"product-type-simple"},"yoast_head":"<!-- This site is optimized with the Yoast SEO plugin v27.1.1 - https:\/\/yoast.com\/product\/yoast-seo-wordpress\/ -->\n<title>Samling av muminmuggar Mumin 75 \u00e5r (2020) *ETIKETT* - Muumimukit Rahaksi<\/title>\n<meta name=\"description\" content=\"En samling av Arabias muminmuggar, Mumin 75 \u00e5r (ur produktion). Muggarna \u00e4r nya och har etiketterna kvar.\" \/>\n<meta name=\"robots\" content=\"index, follow, max-snippet:-1, max-image-preview:large, max-video-preview:-1\" \/>\n<link rel=\"canonical\" href=\"https:\/\/muumimukitrahaksi.fi\/produkt\/muumimukikokoelma-muumit-75-vuotta-2020-tarra\/\" \/>\n<meta property=\"og:locale\" content=\"sv_SE\" \/>\n<meta property=\"og:type\" content=\"article\" \/>\n<meta property=\"og:title\" content=\"Samling av muminmuggar Mumin 75 \u00e5r (2020) *ETIKETT* - Muumimukit Rahaksi\" \/>\n<meta property=\"og:description\" content=\"En samling av Arabias muminmuggar, Mumin 75 \u00e5r (ur produktion). Muggarna \u00e4r nya och har etiketterna kvar.\" \/>\n<meta property=\"og:url\" content=\"https:\/\/muumimukitrahaksi.fi\/produkt\/muumimukikokoelma-muumit-75-vuotta-2020-tarra\/\" \/>\n<meta property=\"og:site_name\" content=\"Muumimukit Rahaksi\" \/>\n<meta property=\"article:publisher\" content=\"https:\/\/www.facebook.com\/muumimukitrahaksi\/\" \/>\n<meta property=\"article:modified_time\" content=\"2026-03-19T06:23:15+00:00\" \/>\n<meta property=\"og:image\" content=\"https:\/\/muumimukitrahaksi.fi\/wp-content\/uploads\/2022\/08\/DSC00169.jpg\" \/>\n\t<meta property=\"og:image:width\" content=\"1000\" \/>\n\t<meta property=\"og:image:height\" content=\"1000\" \/>\n\t<meta property=\"og:image:type\" content=\"image\/jpeg\" \/>\n<meta name=\"twitter:card\" content=\"summary_large_image\" \/>\n<meta name=\"twitter:site\" content=\"@MuumitRahaksi\" \/>\n<meta name=\"twitter:label1\" content=\"Ber\u00e4knad l\u00e4stid\" \/>\n\t<meta name=\"twitter:data1\" content=\"1 minut\" \/>\n<script type=\"application\/ld+json\" class=\"yoast-schema-graph\">{\"@context\":\"https:\/\/schema.org\",\"@graph\":[{\"@type\":\"WebPage\",\"@id\":\"https:\/\/muumimukitrahaksi.fi\/produkt\/muumimukikokoelma-muumit-75-vuotta-2020-tarra\/\",\"url\":\"https:\/\/muumimukitrahaksi.fi\/produkt\/muumimukikokoelma-muumit-75-vuotta-2020-tarra\/\",\"name\":\"Samling av muminmuggar Mumin 75 \u00e5r (2020) *ETIKETT* - Muumimukit Rahaksi\",\"isPartOf\":{\"@id\":\"https:\/\/muumimukitrahaksi.fi\/#website\"},\"primaryImageOfPage\":{\"@id\":\"https:\/\/muumimukitrahaksi.fi\/produkt\/muumimukikokoelma-muumit-75-vuotta-2020-tarra\/#primaryimage\"},\"image\":{\"@id\":\"https:\/\/muumimukitrahaksi.fi\/produkt\/muumimukikokoelma-muumit-75-vuotta-2020-tarra\/#primaryimage\"},\"thumbnailUrl\":\"https:\/\/muumimukitrahaksi.fi\/wp-content\/uploads\/2022\/08\/DSC00169.jpg\",\"datePublished\":\"2022-08-17T11:48:41+00:00\",\"dateModified\":\"2026-03-19T06:23:15+00:00\",\"description\":\"En samling av Arabias muminmuggar, Mumin 75 \u00e5r (ur produktion). Muggarna \u00e4r nya och har etiketterna kvar.\",\"breadcrumb\":{\"@id\":\"https:\/\/muumimukitrahaksi.fi\/produkt\/muumimukikokoelma-muumit-75-vuotta-2020-tarra\/#breadcrumb\"},\"inLanguage\":\"sv-SE\",\"potentialAction\":[{\"@type\":\"ReadAction\",\"target\":[\"https:\/\/muumimukitrahaksi.fi\/produkt\/muumimukikokoelma-muumit-75-vuotta-2020-tarra\/\"]}]},{\"@type\":\"ImageObject\",\"inLanguage\":\"sv-SE\",\"@id\":\"https:\/\/muumimukitrahaksi.fi\/produkt\/muumimukikokoelma-muumit-75-vuotta-2020-tarra\/#primaryimage\",\"url\":\"https:\/\/muumimukitrahaksi.fi\/wp-content\/uploads\/2022\/08\/DSC00169.jpg\",\"contentUrl\":\"https:\/\/muumimukitrahaksi.fi\/wp-content\/uploads\/2022\/08\/DSC00169.jpg\",\"width\":1000,\"height\":1000,\"caption\":\"Samling av muminmuggar Mumin 75 \u00e5r\"},{\"@type\":\"BreadcrumbList\",\"@id\":\"https:\/\/muumimukitrahaksi.fi\/produkt\/muumimukikokoelma-muumit-75-vuotta-2020-tarra\/#breadcrumb\",\"itemListElement\":[{\"@type\":\"ListItem\",\"position\":1,\"name\":\"Etusivu\",\"item\":\"https:\/\/muumimukitrahaksi.fi\/sv\/\"},{\"@type\":\"ListItem\",\"position\":2,\"name\":\"Butik\",\"item\":\"https:\/\/muumimukitrahaksi.fi\/sv\/butik\/\"},{\"@type\":\"ListItem\",\"position\":3,\"name\":\"Samling av muminmuggar Mumin 75 \u00e5r (2020) *ETIKETT*\"}]},{\"@type\":\"WebSite\",\"@id\":\"https:\/\/muumimukitrahaksi.fi\/#website\",\"url\":\"https:\/\/muumimukitrahaksi.fi\/\",\"name\":\"Muumimukit Rahaksi\",\"description\":\"Muumimukeja, -kulhoja ja -lautasia ker\u00e4ilij\u00f6ille!\",\"publisher\":{\"@id\":\"https:\/\/muumimukitrahaksi.fi\/#organization\"},\"potentialAction\":[{\"@type\":\"SearchAction\",\"target\":{\"@type\":\"EntryPoint\",\"urlTemplate\":\"https:\/\/muumimukitrahaksi.fi\/?s={search_term_string}\"},\"query-input\":{\"@type\":\"PropertyValueSpecification\",\"valueRequired\":true,\"valueName\":\"search_term_string\"}}],\"inLanguage\":\"sv-SE\"},{\"@type\":\"Organization\",\"@id\":\"https:\/\/muumimukitrahaksi.fi\/#organization\",\"name\":\"Muumimukit Rahaksi\",\"url\":\"https:\/\/muumimukitrahaksi.fi\/\",\"logo\":{\"@type\":\"ImageObject\",\"inLanguage\":\"sv-SE\",\"@id\":\"https:\/\/muumimukitrahaksi.fi\/#\/schema\/logo\/image\/\",\"url\":\"https:\/\/muumimukitrahaksi.fi\/wp-content\/uploads\/2017\/09\/logooo.jpg\",\"contentUrl\":\"https:\/\/muumimukitrahaksi.fi\/wp-content\/uploads\/2017\/09\/logooo.jpg\",\"width\":514,\"height\":514,\"caption\":\"Muumimukit Rahaksi\"},\"image\":{\"@id\":\"https:\/\/muumimukitrahaksi.fi\/#\/schema\/logo\/image\/\"},\"sameAs\":[\"https:\/\/www.facebook.com\/muumimukitrahaksi\/\",\"https:\/\/x.com\/MuumitRahaksi\",\"https:\/\/www.instagram.com\/muumimukitrahaksi\/\"]}]}<\/script>\n<!-- \/ Yoast SEO plugin. -->","yoast_head_json":{"title":"Samling av muminmuggar Mumin 75 \u00e5r (2020) *ETIKETT* - Muumimukit Rahaksi","description":"En samling av Arabias muminmuggar, Mumin 75 \u00e5r (ur produktion). Muggarna \u00e4r nya och har etiketterna kvar.","robots":{"index":"index","follow":"follow","max-snippet":"max-snippet:-1","max-image-preview":"max-image-preview:large","max-video-preview":"max-video-preview:-1"},"canonical":"https:\/\/muumimukitrahaksi.fi\/produkt\/muumimukikokoelma-muumit-75-vuotta-2020-tarra\/","og_locale":"sv_SE","og_type":"article","og_title":"Samling av muminmuggar Mumin 75 \u00e5r (2020) *ETIKETT* - Muumimukit Rahaksi","og_description":"En samling av Arabias muminmuggar, Mumin 75 \u00e5r (ur produktion). Muggarna \u00e4r nya och har etiketterna kvar.","og_url":"https:\/\/muumimukitrahaksi.fi\/produkt\/muumimukikokoelma-muumit-75-vuotta-2020-tarra\/","og_site_name":"Muumimukit Rahaksi","article_publisher":"https:\/\/www.facebook.com\/muumimukitrahaksi\/","article_modified_time":"2026-03-19T06:23:15+00:00","og_image":[{"width":1000,"height":1000,"url":"https:\/\/muumimukitrahaksi.fi\/wp-content\/uploads\/2022\/08\/DSC00169.jpg","type":"image\/jpeg"}],"twitter_card":"summary_large_image","twitter_site":"@MuumitRahaksi","twitter_misc":{"Ber\u00e4knad l\u00e4stid":"1 minut"},"schema":{"@context":"https:\/\/schema.org","@graph":[{"@type":"WebPage","@id":"https:\/\/muumimukitrahaksi.fi\/produkt\/muumimukikokoelma-muumit-75-vuotta-2020-tarra\/","url":"https:\/\/muumimukitrahaksi.fi\/produkt\/muumimukikokoelma-muumit-75-vuotta-2020-tarra\/","name":"Samling av muminmuggar Mumin 75 \u00e5r (2020) *ETIKETT* - Muumimukit Rahaksi","isPartOf":{"@id":"https:\/\/muumimukitrahaksi.fi\/#website"},"primaryImageOfPage":{"@id":"https:\/\/muumimukitrahaksi.fi\/produkt\/muumimukikokoelma-muumit-75-vuotta-2020-tarra\/#primaryimage"},"image":{"@id":"https:\/\/muumimukitrahaksi.fi\/produkt\/muumimukikokoelma-muumit-75-vuotta-2020-tarra\/#primaryimage"},"thumbnailUrl":"https:\/\/muumimukitrahaksi.fi\/wp-content\/uploads\/2022\/08\/DSC00169.jpg","datePublished":"2022-08-17T11:48:41+00:00","dateModified":"2026-03-19T06:23:15+00:00","description":"En samling av Arabias muminmuggar, Mumin 75 \u00e5r (ur produktion). Muggarna \u00e4r nya och har etiketterna kvar.","breadcrumb":{"@id":"https:\/\/muumimukitrahaksi.fi\/produkt\/muumimukikokoelma-muumit-75-vuotta-2020-tarra\/#breadcrumb"},"inLanguage":"sv-SE","potentialAction":[{"@type":"ReadAction","target":["https:\/\/muumimukitrahaksi.fi\/produkt\/muumimukikokoelma-muumit-75-vuotta-2020-tarra\/"]}]},{"@type":"ImageObject","inLanguage":"sv-SE","@id":"https:\/\/muumimukitrahaksi.fi\/produkt\/muumimukikokoelma-muumit-75-vuotta-2020-tarra\/#primaryimage","url":"https:\/\/muumimukitrahaksi.fi\/wp-content\/uploads\/2022\/08\/DSC00169.jpg","contentUrl":"https:\/\/muumimukitrahaksi.fi\/wp-content\/uploads\/2022\/08\/DSC00169.jpg","width":1000,"height":1000,"caption":"Samling av muminmuggar Mumin 75 \u00e5r"},{"@type":"BreadcrumbList","@id":"https:\/\/muumimukitrahaksi.fi\/produkt\/muumimukikokoelma-muumit-75-vuotta-2020-tarra\/#breadcrumb","itemListElement":[{"@type":"ListItem","position":1,"name":"Etusivu","item":"https:\/\/muumimukitrahaksi.fi\/sv\/"},{"@type":"ListItem","position":2,"name":"Butik","item":"https:\/\/muumimukitrahaksi.fi\/sv\/butik\/"},{"@type":"ListItem","position":3,"name":"Samling av muminmuggar Mumin 75 \u00e5r (2020) *ETIKETT*"}]},{"@type":"WebSite","@id":"https:\/\/muumimukitrahaksi.fi\/#website","url":"https:\/\/muumimukitrahaksi.fi\/","name":"Muumimukit Rahaksi","description":"Muumimukeja, -kulhoja ja -lautasia ker\u00e4ilij\u00f6ille!","publisher":{"@id":"https:\/\/muumimukitrahaksi.fi\/#organization"},"potentialAction":[{"@type":"SearchAction","target":{"@type":"EntryPoint","urlTemplate":"https:\/\/muumimukitrahaksi.fi\/?s={search_term_string}"},"query-input":{"@type":"PropertyValueSpecification","valueRequired":true,"valueName":"search_term_string"}}],"inLanguage":"sv-SE"},{"@type":"Organization","@id":"https:\/\/muumimukitrahaksi.fi\/#organization","name":"Muumimukit Rahaksi","url":"https:\/\/muumimukitrahaksi.fi\/","logo":{"@type":"ImageObject","inLanguage":"sv-SE","@id":"https:\/\/muumimukitrahaksi.fi\/#\/schema\/logo\/image\/","url":"https:\/\/muumimukitrahaksi.fi\/wp-content\/uploads\/2017\/09\/logooo.jpg","contentUrl":"https:\/\/muumimukitrahaksi.fi\/wp-content\/uploads\/2017\/09\/logooo.jpg","width":514,"height":514,"caption":"Muumimukit Rahaksi"},"image":{"@id":"https:\/\/muumimukitrahaksi.fi\/#\/schema\/logo\/image\/"},"sameAs":["https:\/\/www.facebook.com\/muumimukitrahaksi\/","https:\/\/x.com\/MuumitRahaksi","https:\/\/www.instagram.com\/muumimukitrahaksi\/"]}]}},"_links":{"self":[{"href":"https:\/\/muumimukitrahaksi.fi\/sv\/wp-json\/wp\/v2\/product\/105135","targetHints":{"allow":["GET"]}}],"collection":[{"href":"https:\/\/muumimukitrahaksi.fi\/sv\/wp-json\/wp\/v2\/product"}],"about":[{"href":"https:\/\/muumimukitrahaksi.fi\/sv\/wp-json\/wp\/v2\/types\/product"}],"wp:featuredmedia":[{"embeddable":true,"href":"https:\/\/muumimukitrahaksi.fi\/sv\/wp-json\/wp\/v2\/media\/105133"}],"wp:attachment":[{"href":"https:\/\/muumimukitrahaksi.fi\/sv\/wp-json\/wp\/v2\/media?parent=105135"}],"wp:term":[{"taxonomy":"product_brand","embeddable":true,"href":"https:\/\/muumimukitrahaksi.fi\/sv\/wp-json\/wp\/v2\/product_brand?post=105135"},{"taxonomy":"product_cat","embeddable":true,"href":"https:\/\/muumimukitrahaksi.fi\/sv\/wp-json\/wp\/v2\/product_cat?post=105135"},{"taxonomy":"product_tag","embeddable":true,"href":"https:\/\/muumimukitrahaksi.fi\/sv\/wp-json\/wp\/v2\/product_tag?post=105135"}],"curies":[{"name":"wp","href":"https:\/\/api.w.org\/{rel}","templated":true}]}}