{"id":105147,"date":"2022-06-29T14:26:18","date_gmt":"2022-06-29T11:26:18","guid":{"rendered":"https:\/\/muumimukitrahaksi.fi\/tuote\/muminmuggar-moominvalley-park-japan-mumindagen-2021-bland-bergen-2019-2021-ny\/"},"modified":"2022-06-29T14:26:18","modified_gmt":"2022-06-29T11:26:18","slug":"muminmuggar-moominvalley-park-japan-mumindagen-2021-bland-bergen-2019-2021-ny","status":"publish","type":"product","link":"https:\/\/muumimukitrahaksi.fi\/sv\/produkt\/muminmuggar-moominvalley-park-japan-mumindagen-2021-bland-bergen-2019-2021-ny\/","title":{"rendered":"Muminmuggar Moominvalley Park Japan + Mumindagen 2021 + Bland bergen (2019, 2021) *NY*"},"content":{"rendered":"<p style=\"text-align: center;\"><strong>\u2022 Officiell Moomin Characters\u00a0 licensinnehavare \u2022 Delbetalning\/faktura \u2022 Kvalitetsgranskade produkter<\/strong><\/p>\n<p><strong>Muminmugg Moominvalley Park Japan<\/strong><\/p>\n<p>Muminmuggen Moominvalley Park Japan \u00e4r inte en produkt av Yamaka-muggar som tillverkas i Japan, utan en produktlansering fr\u00e5n Arabia. Muggen fanns endast till f\u00f6rs\u00e4ljning p\u00e5 Moominvalley Park-temaparken i Hanno, Japan, fr\u00e5n och med den 16 mars 2019. Den lilla produktionsvolymen tillsammans med sv\u00e5righeten att f\u00e5 tag p\u00e5 muggen har gjort den till en av de mest eftertraktade muminmuggarna.<\/p>\n<p><a href=\"https:\/\/www.youtube.com\/watch?v=fq6HFTHYweY\">Kolla videon p\u00e5 Moominvalley Park Japan -muggen p\u00e5 v\u00e5r Youtubekanal.<\/a><\/p>\n<p><strong>Muminmugg Bland bergen<\/strong><\/p>\n<p>Muminmuggen Bland bergen \u00e4r gjord speciellt f\u00f6r den norska marknaden. Muggen kommer inte att finnas tillg\u00e4nglig i butikerna n\u00e5gon annanstans \u00e4n i Norge. Utanf\u00f6r Norge kan muggen endast k\u00f6pas fr\u00e5n officiella Mumin-webbutiker.<\/p>\n<p>Illustrationerna p\u00e5 Bland bergen-muggen baseras p\u00e5 Tove Janssons serier Mumin och medborgark\u00e4nslan (1958) och Vi b\u00f6rjar ett nytt liv (1956). I illustrationen syns k\u00e4nda norska landskapselement som berg och fjordar. Liknande landskap \u00e4r bekanta ocks\u00e5 fr\u00e5n Mumindalen. P\u00e5 ena sidan av muggen ger sig Mumintrollet ut p\u00e5 en vandring i bergen tillsammans med Snusmumriken. P\u00e5 den andra sidan njuter Muminmamman av sin dag i lugn och ro genom att bada i varmt vatten.<\/p>\n<p>Tove Janssons Muminber\u00e4ttelser har genom tiderna behandlat viktiga samh\u00e4llsfr\u00e5gor som ensamhet, m\u00e5ngfald och v\u00e4lf\u00e4rd. Genom \u00e5ren har muminmuggarna anv\u00e4nts f\u00f6r att st\u00f6dja dessa viktiga \u00e4mnen. Den h\u00e4r g\u00e5ngen donerade Fiskars under \u00e5ret 2021, 10 norska kronor f\u00f6r varje s\u00e5ld Bland bergen-muminmugg, till lokala aktiviteter f\u00f6r R\u00e4dda Barnen i Norge. Kampanjen st\u00f6der barns r\u00e4ttigheter och j\u00e4mlikhet.<\/p>\n<p><strong>Muminmugg Mumindagen 2021<\/strong><\/p>\n<p>Muminmuggen Mumindagen \u00e4r en forts\u00e4ttning p\u00e5 den <a href=\"https:\/\/muumimukitrahaksi.fi\/sv\/produkt\/muminmugg-mumins-dag-2018-ny\/\">ursprungliga Mumindagen-muggen fr\u00e5n 2018<\/a>. P\u00e5 Mumindagen den 9 augusti firas skaparen av Mumintrollen, Tove Janssons f\u00f6delsedag. Denna specialmugg har tillverkats i en begr\u00e4nsad upplaga.<\/p>\n<p>Illustrationen p\u00e5 Mumindagen-muggen baseras p\u00e5 Tove Janssons bok &#8220;Trollvinter&#8221; (1957) samt s\u00e5ngboken &#8220;Visor fr\u00e5n Mumindalen&#8221; (1993). I illustrationen syns en st\u00e4mningsfull v\u00e5rdag med kv\u00e4llssol. P\u00e5 muggen skildras v\u00e5rens f\u00f6rsta dag. Floden som flyter genom Mumindalen har tinat, och Muminmamman och Mumintrollet v\u00e4ntar vid r\u00e4cket p\u00e5 Snusmumriken som \u00e5terv\u00e4nder till Mumindalen efter vintern. Muggens illustration \u00e4r stilistiskt mycket lik <a href=\"https:\/\/muumimukitrahaksi.fi\/sv\/produkt\/muminmugg-mumins-dag-2018-ny\/\">Mumindagen-muggen fr\u00e5n 2018<\/a>. Muggen s\u00e4ljs i en vacker presentf\u00f6rpackning d\u00e4r den st\u00e4mningsfulla illustrationen \u00e5terkommer.<\/p>\n<p>Kolla in andra specialmuggar <a href=\"https:\/\/muumimukitrahaksi.fi\/sv\/produkt-avdelning\/muggar\/specialmuggar\/\">h\u00e4r.<\/a><\/p>\n<p>Har du en Moominvalley Park Japan, Mumindagen eller Bland bergen -muminmugg och vill s\u00e4lja den? Vi k\u00f6per ocks\u00e5 muminmuggar. Klicka <a href=\"https:\/\/muumimukitrahaksi.fi\/en\/sell-moomin\/\">h\u00e4r<\/a>, fyll i formul\u00e4ret och f\u00e5 en offert samma dag.<\/p>\n","protected":false},"excerpt":{"rendered":"<p style=\"text-align: center;\"><strong>\u2022 H\u00f6gklassiga varor \u2022 Snabb leverans<\/strong><\/p>\n<p>Arabias muminmuggar Moominvalley Park Japan, Mumindagen 2021 och Bland bergen till ett f\u00f6rm\u00e5nligare totalpris. <strong>Spara upp till 100 euro<\/strong>. Muggarna \u00e4r nya och har etiketterna kvar. Moominvalley Park Japan och Mumindagen -muggarna kommer i sina ursprungliga presentf\u00f6rpackningar. Muggarna packas med omsorg och f\u00f6rnybara material.<\/p>\n<p style=\"text-align: center;\"><strong>\u2022 S\u00e4kra betalningss\u00e4tt<\/strong><\/p>\n<p><img loading=\"lazy\" decoding=\"async\" class=\"aligncenter wp-image-20415 size-full\" src=\"https:\/\/muumimukitrahaksi.fi\/wp-content\/uploads\/2020\/06\/maksutavat-2026-pieni-eng.png\" alt=\"Payment options\" width=\"350\" height=\"200\" \/><\/p>\n","protected":false},"featured_media":105148,"template":"","meta":[],"product_brand":[],"product_cat":[537,541,544,547,534,538],"product_tag":[626,597,568],"class_list":{"0":"post-105147","1":"product","2":"type-product","3":"status-publish","4":"has-post-thumbnail","6":"product_cat-arabia-muggar","7":"product_cat-moominvalley-park-japan-sv","8":"product_cat-muggar-med-etikett","9":"product_cat-muggar-ur-produktion","10":"product_cat-muggar","11":"product_cat-specialmuggar","12":"product_tag-med-etikett","13":"product_tag-muminmugg","14":"product_tag-specialmugg","16":"first","17":"outofstock","18":"sale","19":"featured","20":"taxable","21":"shipping-taxable","22":"purchasable","23":"product-type-simple"},"yoast_head":"<!-- This site is optimized with the Yoast SEO plugin v27.1.1 - https:\/\/yoast.com\/product\/yoast-seo-wordpress\/ -->\n<title>Muminmuggar Moominvalley Park Japan + Mumindagen 2021 + Bland bergen (2019, 2021) *NY* - Muumimukit Rahaksi<\/title>\n<meta name=\"description\" content=\"Arabias muminmuggar Moominvalley Park Japan, Mumindagen 2021 och Bland bergen till ett f\u00f6rm\u00e5nligare totalpris. Muggarna \u00e4r nya.\" \/>\n<meta name=\"robots\" content=\"index, follow, max-snippet:-1, max-image-preview:large, max-video-preview:-1\" \/>\n<link rel=\"canonical\" href=\"https:\/\/muumimukitrahaksi.fi\/sv\/produkt\/muminmuggar-moominvalley-park-japan-mumindagen-2021-bland-bergen-2019-2021-ny\/\" \/>\n<meta property=\"og:locale\" content=\"sv_SE\" \/>\n<meta property=\"og:type\" content=\"article\" \/>\n<meta property=\"og:title\" content=\"Muminmuggar Moominvalley Park Japan + Mumindagen 2021 + Bland bergen (2019, 2021) *NY* - Muumimukit Rahaksi\" \/>\n<meta property=\"og:description\" content=\"Arabias muminmuggar Moominvalley Park Japan, Mumindagen 2021 och Bland bergen till ett f\u00f6rm\u00e5nligare totalpris. Muggarna \u00e4r nya.\" \/>\n<meta property=\"og:url\" content=\"https:\/\/muumimukitrahaksi.fi\/sv\/produkt\/muminmuggar-moominvalley-park-japan-mumindagen-2021-bland-bergen-2019-2021-ny\/\" \/>\n<meta property=\"og:site_name\" content=\"Muumimukit Rahaksi\" \/>\n<meta property=\"article:publisher\" content=\"https:\/\/www.facebook.com\/muumimukitrahaksi\/\" \/>\n<meta property=\"og:image\" content=\"https:\/\/muumimukitrahaksi.fi\/wp-content\/uploads\/2022\/06\/japani_norja_muuminpva.jpg\" \/>\n\t<meta property=\"og:image:width\" content=\"1000\" \/>\n\t<meta property=\"og:image:height\" content=\"1000\" \/>\n\t<meta property=\"og:image:type\" content=\"image\/jpeg\" \/>\n<meta name=\"twitter:card\" content=\"summary_large_image\" \/>\n<meta name=\"twitter:site\" content=\"@MuumitRahaksi\" \/>\n<meta name=\"twitter:label1\" content=\"Ber\u00e4knad l\u00e4stid\" \/>\n\t<meta name=\"twitter:data1\" content=\"2 minuter\" \/>\n<script type=\"application\/ld+json\" class=\"yoast-schema-graph\">{\"@context\":\"https:\/\/schema.org\",\"@graph\":[{\"@type\":\"WebPage\",\"@id\":\"https:\/\/muumimukitrahaksi.fi\/sv\/produkt\/muminmuggar-moominvalley-park-japan-mumindagen-2021-bland-bergen-2019-2021-ny\/\",\"url\":\"https:\/\/muumimukitrahaksi.fi\/sv\/produkt\/muminmuggar-moominvalley-park-japan-mumindagen-2021-bland-bergen-2019-2021-ny\/\",\"name\":\"Muminmuggar Moominvalley Park Japan + Mumindagen 2021 + Bland bergen (2019, 2021) *NY* - Muumimukit Rahaksi\",\"isPartOf\":{\"@id\":\"https:\/\/muumimukitrahaksi.fi\/#website\"},\"primaryImageOfPage\":{\"@id\":\"https:\/\/muumimukitrahaksi.fi\/sv\/produkt\/muminmuggar-moominvalley-park-japan-mumindagen-2021-bland-bergen-2019-2021-ny\/#primaryimage\"},\"image\":{\"@id\":\"https:\/\/muumimukitrahaksi.fi\/sv\/produkt\/muminmuggar-moominvalley-park-japan-mumindagen-2021-bland-bergen-2019-2021-ny\/#primaryimage\"},\"thumbnailUrl\":\"https:\/\/muumimukitrahaksi.fi\/wp-content\/uploads\/2022\/06\/japani_norja_muuminpva.jpg\",\"datePublished\":\"2022-06-29T11:26:18+00:00\",\"description\":\"Arabias muminmuggar Moominvalley Park Japan, Mumindagen 2021 och Bland bergen till ett f\u00f6rm\u00e5nligare totalpris. Muggarna \u00e4r nya.\",\"breadcrumb\":{\"@id\":\"https:\/\/muumimukitrahaksi.fi\/sv\/produkt\/muminmuggar-moominvalley-park-japan-mumindagen-2021-bland-bergen-2019-2021-ny\/#breadcrumb\"},\"inLanguage\":\"sv-SE\",\"potentialAction\":[{\"@type\":\"ReadAction\",\"target\":[\"https:\/\/muumimukitrahaksi.fi\/sv\/produkt\/muminmuggar-moominvalley-park-japan-mumindagen-2021-bland-bergen-2019-2021-ny\/\"]}]},{\"@type\":\"ImageObject\",\"inLanguage\":\"sv-SE\",\"@id\":\"https:\/\/muumimukitrahaksi.fi\/sv\/produkt\/muminmuggar-moominvalley-park-japan-mumindagen-2021-bland-bergen-2019-2021-ny\/#primaryimage\",\"url\":\"https:\/\/muumimukitrahaksi.fi\/wp-content\/uploads\/2022\/06\/japani_norja_muuminpva.jpg\",\"contentUrl\":\"https:\/\/muumimukitrahaksi.fi\/wp-content\/uploads\/2022\/06\/japani_norja_muuminpva.jpg\",\"width\":1000,\"height\":1000,\"caption\":\"Muminmuggar Moominvalley Park Japan Mumindagen 2021 Bland bergen\"},{\"@type\":\"BreadcrumbList\",\"@id\":\"https:\/\/muumimukitrahaksi.fi\/sv\/produkt\/muminmuggar-moominvalley-park-japan-mumindagen-2021-bland-bergen-2019-2021-ny\/#breadcrumb\",\"itemListElement\":[{\"@type\":\"ListItem\",\"position\":1,\"name\":\"Etusivu\",\"item\":\"https:\/\/muumimukitrahaksi.fi\/sv\/\"},{\"@type\":\"ListItem\",\"position\":2,\"name\":\"Butik\",\"item\":\"https:\/\/muumimukitrahaksi.fi\/sv\/butik\/\"},{\"@type\":\"ListItem\",\"position\":3,\"name\":\"Muminmuggar Moominvalley Park Japan + Mumindagen 2021 + Bland bergen (2019, 2021) *NY*\"}]},{\"@type\":\"WebSite\",\"@id\":\"https:\/\/muumimukitrahaksi.fi\/#website\",\"url\":\"https:\/\/muumimukitrahaksi.fi\/\",\"name\":\"Muumimukit Rahaksi\",\"description\":\"Muumimukeja, -kulhoja ja -lautasia ker\u00e4ilij\u00f6ille!\",\"publisher\":{\"@id\":\"https:\/\/muumimukitrahaksi.fi\/#organization\"},\"potentialAction\":[{\"@type\":\"SearchAction\",\"target\":{\"@type\":\"EntryPoint\",\"urlTemplate\":\"https:\/\/muumimukitrahaksi.fi\/?s={search_term_string}\"},\"query-input\":{\"@type\":\"PropertyValueSpecification\",\"valueRequired\":true,\"valueName\":\"search_term_string\"}}],\"inLanguage\":\"sv-SE\"},{\"@type\":\"Organization\",\"@id\":\"https:\/\/muumimukitrahaksi.fi\/#organization\",\"name\":\"Muumimukit Rahaksi\",\"url\":\"https:\/\/muumimukitrahaksi.fi\/\",\"logo\":{\"@type\":\"ImageObject\",\"inLanguage\":\"sv-SE\",\"@id\":\"https:\/\/muumimukitrahaksi.fi\/#\/schema\/logo\/image\/\",\"url\":\"https:\/\/muumimukitrahaksi.fi\/wp-content\/uploads\/2017\/09\/logooo.jpg\",\"contentUrl\":\"https:\/\/muumimukitrahaksi.fi\/wp-content\/uploads\/2017\/09\/logooo.jpg\",\"width\":514,\"height\":514,\"caption\":\"Muumimukit Rahaksi\"},\"image\":{\"@id\":\"https:\/\/muumimukitrahaksi.fi\/#\/schema\/logo\/image\/\"},\"sameAs\":[\"https:\/\/www.facebook.com\/muumimukitrahaksi\/\",\"https:\/\/x.com\/MuumitRahaksi\",\"https:\/\/www.instagram.com\/muumimukitrahaksi\/\"]}]}<\/script>\n<!-- \/ Yoast SEO plugin. -->","yoast_head_json":{"title":"Muminmuggar Moominvalley Park Japan + Mumindagen 2021 + Bland bergen (2019, 2021) *NY* - Muumimukit Rahaksi","description":"Arabias muminmuggar Moominvalley Park Japan, Mumindagen 2021 och Bland bergen till ett f\u00f6rm\u00e5nligare totalpris. Muggarna \u00e4r nya.","robots":{"index":"index","follow":"follow","max-snippet":"max-snippet:-1","max-image-preview":"max-image-preview:large","max-video-preview":"max-video-preview:-1"},"canonical":"https:\/\/muumimukitrahaksi.fi\/sv\/produkt\/muminmuggar-moominvalley-park-japan-mumindagen-2021-bland-bergen-2019-2021-ny\/","og_locale":"sv_SE","og_type":"article","og_title":"Muminmuggar Moominvalley Park Japan + Mumindagen 2021 + Bland bergen (2019, 2021) *NY* - Muumimukit Rahaksi","og_description":"Arabias muminmuggar Moominvalley Park Japan, Mumindagen 2021 och Bland bergen till ett f\u00f6rm\u00e5nligare totalpris. Muggarna \u00e4r nya.","og_url":"https:\/\/muumimukitrahaksi.fi\/sv\/produkt\/muminmuggar-moominvalley-park-japan-mumindagen-2021-bland-bergen-2019-2021-ny\/","og_site_name":"Muumimukit Rahaksi","article_publisher":"https:\/\/www.facebook.com\/muumimukitrahaksi\/","og_image":[{"width":1000,"height":1000,"url":"https:\/\/muumimukitrahaksi.fi\/wp-content\/uploads\/2022\/06\/japani_norja_muuminpva.jpg","type":"image\/jpeg"}],"twitter_card":"summary_large_image","twitter_site":"@MuumitRahaksi","twitter_misc":{"Ber\u00e4knad l\u00e4stid":"2 minuter"},"schema":{"@context":"https:\/\/schema.org","@graph":[{"@type":"WebPage","@id":"https:\/\/muumimukitrahaksi.fi\/sv\/produkt\/muminmuggar-moominvalley-park-japan-mumindagen-2021-bland-bergen-2019-2021-ny\/","url":"https:\/\/muumimukitrahaksi.fi\/sv\/produkt\/muminmuggar-moominvalley-park-japan-mumindagen-2021-bland-bergen-2019-2021-ny\/","name":"Muminmuggar Moominvalley Park Japan + Mumindagen 2021 + Bland bergen (2019, 2021) *NY* - Muumimukit Rahaksi","isPartOf":{"@id":"https:\/\/muumimukitrahaksi.fi\/#website"},"primaryImageOfPage":{"@id":"https:\/\/muumimukitrahaksi.fi\/sv\/produkt\/muminmuggar-moominvalley-park-japan-mumindagen-2021-bland-bergen-2019-2021-ny\/#primaryimage"},"image":{"@id":"https:\/\/muumimukitrahaksi.fi\/sv\/produkt\/muminmuggar-moominvalley-park-japan-mumindagen-2021-bland-bergen-2019-2021-ny\/#primaryimage"},"thumbnailUrl":"https:\/\/muumimukitrahaksi.fi\/wp-content\/uploads\/2022\/06\/japani_norja_muuminpva.jpg","datePublished":"2022-06-29T11:26:18+00:00","description":"Arabias muminmuggar Moominvalley Park Japan, Mumindagen 2021 och Bland bergen till ett f\u00f6rm\u00e5nligare totalpris. Muggarna \u00e4r nya.","breadcrumb":{"@id":"https:\/\/muumimukitrahaksi.fi\/sv\/produkt\/muminmuggar-moominvalley-park-japan-mumindagen-2021-bland-bergen-2019-2021-ny\/#breadcrumb"},"inLanguage":"sv-SE","potentialAction":[{"@type":"ReadAction","target":["https:\/\/muumimukitrahaksi.fi\/sv\/produkt\/muminmuggar-moominvalley-park-japan-mumindagen-2021-bland-bergen-2019-2021-ny\/"]}]},{"@type":"ImageObject","inLanguage":"sv-SE","@id":"https:\/\/muumimukitrahaksi.fi\/sv\/produkt\/muminmuggar-moominvalley-park-japan-mumindagen-2021-bland-bergen-2019-2021-ny\/#primaryimage","url":"https:\/\/muumimukitrahaksi.fi\/wp-content\/uploads\/2022\/06\/japani_norja_muuminpva.jpg","contentUrl":"https:\/\/muumimukitrahaksi.fi\/wp-content\/uploads\/2022\/06\/japani_norja_muuminpva.jpg","width":1000,"height":1000,"caption":"Muminmuggar Moominvalley Park Japan Mumindagen 2021 Bland bergen"},{"@type":"BreadcrumbList","@id":"https:\/\/muumimukitrahaksi.fi\/sv\/produkt\/muminmuggar-moominvalley-park-japan-mumindagen-2021-bland-bergen-2019-2021-ny\/#breadcrumb","itemListElement":[{"@type":"ListItem","position":1,"name":"Etusivu","item":"https:\/\/muumimukitrahaksi.fi\/sv\/"},{"@type":"ListItem","position":2,"name":"Butik","item":"https:\/\/muumimukitrahaksi.fi\/sv\/butik\/"},{"@type":"ListItem","position":3,"name":"Muminmuggar Moominvalley Park Japan + Mumindagen 2021 + Bland bergen (2019, 2021) *NY*"}]},{"@type":"WebSite","@id":"https:\/\/muumimukitrahaksi.fi\/#website","url":"https:\/\/muumimukitrahaksi.fi\/","name":"Muumimukit Rahaksi","description":"Muumimukeja, -kulhoja ja -lautasia ker\u00e4ilij\u00f6ille!","publisher":{"@id":"https:\/\/muumimukitrahaksi.fi\/#organization"},"potentialAction":[{"@type":"SearchAction","target":{"@type":"EntryPoint","urlTemplate":"https:\/\/muumimukitrahaksi.fi\/?s={search_term_string}"},"query-input":{"@type":"PropertyValueSpecification","valueRequired":true,"valueName":"search_term_string"}}],"inLanguage":"sv-SE"},{"@type":"Organization","@id":"https:\/\/muumimukitrahaksi.fi\/#organization","name":"Muumimukit Rahaksi","url":"https:\/\/muumimukitrahaksi.fi\/","logo":{"@type":"ImageObject","inLanguage":"sv-SE","@id":"https:\/\/muumimukitrahaksi.fi\/#\/schema\/logo\/image\/","url":"https:\/\/muumimukitrahaksi.fi\/wp-content\/uploads\/2017\/09\/logooo.jpg","contentUrl":"https:\/\/muumimukitrahaksi.fi\/wp-content\/uploads\/2017\/09\/logooo.jpg","width":514,"height":514,"caption":"Muumimukit Rahaksi"},"image":{"@id":"https:\/\/muumimukitrahaksi.fi\/#\/schema\/logo\/image\/"},"sameAs":["https:\/\/www.facebook.com\/muumimukitrahaksi\/","https:\/\/x.com\/MuumitRahaksi","https:\/\/www.instagram.com\/muumimukitrahaksi\/"]}]}},"_links":{"self":[{"href":"https:\/\/muumimukitrahaksi.fi\/sv\/wp-json\/wp\/v2\/product\/105147","targetHints":{"allow":["GET"]}}],"collection":[{"href":"https:\/\/muumimukitrahaksi.fi\/sv\/wp-json\/wp\/v2\/product"}],"about":[{"href":"https:\/\/muumimukitrahaksi.fi\/sv\/wp-json\/wp\/v2\/types\/product"}],"wp:featuredmedia":[{"embeddable":true,"href":"https:\/\/muumimukitrahaksi.fi\/sv\/wp-json\/wp\/v2\/media\/105148"}],"wp:attachment":[{"href":"https:\/\/muumimukitrahaksi.fi\/sv\/wp-json\/wp\/v2\/media?parent=105147"}],"wp:term":[{"taxonomy":"product_brand","embeddable":true,"href":"https:\/\/muumimukitrahaksi.fi\/sv\/wp-json\/wp\/v2\/product_brand?post=105147"},{"taxonomy":"product_cat","embeddable":true,"href":"https:\/\/muumimukitrahaksi.fi\/sv\/wp-json\/wp\/v2\/product_cat?post=105147"},{"taxonomy":"product_tag","embeddable":true,"href":"https:\/\/muumimukitrahaksi.fi\/sv\/wp-json\/wp\/v2\/product_tag?post=105147"}],"curies":[{"name":"wp","href":"https:\/\/api.w.org\/{rel}","templated":true}]}}