{"id":105290,"date":"2022-03-17T10:52:33","date_gmt":"2022-03-17T08:52:33","guid":{"rendered":"https:\/\/muumimukitrahaksi.fi\/tuote\/muminskal-lilla-my-pa-angen-2022-etikett\/"},"modified":"2024-04-03T13:01:38","modified_gmt":"2024-04-03T10:01:38","slug":"muminskal-lilla-my-pa-angen-2022-etikett","status":"publish","type":"product","link":"https:\/\/muumimukitrahaksi.fi\/sv\/produkt\/muminskal-lilla-my-pa-angen-2022-etikett\/","title":{"rendered":"Muminsk\u00e5l Lilla My p\u00e5 \u00e4ngen (2022-) *ETIKETT*"},"content":{"rendered":"<p style=\"text-align: center;\"><strong>\u2022 Officiell Moomin Characters\u00a0 licensinnehavare \u2022 Delbetalning\/faktura \u2022 Kvalitetsgranskade produkter<\/strong><\/p>\n<p>Muminsk\u00e5len Lilla My p\u00e5 \u00e4ngen \u00e4r redan den fj\u00e4rde muminsk\u00e5len d\u00e4r Lilla My har huvudrollen. Lilla My \u00e4r faktiskt en av de mest popul\u00e4ra figurerna i Mumindalen genom tiderna. Nyckeln till karakt\u00e4rens framg\u00e5ng \u00e4r s\u00e4kerligen Lilla Mys mod, fr\u00e4ckhet och rakt p\u00e5 sak-attityd. Denna muminsk\u00e5l ersatte <a href=\"https:\/\/muumimukitrahaksi.fi\/sv\/produkt\/muminskal-lilla-my-2015-2021-etikett\/\">den tidigare Lilla My-sk\u00e5len<\/a>\u00a0som togs ur produktion \u00e5r 2021.<\/p>\n<p>Illustrationen p\u00e5 Lilla My p\u00e5 \u00e4ngen -sk\u00e5len baseras p\u00e5 Tove och Lars Janssons serie Mumintrollet och kometen, som publicerades 1958. I ber\u00e4ttelsen n\u00e4rmar sig en komet Mumindalen och inv\u00e5narna i Mumindalen m\u00e5ste pl\u00f6tsligt fly fr\u00e5n sina hem. Lilla My ger sig iv\u00e4g med Mumintrollet och Snorkfr\u00f6ken f\u00f6r att l\u00f6sa kometens mysterium. Som vanligt sl\u00e5r den obekymrade Lilla My sig ner p\u00e5 \u00e4ngen f\u00f6r att beundra kometen som n\u00e4rmar sig Mumindalen. Tillsammans beundrar de den nya, lysande stj\u00e4rnan p\u00e5 himlen.<\/p>\n<p>Till &#8220;Lilla My p\u00e5 \u00e4ngen&#8221;-servisen ing\u00e5r f\u00f6rutom sk\u00e5len \u00e4ven en mugg och en tallrik.<\/p>\n<p>Kolla in andra Lilla My -produkter <a href=\"https:\/\/muumimukitrahaksi.fi\/sv\/produkt-nyckelord\/lilla-my\/\">h\u00e4r.<\/a><\/p>\n<p>Har du en Lilla My p\u00e5 \u00e4ngen -muminsk\u00e5l och vill s\u00e4lja den? Vi k\u00f6per ocks\u00e5 muminsk\u00e5lar. Klicka <a href=\"https:\/\/muumimukitrahaksi.fi\/en\/sell-moomin\/\">h\u00e4r<\/a>, fyll i formul\u00e4ret och f\u00e5 en offert samma dag.<\/p>\n","protected":false},"excerpt":{"rendered":"<p style=\"text-align: center;\"><strong>\u2022 H\u00f6gklassiga varor \u2022 Snabb leverans<\/strong><\/p>\n<p>Arabias muminsk\u00e5l Lilla My p\u00e5 \u00e4ngen. Sk\u00e5len \u00e4r ny och har etiketten kvar. Etiketten finns p\u00e5 botten av sk\u00e5len. Sk\u00e5larna packas med omsorg och f\u00f6rnybara material.<\/p>\n<p style=\"text-align: center;\"><strong>\u2022 S\u00e4kra betalningss\u00e4tt<\/strong><\/p>\n<p><img loading=\"lazy\" decoding=\"async\" class=\"aligncenter wp-image-20415 size-full\" src=\"https:\/\/muumimukitrahaksi.fi\/wp-content\/uploads\/2020\/06\/maksutavat-2026-pieni-eng.png\" alt=\"Payment options\" width=\"350\" height=\"200\" \/><\/p>\n","protected":false},"featured_media":105291,"template":"","meta":[],"product_brand":[],"product_cat":[519,525,523],"product_tag":[612,626,593],"class_list":{"0":"post-105290","1":"product","2":"type-product","3":"status-publish","4":"has-post-thumbnail","6":"product_cat-skalar","7":"product_cat-skalar-i-produktion","8":"product_cat-skalar-med-etikett","9":"product_tag-lilla-my","10":"product_tag-med-etikett","11":"product_tag-muminskal","13":"first","14":"outofstock","15":"taxable","16":"shipping-taxable","17":"purchasable","18":"product-type-simple"},"yoast_head":"<!-- This site is optimized with the Yoast SEO plugin v27.1.1 - https:\/\/yoast.com\/product\/yoast-seo-wordpress\/ -->\n<title>Muminsk\u00e5l Lilla My p\u00e5 \u00e4ngen (2022-) *ETIKETT* - Muumimukit Rahaksi<\/title>\n<meta name=\"description\" content=\"Arabias muminsk\u00e5l Lilla My p\u00e5 \u00e4ngen. Sk\u00e5len \u00e4r ny och har etiketten kvar. Etiketten finns p\u00e5 botten av sk\u00e5len.\" \/>\n<meta name=\"robots\" content=\"index, follow, max-snippet:-1, max-image-preview:large, max-video-preview:-1\" \/>\n<link rel=\"canonical\" href=\"https:\/\/muumimukitrahaksi.fi\/produkt\/muumikulho-pikku-myy-niitylla-2022-tarra\/\" \/>\n<meta property=\"og:locale\" content=\"sv_SE\" \/>\n<meta property=\"og:type\" content=\"article\" \/>\n<meta property=\"og:title\" content=\"Muminsk\u00e5l Lilla My p\u00e5 \u00e4ngen (2022-) *ETIKETT* - Muumimukit Rahaksi\" \/>\n<meta property=\"og:description\" content=\"Arabias muminsk\u00e5l Lilla My p\u00e5 \u00e4ngen. Sk\u00e5len \u00e4r ny och har etiketten kvar. Etiketten finns p\u00e5 botten av sk\u00e5len.\" \/>\n<meta property=\"og:url\" content=\"https:\/\/muumimukitrahaksi.fi\/produkt\/muumikulho-pikku-myy-niitylla-2022-tarra\/\" \/>\n<meta property=\"og:site_name\" content=\"Muumimukit Rahaksi\" \/>\n<meta property=\"article:publisher\" content=\"https:\/\/www.facebook.com\/muumimukitrahaksi\/\" \/>\n<meta property=\"article:modified_time\" content=\"2024-04-03T10:01:38+00:00\" \/>\n<meta property=\"og:image\" content=\"https:\/\/muumimukitrahaksi.fi\/wp-content\/uploads\/2022\/08\/DSC00168.jpg\" \/>\n\t<meta property=\"og:image:width\" content=\"1000\" \/>\n\t<meta property=\"og:image:height\" content=\"1000\" \/>\n\t<meta property=\"og:image:type\" content=\"image\/jpeg\" \/>\n<meta name=\"twitter:card\" content=\"summary_large_image\" \/>\n<meta name=\"twitter:site\" content=\"@MuumitRahaksi\" \/>\n<meta name=\"twitter:label1\" content=\"Ber\u00e4knad l\u00e4stid\" \/>\n\t<meta name=\"twitter:data1\" content=\"1 minut\" \/>\n<script type=\"application\/ld+json\" class=\"yoast-schema-graph\">{\"@context\":\"https:\/\/schema.org\",\"@graph\":[{\"@type\":\"WebPage\",\"@id\":\"https:\/\/muumimukitrahaksi.fi\/produkt\/muumikulho-pikku-myy-niitylla-2022-tarra\/\",\"url\":\"https:\/\/muumimukitrahaksi.fi\/produkt\/muumikulho-pikku-myy-niitylla-2022-tarra\/\",\"name\":\"Muminsk\u00e5l Lilla My p\u00e5 \u00e4ngen (2022-) *ETIKETT* - Muumimukit Rahaksi\",\"isPartOf\":{\"@id\":\"https:\/\/muumimukitrahaksi.fi\/#website\"},\"primaryImageOfPage\":{\"@id\":\"https:\/\/muumimukitrahaksi.fi\/produkt\/muumikulho-pikku-myy-niitylla-2022-tarra\/#primaryimage\"},\"image\":{\"@id\":\"https:\/\/muumimukitrahaksi.fi\/produkt\/muumikulho-pikku-myy-niitylla-2022-tarra\/#primaryimage\"},\"thumbnailUrl\":\"https:\/\/muumimukitrahaksi.fi\/wp-content\/uploads\/2022\/08\/DSC00168.jpg\",\"datePublished\":\"2022-03-17T08:52:33+00:00\",\"dateModified\":\"2024-04-03T10:01:38+00:00\",\"description\":\"Arabias muminsk\u00e5l Lilla My p\u00e5 \u00e4ngen. Sk\u00e5len \u00e4r ny och har etiketten kvar. Etiketten finns p\u00e5 botten av sk\u00e5len.\",\"breadcrumb\":{\"@id\":\"https:\/\/muumimukitrahaksi.fi\/produkt\/muumikulho-pikku-myy-niitylla-2022-tarra\/#breadcrumb\"},\"inLanguage\":\"sv-SE\",\"potentialAction\":[{\"@type\":\"ReadAction\",\"target\":[\"https:\/\/muumimukitrahaksi.fi\/produkt\/muumikulho-pikku-myy-niitylla-2022-tarra\/\"]}]},{\"@type\":\"ImageObject\",\"inLanguage\":\"sv-SE\",\"@id\":\"https:\/\/muumimukitrahaksi.fi\/produkt\/muumikulho-pikku-myy-niitylla-2022-tarra\/#primaryimage\",\"url\":\"https:\/\/muumimukitrahaksi.fi\/wp-content\/uploads\/2022\/08\/DSC00168.jpg\",\"contentUrl\":\"https:\/\/muumimukitrahaksi.fi\/wp-content\/uploads\/2022\/08\/DSC00168.jpg\",\"width\":1000,\"height\":1000,\"caption\":\"Muminsk\u00e5l Lilla My p\u00e5 \u00e4ngen\"},{\"@type\":\"BreadcrumbList\",\"@id\":\"https:\/\/muumimukitrahaksi.fi\/produkt\/muumikulho-pikku-myy-niitylla-2022-tarra\/#breadcrumb\",\"itemListElement\":[{\"@type\":\"ListItem\",\"position\":1,\"name\":\"Etusivu\",\"item\":\"https:\/\/muumimukitrahaksi.fi\/sv\/\"},{\"@type\":\"ListItem\",\"position\":2,\"name\":\"Butik\",\"item\":\"https:\/\/muumimukitrahaksi.fi\/sv\/butik\/\"},{\"@type\":\"ListItem\",\"position\":3,\"name\":\"Muminsk\u00e5l Lilla My p\u00e5 \u00e4ngen (2022-) *ETIKETT*\"}]},{\"@type\":\"WebSite\",\"@id\":\"https:\/\/muumimukitrahaksi.fi\/#website\",\"url\":\"https:\/\/muumimukitrahaksi.fi\/\",\"name\":\"Muumimukit Rahaksi\",\"description\":\"Muumimukeja, -kulhoja ja -lautasia ker\u00e4ilij\u00f6ille!\",\"publisher\":{\"@id\":\"https:\/\/muumimukitrahaksi.fi\/#organization\"},\"potentialAction\":[{\"@type\":\"SearchAction\",\"target\":{\"@type\":\"EntryPoint\",\"urlTemplate\":\"https:\/\/muumimukitrahaksi.fi\/?s={search_term_string}\"},\"query-input\":{\"@type\":\"PropertyValueSpecification\",\"valueRequired\":true,\"valueName\":\"search_term_string\"}}],\"inLanguage\":\"sv-SE\"},{\"@type\":\"Organization\",\"@id\":\"https:\/\/muumimukitrahaksi.fi\/#organization\",\"name\":\"Muumimukit Rahaksi\",\"url\":\"https:\/\/muumimukitrahaksi.fi\/\",\"logo\":{\"@type\":\"ImageObject\",\"inLanguage\":\"sv-SE\",\"@id\":\"https:\/\/muumimukitrahaksi.fi\/#\/schema\/logo\/image\/\",\"url\":\"https:\/\/muumimukitrahaksi.fi\/wp-content\/uploads\/2017\/09\/logooo.jpg\",\"contentUrl\":\"https:\/\/muumimukitrahaksi.fi\/wp-content\/uploads\/2017\/09\/logooo.jpg\",\"width\":514,\"height\":514,\"caption\":\"Muumimukit Rahaksi\"},\"image\":{\"@id\":\"https:\/\/muumimukitrahaksi.fi\/#\/schema\/logo\/image\/\"},\"sameAs\":[\"https:\/\/www.facebook.com\/muumimukitrahaksi\/\",\"https:\/\/x.com\/MuumitRahaksi\",\"https:\/\/www.instagram.com\/muumimukitrahaksi\/\"]}]}<\/script>\n<!-- \/ Yoast SEO plugin. -->","yoast_head_json":{"title":"Muminsk\u00e5l Lilla My p\u00e5 \u00e4ngen (2022-) *ETIKETT* - Muumimukit Rahaksi","description":"Arabias muminsk\u00e5l Lilla My p\u00e5 \u00e4ngen. Sk\u00e5len \u00e4r ny och har etiketten kvar. Etiketten finns p\u00e5 botten av sk\u00e5len.","robots":{"index":"index","follow":"follow","max-snippet":"max-snippet:-1","max-image-preview":"max-image-preview:large","max-video-preview":"max-video-preview:-1"},"canonical":"https:\/\/muumimukitrahaksi.fi\/produkt\/muumikulho-pikku-myy-niitylla-2022-tarra\/","og_locale":"sv_SE","og_type":"article","og_title":"Muminsk\u00e5l Lilla My p\u00e5 \u00e4ngen (2022-) *ETIKETT* - Muumimukit Rahaksi","og_description":"Arabias muminsk\u00e5l Lilla My p\u00e5 \u00e4ngen. Sk\u00e5len \u00e4r ny och har etiketten kvar. Etiketten finns p\u00e5 botten av sk\u00e5len.","og_url":"https:\/\/muumimukitrahaksi.fi\/produkt\/muumikulho-pikku-myy-niitylla-2022-tarra\/","og_site_name":"Muumimukit Rahaksi","article_publisher":"https:\/\/www.facebook.com\/muumimukitrahaksi\/","article_modified_time":"2024-04-03T10:01:38+00:00","og_image":[{"width":1000,"height":1000,"url":"https:\/\/muumimukitrahaksi.fi\/wp-content\/uploads\/2022\/08\/DSC00168.jpg","type":"image\/jpeg"}],"twitter_card":"summary_large_image","twitter_site":"@MuumitRahaksi","twitter_misc":{"Ber\u00e4knad l\u00e4stid":"1 minut"},"schema":{"@context":"https:\/\/schema.org","@graph":[{"@type":"WebPage","@id":"https:\/\/muumimukitrahaksi.fi\/produkt\/muumikulho-pikku-myy-niitylla-2022-tarra\/","url":"https:\/\/muumimukitrahaksi.fi\/produkt\/muumikulho-pikku-myy-niitylla-2022-tarra\/","name":"Muminsk\u00e5l Lilla My p\u00e5 \u00e4ngen (2022-) *ETIKETT* - Muumimukit Rahaksi","isPartOf":{"@id":"https:\/\/muumimukitrahaksi.fi\/#website"},"primaryImageOfPage":{"@id":"https:\/\/muumimukitrahaksi.fi\/produkt\/muumikulho-pikku-myy-niitylla-2022-tarra\/#primaryimage"},"image":{"@id":"https:\/\/muumimukitrahaksi.fi\/produkt\/muumikulho-pikku-myy-niitylla-2022-tarra\/#primaryimage"},"thumbnailUrl":"https:\/\/muumimukitrahaksi.fi\/wp-content\/uploads\/2022\/08\/DSC00168.jpg","datePublished":"2022-03-17T08:52:33+00:00","dateModified":"2024-04-03T10:01:38+00:00","description":"Arabias muminsk\u00e5l Lilla My p\u00e5 \u00e4ngen. Sk\u00e5len \u00e4r ny och har etiketten kvar. Etiketten finns p\u00e5 botten av sk\u00e5len.","breadcrumb":{"@id":"https:\/\/muumimukitrahaksi.fi\/produkt\/muumikulho-pikku-myy-niitylla-2022-tarra\/#breadcrumb"},"inLanguage":"sv-SE","potentialAction":[{"@type":"ReadAction","target":["https:\/\/muumimukitrahaksi.fi\/produkt\/muumikulho-pikku-myy-niitylla-2022-tarra\/"]}]},{"@type":"ImageObject","inLanguage":"sv-SE","@id":"https:\/\/muumimukitrahaksi.fi\/produkt\/muumikulho-pikku-myy-niitylla-2022-tarra\/#primaryimage","url":"https:\/\/muumimukitrahaksi.fi\/wp-content\/uploads\/2022\/08\/DSC00168.jpg","contentUrl":"https:\/\/muumimukitrahaksi.fi\/wp-content\/uploads\/2022\/08\/DSC00168.jpg","width":1000,"height":1000,"caption":"Muminsk\u00e5l Lilla My p\u00e5 \u00e4ngen"},{"@type":"BreadcrumbList","@id":"https:\/\/muumimukitrahaksi.fi\/produkt\/muumikulho-pikku-myy-niitylla-2022-tarra\/#breadcrumb","itemListElement":[{"@type":"ListItem","position":1,"name":"Etusivu","item":"https:\/\/muumimukitrahaksi.fi\/sv\/"},{"@type":"ListItem","position":2,"name":"Butik","item":"https:\/\/muumimukitrahaksi.fi\/sv\/butik\/"},{"@type":"ListItem","position":3,"name":"Muminsk\u00e5l Lilla My p\u00e5 \u00e4ngen (2022-) *ETIKETT*"}]},{"@type":"WebSite","@id":"https:\/\/muumimukitrahaksi.fi\/#website","url":"https:\/\/muumimukitrahaksi.fi\/","name":"Muumimukit Rahaksi","description":"Muumimukeja, -kulhoja ja -lautasia ker\u00e4ilij\u00f6ille!","publisher":{"@id":"https:\/\/muumimukitrahaksi.fi\/#organization"},"potentialAction":[{"@type":"SearchAction","target":{"@type":"EntryPoint","urlTemplate":"https:\/\/muumimukitrahaksi.fi\/?s={search_term_string}"},"query-input":{"@type":"PropertyValueSpecification","valueRequired":true,"valueName":"search_term_string"}}],"inLanguage":"sv-SE"},{"@type":"Organization","@id":"https:\/\/muumimukitrahaksi.fi\/#organization","name":"Muumimukit Rahaksi","url":"https:\/\/muumimukitrahaksi.fi\/","logo":{"@type":"ImageObject","inLanguage":"sv-SE","@id":"https:\/\/muumimukitrahaksi.fi\/#\/schema\/logo\/image\/","url":"https:\/\/muumimukitrahaksi.fi\/wp-content\/uploads\/2017\/09\/logooo.jpg","contentUrl":"https:\/\/muumimukitrahaksi.fi\/wp-content\/uploads\/2017\/09\/logooo.jpg","width":514,"height":514,"caption":"Muumimukit Rahaksi"},"image":{"@id":"https:\/\/muumimukitrahaksi.fi\/#\/schema\/logo\/image\/"},"sameAs":["https:\/\/www.facebook.com\/muumimukitrahaksi\/","https:\/\/x.com\/MuumitRahaksi","https:\/\/www.instagram.com\/muumimukitrahaksi\/"]}]}},"_links":{"self":[{"href":"https:\/\/muumimukitrahaksi.fi\/sv\/wp-json\/wp\/v2\/product\/105290","targetHints":{"allow":["GET"]}}],"collection":[{"href":"https:\/\/muumimukitrahaksi.fi\/sv\/wp-json\/wp\/v2\/product"}],"about":[{"href":"https:\/\/muumimukitrahaksi.fi\/sv\/wp-json\/wp\/v2\/types\/product"}],"wp:featuredmedia":[{"embeddable":true,"href":"https:\/\/muumimukitrahaksi.fi\/sv\/wp-json\/wp\/v2\/media\/105291"}],"wp:attachment":[{"href":"https:\/\/muumimukitrahaksi.fi\/sv\/wp-json\/wp\/v2\/media?parent=105290"}],"wp:term":[{"taxonomy":"product_brand","embeddable":true,"href":"https:\/\/muumimukitrahaksi.fi\/sv\/wp-json\/wp\/v2\/product_brand?post=105290"},{"taxonomy":"product_cat","embeddable":true,"href":"https:\/\/muumimukitrahaksi.fi\/sv\/wp-json\/wp\/v2\/product_cat?post=105290"},{"taxonomy":"product_tag","embeddable":true,"href":"https:\/\/muumimukitrahaksi.fi\/sv\/wp-json\/wp\/v2\/product_tag?post=105290"}],"curies":[{"name":"wp","href":"https:\/\/api.w.org\/{rel}","templated":true}]}}