{"id":105485,"date":"2022-03-21T14:06:18","date_gmt":"2022-03-21T12:06:18","guid":{"rendered":"https:\/\/muumimukitrahaksi.fi\/tuote\/muminskal-sniff-brun-2002-2008-ny\/"},"modified":"2024-03-15T10:09:41","modified_gmt":"2024-03-15T08:09:41","slug":"muminskal-sniff-brun-2002-2008-ny","status":"publish","type":"product","link":"https:\/\/muumimukitrahaksi.fi\/sv\/produkt\/muminskal-sniff-brun-2002-2008-ny\/","title":{"rendered":"Muminsk\u00e5l Sniff, brun (2002-2008) *NY*"},"content":{"rendered":"<p style=\"text-align: center;\"><strong>\u2022 Officiell Moomin Characters\u00a0 licensinnehavare \u2022 Delbetalning\/faktura \u2022 Kvalitetsgranskade produkter<\/strong><\/p>\n<p>Muminsk\u00e5len Sniff, brun \u00e4r en av de mest v\u00e4rdefulla karakt\u00e4rsk\u00e5larna, eftersom den bara var i produktion under sex \u00e5r, och d\u00e4rmed \u00e4r dess produktionssiffror aningen mindre \u00e4n f\u00f6r andra karakt\u00e4rsmuggar. Precis som med illustrationerna p\u00e5 andra karakt\u00e4rsk\u00e5lar har Tove Slotte \u00e4ven lyckats v\u00e4lja illustrationer f\u00f6r den bruna Sniff som tydligt \u00e5terspeglar karakt\u00e4rens personlighet. Sniff \u00e4lskar alla v\u00e4rdefulla f\u00f6rem\u00e5l, dessutom \u00e4r skinande och glittrande f\u00f6rem\u00e5l s\u00e4rskilt intressanta f\u00f6r honom.<\/p>\n<p><a href=\"https:\/\/www.youtube.com\/watch?v=cCJLr8nHtyg\">Kolla videon p\u00e5 den bruna Sniff -muminmuggen, som \u00e4r ur samma serie som sk\u00e5len, p\u00e5 v\u00e5r Youtubekanal.<\/a><\/p>\n<p>Kolla in andra Sniff-produkter <a href=\"https:\/\/muumimukitrahaksi.fi\/sv\/produkt-nyckelord\/sniff-sv\/\">h\u00e4r.<\/a><\/p>\n<p>Har du en brun Sniff -muminsk\u00e5l och vill s\u00e4lja den? Vi k\u00f6per ocks\u00e5 muminsk\u00e5lar. Klicka <a href=\"https:\/\/muumimukitrahaksi.fi\/en\/sell-moomin\/\">h\u00e4r<\/a>, fyll i formul\u00e4ret och f\u00e5 en offert samma dag.<\/p>\n","protected":false},"excerpt":{"rendered":"<p style=\"text-align: center;\"><strong>\u2022 H\u00f6gklassiga varor \u2022 Snabb leverans<\/strong><\/p>\n<p>Arabias muminsk\u00e5l Sniff, brun (ur produktion). Sk\u00e5len \u00e4r ny och har etiketten kvar. Sk\u00e5len kommer i sin s\u00e4llsynta, ursprungliga f\u00f6rpackning. Sk\u00e5larna packas med omsorg och f\u00f6rnybara material.<\/p>\n<p style=\"text-align: center;\"><strong>\u2022 S\u00e4kra betalningss\u00e4tt<\/strong><\/p>\n<p><img loading=\"lazy\" decoding=\"async\" class=\"aligncenter wp-image-20415 size-full\" src=\"https:\/\/muumimukitrahaksi.fi\/wp-content\/uploads\/2020\/06\/maksutavat-2026-pieni-eng.png\" alt=\"Payment options\" width=\"350\" height=\"200\" \/><\/p>\n","protected":false},"featured_media":105486,"template":"","meta":[],"product_brand":[],"product_cat":[519,523],"product_tag":[626,593,608],"class_list":{"0":"post-105485","1":"product","2":"type-product","3":"status-publish","4":"has-post-thumbnail","6":"product_cat-skalar","7":"product_cat-skalar-med-etikett","8":"product_tag-med-etikett","9":"product_tag-muminskal","10":"product_tag-sniff-sv","12":"first","13":"instock","14":"taxable","15":"shipping-taxable","16":"purchasable","17":"product-type-simple"},"yoast_head":"<!-- This site is optimized with the Yoast SEO plugin v27.1.1 - https:\/\/yoast.com\/product\/yoast-seo-wordpress\/ -->\n<title>Muminsk\u00e5l Sniff, brun (2002-2008) *NY* - Muumimukit Rahaksi<\/title>\n<meta name=\"description\" content=\"Arabias muminsk\u00e5l Sniff, brun (ur produktion). Sk\u00e5len \u00e4r ny och har etiketten kvar. Sk\u00e5len kommer i sin s\u00e4llsynta, ursprungliga f\u00f6rpackning.\" \/>\n<meta name=\"robots\" content=\"index, follow, max-snippet:-1, max-image-preview:large, max-video-preview:-1\" \/>\n<link rel=\"canonical\" href=\"https:\/\/muumimukitrahaksi.fi\/produkt\/muumikulho-nipsu-2002-2008-uusi\/\" \/>\n<meta property=\"og:locale\" content=\"sv_SE\" \/>\n<meta property=\"og:type\" content=\"article\" \/>\n<meta property=\"og:title\" content=\"Muminsk\u00e5l Sniff, brun (2002-2008) *NY* - Muumimukit Rahaksi\" \/>\n<meta property=\"og:description\" content=\"Arabias muminsk\u00e5l Sniff, brun (ur produktion). Sk\u00e5len \u00e4r ny och har etiketten kvar. Sk\u00e5len kommer i sin s\u00e4llsynta, ursprungliga f\u00f6rpackning.\" \/>\n<meta property=\"og:url\" content=\"https:\/\/muumimukitrahaksi.fi\/produkt\/muumikulho-nipsu-2002-2008-uusi\/\" \/>\n<meta property=\"og:site_name\" content=\"Muumimukit Rahaksi\" \/>\n<meta property=\"article:publisher\" content=\"https:\/\/www.facebook.com\/muumimukitrahaksi\/\" \/>\n<meta property=\"article:modified_time\" content=\"2024-03-15T08:09:41+00:00\" \/>\n<meta property=\"og:image\" content=\"https:\/\/muumimukitrahaksi.fi\/wp-content\/uploads\/2022\/03\/DSC02157.jpg\" \/>\n\t<meta property=\"og:image:width\" content=\"1000\" \/>\n\t<meta property=\"og:image:height\" content=\"1000\" \/>\n\t<meta property=\"og:image:type\" content=\"image\/jpeg\" \/>\n<meta name=\"twitter:card\" content=\"summary_large_image\" \/>\n<meta name=\"twitter:site\" content=\"@MuumitRahaksi\" \/>\n<meta name=\"twitter:label1\" content=\"Ber\u00e4knad l\u00e4stid\" \/>\n\t<meta name=\"twitter:data1\" content=\"1 minut\" \/>\n<script type=\"application\/ld+json\" class=\"yoast-schema-graph\">{\"@context\":\"https:\/\/schema.org\",\"@graph\":[{\"@type\":\"WebPage\",\"@id\":\"https:\/\/muumimukitrahaksi.fi\/produkt\/muumikulho-nipsu-2002-2008-uusi\/\",\"url\":\"https:\/\/muumimukitrahaksi.fi\/produkt\/muumikulho-nipsu-2002-2008-uusi\/\",\"name\":\"Muminsk\u00e5l Sniff, brun (2002-2008) *NY* - Muumimukit Rahaksi\",\"isPartOf\":{\"@id\":\"https:\/\/muumimukitrahaksi.fi\/#website\"},\"primaryImageOfPage\":{\"@id\":\"https:\/\/muumimukitrahaksi.fi\/produkt\/muumikulho-nipsu-2002-2008-uusi\/#primaryimage\"},\"image\":{\"@id\":\"https:\/\/muumimukitrahaksi.fi\/produkt\/muumikulho-nipsu-2002-2008-uusi\/#primaryimage\"},\"thumbnailUrl\":\"https:\/\/muumimukitrahaksi.fi\/wp-content\/uploads\/2022\/03\/DSC02157.jpg\",\"datePublished\":\"2022-03-21T12:06:18+00:00\",\"dateModified\":\"2024-03-15T08:09:41+00:00\",\"description\":\"Arabias muminsk\u00e5l Sniff, brun (ur produktion). Sk\u00e5len \u00e4r ny och har etiketten kvar. Sk\u00e5len kommer i sin s\u00e4llsynta, ursprungliga f\u00f6rpackning.\",\"breadcrumb\":{\"@id\":\"https:\/\/muumimukitrahaksi.fi\/produkt\/muumikulho-nipsu-2002-2008-uusi\/#breadcrumb\"},\"inLanguage\":\"sv-SE\",\"potentialAction\":[{\"@type\":\"ReadAction\",\"target\":[\"https:\/\/muumimukitrahaksi.fi\/produkt\/muumikulho-nipsu-2002-2008-uusi\/\"]}]},{\"@type\":\"ImageObject\",\"inLanguage\":\"sv-SE\",\"@id\":\"https:\/\/muumimukitrahaksi.fi\/produkt\/muumikulho-nipsu-2002-2008-uusi\/#primaryimage\",\"url\":\"https:\/\/muumimukitrahaksi.fi\/wp-content\/uploads\/2022\/03\/DSC02157.jpg\",\"contentUrl\":\"https:\/\/muumimukitrahaksi.fi\/wp-content\/uploads\/2022\/03\/DSC02157.jpg\",\"width\":1000,\"height\":1000,\"caption\":\"Muminsk\u00e5l Sniff, brun\"},{\"@type\":\"BreadcrumbList\",\"@id\":\"https:\/\/muumimukitrahaksi.fi\/produkt\/muumikulho-nipsu-2002-2008-uusi\/#breadcrumb\",\"itemListElement\":[{\"@type\":\"ListItem\",\"position\":1,\"name\":\"Etusivu\",\"item\":\"https:\/\/muumimukitrahaksi.fi\/sv\/\"},{\"@type\":\"ListItem\",\"position\":2,\"name\":\"Butik\",\"item\":\"https:\/\/muumimukitrahaksi.fi\/sv\/butik\/\"},{\"@type\":\"ListItem\",\"position\":3,\"name\":\"Muminsk\u00e5l Sniff, brun (2002-2008) *NY*\"}]},{\"@type\":\"WebSite\",\"@id\":\"https:\/\/muumimukitrahaksi.fi\/#website\",\"url\":\"https:\/\/muumimukitrahaksi.fi\/\",\"name\":\"Muumimukit Rahaksi\",\"description\":\"Muumimukeja, -kulhoja ja -lautasia ker\u00e4ilij\u00f6ille!\",\"publisher\":{\"@id\":\"https:\/\/muumimukitrahaksi.fi\/#organization\"},\"potentialAction\":[{\"@type\":\"SearchAction\",\"target\":{\"@type\":\"EntryPoint\",\"urlTemplate\":\"https:\/\/muumimukitrahaksi.fi\/?s={search_term_string}\"},\"query-input\":{\"@type\":\"PropertyValueSpecification\",\"valueRequired\":true,\"valueName\":\"search_term_string\"}}],\"inLanguage\":\"sv-SE\"},{\"@type\":\"Organization\",\"@id\":\"https:\/\/muumimukitrahaksi.fi\/#organization\",\"name\":\"Muumimukit Rahaksi\",\"url\":\"https:\/\/muumimukitrahaksi.fi\/\",\"logo\":{\"@type\":\"ImageObject\",\"inLanguage\":\"sv-SE\",\"@id\":\"https:\/\/muumimukitrahaksi.fi\/#\/schema\/logo\/image\/\",\"url\":\"https:\/\/muumimukitrahaksi.fi\/wp-content\/uploads\/2017\/09\/logooo.jpg\",\"contentUrl\":\"https:\/\/muumimukitrahaksi.fi\/wp-content\/uploads\/2017\/09\/logooo.jpg\",\"width\":514,\"height\":514,\"caption\":\"Muumimukit Rahaksi\"},\"image\":{\"@id\":\"https:\/\/muumimukitrahaksi.fi\/#\/schema\/logo\/image\/\"},\"sameAs\":[\"https:\/\/www.facebook.com\/muumimukitrahaksi\/\",\"https:\/\/x.com\/MuumitRahaksi\",\"https:\/\/www.instagram.com\/muumimukitrahaksi\/\"]}]}<\/script>\n<!-- \/ Yoast SEO plugin. -->","yoast_head_json":{"title":"Muminsk\u00e5l Sniff, brun (2002-2008) *NY* - Muumimukit Rahaksi","description":"Arabias muminsk\u00e5l Sniff, brun (ur produktion). Sk\u00e5len \u00e4r ny och har etiketten kvar. Sk\u00e5len kommer i sin s\u00e4llsynta, ursprungliga f\u00f6rpackning.","robots":{"index":"index","follow":"follow","max-snippet":"max-snippet:-1","max-image-preview":"max-image-preview:large","max-video-preview":"max-video-preview:-1"},"canonical":"https:\/\/muumimukitrahaksi.fi\/produkt\/muumikulho-nipsu-2002-2008-uusi\/","og_locale":"sv_SE","og_type":"article","og_title":"Muminsk\u00e5l Sniff, brun (2002-2008) *NY* - Muumimukit Rahaksi","og_description":"Arabias muminsk\u00e5l Sniff, brun (ur produktion). Sk\u00e5len \u00e4r ny och har etiketten kvar. Sk\u00e5len kommer i sin s\u00e4llsynta, ursprungliga f\u00f6rpackning.","og_url":"https:\/\/muumimukitrahaksi.fi\/produkt\/muumikulho-nipsu-2002-2008-uusi\/","og_site_name":"Muumimukit Rahaksi","article_publisher":"https:\/\/www.facebook.com\/muumimukitrahaksi\/","article_modified_time":"2024-03-15T08:09:41+00:00","og_image":[{"width":1000,"height":1000,"url":"https:\/\/muumimukitrahaksi.fi\/wp-content\/uploads\/2022\/03\/DSC02157.jpg","type":"image\/jpeg"}],"twitter_card":"summary_large_image","twitter_site":"@MuumitRahaksi","twitter_misc":{"Ber\u00e4knad l\u00e4stid":"1 minut"},"schema":{"@context":"https:\/\/schema.org","@graph":[{"@type":"WebPage","@id":"https:\/\/muumimukitrahaksi.fi\/produkt\/muumikulho-nipsu-2002-2008-uusi\/","url":"https:\/\/muumimukitrahaksi.fi\/produkt\/muumikulho-nipsu-2002-2008-uusi\/","name":"Muminsk\u00e5l Sniff, brun (2002-2008) *NY* - Muumimukit Rahaksi","isPartOf":{"@id":"https:\/\/muumimukitrahaksi.fi\/#website"},"primaryImageOfPage":{"@id":"https:\/\/muumimukitrahaksi.fi\/produkt\/muumikulho-nipsu-2002-2008-uusi\/#primaryimage"},"image":{"@id":"https:\/\/muumimukitrahaksi.fi\/produkt\/muumikulho-nipsu-2002-2008-uusi\/#primaryimage"},"thumbnailUrl":"https:\/\/muumimukitrahaksi.fi\/wp-content\/uploads\/2022\/03\/DSC02157.jpg","datePublished":"2022-03-21T12:06:18+00:00","dateModified":"2024-03-15T08:09:41+00:00","description":"Arabias muminsk\u00e5l Sniff, brun (ur produktion). Sk\u00e5len \u00e4r ny och har etiketten kvar. Sk\u00e5len kommer i sin s\u00e4llsynta, ursprungliga f\u00f6rpackning.","breadcrumb":{"@id":"https:\/\/muumimukitrahaksi.fi\/produkt\/muumikulho-nipsu-2002-2008-uusi\/#breadcrumb"},"inLanguage":"sv-SE","potentialAction":[{"@type":"ReadAction","target":["https:\/\/muumimukitrahaksi.fi\/produkt\/muumikulho-nipsu-2002-2008-uusi\/"]}]},{"@type":"ImageObject","inLanguage":"sv-SE","@id":"https:\/\/muumimukitrahaksi.fi\/produkt\/muumikulho-nipsu-2002-2008-uusi\/#primaryimage","url":"https:\/\/muumimukitrahaksi.fi\/wp-content\/uploads\/2022\/03\/DSC02157.jpg","contentUrl":"https:\/\/muumimukitrahaksi.fi\/wp-content\/uploads\/2022\/03\/DSC02157.jpg","width":1000,"height":1000,"caption":"Muminsk\u00e5l Sniff, brun"},{"@type":"BreadcrumbList","@id":"https:\/\/muumimukitrahaksi.fi\/produkt\/muumikulho-nipsu-2002-2008-uusi\/#breadcrumb","itemListElement":[{"@type":"ListItem","position":1,"name":"Etusivu","item":"https:\/\/muumimukitrahaksi.fi\/sv\/"},{"@type":"ListItem","position":2,"name":"Butik","item":"https:\/\/muumimukitrahaksi.fi\/sv\/butik\/"},{"@type":"ListItem","position":3,"name":"Muminsk\u00e5l Sniff, brun (2002-2008) *NY*"}]},{"@type":"WebSite","@id":"https:\/\/muumimukitrahaksi.fi\/#website","url":"https:\/\/muumimukitrahaksi.fi\/","name":"Muumimukit Rahaksi","description":"Muumimukeja, -kulhoja ja -lautasia ker\u00e4ilij\u00f6ille!","publisher":{"@id":"https:\/\/muumimukitrahaksi.fi\/#organization"},"potentialAction":[{"@type":"SearchAction","target":{"@type":"EntryPoint","urlTemplate":"https:\/\/muumimukitrahaksi.fi\/?s={search_term_string}"},"query-input":{"@type":"PropertyValueSpecification","valueRequired":true,"valueName":"search_term_string"}}],"inLanguage":"sv-SE"},{"@type":"Organization","@id":"https:\/\/muumimukitrahaksi.fi\/#organization","name":"Muumimukit Rahaksi","url":"https:\/\/muumimukitrahaksi.fi\/","logo":{"@type":"ImageObject","inLanguage":"sv-SE","@id":"https:\/\/muumimukitrahaksi.fi\/#\/schema\/logo\/image\/","url":"https:\/\/muumimukitrahaksi.fi\/wp-content\/uploads\/2017\/09\/logooo.jpg","contentUrl":"https:\/\/muumimukitrahaksi.fi\/wp-content\/uploads\/2017\/09\/logooo.jpg","width":514,"height":514,"caption":"Muumimukit Rahaksi"},"image":{"@id":"https:\/\/muumimukitrahaksi.fi\/#\/schema\/logo\/image\/"},"sameAs":["https:\/\/www.facebook.com\/muumimukitrahaksi\/","https:\/\/x.com\/MuumitRahaksi","https:\/\/www.instagram.com\/muumimukitrahaksi\/"]}]}},"_links":{"self":[{"href":"https:\/\/muumimukitrahaksi.fi\/sv\/wp-json\/wp\/v2\/product\/105485","targetHints":{"allow":["GET"]}}],"collection":[{"href":"https:\/\/muumimukitrahaksi.fi\/sv\/wp-json\/wp\/v2\/product"}],"about":[{"href":"https:\/\/muumimukitrahaksi.fi\/sv\/wp-json\/wp\/v2\/types\/product"}],"wp:featuredmedia":[{"embeddable":true,"href":"https:\/\/muumimukitrahaksi.fi\/sv\/wp-json\/wp\/v2\/media\/105486"}],"wp:attachment":[{"href":"https:\/\/muumimukitrahaksi.fi\/sv\/wp-json\/wp\/v2\/media?parent=105485"}],"wp:term":[{"taxonomy":"product_brand","embeddable":true,"href":"https:\/\/muumimukitrahaksi.fi\/sv\/wp-json\/wp\/v2\/product_brand?post=105485"},{"taxonomy":"product_cat","embeddable":true,"href":"https:\/\/muumimukitrahaksi.fi\/sv\/wp-json\/wp\/v2\/product_cat?post=105485"},{"taxonomy":"product_tag","embeddable":true,"href":"https:\/\/muumimukitrahaksi.fi\/sv\/wp-json\/wp\/v2\/product_tag?post=105485"}],"curies":[{"name":"wp","href":"https:\/\/api.w.org\/{rel}","templated":true}]}}