{"id":105493,"date":"2020-09-28T20:37:15","date_gmt":"2020-09-28T17:37:15","guid":{"rendered":"https:\/\/muumimukitrahaksi.fi\/tuote\/muminskal-ninni-2019-etikett\/"},"modified":"2024-03-15T10:21:50","modified_gmt":"2024-03-15T08:21:50","slug":"muminskal-ninni-2019-etikett","status":"publish","type":"product","link":"https:\/\/muumimukitrahaksi.fi\/sv\/produkt\/muminskal-ninni-2019-etikett\/","title":{"rendered":"Muminsk\u00e5l Ninni (2019-) *ETIKETT*"},"content":{"rendered":"<p style=\"text-align: center;\"><strong>\u2022 Officiell Moomin Characters\u00a0 licensinnehavare \u2022 Delbetalning\/faktura \u2022 Kvalitetsgranskade produkter<\/strong><\/p>\n<p>Muminsk\u00e5len Ninni sl\u00e4pptes \u00e5r 2019. Ninni var s\u00e4kerligen en av de mest efterl\u00e4ngtade karakt\u00e4rerna till muminsk\u00e5larna p\u00e5 grund av sin l\u00e4tt igenk\u00e4nnliga historia. Illustrationen p\u00e5 sk\u00e5len \u00e4r h\u00e4mtad fr\u00e5n novellen Ber\u00e4ttelsen om det osynliga barnet (1962), som \u00e4r en del av novellsamlingen Det osynliga barnet och andra ber\u00e4ttelser. F\u00f6r varje s\u00e5ld mugg i samma serie donerades en euro till organisationen R\u00e4dda Barnen.<\/p>\n<p><a href=\"https:\/\/www.youtube.com\/watch?v=PUAmYnwBoxM\">Kolla videon p\u00e5 Ninni -muminmuggen, som \u00e4r ur samma serie som sk\u00e5len, p\u00e5 v\u00e5r Youtubekanal.<\/a><\/p>\n<p>Kolla in andra Ninni-produkter <a href=\"https:\/\/muumimukitrahaksi.fi\/sv\/produkt-nyckelord\/ninni-sv\/\">h\u00e4r.<\/a><\/p>\n<p>Har du en Ninni -muminsk\u00e5l och vill s\u00e4lja den? Vi k\u00f6per ocks\u00e5 muminsk\u00e5lar. Klicka <a href=\"https:\/\/muumimukitrahaksi.fi\/en\/sell-moomin\/\">h\u00e4r<\/a>, fyll i formul\u00e4ret och f\u00e5 en offert samma dag.<\/p>\n","protected":false},"excerpt":{"rendered":"<p style=\"text-align: center;\"><strong>\u2022 H\u00f6gklassiga varor \u2022 Snabb leverans<\/strong><\/p>\n<p>Arabias muminsk\u00e5l Ninni. Sk\u00e5len \u00e4r ny och har etiketten kvar. Etiketten finns p\u00e5 botten av sk\u00e5len. Sk\u00e5larna packas med omsorg och f\u00f6rnybara material.<\/p>\n<p style=\"text-align: center;\"><strong>\u2022 S\u00e4kra betalningss\u00e4tt<\/strong><\/p>\n<p><img loading=\"lazy\" decoding=\"async\" class=\"aligncenter wp-image-20415 size-full\" src=\"https:\/\/muumimukitrahaksi.fi\/wp-content\/uploads\/2020\/06\/maksutavat-2026-pieni-eng.png\" alt=\"Payment options\" width=\"350\" height=\"200\" \/><\/p>\n","protected":false},"featured_media":105494,"template":"","meta":[],"product_brand":[],"product_cat":[519,525,523],"product_tag":[626,593,607],"class_list":{"0":"post-105493","1":"product","2":"type-product","3":"status-publish","4":"has-post-thumbnail","6":"product_cat-skalar","7":"product_cat-skalar-i-produktion","8":"product_cat-skalar-med-etikett","9":"product_tag-med-etikett","10":"product_tag-muminskal","11":"product_tag-ninni-sv","13":"first","14":"instock","15":"featured","16":"taxable","17":"shipping-taxable","18":"purchasable","19":"product-type-simple"},"yoast_head":"<!-- This site is optimized with the Yoast SEO plugin v27.1.1 - https:\/\/yoast.com\/product\/yoast-seo-wordpress\/ -->\n<title>Muminsk\u00e5l Ninni (2019-) *ETIKETT* - Muumimukit Rahaksi<\/title>\n<meta name=\"description\" content=\"Arabias muminsk\u00e5l Ninni. Sk\u00e5len \u00e4r ny och har etiketten kvar. Sk\u00e5larna packas med omsorg och f\u00f6rnybara material.\" \/>\n<meta name=\"robots\" content=\"index, follow, max-snippet:-1, max-image-preview:large, max-video-preview:-1\" \/>\n<link rel=\"canonical\" href=\"https:\/\/muumimukitrahaksi.fi\/produkt\/muumikulho-ninni-puuteri-2019-tarra\/\" \/>\n<meta property=\"og:locale\" content=\"sv_SE\" \/>\n<meta property=\"og:type\" content=\"article\" \/>\n<meta property=\"og:title\" content=\"Muminsk\u00e5l Ninni (2019-) *ETIKETT* - Muumimukit Rahaksi\" \/>\n<meta property=\"og:description\" content=\"Arabias muminsk\u00e5l Ninni. Sk\u00e5len \u00e4r ny och har etiketten kvar. Sk\u00e5larna packas med omsorg och f\u00f6rnybara material.\" \/>\n<meta property=\"og:url\" content=\"https:\/\/muumimukitrahaksi.fi\/produkt\/muumikulho-ninni-puuteri-2019-tarra\/\" \/>\n<meta property=\"og:site_name\" content=\"Muumimukit Rahaksi\" \/>\n<meta property=\"article:publisher\" content=\"https:\/\/www.facebook.com\/muumimukitrahaksi\/\" \/>\n<meta property=\"article:modified_time\" content=\"2024-03-15T08:21:50+00:00\" \/>\n<meta property=\"og:image\" content=\"https:\/\/muumimukitrahaksi.fi\/wp-content\/uploads\/2021\/04\/DSC04779.jpg\" \/>\n\t<meta property=\"og:image:width\" content=\"1000\" \/>\n\t<meta property=\"og:image:height\" content=\"1000\" \/>\n\t<meta property=\"og:image:type\" content=\"image\/jpeg\" \/>\n<meta name=\"twitter:card\" content=\"summary_large_image\" \/>\n<meta name=\"twitter:site\" content=\"@MuumitRahaksi\" \/>\n<meta name=\"twitter:label1\" content=\"Ber\u00e4knad l\u00e4stid\" \/>\n\t<meta name=\"twitter:data1\" content=\"1 minut\" \/>\n<script type=\"application\/ld+json\" class=\"yoast-schema-graph\">{\"@context\":\"https:\/\/schema.org\",\"@graph\":[{\"@type\":\"WebPage\",\"@id\":\"https:\/\/muumimukitrahaksi.fi\/produkt\/muumikulho-ninni-puuteri-2019-tarra\/\",\"url\":\"https:\/\/muumimukitrahaksi.fi\/produkt\/muumikulho-ninni-puuteri-2019-tarra\/\",\"name\":\"Muminsk\u00e5l Ninni (2019-) *ETIKETT* - Muumimukit Rahaksi\",\"isPartOf\":{\"@id\":\"https:\/\/muumimukitrahaksi.fi\/#website\"},\"primaryImageOfPage\":{\"@id\":\"https:\/\/muumimukitrahaksi.fi\/produkt\/muumikulho-ninni-puuteri-2019-tarra\/#primaryimage\"},\"image\":{\"@id\":\"https:\/\/muumimukitrahaksi.fi\/produkt\/muumikulho-ninni-puuteri-2019-tarra\/#primaryimage\"},\"thumbnailUrl\":\"https:\/\/muumimukitrahaksi.fi\/wp-content\/uploads\/2021\/04\/DSC04779.jpg\",\"datePublished\":\"2020-09-28T17:37:15+00:00\",\"dateModified\":\"2024-03-15T08:21:50+00:00\",\"description\":\"Arabias muminsk\u00e5l Ninni. Sk\u00e5len \u00e4r ny och har etiketten kvar. Sk\u00e5larna packas med omsorg och f\u00f6rnybara material.\",\"breadcrumb\":{\"@id\":\"https:\/\/muumimukitrahaksi.fi\/produkt\/muumikulho-ninni-puuteri-2019-tarra\/#breadcrumb\"},\"inLanguage\":\"sv-SE\",\"potentialAction\":[{\"@type\":\"ReadAction\",\"target\":[\"https:\/\/muumimukitrahaksi.fi\/produkt\/muumikulho-ninni-puuteri-2019-tarra\/\"]}]},{\"@type\":\"ImageObject\",\"inLanguage\":\"sv-SE\",\"@id\":\"https:\/\/muumimukitrahaksi.fi\/produkt\/muumikulho-ninni-puuteri-2019-tarra\/#primaryimage\",\"url\":\"https:\/\/muumimukitrahaksi.fi\/wp-content\/uploads\/2021\/04\/DSC04779.jpg\",\"contentUrl\":\"https:\/\/muumimukitrahaksi.fi\/wp-content\/uploads\/2021\/04\/DSC04779.jpg\",\"width\":1000,\"height\":1000,\"caption\":\"Muminsk\u00e5l Ninni\"},{\"@type\":\"BreadcrumbList\",\"@id\":\"https:\/\/muumimukitrahaksi.fi\/produkt\/muumikulho-ninni-puuteri-2019-tarra\/#breadcrumb\",\"itemListElement\":[{\"@type\":\"ListItem\",\"position\":1,\"name\":\"Etusivu\",\"item\":\"https:\/\/muumimukitrahaksi.fi\/sv\/\"},{\"@type\":\"ListItem\",\"position\":2,\"name\":\"Butik\",\"item\":\"https:\/\/muumimukitrahaksi.fi\/sv\/butik\/\"},{\"@type\":\"ListItem\",\"position\":3,\"name\":\"Muminsk\u00e5l Ninni (2019-) *ETIKETT*\"}]},{\"@type\":\"WebSite\",\"@id\":\"https:\/\/muumimukitrahaksi.fi\/#website\",\"url\":\"https:\/\/muumimukitrahaksi.fi\/\",\"name\":\"Muumimukit Rahaksi\",\"description\":\"Muumimukeja, -kulhoja ja -lautasia ker\u00e4ilij\u00f6ille!\",\"publisher\":{\"@id\":\"https:\/\/muumimukitrahaksi.fi\/#organization\"},\"potentialAction\":[{\"@type\":\"SearchAction\",\"target\":{\"@type\":\"EntryPoint\",\"urlTemplate\":\"https:\/\/muumimukitrahaksi.fi\/?s={search_term_string}\"},\"query-input\":{\"@type\":\"PropertyValueSpecification\",\"valueRequired\":true,\"valueName\":\"search_term_string\"}}],\"inLanguage\":\"sv-SE\"},{\"@type\":\"Organization\",\"@id\":\"https:\/\/muumimukitrahaksi.fi\/#organization\",\"name\":\"Muumimukit Rahaksi\",\"url\":\"https:\/\/muumimukitrahaksi.fi\/\",\"logo\":{\"@type\":\"ImageObject\",\"inLanguage\":\"sv-SE\",\"@id\":\"https:\/\/muumimukitrahaksi.fi\/#\/schema\/logo\/image\/\",\"url\":\"https:\/\/muumimukitrahaksi.fi\/wp-content\/uploads\/2017\/09\/logooo.jpg\",\"contentUrl\":\"https:\/\/muumimukitrahaksi.fi\/wp-content\/uploads\/2017\/09\/logooo.jpg\",\"width\":514,\"height\":514,\"caption\":\"Muumimukit Rahaksi\"},\"image\":{\"@id\":\"https:\/\/muumimukitrahaksi.fi\/#\/schema\/logo\/image\/\"},\"sameAs\":[\"https:\/\/www.facebook.com\/muumimukitrahaksi\/\",\"https:\/\/x.com\/MuumitRahaksi\",\"https:\/\/www.instagram.com\/muumimukitrahaksi\/\"]}]}<\/script>\n<!-- \/ Yoast SEO plugin. -->","yoast_head_json":{"title":"Muminsk\u00e5l Ninni (2019-) *ETIKETT* - Muumimukit Rahaksi","description":"Arabias muminsk\u00e5l Ninni. Sk\u00e5len \u00e4r ny och har etiketten kvar. Sk\u00e5larna packas med omsorg och f\u00f6rnybara material.","robots":{"index":"index","follow":"follow","max-snippet":"max-snippet:-1","max-image-preview":"max-image-preview:large","max-video-preview":"max-video-preview:-1"},"canonical":"https:\/\/muumimukitrahaksi.fi\/produkt\/muumikulho-ninni-puuteri-2019-tarra\/","og_locale":"sv_SE","og_type":"article","og_title":"Muminsk\u00e5l Ninni (2019-) *ETIKETT* - Muumimukit Rahaksi","og_description":"Arabias muminsk\u00e5l Ninni. Sk\u00e5len \u00e4r ny och har etiketten kvar. Sk\u00e5larna packas med omsorg och f\u00f6rnybara material.","og_url":"https:\/\/muumimukitrahaksi.fi\/produkt\/muumikulho-ninni-puuteri-2019-tarra\/","og_site_name":"Muumimukit Rahaksi","article_publisher":"https:\/\/www.facebook.com\/muumimukitrahaksi\/","article_modified_time":"2024-03-15T08:21:50+00:00","og_image":[{"width":1000,"height":1000,"url":"https:\/\/muumimukitrahaksi.fi\/wp-content\/uploads\/2021\/04\/DSC04779.jpg","type":"image\/jpeg"}],"twitter_card":"summary_large_image","twitter_site":"@MuumitRahaksi","twitter_misc":{"Ber\u00e4knad l\u00e4stid":"1 minut"},"schema":{"@context":"https:\/\/schema.org","@graph":[{"@type":"WebPage","@id":"https:\/\/muumimukitrahaksi.fi\/produkt\/muumikulho-ninni-puuteri-2019-tarra\/","url":"https:\/\/muumimukitrahaksi.fi\/produkt\/muumikulho-ninni-puuteri-2019-tarra\/","name":"Muminsk\u00e5l Ninni (2019-) *ETIKETT* - Muumimukit Rahaksi","isPartOf":{"@id":"https:\/\/muumimukitrahaksi.fi\/#website"},"primaryImageOfPage":{"@id":"https:\/\/muumimukitrahaksi.fi\/produkt\/muumikulho-ninni-puuteri-2019-tarra\/#primaryimage"},"image":{"@id":"https:\/\/muumimukitrahaksi.fi\/produkt\/muumikulho-ninni-puuteri-2019-tarra\/#primaryimage"},"thumbnailUrl":"https:\/\/muumimukitrahaksi.fi\/wp-content\/uploads\/2021\/04\/DSC04779.jpg","datePublished":"2020-09-28T17:37:15+00:00","dateModified":"2024-03-15T08:21:50+00:00","description":"Arabias muminsk\u00e5l Ninni. Sk\u00e5len \u00e4r ny och har etiketten kvar. Sk\u00e5larna packas med omsorg och f\u00f6rnybara material.","breadcrumb":{"@id":"https:\/\/muumimukitrahaksi.fi\/produkt\/muumikulho-ninni-puuteri-2019-tarra\/#breadcrumb"},"inLanguage":"sv-SE","potentialAction":[{"@type":"ReadAction","target":["https:\/\/muumimukitrahaksi.fi\/produkt\/muumikulho-ninni-puuteri-2019-tarra\/"]}]},{"@type":"ImageObject","inLanguage":"sv-SE","@id":"https:\/\/muumimukitrahaksi.fi\/produkt\/muumikulho-ninni-puuteri-2019-tarra\/#primaryimage","url":"https:\/\/muumimukitrahaksi.fi\/wp-content\/uploads\/2021\/04\/DSC04779.jpg","contentUrl":"https:\/\/muumimukitrahaksi.fi\/wp-content\/uploads\/2021\/04\/DSC04779.jpg","width":1000,"height":1000,"caption":"Muminsk\u00e5l Ninni"},{"@type":"BreadcrumbList","@id":"https:\/\/muumimukitrahaksi.fi\/produkt\/muumikulho-ninni-puuteri-2019-tarra\/#breadcrumb","itemListElement":[{"@type":"ListItem","position":1,"name":"Etusivu","item":"https:\/\/muumimukitrahaksi.fi\/sv\/"},{"@type":"ListItem","position":2,"name":"Butik","item":"https:\/\/muumimukitrahaksi.fi\/sv\/butik\/"},{"@type":"ListItem","position":3,"name":"Muminsk\u00e5l Ninni (2019-) *ETIKETT*"}]},{"@type":"WebSite","@id":"https:\/\/muumimukitrahaksi.fi\/#website","url":"https:\/\/muumimukitrahaksi.fi\/","name":"Muumimukit Rahaksi","description":"Muumimukeja, -kulhoja ja -lautasia ker\u00e4ilij\u00f6ille!","publisher":{"@id":"https:\/\/muumimukitrahaksi.fi\/#organization"},"potentialAction":[{"@type":"SearchAction","target":{"@type":"EntryPoint","urlTemplate":"https:\/\/muumimukitrahaksi.fi\/?s={search_term_string}"},"query-input":{"@type":"PropertyValueSpecification","valueRequired":true,"valueName":"search_term_string"}}],"inLanguage":"sv-SE"},{"@type":"Organization","@id":"https:\/\/muumimukitrahaksi.fi\/#organization","name":"Muumimukit Rahaksi","url":"https:\/\/muumimukitrahaksi.fi\/","logo":{"@type":"ImageObject","inLanguage":"sv-SE","@id":"https:\/\/muumimukitrahaksi.fi\/#\/schema\/logo\/image\/","url":"https:\/\/muumimukitrahaksi.fi\/wp-content\/uploads\/2017\/09\/logooo.jpg","contentUrl":"https:\/\/muumimukitrahaksi.fi\/wp-content\/uploads\/2017\/09\/logooo.jpg","width":514,"height":514,"caption":"Muumimukit Rahaksi"},"image":{"@id":"https:\/\/muumimukitrahaksi.fi\/#\/schema\/logo\/image\/"},"sameAs":["https:\/\/www.facebook.com\/muumimukitrahaksi\/","https:\/\/x.com\/MuumitRahaksi","https:\/\/www.instagram.com\/muumimukitrahaksi\/"]}]}},"_links":{"self":[{"href":"https:\/\/muumimukitrahaksi.fi\/sv\/wp-json\/wp\/v2\/product\/105493","targetHints":{"allow":["GET"]}}],"collection":[{"href":"https:\/\/muumimukitrahaksi.fi\/sv\/wp-json\/wp\/v2\/product"}],"about":[{"href":"https:\/\/muumimukitrahaksi.fi\/sv\/wp-json\/wp\/v2\/types\/product"}],"wp:featuredmedia":[{"embeddable":true,"href":"https:\/\/muumimukitrahaksi.fi\/sv\/wp-json\/wp\/v2\/media\/105494"}],"wp:attachment":[{"href":"https:\/\/muumimukitrahaksi.fi\/sv\/wp-json\/wp\/v2\/media?parent=105493"}],"wp:term":[{"taxonomy":"product_brand","embeddable":true,"href":"https:\/\/muumimukitrahaksi.fi\/sv\/wp-json\/wp\/v2\/product_brand?post=105493"},{"taxonomy":"product_cat","embeddable":true,"href":"https:\/\/muumimukitrahaksi.fi\/sv\/wp-json\/wp\/v2\/product_cat?post=105493"},{"taxonomy":"product_tag","embeddable":true,"href":"https:\/\/muumimukitrahaksi.fi\/sv\/wp-json\/wp\/v2\/product_tag?post=105493"}],"curies":[{"name":"wp","href":"https:\/\/api.w.org\/{rel}","templated":true}]}}