{"id":105537,"date":"2022-11-21T15:04:03","date_gmt":"2022-11-21T13:04:03","guid":{"rendered":"https:\/\/muumimukitrahaksi.fi\/tuote\/muminskal-muurla-mumintrollet-2014\/"},"modified":"2022-11-21T15:04:03","modified_gmt":"2022-11-21T13:04:03","slug":"muminskal-muurla-mumintrollet-2014","status":"publish","type":"product","link":"https:\/\/muumimukitrahaksi.fi\/sv\/produkt\/muminskal-muurla-mumintrollet-2014\/","title":{"rendered":"Muminsk\u00e5l Muurla Mumintrollet (2014-)"},"content":{"rendered":"<p style=\"text-align: center;\"><strong>\u2022 Officiell Moomin Characters\u00a0 licensinnehavare \u2022 Delbetalning\/faktura \u2022 Kvalitetsgranskade produkter<\/strong><\/p>\n<p>Muminsk\u00e5len Muurla Mumintrollet h\u00f6r till Muurlas serie &#8221;Retro&#8221;. Till Mumintrollet Retro-serien h\u00f6r \u00e4ven en mugg.<\/p>\n<p>Ytan p\u00e5 Muurlas muminsk\u00e5lar, tillverkade av kolst\u00e5l, har en dubbel emaljbel\u00e4ggning. F\u00f6rutom vid matbordet passar dessa sk\u00e5lar ocks\u00e5 utm\u00e4rkt f\u00f6r utomhusbruk. Sk\u00e5larna \u00e4r utm\u00e4rkta f\u00f6r vandring p\u00e5 grund av att de \u00e4r l\u00e4tta och h\u00e5llbara. Muurlas muminsk\u00e5lar \u00e4r handgjorda vilket betyder, att deras utseende kan variera n\u00e5got fr\u00e5n individ till individ.<\/p>\n<p>Muurlas muminsk\u00e5lar kan diskas i diskmaskin.<\/p>\n<p>Kolla in andra produkter fr\u00e5n Muurla <a href=\"https:\/\/muumimukitrahaksi.fi\/sv\/produkt-nyckelord\/muurla-sv\/\">h\u00e4r.<\/a><\/p>\n","protected":false},"excerpt":{"rendered":"<p style=\"text-align: center;\"><strong>H\u00f6gklassiga varor \u2022 Snabb leverans<\/strong><\/p>\n<p>Muurlas muminsk\u00e5l Mumintrollet. Sk\u00e5len \u00e4r i mycket bra skick. Sk\u00e5lens volym \u00e4r 0,6 liter. Sk\u00e5larna packas med omsorg och f\u00f6rnybara material.<\/p>\n<p style=\"text-align: center;\"><strong>\u2022 S\u00e4kra betalningss\u00e4tt<\/strong><\/p>\n<p><img loading=\"lazy\" decoding=\"async\" class=\"aligncenter wp-image-20415 size-full\" src=\"https:\/\/muumimukitrahaksi.fi\/wp-content\/uploads\/2020\/06\/maksutavat-2026-pieni-eng.png\" alt=\"Payment options\" width=\"350\" height=\"200\" \/><\/p>\n","protected":false},"featured_media":105538,"template":"","meta":[],"product_brand":[],"product_cat":[519,525,524],"product_tag":[593,599,602,627],"class_list":{"0":"post-105537","1":"product","2":"type-product","3":"status-publish","4":"has-post-thumbnail","6":"product_cat-skalar","7":"product_cat-skalar-i-produktion","8":"product_cat-skalar-utan-etikett","9":"product_tag-muminskal","10":"product_tag-mumintrollet","11":"product_tag-muurla-sv","12":"product_tag-utan-etikett","14":"first","15":"outofstock","16":"taxable","17":"shipping-taxable","18":"purchasable","19":"product-type-simple"},"yoast_head":"<!-- This site is optimized with the Yoast SEO plugin v27.1.1 - https:\/\/yoast.com\/product\/yoast-seo-wordpress\/ -->\n<title>Muminsk\u00e5l Muurla Mumintrollet (2014-) - Muumimukit Rahaksi<\/title>\n<meta name=\"description\" content=\"Muurlas muminsk\u00e5l Mumintrollet. Sk\u00e5len \u00e4r i mycket bra skick. Sk\u00e5lens volym \u00e4r 0,6 liter.\" \/>\n<meta name=\"robots\" content=\"index, follow, max-snippet:-1, max-image-preview:large, max-video-preview:-1\" \/>\n<link rel=\"canonical\" href=\"https:\/\/muumimukitrahaksi.fi\/sv\/produkt\/muminskal-muurla-mumintrollet-2014\/\" \/>\n<meta property=\"og:locale\" content=\"sv_SE\" \/>\n<meta property=\"og:type\" content=\"article\" \/>\n<meta property=\"og:title\" content=\"Muminsk\u00e5l Muurla Mumintrollet (2014-) - Muumimukit Rahaksi\" \/>\n<meta property=\"og:description\" content=\"Muurlas muminsk\u00e5l Mumintrollet. Sk\u00e5len \u00e4r i mycket bra skick. Sk\u00e5lens volym \u00e4r 0,6 liter.\" \/>\n<meta property=\"og:url\" content=\"https:\/\/muumimukitrahaksi.fi\/sv\/produkt\/muminskal-muurla-mumintrollet-2014\/\" \/>\n<meta property=\"og:site_name\" content=\"Muumimukit Rahaksi\" \/>\n<meta property=\"article:publisher\" content=\"https:\/\/www.facebook.com\/muumimukitrahaksi\/\" \/>\n<meta property=\"og:image\" content=\"https:\/\/muumimukitrahaksi.fi\/wp-content\/uploads\/2022\/11\/DSC05590.jpg\" \/>\n\t<meta property=\"og:image:width\" content=\"1000\" \/>\n\t<meta property=\"og:image:height\" content=\"1000\" \/>\n\t<meta property=\"og:image:type\" content=\"image\/jpeg\" \/>\n<meta name=\"twitter:card\" content=\"summary_large_image\" \/>\n<meta name=\"twitter:site\" content=\"@MuumitRahaksi\" \/>\n<meta name=\"twitter:label1\" content=\"Ber\u00e4knad l\u00e4stid\" \/>\n\t<meta name=\"twitter:data1\" content=\"1 minut\" \/>\n<script type=\"application\/ld+json\" class=\"yoast-schema-graph\">{\"@context\":\"https:\/\/schema.org\",\"@graph\":[{\"@type\":\"WebPage\",\"@id\":\"https:\/\/muumimukitrahaksi.fi\/sv\/produkt\/muminskal-muurla-mumintrollet-2014\/\",\"url\":\"https:\/\/muumimukitrahaksi.fi\/sv\/produkt\/muminskal-muurla-mumintrollet-2014\/\",\"name\":\"Muminsk\u00e5l Muurla Mumintrollet (2014-) - Muumimukit Rahaksi\",\"isPartOf\":{\"@id\":\"https:\/\/muumimukitrahaksi.fi\/#website\"},\"primaryImageOfPage\":{\"@id\":\"https:\/\/muumimukitrahaksi.fi\/sv\/produkt\/muminskal-muurla-mumintrollet-2014\/#primaryimage\"},\"image\":{\"@id\":\"https:\/\/muumimukitrahaksi.fi\/sv\/produkt\/muminskal-muurla-mumintrollet-2014\/#primaryimage\"},\"thumbnailUrl\":\"https:\/\/muumimukitrahaksi.fi\/wp-content\/uploads\/2022\/11\/DSC05590.jpg\",\"datePublished\":\"2022-11-21T13:04:03+00:00\",\"description\":\"Muurlas muminsk\u00e5l Mumintrollet. Sk\u00e5len \u00e4r i mycket bra skick. Sk\u00e5lens volym \u00e4r 0,6 liter.\",\"breadcrumb\":{\"@id\":\"https:\/\/muumimukitrahaksi.fi\/sv\/produkt\/muminskal-muurla-mumintrollet-2014\/#breadcrumb\"},\"inLanguage\":\"sv-SE\",\"potentialAction\":[{\"@type\":\"ReadAction\",\"target\":[\"https:\/\/muumimukitrahaksi.fi\/sv\/produkt\/muminskal-muurla-mumintrollet-2014\/\"]}]},{\"@type\":\"ImageObject\",\"inLanguage\":\"sv-SE\",\"@id\":\"https:\/\/muumimukitrahaksi.fi\/sv\/produkt\/muminskal-muurla-mumintrollet-2014\/#primaryimage\",\"url\":\"https:\/\/muumimukitrahaksi.fi\/wp-content\/uploads\/2022\/11\/DSC05590.jpg\",\"contentUrl\":\"https:\/\/muumimukitrahaksi.fi\/wp-content\/uploads\/2022\/11\/DSC05590.jpg\",\"width\":1000,\"height\":1000,\"caption\":\"Muminsk\u00e5l Muurla Mumintrollet\"},{\"@type\":\"BreadcrumbList\",\"@id\":\"https:\/\/muumimukitrahaksi.fi\/sv\/produkt\/muminskal-muurla-mumintrollet-2014\/#breadcrumb\",\"itemListElement\":[{\"@type\":\"ListItem\",\"position\":1,\"name\":\"Etusivu\",\"item\":\"https:\/\/muumimukitrahaksi.fi\/sv\/\"},{\"@type\":\"ListItem\",\"position\":2,\"name\":\"Butik\",\"item\":\"https:\/\/muumimukitrahaksi.fi\/sv\/butik\/\"},{\"@type\":\"ListItem\",\"position\":3,\"name\":\"Muminsk\u00e5l Muurla Mumintrollet (2014-)\"}]},{\"@type\":\"WebSite\",\"@id\":\"https:\/\/muumimukitrahaksi.fi\/#website\",\"url\":\"https:\/\/muumimukitrahaksi.fi\/\",\"name\":\"Muumimukit Rahaksi\",\"description\":\"Muumimukeja, -kulhoja ja -lautasia ker\u00e4ilij\u00f6ille!\",\"publisher\":{\"@id\":\"https:\/\/muumimukitrahaksi.fi\/#organization\"},\"potentialAction\":[{\"@type\":\"SearchAction\",\"target\":{\"@type\":\"EntryPoint\",\"urlTemplate\":\"https:\/\/muumimukitrahaksi.fi\/?s={search_term_string}\"},\"query-input\":{\"@type\":\"PropertyValueSpecification\",\"valueRequired\":true,\"valueName\":\"search_term_string\"}}],\"inLanguage\":\"sv-SE\"},{\"@type\":\"Organization\",\"@id\":\"https:\/\/muumimukitrahaksi.fi\/#organization\",\"name\":\"Muumimukit Rahaksi\",\"url\":\"https:\/\/muumimukitrahaksi.fi\/\",\"logo\":{\"@type\":\"ImageObject\",\"inLanguage\":\"sv-SE\",\"@id\":\"https:\/\/muumimukitrahaksi.fi\/#\/schema\/logo\/image\/\",\"url\":\"https:\/\/muumimukitrahaksi.fi\/wp-content\/uploads\/2017\/09\/logooo.jpg\",\"contentUrl\":\"https:\/\/muumimukitrahaksi.fi\/wp-content\/uploads\/2017\/09\/logooo.jpg\",\"width\":514,\"height\":514,\"caption\":\"Muumimukit Rahaksi\"},\"image\":{\"@id\":\"https:\/\/muumimukitrahaksi.fi\/#\/schema\/logo\/image\/\"},\"sameAs\":[\"https:\/\/www.facebook.com\/muumimukitrahaksi\/\",\"https:\/\/x.com\/MuumitRahaksi\",\"https:\/\/www.instagram.com\/muumimukitrahaksi\/\"]}]}<\/script>\n<!-- \/ Yoast SEO plugin. -->","yoast_head_json":{"title":"Muminsk\u00e5l Muurla Mumintrollet (2014-) - Muumimukit Rahaksi","description":"Muurlas muminsk\u00e5l Mumintrollet. Sk\u00e5len \u00e4r i mycket bra skick. Sk\u00e5lens volym \u00e4r 0,6 liter.","robots":{"index":"index","follow":"follow","max-snippet":"max-snippet:-1","max-image-preview":"max-image-preview:large","max-video-preview":"max-video-preview:-1"},"canonical":"https:\/\/muumimukitrahaksi.fi\/sv\/produkt\/muminskal-muurla-mumintrollet-2014\/","og_locale":"sv_SE","og_type":"article","og_title":"Muminsk\u00e5l Muurla Mumintrollet (2014-) - Muumimukit Rahaksi","og_description":"Muurlas muminsk\u00e5l Mumintrollet. Sk\u00e5len \u00e4r i mycket bra skick. Sk\u00e5lens volym \u00e4r 0,6 liter.","og_url":"https:\/\/muumimukitrahaksi.fi\/sv\/produkt\/muminskal-muurla-mumintrollet-2014\/","og_site_name":"Muumimukit Rahaksi","article_publisher":"https:\/\/www.facebook.com\/muumimukitrahaksi\/","og_image":[{"width":1000,"height":1000,"url":"https:\/\/muumimukitrahaksi.fi\/wp-content\/uploads\/2022\/11\/DSC05590.jpg","type":"image\/jpeg"}],"twitter_card":"summary_large_image","twitter_site":"@MuumitRahaksi","twitter_misc":{"Ber\u00e4knad l\u00e4stid":"1 minut"},"schema":{"@context":"https:\/\/schema.org","@graph":[{"@type":"WebPage","@id":"https:\/\/muumimukitrahaksi.fi\/sv\/produkt\/muminskal-muurla-mumintrollet-2014\/","url":"https:\/\/muumimukitrahaksi.fi\/sv\/produkt\/muminskal-muurla-mumintrollet-2014\/","name":"Muminsk\u00e5l Muurla Mumintrollet (2014-) - Muumimukit Rahaksi","isPartOf":{"@id":"https:\/\/muumimukitrahaksi.fi\/#website"},"primaryImageOfPage":{"@id":"https:\/\/muumimukitrahaksi.fi\/sv\/produkt\/muminskal-muurla-mumintrollet-2014\/#primaryimage"},"image":{"@id":"https:\/\/muumimukitrahaksi.fi\/sv\/produkt\/muminskal-muurla-mumintrollet-2014\/#primaryimage"},"thumbnailUrl":"https:\/\/muumimukitrahaksi.fi\/wp-content\/uploads\/2022\/11\/DSC05590.jpg","datePublished":"2022-11-21T13:04:03+00:00","description":"Muurlas muminsk\u00e5l Mumintrollet. Sk\u00e5len \u00e4r i mycket bra skick. Sk\u00e5lens volym \u00e4r 0,6 liter.","breadcrumb":{"@id":"https:\/\/muumimukitrahaksi.fi\/sv\/produkt\/muminskal-muurla-mumintrollet-2014\/#breadcrumb"},"inLanguage":"sv-SE","potentialAction":[{"@type":"ReadAction","target":["https:\/\/muumimukitrahaksi.fi\/sv\/produkt\/muminskal-muurla-mumintrollet-2014\/"]}]},{"@type":"ImageObject","inLanguage":"sv-SE","@id":"https:\/\/muumimukitrahaksi.fi\/sv\/produkt\/muminskal-muurla-mumintrollet-2014\/#primaryimage","url":"https:\/\/muumimukitrahaksi.fi\/wp-content\/uploads\/2022\/11\/DSC05590.jpg","contentUrl":"https:\/\/muumimukitrahaksi.fi\/wp-content\/uploads\/2022\/11\/DSC05590.jpg","width":1000,"height":1000,"caption":"Muminsk\u00e5l Muurla Mumintrollet"},{"@type":"BreadcrumbList","@id":"https:\/\/muumimukitrahaksi.fi\/sv\/produkt\/muminskal-muurla-mumintrollet-2014\/#breadcrumb","itemListElement":[{"@type":"ListItem","position":1,"name":"Etusivu","item":"https:\/\/muumimukitrahaksi.fi\/sv\/"},{"@type":"ListItem","position":2,"name":"Butik","item":"https:\/\/muumimukitrahaksi.fi\/sv\/butik\/"},{"@type":"ListItem","position":3,"name":"Muminsk\u00e5l Muurla Mumintrollet (2014-)"}]},{"@type":"WebSite","@id":"https:\/\/muumimukitrahaksi.fi\/#website","url":"https:\/\/muumimukitrahaksi.fi\/","name":"Muumimukit Rahaksi","description":"Muumimukeja, -kulhoja ja -lautasia ker\u00e4ilij\u00f6ille!","publisher":{"@id":"https:\/\/muumimukitrahaksi.fi\/#organization"},"potentialAction":[{"@type":"SearchAction","target":{"@type":"EntryPoint","urlTemplate":"https:\/\/muumimukitrahaksi.fi\/?s={search_term_string}"},"query-input":{"@type":"PropertyValueSpecification","valueRequired":true,"valueName":"search_term_string"}}],"inLanguage":"sv-SE"},{"@type":"Organization","@id":"https:\/\/muumimukitrahaksi.fi\/#organization","name":"Muumimukit Rahaksi","url":"https:\/\/muumimukitrahaksi.fi\/","logo":{"@type":"ImageObject","inLanguage":"sv-SE","@id":"https:\/\/muumimukitrahaksi.fi\/#\/schema\/logo\/image\/","url":"https:\/\/muumimukitrahaksi.fi\/wp-content\/uploads\/2017\/09\/logooo.jpg","contentUrl":"https:\/\/muumimukitrahaksi.fi\/wp-content\/uploads\/2017\/09\/logooo.jpg","width":514,"height":514,"caption":"Muumimukit Rahaksi"},"image":{"@id":"https:\/\/muumimukitrahaksi.fi\/#\/schema\/logo\/image\/"},"sameAs":["https:\/\/www.facebook.com\/muumimukitrahaksi\/","https:\/\/x.com\/MuumitRahaksi","https:\/\/www.instagram.com\/muumimukitrahaksi\/"]}]}},"_links":{"self":[{"href":"https:\/\/muumimukitrahaksi.fi\/sv\/wp-json\/wp\/v2\/product\/105537","targetHints":{"allow":["GET"]}}],"collection":[{"href":"https:\/\/muumimukitrahaksi.fi\/sv\/wp-json\/wp\/v2\/product"}],"about":[{"href":"https:\/\/muumimukitrahaksi.fi\/sv\/wp-json\/wp\/v2\/types\/product"}],"wp:featuredmedia":[{"embeddable":true,"href":"https:\/\/muumimukitrahaksi.fi\/sv\/wp-json\/wp\/v2\/media\/105538"}],"wp:attachment":[{"href":"https:\/\/muumimukitrahaksi.fi\/sv\/wp-json\/wp\/v2\/media?parent=105537"}],"wp:term":[{"taxonomy":"product_brand","embeddable":true,"href":"https:\/\/muumimukitrahaksi.fi\/sv\/wp-json\/wp\/v2\/product_brand?post=105537"},{"taxonomy":"product_cat","embeddable":true,"href":"https:\/\/muumimukitrahaksi.fi\/sv\/wp-json\/wp\/v2\/product_cat?post=105537"},{"taxonomy":"product_tag","embeddable":true,"href":"https:\/\/muumimukitrahaksi.fi\/sv\/wp-json\/wp\/v2\/product_tag?post=105537"}],"curies":[{"name":"wp","href":"https:\/\/api.w.org\/{rel}","templated":true}]}}