{"id":105699,"date":"2016-09-14T22:01:00","date_gmt":"2016-09-14T19:01:00","guid":{"rendered":"https:\/\/muumimukitrahaksi.fi\/tuote\/mumin-serveringsskal-pa-aventyr-25l-2009-2013-etikett\/"},"modified":"2024-03-16T12:45:32","modified_gmt":"2024-03-16T10:45:32","slug":"mumin-serveringsskal-pa-aventyr-25l-2009-2013-etikett","status":"publish","type":"product","link":"https:\/\/muumimukitrahaksi.fi\/sv\/produkt\/mumin-serveringsskal-pa-aventyr-25l-2009-2013-etikett\/","title":{"rendered":"Mumin serveringssk\u00e5l P\u00e5 \u00e4ventyr 2,5l (2009-2013) *ETIKETT*"},"content":{"rendered":"<p style=\"text-align: center;\"><strong>\u2022 Officiell Moomin Characters\u00a0 licensinnehavare \u2022 Delbetalning\/faktura \u2022 Kvalitetsgranskade produkter<\/strong><\/p>\n<p>Mumin serveringssk\u00e5len P\u00e5 \u00e4ventyr kom ut \u00e5r 2009 som en del av den stora P\u00e5 \u00e4ventyr-produktserien. Den svartvita illustrationen i serveringssk\u00e5lens bakgrund \u00e4r h\u00e4mtad fr\u00e5n Tove Janssons roman Trollkarlens hatt. P\u00e5 \u00e4ventyr-produktserien \u00e4r popul\u00e4r bland samlare, men \u00e4ven i vanliga hush\u00e5ll. P\u00e5 grund av den svartvita designen passar serien in i m\u00e5nga k\u00f6ksinredningar. Tidigare ingick i P\u00e5 \u00e4ventyr -serien f\u00f6rutom en serveringssk\u00e5l \u00e4ven en sk\u00e5l, en tallrik, en kanna, tv\u00e5 olika storlekar av burkar, en mugg, en bricka, barnbestick, tv\u00e5 l\u00e5nga skedar samt en v\u00e4ggklocka.<\/p>\n<p><a href=\"https:\/\/www.youtube.com\/watch?v=6soOWMgtGdQ\">Kolla videon p\u00e5 P\u00e5 \u00e4ventyr -muminmuggen, som \u00e4r ur samma serie som serveringssk\u00e5len, p\u00e5 v\u00e5r Youtubekanal.<\/a><\/p>\n<p>Kolla in andra P\u00e5 \u00e4ventyr -produkter <a href=\"https:\/\/muumimukitrahaksi.fi\/sv\/produkt-nyckelord\/aventyr\/\">h\u00e4r.\u00a0<\/a><\/p>\n<p>Har du en P\u00e5 \u00e4ventyr -serveringssk\u00e5l och vill s\u00e4lja den? Vi k\u00f6per ocks\u00e5 serveringssk\u00e5lar. Klicka <a href=\"https:\/\/muumimukitrahaksi.fi\/en\/sell-moomin\/\">h\u00e4r<\/a>, fyll i formul\u00e4ret och f\u00e5 en offert samma dag.<\/p>\n","protected":false},"excerpt":{"rendered":"<p style=\"text-align: center;\"><strong>\u2022 H\u00f6gklassiga varor \u2022 Snabb leverans<\/strong><\/p>\n<p>Arabias serveringssk\u00e5l P\u00e5 \u00e4ventyr (ur produktion). Serveringssk\u00e5lens volym \u00e4r 2,5 liter. Serveringssk\u00e5len \u00e4r ny och har etiketten kvar. Etiketten finns p\u00e5 botten av serveringssk\u00e5len. Serveringssk\u00e5len packas med omsorg och f\u00f6rnybara material.<\/p>\n<p style=\"text-align: center;\"><strong>\u2022 S\u00e4kra betalningss\u00e4tt<\/strong><\/p>\n<p><img loading=\"lazy\" decoding=\"async\" class=\"aligncenter wp-image-20415 size-full\" src=\"https:\/\/muumimukitrahaksi.fi\/wp-content\/uploads\/2020\/06\/maksutavat-2026-pieni-eng.png\" alt=\"Payment options\" width=\"350\" height=\"200\" \/><\/p>\n","protected":false},"featured_media":105700,"template":"","meta":[],"product_brand":[],"product_cat":[519,548,561,522,523,526],"product_tag":[618,626,593],"class_list":{"0":"post-105699","1":"product","2":"type-product","3":"status-publish","4":"has-post-thumbnail","6":"product_cat-skalar","7":"product_cat-ovriga-produkter","8":"product_cat-serveringsfat","9":"product_cat-serveringsskal","10":"product_cat-skalar-med-etikett","11":"product_cat-skalar-ur-produktion","12":"product_tag-aventyr","13":"product_tag-med-etikett","14":"product_tag-muminskal","15":"product_shipping_class-iso-tuote-sv","17":"first","18":"outofstock","19":"taxable","20":"shipping-taxable","21":"purchasable","22":"product-type-simple"},"yoast_head":"<!-- This site is optimized with the Yoast SEO plugin v27.1.1 - https:\/\/yoast.com\/product\/yoast-seo-wordpress\/ -->\n<title>Mumin serveringssk\u00e5l P\u00e5 \u00e4ventyr 2,5l (2009-2013) *ETIKETT* - Muumimukit Rahaksi<\/title>\n<meta name=\"description\" content=\"Arabias serveringssk\u00e5l P\u00e5 \u00e4ventyr (ur produktion). Serveringssk\u00e5lens volym \u00e4r 2,5 liter. Serveringssk\u00e5len \u00e4r ny och har etiketten kvar.\" \/>\n<meta name=\"robots\" content=\"index, follow, max-snippet:-1, max-image-preview:large, max-video-preview:-1\" \/>\n<link rel=\"canonical\" href=\"https:\/\/muumimukitrahaksi.fi\/produkt\/muumi-tarjoilukulho-seikkailu-2-5l-2009-2013-tarra\/\" \/>\n<meta property=\"og:locale\" content=\"sv_SE\" \/>\n<meta property=\"og:type\" content=\"article\" \/>\n<meta property=\"og:title\" content=\"Mumin serveringssk\u00e5l P\u00e5 \u00e4ventyr 2,5l (2009-2013) *ETIKETT* - Muumimukit Rahaksi\" \/>\n<meta property=\"og:description\" content=\"Arabias serveringssk\u00e5l P\u00e5 \u00e4ventyr (ur produktion). Serveringssk\u00e5lens volym \u00e4r 2,5 liter. Serveringssk\u00e5len \u00e4r ny och har etiketten kvar.\" \/>\n<meta property=\"og:url\" content=\"https:\/\/muumimukitrahaksi.fi\/produkt\/muumi-tarjoilukulho-seikkailu-2-5l-2009-2013-tarra\/\" \/>\n<meta property=\"og:site_name\" content=\"Muumimukit Rahaksi\" \/>\n<meta property=\"article:publisher\" content=\"https:\/\/www.facebook.com\/muumimukitrahaksi\/\" \/>\n<meta property=\"article:modified_time\" content=\"2024-03-16T10:45:32+00:00\" \/>\n<meta property=\"og:image\" content=\"https:\/\/muumimukitrahaksi.fi\/wp-content\/uploads\/2021\/02\/DSC03873.jpg\" \/>\n\t<meta property=\"og:image:width\" content=\"1000\" \/>\n\t<meta property=\"og:image:height\" content=\"1000\" \/>\n\t<meta property=\"og:image:type\" content=\"image\/jpeg\" \/>\n<meta name=\"twitter:card\" content=\"summary_large_image\" \/>\n<meta name=\"twitter:site\" content=\"@MuumitRahaksi\" \/>\n<meta name=\"twitter:label1\" content=\"Ber\u00e4knad l\u00e4stid\" \/>\n\t<meta name=\"twitter:data1\" content=\"1 minut\" \/>\n<script type=\"application\/ld+json\" class=\"yoast-schema-graph\">{\"@context\":\"https:\/\/schema.org\",\"@graph\":[{\"@type\":\"WebPage\",\"@id\":\"https:\/\/muumimukitrahaksi.fi\/produkt\/muumi-tarjoilukulho-seikkailu-2-5l-2009-2013-tarra\/\",\"url\":\"https:\/\/muumimukitrahaksi.fi\/produkt\/muumi-tarjoilukulho-seikkailu-2-5l-2009-2013-tarra\/\",\"name\":\"Mumin serveringssk\u00e5l P\u00e5 \u00e4ventyr 2,5l (2009-2013) *ETIKETT* - Muumimukit Rahaksi\",\"isPartOf\":{\"@id\":\"https:\/\/muumimukitrahaksi.fi\/#website\"},\"primaryImageOfPage\":{\"@id\":\"https:\/\/muumimukitrahaksi.fi\/produkt\/muumi-tarjoilukulho-seikkailu-2-5l-2009-2013-tarra\/#primaryimage\"},\"image\":{\"@id\":\"https:\/\/muumimukitrahaksi.fi\/produkt\/muumi-tarjoilukulho-seikkailu-2-5l-2009-2013-tarra\/#primaryimage\"},\"thumbnailUrl\":\"https:\/\/muumimukitrahaksi.fi\/wp-content\/uploads\/2021\/02\/DSC03873.jpg\",\"datePublished\":\"2016-09-14T19:01:00+00:00\",\"dateModified\":\"2024-03-16T10:45:32+00:00\",\"description\":\"Arabias serveringssk\u00e5l P\u00e5 \u00e4ventyr (ur produktion). Serveringssk\u00e5lens volym \u00e4r 2,5 liter. Serveringssk\u00e5len \u00e4r ny och har etiketten kvar.\",\"breadcrumb\":{\"@id\":\"https:\/\/muumimukitrahaksi.fi\/produkt\/muumi-tarjoilukulho-seikkailu-2-5l-2009-2013-tarra\/#breadcrumb\"},\"inLanguage\":\"sv-SE\",\"potentialAction\":[{\"@type\":\"ReadAction\",\"target\":[\"https:\/\/muumimukitrahaksi.fi\/produkt\/muumi-tarjoilukulho-seikkailu-2-5l-2009-2013-tarra\/\"]}]},{\"@type\":\"ImageObject\",\"inLanguage\":\"sv-SE\",\"@id\":\"https:\/\/muumimukitrahaksi.fi\/produkt\/muumi-tarjoilukulho-seikkailu-2-5l-2009-2013-tarra\/#primaryimage\",\"url\":\"https:\/\/muumimukitrahaksi.fi\/wp-content\/uploads\/2021\/02\/DSC03873.jpg\",\"contentUrl\":\"https:\/\/muumimukitrahaksi.fi\/wp-content\/uploads\/2021\/02\/DSC03873.jpg\",\"width\":1000,\"height\":1000,\"caption\":\"Mumin serveringssk\u00e5l P\u00e5 \u00e4ventyr 2,5l\"},{\"@type\":\"BreadcrumbList\",\"@id\":\"https:\/\/muumimukitrahaksi.fi\/produkt\/muumi-tarjoilukulho-seikkailu-2-5l-2009-2013-tarra\/#breadcrumb\",\"itemListElement\":[{\"@type\":\"ListItem\",\"position\":1,\"name\":\"Etusivu\",\"item\":\"https:\/\/muumimukitrahaksi.fi\/sv\/\"},{\"@type\":\"ListItem\",\"position\":2,\"name\":\"Butik\",\"item\":\"https:\/\/muumimukitrahaksi.fi\/sv\/butik\/\"},{\"@type\":\"ListItem\",\"position\":3,\"name\":\"Mumin serveringssk\u00e5l P\u00e5 \u00e4ventyr 2,5l (2009-2013) *ETIKETT*\"}]},{\"@type\":\"WebSite\",\"@id\":\"https:\/\/muumimukitrahaksi.fi\/#website\",\"url\":\"https:\/\/muumimukitrahaksi.fi\/\",\"name\":\"Muumimukit Rahaksi\",\"description\":\"Muumimukeja, -kulhoja ja -lautasia ker\u00e4ilij\u00f6ille!\",\"publisher\":{\"@id\":\"https:\/\/muumimukitrahaksi.fi\/#organization\"},\"potentialAction\":[{\"@type\":\"SearchAction\",\"target\":{\"@type\":\"EntryPoint\",\"urlTemplate\":\"https:\/\/muumimukitrahaksi.fi\/?s={search_term_string}\"},\"query-input\":{\"@type\":\"PropertyValueSpecification\",\"valueRequired\":true,\"valueName\":\"search_term_string\"}}],\"inLanguage\":\"sv-SE\"},{\"@type\":\"Organization\",\"@id\":\"https:\/\/muumimukitrahaksi.fi\/#organization\",\"name\":\"Muumimukit Rahaksi\",\"url\":\"https:\/\/muumimukitrahaksi.fi\/\",\"logo\":{\"@type\":\"ImageObject\",\"inLanguage\":\"sv-SE\",\"@id\":\"https:\/\/muumimukitrahaksi.fi\/#\/schema\/logo\/image\/\",\"url\":\"https:\/\/muumimukitrahaksi.fi\/wp-content\/uploads\/2017\/09\/logooo.jpg\",\"contentUrl\":\"https:\/\/muumimukitrahaksi.fi\/wp-content\/uploads\/2017\/09\/logooo.jpg\",\"width\":514,\"height\":514,\"caption\":\"Muumimukit Rahaksi\"},\"image\":{\"@id\":\"https:\/\/muumimukitrahaksi.fi\/#\/schema\/logo\/image\/\"},\"sameAs\":[\"https:\/\/www.facebook.com\/muumimukitrahaksi\/\",\"https:\/\/x.com\/MuumitRahaksi\",\"https:\/\/www.instagram.com\/muumimukitrahaksi\/\"]}]}<\/script>\n<!-- \/ Yoast SEO plugin. -->","yoast_head_json":{"title":"Mumin serveringssk\u00e5l P\u00e5 \u00e4ventyr 2,5l (2009-2013) *ETIKETT* - Muumimukit Rahaksi","description":"Arabias serveringssk\u00e5l P\u00e5 \u00e4ventyr (ur produktion). Serveringssk\u00e5lens volym \u00e4r 2,5 liter. Serveringssk\u00e5len \u00e4r ny och har etiketten kvar.","robots":{"index":"index","follow":"follow","max-snippet":"max-snippet:-1","max-image-preview":"max-image-preview:large","max-video-preview":"max-video-preview:-1"},"canonical":"https:\/\/muumimukitrahaksi.fi\/produkt\/muumi-tarjoilukulho-seikkailu-2-5l-2009-2013-tarra\/","og_locale":"sv_SE","og_type":"article","og_title":"Mumin serveringssk\u00e5l P\u00e5 \u00e4ventyr 2,5l (2009-2013) *ETIKETT* - Muumimukit Rahaksi","og_description":"Arabias serveringssk\u00e5l P\u00e5 \u00e4ventyr (ur produktion). Serveringssk\u00e5lens volym \u00e4r 2,5 liter. Serveringssk\u00e5len \u00e4r ny och har etiketten kvar.","og_url":"https:\/\/muumimukitrahaksi.fi\/produkt\/muumi-tarjoilukulho-seikkailu-2-5l-2009-2013-tarra\/","og_site_name":"Muumimukit Rahaksi","article_publisher":"https:\/\/www.facebook.com\/muumimukitrahaksi\/","article_modified_time":"2024-03-16T10:45:32+00:00","og_image":[{"width":1000,"height":1000,"url":"https:\/\/muumimukitrahaksi.fi\/wp-content\/uploads\/2021\/02\/DSC03873.jpg","type":"image\/jpeg"}],"twitter_card":"summary_large_image","twitter_site":"@MuumitRahaksi","twitter_misc":{"Ber\u00e4knad l\u00e4stid":"1 minut"},"schema":{"@context":"https:\/\/schema.org","@graph":[{"@type":"WebPage","@id":"https:\/\/muumimukitrahaksi.fi\/produkt\/muumi-tarjoilukulho-seikkailu-2-5l-2009-2013-tarra\/","url":"https:\/\/muumimukitrahaksi.fi\/produkt\/muumi-tarjoilukulho-seikkailu-2-5l-2009-2013-tarra\/","name":"Mumin serveringssk\u00e5l P\u00e5 \u00e4ventyr 2,5l (2009-2013) *ETIKETT* - Muumimukit Rahaksi","isPartOf":{"@id":"https:\/\/muumimukitrahaksi.fi\/#website"},"primaryImageOfPage":{"@id":"https:\/\/muumimukitrahaksi.fi\/produkt\/muumi-tarjoilukulho-seikkailu-2-5l-2009-2013-tarra\/#primaryimage"},"image":{"@id":"https:\/\/muumimukitrahaksi.fi\/produkt\/muumi-tarjoilukulho-seikkailu-2-5l-2009-2013-tarra\/#primaryimage"},"thumbnailUrl":"https:\/\/muumimukitrahaksi.fi\/wp-content\/uploads\/2021\/02\/DSC03873.jpg","datePublished":"2016-09-14T19:01:00+00:00","dateModified":"2024-03-16T10:45:32+00:00","description":"Arabias serveringssk\u00e5l P\u00e5 \u00e4ventyr (ur produktion). Serveringssk\u00e5lens volym \u00e4r 2,5 liter. Serveringssk\u00e5len \u00e4r ny och har etiketten kvar.","breadcrumb":{"@id":"https:\/\/muumimukitrahaksi.fi\/produkt\/muumi-tarjoilukulho-seikkailu-2-5l-2009-2013-tarra\/#breadcrumb"},"inLanguage":"sv-SE","potentialAction":[{"@type":"ReadAction","target":["https:\/\/muumimukitrahaksi.fi\/produkt\/muumi-tarjoilukulho-seikkailu-2-5l-2009-2013-tarra\/"]}]},{"@type":"ImageObject","inLanguage":"sv-SE","@id":"https:\/\/muumimukitrahaksi.fi\/produkt\/muumi-tarjoilukulho-seikkailu-2-5l-2009-2013-tarra\/#primaryimage","url":"https:\/\/muumimukitrahaksi.fi\/wp-content\/uploads\/2021\/02\/DSC03873.jpg","contentUrl":"https:\/\/muumimukitrahaksi.fi\/wp-content\/uploads\/2021\/02\/DSC03873.jpg","width":1000,"height":1000,"caption":"Mumin serveringssk\u00e5l P\u00e5 \u00e4ventyr 2,5l"},{"@type":"BreadcrumbList","@id":"https:\/\/muumimukitrahaksi.fi\/produkt\/muumi-tarjoilukulho-seikkailu-2-5l-2009-2013-tarra\/#breadcrumb","itemListElement":[{"@type":"ListItem","position":1,"name":"Etusivu","item":"https:\/\/muumimukitrahaksi.fi\/sv\/"},{"@type":"ListItem","position":2,"name":"Butik","item":"https:\/\/muumimukitrahaksi.fi\/sv\/butik\/"},{"@type":"ListItem","position":3,"name":"Mumin serveringssk\u00e5l P\u00e5 \u00e4ventyr 2,5l (2009-2013) *ETIKETT*"}]},{"@type":"WebSite","@id":"https:\/\/muumimukitrahaksi.fi\/#website","url":"https:\/\/muumimukitrahaksi.fi\/","name":"Muumimukit Rahaksi","description":"Muumimukeja, -kulhoja ja -lautasia ker\u00e4ilij\u00f6ille!","publisher":{"@id":"https:\/\/muumimukitrahaksi.fi\/#organization"},"potentialAction":[{"@type":"SearchAction","target":{"@type":"EntryPoint","urlTemplate":"https:\/\/muumimukitrahaksi.fi\/?s={search_term_string}"},"query-input":{"@type":"PropertyValueSpecification","valueRequired":true,"valueName":"search_term_string"}}],"inLanguage":"sv-SE"},{"@type":"Organization","@id":"https:\/\/muumimukitrahaksi.fi\/#organization","name":"Muumimukit Rahaksi","url":"https:\/\/muumimukitrahaksi.fi\/","logo":{"@type":"ImageObject","inLanguage":"sv-SE","@id":"https:\/\/muumimukitrahaksi.fi\/#\/schema\/logo\/image\/","url":"https:\/\/muumimukitrahaksi.fi\/wp-content\/uploads\/2017\/09\/logooo.jpg","contentUrl":"https:\/\/muumimukitrahaksi.fi\/wp-content\/uploads\/2017\/09\/logooo.jpg","width":514,"height":514,"caption":"Muumimukit Rahaksi"},"image":{"@id":"https:\/\/muumimukitrahaksi.fi\/#\/schema\/logo\/image\/"},"sameAs":["https:\/\/www.facebook.com\/muumimukitrahaksi\/","https:\/\/x.com\/MuumitRahaksi","https:\/\/www.instagram.com\/muumimukitrahaksi\/"]}]}},"_links":{"self":[{"href":"https:\/\/muumimukitrahaksi.fi\/sv\/wp-json\/wp\/v2\/product\/105699","targetHints":{"allow":["GET"]}}],"collection":[{"href":"https:\/\/muumimukitrahaksi.fi\/sv\/wp-json\/wp\/v2\/product"}],"about":[{"href":"https:\/\/muumimukitrahaksi.fi\/sv\/wp-json\/wp\/v2\/types\/product"}],"wp:featuredmedia":[{"embeddable":true,"href":"https:\/\/muumimukitrahaksi.fi\/sv\/wp-json\/wp\/v2\/media\/105700"}],"wp:attachment":[{"href":"https:\/\/muumimukitrahaksi.fi\/sv\/wp-json\/wp\/v2\/media?parent=105699"}],"wp:term":[{"taxonomy":"product_brand","embeddable":true,"href":"https:\/\/muumimukitrahaksi.fi\/sv\/wp-json\/wp\/v2\/product_brand?post=105699"},{"taxonomy":"product_cat","embeddable":true,"href":"https:\/\/muumimukitrahaksi.fi\/sv\/wp-json\/wp\/v2\/product_cat?post=105699"},{"taxonomy":"product_tag","embeddable":true,"href":"https:\/\/muumimukitrahaksi.fi\/sv\/wp-json\/wp\/v2\/product_tag?post=105699"}],"curies":[{"name":"wp","href":"https:\/\/api.w.org\/{rel}","templated":true}]}}