{"id":105896,"date":"2017-05-29T20:52:08","date_gmt":"2017-05-29T17:52:08","guid":{"rendered":"https:\/\/muumimukitrahaksi.fi\/tuote\/mumintallrik-marran-illustrerad-pa-fram-och-baksidan-2005-2007\/"},"modified":"2025-10-01T14:13:57","modified_gmt":"2025-10-01T11:13:57","slug":"mumintallrik-marran-illustrerad-pa-fram-och-baksidan-2005-2007","status":"publish","type":"product","link":"https:\/\/muumimukitrahaksi.fi\/sv\/produkt\/mumintallrik-marran-illustrerad-pa-fram-och-baksidan-2005-2007\/","title":{"rendered":"Mumintallrik M\u00e5rran, illustrerad p\u00e5 fram- och baksidan (2005-2007)"},"content":{"rendered":"<p style=\"text-align: center;\"><strong>\u2022 Officiell Moomin Characters\u00a0 licensinnehavare \u2022 Delbetalning\/faktura \u2022 Kvalitetsgranskade produkter<\/strong><\/p>\n<p>Mumintallriken M\u00e5rran lanserades \u00e5r 2005. Det finns b\u00e5de enkel- och dubbelsidiga versioner av tallriken. Arabias f\u00f6rsta mumintallrikar hade b\u00e5de enkel- och dubbelsidiga versioner av tallrikarna. De f\u00f6rsta versionerna av tallrikarna var dubbelsidiga, d\u00e4r illustrationen fortsatte \u00e4ven p\u00e5 tallrikens baksida. Senare f\u00f6rsvann denna stil och ersattes av enkelsidiga tallrikar. M\u00e5nga av de tidiga mumintallrikarna s\u00e5ldes ursprungligen med en fin kartongf\u00f6rpackning.<\/p>\n<p>F\u00f6r m\u00e5nga kommer det ofta som en \u00f6verraskning, att M\u00e5rran i sj\u00e4lva verket \u00e4r en kvinnlig figur. M\u00e5rran -muggen fick extra mycket popularitet \u00e5r 2019, d\u00e5 Finlands herrlandslag vann ishockey-VM. Turneringens lagkapten Marko Anttila, fick smeknamnet M\u00f6rk\u00f6 p\u00e5 grund av sin imponerande och l\u00e5nga gestalt. Smeknamnet kopplades snart samman med den v\u00e4lk\u00e4nda M\u00e5rran -figuren fr\u00e5n Mumin, vilket ledde till en snabb \u00f6kning av muggarnas popularitet. Under ett halft \u00e5r var muggarna slut i n\u00e4stan alla butiker i Finland.<\/p>\n<p><a href=\"https:\/\/www.youtube.com\/watch?v=Pl_1bRpKiLY\">Kolla videon p\u00e5 M\u00e5rran-muminmuggen, som \u00e4r ur samma serie som tallriken, p\u00e5 v\u00e5r Youtubekanal.\u00a0<\/a><\/p>\n<p>Kolla in andra M\u00e5rran-produkter <a href=\"https:\/\/muumimukitrahaksi.fi\/sv\/produkt-nyckelord\/marran\/\">h\u00e4r.\u00a0<\/a><\/p>\n<p>Har du en M\u00e5rran mumintallrik och vill s\u00e4lja den? Vi k\u00f6per ocks\u00e5 mumintallrikar. Klicka <a href=\"https:\/\/muumimukitrahaksi.fi\/en\/sell-moomin\/\">h\u00e4r<\/a>, fyll i formul\u00e4ret och f\u00e5 en offert samma dag.<\/p>\n","protected":false},"excerpt":{"rendered":"<p style=\"text-align: center;\"><strong>H\u00f6gklassiga varor \u2022 Snabb leverans<\/strong><\/p>\n<p>Arabias mumintallrik M\u00e5rran (ur produktion). Tallriken \u00e4r i bra skick. N\u00e5gra f\u00e5 sm\u00e5 vita prickar och\/eller svaga skr\u00e5mor i glasyren. Tallriken \u00e4r illustrerad p\u00e5 fram-och baksidan. Tallrikens f\u00e4rger \u00e4r starka och glasyren har sin fina glans kvar. Tallrikarna packas med omsorg och f\u00f6rnybara material.<\/p>\n<p style=\"text-align: center;\"><strong>\u2022 S\u00e4kra betalningss\u00e4tt<\/strong><\/p>\n<p><img loading=\"lazy\" decoding=\"async\" class=\"aligncenter wp-image-20415 size-full\" src=\"https:\/\/muumimukitrahaksi.fi\/wp-content\/uploads\/2020\/06\/maksutavat-2026-pieni-eng.png\" alt=\"Payment options\" width=\"350\" height=\"200\" \/><\/p>\n","protected":false},"featured_media":129191,"template":"","meta":[],"product_brand":[],"product_cat":[527,532,530],"product_tag":[605,594,627],"class_list":{"0":"post-105896","1":"product","2":"type-product","3":"status-publish","4":"has-post-thumbnail","6":"product_cat-tallrikar","7":"product_cat-tallrikar-ur-produktion","8":"product_cat-tallrikar-utan-etikett","9":"product_tag-marran","10":"product_tag-mumintallrik","11":"product_tag-utan-etikett","13":"first","14":"outofstock","15":"taxable","16":"shipping-taxable","17":"purchasable","18":"product-type-simple"},"yoast_head":"<!-- This site is optimized with the Yoast SEO plugin v27.1.1 - https:\/\/yoast.com\/product\/yoast-seo-wordpress\/ -->\n<title>Mumintallrik M\u00e5rran, illustrerad p\u00e5 fram- och baksidan (2005-2007) - Muumimukit Rahaksi<\/title>\n<meta name=\"description\" content=\"Arabias mumintallrik M\u00e5rran (ur produktion). Tallriken \u00e4r i bra skick. Tallriken \u00e4r illustrerad p\u00e5 fram-och baksidan.\" \/>\n<meta name=\"robots\" content=\"index, follow, max-snippet:-1, max-image-preview:large, max-video-preview:-1\" \/>\n<link rel=\"canonical\" href=\"https:\/\/muumimukitrahaksi.fi\/sv\/produkt\/mumintallrik-marran-illustrerad-pa-fram-och-baksidan-2005-2007\/\" \/>\n<meta property=\"og:locale\" content=\"sv_SE\" \/>\n<meta property=\"og:type\" content=\"article\" \/>\n<meta property=\"og:title\" content=\"Mumintallrik M\u00e5rran, illustrerad p\u00e5 fram- och baksidan (2005-2007) - Muumimukit Rahaksi\" \/>\n<meta property=\"og:description\" content=\"Arabias mumintallrik M\u00e5rran (ur produktion). Tallriken \u00e4r i bra skick. Tallriken \u00e4r illustrerad p\u00e5 fram-och baksidan.\" \/>\n<meta property=\"og:url\" content=\"https:\/\/muumimukitrahaksi.fi\/sv\/produkt\/mumintallrik-marran-illustrerad-pa-fram-och-baksidan-2005-2007\/\" \/>\n<meta property=\"og:site_name\" content=\"Muumimukit Rahaksi\" \/>\n<meta property=\"article:publisher\" content=\"https:\/\/www.facebook.com\/muumimukitrahaksi\/\" \/>\n<meta property=\"article:modified_time\" content=\"2025-10-01T11:13:57+00:00\" \/>\n<meta property=\"og:image\" content=\"https:\/\/muumimukitrahaksi.fi\/wp-content\/uploads\/2025\/04\/DSC07723.jpg\" \/>\n\t<meta property=\"og:image:width\" content=\"1000\" \/>\n\t<meta property=\"og:image:height\" content=\"1000\" \/>\n\t<meta property=\"og:image:type\" content=\"image\/jpeg\" \/>\n<meta name=\"twitter:card\" content=\"summary_large_image\" \/>\n<meta name=\"twitter:site\" content=\"@MuumitRahaksi\" \/>\n<meta name=\"twitter:label1\" content=\"Ber\u00e4knad l\u00e4stid\" \/>\n\t<meta name=\"twitter:data1\" content=\"1 minut\" \/>\n<script type=\"application\/ld+json\" class=\"yoast-schema-graph\">{\"@context\":\"https:\/\/schema.org\",\"@graph\":[{\"@type\":\"WebPage\",\"@id\":\"https:\/\/muumimukitrahaksi.fi\/sv\/produkt\/mumintallrik-marran-illustrerad-pa-fram-och-baksidan-2005-2007\/\",\"url\":\"https:\/\/muumimukitrahaksi.fi\/sv\/produkt\/mumintallrik-marran-illustrerad-pa-fram-och-baksidan-2005-2007\/\",\"name\":\"Mumintallrik M\u00e5rran, illustrerad p\u00e5 fram- och baksidan (2005-2007) - Muumimukit Rahaksi\",\"isPartOf\":{\"@id\":\"https:\/\/muumimukitrahaksi.fi\/#website\"},\"primaryImageOfPage\":{\"@id\":\"https:\/\/muumimukitrahaksi.fi\/sv\/produkt\/mumintallrik-marran-illustrerad-pa-fram-och-baksidan-2005-2007\/#primaryimage\"},\"image\":{\"@id\":\"https:\/\/muumimukitrahaksi.fi\/sv\/produkt\/mumintallrik-marran-illustrerad-pa-fram-och-baksidan-2005-2007\/#primaryimage\"},\"thumbnailUrl\":\"https:\/\/muumimukitrahaksi.fi\/wp-content\/uploads\/2025\/04\/DSC07723.jpg\",\"datePublished\":\"2017-05-29T17:52:08+00:00\",\"dateModified\":\"2025-10-01T11:13:57+00:00\",\"description\":\"Arabias mumintallrik M\u00e5rran (ur produktion). Tallriken \u00e4r i bra skick. Tallriken \u00e4r illustrerad p\u00e5 fram-och baksidan.\",\"breadcrumb\":{\"@id\":\"https:\/\/muumimukitrahaksi.fi\/sv\/produkt\/mumintallrik-marran-illustrerad-pa-fram-och-baksidan-2005-2007\/#breadcrumb\"},\"inLanguage\":\"sv-SE\",\"potentialAction\":[{\"@type\":\"ReadAction\",\"target\":[\"https:\/\/muumimukitrahaksi.fi\/sv\/produkt\/mumintallrik-marran-illustrerad-pa-fram-och-baksidan-2005-2007\/\"]}]},{\"@type\":\"ImageObject\",\"inLanguage\":\"sv-SE\",\"@id\":\"https:\/\/muumimukitrahaksi.fi\/sv\/produkt\/mumintallrik-marran-illustrerad-pa-fram-och-baksidan-2005-2007\/#primaryimage\",\"url\":\"https:\/\/muumimukitrahaksi.fi\/wp-content\/uploads\/2025\/04\/DSC07723.jpg\",\"contentUrl\":\"https:\/\/muumimukitrahaksi.fi\/wp-content\/uploads\/2025\/04\/DSC07723.jpg\",\"width\":1000,\"height\":1000,\"caption\":\"Mumintallrik M\u00e5rran, illustrerad p\u00e5 fram- och baksidan\"},{\"@type\":\"BreadcrumbList\",\"@id\":\"https:\/\/muumimukitrahaksi.fi\/sv\/produkt\/mumintallrik-marran-illustrerad-pa-fram-och-baksidan-2005-2007\/#breadcrumb\",\"itemListElement\":[{\"@type\":\"ListItem\",\"position\":1,\"name\":\"Etusivu\",\"item\":\"https:\/\/muumimukitrahaksi.fi\/sv\/\"},{\"@type\":\"ListItem\",\"position\":2,\"name\":\"Butik\",\"item\":\"https:\/\/muumimukitrahaksi.fi\/sv\/butik\/\"},{\"@type\":\"ListItem\",\"position\":3,\"name\":\"Mumintallrik M\u00e5rran, illustrerad p\u00e5 fram- och baksidan (2005-2007)\"}]},{\"@type\":\"WebSite\",\"@id\":\"https:\/\/muumimukitrahaksi.fi\/#website\",\"url\":\"https:\/\/muumimukitrahaksi.fi\/\",\"name\":\"Muumimukit Rahaksi\",\"description\":\"Muumimukeja, -kulhoja ja -lautasia ker\u00e4ilij\u00f6ille!\",\"publisher\":{\"@id\":\"https:\/\/muumimukitrahaksi.fi\/#organization\"},\"potentialAction\":[{\"@type\":\"SearchAction\",\"target\":{\"@type\":\"EntryPoint\",\"urlTemplate\":\"https:\/\/muumimukitrahaksi.fi\/?s={search_term_string}\"},\"query-input\":{\"@type\":\"PropertyValueSpecification\",\"valueRequired\":true,\"valueName\":\"search_term_string\"}}],\"inLanguage\":\"sv-SE\"},{\"@type\":\"Organization\",\"@id\":\"https:\/\/muumimukitrahaksi.fi\/#organization\",\"name\":\"Muumimukit Rahaksi\",\"url\":\"https:\/\/muumimukitrahaksi.fi\/\",\"logo\":{\"@type\":\"ImageObject\",\"inLanguage\":\"sv-SE\",\"@id\":\"https:\/\/muumimukitrahaksi.fi\/#\/schema\/logo\/image\/\",\"url\":\"https:\/\/muumimukitrahaksi.fi\/wp-content\/uploads\/2017\/09\/logooo.jpg\",\"contentUrl\":\"https:\/\/muumimukitrahaksi.fi\/wp-content\/uploads\/2017\/09\/logooo.jpg\",\"width\":514,\"height\":514,\"caption\":\"Muumimukit Rahaksi\"},\"image\":{\"@id\":\"https:\/\/muumimukitrahaksi.fi\/#\/schema\/logo\/image\/\"},\"sameAs\":[\"https:\/\/www.facebook.com\/muumimukitrahaksi\/\",\"https:\/\/x.com\/MuumitRahaksi\",\"https:\/\/www.instagram.com\/muumimukitrahaksi\/\"]}]}<\/script>\n<!-- \/ Yoast SEO plugin. -->","yoast_head_json":{"title":"Mumintallrik M\u00e5rran, illustrerad p\u00e5 fram- och baksidan (2005-2007) - Muumimukit Rahaksi","description":"Arabias mumintallrik M\u00e5rran (ur produktion). Tallriken \u00e4r i bra skick. Tallriken \u00e4r illustrerad p\u00e5 fram-och baksidan.","robots":{"index":"index","follow":"follow","max-snippet":"max-snippet:-1","max-image-preview":"max-image-preview:large","max-video-preview":"max-video-preview:-1"},"canonical":"https:\/\/muumimukitrahaksi.fi\/sv\/produkt\/mumintallrik-marran-illustrerad-pa-fram-och-baksidan-2005-2007\/","og_locale":"sv_SE","og_type":"article","og_title":"Mumintallrik M\u00e5rran, illustrerad p\u00e5 fram- och baksidan (2005-2007) - Muumimukit Rahaksi","og_description":"Arabias mumintallrik M\u00e5rran (ur produktion). Tallriken \u00e4r i bra skick. Tallriken \u00e4r illustrerad p\u00e5 fram-och baksidan.","og_url":"https:\/\/muumimukitrahaksi.fi\/sv\/produkt\/mumintallrik-marran-illustrerad-pa-fram-och-baksidan-2005-2007\/","og_site_name":"Muumimukit Rahaksi","article_publisher":"https:\/\/www.facebook.com\/muumimukitrahaksi\/","article_modified_time":"2025-10-01T11:13:57+00:00","og_image":[{"width":1000,"height":1000,"url":"https:\/\/muumimukitrahaksi.fi\/wp-content\/uploads\/2025\/04\/DSC07723.jpg","type":"image\/jpeg"}],"twitter_card":"summary_large_image","twitter_site":"@MuumitRahaksi","twitter_misc":{"Ber\u00e4knad l\u00e4stid":"1 minut"},"schema":{"@context":"https:\/\/schema.org","@graph":[{"@type":"WebPage","@id":"https:\/\/muumimukitrahaksi.fi\/sv\/produkt\/mumintallrik-marran-illustrerad-pa-fram-och-baksidan-2005-2007\/","url":"https:\/\/muumimukitrahaksi.fi\/sv\/produkt\/mumintallrik-marran-illustrerad-pa-fram-och-baksidan-2005-2007\/","name":"Mumintallrik M\u00e5rran, illustrerad p\u00e5 fram- och baksidan (2005-2007) - Muumimukit Rahaksi","isPartOf":{"@id":"https:\/\/muumimukitrahaksi.fi\/#website"},"primaryImageOfPage":{"@id":"https:\/\/muumimukitrahaksi.fi\/sv\/produkt\/mumintallrik-marran-illustrerad-pa-fram-och-baksidan-2005-2007\/#primaryimage"},"image":{"@id":"https:\/\/muumimukitrahaksi.fi\/sv\/produkt\/mumintallrik-marran-illustrerad-pa-fram-och-baksidan-2005-2007\/#primaryimage"},"thumbnailUrl":"https:\/\/muumimukitrahaksi.fi\/wp-content\/uploads\/2025\/04\/DSC07723.jpg","datePublished":"2017-05-29T17:52:08+00:00","dateModified":"2025-10-01T11:13:57+00:00","description":"Arabias mumintallrik M\u00e5rran (ur produktion). Tallriken \u00e4r i bra skick. Tallriken \u00e4r illustrerad p\u00e5 fram-och baksidan.","breadcrumb":{"@id":"https:\/\/muumimukitrahaksi.fi\/sv\/produkt\/mumintallrik-marran-illustrerad-pa-fram-och-baksidan-2005-2007\/#breadcrumb"},"inLanguage":"sv-SE","potentialAction":[{"@type":"ReadAction","target":["https:\/\/muumimukitrahaksi.fi\/sv\/produkt\/mumintallrik-marran-illustrerad-pa-fram-och-baksidan-2005-2007\/"]}]},{"@type":"ImageObject","inLanguage":"sv-SE","@id":"https:\/\/muumimukitrahaksi.fi\/sv\/produkt\/mumintallrik-marran-illustrerad-pa-fram-och-baksidan-2005-2007\/#primaryimage","url":"https:\/\/muumimukitrahaksi.fi\/wp-content\/uploads\/2025\/04\/DSC07723.jpg","contentUrl":"https:\/\/muumimukitrahaksi.fi\/wp-content\/uploads\/2025\/04\/DSC07723.jpg","width":1000,"height":1000,"caption":"Mumintallrik M\u00e5rran, illustrerad p\u00e5 fram- och baksidan"},{"@type":"BreadcrumbList","@id":"https:\/\/muumimukitrahaksi.fi\/sv\/produkt\/mumintallrik-marran-illustrerad-pa-fram-och-baksidan-2005-2007\/#breadcrumb","itemListElement":[{"@type":"ListItem","position":1,"name":"Etusivu","item":"https:\/\/muumimukitrahaksi.fi\/sv\/"},{"@type":"ListItem","position":2,"name":"Butik","item":"https:\/\/muumimukitrahaksi.fi\/sv\/butik\/"},{"@type":"ListItem","position":3,"name":"Mumintallrik M\u00e5rran, illustrerad p\u00e5 fram- och baksidan (2005-2007)"}]},{"@type":"WebSite","@id":"https:\/\/muumimukitrahaksi.fi\/#website","url":"https:\/\/muumimukitrahaksi.fi\/","name":"Muumimukit Rahaksi","description":"Muumimukeja, -kulhoja ja -lautasia ker\u00e4ilij\u00f6ille!","publisher":{"@id":"https:\/\/muumimukitrahaksi.fi\/#organization"},"potentialAction":[{"@type":"SearchAction","target":{"@type":"EntryPoint","urlTemplate":"https:\/\/muumimukitrahaksi.fi\/?s={search_term_string}"},"query-input":{"@type":"PropertyValueSpecification","valueRequired":true,"valueName":"search_term_string"}}],"inLanguage":"sv-SE"},{"@type":"Organization","@id":"https:\/\/muumimukitrahaksi.fi\/#organization","name":"Muumimukit Rahaksi","url":"https:\/\/muumimukitrahaksi.fi\/","logo":{"@type":"ImageObject","inLanguage":"sv-SE","@id":"https:\/\/muumimukitrahaksi.fi\/#\/schema\/logo\/image\/","url":"https:\/\/muumimukitrahaksi.fi\/wp-content\/uploads\/2017\/09\/logooo.jpg","contentUrl":"https:\/\/muumimukitrahaksi.fi\/wp-content\/uploads\/2017\/09\/logooo.jpg","width":514,"height":514,"caption":"Muumimukit Rahaksi"},"image":{"@id":"https:\/\/muumimukitrahaksi.fi\/#\/schema\/logo\/image\/"},"sameAs":["https:\/\/www.facebook.com\/muumimukitrahaksi\/","https:\/\/x.com\/MuumitRahaksi","https:\/\/www.instagram.com\/muumimukitrahaksi\/"]}]}},"_links":{"self":[{"href":"https:\/\/muumimukitrahaksi.fi\/sv\/wp-json\/wp\/v2\/product\/105896","targetHints":{"allow":["GET"]}}],"collection":[{"href":"https:\/\/muumimukitrahaksi.fi\/sv\/wp-json\/wp\/v2\/product"}],"about":[{"href":"https:\/\/muumimukitrahaksi.fi\/sv\/wp-json\/wp\/v2\/types\/product"}],"wp:featuredmedia":[{"embeddable":true,"href":"https:\/\/muumimukitrahaksi.fi\/sv\/wp-json\/wp\/v2\/media\/129191"}],"wp:attachment":[{"href":"https:\/\/muumimukitrahaksi.fi\/sv\/wp-json\/wp\/v2\/media?parent=105896"}],"wp:term":[{"taxonomy":"product_brand","embeddable":true,"href":"https:\/\/muumimukitrahaksi.fi\/sv\/wp-json\/wp\/v2\/product_brand?post=105896"},{"taxonomy":"product_cat","embeddable":true,"href":"https:\/\/muumimukitrahaksi.fi\/sv\/wp-json\/wp\/v2\/product_cat?post=105896"},{"taxonomy":"product_tag","embeddable":true,"href":"https:\/\/muumimukitrahaksi.fi\/sv\/wp-json\/wp\/v2\/product_tag?post=105896"}],"curies":[{"name":"wp","href":"https:\/\/api.w.org\/{rel}","templated":true}]}}