{"id":105979,"date":"2018-05-02T20:29:02","date_gmt":"2018-05-02T17:29:02","guid":{"rendered":"https:\/\/muumimukitrahaksi.fi\/tuote\/mumintallrik-snorkfroken-illustration-pa-framsidan-2003-2007-etikett\/"},"modified":"2025-10-07T11:09:19","modified_gmt":"2025-10-07T08:09:19","slug":"mumintallrik-snorkfroken-illustration-pa-framsidan-2003-2007-etikett","status":"publish","type":"product","link":"https:\/\/muumimukitrahaksi.fi\/sv\/produkt\/mumintallrik-snorkfroken-illustration-pa-framsidan-2003-2007-etikett\/","title":{"rendered":"Mumintallrik Snorkfr\u00f6ken, illustration p\u00e5 framsidan (2003-2007) *ETIKETT*"},"content":{"rendered":"<p style=\"text-align: center;\"><strong>\u2022 Officiell Moomin Characters\u00a0 licensinnehavare \u2022 Delbetalning\/faktura \u2022 Kvalitetsgranskade produkter<\/strong><\/p>\n<p>Mumintrollets v\u00e4n Snorkfr\u00f6ken var en naturlig f\u00f6rl\u00e4ngning av serien med karakt\u00e4rstallrikar som startade med Muminfamiljen. \u00c4ven om Snorkfr\u00f6ken p\u00e5 m\u00e5nga s\u00e4tt p\u00e5minner om en mumin, \u00e4r hon i sj\u00e4lva verket en snork. En av de mest speciella s\u00e4tten som snorkarna skiljer sig fr\u00e5n mumintrollen \u00e4r bland annat att de \u00e4ndrar f\u00e4rg beroende p\u00e5 sina k\u00e4nslor.<\/p>\n<p><a href=\"https:\/\/www.youtube.com\/watch?v=Z3vuby3PdoU\">Kolla videon p\u00e5 Snorkfr\u00f6ken muminmuggen, som \u00e4r ur samma serie som tallriken, p\u00e5 v\u00e5r Youtubekanal.<\/a><\/p>\n<p>Har du en Snorkfr\u00f6ken mumintallrik och vill s\u00e4lja den? Vi k\u00f6per ocks\u00e5 mumintallrikar. Klicka <a href=\"https:\/\/muumimukitrahaksi.fi\/en\/sell-moomin\/\">h\u00e4r<\/a>, fyll i formul\u00e4ret och f\u00e5 en offert samma dag.<\/p>\n","protected":false},"excerpt":{"rendered":"<p style=\"text-align: center;\"><strong>\u2022 H\u00f6gklassiga varor \u2022 Snabb leverans<\/strong><\/p>\n<p>Arabias mumintallrik Snorkfr\u00f6ken gul (ur produktion). Tallriken \u00e4r ny och har etiketten kvar. Etiketten finns p\u00e5 botten av tallriken. Tallriken \u00e4r illustrerad p\u00e5 framsidan. Tallrikarna packas med omsorg och f\u00f6rnybara material.<\/p>\n<p style=\"text-align: center;\"><strong>\u2022 S\u00e4kra betalningss\u00e4tt<\/strong><\/p>\n<p><img loading=\"lazy\" decoding=\"async\" class=\"aligncenter wp-image-20415 size-full\" src=\"https:\/\/muumimukitrahaksi.fi\/wp-content\/uploads\/2020\/06\/maksutavat-2026-pieni-eng.png\" alt=\"Payment options\" width=\"350\" height=\"200\" \/><\/p>\n","protected":false},"featured_media":105978,"template":"","meta":[],"product_brand":[],"product_cat":[527,529,532],"product_tag":[626,594,606],"class_list":{"0":"post-105979","1":"product","2":"type-product","3":"status-publish","4":"has-post-thumbnail","6":"product_cat-tallrikar","7":"product_cat-tallrikar-med-etikett","8":"product_cat-tallrikar-ur-produktion","9":"product_tag-med-etikett","10":"product_tag-mumintallrik","11":"product_tag-snorkfroken","13":"first","14":"instock","15":"taxable","16":"shipping-taxable","17":"purchasable","18":"product-type-simple"},"yoast_head":"<!-- This site is optimized with the Yoast SEO plugin v27.1.1 - https:\/\/yoast.com\/product\/yoast-seo-wordpress\/ -->\n<title>Mumintallrik Snorkfr\u00f6ken, illustration p\u00e5 framsidan (2003-2007) *ETIKETT* - Muumimukit Rahaksi<\/title>\n<meta name=\"description\" content=\"Arabias mumintallrik Snorkfr\u00f6ken gul (ur produktion). Tallriken \u00e4r ny och har etiketten kvar.\" \/>\n<meta name=\"robots\" content=\"index, follow, max-snippet:-1, max-image-preview:large, max-video-preview:-1\" \/>\n<link rel=\"canonical\" href=\"https:\/\/muumimukitrahaksi.fi\/sv\/produkt\/mumintallrik-snorkfroken-illustration-pa-framsidan-2003-2007-etikett\/\" \/>\n<meta property=\"og:locale\" content=\"sv_SE\" \/>\n<meta property=\"og:type\" content=\"article\" \/>\n<meta property=\"og:title\" content=\"Mumintallrik Snorkfr\u00f6ken, illustration p\u00e5 framsidan (2003-2007) *ETIKETT* - Muumimukit Rahaksi\" \/>\n<meta property=\"og:description\" content=\"Arabias mumintallrik Snorkfr\u00f6ken gul (ur produktion). Tallriken \u00e4r ny och har etiketten kvar.\" \/>\n<meta property=\"og:url\" content=\"https:\/\/muumimukitrahaksi.fi\/sv\/produkt\/mumintallrik-snorkfroken-illustration-pa-framsidan-2003-2007-etikett\/\" \/>\n<meta property=\"og:site_name\" content=\"Muumimukit Rahaksi\" \/>\n<meta property=\"article:publisher\" content=\"https:\/\/www.facebook.com\/muumimukitrahaksi\/\" \/>\n<meta property=\"article:modified_time\" content=\"2025-10-07T08:09:19+00:00\" \/>\n<meta property=\"og:image\" content=\"https:\/\/muumimukitrahaksi.fi\/wp-content\/uploads\/2021\/04\/DSC04777.jpg\" \/>\n\t<meta property=\"og:image:width\" content=\"1000\" \/>\n\t<meta property=\"og:image:height\" content=\"1000\" \/>\n\t<meta property=\"og:image:type\" content=\"image\/jpeg\" \/>\n<meta name=\"twitter:card\" content=\"summary_large_image\" \/>\n<meta name=\"twitter:site\" content=\"@MuumitRahaksi\" \/>\n<meta name=\"twitter:label1\" content=\"Ber\u00e4knad l\u00e4stid\" \/>\n\t<meta name=\"twitter:data1\" content=\"1 minut\" \/>\n<script type=\"application\/ld+json\" class=\"yoast-schema-graph\">{\"@context\":\"https:\/\/schema.org\",\"@graph\":[{\"@type\":\"WebPage\",\"@id\":\"https:\/\/muumimukitrahaksi.fi\/sv\/produkt\/mumintallrik-snorkfroken-illustration-pa-framsidan-2003-2007-etikett\/\",\"url\":\"https:\/\/muumimukitrahaksi.fi\/sv\/produkt\/mumintallrik-snorkfroken-illustration-pa-framsidan-2003-2007-etikett\/\",\"name\":\"Mumintallrik Snorkfr\u00f6ken, illustration p\u00e5 framsidan (2003-2007) *ETIKETT* - Muumimukit Rahaksi\",\"isPartOf\":{\"@id\":\"https:\/\/muumimukitrahaksi.fi\/#website\"},\"primaryImageOfPage\":{\"@id\":\"https:\/\/muumimukitrahaksi.fi\/sv\/produkt\/mumintallrik-snorkfroken-illustration-pa-framsidan-2003-2007-etikett\/#primaryimage\"},\"image\":{\"@id\":\"https:\/\/muumimukitrahaksi.fi\/sv\/produkt\/mumintallrik-snorkfroken-illustration-pa-framsidan-2003-2007-etikett\/#primaryimage\"},\"thumbnailUrl\":\"https:\/\/muumimukitrahaksi.fi\/wp-content\/uploads\/2021\/04\/DSC04777.jpg\",\"datePublished\":\"2018-05-02T17:29:02+00:00\",\"dateModified\":\"2025-10-07T08:09:19+00:00\",\"description\":\"Arabias mumintallrik Snorkfr\u00f6ken gul (ur produktion). Tallriken \u00e4r ny och har etiketten kvar.\",\"breadcrumb\":{\"@id\":\"https:\/\/muumimukitrahaksi.fi\/sv\/produkt\/mumintallrik-snorkfroken-illustration-pa-framsidan-2003-2007-etikett\/#breadcrumb\"},\"inLanguage\":\"sv-SE\",\"potentialAction\":[{\"@type\":\"ReadAction\",\"target\":[\"https:\/\/muumimukitrahaksi.fi\/sv\/produkt\/mumintallrik-snorkfroken-illustration-pa-framsidan-2003-2007-etikett\/\"]}]},{\"@type\":\"ImageObject\",\"inLanguage\":\"sv-SE\",\"@id\":\"https:\/\/muumimukitrahaksi.fi\/sv\/produkt\/mumintallrik-snorkfroken-illustration-pa-framsidan-2003-2007-etikett\/#primaryimage\",\"url\":\"https:\/\/muumimukitrahaksi.fi\/wp-content\/uploads\/2021\/04\/DSC04777.jpg\",\"contentUrl\":\"https:\/\/muumimukitrahaksi.fi\/wp-content\/uploads\/2021\/04\/DSC04777.jpg\",\"width\":1000,\"height\":1000,\"caption\":\"Mumintallrik Snorkfr\u00f6ken\"},{\"@type\":\"BreadcrumbList\",\"@id\":\"https:\/\/muumimukitrahaksi.fi\/sv\/produkt\/mumintallrik-snorkfroken-illustration-pa-framsidan-2003-2007-etikett\/#breadcrumb\",\"itemListElement\":[{\"@type\":\"ListItem\",\"position\":1,\"name\":\"Etusivu\",\"item\":\"https:\/\/muumimukitrahaksi.fi\/sv\/\"},{\"@type\":\"ListItem\",\"position\":2,\"name\":\"Butik\",\"item\":\"https:\/\/muumimukitrahaksi.fi\/sv\/butik\/\"},{\"@type\":\"ListItem\",\"position\":3,\"name\":\"Mumintallrik Snorkfr\u00f6ken, illustration p\u00e5 framsidan (2003-2007) *ETIKETT*\"}]},{\"@type\":\"WebSite\",\"@id\":\"https:\/\/muumimukitrahaksi.fi\/#website\",\"url\":\"https:\/\/muumimukitrahaksi.fi\/\",\"name\":\"Muumimukit Rahaksi\",\"description\":\"Muumimukeja, -kulhoja ja -lautasia ker\u00e4ilij\u00f6ille!\",\"publisher\":{\"@id\":\"https:\/\/muumimukitrahaksi.fi\/#organization\"},\"potentialAction\":[{\"@type\":\"SearchAction\",\"target\":{\"@type\":\"EntryPoint\",\"urlTemplate\":\"https:\/\/muumimukitrahaksi.fi\/?s={search_term_string}\"},\"query-input\":{\"@type\":\"PropertyValueSpecification\",\"valueRequired\":true,\"valueName\":\"search_term_string\"}}],\"inLanguage\":\"sv-SE\"},{\"@type\":\"Organization\",\"@id\":\"https:\/\/muumimukitrahaksi.fi\/#organization\",\"name\":\"Muumimukit Rahaksi\",\"url\":\"https:\/\/muumimukitrahaksi.fi\/\",\"logo\":{\"@type\":\"ImageObject\",\"inLanguage\":\"sv-SE\",\"@id\":\"https:\/\/muumimukitrahaksi.fi\/#\/schema\/logo\/image\/\",\"url\":\"https:\/\/muumimukitrahaksi.fi\/wp-content\/uploads\/2017\/09\/logooo.jpg\",\"contentUrl\":\"https:\/\/muumimukitrahaksi.fi\/wp-content\/uploads\/2017\/09\/logooo.jpg\",\"width\":514,\"height\":514,\"caption\":\"Muumimukit Rahaksi\"},\"image\":{\"@id\":\"https:\/\/muumimukitrahaksi.fi\/#\/schema\/logo\/image\/\"},\"sameAs\":[\"https:\/\/www.facebook.com\/muumimukitrahaksi\/\",\"https:\/\/x.com\/MuumitRahaksi\",\"https:\/\/www.instagram.com\/muumimukitrahaksi\/\"]}]}<\/script>\n<!-- \/ Yoast SEO plugin. -->","yoast_head_json":{"title":"Mumintallrik Snorkfr\u00f6ken, illustration p\u00e5 framsidan (2003-2007) *ETIKETT* - Muumimukit Rahaksi","description":"Arabias mumintallrik Snorkfr\u00f6ken gul (ur produktion). Tallriken \u00e4r ny och har etiketten kvar.","robots":{"index":"index","follow":"follow","max-snippet":"max-snippet:-1","max-image-preview":"max-image-preview:large","max-video-preview":"max-video-preview:-1"},"canonical":"https:\/\/muumimukitrahaksi.fi\/sv\/produkt\/mumintallrik-snorkfroken-illustration-pa-framsidan-2003-2007-etikett\/","og_locale":"sv_SE","og_type":"article","og_title":"Mumintallrik Snorkfr\u00f6ken, illustration p\u00e5 framsidan (2003-2007) *ETIKETT* - Muumimukit Rahaksi","og_description":"Arabias mumintallrik Snorkfr\u00f6ken gul (ur produktion). Tallriken \u00e4r ny och har etiketten kvar.","og_url":"https:\/\/muumimukitrahaksi.fi\/sv\/produkt\/mumintallrik-snorkfroken-illustration-pa-framsidan-2003-2007-etikett\/","og_site_name":"Muumimukit Rahaksi","article_publisher":"https:\/\/www.facebook.com\/muumimukitrahaksi\/","article_modified_time":"2025-10-07T08:09:19+00:00","og_image":[{"width":1000,"height":1000,"url":"https:\/\/muumimukitrahaksi.fi\/wp-content\/uploads\/2021\/04\/DSC04777.jpg","type":"image\/jpeg"}],"twitter_card":"summary_large_image","twitter_site":"@MuumitRahaksi","twitter_misc":{"Ber\u00e4knad l\u00e4stid":"1 minut"},"schema":{"@context":"https:\/\/schema.org","@graph":[{"@type":"WebPage","@id":"https:\/\/muumimukitrahaksi.fi\/sv\/produkt\/mumintallrik-snorkfroken-illustration-pa-framsidan-2003-2007-etikett\/","url":"https:\/\/muumimukitrahaksi.fi\/sv\/produkt\/mumintallrik-snorkfroken-illustration-pa-framsidan-2003-2007-etikett\/","name":"Mumintallrik Snorkfr\u00f6ken, illustration p\u00e5 framsidan (2003-2007) *ETIKETT* - Muumimukit Rahaksi","isPartOf":{"@id":"https:\/\/muumimukitrahaksi.fi\/#website"},"primaryImageOfPage":{"@id":"https:\/\/muumimukitrahaksi.fi\/sv\/produkt\/mumintallrik-snorkfroken-illustration-pa-framsidan-2003-2007-etikett\/#primaryimage"},"image":{"@id":"https:\/\/muumimukitrahaksi.fi\/sv\/produkt\/mumintallrik-snorkfroken-illustration-pa-framsidan-2003-2007-etikett\/#primaryimage"},"thumbnailUrl":"https:\/\/muumimukitrahaksi.fi\/wp-content\/uploads\/2021\/04\/DSC04777.jpg","datePublished":"2018-05-02T17:29:02+00:00","dateModified":"2025-10-07T08:09:19+00:00","description":"Arabias mumintallrik Snorkfr\u00f6ken gul (ur produktion). Tallriken \u00e4r ny och har etiketten kvar.","breadcrumb":{"@id":"https:\/\/muumimukitrahaksi.fi\/sv\/produkt\/mumintallrik-snorkfroken-illustration-pa-framsidan-2003-2007-etikett\/#breadcrumb"},"inLanguage":"sv-SE","potentialAction":[{"@type":"ReadAction","target":["https:\/\/muumimukitrahaksi.fi\/sv\/produkt\/mumintallrik-snorkfroken-illustration-pa-framsidan-2003-2007-etikett\/"]}]},{"@type":"ImageObject","inLanguage":"sv-SE","@id":"https:\/\/muumimukitrahaksi.fi\/sv\/produkt\/mumintallrik-snorkfroken-illustration-pa-framsidan-2003-2007-etikett\/#primaryimage","url":"https:\/\/muumimukitrahaksi.fi\/wp-content\/uploads\/2021\/04\/DSC04777.jpg","contentUrl":"https:\/\/muumimukitrahaksi.fi\/wp-content\/uploads\/2021\/04\/DSC04777.jpg","width":1000,"height":1000,"caption":"Mumintallrik Snorkfr\u00f6ken"},{"@type":"BreadcrumbList","@id":"https:\/\/muumimukitrahaksi.fi\/sv\/produkt\/mumintallrik-snorkfroken-illustration-pa-framsidan-2003-2007-etikett\/#breadcrumb","itemListElement":[{"@type":"ListItem","position":1,"name":"Etusivu","item":"https:\/\/muumimukitrahaksi.fi\/sv\/"},{"@type":"ListItem","position":2,"name":"Butik","item":"https:\/\/muumimukitrahaksi.fi\/sv\/butik\/"},{"@type":"ListItem","position":3,"name":"Mumintallrik Snorkfr\u00f6ken, illustration p\u00e5 framsidan (2003-2007) *ETIKETT*"}]},{"@type":"WebSite","@id":"https:\/\/muumimukitrahaksi.fi\/#website","url":"https:\/\/muumimukitrahaksi.fi\/","name":"Muumimukit Rahaksi","description":"Muumimukeja, -kulhoja ja -lautasia ker\u00e4ilij\u00f6ille!","publisher":{"@id":"https:\/\/muumimukitrahaksi.fi\/#organization"},"potentialAction":[{"@type":"SearchAction","target":{"@type":"EntryPoint","urlTemplate":"https:\/\/muumimukitrahaksi.fi\/?s={search_term_string}"},"query-input":{"@type":"PropertyValueSpecification","valueRequired":true,"valueName":"search_term_string"}}],"inLanguage":"sv-SE"},{"@type":"Organization","@id":"https:\/\/muumimukitrahaksi.fi\/#organization","name":"Muumimukit Rahaksi","url":"https:\/\/muumimukitrahaksi.fi\/","logo":{"@type":"ImageObject","inLanguage":"sv-SE","@id":"https:\/\/muumimukitrahaksi.fi\/#\/schema\/logo\/image\/","url":"https:\/\/muumimukitrahaksi.fi\/wp-content\/uploads\/2017\/09\/logooo.jpg","contentUrl":"https:\/\/muumimukitrahaksi.fi\/wp-content\/uploads\/2017\/09\/logooo.jpg","width":514,"height":514,"caption":"Muumimukit Rahaksi"},"image":{"@id":"https:\/\/muumimukitrahaksi.fi\/#\/schema\/logo\/image\/"},"sameAs":["https:\/\/www.facebook.com\/muumimukitrahaksi\/","https:\/\/x.com\/MuumitRahaksi","https:\/\/www.instagram.com\/muumimukitrahaksi\/"]}]}},"_links":{"self":[{"href":"https:\/\/muumimukitrahaksi.fi\/sv\/wp-json\/wp\/v2\/product\/105979","targetHints":{"allow":["GET"]}}],"collection":[{"href":"https:\/\/muumimukitrahaksi.fi\/sv\/wp-json\/wp\/v2\/product"}],"about":[{"href":"https:\/\/muumimukitrahaksi.fi\/sv\/wp-json\/wp\/v2\/types\/product"}],"wp:featuredmedia":[{"embeddable":true,"href":"https:\/\/muumimukitrahaksi.fi\/sv\/wp-json\/wp\/v2\/media\/105978"}],"wp:attachment":[{"href":"https:\/\/muumimukitrahaksi.fi\/sv\/wp-json\/wp\/v2\/media?parent=105979"}],"wp:term":[{"taxonomy":"product_brand","embeddable":true,"href":"https:\/\/muumimukitrahaksi.fi\/sv\/wp-json\/wp\/v2\/product_brand?post=105979"},{"taxonomy":"product_cat","embeddable":true,"href":"https:\/\/muumimukitrahaksi.fi\/sv\/wp-json\/wp\/v2\/product_cat?post=105979"},{"taxonomy":"product_tag","embeddable":true,"href":"https:\/\/muumimukitrahaksi.fi\/sv\/wp-json\/wp\/v2\/product_tag?post=105979"}],"curies":[{"name":"wp","href":"https:\/\/api.w.org\/{rel}","templated":true}]}}