{"id":105999,"date":"2017-10-14T14:34:44","date_gmt":"2017-10-14T11:34:44","guid":{"rendered":"https:\/\/muumimukitrahaksi.fi\/tuote\/mumintallrik-sniff-illustration-pa-fram-och-baksidan-2004-2006-etikett\/"},"modified":"2017-10-14T14:34:44","modified_gmt":"2017-10-14T11:34:44","slug":"mumintallrik-sniff-illustration-pa-fram-och-baksidan-2004-2006-etikett","status":"publish","type":"product","link":"https:\/\/muumimukitrahaksi.fi\/sv\/produkt\/mumintallrik-sniff-illustration-pa-fram-och-baksidan-2004-2006-etikett\/","title":{"rendered":"Mumintallrik Sniff, illustration p\u00e5 fram- och baksidan (2004-2006) *ETIKETT*"},"content":{"rendered":"<p style=\"text-align: center;\"><strong>\u2022 Officiell Moomin Characters\u00a0 licensinnehavare \u2022 Delbetalning\/faktura \u2022 Kvalitetsgranskade produkter<\/strong><\/p>\n<p>Mumintallriken Sniff brun \u00e4r en av de f\u00f6rsta och mest v\u00e4rdefulla karakt\u00e4rstallrikarna. Tallriken var i produktion i tv\u00e5 \u00e5r. Precis som med illustrationerna p\u00e5 andra karakt\u00e4rstallrikar har Tove Slotte \u00e4ven lyckats v\u00e4lja illustrationer f\u00f6r den bruna Sniff som tydligt \u00e5terspeglar karakt\u00e4rens personlighet. Sniff \u00e4lskar alla v\u00e4rdefulla f\u00f6rem\u00e5l, dessutom \u00e4r skinande och glittrande f\u00f6rem\u00e5l s\u00e4rskilt intressanta f\u00f6r honom.<\/p>\n<p><a href=\"https:\/\/www.youtube.com\/watch?v=cCJLr8nHtyg\">Kolla videon p\u00e5 den bruna Sniff -muminmuggen, som \u00e4r ur samma serie som tallriken, p\u00e5 v\u00e5r Youtubekanal.<\/a><\/p>\n<p>Kolla in andra Sniff-produkter <a href=\"https:\/\/muumimukitrahaksi.fi\/sv\/produkt-nyckelord\/sniff-sv\/\">h\u00e4r.<\/a><\/p>\n<p>Har du en brun Sniff -mumintallrik och vill s\u00e4lja den? Vi k\u00f6per ocks\u00e5 mumintallrikar. Klicka <a href=\"https:\/\/muumimukitrahaksi.fi\/en\/sell-moomin\/\">h\u00e4r<\/a>, fyll i formul\u00e4ret och f\u00e5 en offert samma dag.<\/p>\n","protected":false},"excerpt":{"rendered":"<p style=\"text-align: center;\"><strong>\u2022 H\u00f6gklassiga varor \u2022 Snabb leverans<\/strong><\/p>\n<p>Arabias mumintallrik Sniff (ur produktion). Tallriken \u00e4r ny och har etiketten kvar. Etiketten finns p\u00e5 botten av tallriken. Tallriken \u00e4r illustrerad p\u00e5 fram- och baksidan. Tallrikarna packas med omsorg och f\u00f6rnybara material.<\/p>\n<p style=\"text-align: center;\"><strong>\u2022 S\u00e4kra betalningss\u00e4tt<\/strong><\/p>\n<p><img loading=\"lazy\" decoding=\"async\" class=\"aligncenter wp-image-20415 size-full\" src=\"https:\/\/muumimukitrahaksi.fi\/wp-content\/uploads\/2020\/06\/maksutavat-2026-pieni-eng.png\" alt=\"Payment options\" width=\"350\" height=\"200\" \/><\/p>\n","protected":false},"featured_media":106000,"template":"","meta":[],"product_brand":[],"product_cat":[527,529,532],"product_tag":[626,594,608],"class_list":{"0":"post-105999","1":"product","2":"type-product","3":"status-publish","4":"has-post-thumbnail","6":"product_cat-tallrikar","7":"product_cat-tallrikar-med-etikett","8":"product_cat-tallrikar-ur-produktion","9":"product_tag-med-etikett","10":"product_tag-mumintallrik","11":"product_tag-sniff-sv","13":"first","14":"outofstock","15":"taxable","16":"shipping-taxable","17":"purchasable","18":"product-type-simple"},"yoast_head":"<!-- This site is optimized with the Yoast SEO plugin v27.1.1 - https:\/\/yoast.com\/product\/yoast-seo-wordpress\/ -->\n<title>Mumintallrik Sniff, illustration p\u00e5 fram- och baksidan (2004-2006) *ETIKETT* - Muumimukit Rahaksi<\/title>\n<meta name=\"description\" content=\"Arabias mumintallrik Sniff (ur produktion). Tallriken \u00e4r ny och har etiketten kvar.\" \/>\n<meta name=\"robots\" content=\"index, follow, max-snippet:-1, max-image-preview:large, max-video-preview:-1\" \/>\n<link rel=\"canonical\" href=\"https:\/\/muumimukitrahaksi.fi\/produkt\/muumilautanen-nipsu-2004-2006-tarra-2\/\" \/>\n<meta property=\"og:locale\" content=\"sv_SE\" \/>\n<meta property=\"og:type\" content=\"article\" \/>\n<meta property=\"og:title\" content=\"Mumintallrik Sniff, illustration p\u00e5 fram- och baksidan (2004-2006) *ETIKETT* - Muumimukit Rahaksi\" \/>\n<meta property=\"og:description\" content=\"Arabias mumintallrik Sniff (ur produktion). Tallriken \u00e4r ny och har etiketten kvar.\" \/>\n<meta property=\"og:url\" content=\"https:\/\/muumimukitrahaksi.fi\/produkt\/muumilautanen-nipsu-2004-2006-tarra-2\/\" \/>\n<meta property=\"og:site_name\" content=\"Muumimukit Rahaksi\" \/>\n<meta property=\"article:publisher\" content=\"https:\/\/www.facebook.com\/muumimukitrahaksi\/\" \/>\n<meta property=\"og:image\" content=\"https:\/\/muumimukitrahaksi.fi\/wp-content\/uploads\/2017\/10\/DSC01090-scaled.jpg\" \/>\n\t<meta property=\"og:image:width\" content=\"2286\" \/>\n\t<meta property=\"og:image:height\" content=\"2560\" \/>\n\t<meta property=\"og:image:type\" content=\"image\/jpeg\" \/>\n<meta name=\"twitter:card\" content=\"summary_large_image\" \/>\n<meta name=\"twitter:site\" content=\"@MuumitRahaksi\" \/>\n<meta name=\"twitter:label1\" content=\"Ber\u00e4knad l\u00e4stid\" \/>\n\t<meta name=\"twitter:data1\" content=\"1 minut\" \/>\n<script type=\"application\/ld+json\" class=\"yoast-schema-graph\">{\"@context\":\"https:\/\/schema.org\",\"@graph\":[{\"@type\":\"WebPage\",\"@id\":\"https:\/\/muumimukitrahaksi.fi\/produkt\/muumilautanen-nipsu-2004-2006-tarra-2\/\",\"url\":\"https:\/\/muumimukitrahaksi.fi\/produkt\/muumilautanen-nipsu-2004-2006-tarra-2\/\",\"name\":\"Mumintallrik Sniff, illustration p\u00e5 fram- och baksidan (2004-2006) *ETIKETT* - Muumimukit Rahaksi\",\"isPartOf\":{\"@id\":\"https:\/\/muumimukitrahaksi.fi\/#website\"},\"primaryImageOfPage\":{\"@id\":\"https:\/\/muumimukitrahaksi.fi\/produkt\/muumilautanen-nipsu-2004-2006-tarra-2\/#primaryimage\"},\"image\":{\"@id\":\"https:\/\/muumimukitrahaksi.fi\/produkt\/muumilautanen-nipsu-2004-2006-tarra-2\/#primaryimage\"},\"thumbnailUrl\":\"https:\/\/muumimukitrahaksi.fi\/wp-content\/uploads\/2017\/10\/DSC01090-scaled.jpg\",\"datePublished\":\"2017-10-14T11:34:44+00:00\",\"description\":\"Arabias mumintallrik Sniff (ur produktion). Tallriken \u00e4r ny och har etiketten kvar.\",\"breadcrumb\":{\"@id\":\"https:\/\/muumimukitrahaksi.fi\/produkt\/muumilautanen-nipsu-2004-2006-tarra-2\/#breadcrumb\"},\"inLanguage\":\"sv-SE\",\"potentialAction\":[{\"@type\":\"ReadAction\",\"target\":[\"https:\/\/muumimukitrahaksi.fi\/produkt\/muumilautanen-nipsu-2004-2006-tarra-2\/\"]}]},{\"@type\":\"ImageObject\",\"inLanguage\":\"sv-SE\",\"@id\":\"https:\/\/muumimukitrahaksi.fi\/produkt\/muumilautanen-nipsu-2004-2006-tarra-2\/#primaryimage\",\"url\":\"https:\/\/muumimukitrahaksi.fi\/wp-content\/uploads\/2017\/10\/DSC01090-scaled.jpg\",\"contentUrl\":\"https:\/\/muumimukitrahaksi.fi\/wp-content\/uploads\/2017\/10\/DSC01090-scaled.jpg\",\"width\":2286,\"height\":2560,\"caption\":\"Mumintallrik Sniff\"},{\"@type\":\"BreadcrumbList\",\"@id\":\"https:\/\/muumimukitrahaksi.fi\/produkt\/muumilautanen-nipsu-2004-2006-tarra-2\/#breadcrumb\",\"itemListElement\":[{\"@type\":\"ListItem\",\"position\":1,\"name\":\"Etusivu\",\"item\":\"https:\/\/muumimukitrahaksi.fi\/sv\/\"},{\"@type\":\"ListItem\",\"position\":2,\"name\":\"Butik\",\"item\":\"https:\/\/muumimukitrahaksi.fi\/sv\/butik\/\"},{\"@type\":\"ListItem\",\"position\":3,\"name\":\"Mumintallrik Sniff, illustration p\u00e5 fram- och baksidan (2004-2006) *ETIKETT*\"}]},{\"@type\":\"WebSite\",\"@id\":\"https:\/\/muumimukitrahaksi.fi\/#website\",\"url\":\"https:\/\/muumimukitrahaksi.fi\/\",\"name\":\"Muumimukit Rahaksi\",\"description\":\"Muumimukeja, -kulhoja ja -lautasia ker\u00e4ilij\u00f6ille!\",\"publisher\":{\"@id\":\"https:\/\/muumimukitrahaksi.fi\/#organization\"},\"potentialAction\":[{\"@type\":\"SearchAction\",\"target\":{\"@type\":\"EntryPoint\",\"urlTemplate\":\"https:\/\/muumimukitrahaksi.fi\/?s={search_term_string}\"},\"query-input\":{\"@type\":\"PropertyValueSpecification\",\"valueRequired\":true,\"valueName\":\"search_term_string\"}}],\"inLanguage\":\"sv-SE\"},{\"@type\":\"Organization\",\"@id\":\"https:\/\/muumimukitrahaksi.fi\/#organization\",\"name\":\"Muumimukit Rahaksi\",\"url\":\"https:\/\/muumimukitrahaksi.fi\/\",\"logo\":{\"@type\":\"ImageObject\",\"inLanguage\":\"sv-SE\",\"@id\":\"https:\/\/muumimukitrahaksi.fi\/#\/schema\/logo\/image\/\",\"url\":\"https:\/\/muumimukitrahaksi.fi\/wp-content\/uploads\/2017\/09\/logooo.jpg\",\"contentUrl\":\"https:\/\/muumimukitrahaksi.fi\/wp-content\/uploads\/2017\/09\/logooo.jpg\",\"width\":514,\"height\":514,\"caption\":\"Muumimukit Rahaksi\"},\"image\":{\"@id\":\"https:\/\/muumimukitrahaksi.fi\/#\/schema\/logo\/image\/\"},\"sameAs\":[\"https:\/\/www.facebook.com\/muumimukitrahaksi\/\",\"https:\/\/x.com\/MuumitRahaksi\",\"https:\/\/www.instagram.com\/muumimukitrahaksi\/\"]}]}<\/script>\n<!-- \/ Yoast SEO plugin. -->","yoast_head_json":{"title":"Mumintallrik Sniff, illustration p\u00e5 fram- och baksidan (2004-2006) *ETIKETT* - Muumimukit Rahaksi","description":"Arabias mumintallrik Sniff (ur produktion). Tallriken \u00e4r ny och har etiketten kvar.","robots":{"index":"index","follow":"follow","max-snippet":"max-snippet:-1","max-image-preview":"max-image-preview:large","max-video-preview":"max-video-preview:-1"},"canonical":"https:\/\/muumimukitrahaksi.fi\/produkt\/muumilautanen-nipsu-2004-2006-tarra-2\/","og_locale":"sv_SE","og_type":"article","og_title":"Mumintallrik Sniff, illustration p\u00e5 fram- och baksidan (2004-2006) *ETIKETT* - Muumimukit Rahaksi","og_description":"Arabias mumintallrik Sniff (ur produktion). Tallriken \u00e4r ny och har etiketten kvar.","og_url":"https:\/\/muumimukitrahaksi.fi\/produkt\/muumilautanen-nipsu-2004-2006-tarra-2\/","og_site_name":"Muumimukit Rahaksi","article_publisher":"https:\/\/www.facebook.com\/muumimukitrahaksi\/","og_image":[{"width":2286,"height":2560,"url":"https:\/\/muumimukitrahaksi.fi\/wp-content\/uploads\/2017\/10\/DSC01090-scaled.jpg","type":"image\/jpeg"}],"twitter_card":"summary_large_image","twitter_site":"@MuumitRahaksi","twitter_misc":{"Ber\u00e4knad l\u00e4stid":"1 minut"},"schema":{"@context":"https:\/\/schema.org","@graph":[{"@type":"WebPage","@id":"https:\/\/muumimukitrahaksi.fi\/produkt\/muumilautanen-nipsu-2004-2006-tarra-2\/","url":"https:\/\/muumimukitrahaksi.fi\/produkt\/muumilautanen-nipsu-2004-2006-tarra-2\/","name":"Mumintallrik Sniff, illustration p\u00e5 fram- och baksidan (2004-2006) *ETIKETT* - Muumimukit Rahaksi","isPartOf":{"@id":"https:\/\/muumimukitrahaksi.fi\/#website"},"primaryImageOfPage":{"@id":"https:\/\/muumimukitrahaksi.fi\/produkt\/muumilautanen-nipsu-2004-2006-tarra-2\/#primaryimage"},"image":{"@id":"https:\/\/muumimukitrahaksi.fi\/produkt\/muumilautanen-nipsu-2004-2006-tarra-2\/#primaryimage"},"thumbnailUrl":"https:\/\/muumimukitrahaksi.fi\/wp-content\/uploads\/2017\/10\/DSC01090-scaled.jpg","datePublished":"2017-10-14T11:34:44+00:00","description":"Arabias mumintallrik Sniff (ur produktion). Tallriken \u00e4r ny och har etiketten kvar.","breadcrumb":{"@id":"https:\/\/muumimukitrahaksi.fi\/produkt\/muumilautanen-nipsu-2004-2006-tarra-2\/#breadcrumb"},"inLanguage":"sv-SE","potentialAction":[{"@type":"ReadAction","target":["https:\/\/muumimukitrahaksi.fi\/produkt\/muumilautanen-nipsu-2004-2006-tarra-2\/"]}]},{"@type":"ImageObject","inLanguage":"sv-SE","@id":"https:\/\/muumimukitrahaksi.fi\/produkt\/muumilautanen-nipsu-2004-2006-tarra-2\/#primaryimage","url":"https:\/\/muumimukitrahaksi.fi\/wp-content\/uploads\/2017\/10\/DSC01090-scaled.jpg","contentUrl":"https:\/\/muumimukitrahaksi.fi\/wp-content\/uploads\/2017\/10\/DSC01090-scaled.jpg","width":2286,"height":2560,"caption":"Mumintallrik Sniff"},{"@type":"BreadcrumbList","@id":"https:\/\/muumimukitrahaksi.fi\/produkt\/muumilautanen-nipsu-2004-2006-tarra-2\/#breadcrumb","itemListElement":[{"@type":"ListItem","position":1,"name":"Etusivu","item":"https:\/\/muumimukitrahaksi.fi\/sv\/"},{"@type":"ListItem","position":2,"name":"Butik","item":"https:\/\/muumimukitrahaksi.fi\/sv\/butik\/"},{"@type":"ListItem","position":3,"name":"Mumintallrik Sniff, illustration p\u00e5 fram- och baksidan (2004-2006) *ETIKETT*"}]},{"@type":"WebSite","@id":"https:\/\/muumimukitrahaksi.fi\/#website","url":"https:\/\/muumimukitrahaksi.fi\/","name":"Muumimukit Rahaksi","description":"Muumimukeja, -kulhoja ja -lautasia ker\u00e4ilij\u00f6ille!","publisher":{"@id":"https:\/\/muumimukitrahaksi.fi\/#organization"},"potentialAction":[{"@type":"SearchAction","target":{"@type":"EntryPoint","urlTemplate":"https:\/\/muumimukitrahaksi.fi\/?s={search_term_string}"},"query-input":{"@type":"PropertyValueSpecification","valueRequired":true,"valueName":"search_term_string"}}],"inLanguage":"sv-SE"},{"@type":"Organization","@id":"https:\/\/muumimukitrahaksi.fi\/#organization","name":"Muumimukit Rahaksi","url":"https:\/\/muumimukitrahaksi.fi\/","logo":{"@type":"ImageObject","inLanguage":"sv-SE","@id":"https:\/\/muumimukitrahaksi.fi\/#\/schema\/logo\/image\/","url":"https:\/\/muumimukitrahaksi.fi\/wp-content\/uploads\/2017\/09\/logooo.jpg","contentUrl":"https:\/\/muumimukitrahaksi.fi\/wp-content\/uploads\/2017\/09\/logooo.jpg","width":514,"height":514,"caption":"Muumimukit Rahaksi"},"image":{"@id":"https:\/\/muumimukitrahaksi.fi\/#\/schema\/logo\/image\/"},"sameAs":["https:\/\/www.facebook.com\/muumimukitrahaksi\/","https:\/\/x.com\/MuumitRahaksi","https:\/\/www.instagram.com\/muumimukitrahaksi\/"]}]}},"_links":{"self":[{"href":"https:\/\/muumimukitrahaksi.fi\/sv\/wp-json\/wp\/v2\/product\/105999","targetHints":{"allow":["GET"]}}],"collection":[{"href":"https:\/\/muumimukitrahaksi.fi\/sv\/wp-json\/wp\/v2\/product"}],"about":[{"href":"https:\/\/muumimukitrahaksi.fi\/sv\/wp-json\/wp\/v2\/types\/product"}],"wp:featuredmedia":[{"embeddable":true,"href":"https:\/\/muumimukitrahaksi.fi\/sv\/wp-json\/wp\/v2\/media\/106000"}],"wp:attachment":[{"href":"https:\/\/muumimukitrahaksi.fi\/sv\/wp-json\/wp\/v2\/media?parent=105999"}],"wp:term":[{"taxonomy":"product_brand","embeddable":true,"href":"https:\/\/muumimukitrahaksi.fi\/sv\/wp-json\/wp\/v2\/product_brand?post=105999"},{"taxonomy":"product_cat","embeddable":true,"href":"https:\/\/muumimukitrahaksi.fi\/sv\/wp-json\/wp\/v2\/product_cat?post=105999"},{"taxonomy":"product_tag","embeddable":true,"href":"https:\/\/muumimukitrahaksi.fi\/sv\/wp-json\/wp\/v2\/product_tag?post=105999"}],"curies":[{"name":"wp","href":"https:\/\/api.w.org\/{rel}","templated":true}]}}