{"id":106005,"date":"2017-10-14T14:38:06","date_gmt":"2017-10-14T11:38:06","guid":{"rendered":"https:\/\/muumimukitrahaksi.fi\/tuote\/mumintallrik-snusmumriken-illustration-pa-fram-och-baksidan-2004-2006-etikett\/"},"modified":"2017-10-14T14:38:06","modified_gmt":"2017-10-14T11:38:06","slug":"mumintallrik-snusmumriken-illustration-pa-fram-och-baksidan-2004-2006-etikett","status":"publish","type":"product","link":"https:\/\/muumimukitrahaksi.fi\/sv\/produkt\/mumintallrik-snusmumriken-illustration-pa-fram-och-baksidan-2004-2006-etikett\/","title":{"rendered":"Mumintallrik Snusmumriken, illustration p\u00e5 fram- och baksidan (2004-2006) *ETIKETT*"},"content":{"rendered":"<p style=\"text-align: center;\"><strong>\u2022 Officiell Moomin Characters\u00a0 licensinnehavare \u2022 Delbetalning\/faktura \u2022 Kvalitetsgranskade produkter<\/strong><\/p>\n<p>En av de \u00e4lskade karakt\u00e4rerna speciellt bland japanerna, Snusmumriken, fick sin f\u00f6rsta egna mumintallrik fr\u00e5n Arabia \u00e5r 2004. Snusmumriken som spelar fl\u00f6jt \u00e4r en av de mest \u00e4lskade bilderna av Snusmumriken och den h\u00e4rstammar ursprungligen fr\u00e5n Tove Janssons bilderbok Vem ska tr\u00f6sta Knyttet?.<\/p>\n<p><a href=\"https:\/\/www.youtube.com\/watch?v=33QKUKei8lU\">Kolla videon p\u00e5 Snusmumriken-muggen, som \u00e4r ur samma serie som tallriken, p\u00e5 v\u00e5r Youtubekanal.<\/a><\/p>\n<p>Kolla in andra mumintallrikar <a href=\"https:\/\/muumimukitrahaksi.fi\/tuote-osasto\/lautaset\/\">h\u00e4r.<\/a><\/p>\n<p>Har du en Snusmumriken -mumintallrik och vill s\u00e4lja den? Vi k\u00f6per ocks\u00e5 mumintallrikar. Klicka <a href=\"https:\/\/muumimukitrahaksi.fi\/en\/sell-moomin\/\">h\u00e4r<\/a>, fyll i formul\u00e4ret och f\u00e5 en offert samma dag.<\/p>\n","protected":false},"excerpt":{"rendered":"<p style=\"text-align: center;\"><strong>\u2022 H\u00f6gklassiga varor \u2022 Snabb leverans<\/strong><\/p>\n<p>Arabias mumintallrik Snusmumriken (ur produktion). Tallriken \u00e4r ny och har etiketten kvar. Tallriken \u00e4r illustrerad p\u00e5 fram- och baksidan. Tallrikarna packas med omsorg och f\u00f6rnybara material.<\/p>\n<p style=\"text-align: center;\"><strong>\u2022 S\u00e4kra betalningss\u00e4tt<\/strong><\/p>\n<p><img loading=\"lazy\" decoding=\"async\" class=\"aligncenter wp-image-20415 size-full\" src=\"https:\/\/muumimukitrahaksi.fi\/wp-content\/uploads\/2020\/06\/maksutavat-2026-pieni-eng.png\" alt=\"Payment options\" width=\"350\" height=\"200\" \/><\/p>\n","protected":false},"featured_media":106006,"template":"","meta":[],"product_brand":[],"product_cat":[527,529,532],"product_tag":[626,594,609],"class_list":{"0":"post-106005","1":"product","2":"type-product","3":"status-publish","4":"has-post-thumbnail","6":"product_cat-tallrikar","7":"product_cat-tallrikar-med-etikett","8":"product_cat-tallrikar-ur-produktion","9":"product_tag-med-etikett","10":"product_tag-mumintallrik","11":"product_tag-snusmumriken","13":"first","14":"instock","15":"taxable","16":"shipping-taxable","17":"purchasable","18":"product-type-simple"},"yoast_head":"<!-- This site is optimized with the Yoast SEO plugin v27.1.1 - https:\/\/yoast.com\/product\/yoast-seo-wordpress\/ -->\n<title>Mumintallrik Snusmumriken, illustration p\u00e5 fram- och baksidan (2004-2006) *ETIKETT* - Muumimukit Rahaksi<\/title>\n<meta name=\"description\" content=\"Arabias mumintallrik Snusmumriken (ur produktion). Tallriken \u00e4r ny och har etiketten kvar.\" \/>\n<meta name=\"robots\" content=\"index, follow, max-snippet:-1, max-image-preview:large, max-video-preview:-1\" \/>\n<link rel=\"canonical\" href=\"https:\/\/muumimukitrahaksi.fi\/produkt\/muumilautanen-nuuskamuikkunen-2004-2006-tarra-2\/\" \/>\n<meta property=\"og:locale\" content=\"sv_SE\" \/>\n<meta property=\"og:type\" content=\"article\" \/>\n<meta property=\"og:title\" content=\"Mumintallrik Snusmumriken, illustration p\u00e5 fram- och baksidan (2004-2006) *ETIKETT* - Muumimukit Rahaksi\" \/>\n<meta property=\"og:description\" content=\"Arabias mumintallrik Snusmumriken (ur produktion). Tallriken \u00e4r ny och har etiketten kvar.\" \/>\n<meta property=\"og:url\" content=\"https:\/\/muumimukitrahaksi.fi\/produkt\/muumilautanen-nuuskamuikkunen-2004-2006-tarra-2\/\" \/>\n<meta property=\"og:site_name\" content=\"Muumimukit Rahaksi\" \/>\n<meta property=\"article:publisher\" content=\"https:\/\/www.facebook.com\/muumimukitrahaksi\/\" \/>\n<meta property=\"og:image\" content=\"https:\/\/muumimukitrahaksi.fi\/wp-content\/uploads\/2021\/02\/DSC03840.jpg\" \/>\n\t<meta property=\"og:image:width\" content=\"1000\" \/>\n\t<meta property=\"og:image:height\" content=\"1000\" \/>\n\t<meta property=\"og:image:type\" content=\"image\/jpeg\" \/>\n<meta name=\"twitter:card\" content=\"summary_large_image\" \/>\n<meta name=\"twitter:site\" content=\"@MuumitRahaksi\" \/>\n<meta name=\"twitter:label1\" content=\"Ber\u00e4knad l\u00e4stid\" \/>\n\t<meta name=\"twitter:data1\" content=\"1 minut\" \/>\n<script type=\"application\/ld+json\" class=\"yoast-schema-graph\">{\"@context\":\"https:\/\/schema.org\",\"@graph\":[{\"@type\":\"WebPage\",\"@id\":\"https:\/\/muumimukitrahaksi.fi\/produkt\/muumilautanen-nuuskamuikkunen-2004-2006-tarra-2\/\",\"url\":\"https:\/\/muumimukitrahaksi.fi\/produkt\/muumilautanen-nuuskamuikkunen-2004-2006-tarra-2\/\",\"name\":\"Mumintallrik Snusmumriken, illustration p\u00e5 fram- och baksidan (2004-2006) *ETIKETT* - Muumimukit Rahaksi\",\"isPartOf\":{\"@id\":\"https:\/\/muumimukitrahaksi.fi\/#website\"},\"primaryImageOfPage\":{\"@id\":\"https:\/\/muumimukitrahaksi.fi\/produkt\/muumilautanen-nuuskamuikkunen-2004-2006-tarra-2\/#primaryimage\"},\"image\":{\"@id\":\"https:\/\/muumimukitrahaksi.fi\/produkt\/muumilautanen-nuuskamuikkunen-2004-2006-tarra-2\/#primaryimage\"},\"thumbnailUrl\":\"https:\/\/muumimukitrahaksi.fi\/wp-content\/uploads\/2021\/02\/DSC03840.jpg\",\"datePublished\":\"2017-10-14T11:38:06+00:00\",\"description\":\"Arabias mumintallrik Snusmumriken (ur produktion). Tallriken \u00e4r ny och har etiketten kvar.\",\"breadcrumb\":{\"@id\":\"https:\/\/muumimukitrahaksi.fi\/produkt\/muumilautanen-nuuskamuikkunen-2004-2006-tarra-2\/#breadcrumb\"},\"inLanguage\":\"sv-SE\",\"potentialAction\":[{\"@type\":\"ReadAction\",\"target\":[\"https:\/\/muumimukitrahaksi.fi\/produkt\/muumilautanen-nuuskamuikkunen-2004-2006-tarra-2\/\"]}]},{\"@type\":\"ImageObject\",\"inLanguage\":\"sv-SE\",\"@id\":\"https:\/\/muumimukitrahaksi.fi\/produkt\/muumilautanen-nuuskamuikkunen-2004-2006-tarra-2\/#primaryimage\",\"url\":\"https:\/\/muumimukitrahaksi.fi\/wp-content\/uploads\/2021\/02\/DSC03840.jpg\",\"contentUrl\":\"https:\/\/muumimukitrahaksi.fi\/wp-content\/uploads\/2021\/02\/DSC03840.jpg\",\"width\":1000,\"height\":1000,\"caption\":\"Mumintallrik Snusmumriken\"},{\"@type\":\"BreadcrumbList\",\"@id\":\"https:\/\/muumimukitrahaksi.fi\/produkt\/muumilautanen-nuuskamuikkunen-2004-2006-tarra-2\/#breadcrumb\",\"itemListElement\":[{\"@type\":\"ListItem\",\"position\":1,\"name\":\"Etusivu\",\"item\":\"https:\/\/muumimukitrahaksi.fi\/sv\/\"},{\"@type\":\"ListItem\",\"position\":2,\"name\":\"Butik\",\"item\":\"https:\/\/muumimukitrahaksi.fi\/sv\/butik\/\"},{\"@type\":\"ListItem\",\"position\":3,\"name\":\"Mumintallrik Snusmumriken, illustration p\u00e5 fram- och baksidan (2004-2006) *ETIKETT*\"}]},{\"@type\":\"WebSite\",\"@id\":\"https:\/\/muumimukitrahaksi.fi\/#website\",\"url\":\"https:\/\/muumimukitrahaksi.fi\/\",\"name\":\"Muumimukit Rahaksi\",\"description\":\"Muumimukeja, -kulhoja ja -lautasia ker\u00e4ilij\u00f6ille!\",\"publisher\":{\"@id\":\"https:\/\/muumimukitrahaksi.fi\/#organization\"},\"potentialAction\":[{\"@type\":\"SearchAction\",\"target\":{\"@type\":\"EntryPoint\",\"urlTemplate\":\"https:\/\/muumimukitrahaksi.fi\/?s={search_term_string}\"},\"query-input\":{\"@type\":\"PropertyValueSpecification\",\"valueRequired\":true,\"valueName\":\"search_term_string\"}}],\"inLanguage\":\"sv-SE\"},{\"@type\":\"Organization\",\"@id\":\"https:\/\/muumimukitrahaksi.fi\/#organization\",\"name\":\"Muumimukit Rahaksi\",\"url\":\"https:\/\/muumimukitrahaksi.fi\/\",\"logo\":{\"@type\":\"ImageObject\",\"inLanguage\":\"sv-SE\",\"@id\":\"https:\/\/muumimukitrahaksi.fi\/#\/schema\/logo\/image\/\",\"url\":\"https:\/\/muumimukitrahaksi.fi\/wp-content\/uploads\/2017\/09\/logooo.jpg\",\"contentUrl\":\"https:\/\/muumimukitrahaksi.fi\/wp-content\/uploads\/2017\/09\/logooo.jpg\",\"width\":514,\"height\":514,\"caption\":\"Muumimukit Rahaksi\"},\"image\":{\"@id\":\"https:\/\/muumimukitrahaksi.fi\/#\/schema\/logo\/image\/\"},\"sameAs\":[\"https:\/\/www.facebook.com\/muumimukitrahaksi\/\",\"https:\/\/x.com\/MuumitRahaksi\",\"https:\/\/www.instagram.com\/muumimukitrahaksi\/\"]}]}<\/script>\n<!-- \/ Yoast SEO plugin. -->","yoast_head_json":{"title":"Mumintallrik Snusmumriken, illustration p\u00e5 fram- och baksidan (2004-2006) *ETIKETT* - Muumimukit Rahaksi","description":"Arabias mumintallrik Snusmumriken (ur produktion). Tallriken \u00e4r ny och har etiketten kvar.","robots":{"index":"index","follow":"follow","max-snippet":"max-snippet:-1","max-image-preview":"max-image-preview:large","max-video-preview":"max-video-preview:-1"},"canonical":"https:\/\/muumimukitrahaksi.fi\/produkt\/muumilautanen-nuuskamuikkunen-2004-2006-tarra-2\/","og_locale":"sv_SE","og_type":"article","og_title":"Mumintallrik Snusmumriken, illustration p\u00e5 fram- och baksidan (2004-2006) *ETIKETT* - Muumimukit Rahaksi","og_description":"Arabias mumintallrik Snusmumriken (ur produktion). Tallriken \u00e4r ny och har etiketten kvar.","og_url":"https:\/\/muumimukitrahaksi.fi\/produkt\/muumilautanen-nuuskamuikkunen-2004-2006-tarra-2\/","og_site_name":"Muumimukit Rahaksi","article_publisher":"https:\/\/www.facebook.com\/muumimukitrahaksi\/","og_image":[{"width":1000,"height":1000,"url":"https:\/\/muumimukitrahaksi.fi\/wp-content\/uploads\/2021\/02\/DSC03840.jpg","type":"image\/jpeg"}],"twitter_card":"summary_large_image","twitter_site":"@MuumitRahaksi","twitter_misc":{"Ber\u00e4knad l\u00e4stid":"1 minut"},"schema":{"@context":"https:\/\/schema.org","@graph":[{"@type":"WebPage","@id":"https:\/\/muumimukitrahaksi.fi\/produkt\/muumilautanen-nuuskamuikkunen-2004-2006-tarra-2\/","url":"https:\/\/muumimukitrahaksi.fi\/produkt\/muumilautanen-nuuskamuikkunen-2004-2006-tarra-2\/","name":"Mumintallrik Snusmumriken, illustration p\u00e5 fram- och baksidan (2004-2006) *ETIKETT* - Muumimukit Rahaksi","isPartOf":{"@id":"https:\/\/muumimukitrahaksi.fi\/#website"},"primaryImageOfPage":{"@id":"https:\/\/muumimukitrahaksi.fi\/produkt\/muumilautanen-nuuskamuikkunen-2004-2006-tarra-2\/#primaryimage"},"image":{"@id":"https:\/\/muumimukitrahaksi.fi\/produkt\/muumilautanen-nuuskamuikkunen-2004-2006-tarra-2\/#primaryimage"},"thumbnailUrl":"https:\/\/muumimukitrahaksi.fi\/wp-content\/uploads\/2021\/02\/DSC03840.jpg","datePublished":"2017-10-14T11:38:06+00:00","description":"Arabias mumintallrik Snusmumriken (ur produktion). Tallriken \u00e4r ny och har etiketten kvar.","breadcrumb":{"@id":"https:\/\/muumimukitrahaksi.fi\/produkt\/muumilautanen-nuuskamuikkunen-2004-2006-tarra-2\/#breadcrumb"},"inLanguage":"sv-SE","potentialAction":[{"@type":"ReadAction","target":["https:\/\/muumimukitrahaksi.fi\/produkt\/muumilautanen-nuuskamuikkunen-2004-2006-tarra-2\/"]}]},{"@type":"ImageObject","inLanguage":"sv-SE","@id":"https:\/\/muumimukitrahaksi.fi\/produkt\/muumilautanen-nuuskamuikkunen-2004-2006-tarra-2\/#primaryimage","url":"https:\/\/muumimukitrahaksi.fi\/wp-content\/uploads\/2021\/02\/DSC03840.jpg","contentUrl":"https:\/\/muumimukitrahaksi.fi\/wp-content\/uploads\/2021\/02\/DSC03840.jpg","width":1000,"height":1000,"caption":"Mumintallrik Snusmumriken"},{"@type":"BreadcrumbList","@id":"https:\/\/muumimukitrahaksi.fi\/produkt\/muumilautanen-nuuskamuikkunen-2004-2006-tarra-2\/#breadcrumb","itemListElement":[{"@type":"ListItem","position":1,"name":"Etusivu","item":"https:\/\/muumimukitrahaksi.fi\/sv\/"},{"@type":"ListItem","position":2,"name":"Butik","item":"https:\/\/muumimukitrahaksi.fi\/sv\/butik\/"},{"@type":"ListItem","position":3,"name":"Mumintallrik Snusmumriken, illustration p\u00e5 fram- och baksidan (2004-2006) *ETIKETT*"}]},{"@type":"WebSite","@id":"https:\/\/muumimukitrahaksi.fi\/#website","url":"https:\/\/muumimukitrahaksi.fi\/","name":"Muumimukit Rahaksi","description":"Muumimukeja, -kulhoja ja -lautasia ker\u00e4ilij\u00f6ille!","publisher":{"@id":"https:\/\/muumimukitrahaksi.fi\/#organization"},"potentialAction":[{"@type":"SearchAction","target":{"@type":"EntryPoint","urlTemplate":"https:\/\/muumimukitrahaksi.fi\/?s={search_term_string}"},"query-input":{"@type":"PropertyValueSpecification","valueRequired":true,"valueName":"search_term_string"}}],"inLanguage":"sv-SE"},{"@type":"Organization","@id":"https:\/\/muumimukitrahaksi.fi\/#organization","name":"Muumimukit Rahaksi","url":"https:\/\/muumimukitrahaksi.fi\/","logo":{"@type":"ImageObject","inLanguage":"sv-SE","@id":"https:\/\/muumimukitrahaksi.fi\/#\/schema\/logo\/image\/","url":"https:\/\/muumimukitrahaksi.fi\/wp-content\/uploads\/2017\/09\/logooo.jpg","contentUrl":"https:\/\/muumimukitrahaksi.fi\/wp-content\/uploads\/2017\/09\/logooo.jpg","width":514,"height":514,"caption":"Muumimukit Rahaksi"},"image":{"@id":"https:\/\/muumimukitrahaksi.fi\/#\/schema\/logo\/image\/"},"sameAs":["https:\/\/www.facebook.com\/muumimukitrahaksi\/","https:\/\/x.com\/MuumitRahaksi","https:\/\/www.instagram.com\/muumimukitrahaksi\/"]}]}},"_links":{"self":[{"href":"https:\/\/muumimukitrahaksi.fi\/sv\/wp-json\/wp\/v2\/product\/106005","targetHints":{"allow":["GET"]}}],"collection":[{"href":"https:\/\/muumimukitrahaksi.fi\/sv\/wp-json\/wp\/v2\/product"}],"about":[{"href":"https:\/\/muumimukitrahaksi.fi\/sv\/wp-json\/wp\/v2\/types\/product"}],"wp:featuredmedia":[{"embeddable":true,"href":"https:\/\/muumimukitrahaksi.fi\/sv\/wp-json\/wp\/v2\/media\/106006"}],"wp:attachment":[{"href":"https:\/\/muumimukitrahaksi.fi\/sv\/wp-json\/wp\/v2\/media?parent=106005"}],"wp:term":[{"taxonomy":"product_brand","embeddable":true,"href":"https:\/\/muumimukitrahaksi.fi\/sv\/wp-json\/wp\/v2\/product_brand?post=106005"},{"taxonomy":"product_cat","embeddable":true,"href":"https:\/\/muumimukitrahaksi.fi\/sv\/wp-json\/wp\/v2\/product_cat?post=106005"},{"taxonomy":"product_tag","embeddable":true,"href":"https:\/\/muumimukitrahaksi.fi\/sv\/wp-json\/wp\/v2\/product_tag?post=106005"}],"curies":[{"name":"wp","href":"https:\/\/api.w.org\/{rel}","templated":true}]}}