{"id":106098,"date":"2016-04-02T21:46:33","date_gmt":"2016-04-02T18:46:33","guid":{"rendered":"https:\/\/muumimukitrahaksi.fi\/tuote\/mumintallrik-karlek-illustration-pa-fram-och-baksidan-2006-2007\/"},"modified":"2025-10-07T10:37:14","modified_gmt":"2025-10-07T07:37:14","slug":"mumintallrik-karlek-illustration-pa-fram-och-baksidan-2006-2007","status":"publish","type":"product","link":"https:\/\/muumimukitrahaksi.fi\/sv\/produkt\/mumintallrik-karlek-illustration-pa-fram-och-baksidan-2006-2007\/","title":{"rendered":"Mumintallrik K\u00e4rlek, illustration p\u00e5 fram- och baksidan (2006-2007)"},"content":{"rendered":"<p style=\"text-align: center;\"><strong>\u2022 Officiell Moomin Characters\u00a0 licensinnehavare \u2022 Delbetalning\/faktura \u2022 Kvalitetsgranskade produkter<\/strong><\/p>\n<p>Mumintallriken K\u00e4rlek lanserades ursprungligen redan \u00e5r 2006, illustrerad p\u00e5 b\u00e5de fram- och baksidan. \u00c5r 2014 lanserades tallriken p\u00e5 nytt, men denna g\u00e5ng illustrerad enbart p\u00e5 framsidan av tallriken. B\u00e5da versionerna producerades enbart under tv\u00e5 \u00e5rs tid. P\u00e5 tallriken finns en av de mest k\u00e4nda Muminillustrationerna, Mumintrollet och Snorkfr\u00f6ken som kramas, som \u00e4r ur Tove Janssons serie Mumin och marsm\u00e4nniskorna.<\/p>\n<p><a href=\"https:\/\/www.youtube.com\/watch?v=CKfThZr3Py8\">Kolla videon p\u00e5 K\u00e4rlek -muggen, som \u00e4r ur samma serie som tallriken, p\u00e5 v\u00e5r Youtubekanal.<\/a><\/p>\n<p>Kolla in andra K\u00e4rlek -produkter <a href=\"https:\/\/muumimukitrahaksi.fi\/sv\/produkt-nyckelord\/karlek\/\">h\u00e4r.<\/a><\/p>\n<p>Har du en K\u00e4rlek -mumintallrik och vill s\u00e4lja den? Vi k\u00f6per ocks\u00e5 mumintallrikar. Klicka <a href=\"https:\/\/muumimukitrahaksi.fi\/en\/sell-moomin\/\">h\u00e4r<\/a>, fyll i formul\u00e4ret och f\u00e5 en offert samma dag.<\/p>\n","protected":false},"excerpt":{"rendered":"<p style=\"text-align: center;\"><strong>\u2022 H\u00f6gklassiga varor \u2022 Snabb leverans<\/strong><\/p>\n<p>Arabias mumintallrik K\u00e4rlek (ur produktion). Tallriken \u00e4r i bra skick. N\u00e5gra f\u00e5 sm\u00e5 vita prickar och\/eller svaga skr\u00e5mor i glasyren. Tallriken \u00e4r illustrerad p\u00e5 fram- och baksidan. Tallrikens f\u00e4rger \u00e4r starka och glasyren har sin fina glans kvar. Tallrikarna packas med omsorg och f\u00f6rnybara material.<\/p>\n<p style=\"text-align: center;\"><strong>\u2022 S\u00e4kra betalningss\u00e4tt<\/strong><\/p>\n<p><img loading=\"lazy\" decoding=\"async\" class=\"aligncenter wp-image-20415 size-full\" src=\"https:\/\/muumimukitrahaksi.fi\/wp-content\/uploads\/2020\/06\/maksutavat-2026-pieni-eng.png\" alt=\"Payment options\" width=\"350\" height=\"200\" \/><\/p>\n","protected":false},"featured_media":106039,"template":"","meta":[],"product_brand":[],"product_cat":[527,532,530],"product_tag":[614,594,627],"class_list":{"0":"post-106098","1":"product","2":"type-product","3":"status-publish","4":"has-post-thumbnail","6":"product_cat-tallrikar","7":"product_cat-tallrikar-ur-produktion","8":"product_cat-tallrikar-utan-etikett","9":"product_tag-karlek","10":"product_tag-mumintallrik","11":"product_tag-utan-etikett","13":"first","14":"instock","15":"taxable","16":"shipping-taxable","17":"purchasable","18":"product-type-simple"},"yoast_head":"<!-- This site is optimized with the Yoast SEO plugin v27.1.1 - https:\/\/yoast.com\/product\/yoast-seo-wordpress\/ -->\n<title>Mumintallrik K\u00e4rlek, illustration p\u00e5 fram- och baksidan (2006-2007) - Muumimukit Rahaksi<\/title>\n<meta name=\"description\" content=\"Arabias mumintallrik K\u00e4rlek (ur produktion). Tallriken \u00e4r i bra skick. Tallriken \u00e4r illustrerad p\u00e5 fram- och baksidan.\" \/>\n<meta name=\"robots\" content=\"index, follow, max-snippet:-1, max-image-preview:large, max-video-preview:-1\" \/>\n<link rel=\"canonical\" href=\"https:\/\/muumimukitrahaksi.fi\/sv\/produkt\/mumintallrik-karlek-illustration-pa-fram-och-baksidan-2006-2007\/\" \/>\n<meta property=\"og:locale\" content=\"sv_SE\" \/>\n<meta property=\"og:type\" content=\"article\" \/>\n<meta property=\"og:title\" content=\"Mumintallrik K\u00e4rlek, illustration p\u00e5 fram- och baksidan (2006-2007) - Muumimukit Rahaksi\" \/>\n<meta property=\"og:description\" content=\"Arabias mumintallrik K\u00e4rlek (ur produktion). Tallriken \u00e4r i bra skick. Tallriken \u00e4r illustrerad p\u00e5 fram- och baksidan.\" \/>\n<meta property=\"og:url\" content=\"https:\/\/muumimukitrahaksi.fi\/sv\/produkt\/mumintallrik-karlek-illustration-pa-fram-och-baksidan-2006-2007\/\" \/>\n<meta property=\"og:site_name\" content=\"Muumimukit Rahaksi\" \/>\n<meta property=\"article:publisher\" content=\"https:\/\/www.facebook.com\/muumimukitrahaksi\/\" \/>\n<meta property=\"article:modified_time\" content=\"2025-10-07T07:37:14+00:00\" \/>\n<meta property=\"og:image\" content=\"https:\/\/muumimukitrahaksi.fi\/wp-content\/uploads\/2021\/03\/DSC04469.jpg\" \/>\n\t<meta property=\"og:image:width\" content=\"1000\" \/>\n\t<meta property=\"og:image:height\" content=\"1000\" \/>\n\t<meta property=\"og:image:type\" content=\"image\/jpeg\" \/>\n<meta name=\"twitter:card\" content=\"summary_large_image\" \/>\n<meta name=\"twitter:site\" content=\"@MuumitRahaksi\" \/>\n<meta name=\"twitter:label1\" content=\"Ber\u00e4knad l\u00e4stid\" \/>\n\t<meta name=\"twitter:data1\" content=\"1 minut\" \/>\n<script type=\"application\/ld+json\" class=\"yoast-schema-graph\">{\"@context\":\"https:\/\/schema.org\",\"@graph\":[{\"@type\":\"WebPage\",\"@id\":\"https:\/\/muumimukitrahaksi.fi\/sv\/produkt\/mumintallrik-karlek-illustration-pa-fram-och-baksidan-2006-2007\/\",\"url\":\"https:\/\/muumimukitrahaksi.fi\/sv\/produkt\/mumintallrik-karlek-illustration-pa-fram-och-baksidan-2006-2007\/\",\"name\":\"Mumintallrik K\u00e4rlek, illustration p\u00e5 fram- och baksidan (2006-2007) - Muumimukit Rahaksi\",\"isPartOf\":{\"@id\":\"https:\/\/muumimukitrahaksi.fi\/#website\"},\"primaryImageOfPage\":{\"@id\":\"https:\/\/muumimukitrahaksi.fi\/sv\/produkt\/mumintallrik-karlek-illustration-pa-fram-och-baksidan-2006-2007\/#primaryimage\"},\"image\":{\"@id\":\"https:\/\/muumimukitrahaksi.fi\/sv\/produkt\/mumintallrik-karlek-illustration-pa-fram-och-baksidan-2006-2007\/#primaryimage\"},\"thumbnailUrl\":\"https:\/\/muumimukitrahaksi.fi\/wp-content\/uploads\/2021\/03\/DSC04469.jpg\",\"datePublished\":\"2016-04-02T18:46:33+00:00\",\"dateModified\":\"2025-10-07T07:37:14+00:00\",\"description\":\"Arabias mumintallrik K\u00e4rlek (ur produktion). Tallriken \u00e4r i bra skick. Tallriken \u00e4r illustrerad p\u00e5 fram- och baksidan.\",\"breadcrumb\":{\"@id\":\"https:\/\/muumimukitrahaksi.fi\/sv\/produkt\/mumintallrik-karlek-illustration-pa-fram-och-baksidan-2006-2007\/#breadcrumb\"},\"inLanguage\":\"sv-SE\",\"potentialAction\":[{\"@type\":\"ReadAction\",\"target\":[\"https:\/\/muumimukitrahaksi.fi\/sv\/produkt\/mumintallrik-karlek-illustration-pa-fram-och-baksidan-2006-2007\/\"]}]},{\"@type\":\"ImageObject\",\"inLanguage\":\"sv-SE\",\"@id\":\"https:\/\/muumimukitrahaksi.fi\/sv\/produkt\/mumintallrik-karlek-illustration-pa-fram-och-baksidan-2006-2007\/#primaryimage\",\"url\":\"https:\/\/muumimukitrahaksi.fi\/wp-content\/uploads\/2021\/03\/DSC04469.jpg\",\"contentUrl\":\"https:\/\/muumimukitrahaksi.fi\/wp-content\/uploads\/2021\/03\/DSC04469.jpg\",\"width\":1000,\"height\":1000,\"caption\":\"Mumintallrik K\u00e4rlek\"},{\"@type\":\"BreadcrumbList\",\"@id\":\"https:\/\/muumimukitrahaksi.fi\/sv\/produkt\/mumintallrik-karlek-illustration-pa-fram-och-baksidan-2006-2007\/#breadcrumb\",\"itemListElement\":[{\"@type\":\"ListItem\",\"position\":1,\"name\":\"Etusivu\",\"item\":\"https:\/\/muumimukitrahaksi.fi\/sv\/\"},{\"@type\":\"ListItem\",\"position\":2,\"name\":\"Butik\",\"item\":\"https:\/\/muumimukitrahaksi.fi\/sv\/butik\/\"},{\"@type\":\"ListItem\",\"position\":3,\"name\":\"Mumintallrik K\u00e4rlek, illustration p\u00e5 fram- och baksidan (2006-2007)\"}]},{\"@type\":\"WebSite\",\"@id\":\"https:\/\/muumimukitrahaksi.fi\/#website\",\"url\":\"https:\/\/muumimukitrahaksi.fi\/\",\"name\":\"Muumimukit Rahaksi\",\"description\":\"Muumimukeja, -kulhoja ja -lautasia ker\u00e4ilij\u00f6ille!\",\"publisher\":{\"@id\":\"https:\/\/muumimukitrahaksi.fi\/#organization\"},\"potentialAction\":[{\"@type\":\"SearchAction\",\"target\":{\"@type\":\"EntryPoint\",\"urlTemplate\":\"https:\/\/muumimukitrahaksi.fi\/?s={search_term_string}\"},\"query-input\":{\"@type\":\"PropertyValueSpecification\",\"valueRequired\":true,\"valueName\":\"search_term_string\"}}],\"inLanguage\":\"sv-SE\"},{\"@type\":\"Organization\",\"@id\":\"https:\/\/muumimukitrahaksi.fi\/#organization\",\"name\":\"Muumimukit Rahaksi\",\"url\":\"https:\/\/muumimukitrahaksi.fi\/\",\"logo\":{\"@type\":\"ImageObject\",\"inLanguage\":\"sv-SE\",\"@id\":\"https:\/\/muumimukitrahaksi.fi\/#\/schema\/logo\/image\/\",\"url\":\"https:\/\/muumimukitrahaksi.fi\/wp-content\/uploads\/2017\/09\/logooo.jpg\",\"contentUrl\":\"https:\/\/muumimukitrahaksi.fi\/wp-content\/uploads\/2017\/09\/logooo.jpg\",\"width\":514,\"height\":514,\"caption\":\"Muumimukit Rahaksi\"},\"image\":{\"@id\":\"https:\/\/muumimukitrahaksi.fi\/#\/schema\/logo\/image\/\"},\"sameAs\":[\"https:\/\/www.facebook.com\/muumimukitrahaksi\/\",\"https:\/\/x.com\/MuumitRahaksi\",\"https:\/\/www.instagram.com\/muumimukitrahaksi\/\"]}]}<\/script>\n<!-- \/ Yoast SEO plugin. -->","yoast_head_json":{"title":"Mumintallrik K\u00e4rlek, illustration p\u00e5 fram- och baksidan (2006-2007) - Muumimukit Rahaksi","description":"Arabias mumintallrik K\u00e4rlek (ur produktion). Tallriken \u00e4r i bra skick. Tallriken \u00e4r illustrerad p\u00e5 fram- och baksidan.","robots":{"index":"index","follow":"follow","max-snippet":"max-snippet:-1","max-image-preview":"max-image-preview:large","max-video-preview":"max-video-preview:-1"},"canonical":"https:\/\/muumimukitrahaksi.fi\/sv\/produkt\/mumintallrik-karlek-illustration-pa-fram-och-baksidan-2006-2007\/","og_locale":"sv_SE","og_type":"article","og_title":"Mumintallrik K\u00e4rlek, illustration p\u00e5 fram- och baksidan (2006-2007) - Muumimukit Rahaksi","og_description":"Arabias mumintallrik K\u00e4rlek (ur produktion). Tallriken \u00e4r i bra skick. Tallriken \u00e4r illustrerad p\u00e5 fram- och baksidan.","og_url":"https:\/\/muumimukitrahaksi.fi\/sv\/produkt\/mumintallrik-karlek-illustration-pa-fram-och-baksidan-2006-2007\/","og_site_name":"Muumimukit Rahaksi","article_publisher":"https:\/\/www.facebook.com\/muumimukitrahaksi\/","article_modified_time":"2025-10-07T07:37:14+00:00","og_image":[{"width":1000,"height":1000,"url":"https:\/\/muumimukitrahaksi.fi\/wp-content\/uploads\/2021\/03\/DSC04469.jpg","type":"image\/jpeg"}],"twitter_card":"summary_large_image","twitter_site":"@MuumitRahaksi","twitter_misc":{"Ber\u00e4knad l\u00e4stid":"1 minut"},"schema":{"@context":"https:\/\/schema.org","@graph":[{"@type":"WebPage","@id":"https:\/\/muumimukitrahaksi.fi\/sv\/produkt\/mumintallrik-karlek-illustration-pa-fram-och-baksidan-2006-2007\/","url":"https:\/\/muumimukitrahaksi.fi\/sv\/produkt\/mumintallrik-karlek-illustration-pa-fram-och-baksidan-2006-2007\/","name":"Mumintallrik K\u00e4rlek, illustration p\u00e5 fram- och baksidan (2006-2007) - Muumimukit Rahaksi","isPartOf":{"@id":"https:\/\/muumimukitrahaksi.fi\/#website"},"primaryImageOfPage":{"@id":"https:\/\/muumimukitrahaksi.fi\/sv\/produkt\/mumintallrik-karlek-illustration-pa-fram-och-baksidan-2006-2007\/#primaryimage"},"image":{"@id":"https:\/\/muumimukitrahaksi.fi\/sv\/produkt\/mumintallrik-karlek-illustration-pa-fram-och-baksidan-2006-2007\/#primaryimage"},"thumbnailUrl":"https:\/\/muumimukitrahaksi.fi\/wp-content\/uploads\/2021\/03\/DSC04469.jpg","datePublished":"2016-04-02T18:46:33+00:00","dateModified":"2025-10-07T07:37:14+00:00","description":"Arabias mumintallrik K\u00e4rlek (ur produktion). Tallriken \u00e4r i bra skick. Tallriken \u00e4r illustrerad p\u00e5 fram- och baksidan.","breadcrumb":{"@id":"https:\/\/muumimukitrahaksi.fi\/sv\/produkt\/mumintallrik-karlek-illustration-pa-fram-och-baksidan-2006-2007\/#breadcrumb"},"inLanguage":"sv-SE","potentialAction":[{"@type":"ReadAction","target":["https:\/\/muumimukitrahaksi.fi\/sv\/produkt\/mumintallrik-karlek-illustration-pa-fram-och-baksidan-2006-2007\/"]}]},{"@type":"ImageObject","inLanguage":"sv-SE","@id":"https:\/\/muumimukitrahaksi.fi\/sv\/produkt\/mumintallrik-karlek-illustration-pa-fram-och-baksidan-2006-2007\/#primaryimage","url":"https:\/\/muumimukitrahaksi.fi\/wp-content\/uploads\/2021\/03\/DSC04469.jpg","contentUrl":"https:\/\/muumimukitrahaksi.fi\/wp-content\/uploads\/2021\/03\/DSC04469.jpg","width":1000,"height":1000,"caption":"Mumintallrik K\u00e4rlek"},{"@type":"BreadcrumbList","@id":"https:\/\/muumimukitrahaksi.fi\/sv\/produkt\/mumintallrik-karlek-illustration-pa-fram-och-baksidan-2006-2007\/#breadcrumb","itemListElement":[{"@type":"ListItem","position":1,"name":"Etusivu","item":"https:\/\/muumimukitrahaksi.fi\/sv\/"},{"@type":"ListItem","position":2,"name":"Butik","item":"https:\/\/muumimukitrahaksi.fi\/sv\/butik\/"},{"@type":"ListItem","position":3,"name":"Mumintallrik K\u00e4rlek, illustration p\u00e5 fram- och baksidan (2006-2007)"}]},{"@type":"WebSite","@id":"https:\/\/muumimukitrahaksi.fi\/#website","url":"https:\/\/muumimukitrahaksi.fi\/","name":"Muumimukit Rahaksi","description":"Muumimukeja, -kulhoja ja -lautasia ker\u00e4ilij\u00f6ille!","publisher":{"@id":"https:\/\/muumimukitrahaksi.fi\/#organization"},"potentialAction":[{"@type":"SearchAction","target":{"@type":"EntryPoint","urlTemplate":"https:\/\/muumimukitrahaksi.fi\/?s={search_term_string}"},"query-input":{"@type":"PropertyValueSpecification","valueRequired":true,"valueName":"search_term_string"}}],"inLanguage":"sv-SE"},{"@type":"Organization","@id":"https:\/\/muumimukitrahaksi.fi\/#organization","name":"Muumimukit Rahaksi","url":"https:\/\/muumimukitrahaksi.fi\/","logo":{"@type":"ImageObject","inLanguage":"sv-SE","@id":"https:\/\/muumimukitrahaksi.fi\/#\/schema\/logo\/image\/","url":"https:\/\/muumimukitrahaksi.fi\/wp-content\/uploads\/2017\/09\/logooo.jpg","contentUrl":"https:\/\/muumimukitrahaksi.fi\/wp-content\/uploads\/2017\/09\/logooo.jpg","width":514,"height":514,"caption":"Muumimukit Rahaksi"},"image":{"@id":"https:\/\/muumimukitrahaksi.fi\/#\/schema\/logo\/image\/"},"sameAs":["https:\/\/www.facebook.com\/muumimukitrahaksi\/","https:\/\/x.com\/MuumitRahaksi","https:\/\/www.instagram.com\/muumimukitrahaksi\/"]}]}},"_links":{"self":[{"href":"https:\/\/muumimukitrahaksi.fi\/sv\/wp-json\/wp\/v2\/product\/106098","targetHints":{"allow":["GET"]}}],"collection":[{"href":"https:\/\/muumimukitrahaksi.fi\/sv\/wp-json\/wp\/v2\/product"}],"about":[{"href":"https:\/\/muumimukitrahaksi.fi\/sv\/wp-json\/wp\/v2\/types\/product"}],"wp:featuredmedia":[{"embeddable":true,"href":"https:\/\/muumimukitrahaksi.fi\/sv\/wp-json\/wp\/v2\/media\/106039"}],"wp:attachment":[{"href":"https:\/\/muumimukitrahaksi.fi\/sv\/wp-json\/wp\/v2\/media?parent=106098"}],"wp:term":[{"taxonomy":"product_brand","embeddable":true,"href":"https:\/\/muumimukitrahaksi.fi\/sv\/wp-json\/wp\/v2\/product_brand?post=106098"},{"taxonomy":"product_cat","embeddable":true,"href":"https:\/\/muumimukitrahaksi.fi\/sv\/wp-json\/wp\/v2\/product_cat?post=106098"},{"taxonomy":"product_tag","embeddable":true,"href":"https:\/\/muumimukitrahaksi.fi\/sv\/wp-json\/wp\/v2\/product_tag?post=106098"}],"curies":[{"name":"wp","href":"https:\/\/api.w.org\/{rel}","templated":true}]}}