{"id":106368,"date":"2022-03-18T12:38:24","date_gmt":"2022-03-18T10:38:24","guid":{"rendered":"https:\/\/muumimukitrahaksi.fi\/tuote\/mumingafflar-snorkfroken-och-mumintrollet-2005-2013-ny\/"},"modified":"2024-03-21T16:34:59","modified_gmt":"2024-03-21T14:34:59","slug":"mumingafflar-snorkfroken-och-mumintrollet-2005-2013-ny","status":"publish","type":"product","link":"https:\/\/muumimukitrahaksi.fi\/sv\/produkt\/mumingafflar-snorkfroken-och-mumintrollet-2005-2013-ny\/","title":{"rendered":"Mumingafflar Snorkfr\u00f6ken och Mumintrollet (2005-2013) *NY*"},"content":{"rendered":"<p style=\"text-align: center;\"><strong>\u2022 Officiell Moomin Characters\u00a0 licensinnehavare \u2022 Delbetalning\/faktura \u2022 Kvalitetsgranskade produkter<\/strong><\/p>\n<p>Hackmans muminbestick \u00e4r tillverkade av rostfritt st\u00e5l och kan tv\u00e4ttas i diskmaskin. Bestickens illustrationer \u00e4r baserade p\u00e5 Tove Janssons originalteckningar, som Tove Slotte har anpassat till besticken. Muminfigurerna \u00e4r applicerade p\u00e5 besticken med transferteknik. Hackmans gafflar \u00e4r cirka 17 cm l\u00e5nga. Barnbestickens gafflar \u00e4r cirka 13 cm l\u00e5nga.<\/p>\n<p>Kolla in andra bestick <a href=\"https:\/\/muumimukitrahaksi.fi\/sv\/produkt-avdelning\/ovriga-produkter\/bestick\/\">h\u00e4r.<\/a><\/p>\n<p>Har du muminbestick och vill s\u00e4lja dem? Vi k\u00f6per ocks\u00e5 muminbestick. Klicka <a href=\"https:\/\/muumimukitrahaksi.fi\/en\/sell-moomin\/\">h\u00e4r<\/a>, fyll i formul\u00e4ret och f\u00e5 en offert samma dag.<\/p>\n","protected":false},"excerpt":{"rendered":"<p style=\"text-align: center;\"><strong>\u2022 H\u00f6gklassiga varor \u2022 Snabb leverans<\/strong><\/p>\n<p>Hackmans mumingafflar Snorkfr\u00f6ken och Mumintrollet (ur produktion). Gafflarna \u00e4r nya och kommer i den ursprungliga f\u00f6rpackningen. Produkterna packas med omsorg och f\u00f6rnybara material.<\/p>\n<p style=\"text-align: center;\"><strong>\u2022 S\u00e4kra betalningss\u00e4tt<\/strong><\/p>\n<p><img loading=\"lazy\" decoding=\"async\" class=\"aligncenter wp-image-20415 size-full\" src=\"https:\/\/muumimukitrahaksi.fi\/wp-content\/uploads\/2020\/06\/maksutavat-2026-pieni-eng.png\" alt=\"Payment options\" width=\"350\" height=\"200\" \/><\/p>\n","protected":false},"featured_media":106369,"template":"","meta":[],"product_brand":[],"product_cat":[549,548],"product_tag":[588,599,606],"class_list":{"0":"post-106368","1":"product","2":"type-product","3":"status-publish","4":"has-post-thumbnail","6":"product_cat-bestick","7":"product_cat-ovriga-produkter","8":"product_tag-muminbestick","9":"product_tag-mumintrollet","10":"product_tag-snorkfroken","12":"first","13":"outofstock","14":"taxable","15":"shipping-taxable","16":"purchasable","17":"product-type-simple"},"yoast_head":"<!-- This site is optimized with the Yoast SEO plugin v27.1.1 - https:\/\/yoast.com\/product\/yoast-seo-wordpress\/ -->\n<title>Mumingafflar Snorkfr\u00f6ken och Mumintrollet (2005-2013) *NY* - Muumimukit Rahaksi<\/title>\n<meta name=\"description\" content=\"Hackmans mumingafflar Snorkfr\u00f6ken och Mumintrollet (ur produktion). Gafflarna \u00e4r nya och kommer i den ursprungliga f\u00f6rpackningen.\" \/>\n<meta name=\"robots\" content=\"index, follow, max-snippet:-1, max-image-preview:large, max-video-preview:-1\" \/>\n<link rel=\"canonical\" href=\"https:\/\/muumimukitrahaksi.fi\/produkt\/muumi-haarukat-niiskuneiti-ja-muumipeikko-2005-2013-uusi\/\" \/>\n<meta property=\"og:locale\" content=\"sv_SE\" \/>\n<meta property=\"og:type\" content=\"article\" \/>\n<meta property=\"og:title\" content=\"Mumingafflar Snorkfr\u00f6ken och Mumintrollet (2005-2013) *NY* - Muumimukit Rahaksi\" \/>\n<meta property=\"og:description\" content=\"Hackmans mumingafflar Snorkfr\u00f6ken och Mumintrollet (ur produktion). Gafflarna \u00e4r nya och kommer i den ursprungliga f\u00f6rpackningen.\" \/>\n<meta property=\"og:url\" content=\"https:\/\/muumimukitrahaksi.fi\/produkt\/muumi-haarukat-niiskuneiti-ja-muumipeikko-2005-2013-uusi\/\" \/>\n<meta property=\"og:site_name\" content=\"Muumimukit Rahaksi\" \/>\n<meta property=\"article:publisher\" content=\"https:\/\/www.facebook.com\/muumimukitrahaksi\/\" \/>\n<meta property=\"article:modified_time\" content=\"2024-03-21T14:34:59+00:00\" \/>\n<meta property=\"og:image\" content=\"https:\/\/muumimukitrahaksi.fi\/wp-content\/uploads\/2022\/03\/DSC02120.jpg\" \/>\n\t<meta property=\"og:image:width\" content=\"1000\" \/>\n\t<meta property=\"og:image:height\" content=\"1000\" \/>\n\t<meta property=\"og:image:type\" content=\"image\/jpeg\" \/>\n<meta name=\"twitter:card\" content=\"summary_large_image\" \/>\n<meta name=\"twitter:site\" content=\"@MuumitRahaksi\" \/>\n<script type=\"application\/ld+json\" class=\"yoast-schema-graph\">{\"@context\":\"https:\/\/schema.org\",\"@graph\":[{\"@type\":\"WebPage\",\"@id\":\"https:\/\/muumimukitrahaksi.fi\/produkt\/muumi-haarukat-niiskuneiti-ja-muumipeikko-2005-2013-uusi\/\",\"url\":\"https:\/\/muumimukitrahaksi.fi\/produkt\/muumi-haarukat-niiskuneiti-ja-muumipeikko-2005-2013-uusi\/\",\"name\":\"Mumingafflar Snorkfr\u00f6ken och Mumintrollet (2005-2013) *NY* - Muumimukit Rahaksi\",\"isPartOf\":{\"@id\":\"https:\/\/muumimukitrahaksi.fi\/#website\"},\"primaryImageOfPage\":{\"@id\":\"https:\/\/muumimukitrahaksi.fi\/produkt\/muumi-haarukat-niiskuneiti-ja-muumipeikko-2005-2013-uusi\/#primaryimage\"},\"image\":{\"@id\":\"https:\/\/muumimukitrahaksi.fi\/produkt\/muumi-haarukat-niiskuneiti-ja-muumipeikko-2005-2013-uusi\/#primaryimage\"},\"thumbnailUrl\":\"https:\/\/muumimukitrahaksi.fi\/wp-content\/uploads\/2022\/03\/DSC02120.jpg\",\"datePublished\":\"2022-03-18T10:38:24+00:00\",\"dateModified\":\"2024-03-21T14:34:59+00:00\",\"description\":\"Hackmans mumingafflar Snorkfr\u00f6ken och Mumintrollet (ur produktion). Gafflarna \u00e4r nya och kommer i den ursprungliga f\u00f6rpackningen.\",\"breadcrumb\":{\"@id\":\"https:\/\/muumimukitrahaksi.fi\/produkt\/muumi-haarukat-niiskuneiti-ja-muumipeikko-2005-2013-uusi\/#breadcrumb\"},\"inLanguage\":\"sv-SE\",\"potentialAction\":[{\"@type\":\"ReadAction\",\"target\":[\"https:\/\/muumimukitrahaksi.fi\/produkt\/muumi-haarukat-niiskuneiti-ja-muumipeikko-2005-2013-uusi\/\"]}]},{\"@type\":\"ImageObject\",\"inLanguage\":\"sv-SE\",\"@id\":\"https:\/\/muumimukitrahaksi.fi\/produkt\/muumi-haarukat-niiskuneiti-ja-muumipeikko-2005-2013-uusi\/#primaryimage\",\"url\":\"https:\/\/muumimukitrahaksi.fi\/wp-content\/uploads\/2022\/03\/DSC02120.jpg\",\"contentUrl\":\"https:\/\/muumimukitrahaksi.fi\/wp-content\/uploads\/2022\/03\/DSC02120.jpg\",\"width\":1000,\"height\":1000,\"caption\":\"Mumingafflar Snorkfr\u00f6ken och Mumintrollet\"},{\"@type\":\"BreadcrumbList\",\"@id\":\"https:\/\/muumimukitrahaksi.fi\/produkt\/muumi-haarukat-niiskuneiti-ja-muumipeikko-2005-2013-uusi\/#breadcrumb\",\"itemListElement\":[{\"@type\":\"ListItem\",\"position\":1,\"name\":\"Etusivu\",\"item\":\"https:\/\/muumimukitrahaksi.fi\/sv\/\"},{\"@type\":\"ListItem\",\"position\":2,\"name\":\"Butik\",\"item\":\"https:\/\/muumimukitrahaksi.fi\/sv\/butik\/\"},{\"@type\":\"ListItem\",\"position\":3,\"name\":\"Mumingafflar Snorkfr\u00f6ken och Mumintrollet (2005-2013) *NY*\"}]},{\"@type\":\"WebSite\",\"@id\":\"https:\/\/muumimukitrahaksi.fi\/#website\",\"url\":\"https:\/\/muumimukitrahaksi.fi\/\",\"name\":\"Muumimukit Rahaksi\",\"description\":\"Muumimukeja, -kulhoja ja -lautasia ker\u00e4ilij\u00f6ille!\",\"publisher\":{\"@id\":\"https:\/\/muumimukitrahaksi.fi\/#organization\"},\"potentialAction\":[{\"@type\":\"SearchAction\",\"target\":{\"@type\":\"EntryPoint\",\"urlTemplate\":\"https:\/\/muumimukitrahaksi.fi\/?s={search_term_string}\"},\"query-input\":{\"@type\":\"PropertyValueSpecification\",\"valueRequired\":true,\"valueName\":\"search_term_string\"}}],\"inLanguage\":\"sv-SE\"},{\"@type\":\"Organization\",\"@id\":\"https:\/\/muumimukitrahaksi.fi\/#organization\",\"name\":\"Muumimukit Rahaksi\",\"url\":\"https:\/\/muumimukitrahaksi.fi\/\",\"logo\":{\"@type\":\"ImageObject\",\"inLanguage\":\"sv-SE\",\"@id\":\"https:\/\/muumimukitrahaksi.fi\/#\/schema\/logo\/image\/\",\"url\":\"https:\/\/muumimukitrahaksi.fi\/wp-content\/uploads\/2017\/09\/logooo.jpg\",\"contentUrl\":\"https:\/\/muumimukitrahaksi.fi\/wp-content\/uploads\/2017\/09\/logooo.jpg\",\"width\":514,\"height\":514,\"caption\":\"Muumimukit Rahaksi\"},\"image\":{\"@id\":\"https:\/\/muumimukitrahaksi.fi\/#\/schema\/logo\/image\/\"},\"sameAs\":[\"https:\/\/www.facebook.com\/muumimukitrahaksi\/\",\"https:\/\/x.com\/MuumitRahaksi\",\"https:\/\/www.instagram.com\/muumimukitrahaksi\/\"]}]}<\/script>\n<!-- \/ Yoast SEO plugin. -->","yoast_head_json":{"title":"Mumingafflar Snorkfr\u00f6ken och Mumintrollet (2005-2013) *NY* - Muumimukit Rahaksi","description":"Hackmans mumingafflar Snorkfr\u00f6ken och Mumintrollet (ur produktion). Gafflarna \u00e4r nya och kommer i den ursprungliga f\u00f6rpackningen.","robots":{"index":"index","follow":"follow","max-snippet":"max-snippet:-1","max-image-preview":"max-image-preview:large","max-video-preview":"max-video-preview:-1"},"canonical":"https:\/\/muumimukitrahaksi.fi\/produkt\/muumi-haarukat-niiskuneiti-ja-muumipeikko-2005-2013-uusi\/","og_locale":"sv_SE","og_type":"article","og_title":"Mumingafflar Snorkfr\u00f6ken och Mumintrollet (2005-2013) *NY* - Muumimukit Rahaksi","og_description":"Hackmans mumingafflar Snorkfr\u00f6ken och Mumintrollet (ur produktion). Gafflarna \u00e4r nya och kommer i den ursprungliga f\u00f6rpackningen.","og_url":"https:\/\/muumimukitrahaksi.fi\/produkt\/muumi-haarukat-niiskuneiti-ja-muumipeikko-2005-2013-uusi\/","og_site_name":"Muumimukit Rahaksi","article_publisher":"https:\/\/www.facebook.com\/muumimukitrahaksi\/","article_modified_time":"2024-03-21T14:34:59+00:00","og_image":[{"width":1000,"height":1000,"url":"https:\/\/muumimukitrahaksi.fi\/wp-content\/uploads\/2022\/03\/DSC02120.jpg","type":"image\/jpeg"}],"twitter_card":"summary_large_image","twitter_site":"@MuumitRahaksi","schema":{"@context":"https:\/\/schema.org","@graph":[{"@type":"WebPage","@id":"https:\/\/muumimukitrahaksi.fi\/produkt\/muumi-haarukat-niiskuneiti-ja-muumipeikko-2005-2013-uusi\/","url":"https:\/\/muumimukitrahaksi.fi\/produkt\/muumi-haarukat-niiskuneiti-ja-muumipeikko-2005-2013-uusi\/","name":"Mumingafflar Snorkfr\u00f6ken och Mumintrollet (2005-2013) *NY* - Muumimukit Rahaksi","isPartOf":{"@id":"https:\/\/muumimukitrahaksi.fi\/#website"},"primaryImageOfPage":{"@id":"https:\/\/muumimukitrahaksi.fi\/produkt\/muumi-haarukat-niiskuneiti-ja-muumipeikko-2005-2013-uusi\/#primaryimage"},"image":{"@id":"https:\/\/muumimukitrahaksi.fi\/produkt\/muumi-haarukat-niiskuneiti-ja-muumipeikko-2005-2013-uusi\/#primaryimage"},"thumbnailUrl":"https:\/\/muumimukitrahaksi.fi\/wp-content\/uploads\/2022\/03\/DSC02120.jpg","datePublished":"2022-03-18T10:38:24+00:00","dateModified":"2024-03-21T14:34:59+00:00","description":"Hackmans mumingafflar Snorkfr\u00f6ken och Mumintrollet (ur produktion). Gafflarna \u00e4r nya och kommer i den ursprungliga f\u00f6rpackningen.","breadcrumb":{"@id":"https:\/\/muumimukitrahaksi.fi\/produkt\/muumi-haarukat-niiskuneiti-ja-muumipeikko-2005-2013-uusi\/#breadcrumb"},"inLanguage":"sv-SE","potentialAction":[{"@type":"ReadAction","target":["https:\/\/muumimukitrahaksi.fi\/produkt\/muumi-haarukat-niiskuneiti-ja-muumipeikko-2005-2013-uusi\/"]}]},{"@type":"ImageObject","inLanguage":"sv-SE","@id":"https:\/\/muumimukitrahaksi.fi\/produkt\/muumi-haarukat-niiskuneiti-ja-muumipeikko-2005-2013-uusi\/#primaryimage","url":"https:\/\/muumimukitrahaksi.fi\/wp-content\/uploads\/2022\/03\/DSC02120.jpg","contentUrl":"https:\/\/muumimukitrahaksi.fi\/wp-content\/uploads\/2022\/03\/DSC02120.jpg","width":1000,"height":1000,"caption":"Mumingafflar Snorkfr\u00f6ken och Mumintrollet"},{"@type":"BreadcrumbList","@id":"https:\/\/muumimukitrahaksi.fi\/produkt\/muumi-haarukat-niiskuneiti-ja-muumipeikko-2005-2013-uusi\/#breadcrumb","itemListElement":[{"@type":"ListItem","position":1,"name":"Etusivu","item":"https:\/\/muumimukitrahaksi.fi\/sv\/"},{"@type":"ListItem","position":2,"name":"Butik","item":"https:\/\/muumimukitrahaksi.fi\/sv\/butik\/"},{"@type":"ListItem","position":3,"name":"Mumingafflar Snorkfr\u00f6ken och Mumintrollet (2005-2013) *NY*"}]},{"@type":"WebSite","@id":"https:\/\/muumimukitrahaksi.fi\/#website","url":"https:\/\/muumimukitrahaksi.fi\/","name":"Muumimukit Rahaksi","description":"Muumimukeja, -kulhoja ja -lautasia ker\u00e4ilij\u00f6ille!","publisher":{"@id":"https:\/\/muumimukitrahaksi.fi\/#organization"},"potentialAction":[{"@type":"SearchAction","target":{"@type":"EntryPoint","urlTemplate":"https:\/\/muumimukitrahaksi.fi\/?s={search_term_string}"},"query-input":{"@type":"PropertyValueSpecification","valueRequired":true,"valueName":"search_term_string"}}],"inLanguage":"sv-SE"},{"@type":"Organization","@id":"https:\/\/muumimukitrahaksi.fi\/#organization","name":"Muumimukit Rahaksi","url":"https:\/\/muumimukitrahaksi.fi\/","logo":{"@type":"ImageObject","inLanguage":"sv-SE","@id":"https:\/\/muumimukitrahaksi.fi\/#\/schema\/logo\/image\/","url":"https:\/\/muumimukitrahaksi.fi\/wp-content\/uploads\/2017\/09\/logooo.jpg","contentUrl":"https:\/\/muumimukitrahaksi.fi\/wp-content\/uploads\/2017\/09\/logooo.jpg","width":514,"height":514,"caption":"Muumimukit Rahaksi"},"image":{"@id":"https:\/\/muumimukitrahaksi.fi\/#\/schema\/logo\/image\/"},"sameAs":["https:\/\/www.facebook.com\/muumimukitrahaksi\/","https:\/\/x.com\/MuumitRahaksi","https:\/\/www.instagram.com\/muumimukitrahaksi\/"]}]}},"_links":{"self":[{"href":"https:\/\/muumimukitrahaksi.fi\/sv\/wp-json\/wp\/v2\/product\/106368","targetHints":{"allow":["GET"]}}],"collection":[{"href":"https:\/\/muumimukitrahaksi.fi\/sv\/wp-json\/wp\/v2\/product"}],"about":[{"href":"https:\/\/muumimukitrahaksi.fi\/sv\/wp-json\/wp\/v2\/types\/product"}],"wp:featuredmedia":[{"embeddable":true,"href":"https:\/\/muumimukitrahaksi.fi\/sv\/wp-json\/wp\/v2\/media\/106369"}],"wp:attachment":[{"href":"https:\/\/muumimukitrahaksi.fi\/sv\/wp-json\/wp\/v2\/media?parent=106368"}],"wp:term":[{"taxonomy":"product_brand","embeddable":true,"href":"https:\/\/muumimukitrahaksi.fi\/sv\/wp-json\/wp\/v2\/product_brand?post=106368"},{"taxonomy":"product_cat","embeddable":true,"href":"https:\/\/muumimukitrahaksi.fi\/sv\/wp-json\/wp\/v2\/product_cat?post=106368"},{"taxonomy":"product_tag","embeddable":true,"href":"https:\/\/muumimukitrahaksi.fi\/sv\/wp-json\/wp\/v2\/product_tag?post=106368"}],"curies":[{"name":"wp","href":"https:\/\/api.w.org\/{rel}","templated":true}]}}