{"id":106676,"date":"2018-01-21T20:59:24","date_gmt":"2018-01-21T18:59:24","guid":{"rendered":"https:\/\/muumimukitrahaksi.fi\/tuote\/muminfigur-mumintrollet-1956-1963\/"},"modified":"2025-02-25T17:00:46","modified_gmt":"2025-02-25T15:00:46","slug":"muminfigur-mumintrollet-1956-1963","status":"publish","type":"product","link":"https:\/\/muumimukitrahaksi.fi\/sv\/produkt\/muminfigur-mumintrollet-1956-1963\/","title":{"rendered":"Muminfigur Mumintrollet (1956-1963)"},"content":{"rendered":"<p style=\"text-align: center;\"><strong>\u2022 Officiell Moomin Characters\u00a0 licensinnehavare \u2022 Delbetalning\/faktura \u2022 Kvalitetsgranskade produkter<\/strong><\/p>\n<p>Muminfiguren Mumintrollet, \u00e4r en mycket s\u00e4llsynt muminfigur handgjord av Leo Tykkyl\u00e4inen. Leo Tykkyl\u00e4inen (1919-1984) fick \u00e5r 1956 exklusiva r\u00e4ttigheter fr\u00e5n Tove Jansson att tillverka sm\u00e5 keramiska muminfigurer f\u00f6r varuhuset Stockmann. Tykkyl\u00e4inen tillverkade i sin verkstad ungef\u00e4r tio olika muminfigurer, uppskattningsvis totalt cirka 15 000 stycken med m\u00e5nga olika f\u00e4rgvariationer. Alla figurer \u00e4r handgjorda. \u00c5r 1964 blev Tykkyl\u00e4inen anst\u00e4lld p\u00e5 Arabias fabrik, d\u00e5 \u00e4ven tillverkningsr\u00e4ttigheterna f\u00f6r muminfigurerna \u00f6verf\u00f6rdes till Arabia. Figuren \u00e4r cirka 4,5 cm l\u00e5ng.<\/p>\n<p>Figurerna tillverkades mellan \u00e5ren 1956 och 1963. I figurerna f\u00f6rekommer Muminpappan, Muminmamman, Mumintrollet, Snorkfr\u00f6ken, Polism\u00e4staren, Too-Ticki, Mymlan, Snusmumriken, Lilla My och Misan.<\/p>\n<p>Kolla in andra muminfigurer <a href=\"https:\/\/muumimukitrahaksi.fi\/sv\/produkt-nyckelord\/muminfigur\/\">h\u00e4r.<\/a><\/p>\n<p>Har du en muminfigur och vill s\u00e4lja den? Vi k\u00f6per ocks\u00e5 muminfigurer. Klicka <a href=\"https:\/\/muumimukitrahaksi.fi\/en\/sell-moomin\/\">h\u00e4r<\/a>, fyll i formul\u00e4ret och f\u00e5 en offert samma dag.<\/p>\n","protected":false},"excerpt":{"rendered":"<p style=\"text-align: center;\"><strong>\u2022 H\u00f6gklassiga varor \u2022 Snabb leverans<\/strong><\/p>\n<p>Muminfiguren Mumintrollet, \u00e4r en mycket s\u00e4llsynt muminfigur handgjord av Leo Tykkyl\u00e4inen (ur produktion). Figuren \u00e4r ca. 4,5 cm l\u00e5ng. Figuren \u00e4r i d\u00e5ligt skick. Det saknas delar p\u00e5 Mumintrollets b\u00e5da \u00f6ron och p\u00e5 den h\u00f6gra foten. Det finns \u00e4ven en spricka p\u00e5 baksidan av figuren och p\u00e5 ansiktet. Dessa 50-tals figurer \u00e4r ytterst sv\u00e5ra att hitta i felfritt skick. Figuren packas med omsorg och f\u00f6rnybara material.<\/p>\n<p style=\"text-align: center;\"><strong>\u2022 S\u00e4kra betalningss\u00e4tt<\/strong><\/p>\n<p><img loading=\"lazy\" decoding=\"async\" class=\"aligncenter wp-image-20415 size-full\" src=\"https:\/\/muumimukitrahaksi.fi\/wp-content\/uploads\/2020\/06\/maksutavat-2026-pieni-eng.png\" alt=\"Payment options\" width=\"350\" height=\"200\" \/><\/p>\n","protected":false},"featured_media":123643,"template":"","meta":[],"product_brand":[],"product_cat":[550,548],"product_tag":[563,589,599],"class_list":{"0":"post-106676","1":"product","2":"type-product","3":"status-publish","4":"has-post-thumbnail","6":"product_cat-figurer","7":"product_cat-ovriga-produkter","8":"product_tag-50-tal","9":"product_tag-muminfigur","10":"product_tag-mumintrollet","11":"product_shipping_class-iso-tuote-sv","13":"first","14":"outofstock","15":"taxable","16":"shipping-taxable","17":"purchasable","18":"product-type-simple"},"yoast_head":"<!-- This site is optimized with the Yoast SEO plugin v27.1.1 - https:\/\/yoast.com\/product\/yoast-seo-wordpress\/ -->\n<title>Muminfigur Mumintrollet (1956-1963) - Muumimukit Rahaksi<\/title>\n<meta name=\"description\" content=\"Muminfiguren Mumintrollet, \u00e4r en mycket s\u00e4llsynt muminfigur handgjord av Leo Tykkyl\u00e4inen (ur produktion). Figuren \u00e4r ca. 4,5 cm l\u00e5ng. Figuren \u00e4r i bra skick.\" \/>\n<meta name=\"robots\" content=\"index, follow, max-snippet:-1, max-image-preview:large, max-video-preview:-1\" \/>\n<link rel=\"canonical\" href=\"https:\/\/muumimukitrahaksi.fi\/produkt\/muumifiguuri-muumipeikko-1950-luku\/\" \/>\n<meta property=\"og:locale\" content=\"sv_SE\" \/>\n<meta property=\"og:type\" content=\"article\" \/>\n<meta property=\"og:title\" content=\"Muminfigur Mumintrollet (1956-1963) - Muumimukit Rahaksi\" \/>\n<meta property=\"og:description\" content=\"Muminfiguren Mumintrollet, \u00e4r en mycket s\u00e4llsynt muminfigur handgjord av Leo Tykkyl\u00e4inen (ur produktion). Figuren \u00e4r ca. 4,5 cm l\u00e5ng. Figuren \u00e4r i bra skick.\" \/>\n<meta property=\"og:url\" content=\"https:\/\/muumimukitrahaksi.fi\/produkt\/muumifiguuri-muumipeikko-1950-luku\/\" \/>\n<meta property=\"og:site_name\" content=\"Muumimukit Rahaksi\" \/>\n<meta property=\"article:publisher\" content=\"https:\/\/www.facebook.com\/muumimukitrahaksi\/\" \/>\n<meta property=\"article:modified_time\" content=\"2025-02-25T15:00:46+00:00\" \/>\n<meta property=\"og:image\" content=\"https:\/\/muumimukitrahaksi.fi\/wp-content\/uploads\/2025\/01\/DSC05466.jpg\" \/>\n\t<meta property=\"og:image:width\" content=\"1000\" \/>\n\t<meta property=\"og:image:height\" content=\"1000\" \/>\n\t<meta property=\"og:image:type\" content=\"image\/jpeg\" \/>\n<meta name=\"twitter:card\" content=\"summary_large_image\" \/>\n<meta name=\"twitter:site\" content=\"@MuumitRahaksi\" \/>\n<meta name=\"twitter:label1\" content=\"Ber\u00e4knad l\u00e4stid\" \/>\n\t<meta name=\"twitter:data1\" content=\"1 minut\" \/>\n<script type=\"application\/ld+json\" class=\"yoast-schema-graph\">{\"@context\":\"https:\/\/schema.org\",\"@graph\":[{\"@type\":\"WebPage\",\"@id\":\"https:\/\/muumimukitrahaksi.fi\/produkt\/muumifiguuri-muumipeikko-1950-luku\/\",\"url\":\"https:\/\/muumimukitrahaksi.fi\/produkt\/muumifiguuri-muumipeikko-1950-luku\/\",\"name\":\"Muminfigur Mumintrollet (1956-1963) - Muumimukit Rahaksi\",\"isPartOf\":{\"@id\":\"https:\/\/muumimukitrahaksi.fi\/#website\"},\"primaryImageOfPage\":{\"@id\":\"https:\/\/muumimukitrahaksi.fi\/produkt\/muumifiguuri-muumipeikko-1950-luku\/#primaryimage\"},\"image\":{\"@id\":\"https:\/\/muumimukitrahaksi.fi\/produkt\/muumifiguuri-muumipeikko-1950-luku\/#primaryimage\"},\"thumbnailUrl\":\"https:\/\/muumimukitrahaksi.fi\/wp-content\/uploads\/2025\/01\/DSC05466.jpg\",\"datePublished\":\"2018-01-21T18:59:24+00:00\",\"dateModified\":\"2025-02-25T15:00:46+00:00\",\"description\":\"Muminfiguren Mumintrollet, \u00e4r en mycket s\u00e4llsynt muminfigur handgjord av Leo Tykkyl\u00e4inen (ur produktion). Figuren \u00e4r ca. 4,5 cm l\u00e5ng. Figuren \u00e4r i bra skick.\",\"breadcrumb\":{\"@id\":\"https:\/\/muumimukitrahaksi.fi\/produkt\/muumifiguuri-muumipeikko-1950-luku\/#breadcrumb\"},\"inLanguage\":\"sv-SE\",\"potentialAction\":[{\"@type\":\"ReadAction\",\"target\":[\"https:\/\/muumimukitrahaksi.fi\/produkt\/muumifiguuri-muumipeikko-1950-luku\/\"]}]},{\"@type\":\"ImageObject\",\"inLanguage\":\"sv-SE\",\"@id\":\"https:\/\/muumimukitrahaksi.fi\/produkt\/muumifiguuri-muumipeikko-1950-luku\/#primaryimage\",\"url\":\"https:\/\/muumimukitrahaksi.fi\/wp-content\/uploads\/2025\/01\/DSC05466.jpg\",\"contentUrl\":\"https:\/\/muumimukitrahaksi.fi\/wp-content\/uploads\/2025\/01\/DSC05466.jpg\",\"width\":1000,\"height\":1000,\"caption\":\"Muumifiguuri Muumipeikko\"},{\"@type\":\"BreadcrumbList\",\"@id\":\"https:\/\/muumimukitrahaksi.fi\/produkt\/muumifiguuri-muumipeikko-1950-luku\/#breadcrumb\",\"itemListElement\":[{\"@type\":\"ListItem\",\"position\":1,\"name\":\"Etusivu\",\"item\":\"https:\/\/muumimukitrahaksi.fi\/sv\/\"},{\"@type\":\"ListItem\",\"position\":2,\"name\":\"Butik\",\"item\":\"https:\/\/muumimukitrahaksi.fi\/sv\/butik\/\"},{\"@type\":\"ListItem\",\"position\":3,\"name\":\"Muminfigur Mumintrollet (1956-1963)\"}]},{\"@type\":\"WebSite\",\"@id\":\"https:\/\/muumimukitrahaksi.fi\/#website\",\"url\":\"https:\/\/muumimukitrahaksi.fi\/\",\"name\":\"Muumimukit Rahaksi\",\"description\":\"Muumimukeja, -kulhoja ja -lautasia ker\u00e4ilij\u00f6ille!\",\"publisher\":{\"@id\":\"https:\/\/muumimukitrahaksi.fi\/#organization\"},\"potentialAction\":[{\"@type\":\"SearchAction\",\"target\":{\"@type\":\"EntryPoint\",\"urlTemplate\":\"https:\/\/muumimukitrahaksi.fi\/?s={search_term_string}\"},\"query-input\":{\"@type\":\"PropertyValueSpecification\",\"valueRequired\":true,\"valueName\":\"search_term_string\"}}],\"inLanguage\":\"sv-SE\"},{\"@type\":\"Organization\",\"@id\":\"https:\/\/muumimukitrahaksi.fi\/#organization\",\"name\":\"Muumimukit Rahaksi\",\"url\":\"https:\/\/muumimukitrahaksi.fi\/\",\"logo\":{\"@type\":\"ImageObject\",\"inLanguage\":\"sv-SE\",\"@id\":\"https:\/\/muumimukitrahaksi.fi\/#\/schema\/logo\/image\/\",\"url\":\"https:\/\/muumimukitrahaksi.fi\/wp-content\/uploads\/2017\/09\/logooo.jpg\",\"contentUrl\":\"https:\/\/muumimukitrahaksi.fi\/wp-content\/uploads\/2017\/09\/logooo.jpg\",\"width\":514,\"height\":514,\"caption\":\"Muumimukit Rahaksi\"},\"image\":{\"@id\":\"https:\/\/muumimukitrahaksi.fi\/#\/schema\/logo\/image\/\"},\"sameAs\":[\"https:\/\/www.facebook.com\/muumimukitrahaksi\/\",\"https:\/\/x.com\/MuumitRahaksi\",\"https:\/\/www.instagram.com\/muumimukitrahaksi\/\"]}]}<\/script>\n<!-- \/ Yoast SEO plugin. -->","yoast_head_json":{"title":"Muminfigur Mumintrollet (1956-1963) - Muumimukit Rahaksi","description":"Muminfiguren Mumintrollet, \u00e4r en mycket s\u00e4llsynt muminfigur handgjord av Leo Tykkyl\u00e4inen (ur produktion). Figuren \u00e4r ca. 4,5 cm l\u00e5ng. Figuren \u00e4r i bra skick.","robots":{"index":"index","follow":"follow","max-snippet":"max-snippet:-1","max-image-preview":"max-image-preview:large","max-video-preview":"max-video-preview:-1"},"canonical":"https:\/\/muumimukitrahaksi.fi\/produkt\/muumifiguuri-muumipeikko-1950-luku\/","og_locale":"sv_SE","og_type":"article","og_title":"Muminfigur Mumintrollet (1956-1963) - Muumimukit Rahaksi","og_description":"Muminfiguren Mumintrollet, \u00e4r en mycket s\u00e4llsynt muminfigur handgjord av Leo Tykkyl\u00e4inen (ur produktion). Figuren \u00e4r ca. 4,5 cm l\u00e5ng. Figuren \u00e4r i bra skick.","og_url":"https:\/\/muumimukitrahaksi.fi\/produkt\/muumifiguuri-muumipeikko-1950-luku\/","og_site_name":"Muumimukit Rahaksi","article_publisher":"https:\/\/www.facebook.com\/muumimukitrahaksi\/","article_modified_time":"2025-02-25T15:00:46+00:00","og_image":[{"width":1000,"height":1000,"url":"https:\/\/muumimukitrahaksi.fi\/wp-content\/uploads\/2025\/01\/DSC05466.jpg","type":"image\/jpeg"}],"twitter_card":"summary_large_image","twitter_site":"@MuumitRahaksi","twitter_misc":{"Ber\u00e4knad l\u00e4stid":"1 minut"},"schema":{"@context":"https:\/\/schema.org","@graph":[{"@type":"WebPage","@id":"https:\/\/muumimukitrahaksi.fi\/produkt\/muumifiguuri-muumipeikko-1950-luku\/","url":"https:\/\/muumimukitrahaksi.fi\/produkt\/muumifiguuri-muumipeikko-1950-luku\/","name":"Muminfigur Mumintrollet (1956-1963) - Muumimukit Rahaksi","isPartOf":{"@id":"https:\/\/muumimukitrahaksi.fi\/#website"},"primaryImageOfPage":{"@id":"https:\/\/muumimukitrahaksi.fi\/produkt\/muumifiguuri-muumipeikko-1950-luku\/#primaryimage"},"image":{"@id":"https:\/\/muumimukitrahaksi.fi\/produkt\/muumifiguuri-muumipeikko-1950-luku\/#primaryimage"},"thumbnailUrl":"https:\/\/muumimukitrahaksi.fi\/wp-content\/uploads\/2025\/01\/DSC05466.jpg","datePublished":"2018-01-21T18:59:24+00:00","dateModified":"2025-02-25T15:00:46+00:00","description":"Muminfiguren Mumintrollet, \u00e4r en mycket s\u00e4llsynt muminfigur handgjord av Leo Tykkyl\u00e4inen (ur produktion). Figuren \u00e4r ca. 4,5 cm l\u00e5ng. Figuren \u00e4r i bra skick.","breadcrumb":{"@id":"https:\/\/muumimukitrahaksi.fi\/produkt\/muumifiguuri-muumipeikko-1950-luku\/#breadcrumb"},"inLanguage":"sv-SE","potentialAction":[{"@type":"ReadAction","target":["https:\/\/muumimukitrahaksi.fi\/produkt\/muumifiguuri-muumipeikko-1950-luku\/"]}]},{"@type":"ImageObject","inLanguage":"sv-SE","@id":"https:\/\/muumimukitrahaksi.fi\/produkt\/muumifiguuri-muumipeikko-1950-luku\/#primaryimage","url":"https:\/\/muumimukitrahaksi.fi\/wp-content\/uploads\/2025\/01\/DSC05466.jpg","contentUrl":"https:\/\/muumimukitrahaksi.fi\/wp-content\/uploads\/2025\/01\/DSC05466.jpg","width":1000,"height":1000,"caption":"Muumifiguuri Muumipeikko"},{"@type":"BreadcrumbList","@id":"https:\/\/muumimukitrahaksi.fi\/produkt\/muumifiguuri-muumipeikko-1950-luku\/#breadcrumb","itemListElement":[{"@type":"ListItem","position":1,"name":"Etusivu","item":"https:\/\/muumimukitrahaksi.fi\/sv\/"},{"@type":"ListItem","position":2,"name":"Butik","item":"https:\/\/muumimukitrahaksi.fi\/sv\/butik\/"},{"@type":"ListItem","position":3,"name":"Muminfigur Mumintrollet (1956-1963)"}]},{"@type":"WebSite","@id":"https:\/\/muumimukitrahaksi.fi\/#website","url":"https:\/\/muumimukitrahaksi.fi\/","name":"Muumimukit Rahaksi","description":"Muumimukeja, -kulhoja ja -lautasia ker\u00e4ilij\u00f6ille!","publisher":{"@id":"https:\/\/muumimukitrahaksi.fi\/#organization"},"potentialAction":[{"@type":"SearchAction","target":{"@type":"EntryPoint","urlTemplate":"https:\/\/muumimukitrahaksi.fi\/?s={search_term_string}"},"query-input":{"@type":"PropertyValueSpecification","valueRequired":true,"valueName":"search_term_string"}}],"inLanguage":"sv-SE"},{"@type":"Organization","@id":"https:\/\/muumimukitrahaksi.fi\/#organization","name":"Muumimukit Rahaksi","url":"https:\/\/muumimukitrahaksi.fi\/","logo":{"@type":"ImageObject","inLanguage":"sv-SE","@id":"https:\/\/muumimukitrahaksi.fi\/#\/schema\/logo\/image\/","url":"https:\/\/muumimukitrahaksi.fi\/wp-content\/uploads\/2017\/09\/logooo.jpg","contentUrl":"https:\/\/muumimukitrahaksi.fi\/wp-content\/uploads\/2017\/09\/logooo.jpg","width":514,"height":514,"caption":"Muumimukit Rahaksi"},"image":{"@id":"https:\/\/muumimukitrahaksi.fi\/#\/schema\/logo\/image\/"},"sameAs":["https:\/\/www.facebook.com\/muumimukitrahaksi\/","https:\/\/x.com\/MuumitRahaksi","https:\/\/www.instagram.com\/muumimukitrahaksi\/"]}]}},"_links":{"self":[{"href":"https:\/\/muumimukitrahaksi.fi\/sv\/wp-json\/wp\/v2\/product\/106676","targetHints":{"allow":["GET"]}}],"collection":[{"href":"https:\/\/muumimukitrahaksi.fi\/sv\/wp-json\/wp\/v2\/product"}],"about":[{"href":"https:\/\/muumimukitrahaksi.fi\/sv\/wp-json\/wp\/v2\/types\/product"}],"wp:featuredmedia":[{"embeddable":true,"href":"https:\/\/muumimukitrahaksi.fi\/sv\/wp-json\/wp\/v2\/media\/123643"}],"wp:attachment":[{"href":"https:\/\/muumimukitrahaksi.fi\/sv\/wp-json\/wp\/v2\/media?parent=106676"}],"wp:term":[{"taxonomy":"product_brand","embeddable":true,"href":"https:\/\/muumimukitrahaksi.fi\/sv\/wp-json\/wp\/v2\/product_brand?post=106676"},{"taxonomy":"product_cat","embeddable":true,"href":"https:\/\/muumimukitrahaksi.fi\/sv\/wp-json\/wp\/v2\/product_cat?post=106676"},{"taxonomy":"product_tag","embeddable":true,"href":"https:\/\/muumimukitrahaksi.fi\/sv\/wp-json\/wp\/v2\/product_tag?post=106676"}],"curies":[{"name":"wp","href":"https:\/\/api.w.org\/{rel}","templated":true}]}}