{"id":106686,"date":"2020-10-22T16:52:51","date_gmt":"2020-10-22T13:52:51","guid":{"rendered":"https:\/\/muumimukitrahaksi.fi\/tuote\/muminfigur-polismastaren-1956-1963\/"},"modified":"2025-02-25T17:22:57","modified_gmt":"2025-02-25T15:22:57","slug":"muminfigur-polismastaren-1956-1963","status":"publish","type":"product","link":"https:\/\/muumimukitrahaksi.fi\/sv\/produkt\/muminfigur-polismastaren-1956-1963\/","title":{"rendered":"Muminfigur Polism\u00e4staren (1956-1963)"},"content":{"rendered":"<p style=\"text-align: center;\"><strong>\u2022 Officiell Moomin Characters\u00a0 licensinnehavare \u2022 Delbetalning\/faktura \u2022 Kvalitetsgranskade produkter<\/strong><\/p>\n<p>Muminfiguren Polism\u00e4staren, \u00e4r en mycket s\u00e4llsynt muminfigur handgjord av Leo Tykkyl\u00e4inen. Leo Tykkyl\u00e4inen (1919-1984) fick \u00e5r 1956 exklusiva r\u00e4ttigheter fr\u00e5n Tove Jansson att tillverka sm\u00e5 keramiska muminfigurer f\u00f6r varuhuset Stockmann. Tykkyl\u00e4inen tillverkade i sin verkstad ungef\u00e4r tio olika muminfigurer, uppskattningsvis totalt cirka 15 000 stycken med m\u00e5nga olika f\u00e4rgvariationer. Alla figurer \u00e4r handgjorda. \u00c5r 1964 blev Tykkyl\u00e4inen anst\u00e4lld p\u00e5 Arabias fabrik, d\u00e5 \u00e4ven tillverkningsr\u00e4ttigheterna f\u00f6r muminfigurerna \u00f6verf\u00f6rdes till Arabia. Figuren \u00e4r cirka 5 cm l\u00e5ng.<\/p>\n<p>Figurerna tillverkades mellan \u00e5ren 1956 och 1963. I figurerna f\u00f6rekommer Muminpappan, Muminmamman, Mumintrollet, Snorkfr\u00f6ken, Polism\u00e4staren, Too-Ticki, Mymlan, Snusmumriken, Lilla My och Misan.<\/p>\n<p>Kolla in andra muminfigurer <a href=\"https:\/\/muumimukitrahaksi.fi\/sv\/produkt-nyckelord\/muminfigur\/\">h\u00e4r.<\/a><\/p>\n<p>Har du en muminfigur och vill s\u00e4lja den? Vi k\u00f6per ocks\u00e5 muminfigurer. Klicka <a href=\"https:\/\/muumimukitrahaksi.fi\/en\/sell-moomin\/\">h\u00e4r<\/a>, fyll i formul\u00e4ret och f\u00e5 en offert samma dag.<\/p>\n","protected":false},"excerpt":{"rendered":"<p style=\"text-align: center;\"><strong>\u2022 H\u00f6gklassiga varor \u2022 Snabb leverans<\/strong><\/p>\n<p>Muminfiguren Polism\u00e4staren, \u00e4r en mycket s\u00e4llsynt muminfigur handgjord av Leo Tykkyl\u00e4inen (ur produktion). Figuren \u00e4r ca. 5 cm l\u00e5ng. Figuren \u00e4r i f\u00f6rh\u00e5llande till dess \u00e5lder i bra skick. Figurens yta \u00e4r aningen krackelerad. Det saknas \u00e4ven en liten bit p\u00e5 den yttre delen av Polism\u00e4starens hatt. Batongen, som Polism\u00e4staren h\u00e5ller i sin hand, har delvis spruckit. Det saknas \u00e4ven en liten bit p\u00e5 ena foten. Ytans glans \u00e4r dock i f\u00f6rv\u00e5nansv\u00e4rt bra skick. Dessa 50-tals figurer \u00e4r ytterst sv\u00e5ra att hitta i felfritt skick. Denna figur \u00e4r \u00f6verl\u00e4gset den mest s\u00e4llsynta muminfiguren fr\u00e5n 1950-talet. Figuren packas med omsorg och f\u00f6rnybara material.<\/p>\n<p style=\"text-align: center;\"><strong>\u2022 S\u00e4kra betalningss\u00e4tt<\/strong><\/p>\n<p><img loading=\"lazy\" decoding=\"async\" class=\"aligncenter wp-image-20415 size-full\" src=\"https:\/\/muumimukitrahaksi.fi\/wp-content\/uploads\/2020\/06\/maksutavat-2026-pieni-eng.png\" alt=\"Payment options\" width=\"350\" height=\"200\" \/><\/p>\n","protected":false},"featured_media":123631,"template":"","meta":[],"product_brand":[],"product_cat":[550,548],"product_tag":[563,589,613],"class_list":{"0":"post-106686","1":"product","2":"type-product","3":"status-publish","4":"has-post-thumbnail","6":"product_cat-figurer","7":"product_cat-ovriga-produkter","8":"product_tag-50-tal","9":"product_tag-muminfigur","10":"product_tag-polismastaren","12":"first","13":"outofstock","14":"taxable","15":"shipping-taxable","16":"purchasable","17":"product-type-simple"},"yoast_head":"<!-- This site is optimized with the Yoast SEO plugin v27.1.1 - https:\/\/yoast.com\/product\/yoast-seo-wordpress\/ -->\n<title>Muminfigur Polism\u00e4staren (1956-1963) - Muumimukit Rahaksi<\/title>\n<meta name=\"description\" content=\"Muminfiguren Polism\u00e4staren, \u00e4r en mycket s\u00e4llsynt muminfigur handgjord av Leo Tykkyl\u00e4inen (ur produktion). Figuren \u00e4r ca. 5 cm l\u00e5ng.\" \/>\n<meta name=\"robots\" content=\"index, follow, max-snippet:-1, max-image-preview:large, max-video-preview:-1\" \/>\n<link rel=\"canonical\" href=\"https:\/\/muumimukitrahaksi.fi\/produkt\/muumifiguuri-poliisimestari-1950-luku\/\" \/>\n<meta property=\"og:locale\" content=\"sv_SE\" \/>\n<meta property=\"og:type\" content=\"article\" \/>\n<meta property=\"og:title\" content=\"Muminfigur Polism\u00e4staren (1956-1963) - Muumimukit Rahaksi\" \/>\n<meta property=\"og:description\" content=\"Muminfiguren Polism\u00e4staren, \u00e4r en mycket s\u00e4llsynt muminfigur handgjord av Leo Tykkyl\u00e4inen (ur produktion). Figuren \u00e4r ca. 5 cm l\u00e5ng.\" \/>\n<meta property=\"og:url\" content=\"https:\/\/muumimukitrahaksi.fi\/produkt\/muumifiguuri-poliisimestari-1950-luku\/\" \/>\n<meta property=\"og:site_name\" content=\"Muumimukit Rahaksi\" \/>\n<meta property=\"article:publisher\" content=\"https:\/\/www.facebook.com\/muumimukitrahaksi\/\" \/>\n<meta property=\"article:modified_time\" content=\"2025-02-25T15:22:57+00:00\" \/>\n<meta property=\"og:image\" content=\"https:\/\/muumimukitrahaksi.fi\/wp-content\/uploads\/2025\/01\/DSC05463.jpg\" \/>\n\t<meta property=\"og:image:width\" content=\"1000\" \/>\n\t<meta property=\"og:image:height\" content=\"1000\" \/>\n\t<meta property=\"og:image:type\" content=\"image\/jpeg\" \/>\n<meta name=\"twitter:card\" content=\"summary_large_image\" \/>\n<meta name=\"twitter:site\" content=\"@MuumitRahaksi\" \/>\n<meta name=\"twitter:label1\" content=\"Ber\u00e4knad l\u00e4stid\" \/>\n\t<meta name=\"twitter:data1\" content=\"1 minut\" \/>\n<script type=\"application\/ld+json\" class=\"yoast-schema-graph\">{\"@context\":\"https:\/\/schema.org\",\"@graph\":[{\"@type\":\"WebPage\",\"@id\":\"https:\/\/muumimukitrahaksi.fi\/produkt\/muumifiguuri-poliisimestari-1950-luku\/\",\"url\":\"https:\/\/muumimukitrahaksi.fi\/produkt\/muumifiguuri-poliisimestari-1950-luku\/\",\"name\":\"Muminfigur Polism\u00e4staren (1956-1963) - Muumimukit Rahaksi\",\"isPartOf\":{\"@id\":\"https:\/\/muumimukitrahaksi.fi\/#website\"},\"primaryImageOfPage\":{\"@id\":\"https:\/\/muumimukitrahaksi.fi\/produkt\/muumifiguuri-poliisimestari-1950-luku\/#primaryimage\"},\"image\":{\"@id\":\"https:\/\/muumimukitrahaksi.fi\/produkt\/muumifiguuri-poliisimestari-1950-luku\/#primaryimage\"},\"thumbnailUrl\":\"https:\/\/muumimukitrahaksi.fi\/wp-content\/uploads\/2025\/01\/DSC05463.jpg\",\"datePublished\":\"2020-10-22T13:52:51+00:00\",\"dateModified\":\"2025-02-25T15:22:57+00:00\",\"description\":\"Muminfiguren Polism\u00e4staren, \u00e4r en mycket s\u00e4llsynt muminfigur handgjord av Leo Tykkyl\u00e4inen (ur produktion). Figuren \u00e4r ca. 5 cm l\u00e5ng.\",\"breadcrumb\":{\"@id\":\"https:\/\/muumimukitrahaksi.fi\/produkt\/muumifiguuri-poliisimestari-1950-luku\/#breadcrumb\"},\"inLanguage\":\"sv-SE\",\"potentialAction\":[{\"@type\":\"ReadAction\",\"target\":[\"https:\/\/muumimukitrahaksi.fi\/produkt\/muumifiguuri-poliisimestari-1950-luku\/\"]}]},{\"@type\":\"ImageObject\",\"inLanguage\":\"sv-SE\",\"@id\":\"https:\/\/muumimukitrahaksi.fi\/produkt\/muumifiguuri-poliisimestari-1950-luku\/#primaryimage\",\"url\":\"https:\/\/muumimukitrahaksi.fi\/wp-content\/uploads\/2025\/01\/DSC05463.jpg\",\"contentUrl\":\"https:\/\/muumimukitrahaksi.fi\/wp-content\/uploads\/2025\/01\/DSC05463.jpg\",\"width\":1000,\"height\":1000,\"caption\":\"Muumifiguuri Poliisimestari\"},{\"@type\":\"BreadcrumbList\",\"@id\":\"https:\/\/muumimukitrahaksi.fi\/produkt\/muumifiguuri-poliisimestari-1950-luku\/#breadcrumb\",\"itemListElement\":[{\"@type\":\"ListItem\",\"position\":1,\"name\":\"Etusivu\",\"item\":\"https:\/\/muumimukitrahaksi.fi\/sv\/\"},{\"@type\":\"ListItem\",\"position\":2,\"name\":\"Butik\",\"item\":\"https:\/\/muumimukitrahaksi.fi\/sv\/butik\/\"},{\"@type\":\"ListItem\",\"position\":3,\"name\":\"Muminfigur Polism\u00e4staren (1956-1963)\"}]},{\"@type\":\"WebSite\",\"@id\":\"https:\/\/muumimukitrahaksi.fi\/#website\",\"url\":\"https:\/\/muumimukitrahaksi.fi\/\",\"name\":\"Muumimukit Rahaksi\",\"description\":\"Muumimukeja, -kulhoja ja -lautasia ker\u00e4ilij\u00f6ille!\",\"publisher\":{\"@id\":\"https:\/\/muumimukitrahaksi.fi\/#organization\"},\"potentialAction\":[{\"@type\":\"SearchAction\",\"target\":{\"@type\":\"EntryPoint\",\"urlTemplate\":\"https:\/\/muumimukitrahaksi.fi\/?s={search_term_string}\"},\"query-input\":{\"@type\":\"PropertyValueSpecification\",\"valueRequired\":true,\"valueName\":\"search_term_string\"}}],\"inLanguage\":\"sv-SE\"},{\"@type\":\"Organization\",\"@id\":\"https:\/\/muumimukitrahaksi.fi\/#organization\",\"name\":\"Muumimukit Rahaksi\",\"url\":\"https:\/\/muumimukitrahaksi.fi\/\",\"logo\":{\"@type\":\"ImageObject\",\"inLanguage\":\"sv-SE\",\"@id\":\"https:\/\/muumimukitrahaksi.fi\/#\/schema\/logo\/image\/\",\"url\":\"https:\/\/muumimukitrahaksi.fi\/wp-content\/uploads\/2017\/09\/logooo.jpg\",\"contentUrl\":\"https:\/\/muumimukitrahaksi.fi\/wp-content\/uploads\/2017\/09\/logooo.jpg\",\"width\":514,\"height\":514,\"caption\":\"Muumimukit Rahaksi\"},\"image\":{\"@id\":\"https:\/\/muumimukitrahaksi.fi\/#\/schema\/logo\/image\/\"},\"sameAs\":[\"https:\/\/www.facebook.com\/muumimukitrahaksi\/\",\"https:\/\/x.com\/MuumitRahaksi\",\"https:\/\/www.instagram.com\/muumimukitrahaksi\/\"]}]}<\/script>\n<!-- \/ Yoast SEO plugin. -->","yoast_head_json":{"title":"Muminfigur Polism\u00e4staren (1956-1963) - Muumimukit Rahaksi","description":"Muminfiguren Polism\u00e4staren, \u00e4r en mycket s\u00e4llsynt muminfigur handgjord av Leo Tykkyl\u00e4inen (ur produktion). Figuren \u00e4r ca. 5 cm l\u00e5ng.","robots":{"index":"index","follow":"follow","max-snippet":"max-snippet:-1","max-image-preview":"max-image-preview:large","max-video-preview":"max-video-preview:-1"},"canonical":"https:\/\/muumimukitrahaksi.fi\/produkt\/muumifiguuri-poliisimestari-1950-luku\/","og_locale":"sv_SE","og_type":"article","og_title":"Muminfigur Polism\u00e4staren (1956-1963) - Muumimukit Rahaksi","og_description":"Muminfiguren Polism\u00e4staren, \u00e4r en mycket s\u00e4llsynt muminfigur handgjord av Leo Tykkyl\u00e4inen (ur produktion). Figuren \u00e4r ca. 5 cm l\u00e5ng.","og_url":"https:\/\/muumimukitrahaksi.fi\/produkt\/muumifiguuri-poliisimestari-1950-luku\/","og_site_name":"Muumimukit Rahaksi","article_publisher":"https:\/\/www.facebook.com\/muumimukitrahaksi\/","article_modified_time":"2025-02-25T15:22:57+00:00","og_image":[{"width":1000,"height":1000,"url":"https:\/\/muumimukitrahaksi.fi\/wp-content\/uploads\/2025\/01\/DSC05463.jpg","type":"image\/jpeg"}],"twitter_card":"summary_large_image","twitter_site":"@MuumitRahaksi","twitter_misc":{"Ber\u00e4knad l\u00e4stid":"1 minut"},"schema":{"@context":"https:\/\/schema.org","@graph":[{"@type":"WebPage","@id":"https:\/\/muumimukitrahaksi.fi\/produkt\/muumifiguuri-poliisimestari-1950-luku\/","url":"https:\/\/muumimukitrahaksi.fi\/produkt\/muumifiguuri-poliisimestari-1950-luku\/","name":"Muminfigur Polism\u00e4staren (1956-1963) - Muumimukit Rahaksi","isPartOf":{"@id":"https:\/\/muumimukitrahaksi.fi\/#website"},"primaryImageOfPage":{"@id":"https:\/\/muumimukitrahaksi.fi\/produkt\/muumifiguuri-poliisimestari-1950-luku\/#primaryimage"},"image":{"@id":"https:\/\/muumimukitrahaksi.fi\/produkt\/muumifiguuri-poliisimestari-1950-luku\/#primaryimage"},"thumbnailUrl":"https:\/\/muumimukitrahaksi.fi\/wp-content\/uploads\/2025\/01\/DSC05463.jpg","datePublished":"2020-10-22T13:52:51+00:00","dateModified":"2025-02-25T15:22:57+00:00","description":"Muminfiguren Polism\u00e4staren, \u00e4r en mycket s\u00e4llsynt muminfigur handgjord av Leo Tykkyl\u00e4inen (ur produktion). Figuren \u00e4r ca. 5 cm l\u00e5ng.","breadcrumb":{"@id":"https:\/\/muumimukitrahaksi.fi\/produkt\/muumifiguuri-poliisimestari-1950-luku\/#breadcrumb"},"inLanguage":"sv-SE","potentialAction":[{"@type":"ReadAction","target":["https:\/\/muumimukitrahaksi.fi\/produkt\/muumifiguuri-poliisimestari-1950-luku\/"]}]},{"@type":"ImageObject","inLanguage":"sv-SE","@id":"https:\/\/muumimukitrahaksi.fi\/produkt\/muumifiguuri-poliisimestari-1950-luku\/#primaryimage","url":"https:\/\/muumimukitrahaksi.fi\/wp-content\/uploads\/2025\/01\/DSC05463.jpg","contentUrl":"https:\/\/muumimukitrahaksi.fi\/wp-content\/uploads\/2025\/01\/DSC05463.jpg","width":1000,"height":1000,"caption":"Muumifiguuri Poliisimestari"},{"@type":"BreadcrumbList","@id":"https:\/\/muumimukitrahaksi.fi\/produkt\/muumifiguuri-poliisimestari-1950-luku\/#breadcrumb","itemListElement":[{"@type":"ListItem","position":1,"name":"Etusivu","item":"https:\/\/muumimukitrahaksi.fi\/sv\/"},{"@type":"ListItem","position":2,"name":"Butik","item":"https:\/\/muumimukitrahaksi.fi\/sv\/butik\/"},{"@type":"ListItem","position":3,"name":"Muminfigur Polism\u00e4staren (1956-1963)"}]},{"@type":"WebSite","@id":"https:\/\/muumimukitrahaksi.fi\/#website","url":"https:\/\/muumimukitrahaksi.fi\/","name":"Muumimukit Rahaksi","description":"Muumimukeja, -kulhoja ja -lautasia ker\u00e4ilij\u00f6ille!","publisher":{"@id":"https:\/\/muumimukitrahaksi.fi\/#organization"},"potentialAction":[{"@type":"SearchAction","target":{"@type":"EntryPoint","urlTemplate":"https:\/\/muumimukitrahaksi.fi\/?s={search_term_string}"},"query-input":{"@type":"PropertyValueSpecification","valueRequired":true,"valueName":"search_term_string"}}],"inLanguage":"sv-SE"},{"@type":"Organization","@id":"https:\/\/muumimukitrahaksi.fi\/#organization","name":"Muumimukit Rahaksi","url":"https:\/\/muumimukitrahaksi.fi\/","logo":{"@type":"ImageObject","inLanguage":"sv-SE","@id":"https:\/\/muumimukitrahaksi.fi\/#\/schema\/logo\/image\/","url":"https:\/\/muumimukitrahaksi.fi\/wp-content\/uploads\/2017\/09\/logooo.jpg","contentUrl":"https:\/\/muumimukitrahaksi.fi\/wp-content\/uploads\/2017\/09\/logooo.jpg","width":514,"height":514,"caption":"Muumimukit Rahaksi"},"image":{"@id":"https:\/\/muumimukitrahaksi.fi\/#\/schema\/logo\/image\/"},"sameAs":["https:\/\/www.facebook.com\/muumimukitrahaksi\/","https:\/\/x.com\/MuumitRahaksi","https:\/\/www.instagram.com\/muumimukitrahaksi\/"]}]}},"_links":{"self":[{"href":"https:\/\/muumimukitrahaksi.fi\/sv\/wp-json\/wp\/v2\/product\/106686","targetHints":{"allow":["GET"]}}],"collection":[{"href":"https:\/\/muumimukitrahaksi.fi\/sv\/wp-json\/wp\/v2\/product"}],"about":[{"href":"https:\/\/muumimukitrahaksi.fi\/sv\/wp-json\/wp\/v2\/types\/product"}],"wp:featuredmedia":[{"embeddable":true,"href":"https:\/\/muumimukitrahaksi.fi\/sv\/wp-json\/wp\/v2\/media\/123631"}],"wp:attachment":[{"href":"https:\/\/muumimukitrahaksi.fi\/sv\/wp-json\/wp\/v2\/media?parent=106686"}],"wp:term":[{"taxonomy":"product_brand","embeddable":true,"href":"https:\/\/muumimukitrahaksi.fi\/sv\/wp-json\/wp\/v2\/product_brand?post=106686"},{"taxonomy":"product_cat","embeddable":true,"href":"https:\/\/muumimukitrahaksi.fi\/sv\/wp-json\/wp\/v2\/product_cat?post=106686"},{"taxonomy":"product_tag","embeddable":true,"href":"https:\/\/muumimukitrahaksi.fi\/sv\/wp-json\/wp\/v2\/product_tag?post=106686"}],"curies":[{"name":"wp","href":"https:\/\/api.w.org\/{rel}","templated":true}]}}