{"id":106752,"date":"2018-01-13T00:02:23","date_gmt":"2018-01-12T22:02:23","guid":{"rendered":"https:\/\/muumimukitrahaksi.fi\/tuote\/muminfigur-too-ticki-liten-1993-1996\/"},"modified":"2018-01-13T00:02:23","modified_gmt":"2018-01-12T22:02:23","slug":"muminfigur-too-ticki-liten-1993-1996","status":"publish","type":"product","link":"https:\/\/muumimukitrahaksi.fi\/sv\/produkt\/muminfigur-too-ticki-liten-1993-1996\/","title":{"rendered":"Muminfigur Too-ticki, liten (1993-1996)"},"content":{"rendered":"<p style=\"text-align: center;\"><strong>\u2022 Officiell Moomin Characters\u00a0 licensinnehavare \u2022 Delbetalning\/faktura \u2022 Kvalitetsgranskade produkter<\/strong><\/p>\n<p>Muminfiguren Too-ticki \u00e4r en handgjord muminfigur fr\u00e5n Arabia. Figuren producerades mellan \u00e5ren 1993 och 1996. Figuren \u00e4r ca. 8 cm l\u00e5ng. Denna serie av muminfigurer \u00e4r designade av Tove Janssons livspartner Tuulikki Pietil\u00e4. Alla figurer \u00e4r gjorda f\u00f6r hand. Till serien h\u00f6r f\u00f6ljande figurer: Muminpappan, Mumintrollet, Muminmamman, Snorkfr\u00f6ken, Too-ticki och Lilla My.<\/p>\n<p>Kolla in andra muminfigurer <a href=\"https:\/\/muumimukitrahaksi.fi\/sv\/produkt-nyckelord\/muminfigur\/\">h\u00e4r.<\/a><\/p>\n<p>Har du en muminfigur Too-ticki och vill s\u00e4lja den? Vi k\u00f6per ocks\u00e5 muminfigurer. Klicka <a href=\"https:\/\/muumimukitrahaksi.fi\/en\/sell-moomin\/\">h\u00e4r<\/a>, fyll i formul\u00e4ret och f\u00e5 en offert samma dag.<\/p>\n","protected":false},"excerpt":{"rendered":"<p style=\"text-align: center;\"><strong>\u2022 H\u00f6gklassiga varor \u2022 Snabb leverans<\/strong><\/p>\n<p>Arabias muminfigur Too-ticki, liten (ur produktion). Figuren \u00e4r i mycket bra skick. Denna handgjorda figur \u00e4r designad av Tuulikki Pietil\u00e4. Figuren \u00e4r ca. 8 cm l\u00e5ng. Figuren packas med omsorg och f\u00f6rnybara material.<\/p>\n<p style=\"text-align: center;\"><strong>\u2022 S\u00e4kra betalningss\u00e4tt<\/strong><\/p>\n<p><img loading=\"lazy\" decoding=\"async\" class=\"aligncenter wp-image-20415 size-full\" src=\"https:\/\/muumimukitrahaksi.fi\/wp-content\/uploads\/2020\/06\/maksutavat-2026-pieni-eng.png\" alt=\"Payment options\" width=\"350\" height=\"200\" \/><\/p>\n","protected":false},"featured_media":106753,"template":"","meta":[],"product_brand":[],"product_cat":[550,548],"product_tag":[564,636,589,633],"class_list":{"0":"post-106752","1":"product","2":"type-product","3":"status-publish","4":"has-post-thumbnail","6":"product_cat-figurer","7":"product_cat-ovriga-produkter","8":"product_tag-90-tal","9":"product_tag-90-talet","10":"product_tag-muminfigur","11":"product_tag-too-ticki","13":"first","14":"instock","15":"taxable","16":"shipping-taxable","17":"purchasable","18":"product-type-simple"},"yoast_head":"<!-- This site is optimized with the Yoast SEO plugin v27.1.1 - https:\/\/yoast.com\/product\/yoast-seo-wordpress\/ -->\n<title>Muminfigur Too-ticki, liten (1993-1996) - Muumimukit Rahaksi<\/title>\n<meta name=\"description\" content=\"Arabias muminfigur Too-ticki, liten (ur produktion). Figuren \u00e4r i mycket bra skick. Denna handgjorda figur \u00e4r designad av Tuulikki Pietil\u00e4.\" \/>\n<meta name=\"robots\" content=\"index, follow, max-snippet:-1, max-image-preview:large, max-video-preview:-1\" \/>\n<link rel=\"canonical\" href=\"https:\/\/muumimukitrahaksi.fi\/produkt\/muumifiguuri-tuu-tikki-pieni-1992-1997\/\" \/>\n<meta property=\"og:locale\" content=\"sv_SE\" \/>\n<meta property=\"og:type\" content=\"article\" \/>\n<meta property=\"og:title\" content=\"Muminfigur Too-ticki, liten (1993-1996) - Muumimukit Rahaksi\" \/>\n<meta property=\"og:description\" content=\"Arabias muminfigur Too-ticki, liten (ur produktion). Figuren \u00e4r i mycket bra skick. Denna handgjorda figur \u00e4r designad av Tuulikki Pietil\u00e4.\" \/>\n<meta property=\"og:url\" content=\"https:\/\/muumimukitrahaksi.fi\/produkt\/muumifiguuri-tuu-tikki-pieni-1992-1997\/\" \/>\n<meta property=\"og:site_name\" content=\"Muumimukit Rahaksi\" \/>\n<meta property=\"article:publisher\" content=\"https:\/\/www.facebook.com\/muumimukitrahaksi\/\" \/>\n<meta property=\"og:image\" content=\"https:\/\/muumimukitrahaksi.fi\/wp-content\/uploads\/2021\/03\/DSC03917.jpg\" \/>\n\t<meta property=\"og:image:width\" content=\"1000\" \/>\n\t<meta property=\"og:image:height\" content=\"1000\" \/>\n\t<meta property=\"og:image:type\" content=\"image\/jpeg\" \/>\n<meta name=\"twitter:card\" content=\"summary_large_image\" \/>\n<meta name=\"twitter:site\" content=\"@MuumitRahaksi\" \/>\n<script type=\"application\/ld+json\" class=\"yoast-schema-graph\">{\"@context\":\"https:\/\/schema.org\",\"@graph\":[{\"@type\":\"WebPage\",\"@id\":\"https:\/\/muumimukitrahaksi.fi\/produkt\/muumifiguuri-tuu-tikki-pieni-1992-1997\/\",\"url\":\"https:\/\/muumimukitrahaksi.fi\/produkt\/muumifiguuri-tuu-tikki-pieni-1992-1997\/\",\"name\":\"Muminfigur Too-ticki, liten (1993-1996) - Muumimukit Rahaksi\",\"isPartOf\":{\"@id\":\"https:\/\/muumimukitrahaksi.fi\/#website\"},\"primaryImageOfPage\":{\"@id\":\"https:\/\/muumimukitrahaksi.fi\/produkt\/muumifiguuri-tuu-tikki-pieni-1992-1997\/#primaryimage\"},\"image\":{\"@id\":\"https:\/\/muumimukitrahaksi.fi\/produkt\/muumifiguuri-tuu-tikki-pieni-1992-1997\/#primaryimage\"},\"thumbnailUrl\":\"https:\/\/muumimukitrahaksi.fi\/wp-content\/uploads\/2021\/03\/DSC03917.jpg\",\"datePublished\":\"2018-01-12T22:02:23+00:00\",\"description\":\"Arabias muminfigur Too-ticki, liten (ur produktion). Figuren \u00e4r i mycket bra skick. Denna handgjorda figur \u00e4r designad av Tuulikki Pietil\u00e4.\",\"breadcrumb\":{\"@id\":\"https:\/\/muumimukitrahaksi.fi\/produkt\/muumifiguuri-tuu-tikki-pieni-1992-1997\/#breadcrumb\"},\"inLanguage\":\"sv-SE\",\"potentialAction\":[{\"@type\":\"ReadAction\",\"target\":[\"https:\/\/muumimukitrahaksi.fi\/produkt\/muumifiguuri-tuu-tikki-pieni-1992-1997\/\"]}]},{\"@type\":\"ImageObject\",\"inLanguage\":\"sv-SE\",\"@id\":\"https:\/\/muumimukitrahaksi.fi\/produkt\/muumifiguuri-tuu-tikki-pieni-1992-1997\/#primaryimage\",\"url\":\"https:\/\/muumimukitrahaksi.fi\/wp-content\/uploads\/2021\/03\/DSC03917.jpg\",\"contentUrl\":\"https:\/\/muumimukitrahaksi.fi\/wp-content\/uploads\/2021\/03\/DSC03917.jpg\",\"width\":1000,\"height\":1000,\"caption\":\"Muminfigur Too-ticki, liten\"},{\"@type\":\"BreadcrumbList\",\"@id\":\"https:\/\/muumimukitrahaksi.fi\/produkt\/muumifiguuri-tuu-tikki-pieni-1992-1997\/#breadcrumb\",\"itemListElement\":[{\"@type\":\"ListItem\",\"position\":1,\"name\":\"Etusivu\",\"item\":\"https:\/\/muumimukitrahaksi.fi\/sv\/\"},{\"@type\":\"ListItem\",\"position\":2,\"name\":\"Butik\",\"item\":\"https:\/\/muumimukitrahaksi.fi\/sv\/butik\/\"},{\"@type\":\"ListItem\",\"position\":3,\"name\":\"Muminfigur Too-ticki, liten (1993-1996)\"}]},{\"@type\":\"WebSite\",\"@id\":\"https:\/\/muumimukitrahaksi.fi\/#website\",\"url\":\"https:\/\/muumimukitrahaksi.fi\/\",\"name\":\"Muumimukit Rahaksi\",\"description\":\"Muumimukeja, -kulhoja ja -lautasia ker\u00e4ilij\u00f6ille!\",\"publisher\":{\"@id\":\"https:\/\/muumimukitrahaksi.fi\/#organization\"},\"potentialAction\":[{\"@type\":\"SearchAction\",\"target\":{\"@type\":\"EntryPoint\",\"urlTemplate\":\"https:\/\/muumimukitrahaksi.fi\/?s={search_term_string}\"},\"query-input\":{\"@type\":\"PropertyValueSpecification\",\"valueRequired\":true,\"valueName\":\"search_term_string\"}}],\"inLanguage\":\"sv-SE\"},{\"@type\":\"Organization\",\"@id\":\"https:\/\/muumimukitrahaksi.fi\/#organization\",\"name\":\"Muumimukit Rahaksi\",\"url\":\"https:\/\/muumimukitrahaksi.fi\/\",\"logo\":{\"@type\":\"ImageObject\",\"inLanguage\":\"sv-SE\",\"@id\":\"https:\/\/muumimukitrahaksi.fi\/#\/schema\/logo\/image\/\",\"url\":\"https:\/\/muumimukitrahaksi.fi\/wp-content\/uploads\/2017\/09\/logooo.jpg\",\"contentUrl\":\"https:\/\/muumimukitrahaksi.fi\/wp-content\/uploads\/2017\/09\/logooo.jpg\",\"width\":514,\"height\":514,\"caption\":\"Muumimukit Rahaksi\"},\"image\":{\"@id\":\"https:\/\/muumimukitrahaksi.fi\/#\/schema\/logo\/image\/\"},\"sameAs\":[\"https:\/\/www.facebook.com\/muumimukitrahaksi\/\",\"https:\/\/x.com\/MuumitRahaksi\",\"https:\/\/www.instagram.com\/muumimukitrahaksi\/\"]}]}<\/script>\n<!-- \/ Yoast SEO plugin. -->","yoast_head_json":{"title":"Muminfigur Too-ticki, liten (1993-1996) - Muumimukit Rahaksi","description":"Arabias muminfigur Too-ticki, liten (ur produktion). Figuren \u00e4r i mycket bra skick. Denna handgjorda figur \u00e4r designad av Tuulikki Pietil\u00e4.","robots":{"index":"index","follow":"follow","max-snippet":"max-snippet:-1","max-image-preview":"max-image-preview:large","max-video-preview":"max-video-preview:-1"},"canonical":"https:\/\/muumimukitrahaksi.fi\/produkt\/muumifiguuri-tuu-tikki-pieni-1992-1997\/","og_locale":"sv_SE","og_type":"article","og_title":"Muminfigur Too-ticki, liten (1993-1996) - Muumimukit Rahaksi","og_description":"Arabias muminfigur Too-ticki, liten (ur produktion). Figuren \u00e4r i mycket bra skick. Denna handgjorda figur \u00e4r designad av Tuulikki Pietil\u00e4.","og_url":"https:\/\/muumimukitrahaksi.fi\/produkt\/muumifiguuri-tuu-tikki-pieni-1992-1997\/","og_site_name":"Muumimukit Rahaksi","article_publisher":"https:\/\/www.facebook.com\/muumimukitrahaksi\/","og_image":[{"width":1000,"height":1000,"url":"https:\/\/muumimukitrahaksi.fi\/wp-content\/uploads\/2021\/03\/DSC03917.jpg","type":"image\/jpeg"}],"twitter_card":"summary_large_image","twitter_site":"@MuumitRahaksi","schema":{"@context":"https:\/\/schema.org","@graph":[{"@type":"WebPage","@id":"https:\/\/muumimukitrahaksi.fi\/produkt\/muumifiguuri-tuu-tikki-pieni-1992-1997\/","url":"https:\/\/muumimukitrahaksi.fi\/produkt\/muumifiguuri-tuu-tikki-pieni-1992-1997\/","name":"Muminfigur Too-ticki, liten (1993-1996) - Muumimukit Rahaksi","isPartOf":{"@id":"https:\/\/muumimukitrahaksi.fi\/#website"},"primaryImageOfPage":{"@id":"https:\/\/muumimukitrahaksi.fi\/produkt\/muumifiguuri-tuu-tikki-pieni-1992-1997\/#primaryimage"},"image":{"@id":"https:\/\/muumimukitrahaksi.fi\/produkt\/muumifiguuri-tuu-tikki-pieni-1992-1997\/#primaryimage"},"thumbnailUrl":"https:\/\/muumimukitrahaksi.fi\/wp-content\/uploads\/2021\/03\/DSC03917.jpg","datePublished":"2018-01-12T22:02:23+00:00","description":"Arabias muminfigur Too-ticki, liten (ur produktion). Figuren \u00e4r i mycket bra skick. Denna handgjorda figur \u00e4r designad av Tuulikki Pietil\u00e4.","breadcrumb":{"@id":"https:\/\/muumimukitrahaksi.fi\/produkt\/muumifiguuri-tuu-tikki-pieni-1992-1997\/#breadcrumb"},"inLanguage":"sv-SE","potentialAction":[{"@type":"ReadAction","target":["https:\/\/muumimukitrahaksi.fi\/produkt\/muumifiguuri-tuu-tikki-pieni-1992-1997\/"]}]},{"@type":"ImageObject","inLanguage":"sv-SE","@id":"https:\/\/muumimukitrahaksi.fi\/produkt\/muumifiguuri-tuu-tikki-pieni-1992-1997\/#primaryimage","url":"https:\/\/muumimukitrahaksi.fi\/wp-content\/uploads\/2021\/03\/DSC03917.jpg","contentUrl":"https:\/\/muumimukitrahaksi.fi\/wp-content\/uploads\/2021\/03\/DSC03917.jpg","width":1000,"height":1000,"caption":"Muminfigur Too-ticki, liten"},{"@type":"BreadcrumbList","@id":"https:\/\/muumimukitrahaksi.fi\/produkt\/muumifiguuri-tuu-tikki-pieni-1992-1997\/#breadcrumb","itemListElement":[{"@type":"ListItem","position":1,"name":"Etusivu","item":"https:\/\/muumimukitrahaksi.fi\/sv\/"},{"@type":"ListItem","position":2,"name":"Butik","item":"https:\/\/muumimukitrahaksi.fi\/sv\/butik\/"},{"@type":"ListItem","position":3,"name":"Muminfigur Too-ticki, liten (1993-1996)"}]},{"@type":"WebSite","@id":"https:\/\/muumimukitrahaksi.fi\/#website","url":"https:\/\/muumimukitrahaksi.fi\/","name":"Muumimukit Rahaksi","description":"Muumimukeja, -kulhoja ja -lautasia ker\u00e4ilij\u00f6ille!","publisher":{"@id":"https:\/\/muumimukitrahaksi.fi\/#organization"},"potentialAction":[{"@type":"SearchAction","target":{"@type":"EntryPoint","urlTemplate":"https:\/\/muumimukitrahaksi.fi\/?s={search_term_string}"},"query-input":{"@type":"PropertyValueSpecification","valueRequired":true,"valueName":"search_term_string"}}],"inLanguage":"sv-SE"},{"@type":"Organization","@id":"https:\/\/muumimukitrahaksi.fi\/#organization","name":"Muumimukit Rahaksi","url":"https:\/\/muumimukitrahaksi.fi\/","logo":{"@type":"ImageObject","inLanguage":"sv-SE","@id":"https:\/\/muumimukitrahaksi.fi\/#\/schema\/logo\/image\/","url":"https:\/\/muumimukitrahaksi.fi\/wp-content\/uploads\/2017\/09\/logooo.jpg","contentUrl":"https:\/\/muumimukitrahaksi.fi\/wp-content\/uploads\/2017\/09\/logooo.jpg","width":514,"height":514,"caption":"Muumimukit Rahaksi"},"image":{"@id":"https:\/\/muumimukitrahaksi.fi\/#\/schema\/logo\/image\/"},"sameAs":["https:\/\/www.facebook.com\/muumimukitrahaksi\/","https:\/\/x.com\/MuumitRahaksi","https:\/\/www.instagram.com\/muumimukitrahaksi\/"]}]}},"_links":{"self":[{"href":"https:\/\/muumimukitrahaksi.fi\/sv\/wp-json\/wp\/v2\/product\/106752","targetHints":{"allow":["GET"]}}],"collection":[{"href":"https:\/\/muumimukitrahaksi.fi\/sv\/wp-json\/wp\/v2\/product"}],"about":[{"href":"https:\/\/muumimukitrahaksi.fi\/sv\/wp-json\/wp\/v2\/types\/product"}],"wp:featuredmedia":[{"embeddable":true,"href":"https:\/\/muumimukitrahaksi.fi\/sv\/wp-json\/wp\/v2\/media\/106753"}],"wp:attachment":[{"href":"https:\/\/muumimukitrahaksi.fi\/sv\/wp-json\/wp\/v2\/media?parent=106752"}],"wp:term":[{"taxonomy":"product_brand","embeddable":true,"href":"https:\/\/muumimukitrahaksi.fi\/sv\/wp-json\/wp\/v2\/product_brand?post=106752"},{"taxonomy":"product_cat","embeddable":true,"href":"https:\/\/muumimukitrahaksi.fi\/sv\/wp-json\/wp\/v2\/product_cat?post=106752"},{"taxonomy":"product_tag","embeddable":true,"href":"https:\/\/muumimukitrahaksi.fi\/sv\/wp-json\/wp\/v2\/product_tag?post=106752"}],"curies":[{"name":"wp","href":"https:\/\/api.w.org\/{rel}","templated":true}]}}