{"id":106786,"date":"2018-08-09T23:25:20","date_gmt":"2018-08-09T20:25:20","guid":{"rendered":"https:\/\/muumimukitrahaksi.fi\/tuote\/mumin-tekanna-trogen-sitt-ursprung-2017-2020-etikett\/"},"modified":"2018-08-09T23:25:20","modified_gmt":"2018-08-09T20:25:20","slug":"mumin-tekanna-trogen-sitt-ursprung-2017-2020-etikett","status":"publish","type":"product","link":"https:\/\/muumimukitrahaksi.fi\/sv\/produkt\/mumin-tekanna-trogen-sitt-ursprung-2017-2020-etikett\/","title":{"rendered":"Mumin tekanna Trogen sitt ursprung (2017-2020) *ETIKETT*"},"content":{"rendered":"<p style=\"text-align: center;\"><strong>\u2022 Officiell Moomin Characters\u00a0 licensinnehavare \u2022 Delbetalning\/faktura \u2022 Kvalitetsgranskade produkter<\/strong><\/p>\n<p>Mumin tekannan Trogen sitt ursprung lanserades h\u00f6sten 2017. Kannan har en huvudsakligen svartvit, st\u00e4mningsfull illustration som \u00e4r tagen ur Tove Janssons roman fr\u00e5n 1965, &#8216;Pappan och havet&#8217;. I Trogen sitt ursprung-serien ing\u00e5r f\u00f6rutom tekannan \u00e4ven en sk\u00e5l, en tallrik, tv\u00e5 olika storlekar av burkar, en mugg och en serveringssk\u00e5l. <a href=\"https:\/\/www.youtube.com\/watch?v=F9q127IxKvg\">Kolla in videon p\u00e5 Trogen sitt ursprung <\/a><a href=\"https:\/\/www.youtube.com\/watch?v=F9q127IxKvg\"> muminmuggen, som \u00e4r ur samma serie som tekannan, <\/a><a href=\"https:\/\/www.youtube.com\/watch?v=F9q127IxKvg\">p\u00e5 v\u00e5r Youtube-kanal.<\/a><\/p>\n<p>Kolla in de andra Trogen sitt ursprung produkterna <a href=\"https:\/\/muumimukitrahaksi.fi\/sv\/?s=Trogen+sitt+ursprung&amp;post_type=product&amp;lang=sv\">h\u00e4r.<\/a><\/p>\n<p>Har du en Trogen sitt ursprung -tekanna och vill s\u00e4lja den? Vi k\u00f6per ocks\u00e5 kannor. Klicka <a href=\"https:\/\/muumimukitrahaksi.fi\/en\/sell-moomin\/\">h\u00e4r<\/a>, fyll i formul\u00e4ret och f\u00e5 en offert samma dag.<\/p>\n","protected":false},"excerpt":{"rendered":"<p style=\"text-align: center;\"><strong>\u2022 H\u00f6gklassiga varor \u2022 Snabb leverans<\/strong><\/p>\n<p>Arabias Mumin tekanna Trogen sitt ursprung (ur produktion). Kannan \u00e4r ny och har etiketten kvar. Etiketten finns p\u00e5 botten av kannan. Produkterna packas med omsorg och f\u00f6rnybara material.<\/p>\n<p style=\"text-align: center;\"><strong>\u2022 S\u00e4kra betalningss\u00e4tt<\/strong><\/p>\n<p><img loading=\"lazy\" decoding=\"async\" class=\"aligncenter wp-image-20415 size-full\" src=\"https:\/\/muumimukitrahaksi.fi\/wp-content\/uploads\/2020\/06\/maksutavat-2026-pieni-eng.png\" alt=\"Payment options\" width=\"350\" height=\"200\" \/><\/p>\n","protected":false},"featured_media":106784,"template":"","meta":[],"product_brand":[],"product_cat":[552,548],"product_tag":[626,590,591],"class_list":{"0":"post-106786","1":"product","2":"type-product","3":"status-publish","4":"has-post-thumbnail","6":"product_cat-kannor","7":"product_cat-ovriga-produkter","8":"product_tag-med-etikett","9":"product_tag-muminkanna","10":"product_tag-muminkanna-sv","11":"product_shipping_class-iso-tuote-sv","13":"first","14":"outofstock","15":"taxable","16":"shipping-taxable","17":"purchasable","18":"product-type-simple"},"yoast_head":"<!-- This site is optimized with the Yoast SEO plugin v27.1.1 - https:\/\/yoast.com\/product\/yoast-seo-wordpress\/ -->\n<title>Mumin tekanna Trogen sitt ursprung (2017-2020) *ETIKETT* - Muumimukit Rahaksi<\/title>\n<meta name=\"description\" content=\"Arabias Mumin tekanna Trogen sitt ursprung (ur produktion). Kannan \u00e4r ny och har etiketten kvar.\" \/>\n<meta name=\"robots\" content=\"index, follow, max-snippet:-1, max-image-preview:large, max-video-preview:-1\" \/>\n<link rel=\"canonical\" href=\"https:\/\/muumimukitrahaksi.fi\/produkt\/muumi-teekannu-alkuperaa-kunnioittaen-2017-tarra\/\" \/>\n<meta property=\"og:locale\" content=\"sv_SE\" \/>\n<meta property=\"og:type\" content=\"article\" \/>\n<meta property=\"og:title\" content=\"Mumin tekanna Trogen sitt ursprung (2017-2020) *ETIKETT* - Muumimukit Rahaksi\" \/>\n<meta property=\"og:description\" content=\"Arabias Mumin tekanna Trogen sitt ursprung (ur produktion). Kannan \u00e4r ny och har etiketten kvar.\" \/>\n<meta property=\"og:url\" content=\"https:\/\/muumimukitrahaksi.fi\/produkt\/muumi-teekannu-alkuperaa-kunnioittaen-2017-tarra\/\" \/>\n<meta property=\"og:site_name\" content=\"Muumimukit Rahaksi\" \/>\n<meta property=\"article:publisher\" content=\"https:\/\/www.facebook.com\/muumimukitrahaksi\/\" \/>\n<meta property=\"og:image\" content=\"https:\/\/muumimukitrahaksi.fi\/wp-content\/uploads\/2021\/03\/DSC03922.jpg\" \/>\n\t<meta property=\"og:image:width\" content=\"1000\" \/>\n\t<meta property=\"og:image:height\" content=\"1000\" \/>\n\t<meta property=\"og:image:type\" content=\"image\/jpeg\" \/>\n<meta name=\"twitter:card\" content=\"summary_large_image\" \/>\n<meta name=\"twitter:site\" content=\"@MuumitRahaksi\" \/>\n<meta name=\"twitter:label1\" content=\"Ber\u00e4knad l\u00e4stid\" \/>\n\t<meta name=\"twitter:data1\" content=\"1 minut\" \/>\n<script type=\"application\/ld+json\" class=\"yoast-schema-graph\">{\"@context\":\"https:\/\/schema.org\",\"@graph\":[{\"@type\":\"WebPage\",\"@id\":\"https:\/\/muumimukitrahaksi.fi\/produkt\/muumi-teekannu-alkuperaa-kunnioittaen-2017-tarra\/\",\"url\":\"https:\/\/muumimukitrahaksi.fi\/produkt\/muumi-teekannu-alkuperaa-kunnioittaen-2017-tarra\/\",\"name\":\"Mumin tekanna Trogen sitt ursprung (2017-2020) *ETIKETT* - Muumimukit Rahaksi\",\"isPartOf\":{\"@id\":\"https:\/\/muumimukitrahaksi.fi\/#website\"},\"primaryImageOfPage\":{\"@id\":\"https:\/\/muumimukitrahaksi.fi\/produkt\/muumi-teekannu-alkuperaa-kunnioittaen-2017-tarra\/#primaryimage\"},\"image\":{\"@id\":\"https:\/\/muumimukitrahaksi.fi\/produkt\/muumi-teekannu-alkuperaa-kunnioittaen-2017-tarra\/#primaryimage\"},\"thumbnailUrl\":\"https:\/\/muumimukitrahaksi.fi\/wp-content\/uploads\/2021\/03\/DSC03922.jpg\",\"datePublished\":\"2018-08-09T20:25:20+00:00\",\"description\":\"Arabias Mumin tekanna Trogen sitt ursprung (ur produktion). Kannan \u00e4r ny och har etiketten kvar.\",\"breadcrumb\":{\"@id\":\"https:\/\/muumimukitrahaksi.fi\/produkt\/muumi-teekannu-alkuperaa-kunnioittaen-2017-tarra\/#breadcrumb\"},\"inLanguage\":\"sv-SE\",\"potentialAction\":[{\"@type\":\"ReadAction\",\"target\":[\"https:\/\/muumimukitrahaksi.fi\/produkt\/muumi-teekannu-alkuperaa-kunnioittaen-2017-tarra\/\"]}]},{\"@type\":\"ImageObject\",\"inLanguage\":\"sv-SE\",\"@id\":\"https:\/\/muumimukitrahaksi.fi\/produkt\/muumi-teekannu-alkuperaa-kunnioittaen-2017-tarra\/#primaryimage\",\"url\":\"https:\/\/muumimukitrahaksi.fi\/wp-content\/uploads\/2021\/03\/DSC03922.jpg\",\"contentUrl\":\"https:\/\/muumimukitrahaksi.fi\/wp-content\/uploads\/2021\/03\/DSC03922.jpg\",\"width\":1000,\"height\":1000,\"caption\":\"Mumin tekanna Trogen sitt ursprung\"},{\"@type\":\"BreadcrumbList\",\"@id\":\"https:\/\/muumimukitrahaksi.fi\/produkt\/muumi-teekannu-alkuperaa-kunnioittaen-2017-tarra\/#breadcrumb\",\"itemListElement\":[{\"@type\":\"ListItem\",\"position\":1,\"name\":\"Etusivu\",\"item\":\"https:\/\/muumimukitrahaksi.fi\/sv\/\"},{\"@type\":\"ListItem\",\"position\":2,\"name\":\"Butik\",\"item\":\"https:\/\/muumimukitrahaksi.fi\/sv\/butik\/\"},{\"@type\":\"ListItem\",\"position\":3,\"name\":\"Mumin tekanna Trogen sitt ursprung (2017-2020) *ETIKETT*\"}]},{\"@type\":\"WebSite\",\"@id\":\"https:\/\/muumimukitrahaksi.fi\/#website\",\"url\":\"https:\/\/muumimukitrahaksi.fi\/\",\"name\":\"Muumimukit Rahaksi\",\"description\":\"Muumimukeja, -kulhoja ja -lautasia ker\u00e4ilij\u00f6ille!\",\"publisher\":{\"@id\":\"https:\/\/muumimukitrahaksi.fi\/#organization\"},\"potentialAction\":[{\"@type\":\"SearchAction\",\"target\":{\"@type\":\"EntryPoint\",\"urlTemplate\":\"https:\/\/muumimukitrahaksi.fi\/?s={search_term_string}\"},\"query-input\":{\"@type\":\"PropertyValueSpecification\",\"valueRequired\":true,\"valueName\":\"search_term_string\"}}],\"inLanguage\":\"sv-SE\"},{\"@type\":\"Organization\",\"@id\":\"https:\/\/muumimukitrahaksi.fi\/#organization\",\"name\":\"Muumimukit Rahaksi\",\"url\":\"https:\/\/muumimukitrahaksi.fi\/\",\"logo\":{\"@type\":\"ImageObject\",\"inLanguage\":\"sv-SE\",\"@id\":\"https:\/\/muumimukitrahaksi.fi\/#\/schema\/logo\/image\/\",\"url\":\"https:\/\/muumimukitrahaksi.fi\/wp-content\/uploads\/2017\/09\/logooo.jpg\",\"contentUrl\":\"https:\/\/muumimukitrahaksi.fi\/wp-content\/uploads\/2017\/09\/logooo.jpg\",\"width\":514,\"height\":514,\"caption\":\"Muumimukit Rahaksi\"},\"image\":{\"@id\":\"https:\/\/muumimukitrahaksi.fi\/#\/schema\/logo\/image\/\"},\"sameAs\":[\"https:\/\/www.facebook.com\/muumimukitrahaksi\/\",\"https:\/\/x.com\/MuumitRahaksi\",\"https:\/\/www.instagram.com\/muumimukitrahaksi\/\"]}]}<\/script>\n<!-- \/ Yoast SEO plugin. -->","yoast_head_json":{"title":"Mumin tekanna Trogen sitt ursprung (2017-2020) *ETIKETT* - Muumimukit Rahaksi","description":"Arabias Mumin tekanna Trogen sitt ursprung (ur produktion). Kannan \u00e4r ny och har etiketten kvar.","robots":{"index":"index","follow":"follow","max-snippet":"max-snippet:-1","max-image-preview":"max-image-preview:large","max-video-preview":"max-video-preview:-1"},"canonical":"https:\/\/muumimukitrahaksi.fi\/produkt\/muumi-teekannu-alkuperaa-kunnioittaen-2017-tarra\/","og_locale":"sv_SE","og_type":"article","og_title":"Mumin tekanna Trogen sitt ursprung (2017-2020) *ETIKETT* - Muumimukit Rahaksi","og_description":"Arabias Mumin tekanna Trogen sitt ursprung (ur produktion). Kannan \u00e4r ny och har etiketten kvar.","og_url":"https:\/\/muumimukitrahaksi.fi\/produkt\/muumi-teekannu-alkuperaa-kunnioittaen-2017-tarra\/","og_site_name":"Muumimukit Rahaksi","article_publisher":"https:\/\/www.facebook.com\/muumimukitrahaksi\/","og_image":[{"width":1000,"height":1000,"url":"https:\/\/muumimukitrahaksi.fi\/wp-content\/uploads\/2021\/03\/DSC03922.jpg","type":"image\/jpeg"}],"twitter_card":"summary_large_image","twitter_site":"@MuumitRahaksi","twitter_misc":{"Ber\u00e4knad l\u00e4stid":"1 minut"},"schema":{"@context":"https:\/\/schema.org","@graph":[{"@type":"WebPage","@id":"https:\/\/muumimukitrahaksi.fi\/produkt\/muumi-teekannu-alkuperaa-kunnioittaen-2017-tarra\/","url":"https:\/\/muumimukitrahaksi.fi\/produkt\/muumi-teekannu-alkuperaa-kunnioittaen-2017-tarra\/","name":"Mumin tekanna Trogen sitt ursprung (2017-2020) *ETIKETT* - Muumimukit Rahaksi","isPartOf":{"@id":"https:\/\/muumimukitrahaksi.fi\/#website"},"primaryImageOfPage":{"@id":"https:\/\/muumimukitrahaksi.fi\/produkt\/muumi-teekannu-alkuperaa-kunnioittaen-2017-tarra\/#primaryimage"},"image":{"@id":"https:\/\/muumimukitrahaksi.fi\/produkt\/muumi-teekannu-alkuperaa-kunnioittaen-2017-tarra\/#primaryimage"},"thumbnailUrl":"https:\/\/muumimukitrahaksi.fi\/wp-content\/uploads\/2021\/03\/DSC03922.jpg","datePublished":"2018-08-09T20:25:20+00:00","description":"Arabias Mumin tekanna Trogen sitt ursprung (ur produktion). Kannan \u00e4r ny och har etiketten kvar.","breadcrumb":{"@id":"https:\/\/muumimukitrahaksi.fi\/produkt\/muumi-teekannu-alkuperaa-kunnioittaen-2017-tarra\/#breadcrumb"},"inLanguage":"sv-SE","potentialAction":[{"@type":"ReadAction","target":["https:\/\/muumimukitrahaksi.fi\/produkt\/muumi-teekannu-alkuperaa-kunnioittaen-2017-tarra\/"]}]},{"@type":"ImageObject","inLanguage":"sv-SE","@id":"https:\/\/muumimukitrahaksi.fi\/produkt\/muumi-teekannu-alkuperaa-kunnioittaen-2017-tarra\/#primaryimage","url":"https:\/\/muumimukitrahaksi.fi\/wp-content\/uploads\/2021\/03\/DSC03922.jpg","contentUrl":"https:\/\/muumimukitrahaksi.fi\/wp-content\/uploads\/2021\/03\/DSC03922.jpg","width":1000,"height":1000,"caption":"Mumin tekanna Trogen sitt ursprung"},{"@type":"BreadcrumbList","@id":"https:\/\/muumimukitrahaksi.fi\/produkt\/muumi-teekannu-alkuperaa-kunnioittaen-2017-tarra\/#breadcrumb","itemListElement":[{"@type":"ListItem","position":1,"name":"Etusivu","item":"https:\/\/muumimukitrahaksi.fi\/sv\/"},{"@type":"ListItem","position":2,"name":"Butik","item":"https:\/\/muumimukitrahaksi.fi\/sv\/butik\/"},{"@type":"ListItem","position":3,"name":"Mumin tekanna Trogen sitt ursprung (2017-2020) *ETIKETT*"}]},{"@type":"WebSite","@id":"https:\/\/muumimukitrahaksi.fi\/#website","url":"https:\/\/muumimukitrahaksi.fi\/","name":"Muumimukit Rahaksi","description":"Muumimukeja, -kulhoja ja -lautasia ker\u00e4ilij\u00f6ille!","publisher":{"@id":"https:\/\/muumimukitrahaksi.fi\/#organization"},"potentialAction":[{"@type":"SearchAction","target":{"@type":"EntryPoint","urlTemplate":"https:\/\/muumimukitrahaksi.fi\/?s={search_term_string}"},"query-input":{"@type":"PropertyValueSpecification","valueRequired":true,"valueName":"search_term_string"}}],"inLanguage":"sv-SE"},{"@type":"Organization","@id":"https:\/\/muumimukitrahaksi.fi\/#organization","name":"Muumimukit Rahaksi","url":"https:\/\/muumimukitrahaksi.fi\/","logo":{"@type":"ImageObject","inLanguage":"sv-SE","@id":"https:\/\/muumimukitrahaksi.fi\/#\/schema\/logo\/image\/","url":"https:\/\/muumimukitrahaksi.fi\/wp-content\/uploads\/2017\/09\/logooo.jpg","contentUrl":"https:\/\/muumimukitrahaksi.fi\/wp-content\/uploads\/2017\/09\/logooo.jpg","width":514,"height":514,"caption":"Muumimukit Rahaksi"},"image":{"@id":"https:\/\/muumimukitrahaksi.fi\/#\/schema\/logo\/image\/"},"sameAs":["https:\/\/www.facebook.com\/muumimukitrahaksi\/","https:\/\/x.com\/MuumitRahaksi","https:\/\/www.instagram.com\/muumimukitrahaksi\/"]}]}},"_links":{"self":[{"href":"https:\/\/muumimukitrahaksi.fi\/sv\/wp-json\/wp\/v2\/product\/106786","targetHints":{"allow":["GET"]}}],"collection":[{"href":"https:\/\/muumimukitrahaksi.fi\/sv\/wp-json\/wp\/v2\/product"}],"about":[{"href":"https:\/\/muumimukitrahaksi.fi\/sv\/wp-json\/wp\/v2\/types\/product"}],"wp:featuredmedia":[{"embeddable":true,"href":"https:\/\/muumimukitrahaksi.fi\/sv\/wp-json\/wp\/v2\/media\/106784"}],"wp:attachment":[{"href":"https:\/\/muumimukitrahaksi.fi\/sv\/wp-json\/wp\/v2\/media?parent=106786"}],"wp:term":[{"taxonomy":"product_brand","embeddable":true,"href":"https:\/\/muumimukitrahaksi.fi\/sv\/wp-json\/wp\/v2\/product_brand?post=106786"},{"taxonomy":"product_cat","embeddable":true,"href":"https:\/\/muumimukitrahaksi.fi\/sv\/wp-json\/wp\/v2\/product_cat?post=106786"},{"taxonomy":"product_tag","embeddable":true,"href":"https:\/\/muumimukitrahaksi.fi\/sv\/wp-json\/wp\/v2\/product_tag?post=106786"}],"curies":[{"name":"wp","href":"https:\/\/api.w.org\/{rel}","templated":true}]}}