{"id":106965,"date":"2021-03-12T14:36:05","date_gmt":"2021-03-12T12:36:05","guid":{"rendered":"https:\/\/muumimukitrahaksi.fi\/tuote\/mumin-minimuggar-1-klassiker-2019-ny\/"},"modified":"2024-11-26T16:15:52","modified_gmt":"2024-11-26T14:15:52","slug":"mumin-minimuggar-1-klassiker-2019-ny","status":"publish","type":"product","link":"https:\/\/muumimukitrahaksi.fi\/sv\/produkt\/mumin-minimuggar-1-klassiker-2019-ny\/","title":{"rendered":"Mumin minimuggar 1. klassiker (2019) *NY*"},"content":{"rendered":"<p style=\"text-align: center;\"><strong>\u2022 Officiell Moomin Characters\u00a0 licensinnehavare \u2022 Delbetalning\/faktura \u2022 Kvalitetsgranskade produkter<\/strong><\/p>\n<p>Mumin minimuggarna 1. klassiker \u00e4r Arabias f\u00f6rsta serie med miniatyrversioner av klassiska muggar med v\u00e4lk\u00e4nda muminfigurer. De f\u00f6rsta minimuggarna av klassikermuggarna kom ut p\u00e5 marknaden \u00e5r 2019. Den f\u00f6rsta delen av serien med klassiska minimuggar inneh\u00e5ller sex karakt\u00e4rsmuggar, som ursprungligen sl\u00e4pptes mellan \u00e5ren 1999-2002. De sex karakt\u00e4rerna som visas p\u00e5 illustrationerna av seriens sex minimuggar \u00e4r: Muminmamman, Muminpappan, Mumintrollet, Snorkfr\u00f6ken, Lilla My och Snusmumriken. Minimuggarnas volym \u00e4r 12 ml.<\/p>\n<p>Kolla in andra minimuggar <a href=\"https:\/\/muumimukitrahaksi.fi\/sv\/produkt-avdelning\/ovriga-produkter\/minimuggar\/\">h\u00e4r.<\/a><\/p>\n<p>Har du minimuggarna 1. klassiker och vill s\u00e4lja dem? Vi k\u00f6per ocks\u00e5 minimuggar. Klicka <a href=\"https:\/\/muumimukitrahaksi.fi\/en\/sell-moomin\/\">h\u00e4r<\/a>, fyll i formul\u00e4ret och f\u00e5 en offert samma dag.<\/p>\n","protected":false},"excerpt":{"rendered":"<p style=\"text-align: center;\"><strong>\u2022 H\u00f6gklassiga varor \u2022 Snabb leverans<\/strong><\/p>\n<p>Arabias minimuggar 1. klassiker. Minimuggarna 1. klassiker inneh\u00e5ller sex minimuggar med illustrationer ur klassiska muminmuggar fr\u00e5n \u00e5ren 1999-2002. Muggarna \u00e4r nya och kommer i den ursprungliga f\u00f6rpackningen. Produkterna packas med omsorg och f\u00f6rnybara material.<\/p>\n<p style=\"text-align: center;\"><strong>\u2022 S\u00e4kra betalningss\u00e4tt<\/strong><\/p>\n<p><img loading=\"lazy\" decoding=\"async\" class=\"aligncenter wp-image-20415 size-full\" src=\"https:\/\/muumimukitrahaksi.fi\/wp-content\/uploads\/2020\/06\/maksutavat-2026-pieni-eng.png\" alt=\"Payment options\" width=\"350\" height=\"200\" \/><\/p>\n","protected":false},"featured_media":106966,"template":"","meta":[],"product_brand":[],"product_cat":[555,548],"product_tag":[646],"class_list":{"0":"post-106965","1":"product","2":"type-product","3":"status-publish","4":"has-post-thumbnail","6":"product_cat-minimuggar","7":"product_cat-ovriga-produkter","8":"product_tag-minimugg","10":"first","11":"instock","12":"taxable","13":"shipping-taxable","14":"purchasable","15":"product-type-simple"},"yoast_head":"<!-- This site is optimized with the Yoast SEO plugin v27.1.1 - https:\/\/yoast.com\/product\/yoast-seo-wordpress\/ -->\n<title>Mumin minimuggar 1. klassiker (2019) *NY* - Muumimukit Rahaksi<\/title>\n<meta name=\"description\" content=\"Arabias minimuggar 1. klassiker. Minimuggarna 1. klassiker inneh\u00e5ller sex minimuggar med illustrationer ur klassiska muminmuggar fr\u00e5n \u00e5ren 1999-2002.\" \/>\n<meta name=\"robots\" content=\"index, follow, max-snippet:-1, max-image-preview:large, max-video-preview:-1\" \/>\n<link rel=\"canonical\" href=\"https:\/\/muumimukitrahaksi.fi\/produkt\/muumit-minimukisetti-1-klassikot\/\" \/>\n<meta property=\"og:locale\" content=\"sv_SE\" \/>\n<meta property=\"og:type\" content=\"article\" \/>\n<meta property=\"og:title\" content=\"Mumin minimuggar 1. klassiker (2019) *NY* - Muumimukit Rahaksi\" \/>\n<meta property=\"og:description\" content=\"Arabias minimuggar 1. klassiker. Minimuggarna 1. klassiker inneh\u00e5ller sex minimuggar med illustrationer ur klassiska muminmuggar fr\u00e5n \u00e5ren 1999-2002.\" \/>\n<meta property=\"og:url\" content=\"https:\/\/muumimukitrahaksi.fi\/produkt\/muumit-minimukisetti-1-klassikot\/\" \/>\n<meta property=\"og:site_name\" content=\"Muumimukit Rahaksi\" \/>\n<meta property=\"article:publisher\" content=\"https:\/\/www.facebook.com\/muumimukitrahaksi\/\" \/>\n<meta property=\"article:modified_time\" content=\"2024-11-26T14:15:52+00:00\" \/>\n<meta property=\"og:image\" content=\"https:\/\/muumimukitrahaksi.fi\/wp-content\/uploads\/2021\/03\/DSC03988.jpg\" \/>\n\t<meta property=\"og:image:width\" content=\"1000\" \/>\n\t<meta property=\"og:image:height\" content=\"1000\" \/>\n\t<meta property=\"og:image:type\" content=\"image\/jpeg\" \/>\n<meta name=\"twitter:card\" content=\"summary_large_image\" \/>\n<meta name=\"twitter:site\" content=\"@MuumitRahaksi\" \/>\n<meta name=\"twitter:label1\" content=\"Ber\u00e4knad l\u00e4stid\" \/>\n\t<meta name=\"twitter:data1\" content=\"1 minut\" \/>\n<script type=\"application\/ld+json\" class=\"yoast-schema-graph\">{\"@context\":\"https:\/\/schema.org\",\"@graph\":[{\"@type\":\"WebPage\",\"@id\":\"https:\/\/muumimukitrahaksi.fi\/produkt\/muumit-minimukisetti-1-klassikot\/\",\"url\":\"https:\/\/muumimukitrahaksi.fi\/produkt\/muumit-minimukisetti-1-klassikot\/\",\"name\":\"Mumin minimuggar 1. klassiker (2019) *NY* - Muumimukit Rahaksi\",\"isPartOf\":{\"@id\":\"https:\/\/muumimukitrahaksi.fi\/#website\"},\"primaryImageOfPage\":{\"@id\":\"https:\/\/muumimukitrahaksi.fi\/produkt\/muumit-minimukisetti-1-klassikot\/#primaryimage\"},\"image\":{\"@id\":\"https:\/\/muumimukitrahaksi.fi\/produkt\/muumit-minimukisetti-1-klassikot\/#primaryimage\"},\"thumbnailUrl\":\"https:\/\/muumimukitrahaksi.fi\/wp-content\/uploads\/2021\/03\/DSC03988.jpg\",\"datePublished\":\"2021-03-12T12:36:05+00:00\",\"dateModified\":\"2024-11-26T14:15:52+00:00\",\"description\":\"Arabias minimuggar 1. klassiker. Minimuggarna 1. klassiker inneh\u00e5ller sex minimuggar med illustrationer ur klassiska muminmuggar fr\u00e5n \u00e5ren 1999-2002.\",\"breadcrumb\":{\"@id\":\"https:\/\/muumimukitrahaksi.fi\/produkt\/muumit-minimukisetti-1-klassikot\/#breadcrumb\"},\"inLanguage\":\"sv-SE\",\"potentialAction\":[{\"@type\":\"ReadAction\",\"target\":[\"https:\/\/muumimukitrahaksi.fi\/produkt\/muumit-minimukisetti-1-klassikot\/\"]}]},{\"@type\":\"ImageObject\",\"inLanguage\":\"sv-SE\",\"@id\":\"https:\/\/muumimukitrahaksi.fi\/produkt\/muumit-minimukisetti-1-klassikot\/#primaryimage\",\"url\":\"https:\/\/muumimukitrahaksi.fi\/wp-content\/uploads\/2021\/03\/DSC03988.jpg\",\"contentUrl\":\"https:\/\/muumimukitrahaksi.fi\/wp-content\/uploads\/2021\/03\/DSC03988.jpg\",\"width\":1000,\"height\":1000,\"caption\":\"Mumin minimuggar 1. klassiker\"},{\"@type\":\"BreadcrumbList\",\"@id\":\"https:\/\/muumimukitrahaksi.fi\/produkt\/muumit-minimukisetti-1-klassikot\/#breadcrumb\",\"itemListElement\":[{\"@type\":\"ListItem\",\"position\":1,\"name\":\"Etusivu\",\"item\":\"https:\/\/muumimukitrahaksi.fi\/sv\/\"},{\"@type\":\"ListItem\",\"position\":2,\"name\":\"Butik\",\"item\":\"https:\/\/muumimukitrahaksi.fi\/sv\/butik\/\"},{\"@type\":\"ListItem\",\"position\":3,\"name\":\"Mumin minimuggar 1. klassiker (2019) *NY*\"}]},{\"@type\":\"WebSite\",\"@id\":\"https:\/\/muumimukitrahaksi.fi\/#website\",\"url\":\"https:\/\/muumimukitrahaksi.fi\/\",\"name\":\"Muumimukit Rahaksi\",\"description\":\"Muumimukeja, -kulhoja ja -lautasia ker\u00e4ilij\u00f6ille!\",\"publisher\":{\"@id\":\"https:\/\/muumimukitrahaksi.fi\/#organization\"},\"potentialAction\":[{\"@type\":\"SearchAction\",\"target\":{\"@type\":\"EntryPoint\",\"urlTemplate\":\"https:\/\/muumimukitrahaksi.fi\/?s={search_term_string}\"},\"query-input\":{\"@type\":\"PropertyValueSpecification\",\"valueRequired\":true,\"valueName\":\"search_term_string\"}}],\"inLanguage\":\"sv-SE\"},{\"@type\":\"Organization\",\"@id\":\"https:\/\/muumimukitrahaksi.fi\/#organization\",\"name\":\"Muumimukit Rahaksi\",\"url\":\"https:\/\/muumimukitrahaksi.fi\/\",\"logo\":{\"@type\":\"ImageObject\",\"inLanguage\":\"sv-SE\",\"@id\":\"https:\/\/muumimukitrahaksi.fi\/#\/schema\/logo\/image\/\",\"url\":\"https:\/\/muumimukitrahaksi.fi\/wp-content\/uploads\/2017\/09\/logooo.jpg\",\"contentUrl\":\"https:\/\/muumimukitrahaksi.fi\/wp-content\/uploads\/2017\/09\/logooo.jpg\",\"width\":514,\"height\":514,\"caption\":\"Muumimukit Rahaksi\"},\"image\":{\"@id\":\"https:\/\/muumimukitrahaksi.fi\/#\/schema\/logo\/image\/\"},\"sameAs\":[\"https:\/\/www.facebook.com\/muumimukitrahaksi\/\",\"https:\/\/x.com\/MuumitRahaksi\",\"https:\/\/www.instagram.com\/muumimukitrahaksi\/\"]}]}<\/script>\n<!-- \/ Yoast SEO plugin. -->","yoast_head_json":{"title":"Mumin minimuggar 1. klassiker (2019) *NY* - Muumimukit Rahaksi","description":"Arabias minimuggar 1. klassiker. Minimuggarna 1. klassiker inneh\u00e5ller sex minimuggar med illustrationer ur klassiska muminmuggar fr\u00e5n \u00e5ren 1999-2002.","robots":{"index":"index","follow":"follow","max-snippet":"max-snippet:-1","max-image-preview":"max-image-preview:large","max-video-preview":"max-video-preview:-1"},"canonical":"https:\/\/muumimukitrahaksi.fi\/produkt\/muumit-minimukisetti-1-klassikot\/","og_locale":"sv_SE","og_type":"article","og_title":"Mumin minimuggar 1. klassiker (2019) *NY* - Muumimukit Rahaksi","og_description":"Arabias minimuggar 1. klassiker. Minimuggarna 1. klassiker inneh\u00e5ller sex minimuggar med illustrationer ur klassiska muminmuggar fr\u00e5n \u00e5ren 1999-2002.","og_url":"https:\/\/muumimukitrahaksi.fi\/produkt\/muumit-minimukisetti-1-klassikot\/","og_site_name":"Muumimukit Rahaksi","article_publisher":"https:\/\/www.facebook.com\/muumimukitrahaksi\/","article_modified_time":"2024-11-26T14:15:52+00:00","og_image":[{"width":1000,"height":1000,"url":"https:\/\/muumimukitrahaksi.fi\/wp-content\/uploads\/2021\/03\/DSC03988.jpg","type":"image\/jpeg"}],"twitter_card":"summary_large_image","twitter_site":"@MuumitRahaksi","twitter_misc":{"Ber\u00e4knad l\u00e4stid":"1 minut"},"schema":{"@context":"https:\/\/schema.org","@graph":[{"@type":"WebPage","@id":"https:\/\/muumimukitrahaksi.fi\/produkt\/muumit-minimukisetti-1-klassikot\/","url":"https:\/\/muumimukitrahaksi.fi\/produkt\/muumit-minimukisetti-1-klassikot\/","name":"Mumin minimuggar 1. klassiker (2019) *NY* - Muumimukit Rahaksi","isPartOf":{"@id":"https:\/\/muumimukitrahaksi.fi\/#website"},"primaryImageOfPage":{"@id":"https:\/\/muumimukitrahaksi.fi\/produkt\/muumit-minimukisetti-1-klassikot\/#primaryimage"},"image":{"@id":"https:\/\/muumimukitrahaksi.fi\/produkt\/muumit-minimukisetti-1-klassikot\/#primaryimage"},"thumbnailUrl":"https:\/\/muumimukitrahaksi.fi\/wp-content\/uploads\/2021\/03\/DSC03988.jpg","datePublished":"2021-03-12T12:36:05+00:00","dateModified":"2024-11-26T14:15:52+00:00","description":"Arabias minimuggar 1. klassiker. Minimuggarna 1. klassiker inneh\u00e5ller sex minimuggar med illustrationer ur klassiska muminmuggar fr\u00e5n \u00e5ren 1999-2002.","breadcrumb":{"@id":"https:\/\/muumimukitrahaksi.fi\/produkt\/muumit-minimukisetti-1-klassikot\/#breadcrumb"},"inLanguage":"sv-SE","potentialAction":[{"@type":"ReadAction","target":["https:\/\/muumimukitrahaksi.fi\/produkt\/muumit-minimukisetti-1-klassikot\/"]}]},{"@type":"ImageObject","inLanguage":"sv-SE","@id":"https:\/\/muumimukitrahaksi.fi\/produkt\/muumit-minimukisetti-1-klassikot\/#primaryimage","url":"https:\/\/muumimukitrahaksi.fi\/wp-content\/uploads\/2021\/03\/DSC03988.jpg","contentUrl":"https:\/\/muumimukitrahaksi.fi\/wp-content\/uploads\/2021\/03\/DSC03988.jpg","width":1000,"height":1000,"caption":"Mumin minimuggar 1. klassiker"},{"@type":"BreadcrumbList","@id":"https:\/\/muumimukitrahaksi.fi\/produkt\/muumit-minimukisetti-1-klassikot\/#breadcrumb","itemListElement":[{"@type":"ListItem","position":1,"name":"Etusivu","item":"https:\/\/muumimukitrahaksi.fi\/sv\/"},{"@type":"ListItem","position":2,"name":"Butik","item":"https:\/\/muumimukitrahaksi.fi\/sv\/butik\/"},{"@type":"ListItem","position":3,"name":"Mumin minimuggar 1. klassiker (2019) *NY*"}]},{"@type":"WebSite","@id":"https:\/\/muumimukitrahaksi.fi\/#website","url":"https:\/\/muumimukitrahaksi.fi\/","name":"Muumimukit Rahaksi","description":"Muumimukeja, -kulhoja ja -lautasia ker\u00e4ilij\u00f6ille!","publisher":{"@id":"https:\/\/muumimukitrahaksi.fi\/#organization"},"potentialAction":[{"@type":"SearchAction","target":{"@type":"EntryPoint","urlTemplate":"https:\/\/muumimukitrahaksi.fi\/?s={search_term_string}"},"query-input":{"@type":"PropertyValueSpecification","valueRequired":true,"valueName":"search_term_string"}}],"inLanguage":"sv-SE"},{"@type":"Organization","@id":"https:\/\/muumimukitrahaksi.fi\/#organization","name":"Muumimukit Rahaksi","url":"https:\/\/muumimukitrahaksi.fi\/","logo":{"@type":"ImageObject","inLanguage":"sv-SE","@id":"https:\/\/muumimukitrahaksi.fi\/#\/schema\/logo\/image\/","url":"https:\/\/muumimukitrahaksi.fi\/wp-content\/uploads\/2017\/09\/logooo.jpg","contentUrl":"https:\/\/muumimukitrahaksi.fi\/wp-content\/uploads\/2017\/09\/logooo.jpg","width":514,"height":514,"caption":"Muumimukit Rahaksi"},"image":{"@id":"https:\/\/muumimukitrahaksi.fi\/#\/schema\/logo\/image\/"},"sameAs":["https:\/\/www.facebook.com\/muumimukitrahaksi\/","https:\/\/x.com\/MuumitRahaksi","https:\/\/www.instagram.com\/muumimukitrahaksi\/"]}]}},"_links":{"self":[{"href":"https:\/\/muumimukitrahaksi.fi\/sv\/wp-json\/wp\/v2\/product\/106965","targetHints":{"allow":["GET"]}}],"collection":[{"href":"https:\/\/muumimukitrahaksi.fi\/sv\/wp-json\/wp\/v2\/product"}],"about":[{"href":"https:\/\/muumimukitrahaksi.fi\/sv\/wp-json\/wp\/v2\/types\/product"}],"wp:featuredmedia":[{"embeddable":true,"href":"https:\/\/muumimukitrahaksi.fi\/sv\/wp-json\/wp\/v2\/media\/106966"}],"wp:attachment":[{"href":"https:\/\/muumimukitrahaksi.fi\/sv\/wp-json\/wp\/v2\/media?parent=106965"}],"wp:term":[{"taxonomy":"product_brand","embeddable":true,"href":"https:\/\/muumimukitrahaksi.fi\/sv\/wp-json\/wp\/v2\/product_brand?post=106965"},{"taxonomy":"product_cat","embeddable":true,"href":"https:\/\/muumimukitrahaksi.fi\/sv\/wp-json\/wp\/v2\/product_cat?post=106965"},{"taxonomy":"product_tag","embeddable":true,"href":"https:\/\/muumimukitrahaksi.fi\/sv\/wp-json\/wp\/v2\/product_tag?post=106965"}],"curies":[{"name":"wp","href":"https:\/\/api.w.org\/{rel}","templated":true}]}}